{"id":101339,"date":"2024-06-17T15:57:46","date_gmt":"2024-06-17T13:57:46","guid":{"rendered":"https:\/\/letrame.com\/catalogo\/?post_type=product&#038;p=101339"},"modified":"2024-07-03T12:42:07","modified_gmt":"2024-07-03T10:42:07","slug":"saber-morir","status":"publish","type":"product","link":"https:\/\/letrame.com\/catalogo\/producto\/saber-morir\/","title":{"rendered":"Saber morir"},"content":{"rendered":"<p>ISBN:\u00a0978-84-1068-606-9<br \/>\nT\u00edtulo:\u2028Saber morir<br \/>\nFecha:\u20282024<br \/>\nP\u00e1ginas:\u00a0320<br \/>\nSINOPSIS<\/p>\n<p>Aunque los datos y los personajes fundamentales de los que se parte son ciertos, lo que se cuenta es en gran parte ficci\u00f3n. Los hechos suceden desde aproximadamente 1917 hasta pr\u00e1cticamente la actualidad.<br \/>\nLa novela recrea la vida en Madrid de una familia con un hijo y dos hijas que tiene que dejar atr\u00e1s su vida en la capital, la familia y los recuerdos de una hija y un hijo muertos. Del barrio del Pac\u00edfico en el Madrid de la Segunda Rep\u00fablica se marchan a vivir a un pueblo aragon\u00e9s. En 1934 la MZA, compa\u00f1\u00eda de ferrocarriles donde trabaja el cabeza de familia como factor de circulaci\u00f3n, lo destina a la estaci\u00f3n de tren de Ariza.<br \/>\nEl padre acaba siendo concejal del Ayuntamiento en 1936 y sufren la Guerra Civil.<br \/>\nLa historia familiar se cierra con el destino de cada uno de los miembros que sobrevivieron a la guerra.<br \/>\nLo contado queda englobado en las reflexiones de un narrador que se sit\u00faa a distancias variables respecto a los hechos y a los personajes.<\/p>\n","protected":false},"excerpt":{"rendered":"<p>ISBN:\u00a0978-84-1068-606-9<\/p>\n<p>SINOPSIS<\/p>\n<p>Aunque los datos y los personajes fundamentales de los que se parte son ciertos, lo que se cuenta es en gran parte ficci\u00f3n. Los hechos suceden desde aproximadamente 1917 hasta pr\u00e1cticamente la actualidad.<br \/>\nLa novela recrea la vida en Madrid de una familia con un hijo y dos hijas que tiene que dejar atr\u00e1s su vida en la capital, la familia y los recuerdos de una hija y un hijo muertos. Del barrio del Pac\u00edfico en el Madrid de la Segunda Rep\u00fablica se marchan a vivir a un pueblo aragon\u00e9s. En 1934 la MZA, compa\u00f1\u00eda de ferrocarriles donde trabaja el cabeza de familia como factor de circulaci\u00f3n, lo destina a la estaci\u00f3n de tren de Ariza.<br \/>\nEl padre acaba siendo concejal del Ayuntamiento en 1936 y sufren la Guerra Civil.<br \/>\nLa historia familiar se cierra con el destino de cada uno de los miembros que sobrevivieron a la guerra.<br \/>\nLo contado queda englobado en las reflexiones de un narrador que se sit\u00faa a distancias variables respecto a los hechos y a los personajes.<\/p>\n","protected":false},"featured_media":101344,"comment_status":"open","ping_status":"closed","template":"","meta":{"_acf_changed":false},"libro":[],"product_brand":[],"product_cat":[47],"product_tag":[],"class_list":{"0":"post-101339","1":"product","2":"type-product","3":"status-publish","4":"has-post-thumbnail","6":"product_cat-ciencia-ficcion-misterio","8":"first","9":"instock","10":"shipping-taxable","11":"product-type-simple"},"acf":{"autor":[101341],"enlace_de_compra":"https:\/\/amzn.to\/3L7isE3"},"yoast_head":"<!-- This site is optimized with the Yoast SEO plugin v27.4 - https:\/\/yoast.com\/product\/yoast-seo-wordpress\/ -->\n<title>Saber morir - Catalogo | Letrame Grupo Editorial<\/title>\n<meta name=\"robots\" content=\"index, follow, max-snippet:-1, max-image-preview:large, max-video-preview:-1\" \/>\n<link rel=\"canonical\" href=\"https:\/\/letrame.com\/catalogo\/producto\/saber-morir\/\" \/>\n<meta property=\"og:locale\" content=\"es_ES\" \/>\n<meta property=\"og:type\" content=\"article\" \/>\n<meta property=\"og:title\" content=\"Saber morir - Catalogo | Letrame Grupo Editorial\" \/>\n<meta property=\"og:description\" content=\"ISBN:\u00a0978-84-1068-606-9  SINOPSIS  Aunque los datos y los personajes fundamentales de los que se parte son ciertos, lo que se cuenta es en gran parte ficci\u00f3n. Los hechos suceden desde aproximadamente 1917 hasta pr\u00e1cticamente la actualidad. La novela recrea la vida en Madrid de una familia con un hijo y dos hijas que tiene que dejar atr\u00e1s su vida en la capital, la familia y los recuerdos de una hija y un hijo muertos. Del barrio del Pac\u00edfico en el Madrid de la Segunda Rep\u00fablica se marchan a vivir a un pueblo aragon\u00e9s. En 1934 la MZA, compa\u00f1\u00eda de ferrocarriles donde trabaja el cabeza de familia como factor de circulaci\u00f3n, lo destina a la estaci\u00f3n de tren de Ariza. El padre acaba siendo concejal del Ayuntamiento en 1936 y sufren la Guerra Civil. La historia familiar se cierra con el destino de cada uno de los miembros que sobrevivieron a la guerra. Lo contado queda englobado en las reflexiones de un narrador que se sit\u00faa a distancias variables respecto a los hechos y a los personajes.\" \/>\n<meta property=\"og:url\" content=\"https:\/\/letrame.com\/catalogo\/producto\/saber-morir\/\" \/>\n<meta property=\"og:site_name\" content=\"Catalogo | Letrame Grupo Editorial\" \/>\n<meta property=\"article:modified_time\" content=\"2024-07-03T10:42:07+00:00\" \/>\n<meta property=\"og:image\" content=\"https:\/\/letrame.com\/catalogo\/wp-content\/uploads\/2024\/06\/sabermorir_4-compressed.jpg\" \/>\n\t<meta property=\"og:image:width\" content=\"1772\" \/>\n\t<meta property=\"og:image:height\" content=\"2480\" \/>\n\t<meta property=\"og:image:type\" content=\"image\/jpeg\" \/>\n<meta name=\"twitter:card\" content=\"summary_large_image\" \/>\n<meta name=\"twitter:label1\" content=\"Tiempo de lectura\" \/>\n\t<meta name=\"twitter:data1\" content=\"2 minutos\" \/>\n<script type=\"application\/ld+json\" class=\"yoast-schema-graph\">{\"@context\":\"https:\\\/\\\/schema.org\",\"@graph\":[{\"@type\":\"WebPage\",\"@id\":\"https:\\\/\\\/letrame.com\\\/catalogo\\\/producto\\\/saber-morir\\\/\",\"url\":\"https:\\\/\\\/letrame.com\\\/catalogo\\\/producto\\\/saber-morir\\\/\",\"name\":\"Saber morir - Catalogo | Letrame Grupo Editorial\",\"isPartOf\":{\"@id\":\"https:\\\/\\\/letrame.com\\\/catalogo\\\/#website\"},\"primaryImageOfPage\":{\"@id\":\"https:\\\/\\\/letrame.com\\\/catalogo\\\/producto\\\/saber-morir\\\/#primaryimage\"},\"image\":{\"@id\":\"https:\\\/\\\/letrame.com\\\/catalogo\\\/producto\\\/saber-morir\\\/#primaryimage\"},\"thumbnailUrl\":\"https:\\\/\\\/letrame.com\\\/catalogo\\\/wp-content\\\/uploads\\\/2024\\\/06\\\/sabermorir_4-compressed.jpg\",\"datePublished\":\"2024-06-17T13:57:46+00:00\",\"dateModified\":\"2024-07-03T10:42:07+00:00\",\"breadcrumb\":{\"@id\":\"https:\\\/\\\/letrame.com\\\/catalogo\\\/producto\\\/saber-morir\\\/#breadcrumb\"},\"inLanguage\":\"es\",\"potentialAction\":[{\"@type\":\"ReadAction\",\"target\":[\"https:\\\/\\\/letrame.com\\\/catalogo\\\/producto\\\/saber-morir\\\/\"]}]},{\"@type\":\"ImageObject\",\"inLanguage\":\"es\",\"@id\":\"https:\\\/\\\/letrame.com\\\/catalogo\\\/producto\\\/saber-morir\\\/#primaryimage\",\"url\":\"https:\\\/\\\/letrame.com\\\/catalogo\\\/wp-content\\\/uploads\\\/2024\\\/06\\\/sabermorir_4-compressed.jpg\",\"contentUrl\":\"https:\\\/\\\/letrame.com\\\/catalogo\\\/wp-content\\\/uploads\\\/2024\\\/06\\\/sabermorir_4-compressed.jpg\",\"width\":1772,\"height\":2480},{\"@type\":\"BreadcrumbList\",\"@id\":\"https:\\\/\\\/letrame.com\\\/catalogo\\\/producto\\\/saber-morir\\\/#breadcrumb\",\"itemListElement\":[{\"@type\":\"ListItem\",\"position\":1,\"name\":\"Portada\",\"item\":\"https:\\\/\\\/letrame.com\\\/catalogo\\\/\"},{\"@type\":\"ListItem\",\"position\":2,\"name\":\"Cat\u00e1logo\",\"item\":\"https:\\\/\\\/letrame.com\\\/catalogo\\\/\"},{\"@type\":\"ListItem\",\"position\":3,\"name\":\"Saber morir\"}]},{\"@type\":\"WebSite\",\"@id\":\"https:\\\/\\\/letrame.com\\\/catalogo\\\/#website\",\"url\":\"https:\\\/\\\/letrame.com\\\/catalogo\\\/\",\"name\":\"Catalogo | Letrame Grupo Editorial\",\"description\":\"\",\"publisher\":{\"@id\":\"https:\\\/\\\/letrame.com\\\/catalogo\\\/#organization\"},\"potentialAction\":[{\"@type\":\"SearchAction\",\"target\":{\"@type\":\"EntryPoint\",\"urlTemplate\":\"https:\\\/\\\/letrame.com\\\/catalogo\\\/?s={search_term_string}\"},\"query-input\":{\"@type\":\"PropertyValueSpecification\",\"valueRequired\":true,\"valueName\":\"search_term_string\"}}],\"inLanguage\":\"es\"},{\"@type\":\"Organization\",\"@id\":\"https:\\\/\\\/letrame.com\\\/catalogo\\\/#organization\",\"name\":\"Catalogo | Letrame Grupo Editorial\",\"url\":\"https:\\\/\\\/letrame.com\\\/catalogo\\\/\",\"logo\":{\"@type\":\"ImageObject\",\"inLanguage\":\"es\",\"@id\":\"https:\\\/\\\/letrame.com\\\/catalogo\\\/#\\\/schema\\\/logo\\\/image\\\/\",\"url\":\"https:\\\/\\\/letrame.com\\\/catalogo\\\/wp-content\\\/uploads\\\/2024\\\/03\\\/logo2.webp\",\"contentUrl\":\"https:\\\/\\\/letrame.com\\\/catalogo\\\/wp-content\\\/uploads\\\/2024\\\/03\\\/logo2.webp\",\"width\":394,\"height\":128,\"caption\":\"Catalogo | Letrame Grupo Editorial\"},\"image\":{\"@id\":\"https:\\\/\\\/letrame.com\\\/catalogo\\\/#\\\/schema\\\/logo\\\/image\\\/\"}}]}<\/script>\n<!-- \/ Yoast SEO plugin. -->","yoast_head_json":{"title":"Saber morir - Catalogo | Letrame Grupo Editorial","robots":{"index":"index","follow":"follow","max-snippet":"max-snippet:-1","max-image-preview":"max-image-preview:large","max-video-preview":"max-video-preview:-1"},"canonical":"https:\/\/letrame.com\/catalogo\/producto\/saber-morir\/","og_locale":"es_ES","og_type":"article","og_title":"Saber morir - Catalogo | Letrame Grupo Editorial","og_description":"ISBN:\u00a0978-84-1068-606-9  SINOPSIS  Aunque los datos y los personajes fundamentales de los que se parte son ciertos, lo que se cuenta es en gran parte ficci\u00f3n. Los hechos suceden desde aproximadamente 1917 hasta pr\u00e1cticamente la actualidad. La novela recrea la vida en Madrid de una familia con un hijo y dos hijas que tiene que dejar atr\u00e1s su vida en la capital, la familia y los recuerdos de una hija y un hijo muertos. Del barrio del Pac\u00edfico en el Madrid de la Segunda Rep\u00fablica se marchan a vivir a un pueblo aragon\u00e9s. En 1934 la MZA, compa\u00f1\u00eda de ferrocarriles donde trabaja el cabeza de familia como factor de circulaci\u00f3n, lo destina a la estaci\u00f3n de tren de Ariza. El padre acaba siendo concejal del Ayuntamiento en 1936 y sufren la Guerra Civil. La historia familiar se cierra con el destino de cada uno de los miembros que sobrevivieron a la guerra. Lo contado queda englobado en las reflexiones de un narrador que se sit\u00faa a distancias variables respecto a los hechos y a los personajes.","og_url":"https:\/\/letrame.com\/catalogo\/producto\/saber-morir\/","og_site_name":"Catalogo | Letrame Grupo Editorial","article_modified_time":"2024-07-03T10:42:07+00:00","og_image":[{"width":1772,"height":2480,"url":"https:\/\/letrame.com\/catalogo\/wp-content\/uploads\/2024\/06\/sabermorir_4-compressed.jpg","type":"image\/jpeg"}],"twitter_card":"summary_large_image","twitter_misc":{"Tiempo de lectura":"2 minutos"},"schema":{"@context":"https:\/\/schema.org","@graph":[{"@type":"WebPage","@id":"https:\/\/letrame.com\/catalogo\/producto\/saber-morir\/","url":"https:\/\/letrame.com\/catalogo\/producto\/saber-morir\/","name":"Saber morir - Catalogo | Letrame Grupo Editorial","isPartOf":{"@id":"https:\/\/letrame.com\/catalogo\/#website"},"primaryImageOfPage":{"@id":"https:\/\/letrame.com\/catalogo\/producto\/saber-morir\/#primaryimage"},"image":{"@id":"https:\/\/letrame.com\/catalogo\/producto\/saber-morir\/#primaryimage"},"thumbnailUrl":"https:\/\/letrame.com\/catalogo\/wp-content\/uploads\/2024\/06\/sabermorir_4-compressed.jpg","datePublished":"2024-06-17T13:57:46+00:00","dateModified":"2024-07-03T10:42:07+00:00","breadcrumb":{"@id":"https:\/\/letrame.com\/catalogo\/producto\/saber-morir\/#breadcrumb"},"inLanguage":"es","potentialAction":[{"@type":"ReadAction","target":["https:\/\/letrame.com\/catalogo\/producto\/saber-morir\/"]}]},{"@type":"ImageObject","inLanguage":"es","@id":"https:\/\/letrame.com\/catalogo\/producto\/saber-morir\/#primaryimage","url":"https:\/\/letrame.com\/catalogo\/wp-content\/uploads\/2024\/06\/sabermorir_4-compressed.jpg","contentUrl":"https:\/\/letrame.com\/catalogo\/wp-content\/uploads\/2024\/06\/sabermorir_4-compressed.jpg","width":1772,"height":2480},{"@type":"BreadcrumbList","@id":"https:\/\/letrame.com\/catalogo\/producto\/saber-morir\/#breadcrumb","itemListElement":[{"@type":"ListItem","position":1,"name":"Portada","item":"https:\/\/letrame.com\/catalogo\/"},{"@type":"ListItem","position":2,"name":"Cat\u00e1logo","item":"https:\/\/letrame.com\/catalogo\/"},{"@type":"ListItem","position":3,"name":"Saber morir"}]},{"@type":"WebSite","@id":"https:\/\/letrame.com\/catalogo\/#website","url":"https:\/\/letrame.com\/catalogo\/","name":"Catalogo | Letrame Grupo Editorial","description":"","publisher":{"@id":"https:\/\/letrame.com\/catalogo\/#organization"},"potentialAction":[{"@type":"SearchAction","target":{"@type":"EntryPoint","urlTemplate":"https:\/\/letrame.com\/catalogo\/?s={search_term_string}"},"query-input":{"@type":"PropertyValueSpecification","valueRequired":true,"valueName":"search_term_string"}}],"inLanguage":"es"},{"@type":"Organization","@id":"https:\/\/letrame.com\/catalogo\/#organization","name":"Catalogo | Letrame Grupo Editorial","url":"https:\/\/letrame.com\/catalogo\/","logo":{"@type":"ImageObject","inLanguage":"es","@id":"https:\/\/letrame.com\/catalogo\/#\/schema\/logo\/image\/","url":"https:\/\/letrame.com\/catalogo\/wp-content\/uploads\/2024\/03\/logo2.webp","contentUrl":"https:\/\/letrame.com\/catalogo\/wp-content\/uploads\/2024\/03\/logo2.webp","width":394,"height":128,"caption":"Catalogo | Letrame Grupo Editorial"},"image":{"@id":"https:\/\/letrame.com\/catalogo\/#\/schema\/logo\/image\/"}}]}},"_links":{"self":[{"href":"https:\/\/letrame.com\/catalogo\/wp-json\/wp\/v2\/product\/101339","targetHints":{"allow":["GET"]}}],"collection":[{"href":"https:\/\/letrame.com\/catalogo\/wp-json\/wp\/v2\/product"}],"about":[{"href":"https:\/\/letrame.com\/catalogo\/wp-json\/wp\/v2\/types\/product"}],"replies":[{"embeddable":true,"href":"https:\/\/letrame.com\/catalogo\/wp-json\/wp\/v2\/comments?post=101339"}],"acf:post":[{"embeddable":true,"href":"https:\/\/letrame.com\/catalogo\/wp-json\/wp\/v2\/author_book\/101341"}],"wp:featuredmedia":[{"embeddable":true,"href":"https:\/\/letrame.com\/catalogo\/wp-json\/wp\/v2\/media\/101344"}],"wp:attachment":[{"href":"https:\/\/letrame.com\/catalogo\/wp-json\/wp\/v2\/media?parent=101339"}],"wp:term":[{"taxonomy":"libro","embeddable":true,"href":"https:\/\/letrame.com\/catalogo\/wp-json\/wp\/v2\/libro?post=101339"},{"taxonomy":"product_brand","embeddable":true,"href":"https:\/\/letrame.com\/catalogo\/wp-json\/wp\/v2\/product_brand?post=101339"},{"taxonomy":"product_cat","embeddable":true,"href":"https:\/\/letrame.com\/catalogo\/wp-json\/wp\/v2\/product_cat?post=101339"},{"taxonomy":"product_tag","embeddable":true,"href":"https:\/\/letrame.com\/catalogo\/wp-json\/wp\/v2\/product_tag?post=101339"}],"curies":[{"name":"wp","href":"https:\/\/api.w.org\/{rel}","templated":true}]}}