{"id":101317,"date":"2024-06-12T16:44:14","date_gmt":"2024-06-12T14:44:14","guid":{"rendered":"https:\/\/letrame.com\/catalogo\/?post_type=product&#038;p=101317"},"modified":"2024-06-12T16:45:20","modified_gmt":"2024-06-12T14:45:20","slug":"trascendencia-y-libertad","status":"publish","type":"product","link":"https:\/\/letrame.com\/catalogo\/producto\/trascendencia-y-libertad\/","title":{"rendered":"Trascendencia y libertad"},"content":{"rendered":"<p>ISBN:\u00a0978-84-1068-394-5<br \/>\nT\u00edtulo:\u2028Trascendencia y libertad<br \/>\nFecha:\u20282024<br \/>\nP\u00e1ginas:\u00a0100<br \/>\nSINOPSIS<\/p>\n<p>Con una prosa perspicaz y accesible, Trascendencia y Libertad nos invita, como lectores, a reflexionar sobre el poder transformador del conocimiento, la fe y la b\u00fasqueda de un prop\u00f3sito m\u00e1s elevado en la era posmoderna. Asienta, para ello, dos pilares fundamentales: la raz\u00f3n y la educaci\u00f3n, valores que han de ser constantes en un mundo marcado por el cambio.<br \/>\n\u00bfPuede la educaci\u00f3n ser la llave que nos libere de las cadenas de la ignorancia y el temor? \u00bfEs la religi\u00f3n relevante en nuestros d\u00edas?, \u00bfla consideramos una fuerza estabilizadora en tiempos turbulentos?, \u00bfo un simple refugio para aquellos que buscan respuestas f\u00e1ciles? Carta\u00f1\u00e0 Pons modera el debate. <\/p>\n","protected":false},"excerpt":{"rendered":"<p>ISBN:\u00a0978-84-1068-394-5<\/p>\n<p>SINOPSIS<\/p>\n<p>Con una prosa perspicaz y accesible, Trascendencia y Libertad nos invita, como lectores, a reflexionar sobre el poder transformador del conocimiento, la fe y la b\u00fasqueda de un prop\u00f3sito m\u00e1s elevado en la era posmoderna. Asienta, para ello, dos pilares fundamentales: la raz\u00f3n y la educaci\u00f3n, valores que han de ser constantes en un mundo marcado por el cambio.<br \/>\n\u00bfPuede la educaci\u00f3n ser la llave que nos libere de las cadenas de la ignorancia y el temor? \u00bfEs la religi\u00f3n relevante en nuestros d\u00edas?, \u00bfla consideramos una fuerza estabilizadora en tiempos turbulentos?, \u00bfo un simple refugio para aquellos que buscan respuestas f\u00e1ciles? Carta\u00f1\u00e0 Pons modera el debate. <\/p>\n","protected":false},"featured_media":101321,"comment_status":"open","ping_status":"closed","template":"","meta":{"_acf_changed":false},"libro":[],"product_brand":[],"product_cat":[113],"product_tag":[],"class_list":{"0":"post-101317","1":"product","2":"type-product","3":"status-publish","4":"has-post-thumbnail","6":"product_cat-educacion","8":"first","9":"instock","10":"shipping-taxable","11":"product-type-simple"},"acf":{"autor":[101318],"enlace_de_compra":"https:\/\/www.casadellibro.com\/libro-trascendencia-y-libertad\/9788410683945\/16059146?gclid=CjwKCAjw65-zBhBkEiwAjrqRMA6AktWnwGgB6ge3cxafzdwJpkOIy-MSvqct6eMkWwhrBvAbrePr3xoCE1gQAvD_BwE"},"yoast_head":"<!-- This site is optimized with the Yoast SEO plugin v27.4 - https:\/\/yoast.com\/product\/yoast-seo-wordpress\/ -->\n<title>Trascendencia y libertad - Catalogo | Letrame Grupo Editorial<\/title>\n<meta name=\"robots\" content=\"index, follow, max-snippet:-1, max-image-preview:large, max-video-preview:-1\" \/>\n<link rel=\"canonical\" href=\"https:\/\/letrame.com\/catalogo\/producto\/trascendencia-y-libertad\/\" \/>\n<meta property=\"og:locale\" content=\"es_ES\" \/>\n<meta property=\"og:type\" content=\"article\" \/>\n<meta property=\"og:title\" content=\"Trascendencia y libertad - Catalogo | Letrame Grupo Editorial\" \/>\n<meta property=\"og:description\" content=\"ISBN:\u00a0978-84-1068-394-5  SINOPSIS  Con una prosa perspicaz y accesible, Trascendencia y Libertad nos invita, como lectores, a reflexionar sobre el poder transformador del conocimiento, la fe y la b\u00fasqueda de un prop\u00f3sito m\u00e1s elevado en la era posmoderna. Asienta, para ello, dos pilares fundamentales: la raz\u00f3n y la educaci\u00f3n, valores que han de ser constantes en un mundo marcado por el cambio.  \u00bfPuede la educaci\u00f3n ser la llave que nos libere de las cadenas de la ignorancia y el temor? \u00bfEs la religi\u00f3n relevante en nuestros d\u00edas?, \u00bfla consideramos una fuerza estabilizadora en tiempos turbulentos?, \u00bfo un simple refugio para aquellos que buscan respuestas f\u00e1ciles? Carta\u00f1\u00e0 Pons modera el debate.\" \/>\n<meta property=\"og:url\" content=\"https:\/\/letrame.com\/catalogo\/producto\/trascendencia-y-libertad\/\" \/>\n<meta property=\"og:site_name\" content=\"Catalogo | Letrame Grupo Editorial\" \/>\n<meta property=\"article:modified_time\" content=\"2024-06-12T14:45:20+00:00\" \/>\n<meta property=\"og:image\" content=\"https:\/\/letrame.com\/catalogo\/wp-content\/uploads\/2024\/06\/webp_trascendencia_568mm-compressed.jpg\" \/>\n\t<meta property=\"og:image:width\" content=\"1772\" \/>\n\t<meta property=\"og:image:height\" content=\"2480\" \/>\n\t<meta property=\"og:image:type\" content=\"image\/jpeg\" \/>\n<meta name=\"twitter:card\" content=\"summary_large_image\" \/>\n<meta name=\"twitter:label1\" content=\"Tiempo de lectura\" \/>\n\t<meta name=\"twitter:data1\" content=\"1 minuto\" \/>\n<script type=\"application\/ld+json\" class=\"yoast-schema-graph\">{\"@context\":\"https:\\\/\\\/schema.org\",\"@graph\":[{\"@type\":\"WebPage\",\"@id\":\"https:\\\/\\\/letrame.com\\\/catalogo\\\/producto\\\/trascendencia-y-libertad\\\/\",\"url\":\"https:\\\/\\\/letrame.com\\\/catalogo\\\/producto\\\/trascendencia-y-libertad\\\/\",\"name\":\"Trascendencia y libertad - Catalogo | Letrame Grupo Editorial\",\"isPartOf\":{\"@id\":\"https:\\\/\\\/letrame.com\\\/catalogo\\\/#website\"},\"primaryImageOfPage\":{\"@id\":\"https:\\\/\\\/letrame.com\\\/catalogo\\\/producto\\\/trascendencia-y-libertad\\\/#primaryimage\"},\"image\":{\"@id\":\"https:\\\/\\\/letrame.com\\\/catalogo\\\/producto\\\/trascendencia-y-libertad\\\/#primaryimage\"},\"thumbnailUrl\":\"https:\\\/\\\/letrame.com\\\/catalogo\\\/wp-content\\\/uploads\\\/2024\\\/06\\\/webp_trascendencia_568mm-compressed.jpg\",\"datePublished\":\"2024-06-12T14:44:14+00:00\",\"dateModified\":\"2024-06-12T14:45:20+00:00\",\"breadcrumb\":{\"@id\":\"https:\\\/\\\/letrame.com\\\/catalogo\\\/producto\\\/trascendencia-y-libertad\\\/#breadcrumb\"},\"inLanguage\":\"es\",\"potentialAction\":[{\"@type\":\"ReadAction\",\"target\":[\"https:\\\/\\\/letrame.com\\\/catalogo\\\/producto\\\/trascendencia-y-libertad\\\/\"]}]},{\"@type\":\"ImageObject\",\"inLanguage\":\"es\",\"@id\":\"https:\\\/\\\/letrame.com\\\/catalogo\\\/producto\\\/trascendencia-y-libertad\\\/#primaryimage\",\"url\":\"https:\\\/\\\/letrame.com\\\/catalogo\\\/wp-content\\\/uploads\\\/2024\\\/06\\\/webp_trascendencia_568mm-compressed.jpg\",\"contentUrl\":\"https:\\\/\\\/letrame.com\\\/catalogo\\\/wp-content\\\/uploads\\\/2024\\\/06\\\/webp_trascendencia_568mm-compressed.jpg\",\"width\":1772,\"height\":2480},{\"@type\":\"BreadcrumbList\",\"@id\":\"https:\\\/\\\/letrame.com\\\/catalogo\\\/producto\\\/trascendencia-y-libertad\\\/#breadcrumb\",\"itemListElement\":[{\"@type\":\"ListItem\",\"position\":1,\"name\":\"Portada\",\"item\":\"https:\\\/\\\/letrame.com\\\/catalogo\\\/\"},{\"@type\":\"ListItem\",\"position\":2,\"name\":\"Cat\u00e1logo\",\"item\":\"https:\\\/\\\/letrame.com\\\/catalogo\\\/\"},{\"@type\":\"ListItem\",\"position\":3,\"name\":\"Trascendencia y libertad\"}]},{\"@type\":\"WebSite\",\"@id\":\"https:\\\/\\\/letrame.com\\\/catalogo\\\/#website\",\"url\":\"https:\\\/\\\/letrame.com\\\/catalogo\\\/\",\"name\":\"Catalogo | Letrame Grupo Editorial\",\"description\":\"\",\"publisher\":{\"@id\":\"https:\\\/\\\/letrame.com\\\/catalogo\\\/#organization\"},\"potentialAction\":[{\"@type\":\"SearchAction\",\"target\":{\"@type\":\"EntryPoint\",\"urlTemplate\":\"https:\\\/\\\/letrame.com\\\/catalogo\\\/?s={search_term_string}\"},\"query-input\":{\"@type\":\"PropertyValueSpecification\",\"valueRequired\":true,\"valueName\":\"search_term_string\"}}],\"inLanguage\":\"es\"},{\"@type\":\"Organization\",\"@id\":\"https:\\\/\\\/letrame.com\\\/catalogo\\\/#organization\",\"name\":\"Catalogo | Letrame Grupo Editorial\",\"url\":\"https:\\\/\\\/letrame.com\\\/catalogo\\\/\",\"logo\":{\"@type\":\"ImageObject\",\"inLanguage\":\"es\",\"@id\":\"https:\\\/\\\/letrame.com\\\/catalogo\\\/#\\\/schema\\\/logo\\\/image\\\/\",\"url\":\"https:\\\/\\\/letrame.com\\\/catalogo\\\/wp-content\\\/uploads\\\/2024\\\/03\\\/logo2.webp\",\"contentUrl\":\"https:\\\/\\\/letrame.com\\\/catalogo\\\/wp-content\\\/uploads\\\/2024\\\/03\\\/logo2.webp\",\"width\":394,\"height\":128,\"caption\":\"Catalogo | Letrame Grupo Editorial\"},\"image\":{\"@id\":\"https:\\\/\\\/letrame.com\\\/catalogo\\\/#\\\/schema\\\/logo\\\/image\\\/\"}}]}<\/script>\n<!-- \/ Yoast SEO plugin. -->","yoast_head_json":{"title":"Trascendencia y libertad - Catalogo | Letrame Grupo Editorial","robots":{"index":"index","follow":"follow","max-snippet":"max-snippet:-1","max-image-preview":"max-image-preview:large","max-video-preview":"max-video-preview:-1"},"canonical":"https:\/\/letrame.com\/catalogo\/producto\/trascendencia-y-libertad\/","og_locale":"es_ES","og_type":"article","og_title":"Trascendencia y libertad - Catalogo | Letrame Grupo Editorial","og_description":"ISBN:\u00a0978-84-1068-394-5  SINOPSIS  Con una prosa perspicaz y accesible, Trascendencia y Libertad nos invita, como lectores, a reflexionar sobre el poder transformador del conocimiento, la fe y la b\u00fasqueda de un prop\u00f3sito m\u00e1s elevado en la era posmoderna. Asienta, para ello, dos pilares fundamentales: la raz\u00f3n y la educaci\u00f3n, valores que han de ser constantes en un mundo marcado por el cambio.  \u00bfPuede la educaci\u00f3n ser la llave que nos libere de las cadenas de la ignorancia y el temor? \u00bfEs la religi\u00f3n relevante en nuestros d\u00edas?, \u00bfla consideramos una fuerza estabilizadora en tiempos turbulentos?, \u00bfo un simple refugio para aquellos que buscan respuestas f\u00e1ciles? Carta\u00f1\u00e0 Pons modera el debate.","og_url":"https:\/\/letrame.com\/catalogo\/producto\/trascendencia-y-libertad\/","og_site_name":"Catalogo | Letrame Grupo Editorial","article_modified_time":"2024-06-12T14:45:20+00:00","og_image":[{"width":1772,"height":2480,"url":"https:\/\/letrame.com\/catalogo\/wp-content\/uploads\/2024\/06\/webp_trascendencia_568mm-compressed.jpg","type":"image\/jpeg"}],"twitter_card":"summary_large_image","twitter_misc":{"Tiempo de lectura":"1 minuto"},"schema":{"@context":"https:\/\/schema.org","@graph":[{"@type":"WebPage","@id":"https:\/\/letrame.com\/catalogo\/producto\/trascendencia-y-libertad\/","url":"https:\/\/letrame.com\/catalogo\/producto\/trascendencia-y-libertad\/","name":"Trascendencia y libertad - Catalogo | Letrame Grupo Editorial","isPartOf":{"@id":"https:\/\/letrame.com\/catalogo\/#website"},"primaryImageOfPage":{"@id":"https:\/\/letrame.com\/catalogo\/producto\/trascendencia-y-libertad\/#primaryimage"},"image":{"@id":"https:\/\/letrame.com\/catalogo\/producto\/trascendencia-y-libertad\/#primaryimage"},"thumbnailUrl":"https:\/\/letrame.com\/catalogo\/wp-content\/uploads\/2024\/06\/webp_trascendencia_568mm-compressed.jpg","datePublished":"2024-06-12T14:44:14+00:00","dateModified":"2024-06-12T14:45:20+00:00","breadcrumb":{"@id":"https:\/\/letrame.com\/catalogo\/producto\/trascendencia-y-libertad\/#breadcrumb"},"inLanguage":"es","potentialAction":[{"@type":"ReadAction","target":["https:\/\/letrame.com\/catalogo\/producto\/trascendencia-y-libertad\/"]}]},{"@type":"ImageObject","inLanguage":"es","@id":"https:\/\/letrame.com\/catalogo\/producto\/trascendencia-y-libertad\/#primaryimage","url":"https:\/\/letrame.com\/catalogo\/wp-content\/uploads\/2024\/06\/webp_trascendencia_568mm-compressed.jpg","contentUrl":"https:\/\/letrame.com\/catalogo\/wp-content\/uploads\/2024\/06\/webp_trascendencia_568mm-compressed.jpg","width":1772,"height":2480},{"@type":"BreadcrumbList","@id":"https:\/\/letrame.com\/catalogo\/producto\/trascendencia-y-libertad\/#breadcrumb","itemListElement":[{"@type":"ListItem","position":1,"name":"Portada","item":"https:\/\/letrame.com\/catalogo\/"},{"@type":"ListItem","position":2,"name":"Cat\u00e1logo","item":"https:\/\/letrame.com\/catalogo\/"},{"@type":"ListItem","position":3,"name":"Trascendencia y libertad"}]},{"@type":"WebSite","@id":"https:\/\/letrame.com\/catalogo\/#website","url":"https:\/\/letrame.com\/catalogo\/","name":"Catalogo | Letrame Grupo Editorial","description":"","publisher":{"@id":"https:\/\/letrame.com\/catalogo\/#organization"},"potentialAction":[{"@type":"SearchAction","target":{"@type":"EntryPoint","urlTemplate":"https:\/\/letrame.com\/catalogo\/?s={search_term_string}"},"query-input":{"@type":"PropertyValueSpecification","valueRequired":true,"valueName":"search_term_string"}}],"inLanguage":"es"},{"@type":"Organization","@id":"https:\/\/letrame.com\/catalogo\/#organization","name":"Catalogo | Letrame Grupo Editorial","url":"https:\/\/letrame.com\/catalogo\/","logo":{"@type":"ImageObject","inLanguage":"es","@id":"https:\/\/letrame.com\/catalogo\/#\/schema\/logo\/image\/","url":"https:\/\/letrame.com\/catalogo\/wp-content\/uploads\/2024\/03\/logo2.webp","contentUrl":"https:\/\/letrame.com\/catalogo\/wp-content\/uploads\/2024\/03\/logo2.webp","width":394,"height":128,"caption":"Catalogo | Letrame Grupo Editorial"},"image":{"@id":"https:\/\/letrame.com\/catalogo\/#\/schema\/logo\/image\/"}}]}},"_links":{"self":[{"href":"https:\/\/letrame.com\/catalogo\/wp-json\/wp\/v2\/product\/101317","targetHints":{"allow":["GET"]}}],"collection":[{"href":"https:\/\/letrame.com\/catalogo\/wp-json\/wp\/v2\/product"}],"about":[{"href":"https:\/\/letrame.com\/catalogo\/wp-json\/wp\/v2\/types\/product"}],"replies":[{"embeddable":true,"href":"https:\/\/letrame.com\/catalogo\/wp-json\/wp\/v2\/comments?post=101317"}],"acf:post":[{"embeddable":true,"href":"https:\/\/letrame.com\/catalogo\/wp-json\/wp\/v2\/author_book\/101318"}],"wp:featuredmedia":[{"embeddable":true,"href":"https:\/\/letrame.com\/catalogo\/wp-json\/wp\/v2\/media\/101321"}],"wp:attachment":[{"href":"https:\/\/letrame.com\/catalogo\/wp-json\/wp\/v2\/media?parent=101317"}],"wp:term":[{"taxonomy":"libro","embeddable":true,"href":"https:\/\/letrame.com\/catalogo\/wp-json\/wp\/v2\/libro?post=101317"},{"taxonomy":"product_brand","embeddable":true,"href":"https:\/\/letrame.com\/catalogo\/wp-json\/wp\/v2\/product_brand?post=101317"},{"taxonomy":"product_cat","embeddable":true,"href":"https:\/\/letrame.com\/catalogo\/wp-json\/wp\/v2\/product_cat?post=101317"},{"taxonomy":"product_tag","embeddable":true,"href":"https:\/\/letrame.com\/catalogo\/wp-json\/wp\/v2\/product_tag?post=101317"}],"curies":[{"name":"wp","href":"https:\/\/api.w.org\/{rel}","templated":true}]}}