{"id":101313,"date":"2024-06-12T16:24:08","date_gmt":"2024-06-12T14:24:08","guid":{"rendered":"https:\/\/letrame.com\/catalogo\/?post_type=product&#038;p=101313"},"modified":"2024-06-12T16:24:09","modified_gmt":"2024-06-12T14:24:09","slug":"el-cancer-de-mi-hijo-y-sus-sintomas-pueden-salvar-al-tuyo","status":"publish","type":"product","link":"https:\/\/letrame.com\/catalogo\/producto\/el-cancer-de-mi-hijo-y-sus-sintomas-pueden-salvar-al-tuyo\/","title":{"rendered":"El c\u00e1ncer de mi hijo y sus s\u00edntomas, pueden salvar al tuyo"},"content":{"rendered":"<p>ISBN:\u00a0978-84-1068-491-1<br \/>\nT\u00edtulo:\u2028El c\u00e1ncer de mi hijo y sus s\u00edntomas, pueden salvar al tuyo<br \/>\nFecha:\u20282024<br \/>\nP\u00e1ginas:\u00a066<br \/>\nSINOPSIS<\/p>\n<p>El c\u00e1ncer de mi hijo y sus s\u00edntomas pueden salvar al tuyo.<br \/>\nEn esta historia real, quiero que los s\u00edntomas de mi hijo Luis sean conocidos por el mayor n\u00famero posible de personas, para llegar a un posible diagn\u00f3stico anticipado de una enfermedad que puede atrapar a cualquiera.<br \/>\nEn una biopsia, por fin sabemos que le pasa\u2026<br \/>\n\u2026Tumor Glioneuronal difuso leptomeningeo.<br \/>\nUn tumor de bajo grado que de cogerlo a tiempo se puede luchar contra \u00e9l, por eso es tan importante este libro.<br \/>\nLe ponen una quimio llamada Vincristina, pero no le hace nada. La siguiente lo mejora much\u00edsimo, \u00a1Carboplatino!<br \/>\nSale del coma y mejora much\u00edsimo, pero con sus limitaciones, \u00a1que maravillosa felicidad! No le ponen una quimio de mantenimiento y empeora muy deprisa. En junio de 2022 dos&#8230; \u00a1Muere! Y mi alma con \u00e9l.<\/p>\n","protected":false},"excerpt":{"rendered":"<p>ISBN:\u00a0978-84-1068-491-1<\/p>\n<p>SINOPSIS<\/p>\n<p>El c\u00e1ncer de mi hijo y sus s\u00edntomas pueden salvar al tuyo.<br \/>\nEn esta historia real, quiero que los s\u00edntomas de mi hijo Luis sean conocidos por el mayor n\u00famero posible de personas, para llegar a un posible diagn\u00f3stico anticipado de una enfermedad que puede atrapar a cualquiera.<br \/>\nEn una biopsia, por fin sabemos que le pasa\u2026<br \/>\n\u2026Tumor Glioneuronal difuso leptomeningeo.<br \/>\nUn tumor de bajo grado que de cogerlo a tiempo se puede luchar contra \u00e9l, por eso es tan importante este libro.<br \/>\nLe ponen una quimio llamada Vincristina, pero no le hace nada. La siguiente lo mejora much\u00edsimo, \u00a1Carboplatino!<br \/>\nSale del coma y mejora much\u00edsimo, pero con sus limitaciones, \u00a1que maravillosa felicidad! No le ponen una quimio de mantenimiento y empeora muy deprisa. En junio de 2022 dos&#8230; \u00a1Muere! Y mi alma con \u00e9l.<\/p>\n","protected":false},"featured_media":101316,"comment_status":"open","ping_status":"closed","template":"","meta":{"_acf_changed":false},"libro":[],"product_brand":[],"product_cat":[126],"product_tag":[],"class_list":{"0":"post-101313","1":"product","2":"type-product","3":"status-publish","4":"has-post-thumbnail","6":"product_cat-medicina","8":"first","9":"instock","10":"shipping-taxable","11":"product-type-simple"},"acf":{"autor":[101311],"enlace_de_compra":"https:\/\/www.todostuslibros.com\/libros\/el-cancer-de-mi-hijo-y-sus-sintomas-pueden-salvar-al-tuyo_978-84-1068-491-1"},"yoast_head":"<!-- This site is optimized with the Yoast SEO plugin v27.4 - https:\/\/yoast.com\/product\/yoast-seo-wordpress\/ -->\n<title>El c\u00e1ncer de mi hijo y sus s\u00edntomas, pueden salvar al tuyo - Catalogo | Letrame Grupo Editorial<\/title>\n<meta name=\"robots\" content=\"index, follow, max-snippet:-1, max-image-preview:large, max-video-preview:-1\" \/>\n<link rel=\"canonical\" href=\"https:\/\/letrame.com\/catalogo\/producto\/el-cancer-de-mi-hijo-y-sus-sintomas-pueden-salvar-al-tuyo\/\" \/>\n<meta property=\"og:locale\" content=\"es_ES\" \/>\n<meta property=\"og:type\" content=\"article\" \/>\n<meta property=\"og:title\" content=\"El c\u00e1ncer de mi hijo y sus s\u00edntomas, pueden salvar al tuyo - Catalogo | Letrame Grupo Editorial\" \/>\n<meta property=\"og:description\" content=\"ISBN:\u00a0978-84-1068-491-1  SINOPSIS  El c\u00e1ncer de mi hijo y sus s\u00edntomas pueden salvar al tuyo. En esta historia real, quiero que los s\u00edntomas de mi hijo Luis sean conocidos por el mayor n\u00famero posible de personas, para llegar a un posible diagn\u00f3stico anticipado de una enfermedad que puede atrapar a cualquiera. En una biopsia, por fin sabemos que le pasa\u2026 \u2026Tumor Glioneuronal difuso leptomeningeo. Un tumor de bajo grado que de cogerlo a tiempo se puede luchar contra \u00e9l, por eso es tan importante este libro. Le ponen una quimio llamada Vincristina, pero no le hace nada. La siguiente lo mejora much\u00edsimo, \u00a1Carboplatino! Sale del coma y mejora much\u00edsimo, pero con sus limitaciones, \u00a1que maravillosa felicidad! No le ponen una quimio de mantenimiento y empeora muy deprisa. En junio de 2022 dos... \u00a1Muere! Y mi alma con \u00e9l.\" \/>\n<meta property=\"og:url\" content=\"https:\/\/letrame.com\/catalogo\/producto\/el-cancer-de-mi-hijo-y-sus-sintomas-pueden-salvar-al-tuyo\/\" \/>\n<meta property=\"og:site_name\" content=\"Catalogo | Letrame Grupo Editorial\" \/>\n<meta property=\"article:modified_time\" content=\"2024-06-12T14:24:09+00:00\" \/>\n<meta property=\"og:image\" content=\"https:\/\/letrame.com\/catalogo\/wp-content\/uploads\/2024\/06\/webp_elcancer_45mm-compressed.jpg\" \/>\n\t<meta property=\"og:image:width\" content=\"1772\" \/>\n\t<meta property=\"og:image:height\" content=\"2480\" \/>\n\t<meta property=\"og:image:type\" content=\"image\/jpeg\" \/>\n<meta name=\"twitter:card\" content=\"summary_large_image\" \/>\n<meta name=\"twitter:label1\" content=\"Tiempo de lectura\" \/>\n\t<meta name=\"twitter:data1\" content=\"1 minuto\" \/>\n<script type=\"application\/ld+json\" class=\"yoast-schema-graph\">{\"@context\":\"https:\\\/\\\/schema.org\",\"@graph\":[{\"@type\":\"WebPage\",\"@id\":\"https:\\\/\\\/letrame.com\\\/catalogo\\\/producto\\\/el-cancer-de-mi-hijo-y-sus-sintomas-pueden-salvar-al-tuyo\\\/\",\"url\":\"https:\\\/\\\/letrame.com\\\/catalogo\\\/producto\\\/el-cancer-de-mi-hijo-y-sus-sintomas-pueden-salvar-al-tuyo\\\/\",\"name\":\"El c\u00e1ncer de mi hijo y sus s\u00edntomas, pueden salvar al tuyo - Catalogo | Letrame Grupo Editorial\",\"isPartOf\":{\"@id\":\"https:\\\/\\\/letrame.com\\\/catalogo\\\/#website\"},\"primaryImageOfPage\":{\"@id\":\"https:\\\/\\\/letrame.com\\\/catalogo\\\/producto\\\/el-cancer-de-mi-hijo-y-sus-sintomas-pueden-salvar-al-tuyo\\\/#primaryimage\"},\"image\":{\"@id\":\"https:\\\/\\\/letrame.com\\\/catalogo\\\/producto\\\/el-cancer-de-mi-hijo-y-sus-sintomas-pueden-salvar-al-tuyo\\\/#primaryimage\"},\"thumbnailUrl\":\"https:\\\/\\\/letrame.com\\\/catalogo\\\/wp-content\\\/uploads\\\/2024\\\/06\\\/webp_elcancer_45mm-compressed.jpg\",\"datePublished\":\"2024-06-12T14:24:08+00:00\",\"dateModified\":\"2024-06-12T14:24:09+00:00\",\"breadcrumb\":{\"@id\":\"https:\\\/\\\/letrame.com\\\/catalogo\\\/producto\\\/el-cancer-de-mi-hijo-y-sus-sintomas-pueden-salvar-al-tuyo\\\/#breadcrumb\"},\"inLanguage\":\"es\",\"potentialAction\":[{\"@type\":\"ReadAction\",\"target\":[\"https:\\\/\\\/letrame.com\\\/catalogo\\\/producto\\\/el-cancer-de-mi-hijo-y-sus-sintomas-pueden-salvar-al-tuyo\\\/\"]}]},{\"@type\":\"ImageObject\",\"inLanguage\":\"es\",\"@id\":\"https:\\\/\\\/letrame.com\\\/catalogo\\\/producto\\\/el-cancer-de-mi-hijo-y-sus-sintomas-pueden-salvar-al-tuyo\\\/#primaryimage\",\"url\":\"https:\\\/\\\/letrame.com\\\/catalogo\\\/wp-content\\\/uploads\\\/2024\\\/06\\\/webp_elcancer_45mm-compressed.jpg\",\"contentUrl\":\"https:\\\/\\\/letrame.com\\\/catalogo\\\/wp-content\\\/uploads\\\/2024\\\/06\\\/webp_elcancer_45mm-compressed.jpg\",\"width\":1772,\"height\":2480},{\"@type\":\"BreadcrumbList\",\"@id\":\"https:\\\/\\\/letrame.com\\\/catalogo\\\/producto\\\/el-cancer-de-mi-hijo-y-sus-sintomas-pueden-salvar-al-tuyo\\\/#breadcrumb\",\"itemListElement\":[{\"@type\":\"ListItem\",\"position\":1,\"name\":\"Portada\",\"item\":\"https:\\\/\\\/letrame.com\\\/catalogo\\\/\"},{\"@type\":\"ListItem\",\"position\":2,\"name\":\"Cat\u00e1logo\",\"item\":\"https:\\\/\\\/letrame.com\\\/catalogo\\\/\"},{\"@type\":\"ListItem\",\"position\":3,\"name\":\"El c\u00e1ncer de mi hijo y sus s\u00edntomas, pueden salvar al tuyo\"}]},{\"@type\":\"WebSite\",\"@id\":\"https:\\\/\\\/letrame.com\\\/catalogo\\\/#website\",\"url\":\"https:\\\/\\\/letrame.com\\\/catalogo\\\/\",\"name\":\"Catalogo | Letrame Grupo Editorial\",\"description\":\"\",\"publisher\":{\"@id\":\"https:\\\/\\\/letrame.com\\\/catalogo\\\/#organization\"},\"potentialAction\":[{\"@type\":\"SearchAction\",\"target\":{\"@type\":\"EntryPoint\",\"urlTemplate\":\"https:\\\/\\\/letrame.com\\\/catalogo\\\/?s={search_term_string}\"},\"query-input\":{\"@type\":\"PropertyValueSpecification\",\"valueRequired\":true,\"valueName\":\"search_term_string\"}}],\"inLanguage\":\"es\"},{\"@type\":\"Organization\",\"@id\":\"https:\\\/\\\/letrame.com\\\/catalogo\\\/#organization\",\"name\":\"Catalogo | Letrame Grupo Editorial\",\"url\":\"https:\\\/\\\/letrame.com\\\/catalogo\\\/\",\"logo\":{\"@type\":\"ImageObject\",\"inLanguage\":\"es\",\"@id\":\"https:\\\/\\\/letrame.com\\\/catalogo\\\/#\\\/schema\\\/logo\\\/image\\\/\",\"url\":\"https:\\\/\\\/letrame.com\\\/catalogo\\\/wp-content\\\/uploads\\\/2024\\\/03\\\/logo2.webp\",\"contentUrl\":\"https:\\\/\\\/letrame.com\\\/catalogo\\\/wp-content\\\/uploads\\\/2024\\\/03\\\/logo2.webp\",\"width\":394,\"height\":128,\"caption\":\"Catalogo | Letrame Grupo Editorial\"},\"image\":{\"@id\":\"https:\\\/\\\/letrame.com\\\/catalogo\\\/#\\\/schema\\\/logo\\\/image\\\/\"}}]}<\/script>\n<!-- \/ Yoast SEO plugin. -->","yoast_head_json":{"title":"El c\u00e1ncer de mi hijo y sus s\u00edntomas, pueden salvar al tuyo - Catalogo | Letrame Grupo Editorial","robots":{"index":"index","follow":"follow","max-snippet":"max-snippet:-1","max-image-preview":"max-image-preview:large","max-video-preview":"max-video-preview:-1"},"canonical":"https:\/\/letrame.com\/catalogo\/producto\/el-cancer-de-mi-hijo-y-sus-sintomas-pueden-salvar-al-tuyo\/","og_locale":"es_ES","og_type":"article","og_title":"El c\u00e1ncer de mi hijo y sus s\u00edntomas, pueden salvar al tuyo - Catalogo | Letrame Grupo Editorial","og_description":"ISBN:\u00a0978-84-1068-491-1  SINOPSIS  El c\u00e1ncer de mi hijo y sus s\u00edntomas pueden salvar al tuyo. En esta historia real, quiero que los s\u00edntomas de mi hijo Luis sean conocidos por el mayor n\u00famero posible de personas, para llegar a un posible diagn\u00f3stico anticipado de una enfermedad que puede atrapar a cualquiera. En una biopsia, por fin sabemos que le pasa\u2026 \u2026Tumor Glioneuronal difuso leptomeningeo. Un tumor de bajo grado que de cogerlo a tiempo se puede luchar contra \u00e9l, por eso es tan importante este libro. Le ponen una quimio llamada Vincristina, pero no le hace nada. La siguiente lo mejora much\u00edsimo, \u00a1Carboplatino! Sale del coma y mejora much\u00edsimo, pero con sus limitaciones, \u00a1que maravillosa felicidad! No le ponen una quimio de mantenimiento y empeora muy deprisa. En junio de 2022 dos... \u00a1Muere! Y mi alma con \u00e9l.","og_url":"https:\/\/letrame.com\/catalogo\/producto\/el-cancer-de-mi-hijo-y-sus-sintomas-pueden-salvar-al-tuyo\/","og_site_name":"Catalogo | Letrame Grupo Editorial","article_modified_time":"2024-06-12T14:24:09+00:00","og_image":[{"width":1772,"height":2480,"url":"https:\/\/letrame.com\/catalogo\/wp-content\/uploads\/2024\/06\/webp_elcancer_45mm-compressed.jpg","type":"image\/jpeg"}],"twitter_card":"summary_large_image","twitter_misc":{"Tiempo de lectura":"1 minuto"},"schema":{"@context":"https:\/\/schema.org","@graph":[{"@type":"WebPage","@id":"https:\/\/letrame.com\/catalogo\/producto\/el-cancer-de-mi-hijo-y-sus-sintomas-pueden-salvar-al-tuyo\/","url":"https:\/\/letrame.com\/catalogo\/producto\/el-cancer-de-mi-hijo-y-sus-sintomas-pueden-salvar-al-tuyo\/","name":"El c\u00e1ncer de mi hijo y sus s\u00edntomas, pueden salvar al tuyo - Catalogo | Letrame Grupo Editorial","isPartOf":{"@id":"https:\/\/letrame.com\/catalogo\/#website"},"primaryImageOfPage":{"@id":"https:\/\/letrame.com\/catalogo\/producto\/el-cancer-de-mi-hijo-y-sus-sintomas-pueden-salvar-al-tuyo\/#primaryimage"},"image":{"@id":"https:\/\/letrame.com\/catalogo\/producto\/el-cancer-de-mi-hijo-y-sus-sintomas-pueden-salvar-al-tuyo\/#primaryimage"},"thumbnailUrl":"https:\/\/letrame.com\/catalogo\/wp-content\/uploads\/2024\/06\/webp_elcancer_45mm-compressed.jpg","datePublished":"2024-06-12T14:24:08+00:00","dateModified":"2024-06-12T14:24:09+00:00","breadcrumb":{"@id":"https:\/\/letrame.com\/catalogo\/producto\/el-cancer-de-mi-hijo-y-sus-sintomas-pueden-salvar-al-tuyo\/#breadcrumb"},"inLanguage":"es","potentialAction":[{"@type":"ReadAction","target":["https:\/\/letrame.com\/catalogo\/producto\/el-cancer-de-mi-hijo-y-sus-sintomas-pueden-salvar-al-tuyo\/"]}]},{"@type":"ImageObject","inLanguage":"es","@id":"https:\/\/letrame.com\/catalogo\/producto\/el-cancer-de-mi-hijo-y-sus-sintomas-pueden-salvar-al-tuyo\/#primaryimage","url":"https:\/\/letrame.com\/catalogo\/wp-content\/uploads\/2024\/06\/webp_elcancer_45mm-compressed.jpg","contentUrl":"https:\/\/letrame.com\/catalogo\/wp-content\/uploads\/2024\/06\/webp_elcancer_45mm-compressed.jpg","width":1772,"height":2480},{"@type":"BreadcrumbList","@id":"https:\/\/letrame.com\/catalogo\/producto\/el-cancer-de-mi-hijo-y-sus-sintomas-pueden-salvar-al-tuyo\/#breadcrumb","itemListElement":[{"@type":"ListItem","position":1,"name":"Portada","item":"https:\/\/letrame.com\/catalogo\/"},{"@type":"ListItem","position":2,"name":"Cat\u00e1logo","item":"https:\/\/letrame.com\/catalogo\/"},{"@type":"ListItem","position":3,"name":"El c\u00e1ncer de mi hijo y sus s\u00edntomas, pueden salvar al tuyo"}]},{"@type":"WebSite","@id":"https:\/\/letrame.com\/catalogo\/#website","url":"https:\/\/letrame.com\/catalogo\/","name":"Catalogo | Letrame Grupo Editorial","description":"","publisher":{"@id":"https:\/\/letrame.com\/catalogo\/#organization"},"potentialAction":[{"@type":"SearchAction","target":{"@type":"EntryPoint","urlTemplate":"https:\/\/letrame.com\/catalogo\/?s={search_term_string}"},"query-input":{"@type":"PropertyValueSpecification","valueRequired":true,"valueName":"search_term_string"}}],"inLanguage":"es"},{"@type":"Organization","@id":"https:\/\/letrame.com\/catalogo\/#organization","name":"Catalogo | Letrame Grupo Editorial","url":"https:\/\/letrame.com\/catalogo\/","logo":{"@type":"ImageObject","inLanguage":"es","@id":"https:\/\/letrame.com\/catalogo\/#\/schema\/logo\/image\/","url":"https:\/\/letrame.com\/catalogo\/wp-content\/uploads\/2024\/03\/logo2.webp","contentUrl":"https:\/\/letrame.com\/catalogo\/wp-content\/uploads\/2024\/03\/logo2.webp","width":394,"height":128,"caption":"Catalogo | Letrame Grupo Editorial"},"image":{"@id":"https:\/\/letrame.com\/catalogo\/#\/schema\/logo\/image\/"}}]}},"_links":{"self":[{"href":"https:\/\/letrame.com\/catalogo\/wp-json\/wp\/v2\/product\/101313","targetHints":{"allow":["GET"]}}],"collection":[{"href":"https:\/\/letrame.com\/catalogo\/wp-json\/wp\/v2\/product"}],"about":[{"href":"https:\/\/letrame.com\/catalogo\/wp-json\/wp\/v2\/types\/product"}],"replies":[{"embeddable":true,"href":"https:\/\/letrame.com\/catalogo\/wp-json\/wp\/v2\/comments?post=101313"}],"acf:post":[{"embeddable":true,"href":"https:\/\/letrame.com\/catalogo\/wp-json\/wp\/v2\/author_book\/101311"}],"wp:featuredmedia":[{"embeddable":true,"href":"https:\/\/letrame.com\/catalogo\/wp-json\/wp\/v2\/media\/101316"}],"wp:attachment":[{"href":"https:\/\/letrame.com\/catalogo\/wp-json\/wp\/v2\/media?parent=101313"}],"wp:term":[{"taxonomy":"libro","embeddable":true,"href":"https:\/\/letrame.com\/catalogo\/wp-json\/wp\/v2\/libro?post=101313"},{"taxonomy":"product_brand","embeddable":true,"href":"https:\/\/letrame.com\/catalogo\/wp-json\/wp\/v2\/product_brand?post=101313"},{"taxonomy":"product_cat","embeddable":true,"href":"https:\/\/letrame.com\/catalogo\/wp-json\/wp\/v2\/product_cat?post=101313"},{"taxonomy":"product_tag","embeddable":true,"href":"https:\/\/letrame.com\/catalogo\/wp-json\/wp\/v2\/product_tag?post=101313"}],"curies":[{"name":"wp","href":"https:\/\/api.w.org\/{rel}","templated":true}]}}