{"id":101286,"date":"2024-06-11T10:02:16","date_gmt":"2024-06-11T08:02:16","guid":{"rendered":"https:\/\/letrame.com\/catalogo\/?post_type=product&#038;p=101286"},"modified":"2024-07-03T12:50:33","modified_gmt":"2024-07-03T10:50:33","slug":"la-cuarta-noche-y-otros-relatos","status":"publish","type":"product","link":"https:\/\/letrame.com\/catalogo\/producto\/la-cuarta-noche-y-otros-relatos\/","title":{"rendered":"La cuarta noche y otros relatos"},"content":{"rendered":"<p>ISBN:\u00a0978-84-1068-001-2<br \/>\nT\u00edtulo:\u2028La cuarta noche y otros relatos<br \/>\nFecha:\u20282024<br \/>\nP\u00e1ginas:\u00a0112<br \/>\nSINOPSIS<\/p>\n<p>La cuarta noche y otros relatos es una colecci\u00f3n de cuentos que aborda temas que son de alta trascendencia en la literatura universal moderna y que generan especial inter\u00e9s e inquietud en el lector de ficciones. En este volumen, narrado en su mayor\u00eda en primera persona del singular, toman relevancia temas como los sue\u00f1os, la muerte como signo de la fatalidad que acaece de varias maneras, as\u00ed como el azar y las enso\u00f1aciones de los personajes. El lector experimentar\u00e1 sensaciones y tal vez conexiones con los personajes-narradores en una variedad de situaciones que trascienden la ficci\u00f3n y que pueden abarcar parte de lo que com\u00fanmente conocemos como realidad.<\/p>\n<p>Para el escritor de estos relatos, el cuento es un g\u00e9nero libre, pero entiende que un buen cuento moderno es un juego equilibrado de luces y sombras como en alg\u00fan momento lo defini\u00f3 el escritor ingl\u00e9s G.K Chesterton, pero sin pretender aplicar esta f\u00f3rmula a todas sus narraciones. Los cuentos aqu\u00ed contenidos hacen parte de una b\u00fasqueda individual y ps\u00edquica, que intenta explorar los recodos m\u00e1s ocultos del mundo interior en donde abundan los deseos, las elucubraciones, conjeturas, fantas\u00edas e inquietudes m\u00e1s profundas\u2026<\/p>\n<p>El escritor.<\/p>\n","protected":false},"excerpt":{"rendered":"<p>ISBN:\u00a0978-84-1068-001-2<\/p>\n<p>SINOPSIS<\/p>\n<p>La cuarta noche y otros relatos es una colecci\u00f3n de cuentos que aborda temas que son de alta trascendencia en la literatura universal moderna y que generan especial inter\u00e9s e inquietud en el lector de ficciones. En este volumen, narrado en su mayor\u00eda en primera persona del singular, toman relevancia temas como los sue\u00f1os, la muerte como signo de la fatalidad que acaece de varias maneras, as\u00ed como el azar y las enso\u00f1aciones de los personajes. El lector experimentar\u00e1 sensaciones y tal vez conexiones con los personajes-narradores en una variedad de situaciones que trascienden la ficci\u00f3n y que pueden abarcar parte de lo que com\u00fanmente conocemos como realidad.<\/p>\n<p>Para el escritor de estos relatos, el cuento es un g\u00e9nero libre, pero entiende que un buen cuento moderno es un juego equilibrado de luces y sombras como en alg\u00fan momento lo defini\u00f3 el escritor ingl\u00e9s G.K Chesterton, pero sin pretender aplicar esta f\u00f3rmula a todas sus narraciones. Los cuentos aqu\u00ed contenidos hacen parte de una b\u00fasqueda individual y ps\u00edquica, que intenta explorar los recodos m\u00e1s ocultos del mundo interior en donde abundan los deseos, las elucubraciones, conjeturas, fantas\u00edas e inquietudes m\u00e1s profundas\u2026<\/p>\n<p>El escritor.<\/p>\n","protected":false},"featured_media":101289,"comment_status":"open","ping_status":"closed","template":"","meta":{"_acf_changed":false},"libro":[],"product_brand":[],"product_cat":[33],"product_tag":[],"class_list":{"0":"post-101286","1":"product","2":"type-product","3":"status-publish","4":"has-post-thumbnail","6":"product_cat-cuento","8":"first","9":"instock","10":"shipping-taxable","11":"product-type-simple"},"acf":{"autor":[101287],"enlace_de_compra":"https:\/\/www.agapea.com\/Jose-Luis-Ciro-Zabala\/La-cuarta-noche-y-otros-relatos-9788410680012-i.htm"},"yoast_head":"<!-- This site is optimized with the Yoast SEO plugin v27.4 - https:\/\/yoast.com\/product\/yoast-seo-wordpress\/ -->\n<title>La cuarta noche y otros relatos - Catalogo | Letrame Grupo Editorial<\/title>\n<meta name=\"robots\" content=\"index, follow, max-snippet:-1, max-image-preview:large, max-video-preview:-1\" \/>\n<link rel=\"canonical\" href=\"https:\/\/letrame.com\/catalogo\/producto\/la-cuarta-noche-y-otros-relatos\/\" \/>\n<meta property=\"og:locale\" content=\"es_ES\" \/>\n<meta property=\"og:type\" content=\"article\" \/>\n<meta property=\"og:title\" content=\"La cuarta noche y otros relatos - Catalogo | Letrame Grupo Editorial\" \/>\n<meta property=\"og:description\" content=\"ISBN:\u00a0978-84-1068-001-2  SINOPSIS  La cuarta noche y otros relatos es una colecci\u00f3n de cuentos que aborda temas que son de alta trascendencia en la literatura universal moderna y que generan especial inter\u00e9s e inquietud en el lector de ficciones. En este volumen, narrado en su mayor\u00eda en primera persona del singular, toman relevancia temas como los sue\u00f1os, la muerte como signo de la fatalidad que acaece de varias maneras, as\u00ed como el azar y las enso\u00f1aciones de los personajes. El lector experimentar\u00e1 sensaciones y tal vez conexiones con los personajes-narradores en una variedad de situaciones que trascienden la ficci\u00f3n y que pueden abarcar parte de lo que com\u00fanmente conocemos como realidad.  Para el escritor de estos relatos, el cuento es un g\u00e9nero libre, pero entiende que un buen cuento moderno es un juego equilibrado de luces y sombras como en alg\u00fan momento lo defini\u00f3 el escritor ingl\u00e9s G.K Chesterton, pero sin pretender aplicar esta f\u00f3rmula a todas sus narraciones. Los cuentos aqu\u00ed contenidos hacen parte de una b\u00fasqueda individual y ps\u00edquica, que intenta explorar los recodos m\u00e1s ocultos del mundo interior en donde abundan los deseos, las elucubraciones, conjeturas, fantas\u00edas e inquietudes m\u00e1s profundas\u2026  El escritor.\" \/>\n<meta property=\"og:url\" content=\"https:\/\/letrame.com\/catalogo\/producto\/la-cuarta-noche-y-otros-relatos\/\" \/>\n<meta property=\"og:site_name\" content=\"Catalogo | Letrame Grupo Editorial\" \/>\n<meta property=\"article:modified_time\" content=\"2024-07-03T10:50:33+00:00\" \/>\n<meta property=\"og:image\" content=\"https:\/\/letrame.com\/catalogo\/wp-content\/uploads\/2024\/06\/webp_lacuartanoche_624mm-compressed-scaled.jpg\" \/>\n\t<meta property=\"og:image:width\" content=\"1746\" \/>\n\t<meta property=\"og:image:height\" content=\"2560\" \/>\n\t<meta property=\"og:image:type\" content=\"image\/jpeg\" \/>\n<meta name=\"twitter:card\" content=\"summary_large_image\" \/>\n<meta name=\"twitter:label1\" content=\"Tiempo de lectura\" \/>\n\t<meta name=\"twitter:data1\" content=\"2 minutos\" \/>\n<script type=\"application\/ld+json\" class=\"yoast-schema-graph\">{\"@context\":\"https:\\\/\\\/schema.org\",\"@graph\":[{\"@type\":\"WebPage\",\"@id\":\"https:\\\/\\\/letrame.com\\\/catalogo\\\/producto\\\/la-cuarta-noche-y-otros-relatos\\\/\",\"url\":\"https:\\\/\\\/letrame.com\\\/catalogo\\\/producto\\\/la-cuarta-noche-y-otros-relatos\\\/\",\"name\":\"La cuarta noche y otros relatos - Catalogo | Letrame Grupo Editorial\",\"isPartOf\":{\"@id\":\"https:\\\/\\\/letrame.com\\\/catalogo\\\/#website\"},\"primaryImageOfPage\":{\"@id\":\"https:\\\/\\\/letrame.com\\\/catalogo\\\/producto\\\/la-cuarta-noche-y-otros-relatos\\\/#primaryimage\"},\"image\":{\"@id\":\"https:\\\/\\\/letrame.com\\\/catalogo\\\/producto\\\/la-cuarta-noche-y-otros-relatos\\\/#primaryimage\"},\"thumbnailUrl\":\"https:\\\/\\\/letrame.com\\\/catalogo\\\/wp-content\\\/uploads\\\/2024\\\/06\\\/webp_lacuartanoche_624mm-compressed-scaled.jpg\",\"datePublished\":\"2024-06-11T08:02:16+00:00\",\"dateModified\":\"2024-07-03T10:50:33+00:00\",\"breadcrumb\":{\"@id\":\"https:\\\/\\\/letrame.com\\\/catalogo\\\/producto\\\/la-cuarta-noche-y-otros-relatos\\\/#breadcrumb\"},\"inLanguage\":\"es\",\"potentialAction\":[{\"@type\":\"ReadAction\",\"target\":[\"https:\\\/\\\/letrame.com\\\/catalogo\\\/producto\\\/la-cuarta-noche-y-otros-relatos\\\/\"]}]},{\"@type\":\"ImageObject\",\"inLanguage\":\"es\",\"@id\":\"https:\\\/\\\/letrame.com\\\/catalogo\\\/producto\\\/la-cuarta-noche-y-otros-relatos\\\/#primaryimage\",\"url\":\"https:\\\/\\\/letrame.com\\\/catalogo\\\/wp-content\\\/uploads\\\/2024\\\/06\\\/webp_lacuartanoche_624mm-compressed-scaled.jpg\",\"contentUrl\":\"https:\\\/\\\/letrame.com\\\/catalogo\\\/wp-content\\\/uploads\\\/2024\\\/06\\\/webp_lacuartanoche_624mm-compressed-scaled.jpg\",\"width\":1746,\"height\":2560},{\"@type\":\"BreadcrumbList\",\"@id\":\"https:\\\/\\\/letrame.com\\\/catalogo\\\/producto\\\/la-cuarta-noche-y-otros-relatos\\\/#breadcrumb\",\"itemListElement\":[{\"@type\":\"ListItem\",\"position\":1,\"name\":\"Portada\",\"item\":\"https:\\\/\\\/letrame.com\\\/catalogo\\\/\"},{\"@type\":\"ListItem\",\"position\":2,\"name\":\"Cat\u00e1logo\",\"item\":\"https:\\\/\\\/letrame.com\\\/catalogo\\\/\"},{\"@type\":\"ListItem\",\"position\":3,\"name\":\"La cuarta noche y otros relatos\"}]},{\"@type\":\"WebSite\",\"@id\":\"https:\\\/\\\/letrame.com\\\/catalogo\\\/#website\",\"url\":\"https:\\\/\\\/letrame.com\\\/catalogo\\\/\",\"name\":\"Catalogo | Letrame Grupo Editorial\",\"description\":\"\",\"publisher\":{\"@id\":\"https:\\\/\\\/letrame.com\\\/catalogo\\\/#organization\"},\"potentialAction\":[{\"@type\":\"SearchAction\",\"target\":{\"@type\":\"EntryPoint\",\"urlTemplate\":\"https:\\\/\\\/letrame.com\\\/catalogo\\\/?s={search_term_string}\"},\"query-input\":{\"@type\":\"PropertyValueSpecification\",\"valueRequired\":true,\"valueName\":\"search_term_string\"}}],\"inLanguage\":\"es\"},{\"@type\":\"Organization\",\"@id\":\"https:\\\/\\\/letrame.com\\\/catalogo\\\/#organization\",\"name\":\"Catalogo | Letrame Grupo Editorial\",\"url\":\"https:\\\/\\\/letrame.com\\\/catalogo\\\/\",\"logo\":{\"@type\":\"ImageObject\",\"inLanguage\":\"es\",\"@id\":\"https:\\\/\\\/letrame.com\\\/catalogo\\\/#\\\/schema\\\/logo\\\/image\\\/\",\"url\":\"https:\\\/\\\/letrame.com\\\/catalogo\\\/wp-content\\\/uploads\\\/2024\\\/03\\\/logo2.webp\",\"contentUrl\":\"https:\\\/\\\/letrame.com\\\/catalogo\\\/wp-content\\\/uploads\\\/2024\\\/03\\\/logo2.webp\",\"width\":394,\"height\":128,\"caption\":\"Catalogo | Letrame Grupo Editorial\"},\"image\":{\"@id\":\"https:\\\/\\\/letrame.com\\\/catalogo\\\/#\\\/schema\\\/logo\\\/image\\\/\"}}]}<\/script>\n<!-- \/ Yoast SEO plugin. -->","yoast_head_json":{"title":"La cuarta noche y otros relatos - Catalogo | Letrame Grupo Editorial","robots":{"index":"index","follow":"follow","max-snippet":"max-snippet:-1","max-image-preview":"max-image-preview:large","max-video-preview":"max-video-preview:-1"},"canonical":"https:\/\/letrame.com\/catalogo\/producto\/la-cuarta-noche-y-otros-relatos\/","og_locale":"es_ES","og_type":"article","og_title":"La cuarta noche y otros relatos - Catalogo | Letrame Grupo Editorial","og_description":"ISBN:\u00a0978-84-1068-001-2  SINOPSIS  La cuarta noche y otros relatos es una colecci\u00f3n de cuentos que aborda temas que son de alta trascendencia en la literatura universal moderna y que generan especial inter\u00e9s e inquietud en el lector de ficciones. En este volumen, narrado en su mayor\u00eda en primera persona del singular, toman relevancia temas como los sue\u00f1os, la muerte como signo de la fatalidad que acaece de varias maneras, as\u00ed como el azar y las enso\u00f1aciones de los personajes. El lector experimentar\u00e1 sensaciones y tal vez conexiones con los personajes-narradores en una variedad de situaciones que trascienden la ficci\u00f3n y que pueden abarcar parte de lo que com\u00fanmente conocemos como realidad.  Para el escritor de estos relatos, el cuento es un g\u00e9nero libre, pero entiende que un buen cuento moderno es un juego equilibrado de luces y sombras como en alg\u00fan momento lo defini\u00f3 el escritor ingl\u00e9s G.K Chesterton, pero sin pretender aplicar esta f\u00f3rmula a todas sus narraciones. Los cuentos aqu\u00ed contenidos hacen parte de una b\u00fasqueda individual y ps\u00edquica, que intenta explorar los recodos m\u00e1s ocultos del mundo interior en donde abundan los deseos, las elucubraciones, conjeturas, fantas\u00edas e inquietudes m\u00e1s profundas\u2026  El escritor.","og_url":"https:\/\/letrame.com\/catalogo\/producto\/la-cuarta-noche-y-otros-relatos\/","og_site_name":"Catalogo | Letrame Grupo Editorial","article_modified_time":"2024-07-03T10:50:33+00:00","og_image":[{"width":1746,"height":2560,"url":"https:\/\/letrame.com\/catalogo\/wp-content\/uploads\/2024\/06\/webp_lacuartanoche_624mm-compressed-scaled.jpg","type":"image\/jpeg"}],"twitter_card":"summary_large_image","twitter_misc":{"Tiempo de lectura":"2 minutos"},"schema":{"@context":"https:\/\/schema.org","@graph":[{"@type":"WebPage","@id":"https:\/\/letrame.com\/catalogo\/producto\/la-cuarta-noche-y-otros-relatos\/","url":"https:\/\/letrame.com\/catalogo\/producto\/la-cuarta-noche-y-otros-relatos\/","name":"La cuarta noche y otros relatos - Catalogo | Letrame Grupo Editorial","isPartOf":{"@id":"https:\/\/letrame.com\/catalogo\/#website"},"primaryImageOfPage":{"@id":"https:\/\/letrame.com\/catalogo\/producto\/la-cuarta-noche-y-otros-relatos\/#primaryimage"},"image":{"@id":"https:\/\/letrame.com\/catalogo\/producto\/la-cuarta-noche-y-otros-relatos\/#primaryimage"},"thumbnailUrl":"https:\/\/letrame.com\/catalogo\/wp-content\/uploads\/2024\/06\/webp_lacuartanoche_624mm-compressed-scaled.jpg","datePublished":"2024-06-11T08:02:16+00:00","dateModified":"2024-07-03T10:50:33+00:00","breadcrumb":{"@id":"https:\/\/letrame.com\/catalogo\/producto\/la-cuarta-noche-y-otros-relatos\/#breadcrumb"},"inLanguage":"es","potentialAction":[{"@type":"ReadAction","target":["https:\/\/letrame.com\/catalogo\/producto\/la-cuarta-noche-y-otros-relatos\/"]}]},{"@type":"ImageObject","inLanguage":"es","@id":"https:\/\/letrame.com\/catalogo\/producto\/la-cuarta-noche-y-otros-relatos\/#primaryimage","url":"https:\/\/letrame.com\/catalogo\/wp-content\/uploads\/2024\/06\/webp_lacuartanoche_624mm-compressed-scaled.jpg","contentUrl":"https:\/\/letrame.com\/catalogo\/wp-content\/uploads\/2024\/06\/webp_lacuartanoche_624mm-compressed-scaled.jpg","width":1746,"height":2560},{"@type":"BreadcrumbList","@id":"https:\/\/letrame.com\/catalogo\/producto\/la-cuarta-noche-y-otros-relatos\/#breadcrumb","itemListElement":[{"@type":"ListItem","position":1,"name":"Portada","item":"https:\/\/letrame.com\/catalogo\/"},{"@type":"ListItem","position":2,"name":"Cat\u00e1logo","item":"https:\/\/letrame.com\/catalogo\/"},{"@type":"ListItem","position":3,"name":"La cuarta noche y otros relatos"}]},{"@type":"WebSite","@id":"https:\/\/letrame.com\/catalogo\/#website","url":"https:\/\/letrame.com\/catalogo\/","name":"Catalogo | Letrame Grupo Editorial","description":"","publisher":{"@id":"https:\/\/letrame.com\/catalogo\/#organization"},"potentialAction":[{"@type":"SearchAction","target":{"@type":"EntryPoint","urlTemplate":"https:\/\/letrame.com\/catalogo\/?s={search_term_string}"},"query-input":{"@type":"PropertyValueSpecification","valueRequired":true,"valueName":"search_term_string"}}],"inLanguage":"es"},{"@type":"Organization","@id":"https:\/\/letrame.com\/catalogo\/#organization","name":"Catalogo | Letrame Grupo Editorial","url":"https:\/\/letrame.com\/catalogo\/","logo":{"@type":"ImageObject","inLanguage":"es","@id":"https:\/\/letrame.com\/catalogo\/#\/schema\/logo\/image\/","url":"https:\/\/letrame.com\/catalogo\/wp-content\/uploads\/2024\/03\/logo2.webp","contentUrl":"https:\/\/letrame.com\/catalogo\/wp-content\/uploads\/2024\/03\/logo2.webp","width":394,"height":128,"caption":"Catalogo | Letrame Grupo Editorial"},"image":{"@id":"https:\/\/letrame.com\/catalogo\/#\/schema\/logo\/image\/"}}]}},"_links":{"self":[{"href":"https:\/\/letrame.com\/catalogo\/wp-json\/wp\/v2\/product\/101286","targetHints":{"allow":["GET"]}}],"collection":[{"href":"https:\/\/letrame.com\/catalogo\/wp-json\/wp\/v2\/product"}],"about":[{"href":"https:\/\/letrame.com\/catalogo\/wp-json\/wp\/v2\/types\/product"}],"replies":[{"embeddable":true,"href":"https:\/\/letrame.com\/catalogo\/wp-json\/wp\/v2\/comments?post=101286"}],"acf:post":[{"embeddable":true,"href":"https:\/\/letrame.com\/catalogo\/wp-json\/wp\/v2\/author_book\/101287"}],"wp:featuredmedia":[{"embeddable":true,"href":"https:\/\/letrame.com\/catalogo\/wp-json\/wp\/v2\/media\/101289"}],"wp:attachment":[{"href":"https:\/\/letrame.com\/catalogo\/wp-json\/wp\/v2\/media?parent=101286"}],"wp:term":[{"taxonomy":"libro","embeddable":true,"href":"https:\/\/letrame.com\/catalogo\/wp-json\/wp\/v2\/libro?post=101286"},{"taxonomy":"product_brand","embeddable":true,"href":"https:\/\/letrame.com\/catalogo\/wp-json\/wp\/v2\/product_brand?post=101286"},{"taxonomy":"product_cat","embeddable":true,"href":"https:\/\/letrame.com\/catalogo\/wp-json\/wp\/v2\/product_cat?post=101286"},{"taxonomy":"product_tag","embeddable":true,"href":"https:\/\/letrame.com\/catalogo\/wp-json\/wp\/v2\/product_tag?post=101286"}],"curies":[{"name":"wp","href":"https:\/\/api.w.org\/{rel}","templated":true}]}}