{"id":101241,"date":"2024-06-04T09:49:41","date_gmt":"2024-06-04T07:49:41","guid":{"rendered":"https:\/\/letrame.com\/catalogo\/?post_type=product&#038;p=101241"},"modified":"2024-06-04T14:56:16","modified_gmt":"2024-06-04T12:56:16","slug":"cuentos-fueguinos","status":"publish","type":"product","link":"https:\/\/letrame.com\/catalogo\/producto\/cuentos-fueguinos\/","title":{"rendered":"Cuentos fueguinos"},"content":{"rendered":"<p>ISBN:\u00a0978-84-1068-154-5<br \/>\nT\u00edtulo:\u2028CUENTOS FUEGUINOS<br \/>\nFecha:\u20282024<br \/>\nP\u00e1ginas:\u00a056<br \/>\nSINOPSIS<\/p>\n<p>La porci\u00f3n norte y central de Tierra del Fuego tiene amplias planicies en las que habitaron los Selk\u00b4nam. Como vestuario utilizaban pieles de guanacos y cururos, que tambi\u00e9n les serv\u00edan para fabricar calzado y guantes. Se pintaban el cuerpo principalmente para demostrar el estado de \u00e1nimo que ten\u00edan. Eran muy respetuosos con los lugares en los que viv\u00edan y compart\u00edan los territorios de caza sin necesidad de demarcarlos. Los pueblos canoeros se refer\u00edan a los Selk\u00b4nam como Onas, que en idioma yag\u00e1n significa \u00abgente del norte\u00bb. Si bien Hernando de Magallanes es probable que no viera ning\u00fan Selk\u00b4nam cuando pas\u00f3 por el estrecho que hoy lleva su nombre, s\u00ed vio las grandes fogatas, y por eso bautiz\u00f3 a la isla al sur del estrecho como Tierra del Fuego.<br \/>\nLos cuentos que se relatan en este libro tienen como finalidad ense\u00f1ar lo que era la ceremonia del Hain, momento en el cual los j\u00f3venes pasaban a considerarse adultos. El segundo cuento relata, en parte, como empez\u00f3 a ser aniquilado este pueblo. Se calcula que en los a\u00f1os 1880 hab\u00eda una poblaci\u00f3n de aproximadamente 4000 o 5000 Selk\u00b4nams, y diez a\u00f1os despu\u00e9s hab\u00eda disminuido a la mitad, ya que los estancieros (grandes terratenientes) y los mineros que se dedicaban a la extracci\u00f3n de oro fueron eliminando a este pueblo originario. Las grandes estancias contrataron a \u00abcazadores de indios\u00bb, en su mayor\u00eda brit\u00e1nicos, a quienes se les pagaba una libra esterlina por par de orejas como demostraci\u00f3n de que hab\u00edan eliminado a un Selk\u00b4nam. Al recluirlos en las misiones salesianas que tanto Argentina como Chile fundaron en Tierra del Fuego e Isla Dawson, los Selk\u00b4nam sucumbieron por enfermedades como el sarampi\u00f3n y la tuberculosis.<br \/>\nHoy en d\u00eda no quedan Selk\u00b4nams puros, solo mestizos, pero tanto el estado de Chile como el de Argentina est\u00e1n tratando de reunir a los descendientes de esta raza para revitalizar la cultura, su lengua nativa, sus costumbres y ceremonias.<\/p>\n","protected":false},"excerpt":{"rendered":"<p>ISBN:\u00a0978-84-1068-154-5<\/p>\n<p>SINOPSIS<\/p>\n<p>La porci\u00f3n norte y central de Tierra del Fuego tiene amplias planicies en las que habitaron los Selk\u00b4nam. Como vestuario utilizaban pieles de guanacos y cururos, que tambi\u00e9n les serv\u00edan para fabricar calzado y guantes. Se pintaban el cuerpo principalmente para demostrar el estado de \u00e1nimo que ten\u00edan. Eran muy respetuosos con los lugares en los que viv\u00edan y compart\u00edan los territorios de caza sin necesidad de demarcarlos. Los pueblos canoeros se refer\u00edan a los Selk\u00b4nam como Onas, que en idioma yag\u00e1n significa \u00abgente del norte\u00bb. Si bien Hernando de Magallanes es probable que no viera ning\u00fan Selk\u00b4nam cuando pas\u00f3 por el estrecho que hoy lleva su nombre, s\u00ed vio las grandes fogatas, y por eso bautiz\u00f3 a la isla al sur del estrecho como Tierra del Fuego.<br \/>\nLos cuentos que se relatan en este libro tienen como finalidad ense\u00f1ar lo que era la ceremonia del Hain, momento en el cual los j\u00f3venes pasaban a considerarse adultos. El segundo cuento relata, en parte, como empez\u00f3 a ser aniquilado este pueblo. Se calcula que en los a\u00f1os 1880 hab\u00eda una poblaci\u00f3n de aproximadamente 4000 o 5000 Selk\u00b4nams, y diez a\u00f1os despu\u00e9s hab\u00eda disminuido a la mitad, ya que los estancieros (grandes terratenientes) y los mineros que se dedicaban a la extracci\u00f3n de oro fueron eliminando a este pueblo originario. Las grandes estancias contrataron a \u00abcazadores de indios\u00bb, en su mayor\u00eda brit\u00e1nicos, a quienes se les pagaba una libra esterlina por par de orejas como demostraci\u00f3n de que hab\u00edan eliminado a un Selk\u00b4nam. Al recluirlos en las misiones salesianas que tanto Argentina como Chile fundaron en Tierra del Fuego e Isla Dawson, los Selk\u00b4nam sucumbieron por enfermedades como el sarampi\u00f3n y la tuberculosis.<br \/>\nHoy en d\u00eda no quedan Selk\u00b4nams puros, solo mestizos, pero tanto el estado de Chile como el de Argentina est\u00e1n tratando de reunir a los descendientes de esta raza para revitalizar la cultura, su lengua nativa, sus costumbres y ceremonias.<\/p>\n","protected":false},"featured_media":101245,"comment_status":"open","ping_status":"closed","template":"","meta":{"_acf_changed":false},"libro":[],"product_brand":[],"product_cat":[16],"product_tag":[],"class_list":{"0":"post-101241","1":"product","2":"type-product","3":"status-publish","4":"has-post-thumbnail","6":"product_cat-novela","8":"first","9":"instock","10":"shipping-taxable","11":"product-type-simple"},"acf":{"autor":[101242],"enlace_de_compra":"https:\/\/www.casadellibro.com\/libro-cuentos-fueguinos\/9788410681545\/16087628"},"yoast_head":"<!-- This site is optimized with the Yoast SEO plugin v26.6 - https:\/\/yoast.com\/wordpress\/plugins\/seo\/ -->\n<title>Cuentos fueguinos - Catalogo | Letrame Grupo Editorial<\/title>\n<meta name=\"robots\" content=\"index, follow, max-snippet:-1, max-image-preview:large, max-video-preview:-1\" \/>\n<link rel=\"canonical\" href=\"https:\/\/letrame.com\/catalogo\/producto\/cuentos-fueguinos\/\" \/>\n<meta property=\"og:locale\" content=\"es_ES\" \/>\n<meta property=\"og:type\" content=\"article\" \/>\n<meta property=\"og:title\" content=\"Cuentos fueguinos - Catalogo | Letrame Grupo Editorial\" \/>\n<meta property=\"og:description\" content=\"ISBN:\u00a0978-84-1068-154-5  SINOPSIS  La porci\u00f3n norte y central de Tierra del Fuego tiene amplias planicies en las que habitaron los Selk\u00b4nam. Como vestuario utilizaban pieles de guanacos y cururos, que tambi\u00e9n les serv\u00edan para fabricar calzado y guantes. Se pintaban el cuerpo principalmente para demostrar el estado de \u00e1nimo que ten\u00edan. Eran muy respetuosos con los lugares en los que viv\u00edan y compart\u00edan los territorios de caza sin necesidad de demarcarlos. Los pueblos canoeros se refer\u00edan a los Selk\u00b4nam como Onas, que en idioma yag\u00e1n significa \u00abgente del norte\u00bb. Si bien Hernando de Magallanes es probable que no viera ning\u00fan Selk\u00b4nam cuando pas\u00f3 por el estrecho que hoy lleva su nombre, s\u00ed vio las grandes fogatas, y por eso bautiz\u00f3 a la isla al sur del estrecho como Tierra del Fuego. Los cuentos que se relatan en este libro tienen como finalidad ense\u00f1ar lo que era la ceremonia del Hain, momento en el cual los j\u00f3venes pasaban a considerarse adultos. El segundo cuento relata, en parte, como empez\u00f3 a ser aniquilado este pueblo. Se calcula que en los a\u00f1os 1880 hab\u00eda una poblaci\u00f3n de aproximadamente 4000 o 5000 Selk\u00b4nams, y diez a\u00f1os despu\u00e9s hab\u00eda disminuido a la mitad, ya que los estancieros (grandes terratenientes) y los mineros que se dedicaban a la extracci\u00f3n de oro fueron eliminando a este pueblo originario. Las grandes estancias contrataron a \u00abcazadores de indios\u00bb, en su mayor\u00eda brit\u00e1nicos, a quienes se les pagaba una libra esterlina por par de orejas como demostraci\u00f3n de que hab\u00edan eliminado a un Selk\u00b4nam. Al recluirlos en las misiones salesianas que tanto Argentina como Chile fundaron en Tierra del Fuego e Isla Dawson, los Selk\u00b4nam sucumbieron por enfermedades como el sarampi\u00f3n y la tuberculosis. Hoy en d\u00eda no quedan Selk\u00b4nams puros, solo mestizos, pero tanto el estado de Chile como el de Argentina est\u00e1n tratando de reunir a los descendientes de esta raza para revitalizar la cultura, su lengua nativa, sus costumbres y ceremonias.\" \/>\n<meta property=\"og:url\" content=\"https:\/\/letrame.com\/catalogo\/producto\/cuentos-fueguinos\/\" \/>\n<meta property=\"og:site_name\" content=\"Catalogo | Letrame Grupo Editorial\" \/>\n<meta property=\"article:modified_time\" content=\"2024-06-04T12:56:16+00:00\" \/>\n<meta property=\"og:image\" content=\"https:\/\/letrame.com\/catalogo\/wp-content\/uploads\/2024\/06\/webp_cuentosfueguinos_4mm-compressed.jpg\" \/>\n\t<meta property=\"og:image:width\" content=\"1772\" \/>\n\t<meta property=\"og:image:height\" content=\"2480\" \/>\n\t<meta property=\"og:image:type\" content=\"image\/jpeg\" \/>\n<meta name=\"twitter:card\" content=\"summary_large_image\" \/>\n<meta name=\"twitter:label1\" content=\"Tiempo de lectura\" \/>\n\t<meta name=\"twitter:data1\" content=\"2 minutos\" \/>\n<script type=\"application\/ld+json\" class=\"yoast-schema-graph\">{\"@context\":\"https:\/\/schema.org\",\"@graph\":[{\"@type\":\"WebPage\",\"@id\":\"https:\/\/letrame.com\/catalogo\/producto\/cuentos-fueguinos\/\",\"url\":\"https:\/\/letrame.com\/catalogo\/producto\/cuentos-fueguinos\/\",\"name\":\"Cuentos fueguinos - Catalogo | Letrame Grupo Editorial\",\"isPartOf\":{\"@id\":\"https:\/\/letrame.com\/catalogo\/#website\"},\"primaryImageOfPage\":{\"@id\":\"https:\/\/letrame.com\/catalogo\/producto\/cuentos-fueguinos\/#primaryimage\"},\"image\":{\"@id\":\"https:\/\/letrame.com\/catalogo\/producto\/cuentos-fueguinos\/#primaryimage\"},\"thumbnailUrl\":\"https:\/\/letrame.com\/catalogo\/wp-content\/uploads\/2024\/06\/webp_cuentosfueguinos_4mm-compressed.jpg\",\"datePublished\":\"2024-06-04T07:49:41+00:00\",\"dateModified\":\"2024-06-04T12:56:16+00:00\",\"breadcrumb\":{\"@id\":\"https:\/\/letrame.com\/catalogo\/producto\/cuentos-fueguinos\/#breadcrumb\"},\"inLanguage\":\"es\",\"potentialAction\":[{\"@type\":\"ReadAction\",\"target\":[\"https:\/\/letrame.com\/catalogo\/producto\/cuentos-fueguinos\/\"]}]},{\"@type\":\"ImageObject\",\"inLanguage\":\"es\",\"@id\":\"https:\/\/letrame.com\/catalogo\/producto\/cuentos-fueguinos\/#primaryimage\",\"url\":\"https:\/\/letrame.com\/catalogo\/wp-content\/uploads\/2024\/06\/webp_cuentosfueguinos_4mm-compressed.jpg\",\"contentUrl\":\"https:\/\/letrame.com\/catalogo\/wp-content\/uploads\/2024\/06\/webp_cuentosfueguinos_4mm-compressed.jpg\",\"width\":1772,\"height\":2480},{\"@type\":\"BreadcrumbList\",\"@id\":\"https:\/\/letrame.com\/catalogo\/producto\/cuentos-fueguinos\/#breadcrumb\",\"itemListElement\":[{\"@type\":\"ListItem\",\"position\":1,\"name\":\"Portada\",\"item\":\"https:\/\/letrame.com\/catalogo\/\"},{\"@type\":\"ListItem\",\"position\":2,\"name\":\"Cat\u00e1logo\",\"item\":\"https:\/\/letrame.com\/catalogo\/\"},{\"@type\":\"ListItem\",\"position\":3,\"name\":\"Cuentos fueguinos\"}]},{\"@type\":\"WebSite\",\"@id\":\"https:\/\/letrame.com\/catalogo\/#website\",\"url\":\"https:\/\/letrame.com\/catalogo\/\",\"name\":\"Catalogo | Letrame Grupo Editorial\",\"description\":\"\",\"publisher\":{\"@id\":\"https:\/\/letrame.com\/catalogo\/#organization\"},\"potentialAction\":[{\"@type\":\"SearchAction\",\"target\":{\"@type\":\"EntryPoint\",\"urlTemplate\":\"https:\/\/letrame.com\/catalogo\/?s={search_term_string}\"},\"query-input\":{\"@type\":\"PropertyValueSpecification\",\"valueRequired\":true,\"valueName\":\"search_term_string\"}}],\"inLanguage\":\"es\"},{\"@type\":\"Organization\",\"@id\":\"https:\/\/letrame.com\/catalogo\/#organization\",\"name\":\"Catalogo | Letrame Grupo Editorial\",\"url\":\"https:\/\/letrame.com\/catalogo\/\",\"logo\":{\"@type\":\"ImageObject\",\"inLanguage\":\"es\",\"@id\":\"https:\/\/letrame.com\/catalogo\/#\/schema\/logo\/image\/\",\"url\":\"https:\/\/letrame.com\/catalogo\/wp-content\/uploads\/2024\/03\/logo2.webp\",\"contentUrl\":\"https:\/\/letrame.com\/catalogo\/wp-content\/uploads\/2024\/03\/logo2.webp\",\"width\":394,\"height\":128,\"caption\":\"Catalogo | Letrame Grupo Editorial\"},\"image\":{\"@id\":\"https:\/\/letrame.com\/catalogo\/#\/schema\/logo\/image\/\"}}]}<\/script>\n<!-- \/ Yoast SEO plugin. -->","yoast_head_json":{"title":"Cuentos fueguinos - Catalogo | Letrame Grupo Editorial","robots":{"index":"index","follow":"follow","max-snippet":"max-snippet:-1","max-image-preview":"max-image-preview:large","max-video-preview":"max-video-preview:-1"},"canonical":"https:\/\/letrame.com\/catalogo\/producto\/cuentos-fueguinos\/","og_locale":"es_ES","og_type":"article","og_title":"Cuentos fueguinos - Catalogo | Letrame Grupo Editorial","og_description":"ISBN:\u00a0978-84-1068-154-5  SINOPSIS  La porci\u00f3n norte y central de Tierra del Fuego tiene amplias planicies en las que habitaron los Selk\u00b4nam. Como vestuario utilizaban pieles de guanacos y cururos, que tambi\u00e9n les serv\u00edan para fabricar calzado y guantes. Se pintaban el cuerpo principalmente para demostrar el estado de \u00e1nimo que ten\u00edan. Eran muy respetuosos con los lugares en los que viv\u00edan y compart\u00edan los territorios de caza sin necesidad de demarcarlos. Los pueblos canoeros se refer\u00edan a los Selk\u00b4nam como Onas, que en idioma yag\u00e1n significa \u00abgente del norte\u00bb. Si bien Hernando de Magallanes es probable que no viera ning\u00fan Selk\u00b4nam cuando pas\u00f3 por el estrecho que hoy lleva su nombre, s\u00ed vio las grandes fogatas, y por eso bautiz\u00f3 a la isla al sur del estrecho como Tierra del Fuego. Los cuentos que se relatan en este libro tienen como finalidad ense\u00f1ar lo que era la ceremonia del Hain, momento en el cual los j\u00f3venes pasaban a considerarse adultos. El segundo cuento relata, en parte, como empez\u00f3 a ser aniquilado este pueblo. Se calcula que en los a\u00f1os 1880 hab\u00eda una poblaci\u00f3n de aproximadamente 4000 o 5000 Selk\u00b4nams, y diez a\u00f1os despu\u00e9s hab\u00eda disminuido a la mitad, ya que los estancieros (grandes terratenientes) y los mineros que se dedicaban a la extracci\u00f3n de oro fueron eliminando a este pueblo originario. Las grandes estancias contrataron a \u00abcazadores de indios\u00bb, en su mayor\u00eda brit\u00e1nicos, a quienes se les pagaba una libra esterlina por par de orejas como demostraci\u00f3n de que hab\u00edan eliminado a un Selk\u00b4nam. Al recluirlos en las misiones salesianas que tanto Argentina como Chile fundaron en Tierra del Fuego e Isla Dawson, los Selk\u00b4nam sucumbieron por enfermedades como el sarampi\u00f3n y la tuberculosis. Hoy en d\u00eda no quedan Selk\u00b4nams puros, solo mestizos, pero tanto el estado de Chile como el de Argentina est\u00e1n tratando de reunir a los descendientes de esta raza para revitalizar la cultura, su lengua nativa, sus costumbres y ceremonias.","og_url":"https:\/\/letrame.com\/catalogo\/producto\/cuentos-fueguinos\/","og_site_name":"Catalogo | Letrame Grupo Editorial","article_modified_time":"2024-06-04T12:56:16+00:00","og_image":[{"width":1772,"height":2480,"url":"https:\/\/letrame.com\/catalogo\/wp-content\/uploads\/2024\/06\/webp_cuentosfueguinos_4mm-compressed.jpg","type":"image\/jpeg"}],"twitter_card":"summary_large_image","twitter_misc":{"Tiempo de lectura":"2 minutos"},"schema":{"@context":"https:\/\/schema.org","@graph":[{"@type":"WebPage","@id":"https:\/\/letrame.com\/catalogo\/producto\/cuentos-fueguinos\/","url":"https:\/\/letrame.com\/catalogo\/producto\/cuentos-fueguinos\/","name":"Cuentos fueguinos - Catalogo | Letrame Grupo Editorial","isPartOf":{"@id":"https:\/\/letrame.com\/catalogo\/#website"},"primaryImageOfPage":{"@id":"https:\/\/letrame.com\/catalogo\/producto\/cuentos-fueguinos\/#primaryimage"},"image":{"@id":"https:\/\/letrame.com\/catalogo\/producto\/cuentos-fueguinos\/#primaryimage"},"thumbnailUrl":"https:\/\/letrame.com\/catalogo\/wp-content\/uploads\/2024\/06\/webp_cuentosfueguinos_4mm-compressed.jpg","datePublished":"2024-06-04T07:49:41+00:00","dateModified":"2024-06-04T12:56:16+00:00","breadcrumb":{"@id":"https:\/\/letrame.com\/catalogo\/producto\/cuentos-fueguinos\/#breadcrumb"},"inLanguage":"es","potentialAction":[{"@type":"ReadAction","target":["https:\/\/letrame.com\/catalogo\/producto\/cuentos-fueguinos\/"]}]},{"@type":"ImageObject","inLanguage":"es","@id":"https:\/\/letrame.com\/catalogo\/producto\/cuentos-fueguinos\/#primaryimage","url":"https:\/\/letrame.com\/catalogo\/wp-content\/uploads\/2024\/06\/webp_cuentosfueguinos_4mm-compressed.jpg","contentUrl":"https:\/\/letrame.com\/catalogo\/wp-content\/uploads\/2024\/06\/webp_cuentosfueguinos_4mm-compressed.jpg","width":1772,"height":2480},{"@type":"BreadcrumbList","@id":"https:\/\/letrame.com\/catalogo\/producto\/cuentos-fueguinos\/#breadcrumb","itemListElement":[{"@type":"ListItem","position":1,"name":"Portada","item":"https:\/\/letrame.com\/catalogo\/"},{"@type":"ListItem","position":2,"name":"Cat\u00e1logo","item":"https:\/\/letrame.com\/catalogo\/"},{"@type":"ListItem","position":3,"name":"Cuentos fueguinos"}]},{"@type":"WebSite","@id":"https:\/\/letrame.com\/catalogo\/#website","url":"https:\/\/letrame.com\/catalogo\/","name":"Catalogo | Letrame Grupo Editorial","description":"","publisher":{"@id":"https:\/\/letrame.com\/catalogo\/#organization"},"potentialAction":[{"@type":"SearchAction","target":{"@type":"EntryPoint","urlTemplate":"https:\/\/letrame.com\/catalogo\/?s={search_term_string}"},"query-input":{"@type":"PropertyValueSpecification","valueRequired":true,"valueName":"search_term_string"}}],"inLanguage":"es"},{"@type":"Organization","@id":"https:\/\/letrame.com\/catalogo\/#organization","name":"Catalogo | Letrame Grupo Editorial","url":"https:\/\/letrame.com\/catalogo\/","logo":{"@type":"ImageObject","inLanguage":"es","@id":"https:\/\/letrame.com\/catalogo\/#\/schema\/logo\/image\/","url":"https:\/\/letrame.com\/catalogo\/wp-content\/uploads\/2024\/03\/logo2.webp","contentUrl":"https:\/\/letrame.com\/catalogo\/wp-content\/uploads\/2024\/03\/logo2.webp","width":394,"height":128,"caption":"Catalogo | Letrame Grupo Editorial"},"image":{"@id":"https:\/\/letrame.com\/catalogo\/#\/schema\/logo\/image\/"}}]}},"_links":{"self":[{"href":"https:\/\/letrame.com\/catalogo\/wp-json\/wp\/v2\/product\/101241","targetHints":{"allow":["GET"]}}],"collection":[{"href":"https:\/\/letrame.com\/catalogo\/wp-json\/wp\/v2\/product"}],"about":[{"href":"https:\/\/letrame.com\/catalogo\/wp-json\/wp\/v2\/types\/product"}],"replies":[{"embeddable":true,"href":"https:\/\/letrame.com\/catalogo\/wp-json\/wp\/v2\/comments?post=101241"}],"acf:post":[{"embeddable":true,"href":"https:\/\/letrame.com\/catalogo\/wp-json\/wp\/v2\/author_book\/101242"}],"wp:featuredmedia":[{"embeddable":true,"href":"https:\/\/letrame.com\/catalogo\/wp-json\/wp\/v2\/media\/101245"}],"wp:attachment":[{"href":"https:\/\/letrame.com\/catalogo\/wp-json\/wp\/v2\/media?parent=101241"}],"wp:term":[{"taxonomy":"libro","embeddable":true,"href":"https:\/\/letrame.com\/catalogo\/wp-json\/wp\/v2\/libro?post=101241"},{"taxonomy":"product_brand","embeddable":true,"href":"https:\/\/letrame.com\/catalogo\/wp-json\/wp\/v2\/product_brand?post=101241"},{"taxonomy":"product_cat","embeddable":true,"href":"https:\/\/letrame.com\/catalogo\/wp-json\/wp\/v2\/product_cat?post=101241"},{"taxonomy":"product_tag","embeddable":true,"href":"https:\/\/letrame.com\/catalogo\/wp-json\/wp\/v2\/product_tag?post=101241"}],"curies":[{"name":"wp","href":"https:\/\/api.w.org\/{rel}","templated":true}]}}