{"id":101227,"date":"2024-06-03T16:43:18","date_gmt":"2024-06-03T14:43:18","guid":{"rendered":"https:\/\/letrame.com\/catalogo\/?post_type=product&#038;p=101227"},"modified":"2024-06-04T14:57:06","modified_gmt":"2024-06-04T12:57:06","slug":"luz-alma-y-senda","status":"publish","type":"product","link":"https:\/\/letrame.com\/catalogo\/producto\/luz-alma-y-senda\/","title":{"rendered":"Luz, alma y senda"},"content":{"rendered":"<p>ISBN:\u00a0978-84-1068-303-7<br \/>\nT\u00edtulo:\u2028LUZ, ALMA Y SENDA<br \/>\nFecha:\u20282024<br \/>\nP\u00e1ginas:\u00a080<br \/>\nSINOPSIS<\/p>\n<p>Besos con luz de alma&#8230;<\/p>\n<p>Desde la suave piel del alma nace un d\u00eda que sue\u00f1a si lo dibujas, nace un d\u00eda que la luna de su luz si lo inspiras y bien lo respiras, le pones ventanas abiertas al tiempo y embriagas de sue\u00f1os despiertos. No s\u00e9, pero s\u00e9 que un d\u00eda es mucho m\u00e1s que una simple retah\u00edla de horas, porque tu luz, tu alma y tu senda, quitan todas las vendas con sus nobles besos.<\/p>\n<p>Nace un d\u00eda que no est\u00e1 escrito, donde tus pasos ser\u00e1n el alma viva del gozo de tus ojos, que aprietan el sentir de tantas miradas honestas, asomadas al balc\u00f3n desnudo del tiempo. Y, las p\u00e1ginas del libro de tu existencia siguen entusiasmadas con la luz \u00e9tica de su argumento.<\/p>\n<p>Un d\u00eda m\u00e1s asomado con el gozo de la esencia junto al balc\u00f3n del tiempo. No s\u00e9 si habr\u00e1 cielo capaz de apretar la luz de la esencia, que mira e inspira los dibujos de los sue\u00f1os de tu alma&#8230; <\/p>\n<p>Luz,  alma y senda. Humildad y grandeza de la sublime creatividad. Luz, alma y senda&#8230; el gozo que no puede parar m\u00e1s. Luz, alma y senda&#8230; ese sentido camino que sabes, que est\u00e1 ah\u00ed, que mira y respira los besos que dejas con tu huella en ese camino que sue\u00f1a e inspira. Luz, alma y senda, ese sue\u00f1o despierto que riega el agua de una sonrisa blanca para dejar que sientas y aprietes cada uno de los segundos del tiempo.<\/p>\n<p>En la esencia del ser est\u00e1n siempre la luz, el alma y la senda y con ellos el vestido existencial es una joya celestial la que dejamos en sus pasos. <\/p>\n","protected":false},"excerpt":{"rendered":"<p>ISBN:\u00a0978-84-1068-303-7<\/p>\n<p>SINOPSIS<\/p>\n<p>Besos con luz de alma&#8230;<\/p>\n<p>Desde la suave piel del alma nace un d\u00eda que sue\u00f1a si lo dibujas, nace un d\u00eda que la luna de su luz si lo inspiras y bien lo respiras, le pones ventanas abiertas al tiempo y embriagas de sue\u00f1os despiertos. No s\u00e9, pero s\u00e9 que un d\u00eda es mucho m\u00e1s que una simple retah\u00edla de horas, porque tu luz, tu alma y tu senda, quitan todas las vendas con sus nobles besos.<\/p>\n<p>Nace un d\u00eda que no est\u00e1 escrito, donde tus pasos ser\u00e1n el alma viva del gozo de tus ojos, que aprietan el sentir de tantas miradas honestas, asomadas al balc\u00f3n desnudo del tiempo. Y, las p\u00e1ginas del libro de tu existencia siguen entusiasmadas con la luz \u00e9tica de su argumento.<\/p>\n<p>Un d\u00eda m\u00e1s asomado con el gozo de la esencia junto al balc\u00f3n del tiempo. No s\u00e9 si habr\u00e1 cielo capaz de apretar la luz de la esencia, que mira e inspira los dibujos de los sue\u00f1os de tu alma&#8230; <\/p>\n<p>Luz,  alma y senda. Humildad y grandeza de la sublime creatividad. Luz, alma y senda&#8230; el gozo que no puede parar m\u00e1s. Luz, alma y senda&#8230; ese sentido camino que sabes, que est\u00e1 ah\u00ed, que mira y respira los besos que dejas con tu huella en ese camino que sue\u00f1a e inspira. Luz, alma y senda, ese sue\u00f1o despierto que riega el agua de una sonrisa blanca para dejar que sientas y aprietes cada uno de los segundos del tiempo.<\/p>\n<p>En la esencia del ser est\u00e1n siempre la luz, el alma y la senda y con ellos el vestido existencial es una joya celestial la que dejamos en sus pasos. <\/p>\n","protected":false},"featured_media":101230,"comment_status":"open","ping_status":"closed","template":"","meta":{"_acf_changed":false},"libro":[],"product_brand":[],"product_cat":[20],"product_tag":[],"class_list":{"0":"post-101227","1":"product","2":"type-product","3":"status-publish","4":"has-post-thumbnail","6":"product_cat-poesia","8":"first","9":"instock","10":"shipping-taxable","11":"product-type-simple"},"acf":{"autor":[101228],"enlace_de_compra":"https:\/\/www.casadellibro.com\/libro-luz-alma-y-senda\/9788410683037\/16087413"},"yoast_head":"<!-- This site is optimized with the Yoast SEO plugin v27.4 - https:\/\/yoast.com\/product\/yoast-seo-wordpress\/ -->\n<title>Luz, alma y senda - Catalogo | Letrame Grupo Editorial<\/title>\n<meta name=\"robots\" content=\"index, follow, max-snippet:-1, max-image-preview:large, max-video-preview:-1\" \/>\n<link rel=\"canonical\" href=\"https:\/\/letrame.com\/catalogo\/producto\/luz-alma-y-senda\/\" \/>\n<meta property=\"og:locale\" content=\"es_ES\" \/>\n<meta property=\"og:type\" content=\"article\" \/>\n<meta property=\"og:title\" content=\"Luz, alma y senda - Catalogo | Letrame Grupo Editorial\" \/>\n<meta property=\"og:description\" content=\"ISBN:\u00a0978-84-1068-303-7  SINOPSIS  Besos con luz de alma...  Desde la suave piel del alma nace un d\u00eda que sue\u00f1a si lo dibujas, nace un d\u00eda que la luna de su luz si lo inspiras y bien lo respiras, le pones ventanas abiertas al tiempo y embriagas de sue\u00f1os despiertos. No s\u00e9, pero s\u00e9 que un d\u00eda es mucho m\u00e1s que una simple retah\u00edla de horas, porque tu luz, tu alma y tu senda, quitan todas las vendas con sus nobles besos.  Nace un d\u00eda que no est\u00e1 escrito, donde tus pasos ser\u00e1n el alma viva del gozo de tus ojos, que aprietan el sentir de tantas miradas honestas, asomadas al balc\u00f3n desnudo del tiempo. Y, las p\u00e1ginas del libro de tu existencia siguen entusiasmadas con la luz \u00e9tica de su argumento.  Un d\u00eda m\u00e1s asomado con el gozo de la esencia junto al balc\u00f3n del tiempo. No s\u00e9 si habr\u00e1 cielo capaz de apretar la luz de la esencia, que mira e inspira los dibujos de los sue\u00f1os de tu alma...   Luz, alma y senda. Humildad y grandeza de la sublime creatividad. Luz, alma y senda... el gozo que no puede parar m\u00e1s. Luz, alma y senda... ese sentido camino que sabes, que est\u00e1 ah\u00ed, que mira y respira los besos que dejas con tu huella en ese camino que sue\u00f1a e inspira. Luz, alma y senda, ese sue\u00f1o despierto que riega el agua de una sonrisa blanca para dejar que sientas y aprietes cada uno de los segundos del tiempo.  En la esencia del ser est\u00e1n siempre la luz, el alma y la senda y con ellos el vestido existencial es una joya celestial la que dejamos en sus pasos.\" \/>\n<meta property=\"og:url\" content=\"https:\/\/letrame.com\/catalogo\/producto\/luz-alma-y-senda\/\" \/>\n<meta property=\"og:site_name\" content=\"Catalogo | Letrame Grupo Editorial\" \/>\n<meta property=\"article:modified_time\" content=\"2024-06-04T12:57:06+00:00\" \/>\n<meta property=\"og:image\" content=\"https:\/\/letrame.com\/catalogo\/wp-content\/uploads\/2024\/06\/webp_luzalma_523mm-compressed.jpg\" \/>\n\t<meta property=\"og:image:width\" content=\"1594\" \/>\n\t<meta property=\"og:image:height\" content=\"2303\" \/>\n\t<meta property=\"og:image:type\" content=\"image\/jpeg\" \/>\n<meta name=\"twitter:card\" content=\"summary_large_image\" \/>\n<meta name=\"twitter:label1\" content=\"Tiempo de lectura\" \/>\n\t<meta name=\"twitter:data1\" content=\"2 minutos\" \/>\n<script type=\"application\/ld+json\" class=\"yoast-schema-graph\">{\"@context\":\"https:\\\/\\\/schema.org\",\"@graph\":[{\"@type\":\"WebPage\",\"@id\":\"https:\\\/\\\/letrame.com\\\/catalogo\\\/producto\\\/luz-alma-y-senda\\\/\",\"url\":\"https:\\\/\\\/letrame.com\\\/catalogo\\\/producto\\\/luz-alma-y-senda\\\/\",\"name\":\"Luz, alma y senda - Catalogo | Letrame Grupo Editorial\",\"isPartOf\":{\"@id\":\"https:\\\/\\\/letrame.com\\\/catalogo\\\/#website\"},\"primaryImageOfPage\":{\"@id\":\"https:\\\/\\\/letrame.com\\\/catalogo\\\/producto\\\/luz-alma-y-senda\\\/#primaryimage\"},\"image\":{\"@id\":\"https:\\\/\\\/letrame.com\\\/catalogo\\\/producto\\\/luz-alma-y-senda\\\/#primaryimage\"},\"thumbnailUrl\":\"https:\\\/\\\/letrame.com\\\/catalogo\\\/wp-content\\\/uploads\\\/2024\\\/06\\\/webp_luzalma_523mm-compressed.jpg\",\"datePublished\":\"2024-06-03T14:43:18+00:00\",\"dateModified\":\"2024-06-04T12:57:06+00:00\",\"breadcrumb\":{\"@id\":\"https:\\\/\\\/letrame.com\\\/catalogo\\\/producto\\\/luz-alma-y-senda\\\/#breadcrumb\"},\"inLanguage\":\"es\",\"potentialAction\":[{\"@type\":\"ReadAction\",\"target\":[\"https:\\\/\\\/letrame.com\\\/catalogo\\\/producto\\\/luz-alma-y-senda\\\/\"]}]},{\"@type\":\"ImageObject\",\"inLanguage\":\"es\",\"@id\":\"https:\\\/\\\/letrame.com\\\/catalogo\\\/producto\\\/luz-alma-y-senda\\\/#primaryimage\",\"url\":\"https:\\\/\\\/letrame.com\\\/catalogo\\\/wp-content\\\/uploads\\\/2024\\\/06\\\/webp_luzalma_523mm-compressed.jpg\",\"contentUrl\":\"https:\\\/\\\/letrame.com\\\/catalogo\\\/wp-content\\\/uploads\\\/2024\\\/06\\\/webp_luzalma_523mm-compressed.jpg\",\"width\":1594,\"height\":2303},{\"@type\":\"BreadcrumbList\",\"@id\":\"https:\\\/\\\/letrame.com\\\/catalogo\\\/producto\\\/luz-alma-y-senda\\\/#breadcrumb\",\"itemListElement\":[{\"@type\":\"ListItem\",\"position\":1,\"name\":\"Portada\",\"item\":\"https:\\\/\\\/letrame.com\\\/catalogo\\\/\"},{\"@type\":\"ListItem\",\"position\":2,\"name\":\"Cat\u00e1logo\",\"item\":\"https:\\\/\\\/letrame.com\\\/catalogo\\\/\"},{\"@type\":\"ListItem\",\"position\":3,\"name\":\"Luz, alma y senda\"}]},{\"@type\":\"WebSite\",\"@id\":\"https:\\\/\\\/letrame.com\\\/catalogo\\\/#website\",\"url\":\"https:\\\/\\\/letrame.com\\\/catalogo\\\/\",\"name\":\"Catalogo | Letrame Grupo Editorial\",\"description\":\"\",\"publisher\":{\"@id\":\"https:\\\/\\\/letrame.com\\\/catalogo\\\/#organization\"},\"potentialAction\":[{\"@type\":\"SearchAction\",\"target\":{\"@type\":\"EntryPoint\",\"urlTemplate\":\"https:\\\/\\\/letrame.com\\\/catalogo\\\/?s={search_term_string}\"},\"query-input\":{\"@type\":\"PropertyValueSpecification\",\"valueRequired\":true,\"valueName\":\"search_term_string\"}}],\"inLanguage\":\"es\"},{\"@type\":\"Organization\",\"@id\":\"https:\\\/\\\/letrame.com\\\/catalogo\\\/#organization\",\"name\":\"Catalogo | Letrame Grupo Editorial\",\"url\":\"https:\\\/\\\/letrame.com\\\/catalogo\\\/\",\"logo\":{\"@type\":\"ImageObject\",\"inLanguage\":\"es\",\"@id\":\"https:\\\/\\\/letrame.com\\\/catalogo\\\/#\\\/schema\\\/logo\\\/image\\\/\",\"url\":\"https:\\\/\\\/letrame.com\\\/catalogo\\\/wp-content\\\/uploads\\\/2024\\\/03\\\/logo2.webp\",\"contentUrl\":\"https:\\\/\\\/letrame.com\\\/catalogo\\\/wp-content\\\/uploads\\\/2024\\\/03\\\/logo2.webp\",\"width\":394,\"height\":128,\"caption\":\"Catalogo | Letrame Grupo Editorial\"},\"image\":{\"@id\":\"https:\\\/\\\/letrame.com\\\/catalogo\\\/#\\\/schema\\\/logo\\\/image\\\/\"}}]}<\/script>\n<!-- \/ Yoast SEO plugin. -->","yoast_head_json":{"title":"Luz, alma y senda - Catalogo | Letrame Grupo Editorial","robots":{"index":"index","follow":"follow","max-snippet":"max-snippet:-1","max-image-preview":"max-image-preview:large","max-video-preview":"max-video-preview:-1"},"canonical":"https:\/\/letrame.com\/catalogo\/producto\/luz-alma-y-senda\/","og_locale":"es_ES","og_type":"article","og_title":"Luz, alma y senda - Catalogo | Letrame Grupo Editorial","og_description":"ISBN:\u00a0978-84-1068-303-7  SINOPSIS  Besos con luz de alma...  Desde la suave piel del alma nace un d\u00eda que sue\u00f1a si lo dibujas, nace un d\u00eda que la luna de su luz si lo inspiras y bien lo respiras, le pones ventanas abiertas al tiempo y embriagas de sue\u00f1os despiertos. No s\u00e9, pero s\u00e9 que un d\u00eda es mucho m\u00e1s que una simple retah\u00edla de horas, porque tu luz, tu alma y tu senda, quitan todas las vendas con sus nobles besos.  Nace un d\u00eda que no est\u00e1 escrito, donde tus pasos ser\u00e1n el alma viva del gozo de tus ojos, que aprietan el sentir de tantas miradas honestas, asomadas al balc\u00f3n desnudo del tiempo. Y, las p\u00e1ginas del libro de tu existencia siguen entusiasmadas con la luz \u00e9tica de su argumento.  Un d\u00eda m\u00e1s asomado con el gozo de la esencia junto al balc\u00f3n del tiempo. No s\u00e9 si habr\u00e1 cielo capaz de apretar la luz de la esencia, que mira e inspira los dibujos de los sue\u00f1os de tu alma...   Luz, alma y senda. Humildad y grandeza de la sublime creatividad. Luz, alma y senda... el gozo que no puede parar m\u00e1s. Luz, alma y senda... ese sentido camino que sabes, que est\u00e1 ah\u00ed, que mira y respira los besos que dejas con tu huella en ese camino que sue\u00f1a e inspira. Luz, alma y senda, ese sue\u00f1o despierto que riega el agua de una sonrisa blanca para dejar que sientas y aprietes cada uno de los segundos del tiempo.  En la esencia del ser est\u00e1n siempre la luz, el alma y la senda y con ellos el vestido existencial es una joya celestial la que dejamos en sus pasos.","og_url":"https:\/\/letrame.com\/catalogo\/producto\/luz-alma-y-senda\/","og_site_name":"Catalogo | Letrame Grupo Editorial","article_modified_time":"2024-06-04T12:57:06+00:00","og_image":[{"width":1594,"height":2303,"url":"https:\/\/letrame.com\/catalogo\/wp-content\/uploads\/2024\/06\/webp_luzalma_523mm-compressed.jpg","type":"image\/jpeg"}],"twitter_card":"summary_large_image","twitter_misc":{"Tiempo de lectura":"2 minutos"},"schema":{"@context":"https:\/\/schema.org","@graph":[{"@type":"WebPage","@id":"https:\/\/letrame.com\/catalogo\/producto\/luz-alma-y-senda\/","url":"https:\/\/letrame.com\/catalogo\/producto\/luz-alma-y-senda\/","name":"Luz, alma y senda - Catalogo | Letrame Grupo Editorial","isPartOf":{"@id":"https:\/\/letrame.com\/catalogo\/#website"},"primaryImageOfPage":{"@id":"https:\/\/letrame.com\/catalogo\/producto\/luz-alma-y-senda\/#primaryimage"},"image":{"@id":"https:\/\/letrame.com\/catalogo\/producto\/luz-alma-y-senda\/#primaryimage"},"thumbnailUrl":"https:\/\/letrame.com\/catalogo\/wp-content\/uploads\/2024\/06\/webp_luzalma_523mm-compressed.jpg","datePublished":"2024-06-03T14:43:18+00:00","dateModified":"2024-06-04T12:57:06+00:00","breadcrumb":{"@id":"https:\/\/letrame.com\/catalogo\/producto\/luz-alma-y-senda\/#breadcrumb"},"inLanguage":"es","potentialAction":[{"@type":"ReadAction","target":["https:\/\/letrame.com\/catalogo\/producto\/luz-alma-y-senda\/"]}]},{"@type":"ImageObject","inLanguage":"es","@id":"https:\/\/letrame.com\/catalogo\/producto\/luz-alma-y-senda\/#primaryimage","url":"https:\/\/letrame.com\/catalogo\/wp-content\/uploads\/2024\/06\/webp_luzalma_523mm-compressed.jpg","contentUrl":"https:\/\/letrame.com\/catalogo\/wp-content\/uploads\/2024\/06\/webp_luzalma_523mm-compressed.jpg","width":1594,"height":2303},{"@type":"BreadcrumbList","@id":"https:\/\/letrame.com\/catalogo\/producto\/luz-alma-y-senda\/#breadcrumb","itemListElement":[{"@type":"ListItem","position":1,"name":"Portada","item":"https:\/\/letrame.com\/catalogo\/"},{"@type":"ListItem","position":2,"name":"Cat\u00e1logo","item":"https:\/\/letrame.com\/catalogo\/"},{"@type":"ListItem","position":3,"name":"Luz, alma y senda"}]},{"@type":"WebSite","@id":"https:\/\/letrame.com\/catalogo\/#website","url":"https:\/\/letrame.com\/catalogo\/","name":"Catalogo | Letrame Grupo Editorial","description":"","publisher":{"@id":"https:\/\/letrame.com\/catalogo\/#organization"},"potentialAction":[{"@type":"SearchAction","target":{"@type":"EntryPoint","urlTemplate":"https:\/\/letrame.com\/catalogo\/?s={search_term_string}"},"query-input":{"@type":"PropertyValueSpecification","valueRequired":true,"valueName":"search_term_string"}}],"inLanguage":"es"},{"@type":"Organization","@id":"https:\/\/letrame.com\/catalogo\/#organization","name":"Catalogo | Letrame Grupo Editorial","url":"https:\/\/letrame.com\/catalogo\/","logo":{"@type":"ImageObject","inLanguage":"es","@id":"https:\/\/letrame.com\/catalogo\/#\/schema\/logo\/image\/","url":"https:\/\/letrame.com\/catalogo\/wp-content\/uploads\/2024\/03\/logo2.webp","contentUrl":"https:\/\/letrame.com\/catalogo\/wp-content\/uploads\/2024\/03\/logo2.webp","width":394,"height":128,"caption":"Catalogo | Letrame Grupo Editorial"},"image":{"@id":"https:\/\/letrame.com\/catalogo\/#\/schema\/logo\/image\/"}}]}},"_links":{"self":[{"href":"https:\/\/letrame.com\/catalogo\/wp-json\/wp\/v2\/product\/101227","targetHints":{"allow":["GET"]}}],"collection":[{"href":"https:\/\/letrame.com\/catalogo\/wp-json\/wp\/v2\/product"}],"about":[{"href":"https:\/\/letrame.com\/catalogo\/wp-json\/wp\/v2\/types\/product"}],"replies":[{"embeddable":true,"href":"https:\/\/letrame.com\/catalogo\/wp-json\/wp\/v2\/comments?post=101227"}],"acf:post":[{"embeddable":true,"href":"https:\/\/letrame.com\/catalogo\/wp-json\/wp\/v2\/author_book\/101228"}],"wp:featuredmedia":[{"embeddable":true,"href":"https:\/\/letrame.com\/catalogo\/wp-json\/wp\/v2\/media\/101230"}],"wp:attachment":[{"href":"https:\/\/letrame.com\/catalogo\/wp-json\/wp\/v2\/media?parent=101227"}],"wp:term":[{"taxonomy":"libro","embeddable":true,"href":"https:\/\/letrame.com\/catalogo\/wp-json\/wp\/v2\/libro?post=101227"},{"taxonomy":"product_brand","embeddable":true,"href":"https:\/\/letrame.com\/catalogo\/wp-json\/wp\/v2\/product_brand?post=101227"},{"taxonomy":"product_cat","embeddable":true,"href":"https:\/\/letrame.com\/catalogo\/wp-json\/wp\/v2\/product_cat?post=101227"},{"taxonomy":"product_tag","embeddable":true,"href":"https:\/\/letrame.com\/catalogo\/wp-json\/wp\/v2\/product_tag?post=101227"}],"curies":[{"name":"wp","href":"https:\/\/api.w.org\/{rel}","templated":true}]}}