{"id":101223,"date":"2024-06-03T16:22:26","date_gmt":"2024-06-03T14:22:26","guid":{"rendered":"https:\/\/letrame.com\/catalogo\/?post_type=product&#038;p=101223"},"modified":"2024-06-04T15:01:46","modified_gmt":"2024-06-04T13:01:46","slug":"soy-mama-y","status":"publish","type":"product","link":"https:\/\/letrame.com\/catalogo\/producto\/soy-mama-y\/","title":{"rendered":"Soy mam\u00e1 y&#8230;"},"content":{"rendered":"<p>ISBN:\u00a0978-84-1068-636-6<br \/>\nT\u00edtulo:\u2028SOY MAM\u00c1 Y\u2026<br \/>\nFecha:\u20282024<br \/>\nP\u00e1ginas:\u00a070<br \/>\nSINOPSIS<\/p>\n<p>Soy mam\u00e1 y\u2026 (Aventuras y desventuras de la crianza) es un libro fresco, directo y divertido, escrito desde mi experiencia personal como madre de dos preciosas reto\u00f1as, junto a mis 18 a\u00f1os como logofoniatra y coach.<\/p>\n<p>Otro estilo de crianza es posible y es de lo que trata este libro que ahora tienes entre las manos, abordando los aspectos m\u00e1s grises de la crianza desde el humor y la inteligencia emocional, buscando sacarte una sonrisa, pero tambi\u00e9n dar visibilidad a los temas menos populares de la crianza, que son los que m\u00e1s nos pesan en el d\u00eda a d\u00eda como mujer.<\/p>\n<p>Lo que empez\u00f3 como una necesidad vital y evolucion\u00f3 en una indagaci\u00f3n sociol\u00f3gica, llega ahora en forma de libro.<\/p>\n<p>Disfruta y profundiza a trav\u00e9s de los cap\u00edtulos inspirados en frases de madres reales y d\u00e9jate llevar por el mensaje y la simbolog\u00eda de las ilustraciones.<\/p>\n<p>Pensado para madres que no disponen de mucho tiempo para la lectura, pero no quieren renunciar a ella.<\/p>\n<p>\u00bfY t\u00fa?, \u00bfte unes al Movimiento del CAMBIO? Est\u00e1s m\u00e1s que INVITADA.<\/p>\n","protected":false},"excerpt":{"rendered":"<p>ISBN:\u00a0978-84-1068-636-6<\/p>\n<p>SINOPSIS<\/p>\n<p>Soy mam\u00e1 y\u2026 (Aventuras y desventuras de la crianza) es un libro fresco, directo y divertido, escrito desde mi experiencia personal como madre de dos preciosas reto\u00f1as, junto a mis 18 a\u00f1os como logofoniatra y coach.<\/p>\n<p>Otro estilo de crianza es posible y es de lo que trata este libro que ahora tienes entre las manos, abordando los aspectos m\u00e1s grises de la crianza desde el humor y la inteligencia emocional, buscando sacarte una sonrisa, pero tambi\u00e9n dar visibilidad a los temas menos populares de la crianza, que son los que m\u00e1s nos pesan en el d\u00eda a d\u00eda como mujer.<\/p>\n<p>Lo que empez\u00f3 como una necesidad vital y evolucion\u00f3 en una indagaci\u00f3n sociol\u00f3gica, llega ahora en forma de libro.<\/p>\n<p>Disfruta y profundiza a trav\u00e9s de los cap\u00edtulos inspirados en frases de madres reales y d\u00e9jate llevar por el mensaje y la simbolog\u00eda de las ilustraciones.<\/p>\n<p>Pensado para madres que no disponen de mucho tiempo para la lectura, pero no quieren renunciar a ella.<\/p>\n<p>\u00bfY t\u00fa?, \u00bfte unes al Movimiento del CAMBIO? Est\u00e1s m\u00e1s que INVITADA.<\/p>\n","protected":false},"featured_media":101226,"comment_status":"open","ping_status":"closed","template":"","meta":{"_acf_changed":false},"libro":[],"product_brand":[],"product_cat":[108],"product_tag":[],"class_list":{"0":"post-101223","1":"product","2":"type-product","3":"status-publish","4":"has-post-thumbnail","6":"product_cat-desarrollo-personal-y-autoconocimientonovela-ilustrada","8":"first","9":"instock","10":"shipping-taxable","11":"product-type-simple"},"acf":{"autor":[101221],"enlace_de_compra":"https:\/\/www.todostuslibros.com\/libros\/soy-mama-y_978-84-1068-345-7"},"yoast_head":"<!-- This site is optimized with the Yoast SEO plugin v27.4 - https:\/\/yoast.com\/product\/yoast-seo-wordpress\/ -->\n<title>Soy mam\u00e1 y... - Catalogo | Letrame Grupo Editorial<\/title>\n<meta name=\"robots\" content=\"index, follow, max-snippet:-1, max-image-preview:large, max-video-preview:-1\" \/>\n<link rel=\"canonical\" href=\"https:\/\/letrame.com\/catalogo\/producto\/soy-mama-y\/\" \/>\n<meta property=\"og:locale\" content=\"es_ES\" \/>\n<meta property=\"og:type\" content=\"article\" \/>\n<meta property=\"og:title\" content=\"Soy mam\u00e1 y... - Catalogo | Letrame Grupo Editorial\" \/>\n<meta property=\"og:description\" content=\"ISBN:\u00a0978-84-1068-636-6  SINOPSIS  Soy mam\u00e1 y\u2026 (Aventuras y desventuras de la crianza) es un libro fresco, directo y divertido, escrito desde mi experiencia personal como madre de dos preciosas reto\u00f1as, junto a mis 18 a\u00f1os como logofoniatra y coach.  Otro estilo de crianza es posible y es de lo que trata este libro que ahora tienes entre las manos, abordando los aspectos m\u00e1s grises de la crianza desde el humor y la inteligencia emocional, buscando sacarte una sonrisa, pero tambi\u00e9n dar visibilidad a los temas menos populares de la crianza, que son los que m\u00e1s nos pesan en el d\u00eda a d\u00eda como mujer.  Lo que empez\u00f3 como una necesidad vital y evolucion\u00f3 en una indagaci\u00f3n sociol\u00f3gica, llega ahora en forma de libro.  Disfruta y profundiza a trav\u00e9s de los cap\u00edtulos inspirados en frases de madres reales y d\u00e9jate llevar por el mensaje y la simbolog\u00eda de las ilustraciones.  Pensado para madres que no disponen de mucho tiempo para la lectura, pero no quieren renunciar a ella.  \u00bfY t\u00fa?, \u00bfte unes al Movimiento del CAMBIO? Est\u00e1s m\u00e1s que INVITADA.\" \/>\n<meta property=\"og:url\" content=\"https:\/\/letrame.com\/catalogo\/producto\/soy-mama-y\/\" \/>\n<meta property=\"og:site_name\" content=\"Catalogo | Letrame Grupo Editorial\" \/>\n<meta property=\"article:modified_time\" content=\"2024-06-04T13:01:46+00:00\" \/>\n<meta property=\"og:image\" content=\"https:\/\/letrame.com\/catalogo\/wp-content\/uploads\/2024\/06\/webp_soymama-compressed-scaled.jpg\" \/>\n\t<meta property=\"og:image:width\" content=\"2560\" \/>\n\t<meta property=\"og:image:height\" content=\"2470\" \/>\n\t<meta property=\"og:image:type\" content=\"image\/jpeg\" \/>\n<meta name=\"twitter:card\" content=\"summary_large_image\" \/>\n<meta name=\"twitter:label1\" content=\"Tiempo de lectura\" \/>\n\t<meta name=\"twitter:data1\" content=\"2 minutos\" \/>\n<script type=\"application\/ld+json\" class=\"yoast-schema-graph\">{\"@context\":\"https:\\\/\\\/schema.org\",\"@graph\":[{\"@type\":\"WebPage\",\"@id\":\"https:\\\/\\\/letrame.com\\\/catalogo\\\/producto\\\/soy-mama-y\\\/\",\"url\":\"https:\\\/\\\/letrame.com\\\/catalogo\\\/producto\\\/soy-mama-y\\\/\",\"name\":\"Soy mam\u00e1 y... - Catalogo | Letrame Grupo Editorial\",\"isPartOf\":{\"@id\":\"https:\\\/\\\/letrame.com\\\/catalogo\\\/#website\"},\"primaryImageOfPage\":{\"@id\":\"https:\\\/\\\/letrame.com\\\/catalogo\\\/producto\\\/soy-mama-y\\\/#primaryimage\"},\"image\":{\"@id\":\"https:\\\/\\\/letrame.com\\\/catalogo\\\/producto\\\/soy-mama-y\\\/#primaryimage\"},\"thumbnailUrl\":\"https:\\\/\\\/letrame.com\\\/catalogo\\\/wp-content\\\/uploads\\\/2024\\\/06\\\/webp_soymama-compressed-scaled.jpg\",\"datePublished\":\"2024-06-03T14:22:26+00:00\",\"dateModified\":\"2024-06-04T13:01:46+00:00\",\"breadcrumb\":{\"@id\":\"https:\\\/\\\/letrame.com\\\/catalogo\\\/producto\\\/soy-mama-y\\\/#breadcrumb\"},\"inLanguage\":\"es\",\"potentialAction\":[{\"@type\":\"ReadAction\",\"target\":[\"https:\\\/\\\/letrame.com\\\/catalogo\\\/producto\\\/soy-mama-y\\\/\"]}]},{\"@type\":\"ImageObject\",\"inLanguage\":\"es\",\"@id\":\"https:\\\/\\\/letrame.com\\\/catalogo\\\/producto\\\/soy-mama-y\\\/#primaryimage\",\"url\":\"https:\\\/\\\/letrame.com\\\/catalogo\\\/wp-content\\\/uploads\\\/2024\\\/06\\\/webp_soymama-compressed-scaled.jpg\",\"contentUrl\":\"https:\\\/\\\/letrame.com\\\/catalogo\\\/wp-content\\\/uploads\\\/2024\\\/06\\\/webp_soymama-compressed-scaled.jpg\",\"width\":2560,\"height\":2470},{\"@type\":\"BreadcrumbList\",\"@id\":\"https:\\\/\\\/letrame.com\\\/catalogo\\\/producto\\\/soy-mama-y\\\/#breadcrumb\",\"itemListElement\":[{\"@type\":\"ListItem\",\"position\":1,\"name\":\"Portada\",\"item\":\"https:\\\/\\\/letrame.com\\\/catalogo\\\/\"},{\"@type\":\"ListItem\",\"position\":2,\"name\":\"Cat\u00e1logo\",\"item\":\"https:\\\/\\\/letrame.com\\\/catalogo\\\/\"},{\"@type\":\"ListItem\",\"position\":3,\"name\":\"Soy mam\u00e1 y&#8230;\"}]},{\"@type\":\"WebSite\",\"@id\":\"https:\\\/\\\/letrame.com\\\/catalogo\\\/#website\",\"url\":\"https:\\\/\\\/letrame.com\\\/catalogo\\\/\",\"name\":\"Catalogo | Letrame Grupo Editorial\",\"description\":\"\",\"publisher\":{\"@id\":\"https:\\\/\\\/letrame.com\\\/catalogo\\\/#organization\"},\"potentialAction\":[{\"@type\":\"SearchAction\",\"target\":{\"@type\":\"EntryPoint\",\"urlTemplate\":\"https:\\\/\\\/letrame.com\\\/catalogo\\\/?s={search_term_string}\"},\"query-input\":{\"@type\":\"PropertyValueSpecification\",\"valueRequired\":true,\"valueName\":\"search_term_string\"}}],\"inLanguage\":\"es\"},{\"@type\":\"Organization\",\"@id\":\"https:\\\/\\\/letrame.com\\\/catalogo\\\/#organization\",\"name\":\"Catalogo | Letrame Grupo Editorial\",\"url\":\"https:\\\/\\\/letrame.com\\\/catalogo\\\/\",\"logo\":{\"@type\":\"ImageObject\",\"inLanguage\":\"es\",\"@id\":\"https:\\\/\\\/letrame.com\\\/catalogo\\\/#\\\/schema\\\/logo\\\/image\\\/\",\"url\":\"https:\\\/\\\/letrame.com\\\/catalogo\\\/wp-content\\\/uploads\\\/2024\\\/03\\\/logo2.webp\",\"contentUrl\":\"https:\\\/\\\/letrame.com\\\/catalogo\\\/wp-content\\\/uploads\\\/2024\\\/03\\\/logo2.webp\",\"width\":394,\"height\":128,\"caption\":\"Catalogo | Letrame Grupo Editorial\"},\"image\":{\"@id\":\"https:\\\/\\\/letrame.com\\\/catalogo\\\/#\\\/schema\\\/logo\\\/image\\\/\"}}]}<\/script>\n<!-- \/ Yoast SEO plugin. -->","yoast_head_json":{"title":"Soy mam\u00e1 y... - Catalogo | Letrame Grupo Editorial","robots":{"index":"index","follow":"follow","max-snippet":"max-snippet:-1","max-image-preview":"max-image-preview:large","max-video-preview":"max-video-preview:-1"},"canonical":"https:\/\/letrame.com\/catalogo\/producto\/soy-mama-y\/","og_locale":"es_ES","og_type":"article","og_title":"Soy mam\u00e1 y... - Catalogo | Letrame Grupo Editorial","og_description":"ISBN:\u00a0978-84-1068-636-6  SINOPSIS  Soy mam\u00e1 y\u2026 (Aventuras y desventuras de la crianza) es un libro fresco, directo y divertido, escrito desde mi experiencia personal como madre de dos preciosas reto\u00f1as, junto a mis 18 a\u00f1os como logofoniatra y coach.  Otro estilo de crianza es posible y es de lo que trata este libro que ahora tienes entre las manos, abordando los aspectos m\u00e1s grises de la crianza desde el humor y la inteligencia emocional, buscando sacarte una sonrisa, pero tambi\u00e9n dar visibilidad a los temas menos populares de la crianza, que son los que m\u00e1s nos pesan en el d\u00eda a d\u00eda como mujer.  Lo que empez\u00f3 como una necesidad vital y evolucion\u00f3 en una indagaci\u00f3n sociol\u00f3gica, llega ahora en forma de libro.  Disfruta y profundiza a trav\u00e9s de los cap\u00edtulos inspirados en frases de madres reales y d\u00e9jate llevar por el mensaje y la simbolog\u00eda de las ilustraciones.  Pensado para madres que no disponen de mucho tiempo para la lectura, pero no quieren renunciar a ella.  \u00bfY t\u00fa?, \u00bfte unes al Movimiento del CAMBIO? Est\u00e1s m\u00e1s que INVITADA.","og_url":"https:\/\/letrame.com\/catalogo\/producto\/soy-mama-y\/","og_site_name":"Catalogo | Letrame Grupo Editorial","article_modified_time":"2024-06-04T13:01:46+00:00","og_image":[{"width":2560,"height":2470,"url":"https:\/\/letrame.com\/catalogo\/wp-content\/uploads\/2024\/06\/webp_soymama-compressed-scaled.jpg","type":"image\/jpeg"}],"twitter_card":"summary_large_image","twitter_misc":{"Tiempo de lectura":"2 minutos"},"schema":{"@context":"https:\/\/schema.org","@graph":[{"@type":"WebPage","@id":"https:\/\/letrame.com\/catalogo\/producto\/soy-mama-y\/","url":"https:\/\/letrame.com\/catalogo\/producto\/soy-mama-y\/","name":"Soy mam\u00e1 y... - Catalogo | Letrame Grupo Editorial","isPartOf":{"@id":"https:\/\/letrame.com\/catalogo\/#website"},"primaryImageOfPage":{"@id":"https:\/\/letrame.com\/catalogo\/producto\/soy-mama-y\/#primaryimage"},"image":{"@id":"https:\/\/letrame.com\/catalogo\/producto\/soy-mama-y\/#primaryimage"},"thumbnailUrl":"https:\/\/letrame.com\/catalogo\/wp-content\/uploads\/2024\/06\/webp_soymama-compressed-scaled.jpg","datePublished":"2024-06-03T14:22:26+00:00","dateModified":"2024-06-04T13:01:46+00:00","breadcrumb":{"@id":"https:\/\/letrame.com\/catalogo\/producto\/soy-mama-y\/#breadcrumb"},"inLanguage":"es","potentialAction":[{"@type":"ReadAction","target":["https:\/\/letrame.com\/catalogo\/producto\/soy-mama-y\/"]}]},{"@type":"ImageObject","inLanguage":"es","@id":"https:\/\/letrame.com\/catalogo\/producto\/soy-mama-y\/#primaryimage","url":"https:\/\/letrame.com\/catalogo\/wp-content\/uploads\/2024\/06\/webp_soymama-compressed-scaled.jpg","contentUrl":"https:\/\/letrame.com\/catalogo\/wp-content\/uploads\/2024\/06\/webp_soymama-compressed-scaled.jpg","width":2560,"height":2470},{"@type":"BreadcrumbList","@id":"https:\/\/letrame.com\/catalogo\/producto\/soy-mama-y\/#breadcrumb","itemListElement":[{"@type":"ListItem","position":1,"name":"Portada","item":"https:\/\/letrame.com\/catalogo\/"},{"@type":"ListItem","position":2,"name":"Cat\u00e1logo","item":"https:\/\/letrame.com\/catalogo\/"},{"@type":"ListItem","position":3,"name":"Soy mam\u00e1 y&#8230;"}]},{"@type":"WebSite","@id":"https:\/\/letrame.com\/catalogo\/#website","url":"https:\/\/letrame.com\/catalogo\/","name":"Catalogo | Letrame Grupo Editorial","description":"","publisher":{"@id":"https:\/\/letrame.com\/catalogo\/#organization"},"potentialAction":[{"@type":"SearchAction","target":{"@type":"EntryPoint","urlTemplate":"https:\/\/letrame.com\/catalogo\/?s={search_term_string}"},"query-input":{"@type":"PropertyValueSpecification","valueRequired":true,"valueName":"search_term_string"}}],"inLanguage":"es"},{"@type":"Organization","@id":"https:\/\/letrame.com\/catalogo\/#organization","name":"Catalogo | Letrame Grupo Editorial","url":"https:\/\/letrame.com\/catalogo\/","logo":{"@type":"ImageObject","inLanguage":"es","@id":"https:\/\/letrame.com\/catalogo\/#\/schema\/logo\/image\/","url":"https:\/\/letrame.com\/catalogo\/wp-content\/uploads\/2024\/03\/logo2.webp","contentUrl":"https:\/\/letrame.com\/catalogo\/wp-content\/uploads\/2024\/03\/logo2.webp","width":394,"height":128,"caption":"Catalogo | Letrame Grupo Editorial"},"image":{"@id":"https:\/\/letrame.com\/catalogo\/#\/schema\/logo\/image\/"}}]}},"_links":{"self":[{"href":"https:\/\/letrame.com\/catalogo\/wp-json\/wp\/v2\/product\/101223","targetHints":{"allow":["GET"]}}],"collection":[{"href":"https:\/\/letrame.com\/catalogo\/wp-json\/wp\/v2\/product"}],"about":[{"href":"https:\/\/letrame.com\/catalogo\/wp-json\/wp\/v2\/types\/product"}],"replies":[{"embeddable":true,"href":"https:\/\/letrame.com\/catalogo\/wp-json\/wp\/v2\/comments?post=101223"}],"acf:post":[{"embeddable":true,"href":"https:\/\/letrame.com\/catalogo\/wp-json\/wp\/v2\/author_book\/101221"}],"wp:featuredmedia":[{"embeddable":true,"href":"https:\/\/letrame.com\/catalogo\/wp-json\/wp\/v2\/media\/101226"}],"wp:attachment":[{"href":"https:\/\/letrame.com\/catalogo\/wp-json\/wp\/v2\/media?parent=101223"}],"wp:term":[{"taxonomy":"libro","embeddable":true,"href":"https:\/\/letrame.com\/catalogo\/wp-json\/wp\/v2\/libro?post=101223"},{"taxonomy":"product_brand","embeddable":true,"href":"https:\/\/letrame.com\/catalogo\/wp-json\/wp\/v2\/product_brand?post=101223"},{"taxonomy":"product_cat","embeddable":true,"href":"https:\/\/letrame.com\/catalogo\/wp-json\/wp\/v2\/product_cat?post=101223"},{"taxonomy":"product_tag","embeddable":true,"href":"https:\/\/letrame.com\/catalogo\/wp-json\/wp\/v2\/product_tag?post=101223"}],"curies":[{"name":"wp","href":"https:\/\/api.w.org\/{rel}","templated":true}]}}