{"id":101220,"date":"2024-06-03T16:11:11","date_gmt":"2024-06-03T14:11:11","guid":{"rendered":"https:\/\/letrame.com\/catalogo\/?post_type=product&#038;p=101220"},"modified":"2024-06-04T15:02:07","modified_gmt":"2024-06-04T13:02:07","slug":"cuentos-magicos-para-ninos-1-2o-edicion","status":"publish","type":"product","link":"https:\/\/letrame.com\/catalogo\/producto\/cuentos-magicos-para-ninos-1-2o-edicion\/","title":{"rendered":"Cuentos m\u00e1gicos para ni\u00f1os 1 (2\u00ba Edici\u00f3n)"},"content":{"rendered":"<p>ISBN:\u00a0978-84-1068-133-0<br \/>\nT\u00edtulo:\u2028CUENTOS M\u00c1GICOS PARA NI\u00d1OS 1 2\u00ba Edici\u00f3n<br \/>\nFecha:\u20282024<br \/>\nP\u00e1ginas:\u00a072<br \/>\nSINOPSIS<\/p>\n<p>Cuando nos apasionan las historias de princesas y pr\u00edncipes, animales del bosque que nos hablan, mariposas, delfines, hadas, lagartos gigantes malvados, hombre buey despiadado que somete a todo un reino o ni\u00f1os que conf\u00edan en que los sue\u00f1os se hacen realidad; cuando creemos y conectamos con el esp\u00edritu de la naturaleza, cuando nuestro ni\u00f1o interior no nos abandona sino que permanece siempre a nuestro lado y cuando, a pesar de toda la tecnolog\u00eda del nuevo mundo, nos sigue apasionando la magia y seguimos confiando en la esencia humana es este libro CUENTOS M\u00c1GICOS PARA NI\u00d1OS 1, que en realidad son cuentos con importantes ense\u00f1anzas y mensajes positivos, no solo para los m\u00e1s peque\u00f1os sino para toda la familia, sin distinci\u00f3n de edad.<br \/>\n\u00a1Qu\u00e9 siempre quede un lugar para la magia y que la mantengamos viva en nuestros corazones!<\/p>\n","protected":false},"excerpt":{"rendered":"<p>ISBN:\u00a0978-84-1068-133-0<\/p>\n<p>SINOPSIS<\/p>\n<p>Cuando nos apasionan las historias de princesas y pr\u00edncipes, animales del bosque que nos hablan, mariposas, delfines, hadas, lagartos gigantes malvados, hombre buey despiadado que somete a todo un reino o ni\u00f1os que conf\u00edan en que los sue\u00f1os se hacen realidad; cuando creemos y conectamos con el esp\u00edritu de la naturaleza, cuando nuestro ni\u00f1o interior no nos abandona sino que permanece siempre a nuestro lado y cuando, a pesar de toda la tecnolog\u00eda del nuevo mundo, nos sigue apasionando la magia y seguimos confiando en la esencia humana es este libro CUENTOS M\u00c1GICOS PARA NI\u00d1OS 1, que en realidad son cuentos con importantes ense\u00f1anzas y mensajes positivos, no solo para los m\u00e1s peque\u00f1os sino para toda la familia, sin distinci\u00f3n de edad.<br \/>\n\u00a1Qu\u00e9 siempre quede un lugar para la magia y que la mantengamos viva en nuestros corazones!<\/p>\n","protected":false},"featured_media":101222,"comment_status":"open","ping_status":"closed","template":"","meta":{"_acf_changed":false},"libro":[],"product_brand":[],"product_cat":[17],"product_tag":[],"class_list":{"0":"post-101220","1":"product","2":"type-product","3":"status-publish","4":"has-post-thumbnail","6":"product_cat-infantil","8":"first","9":"instock","10":"shipping-taxable","11":"product-type-simple"},"acf":{"autor":[78061],"enlace_de_compra":"https:\/\/www.casadellibro.com\/libro-cuentos-magicos-para-ninos-1--2-edicion\/9788410681330\/16033567"},"yoast_head":"<!-- This site is optimized with the Yoast SEO plugin v26.6 - https:\/\/yoast.com\/wordpress\/plugins\/seo\/ -->\n<title>Cuentos m\u00e1gicos para ni\u00f1os 1 (2\u00ba Edici\u00f3n) - Catalogo | Letrame Grupo Editorial<\/title>\n<meta name=\"robots\" content=\"index, follow, max-snippet:-1, max-image-preview:large, max-video-preview:-1\" \/>\n<link rel=\"canonical\" href=\"https:\/\/letrame.com\/catalogo\/producto\/cuentos-magicos-para-ninos-1-2o-edicion\/\" \/>\n<meta property=\"og:locale\" content=\"es_ES\" \/>\n<meta property=\"og:type\" content=\"article\" \/>\n<meta property=\"og:title\" content=\"Cuentos m\u00e1gicos para ni\u00f1os 1 (2\u00ba Edici\u00f3n) - Catalogo | Letrame Grupo Editorial\" \/>\n<meta property=\"og:description\" content=\"ISBN:\u00a0978-84-1068-133-0  SINOPSIS  Cuando nos apasionan las historias de princesas y pr\u00edncipes, animales del bosque que nos hablan, mariposas, delfines, hadas, lagartos gigantes malvados, hombre buey despiadado que somete a todo un reino o ni\u00f1os que conf\u00edan en que los sue\u00f1os se hacen realidad; cuando creemos y conectamos con el esp\u00edritu de la naturaleza, cuando nuestro ni\u00f1o interior no nos abandona sino que permanece siempre a nuestro lado y cuando, a pesar de toda la tecnolog\u00eda del nuevo mundo, nos sigue apasionando la magia y seguimos confiando en la esencia humana es este libro CUENTOS M\u00c1GICOS PARA NI\u00d1OS 1, que en realidad son cuentos con importantes ense\u00f1anzas y mensajes positivos, no solo para los m\u00e1s peque\u00f1os sino para toda la familia, sin distinci\u00f3n de edad. \u00a1Qu\u00e9 siempre quede un lugar para la magia y que la mantengamos viva en nuestros corazones!\" \/>\n<meta property=\"og:url\" content=\"https:\/\/letrame.com\/catalogo\/producto\/cuentos-magicos-para-ninos-1-2o-edicion\/\" \/>\n<meta property=\"og:site_name\" content=\"Catalogo | Letrame Grupo Editorial\" \/>\n<meta property=\"article:modified_time\" content=\"2024-06-04T13:02:07+00:00\" \/>\n<meta property=\"og:image\" content=\"https:\/\/letrame.com\/catalogo\/wp-content\/uploads\/2024\/06\/p_2edi_cuentosmagicos_452mm-compressed-scaled.jpg\" \/>\n\t<meta property=\"og:image:width\" content=\"1756\" \/>\n\t<meta property=\"og:image:height\" content=\"2560\" \/>\n\t<meta property=\"og:image:type\" content=\"image\/jpeg\" \/>\n<meta name=\"twitter:card\" content=\"summary_large_image\" \/>\n<meta name=\"twitter:label1\" content=\"Tiempo de lectura\" \/>\n\t<meta name=\"twitter:data1\" content=\"1 minuto\" \/>\n<script type=\"application\/ld+json\" class=\"yoast-schema-graph\">{\"@context\":\"https:\/\/schema.org\",\"@graph\":[{\"@type\":\"WebPage\",\"@id\":\"https:\/\/letrame.com\/catalogo\/producto\/cuentos-magicos-para-ninos-1-2o-edicion\/\",\"url\":\"https:\/\/letrame.com\/catalogo\/producto\/cuentos-magicos-para-ninos-1-2o-edicion\/\",\"name\":\"Cuentos m\u00e1gicos para ni\u00f1os 1 (2\u00ba Edici\u00f3n) - Catalogo | Letrame Grupo Editorial\",\"isPartOf\":{\"@id\":\"https:\/\/letrame.com\/catalogo\/#website\"},\"primaryImageOfPage\":{\"@id\":\"https:\/\/letrame.com\/catalogo\/producto\/cuentos-magicos-para-ninos-1-2o-edicion\/#primaryimage\"},\"image\":{\"@id\":\"https:\/\/letrame.com\/catalogo\/producto\/cuentos-magicos-para-ninos-1-2o-edicion\/#primaryimage\"},\"thumbnailUrl\":\"https:\/\/letrame.com\/catalogo\/wp-content\/uploads\/2024\/06\/p_2edi_cuentosmagicos_452mm-compressed-scaled.jpg\",\"datePublished\":\"2024-06-03T14:11:11+00:00\",\"dateModified\":\"2024-06-04T13:02:07+00:00\",\"breadcrumb\":{\"@id\":\"https:\/\/letrame.com\/catalogo\/producto\/cuentos-magicos-para-ninos-1-2o-edicion\/#breadcrumb\"},\"inLanguage\":\"es\",\"potentialAction\":[{\"@type\":\"ReadAction\",\"target\":[\"https:\/\/letrame.com\/catalogo\/producto\/cuentos-magicos-para-ninos-1-2o-edicion\/\"]}]},{\"@type\":\"ImageObject\",\"inLanguage\":\"es\",\"@id\":\"https:\/\/letrame.com\/catalogo\/producto\/cuentos-magicos-para-ninos-1-2o-edicion\/#primaryimage\",\"url\":\"https:\/\/letrame.com\/catalogo\/wp-content\/uploads\/2024\/06\/p_2edi_cuentosmagicos_452mm-compressed-scaled.jpg\",\"contentUrl\":\"https:\/\/letrame.com\/catalogo\/wp-content\/uploads\/2024\/06\/p_2edi_cuentosmagicos_452mm-compressed-scaled.jpg\",\"width\":1756,\"height\":2560},{\"@type\":\"BreadcrumbList\",\"@id\":\"https:\/\/letrame.com\/catalogo\/producto\/cuentos-magicos-para-ninos-1-2o-edicion\/#breadcrumb\",\"itemListElement\":[{\"@type\":\"ListItem\",\"position\":1,\"name\":\"Portada\",\"item\":\"https:\/\/letrame.com\/catalogo\/\"},{\"@type\":\"ListItem\",\"position\":2,\"name\":\"Cat\u00e1logo\",\"item\":\"https:\/\/letrame.com\/catalogo\/\"},{\"@type\":\"ListItem\",\"position\":3,\"name\":\"Cuentos m\u00e1gicos para ni\u00f1os 1 (2\u00ba Edici\u00f3n)\"}]},{\"@type\":\"WebSite\",\"@id\":\"https:\/\/letrame.com\/catalogo\/#website\",\"url\":\"https:\/\/letrame.com\/catalogo\/\",\"name\":\"Catalogo | Letrame Grupo Editorial\",\"description\":\"\",\"publisher\":{\"@id\":\"https:\/\/letrame.com\/catalogo\/#organization\"},\"potentialAction\":[{\"@type\":\"SearchAction\",\"target\":{\"@type\":\"EntryPoint\",\"urlTemplate\":\"https:\/\/letrame.com\/catalogo\/?s={search_term_string}\"},\"query-input\":{\"@type\":\"PropertyValueSpecification\",\"valueRequired\":true,\"valueName\":\"search_term_string\"}}],\"inLanguage\":\"es\"},{\"@type\":\"Organization\",\"@id\":\"https:\/\/letrame.com\/catalogo\/#organization\",\"name\":\"Catalogo | Letrame Grupo Editorial\",\"url\":\"https:\/\/letrame.com\/catalogo\/\",\"logo\":{\"@type\":\"ImageObject\",\"inLanguage\":\"es\",\"@id\":\"https:\/\/letrame.com\/catalogo\/#\/schema\/logo\/image\/\",\"url\":\"https:\/\/letrame.com\/catalogo\/wp-content\/uploads\/2024\/03\/logo2.webp\",\"contentUrl\":\"https:\/\/letrame.com\/catalogo\/wp-content\/uploads\/2024\/03\/logo2.webp\",\"width\":394,\"height\":128,\"caption\":\"Catalogo | Letrame Grupo Editorial\"},\"image\":{\"@id\":\"https:\/\/letrame.com\/catalogo\/#\/schema\/logo\/image\/\"}}]}<\/script>\n<!-- \/ Yoast SEO plugin. -->","yoast_head_json":{"title":"Cuentos m\u00e1gicos para ni\u00f1os 1 (2\u00ba Edici\u00f3n) - Catalogo | Letrame Grupo Editorial","robots":{"index":"index","follow":"follow","max-snippet":"max-snippet:-1","max-image-preview":"max-image-preview:large","max-video-preview":"max-video-preview:-1"},"canonical":"https:\/\/letrame.com\/catalogo\/producto\/cuentos-magicos-para-ninos-1-2o-edicion\/","og_locale":"es_ES","og_type":"article","og_title":"Cuentos m\u00e1gicos para ni\u00f1os 1 (2\u00ba Edici\u00f3n) - Catalogo | Letrame Grupo Editorial","og_description":"ISBN:\u00a0978-84-1068-133-0  SINOPSIS  Cuando nos apasionan las historias de princesas y pr\u00edncipes, animales del bosque que nos hablan, mariposas, delfines, hadas, lagartos gigantes malvados, hombre buey despiadado que somete a todo un reino o ni\u00f1os que conf\u00edan en que los sue\u00f1os se hacen realidad; cuando creemos y conectamos con el esp\u00edritu de la naturaleza, cuando nuestro ni\u00f1o interior no nos abandona sino que permanece siempre a nuestro lado y cuando, a pesar de toda la tecnolog\u00eda del nuevo mundo, nos sigue apasionando la magia y seguimos confiando en la esencia humana es este libro CUENTOS M\u00c1GICOS PARA NI\u00d1OS 1, que en realidad son cuentos con importantes ense\u00f1anzas y mensajes positivos, no solo para los m\u00e1s peque\u00f1os sino para toda la familia, sin distinci\u00f3n de edad. \u00a1Qu\u00e9 siempre quede un lugar para la magia y que la mantengamos viva en nuestros corazones!","og_url":"https:\/\/letrame.com\/catalogo\/producto\/cuentos-magicos-para-ninos-1-2o-edicion\/","og_site_name":"Catalogo | Letrame Grupo Editorial","article_modified_time":"2024-06-04T13:02:07+00:00","og_image":[{"width":1756,"height":2560,"url":"https:\/\/letrame.com\/catalogo\/wp-content\/uploads\/2024\/06\/p_2edi_cuentosmagicos_452mm-compressed-scaled.jpg","type":"image\/jpeg"}],"twitter_card":"summary_large_image","twitter_misc":{"Tiempo de lectura":"1 minuto"},"schema":{"@context":"https:\/\/schema.org","@graph":[{"@type":"WebPage","@id":"https:\/\/letrame.com\/catalogo\/producto\/cuentos-magicos-para-ninos-1-2o-edicion\/","url":"https:\/\/letrame.com\/catalogo\/producto\/cuentos-magicos-para-ninos-1-2o-edicion\/","name":"Cuentos m\u00e1gicos para ni\u00f1os 1 (2\u00ba Edici\u00f3n) - Catalogo | Letrame Grupo Editorial","isPartOf":{"@id":"https:\/\/letrame.com\/catalogo\/#website"},"primaryImageOfPage":{"@id":"https:\/\/letrame.com\/catalogo\/producto\/cuentos-magicos-para-ninos-1-2o-edicion\/#primaryimage"},"image":{"@id":"https:\/\/letrame.com\/catalogo\/producto\/cuentos-magicos-para-ninos-1-2o-edicion\/#primaryimage"},"thumbnailUrl":"https:\/\/letrame.com\/catalogo\/wp-content\/uploads\/2024\/06\/p_2edi_cuentosmagicos_452mm-compressed-scaled.jpg","datePublished":"2024-06-03T14:11:11+00:00","dateModified":"2024-06-04T13:02:07+00:00","breadcrumb":{"@id":"https:\/\/letrame.com\/catalogo\/producto\/cuentos-magicos-para-ninos-1-2o-edicion\/#breadcrumb"},"inLanguage":"es","potentialAction":[{"@type":"ReadAction","target":["https:\/\/letrame.com\/catalogo\/producto\/cuentos-magicos-para-ninos-1-2o-edicion\/"]}]},{"@type":"ImageObject","inLanguage":"es","@id":"https:\/\/letrame.com\/catalogo\/producto\/cuentos-magicos-para-ninos-1-2o-edicion\/#primaryimage","url":"https:\/\/letrame.com\/catalogo\/wp-content\/uploads\/2024\/06\/p_2edi_cuentosmagicos_452mm-compressed-scaled.jpg","contentUrl":"https:\/\/letrame.com\/catalogo\/wp-content\/uploads\/2024\/06\/p_2edi_cuentosmagicos_452mm-compressed-scaled.jpg","width":1756,"height":2560},{"@type":"BreadcrumbList","@id":"https:\/\/letrame.com\/catalogo\/producto\/cuentos-magicos-para-ninos-1-2o-edicion\/#breadcrumb","itemListElement":[{"@type":"ListItem","position":1,"name":"Portada","item":"https:\/\/letrame.com\/catalogo\/"},{"@type":"ListItem","position":2,"name":"Cat\u00e1logo","item":"https:\/\/letrame.com\/catalogo\/"},{"@type":"ListItem","position":3,"name":"Cuentos m\u00e1gicos para ni\u00f1os 1 (2\u00ba Edici\u00f3n)"}]},{"@type":"WebSite","@id":"https:\/\/letrame.com\/catalogo\/#website","url":"https:\/\/letrame.com\/catalogo\/","name":"Catalogo | Letrame Grupo Editorial","description":"","publisher":{"@id":"https:\/\/letrame.com\/catalogo\/#organization"},"potentialAction":[{"@type":"SearchAction","target":{"@type":"EntryPoint","urlTemplate":"https:\/\/letrame.com\/catalogo\/?s={search_term_string}"},"query-input":{"@type":"PropertyValueSpecification","valueRequired":true,"valueName":"search_term_string"}}],"inLanguage":"es"},{"@type":"Organization","@id":"https:\/\/letrame.com\/catalogo\/#organization","name":"Catalogo | Letrame Grupo Editorial","url":"https:\/\/letrame.com\/catalogo\/","logo":{"@type":"ImageObject","inLanguage":"es","@id":"https:\/\/letrame.com\/catalogo\/#\/schema\/logo\/image\/","url":"https:\/\/letrame.com\/catalogo\/wp-content\/uploads\/2024\/03\/logo2.webp","contentUrl":"https:\/\/letrame.com\/catalogo\/wp-content\/uploads\/2024\/03\/logo2.webp","width":394,"height":128,"caption":"Catalogo | Letrame Grupo Editorial"},"image":{"@id":"https:\/\/letrame.com\/catalogo\/#\/schema\/logo\/image\/"}}]}},"_links":{"self":[{"href":"https:\/\/letrame.com\/catalogo\/wp-json\/wp\/v2\/product\/101220","targetHints":{"allow":["GET"]}}],"collection":[{"href":"https:\/\/letrame.com\/catalogo\/wp-json\/wp\/v2\/product"}],"about":[{"href":"https:\/\/letrame.com\/catalogo\/wp-json\/wp\/v2\/types\/product"}],"replies":[{"embeddable":true,"href":"https:\/\/letrame.com\/catalogo\/wp-json\/wp\/v2\/comments?post=101220"}],"acf:post":[{"embeddable":true,"href":"https:\/\/letrame.com\/catalogo\/wp-json\/wp\/v2\/author_book\/78061"}],"wp:featuredmedia":[{"embeddable":true,"href":"https:\/\/letrame.com\/catalogo\/wp-json\/wp\/v2\/media\/101222"}],"wp:attachment":[{"href":"https:\/\/letrame.com\/catalogo\/wp-json\/wp\/v2\/media?parent=101220"}],"wp:term":[{"taxonomy":"libro","embeddable":true,"href":"https:\/\/letrame.com\/catalogo\/wp-json\/wp\/v2\/libro?post=101220"},{"taxonomy":"product_brand","embeddable":true,"href":"https:\/\/letrame.com\/catalogo\/wp-json\/wp\/v2\/product_brand?post=101220"},{"taxonomy":"product_cat","embeddable":true,"href":"https:\/\/letrame.com\/catalogo\/wp-json\/wp\/v2\/product_cat?post=101220"},{"taxonomy":"product_tag","embeddable":true,"href":"https:\/\/letrame.com\/catalogo\/wp-json\/wp\/v2\/product_tag?post=101220"}],"curies":[{"name":"wp","href":"https:\/\/api.w.org\/{rel}","templated":true}]}}