{"id":101207,"date":"2024-06-03T15:20:23","date_gmt":"2024-06-03T13:20:23","guid":{"rendered":"https:\/\/letrame.com\/catalogo\/?post_type=product&#038;p=101207"},"modified":"2024-06-04T15:02:27","modified_gmt":"2024-06-04T13:02:27","slug":"por-que-yo-porque-si","status":"publish","type":"product","link":"https:\/\/letrame.com\/catalogo\/producto\/por-que-yo-porque-si\/","title":{"rendered":"\u00bfPor qu\u00e9 yo? \u00a1Porque s\u00ed!"},"content":{"rendered":"<p>ISBN:\u00a0978-84-1068-373-0<br \/>\nT\u00edtulo:\u2028\u00bfPOR QU\u00c9 YO? \u00a1PORQUE S\u00cd!<br \/>\nFecha:\u20282024<br \/>\nP\u00e1ginas:\u00a0326<br \/>\nSINOPSIS<\/p>\n<p>Desde su infancia en Barcelona, Jorgina se vio atrapada en el laberinto de complacer a los dem\u00e1s, sacrificando su bienestar emocional en el proceso. A medida que los a\u00f1os avanzaban, su reflejo en el espejo le devolv\u00eda una imagen distorsionada: se ve\u00eda fea, tonta y gordita, incapaz de agradarse a s\u00ed misma.<br \/>\nLa adolescencia marc\u00f3 el comienzo de 21 a\u00f1os de batalla interna, m\u00e1s intensa cuando la bulimia se convirti\u00f3 en una sombra persistente. Pero la oscuridad no se detuvo ah\u00ed. La fiesta y las drogas se convirtieron en compa\u00f1eras ef\u00edmeras que, junto a la b\u00fasqueda desesperada del amor, fueron su v\u00eda de escape. Un embarazo que termin\u00f3 en aborto y otras aventuras tumultuosas la llevaron al borde del abismo, con pensamientos suicidas como testigos silenciosos de su dolor.<br \/>\nEsta es una historia de transformaci\u00f3n, de pasar de la desesperaci\u00f3n a la esperanza. Con sinceridad conmovedora, Jorgina revela c\u00f3mo la adversidad puede ser el catalizador de una nueva vida, record\u00e1ndonos que incluso en los momentos m\u00e1s oscuros, siempre hay una oportunidad para la renovaci\u00f3n y el renacimiento.<\/p>\n","protected":false},"excerpt":{"rendered":"<p>ISBN:\u00a0978-84-1068-373-0<\/p>\n<p>SINOPSIS<\/p>\n<p>Desde su infancia en Barcelona, Jorgina se vio atrapada en el laberinto de complacer a los dem\u00e1s, sacrificando su bienestar emocional en el proceso. A medida que los a\u00f1os avanzaban, su reflejo en el espejo le devolv\u00eda una imagen distorsionada: se ve\u00eda fea, tonta y gordita, incapaz de agradarse a s\u00ed misma.<br \/>\nLa adolescencia marc\u00f3 el comienzo de 21 a\u00f1os de batalla interna, m\u00e1s intensa cuando la bulimia se convirti\u00f3 en una sombra persistente. Pero la oscuridad no se detuvo ah\u00ed. La fiesta y las drogas se convirtieron en compa\u00f1eras ef\u00edmeras que, junto a la b\u00fasqueda desesperada del amor, fueron su v\u00eda de escape. Un embarazo que termin\u00f3 en aborto y otras aventuras tumultuosas la llevaron al borde del abismo, con pensamientos suicidas como testigos silenciosos de su dolor.<br \/>\nEsta es una historia de transformaci\u00f3n, de pasar de la desesperaci\u00f3n a la esperanza. Con sinceridad conmovedora, Jorgina revela c\u00f3mo la adversidad puede ser el catalizador de una nueva vida, record\u00e1ndonos que incluso en los momentos m\u00e1s oscuros, siempre hay una oportunidad para la renovaci\u00f3n y el renacimiento.<\/p>\n","protected":false},"featured_media":101210,"comment_status":"open","ping_status":"closed","template":"","meta":{"_acf_changed":false},"libro":[],"product_brand":[],"product_cat":[102],"product_tag":[],"class_list":{"0":"post-101207","1":"product","2":"type-product","3":"status-publish","4":"has-post-thumbnail","6":"product_cat-biografia","8":"first","9":"instock","10":"shipping-taxable","11":"product-type-simple"},"acf":{"autor":[101208],"enlace_de_compra":"https:\/\/www.casadellibro.com\/libro-por-que-yo-porque-si\/9788410683730\/16087415"},"yoast_head":"<!-- This site is optimized with the Yoast SEO plugin v27.4 - https:\/\/yoast.com\/product\/yoast-seo-wordpress\/ -->\n<title>\u00bfPor qu\u00e9 yo? \u00a1Porque s\u00ed! - Catalogo | Letrame Grupo Editorial<\/title>\n<meta name=\"robots\" content=\"index, follow, max-snippet:-1, max-image-preview:large, max-video-preview:-1\" \/>\n<link rel=\"canonical\" href=\"https:\/\/letrame.com\/catalogo\/producto\/por-que-yo-porque-si\/\" \/>\n<meta property=\"og:locale\" content=\"es_ES\" \/>\n<meta property=\"og:type\" content=\"article\" \/>\n<meta property=\"og:title\" content=\"\u00bfPor qu\u00e9 yo? \u00a1Porque s\u00ed! - Catalogo | Letrame Grupo Editorial\" \/>\n<meta property=\"og:description\" content=\"ISBN:\u00a0978-84-1068-373-0  SINOPSIS  Desde su infancia en Barcelona, Jorgina se vio atrapada en el laberinto de complacer a los dem\u00e1s, sacrificando su bienestar emocional en el proceso. A medida que los a\u00f1os avanzaban, su reflejo en el espejo le devolv\u00eda una imagen distorsionada: se ve\u00eda fea, tonta y gordita, incapaz de agradarse a s\u00ed misma. La adolescencia marc\u00f3 el comienzo de 21 a\u00f1os de batalla interna, m\u00e1s intensa cuando la bulimia se convirti\u00f3 en una sombra persistente. Pero la oscuridad no se detuvo ah\u00ed. La fiesta y las drogas se convirtieron en compa\u00f1eras ef\u00edmeras que, junto a la b\u00fasqueda desesperada del amor, fueron su v\u00eda de escape. Un embarazo que termin\u00f3 en aborto y otras aventuras tumultuosas la llevaron al borde del abismo, con pensamientos suicidas como testigos silenciosos de su dolor. Esta es una historia de transformaci\u00f3n, de pasar de la desesperaci\u00f3n a la esperanza. Con sinceridad conmovedora, Jorgina revela c\u00f3mo la adversidad puede ser el catalizador de una nueva vida, record\u00e1ndonos que incluso en los momentos m\u00e1s oscuros, siempre hay una oportunidad para la renovaci\u00f3n y el renacimiento.\" \/>\n<meta property=\"og:url\" content=\"https:\/\/letrame.com\/catalogo\/producto\/por-que-yo-porque-si\/\" \/>\n<meta property=\"og:site_name\" content=\"Catalogo | Letrame Grupo Editorial\" \/>\n<meta property=\"article:modified_time\" content=\"2024-06-04T13:02:27+00:00\" \/>\n<meta property=\"og:image\" content=\"https:\/\/letrame.com\/catalogo\/wp-content\/uploads\/2024\/06\/webp_porqueyoporquesi_181mm-compressed-scaled.jpg\" \/>\n\t<meta property=\"og:image:width\" content=\"1746\" \/>\n\t<meta property=\"og:image:height\" content=\"2560\" \/>\n\t<meta property=\"og:image:type\" content=\"image\/jpeg\" \/>\n<meta name=\"twitter:card\" content=\"summary_large_image\" \/>\n<meta name=\"twitter:label1\" content=\"Tiempo de lectura\" \/>\n\t<meta name=\"twitter:data1\" content=\"2 minutos\" \/>\n<script type=\"application\/ld+json\" class=\"yoast-schema-graph\">{\"@context\":\"https:\\\/\\\/schema.org\",\"@graph\":[{\"@type\":\"WebPage\",\"@id\":\"https:\\\/\\\/letrame.com\\\/catalogo\\\/producto\\\/por-que-yo-porque-si\\\/\",\"url\":\"https:\\\/\\\/letrame.com\\\/catalogo\\\/producto\\\/por-que-yo-porque-si\\\/\",\"name\":\"\u00bfPor qu\u00e9 yo? \u00a1Porque s\u00ed! - Catalogo | Letrame Grupo Editorial\",\"isPartOf\":{\"@id\":\"https:\\\/\\\/letrame.com\\\/catalogo\\\/#website\"},\"primaryImageOfPage\":{\"@id\":\"https:\\\/\\\/letrame.com\\\/catalogo\\\/producto\\\/por-que-yo-porque-si\\\/#primaryimage\"},\"image\":{\"@id\":\"https:\\\/\\\/letrame.com\\\/catalogo\\\/producto\\\/por-que-yo-porque-si\\\/#primaryimage\"},\"thumbnailUrl\":\"https:\\\/\\\/letrame.com\\\/catalogo\\\/wp-content\\\/uploads\\\/2024\\\/06\\\/webp_porqueyoporquesi_181mm-compressed-scaled.jpg\",\"datePublished\":\"2024-06-03T13:20:23+00:00\",\"dateModified\":\"2024-06-04T13:02:27+00:00\",\"breadcrumb\":{\"@id\":\"https:\\\/\\\/letrame.com\\\/catalogo\\\/producto\\\/por-que-yo-porque-si\\\/#breadcrumb\"},\"inLanguage\":\"es\",\"potentialAction\":[{\"@type\":\"ReadAction\",\"target\":[\"https:\\\/\\\/letrame.com\\\/catalogo\\\/producto\\\/por-que-yo-porque-si\\\/\"]}]},{\"@type\":\"ImageObject\",\"inLanguage\":\"es\",\"@id\":\"https:\\\/\\\/letrame.com\\\/catalogo\\\/producto\\\/por-que-yo-porque-si\\\/#primaryimage\",\"url\":\"https:\\\/\\\/letrame.com\\\/catalogo\\\/wp-content\\\/uploads\\\/2024\\\/06\\\/webp_porqueyoporquesi_181mm-compressed-scaled.jpg\",\"contentUrl\":\"https:\\\/\\\/letrame.com\\\/catalogo\\\/wp-content\\\/uploads\\\/2024\\\/06\\\/webp_porqueyoporquesi_181mm-compressed-scaled.jpg\",\"width\":1746,\"height\":2560},{\"@type\":\"BreadcrumbList\",\"@id\":\"https:\\\/\\\/letrame.com\\\/catalogo\\\/producto\\\/por-que-yo-porque-si\\\/#breadcrumb\",\"itemListElement\":[{\"@type\":\"ListItem\",\"position\":1,\"name\":\"Portada\",\"item\":\"https:\\\/\\\/letrame.com\\\/catalogo\\\/\"},{\"@type\":\"ListItem\",\"position\":2,\"name\":\"Cat\u00e1logo\",\"item\":\"https:\\\/\\\/letrame.com\\\/catalogo\\\/\"},{\"@type\":\"ListItem\",\"position\":3,\"name\":\"\u00bfPor qu\u00e9 yo? \u00a1Porque s\u00ed!\"}]},{\"@type\":\"WebSite\",\"@id\":\"https:\\\/\\\/letrame.com\\\/catalogo\\\/#website\",\"url\":\"https:\\\/\\\/letrame.com\\\/catalogo\\\/\",\"name\":\"Catalogo | Letrame Grupo Editorial\",\"description\":\"\",\"publisher\":{\"@id\":\"https:\\\/\\\/letrame.com\\\/catalogo\\\/#organization\"},\"potentialAction\":[{\"@type\":\"SearchAction\",\"target\":{\"@type\":\"EntryPoint\",\"urlTemplate\":\"https:\\\/\\\/letrame.com\\\/catalogo\\\/?s={search_term_string}\"},\"query-input\":{\"@type\":\"PropertyValueSpecification\",\"valueRequired\":true,\"valueName\":\"search_term_string\"}}],\"inLanguage\":\"es\"},{\"@type\":\"Organization\",\"@id\":\"https:\\\/\\\/letrame.com\\\/catalogo\\\/#organization\",\"name\":\"Catalogo | Letrame Grupo Editorial\",\"url\":\"https:\\\/\\\/letrame.com\\\/catalogo\\\/\",\"logo\":{\"@type\":\"ImageObject\",\"inLanguage\":\"es\",\"@id\":\"https:\\\/\\\/letrame.com\\\/catalogo\\\/#\\\/schema\\\/logo\\\/image\\\/\",\"url\":\"https:\\\/\\\/letrame.com\\\/catalogo\\\/wp-content\\\/uploads\\\/2024\\\/03\\\/logo2.webp\",\"contentUrl\":\"https:\\\/\\\/letrame.com\\\/catalogo\\\/wp-content\\\/uploads\\\/2024\\\/03\\\/logo2.webp\",\"width\":394,\"height\":128,\"caption\":\"Catalogo | Letrame Grupo Editorial\"},\"image\":{\"@id\":\"https:\\\/\\\/letrame.com\\\/catalogo\\\/#\\\/schema\\\/logo\\\/image\\\/\"}}]}<\/script>\n<!-- \/ Yoast SEO plugin. -->","yoast_head_json":{"title":"\u00bfPor qu\u00e9 yo? \u00a1Porque s\u00ed! - Catalogo | Letrame Grupo Editorial","robots":{"index":"index","follow":"follow","max-snippet":"max-snippet:-1","max-image-preview":"max-image-preview:large","max-video-preview":"max-video-preview:-1"},"canonical":"https:\/\/letrame.com\/catalogo\/producto\/por-que-yo-porque-si\/","og_locale":"es_ES","og_type":"article","og_title":"\u00bfPor qu\u00e9 yo? \u00a1Porque s\u00ed! - Catalogo | Letrame Grupo Editorial","og_description":"ISBN:\u00a0978-84-1068-373-0  SINOPSIS  Desde su infancia en Barcelona, Jorgina se vio atrapada en el laberinto de complacer a los dem\u00e1s, sacrificando su bienestar emocional en el proceso. A medida que los a\u00f1os avanzaban, su reflejo en el espejo le devolv\u00eda una imagen distorsionada: se ve\u00eda fea, tonta y gordita, incapaz de agradarse a s\u00ed misma. La adolescencia marc\u00f3 el comienzo de 21 a\u00f1os de batalla interna, m\u00e1s intensa cuando la bulimia se convirti\u00f3 en una sombra persistente. Pero la oscuridad no se detuvo ah\u00ed. La fiesta y las drogas se convirtieron en compa\u00f1eras ef\u00edmeras que, junto a la b\u00fasqueda desesperada del amor, fueron su v\u00eda de escape. Un embarazo que termin\u00f3 en aborto y otras aventuras tumultuosas la llevaron al borde del abismo, con pensamientos suicidas como testigos silenciosos de su dolor. Esta es una historia de transformaci\u00f3n, de pasar de la desesperaci\u00f3n a la esperanza. Con sinceridad conmovedora, Jorgina revela c\u00f3mo la adversidad puede ser el catalizador de una nueva vida, record\u00e1ndonos que incluso en los momentos m\u00e1s oscuros, siempre hay una oportunidad para la renovaci\u00f3n y el renacimiento.","og_url":"https:\/\/letrame.com\/catalogo\/producto\/por-que-yo-porque-si\/","og_site_name":"Catalogo | Letrame Grupo Editorial","article_modified_time":"2024-06-04T13:02:27+00:00","og_image":[{"width":1746,"height":2560,"url":"https:\/\/letrame.com\/catalogo\/wp-content\/uploads\/2024\/06\/webp_porqueyoporquesi_181mm-compressed-scaled.jpg","type":"image\/jpeg"}],"twitter_card":"summary_large_image","twitter_misc":{"Tiempo de lectura":"2 minutos"},"schema":{"@context":"https:\/\/schema.org","@graph":[{"@type":"WebPage","@id":"https:\/\/letrame.com\/catalogo\/producto\/por-que-yo-porque-si\/","url":"https:\/\/letrame.com\/catalogo\/producto\/por-que-yo-porque-si\/","name":"\u00bfPor qu\u00e9 yo? \u00a1Porque s\u00ed! - Catalogo | Letrame Grupo Editorial","isPartOf":{"@id":"https:\/\/letrame.com\/catalogo\/#website"},"primaryImageOfPage":{"@id":"https:\/\/letrame.com\/catalogo\/producto\/por-que-yo-porque-si\/#primaryimage"},"image":{"@id":"https:\/\/letrame.com\/catalogo\/producto\/por-que-yo-porque-si\/#primaryimage"},"thumbnailUrl":"https:\/\/letrame.com\/catalogo\/wp-content\/uploads\/2024\/06\/webp_porqueyoporquesi_181mm-compressed-scaled.jpg","datePublished":"2024-06-03T13:20:23+00:00","dateModified":"2024-06-04T13:02:27+00:00","breadcrumb":{"@id":"https:\/\/letrame.com\/catalogo\/producto\/por-que-yo-porque-si\/#breadcrumb"},"inLanguage":"es","potentialAction":[{"@type":"ReadAction","target":["https:\/\/letrame.com\/catalogo\/producto\/por-que-yo-porque-si\/"]}]},{"@type":"ImageObject","inLanguage":"es","@id":"https:\/\/letrame.com\/catalogo\/producto\/por-que-yo-porque-si\/#primaryimage","url":"https:\/\/letrame.com\/catalogo\/wp-content\/uploads\/2024\/06\/webp_porqueyoporquesi_181mm-compressed-scaled.jpg","contentUrl":"https:\/\/letrame.com\/catalogo\/wp-content\/uploads\/2024\/06\/webp_porqueyoporquesi_181mm-compressed-scaled.jpg","width":1746,"height":2560},{"@type":"BreadcrumbList","@id":"https:\/\/letrame.com\/catalogo\/producto\/por-que-yo-porque-si\/#breadcrumb","itemListElement":[{"@type":"ListItem","position":1,"name":"Portada","item":"https:\/\/letrame.com\/catalogo\/"},{"@type":"ListItem","position":2,"name":"Cat\u00e1logo","item":"https:\/\/letrame.com\/catalogo\/"},{"@type":"ListItem","position":3,"name":"\u00bfPor qu\u00e9 yo? \u00a1Porque s\u00ed!"}]},{"@type":"WebSite","@id":"https:\/\/letrame.com\/catalogo\/#website","url":"https:\/\/letrame.com\/catalogo\/","name":"Catalogo | Letrame Grupo Editorial","description":"","publisher":{"@id":"https:\/\/letrame.com\/catalogo\/#organization"},"potentialAction":[{"@type":"SearchAction","target":{"@type":"EntryPoint","urlTemplate":"https:\/\/letrame.com\/catalogo\/?s={search_term_string}"},"query-input":{"@type":"PropertyValueSpecification","valueRequired":true,"valueName":"search_term_string"}}],"inLanguage":"es"},{"@type":"Organization","@id":"https:\/\/letrame.com\/catalogo\/#organization","name":"Catalogo | Letrame Grupo Editorial","url":"https:\/\/letrame.com\/catalogo\/","logo":{"@type":"ImageObject","inLanguage":"es","@id":"https:\/\/letrame.com\/catalogo\/#\/schema\/logo\/image\/","url":"https:\/\/letrame.com\/catalogo\/wp-content\/uploads\/2024\/03\/logo2.webp","contentUrl":"https:\/\/letrame.com\/catalogo\/wp-content\/uploads\/2024\/03\/logo2.webp","width":394,"height":128,"caption":"Catalogo | Letrame Grupo Editorial"},"image":{"@id":"https:\/\/letrame.com\/catalogo\/#\/schema\/logo\/image\/"}}]}},"_links":{"self":[{"href":"https:\/\/letrame.com\/catalogo\/wp-json\/wp\/v2\/product\/101207","targetHints":{"allow":["GET"]}}],"collection":[{"href":"https:\/\/letrame.com\/catalogo\/wp-json\/wp\/v2\/product"}],"about":[{"href":"https:\/\/letrame.com\/catalogo\/wp-json\/wp\/v2\/types\/product"}],"replies":[{"embeddable":true,"href":"https:\/\/letrame.com\/catalogo\/wp-json\/wp\/v2\/comments?post=101207"}],"acf:post":[{"embeddable":true,"href":"https:\/\/letrame.com\/catalogo\/wp-json\/wp\/v2\/author_book\/101208"}],"wp:featuredmedia":[{"embeddable":true,"href":"https:\/\/letrame.com\/catalogo\/wp-json\/wp\/v2\/media\/101210"}],"wp:attachment":[{"href":"https:\/\/letrame.com\/catalogo\/wp-json\/wp\/v2\/media?parent=101207"}],"wp:term":[{"taxonomy":"libro","embeddable":true,"href":"https:\/\/letrame.com\/catalogo\/wp-json\/wp\/v2\/libro?post=101207"},{"taxonomy":"product_brand","embeddable":true,"href":"https:\/\/letrame.com\/catalogo\/wp-json\/wp\/v2\/product_brand?post=101207"},{"taxonomy":"product_cat","embeddable":true,"href":"https:\/\/letrame.com\/catalogo\/wp-json\/wp\/v2\/product_cat?post=101207"},{"taxonomy":"product_tag","embeddable":true,"href":"https:\/\/letrame.com\/catalogo\/wp-json\/wp\/v2\/product_tag?post=101207"}],"curies":[{"name":"wp","href":"https:\/\/api.w.org\/{rel}","templated":true}]}}