{"id":101197,"date":"2024-05-30T16:05:17","date_gmt":"2024-05-30T14:05:17","guid":{"rendered":"https:\/\/letrame.com\/catalogo\/?post_type=product&#038;p=101197"},"modified":"2024-07-23T14:23:50","modified_gmt":"2024-07-23T12:23:50","slug":"teoria-de-la-relatividad-mecanica-cuantica-y-otros-eventos","status":"publish","type":"product","link":"https:\/\/letrame.com\/catalogo\/producto\/teoria-de-la-relatividad-mecanica-cuantica-y-otros-eventos\/","title":{"rendered":"Teor\u00eda de la relatividad, Mec\u00e1nica cu\u00e1ntica y otros eventos"},"content":{"rendered":"<p>ISBN:\u00a0978-84-1181-488-1<br \/>\nT\u00edtulo:\u2028TEOR\u00cdA DE LA RELATIVIDAD, MEC\u00c1NICA CU\u00c1NTICA Y OTROS EVENTOS<br \/>\nFecha:\u20282023<br \/>\nP\u00e1ginas:\u00a0386<br \/>\nSINOPSIS<\/p>\n<p>\u201cTeor\u00eda de la relatividad, mec\u00e1nica cu\u00e1ntica y otros eventos. Una visi\u00f3n hist\u00f3rica\u201d ofrece una visi\u00f3n informal, pero de largo recorrido sobre el saber cient\u00edfico, desde los tiempos en que la ciencia no exist\u00eda, al menos como disciplina, hasta la actualidad. No pretende ser un relato minucioso de historia, ni tampoco un texto \u00edntegro y especialmente detallado de ciencia. Pretende ofrecer un viaje a trav\u00e9s de la historia de la ciencia, en el que la filosof\u00eda, la situaci\u00f3n socio econ\u00f3mica del momento e incluso el arte, son compa\u00f1eros indispensables para llegar al final del trayecto.<br \/>\nDurante el camino, encontraremos m\u00faltiples apeaderos, donde los acontecimientos cient\u00edficos fluyen de forma amable, transitando sobre la historia. Pero tambi\u00e9n encontraremos estaciones m\u00e1s abruptas, como el c\u00e1lculo diferencial, el concepto de entrop\u00eda o la bios\u00edntesis de prote\u00ednas y el origen de la vida, en las que una visi\u00f3n hist\u00f3rica, nos ayudar\u00e1 a comprender su esencia y su naturaleza. Este punto de vista es especialmente importante cuando hablamos de la teor\u00eda de la relatividad y de la mec\u00e1nica cu\u00e1ntica, porque estas teor\u00edas se basan en conceptos totalmente anti-intuitivos, como la dilataci\u00f3n del tiempo o la discontinuidad de la energ\u00eda; conceptos que chocan radicalmente con nuestra forma natural de concebir el universo. Sin duda, para comprender estas ideas, una visi\u00f3n hist\u00f3rica que nos acerque al proceso de creaci\u00f3n de la teor\u00eda, con sus dificultades y conclusiones, puede resultar m\u00e1s eficaz, que la propia explicaci\u00f3n minuciosa de sus conceptos y aplicaciones.<\/p>\n","protected":false},"excerpt":{"rendered":"<p>ISBN:\u00a0978-84-1181-488-1<\/p>\n<p>SINOPSIS<\/p>\n<p>\u201cTeor\u00eda de la relatividad, mec\u00e1nica cu\u00e1ntica y otros eventos. Una visi\u00f3n hist\u00f3rica\u201d ofrece una visi\u00f3n informal, pero de largo recorrido sobre el saber cient\u00edfico, desde los tiempos en que la ciencia no exist\u00eda, al menos como disciplina, hasta la actualidad. No pretende ser un relato minucioso de historia, ni tampoco un texto \u00edntegro y especialmente detallado de ciencia. Pretende ofrecer un viaje a trav\u00e9s de la historia de la ciencia, en el que la filosof\u00eda, la situaci\u00f3n socio econ\u00f3mica del momento e incluso el arte, son compa\u00f1eros indispensables para llegar al final del trayecto.<br \/>\nDurante el camino, encontraremos m\u00faltiples apeaderos, donde los acontecimientos cient\u00edficos fluyen de forma amable, transitando sobre la historia. Pero tambi\u00e9n encontraremos estaciones m\u00e1s abruptas, como el c\u00e1lculo diferencial, el concepto de entrop\u00eda o la bios\u00edntesis de prote\u00ednas y el origen de la vida, en las que una visi\u00f3n hist\u00f3rica, nos ayudar\u00e1 a comprender su esencia y su naturaleza. Este punto de vista es especialmente importante cuando hablamos de la teor\u00eda de la relatividad y de la mec\u00e1nica cu\u00e1ntica, porque estas teor\u00edas se basan en conceptos totalmente anti-intuitivos, como la dilataci\u00f3n del tiempo o la discontinuidad de la energ\u00eda; conceptos que chocan radicalmente con nuestra forma natural de concebir el universo. Sin duda, para comprender estas ideas, una visi\u00f3n hist\u00f3rica que nos acerque al proceso de creaci\u00f3n de la teor\u00eda, con sus dificultades y conclusiones, puede resultar m\u00e1s eficaz, que la propia explicaci\u00f3n minuciosa de sus conceptos y aplicaciones.<\/p>\n","protected":false},"featured_media":101199,"comment_status":"open","ping_status":"closed","template":"","meta":{"_acf_changed":false},"libro":[],"product_brand":[],"product_cat":[125],"product_tag":[],"class_list":{"0":"post-101197","1":"product","2":"type-product","3":"status-publish","4":"has-post-thumbnail","6":"product_cat-fisica","8":"first","9":"instock","10":"shipping-taxable","11":"product-type-simple"},"acf":{"autor":[77350],"enlace_de_compra":"https:\/\/www.casadellibro.com\/libro-teoria-de-la-relatividad-mecanica-cuantica-y-otros-eventos-una-vision-historica-2-edicion\/9788411814881\/16032967"},"yoast_head":"<!-- This site is optimized with the Yoast SEO plugin v26.6 - https:\/\/yoast.com\/wordpress\/plugins\/seo\/ -->\n<title>Teor\u00eda de la relatividad, Mec\u00e1nica cu\u00e1ntica y otros eventos - Catalogo | Letrame Grupo Editorial<\/title>\n<meta name=\"robots\" content=\"index, follow, max-snippet:-1, max-image-preview:large, max-video-preview:-1\" \/>\n<link rel=\"canonical\" href=\"https:\/\/letrame.com\/catalogo\/producto\/teoria-de-la-relatividad-mecanica-cuantica-y-otros-eventos\/\" \/>\n<meta property=\"og:locale\" content=\"es_ES\" \/>\n<meta property=\"og:type\" content=\"article\" \/>\n<meta property=\"og:title\" content=\"Teor\u00eda de la relatividad, Mec\u00e1nica cu\u00e1ntica y otros eventos - Catalogo | Letrame Grupo Editorial\" \/>\n<meta property=\"og:description\" content=\"ISBN:\u00a0978-84-1181-488-1  SINOPSIS    \u201cTeor\u00eda de la relatividad, mec\u00e1nica cu\u00e1ntica y otros eventos. Una visi\u00f3n hist\u00f3rica\u201d ofrece una visi\u00f3n informal, pero de largo recorrido sobre el saber cient\u00edfico, desde los tiempos en que la ciencia no exist\u00eda, al menos como disciplina, hasta la actualidad. No pretende ser un relato minucioso de historia, ni tampoco un texto \u00edntegro y especialmente detallado de ciencia. Pretende ofrecer un viaje a trav\u00e9s de la historia de la ciencia, en el que la filosof\u00eda, la situaci\u00f3n socio econ\u00f3mica del momento e incluso el arte, son compa\u00f1eros indispensables para llegar al final del trayecto.  Durante el camino, encontraremos m\u00faltiples apeaderos, donde los acontecimientos cient\u00edficos fluyen de forma amable, transitando sobre la historia. Pero tambi\u00e9n encontraremos estaciones m\u00e1s abruptas, como el c\u00e1lculo diferencial, el concepto de entrop\u00eda o la bios\u00edntesis de prote\u00ednas y el origen de la vida, en las que una visi\u00f3n hist\u00f3rica, nos ayudar\u00e1 a comprender su esencia y su naturaleza. Este punto de vista es especialmente importante cuando hablamos de la teor\u00eda de la relatividad y de la mec\u00e1nica cu\u00e1ntica, porque estas teor\u00edas se basan en conceptos totalmente anti-intuitivos, como la dilataci\u00f3n del tiempo o la discontinuidad de la energ\u00eda; conceptos que chocan radicalmente con nuestra forma natural de concebir el universo. Sin duda, para comprender estas ideas, una visi\u00f3n hist\u00f3rica que nos acerque al proceso de creaci\u00f3n de la teor\u00eda, con sus dificultades y conclusiones, puede resultar m\u00e1s eficaz, que la propia explicaci\u00f3n minuciosa de sus conceptos y aplicaciones.\" \/>\n<meta property=\"og:url\" content=\"https:\/\/letrame.com\/catalogo\/producto\/teoria-de-la-relatividad-mecanica-cuantica-y-otros-eventos\/\" \/>\n<meta property=\"og:site_name\" content=\"Catalogo | Letrame Grupo Editorial\" \/>\n<meta property=\"article:modified_time\" content=\"2024-07-23T12:23:50+00:00\" \/>\n<meta property=\"og:image\" content=\"https:\/\/letrame.com\/catalogo\/wp-content\/uploads\/2024\/05\/web_portadateoriadelarelatividad_1866mm-compressed-scaled.jpg\" \/>\n\t<meta property=\"og:image:width\" content=\"1813\" \/>\n\t<meta property=\"og:image:height\" content=\"2560\" \/>\n\t<meta property=\"og:image:type\" content=\"image\/jpeg\" \/>\n<meta name=\"twitter:card\" content=\"summary_large_image\" \/>\n<meta name=\"twitter:label1\" content=\"Tiempo de lectura\" \/>\n\t<meta name=\"twitter:data1\" content=\"2 minutos\" \/>\n<script type=\"application\/ld+json\" class=\"yoast-schema-graph\">{\"@context\":\"https:\/\/schema.org\",\"@graph\":[{\"@type\":\"WebPage\",\"@id\":\"https:\/\/letrame.com\/catalogo\/producto\/teoria-de-la-relatividad-mecanica-cuantica-y-otros-eventos\/\",\"url\":\"https:\/\/letrame.com\/catalogo\/producto\/teoria-de-la-relatividad-mecanica-cuantica-y-otros-eventos\/\",\"name\":\"Teor\u00eda de la relatividad, Mec\u00e1nica cu\u00e1ntica y otros eventos - Catalogo | Letrame Grupo Editorial\",\"isPartOf\":{\"@id\":\"https:\/\/letrame.com\/catalogo\/#website\"},\"primaryImageOfPage\":{\"@id\":\"https:\/\/letrame.com\/catalogo\/producto\/teoria-de-la-relatividad-mecanica-cuantica-y-otros-eventos\/#primaryimage\"},\"image\":{\"@id\":\"https:\/\/letrame.com\/catalogo\/producto\/teoria-de-la-relatividad-mecanica-cuantica-y-otros-eventos\/#primaryimage\"},\"thumbnailUrl\":\"https:\/\/letrame.com\/catalogo\/wp-content\/uploads\/2024\/05\/web_portadateoriadelarelatividad_1866mm-compressed-scaled.jpg\",\"datePublished\":\"2024-05-30T14:05:17+00:00\",\"dateModified\":\"2024-07-23T12:23:50+00:00\",\"breadcrumb\":{\"@id\":\"https:\/\/letrame.com\/catalogo\/producto\/teoria-de-la-relatividad-mecanica-cuantica-y-otros-eventos\/#breadcrumb\"},\"inLanguage\":\"es\",\"potentialAction\":[{\"@type\":\"ReadAction\",\"target\":[\"https:\/\/letrame.com\/catalogo\/producto\/teoria-de-la-relatividad-mecanica-cuantica-y-otros-eventos\/\"]}]},{\"@type\":\"ImageObject\",\"inLanguage\":\"es\",\"@id\":\"https:\/\/letrame.com\/catalogo\/producto\/teoria-de-la-relatividad-mecanica-cuantica-y-otros-eventos\/#primaryimage\",\"url\":\"https:\/\/letrame.com\/catalogo\/wp-content\/uploads\/2024\/05\/web_portadateoriadelarelatividad_1866mm-compressed-scaled.jpg\",\"contentUrl\":\"https:\/\/letrame.com\/catalogo\/wp-content\/uploads\/2024\/05\/web_portadateoriadelarelatividad_1866mm-compressed-scaled.jpg\",\"width\":1813,\"height\":2560},{\"@type\":\"BreadcrumbList\",\"@id\":\"https:\/\/letrame.com\/catalogo\/producto\/teoria-de-la-relatividad-mecanica-cuantica-y-otros-eventos\/#breadcrumb\",\"itemListElement\":[{\"@type\":\"ListItem\",\"position\":1,\"name\":\"Portada\",\"item\":\"https:\/\/letrame.com\/catalogo\/\"},{\"@type\":\"ListItem\",\"position\":2,\"name\":\"Cat\u00e1logo\",\"item\":\"https:\/\/letrame.com\/catalogo\/\"},{\"@type\":\"ListItem\",\"position\":3,\"name\":\"Teor\u00eda de la relatividad, Mec\u00e1nica cu\u00e1ntica y otros eventos\"}]},{\"@type\":\"WebSite\",\"@id\":\"https:\/\/letrame.com\/catalogo\/#website\",\"url\":\"https:\/\/letrame.com\/catalogo\/\",\"name\":\"Catalogo | Letrame Grupo Editorial\",\"description\":\"\",\"publisher\":{\"@id\":\"https:\/\/letrame.com\/catalogo\/#organization\"},\"potentialAction\":[{\"@type\":\"SearchAction\",\"target\":{\"@type\":\"EntryPoint\",\"urlTemplate\":\"https:\/\/letrame.com\/catalogo\/?s={search_term_string}\"},\"query-input\":{\"@type\":\"PropertyValueSpecification\",\"valueRequired\":true,\"valueName\":\"search_term_string\"}}],\"inLanguage\":\"es\"},{\"@type\":\"Organization\",\"@id\":\"https:\/\/letrame.com\/catalogo\/#organization\",\"name\":\"Catalogo | Letrame Grupo Editorial\",\"url\":\"https:\/\/letrame.com\/catalogo\/\",\"logo\":{\"@type\":\"ImageObject\",\"inLanguage\":\"es\",\"@id\":\"https:\/\/letrame.com\/catalogo\/#\/schema\/logo\/image\/\",\"url\":\"https:\/\/letrame.com\/catalogo\/wp-content\/uploads\/2024\/03\/logo2.webp\",\"contentUrl\":\"https:\/\/letrame.com\/catalogo\/wp-content\/uploads\/2024\/03\/logo2.webp\",\"width\":394,\"height\":128,\"caption\":\"Catalogo | Letrame Grupo Editorial\"},\"image\":{\"@id\":\"https:\/\/letrame.com\/catalogo\/#\/schema\/logo\/image\/\"}}]}<\/script>\n<!-- \/ Yoast SEO plugin. -->","yoast_head_json":{"title":"Teor\u00eda de la relatividad, Mec\u00e1nica cu\u00e1ntica y otros eventos - Catalogo | Letrame Grupo Editorial","robots":{"index":"index","follow":"follow","max-snippet":"max-snippet:-1","max-image-preview":"max-image-preview:large","max-video-preview":"max-video-preview:-1"},"canonical":"https:\/\/letrame.com\/catalogo\/producto\/teoria-de-la-relatividad-mecanica-cuantica-y-otros-eventos\/","og_locale":"es_ES","og_type":"article","og_title":"Teor\u00eda de la relatividad, Mec\u00e1nica cu\u00e1ntica y otros eventos - Catalogo | Letrame Grupo Editorial","og_description":"ISBN:\u00a0978-84-1181-488-1  SINOPSIS    \u201cTeor\u00eda de la relatividad, mec\u00e1nica cu\u00e1ntica y otros eventos. Una visi\u00f3n hist\u00f3rica\u201d ofrece una visi\u00f3n informal, pero de largo recorrido sobre el saber cient\u00edfico, desde los tiempos en que la ciencia no exist\u00eda, al menos como disciplina, hasta la actualidad. No pretende ser un relato minucioso de historia, ni tampoco un texto \u00edntegro y especialmente detallado de ciencia. Pretende ofrecer un viaje a trav\u00e9s de la historia de la ciencia, en el que la filosof\u00eda, la situaci\u00f3n socio econ\u00f3mica del momento e incluso el arte, son compa\u00f1eros indispensables para llegar al final del trayecto.  Durante el camino, encontraremos m\u00faltiples apeaderos, donde los acontecimientos cient\u00edficos fluyen de forma amable, transitando sobre la historia. Pero tambi\u00e9n encontraremos estaciones m\u00e1s abruptas, como el c\u00e1lculo diferencial, el concepto de entrop\u00eda o la bios\u00edntesis de prote\u00ednas y el origen de la vida, en las que una visi\u00f3n hist\u00f3rica, nos ayudar\u00e1 a comprender su esencia y su naturaleza. Este punto de vista es especialmente importante cuando hablamos de la teor\u00eda de la relatividad y de la mec\u00e1nica cu\u00e1ntica, porque estas teor\u00edas se basan en conceptos totalmente anti-intuitivos, como la dilataci\u00f3n del tiempo o la discontinuidad de la energ\u00eda; conceptos que chocan radicalmente con nuestra forma natural de concebir el universo. Sin duda, para comprender estas ideas, una visi\u00f3n hist\u00f3rica que nos acerque al proceso de creaci\u00f3n de la teor\u00eda, con sus dificultades y conclusiones, puede resultar m\u00e1s eficaz, que la propia explicaci\u00f3n minuciosa de sus conceptos y aplicaciones.","og_url":"https:\/\/letrame.com\/catalogo\/producto\/teoria-de-la-relatividad-mecanica-cuantica-y-otros-eventos\/","og_site_name":"Catalogo | Letrame Grupo Editorial","article_modified_time":"2024-07-23T12:23:50+00:00","og_image":[{"width":1813,"height":2560,"url":"https:\/\/letrame.com\/catalogo\/wp-content\/uploads\/2024\/05\/web_portadateoriadelarelatividad_1866mm-compressed-scaled.jpg","type":"image\/jpeg"}],"twitter_card":"summary_large_image","twitter_misc":{"Tiempo de lectura":"2 minutos"},"schema":{"@context":"https:\/\/schema.org","@graph":[{"@type":"WebPage","@id":"https:\/\/letrame.com\/catalogo\/producto\/teoria-de-la-relatividad-mecanica-cuantica-y-otros-eventos\/","url":"https:\/\/letrame.com\/catalogo\/producto\/teoria-de-la-relatividad-mecanica-cuantica-y-otros-eventos\/","name":"Teor\u00eda de la relatividad, Mec\u00e1nica cu\u00e1ntica y otros eventos - Catalogo | Letrame Grupo Editorial","isPartOf":{"@id":"https:\/\/letrame.com\/catalogo\/#website"},"primaryImageOfPage":{"@id":"https:\/\/letrame.com\/catalogo\/producto\/teoria-de-la-relatividad-mecanica-cuantica-y-otros-eventos\/#primaryimage"},"image":{"@id":"https:\/\/letrame.com\/catalogo\/producto\/teoria-de-la-relatividad-mecanica-cuantica-y-otros-eventos\/#primaryimage"},"thumbnailUrl":"https:\/\/letrame.com\/catalogo\/wp-content\/uploads\/2024\/05\/web_portadateoriadelarelatividad_1866mm-compressed-scaled.jpg","datePublished":"2024-05-30T14:05:17+00:00","dateModified":"2024-07-23T12:23:50+00:00","breadcrumb":{"@id":"https:\/\/letrame.com\/catalogo\/producto\/teoria-de-la-relatividad-mecanica-cuantica-y-otros-eventos\/#breadcrumb"},"inLanguage":"es","potentialAction":[{"@type":"ReadAction","target":["https:\/\/letrame.com\/catalogo\/producto\/teoria-de-la-relatividad-mecanica-cuantica-y-otros-eventos\/"]}]},{"@type":"ImageObject","inLanguage":"es","@id":"https:\/\/letrame.com\/catalogo\/producto\/teoria-de-la-relatividad-mecanica-cuantica-y-otros-eventos\/#primaryimage","url":"https:\/\/letrame.com\/catalogo\/wp-content\/uploads\/2024\/05\/web_portadateoriadelarelatividad_1866mm-compressed-scaled.jpg","contentUrl":"https:\/\/letrame.com\/catalogo\/wp-content\/uploads\/2024\/05\/web_portadateoriadelarelatividad_1866mm-compressed-scaled.jpg","width":1813,"height":2560},{"@type":"BreadcrumbList","@id":"https:\/\/letrame.com\/catalogo\/producto\/teoria-de-la-relatividad-mecanica-cuantica-y-otros-eventos\/#breadcrumb","itemListElement":[{"@type":"ListItem","position":1,"name":"Portada","item":"https:\/\/letrame.com\/catalogo\/"},{"@type":"ListItem","position":2,"name":"Cat\u00e1logo","item":"https:\/\/letrame.com\/catalogo\/"},{"@type":"ListItem","position":3,"name":"Teor\u00eda de la relatividad, Mec\u00e1nica cu\u00e1ntica y otros eventos"}]},{"@type":"WebSite","@id":"https:\/\/letrame.com\/catalogo\/#website","url":"https:\/\/letrame.com\/catalogo\/","name":"Catalogo | Letrame Grupo Editorial","description":"","publisher":{"@id":"https:\/\/letrame.com\/catalogo\/#organization"},"potentialAction":[{"@type":"SearchAction","target":{"@type":"EntryPoint","urlTemplate":"https:\/\/letrame.com\/catalogo\/?s={search_term_string}"},"query-input":{"@type":"PropertyValueSpecification","valueRequired":true,"valueName":"search_term_string"}}],"inLanguage":"es"},{"@type":"Organization","@id":"https:\/\/letrame.com\/catalogo\/#organization","name":"Catalogo | Letrame Grupo Editorial","url":"https:\/\/letrame.com\/catalogo\/","logo":{"@type":"ImageObject","inLanguage":"es","@id":"https:\/\/letrame.com\/catalogo\/#\/schema\/logo\/image\/","url":"https:\/\/letrame.com\/catalogo\/wp-content\/uploads\/2024\/03\/logo2.webp","contentUrl":"https:\/\/letrame.com\/catalogo\/wp-content\/uploads\/2024\/03\/logo2.webp","width":394,"height":128,"caption":"Catalogo | Letrame Grupo Editorial"},"image":{"@id":"https:\/\/letrame.com\/catalogo\/#\/schema\/logo\/image\/"}}]}},"_links":{"self":[{"href":"https:\/\/letrame.com\/catalogo\/wp-json\/wp\/v2\/product\/101197","targetHints":{"allow":["GET"]}}],"collection":[{"href":"https:\/\/letrame.com\/catalogo\/wp-json\/wp\/v2\/product"}],"about":[{"href":"https:\/\/letrame.com\/catalogo\/wp-json\/wp\/v2\/types\/product"}],"replies":[{"embeddable":true,"href":"https:\/\/letrame.com\/catalogo\/wp-json\/wp\/v2\/comments?post=101197"}],"acf:post":[{"embeddable":true,"href":"https:\/\/letrame.com\/catalogo\/wp-json\/wp\/v2\/author_book\/77350"}],"wp:featuredmedia":[{"embeddable":true,"href":"https:\/\/letrame.com\/catalogo\/wp-json\/wp\/v2\/media\/101199"}],"wp:attachment":[{"href":"https:\/\/letrame.com\/catalogo\/wp-json\/wp\/v2\/media?parent=101197"}],"wp:term":[{"taxonomy":"libro","embeddable":true,"href":"https:\/\/letrame.com\/catalogo\/wp-json\/wp\/v2\/libro?post=101197"},{"taxonomy":"product_brand","embeddable":true,"href":"https:\/\/letrame.com\/catalogo\/wp-json\/wp\/v2\/product_brand?post=101197"},{"taxonomy":"product_cat","embeddable":true,"href":"https:\/\/letrame.com\/catalogo\/wp-json\/wp\/v2\/product_cat?post=101197"},{"taxonomy":"product_tag","embeddable":true,"href":"https:\/\/letrame.com\/catalogo\/wp-json\/wp\/v2\/product_tag?post=101197"}],"curies":[{"name":"wp","href":"https:\/\/api.w.org\/{rel}","templated":true}]}}