{"id":101194,"date":"2024-05-30T15:59:51","date_gmt":"2024-05-30T13:59:51","guid":{"rendered":"https:\/\/letrame.com\/catalogo\/?post_type=product&#038;p=101194"},"modified":"2024-06-04T15:03:29","modified_gmt":"2024-06-04T13:03:29","slug":"manual-de-terapia-de-aceptacion-y-compromiso-para-disfunciones-sexuales","status":"publish","type":"product","link":"https:\/\/letrame.com\/catalogo\/producto\/manual-de-terapia-de-aceptacion-y-compromiso-para-disfunciones-sexuales\/","title":{"rendered":"Manual de terapia de aceptaci\u00f3n y compromiso para disfunciones sexuales"},"content":{"rendered":"<p>ISBN:\u00a0978-84-1068-162-0<br \/>\nT\u00edtulo:\u2028MANUAL DE TERAPIA DE ACEPTACI\u00d3N Y COMPROMISO PARA DISFUNCIONES SEXUALES<br \/>\nFecha:\u20282024<br \/>\nP\u00e1ginas:\u00a0298<br \/>\nSINOPSIS<\/p>\n<p>Las disfunciones sexuales representan un problema creciente en una sociedad que enfatiza excesivamente el rendimiento en las relaciones \u00edntimas. Rompiendo con los enfoques tradicionales que predominan en la actualidad, este manual plantea un tratamiento del sufrimiento humano vinculado a este tipo de problem\u00e1ticas desde una perspectiva diferente. El autor introduce un enfoque de intervenci\u00f3n psicol\u00f3gica y sexol\u00f3gica fundamentado en el contextualismo funcional, abordando el malestar psicol\u00f3gico desde los procesos que subyacen a este tipo de problem\u00e1ticas. Se sostiene que el problema no radica tanto en la disfunci\u00f3n per se, sino en la forma que tiene el individuo de vivir sus dificultades en las relaciones sexuales, atrap\u00e1ndose en una lucha por sus intentos de mejorar y solucionar su rendimiento sexual, siendo esto mismo parte del problema.<\/p>\n<p>Esta obra presenta, por tanto, una aproximaci\u00f3n de la Terapia de Aceptaci\u00f3n y Compromiso (ACT) para el abordaje en disfunciones sexuales, desde la perspectiva de los valores personales, la conexi\u00f3n con el presente y la aceptaci\u00f3n. Se ofrece una cr\u00edtica reflexiva al modelo de trabajo vigente en la Sexolog\u00eda Cl\u00ednica, una explicaci\u00f3n funcional contextual del origen y mantenimiento de los diferentes trastornos sexuales relacionados con la respuesta sexual, estrategias de evaluaci\u00f3n y la sugerencia del modelo del \u00abdoble rombo\u00bb, una adaptaci\u00f3n del Hexaflex de ACT, en relaci\u00f3n con la intervenci\u00f3n cl\u00ednica en disfunciones sexuales. Adem\u00e1s, se proporciona una exploraci\u00f3n exhaustiva de diversas problem\u00e1ticas sexuales, presentando una serie de ejemplos y estudios de casos detallados en donde se gu\u00eda al lector a trav\u00e9s de di\u00e1logos cl\u00ednicos en los procesos terap\u00e9uticos de cambio.<\/p>\n<p>Destinado principalmente a ser un manual te\u00f3rico-pr\u00e1ctico en terapia sexual, este libro est\u00e1 dirigido a profesionales de la Psicolog\u00eda y la Sexolog\u00eda Cl\u00ednica, as\u00ed como a estudiantes de ambas disciplinas. Escrito en un lenguaje claro y accesible, no renuncia al rigor t\u00e9cnico necesario para una comprensi\u00f3n profunda de la materia.<\/p>\n","protected":false},"excerpt":{"rendered":"<p>ISBN:\u00a0978-84-1068-162-0<\/p>\n<p>SINOPSIS<\/p>\n<p>Las disfunciones sexuales representan un problema creciente en una sociedad que enfatiza excesivamente el rendimiento en las relaciones \u00edntimas. Rompiendo con los enfoques tradicionales que predominan en la actualidad, este manual plantea un tratamiento del sufrimiento humano vinculado a este tipo de problem\u00e1ticas desde una perspectiva diferente. El autor introduce un enfoque de intervenci\u00f3n psicol\u00f3gica y sexol\u00f3gica fundamentado en el contextualismo funcional, abordando el malestar psicol\u00f3gico desde los procesos que subyacen a este tipo de problem\u00e1ticas. Se sostiene que el problema no radica tanto en la disfunci\u00f3n per se, sino en la forma que tiene el individuo de vivir sus dificultades en las relaciones sexuales, atrap\u00e1ndose en una lucha por sus intentos de mejorar y solucionar su rendimiento sexual, siendo esto mismo parte del problema.<\/p>\n<p>Esta obra presenta, por tanto, una aproximaci\u00f3n de la Terapia de Aceptaci\u00f3n y Compromiso (ACT) para el abordaje en disfunciones sexuales, desde la perspectiva de los valores personales, la conexi\u00f3n con el presente y la aceptaci\u00f3n. Se ofrece una cr\u00edtica reflexiva al modelo de trabajo vigente en la Sexolog\u00eda Cl\u00ednica, una explicaci\u00f3n funcional contextual del origen y mantenimiento de los diferentes trastornos sexuales relacionados con la respuesta sexual, estrategias de evaluaci\u00f3n y la sugerencia del modelo del \u00abdoble rombo\u00bb, una adaptaci\u00f3n del Hexaflex de ACT, en relaci\u00f3n con la intervenci\u00f3n cl\u00ednica en disfunciones sexuales. Adem\u00e1s, se proporciona una exploraci\u00f3n exhaustiva de diversas problem\u00e1ticas sexuales, presentando una serie de ejemplos y estudios de casos detallados en donde se gu\u00eda al lector a trav\u00e9s de di\u00e1logos cl\u00ednicos en los procesos terap\u00e9uticos de cambio.<\/p>\n<p>Destinado principalmente a ser un manual te\u00f3rico-pr\u00e1ctico en terapia sexual, este libro est\u00e1 dirigido a profesionales de la Psicolog\u00eda y la Sexolog\u00eda Cl\u00ednica, as\u00ed como a estudiantes de ambas disciplinas. Escrito en un lenguaje claro y accesible, no renuncia al rigor t\u00e9cnico necesario para una comprensi\u00f3n profunda de la materia.<\/p>\n","protected":false},"featured_media":101196,"comment_status":"open","ping_status":"closed","template":"","meta":{"_acf_changed":false},"libro":[],"product_brand":[],"product_cat":[124],"product_tag":[],"class_list":{"0":"post-101194","1":"product","2":"type-product","3":"status-publish","4":"has-post-thumbnail","6":"product_cat-psicologia","8":"first","9":"instock","10":"shipping-taxable","11":"product-type-simple"},"acf":{"autor":[101191],"enlace_de_compra":"https:\/\/www.fnac.es\/a11056634\/Miguel-Angel-Del-Pino-Jimenez-Manual-de-terapia-de-aceptacion-y-compromiso-para-disfunciones-sexuales"},"yoast_head":"<!-- This site is optimized with the Yoast SEO plugin v27.4 - https:\/\/yoast.com\/product\/yoast-seo-wordpress\/ -->\n<title>Manual de terapia de aceptaci\u00f3n y compromiso para disfunciones sexuales - Catalogo | Letrame Grupo Editorial<\/title>\n<meta name=\"robots\" content=\"index, follow, max-snippet:-1, max-image-preview:large, max-video-preview:-1\" \/>\n<link rel=\"canonical\" href=\"https:\/\/letrame.com\/catalogo\/producto\/manual-de-terapia-de-aceptacion-y-compromiso-para-disfunciones-sexuales\/\" \/>\n<meta property=\"og:locale\" content=\"es_ES\" \/>\n<meta property=\"og:type\" content=\"article\" \/>\n<meta property=\"og:title\" content=\"Manual de terapia de aceptaci\u00f3n y compromiso para disfunciones sexuales - Catalogo | Letrame Grupo Editorial\" \/>\n<meta property=\"og:description\" content=\"ISBN:\u00a0978-84-1068-162-0  SINOPSIS  Las disfunciones sexuales representan un problema creciente en una sociedad que enfatiza excesivamente el rendimiento en las relaciones \u00edntimas. Rompiendo con los enfoques tradicionales que predominan en la actualidad, este manual plantea un tratamiento del sufrimiento humano vinculado a este tipo de problem\u00e1ticas desde una perspectiva diferente. El autor introduce un enfoque de intervenci\u00f3n psicol\u00f3gica y sexol\u00f3gica fundamentado en el contextualismo funcional, abordando el malestar psicol\u00f3gico desde los procesos que subyacen a este tipo de problem\u00e1ticas. Se sostiene que el problema no radica tanto en la disfunci\u00f3n per se, sino en la forma que tiene el individuo de vivir sus dificultades en las relaciones sexuales, atrap\u00e1ndose en una lucha por sus intentos de mejorar y solucionar su rendimiento sexual, siendo esto mismo parte del problema.  Esta obra presenta, por tanto, una aproximaci\u00f3n de la Terapia de Aceptaci\u00f3n y Compromiso (ACT) para el abordaje en disfunciones sexuales, desde la perspectiva de los valores personales, la conexi\u00f3n con el presente y la aceptaci\u00f3n. Se ofrece una cr\u00edtica reflexiva al modelo de trabajo vigente en la Sexolog\u00eda Cl\u00ednica, una explicaci\u00f3n funcional contextual del origen y mantenimiento de los diferentes trastornos sexuales relacionados con la respuesta sexual, estrategias de evaluaci\u00f3n y la sugerencia del modelo del \u00abdoble rombo\u00bb, una adaptaci\u00f3n del Hexaflex de ACT, en relaci\u00f3n con la intervenci\u00f3n cl\u00ednica en disfunciones sexuales. Adem\u00e1s, se proporciona una exploraci\u00f3n exhaustiva de diversas problem\u00e1ticas sexuales, presentando una serie de ejemplos y estudios de casos detallados en donde se gu\u00eda al lector a trav\u00e9s de di\u00e1logos cl\u00ednicos en los procesos terap\u00e9uticos de cambio.  Destinado principalmente a ser un manual te\u00f3rico-pr\u00e1ctico en terapia sexual, este libro est\u00e1 dirigido a profesionales de la Psicolog\u00eda y la Sexolog\u00eda Cl\u00ednica, as\u00ed como a estudiantes de ambas disciplinas. Escrito en un lenguaje claro y accesible, no renuncia al rigor t\u00e9cnico necesario para una comprensi\u00f3n profunda de la materia.\" \/>\n<meta property=\"og:url\" content=\"https:\/\/letrame.com\/catalogo\/producto\/manual-de-terapia-de-aceptacion-y-compromiso-para-disfunciones-sexuales\/\" \/>\n<meta property=\"og:site_name\" content=\"Catalogo | Letrame Grupo Editorial\" \/>\n<meta property=\"article:modified_time\" content=\"2024-06-04T13:03:29+00:00\" \/>\n<meta property=\"og:image\" content=\"https:\/\/letrame.com\/catalogo\/wp-content\/uploads\/2024\/05\/webp_manualdeterapia_1491mm-compressed-scaled.jpg\" \/>\n\t<meta property=\"og:image:width\" content=\"1746\" \/>\n\t<meta property=\"og:image:height\" content=\"2560\" \/>\n\t<meta property=\"og:image:type\" content=\"image\/jpeg\" \/>\n<meta name=\"twitter:card\" content=\"summary_large_image\" \/>\n<meta name=\"twitter:label1\" content=\"Tiempo de lectura\" \/>\n\t<meta name=\"twitter:data1\" content=\"2 minutos\" \/>\n<script type=\"application\/ld+json\" class=\"yoast-schema-graph\">{\"@context\":\"https:\\\/\\\/schema.org\",\"@graph\":[{\"@type\":\"WebPage\",\"@id\":\"https:\\\/\\\/letrame.com\\\/catalogo\\\/producto\\\/manual-de-terapia-de-aceptacion-y-compromiso-para-disfunciones-sexuales\\\/\",\"url\":\"https:\\\/\\\/letrame.com\\\/catalogo\\\/producto\\\/manual-de-terapia-de-aceptacion-y-compromiso-para-disfunciones-sexuales\\\/\",\"name\":\"Manual de terapia de aceptaci\u00f3n y compromiso para disfunciones sexuales - Catalogo | Letrame Grupo Editorial\",\"isPartOf\":{\"@id\":\"https:\\\/\\\/letrame.com\\\/catalogo\\\/#website\"},\"primaryImageOfPage\":{\"@id\":\"https:\\\/\\\/letrame.com\\\/catalogo\\\/producto\\\/manual-de-terapia-de-aceptacion-y-compromiso-para-disfunciones-sexuales\\\/#primaryimage\"},\"image\":{\"@id\":\"https:\\\/\\\/letrame.com\\\/catalogo\\\/producto\\\/manual-de-terapia-de-aceptacion-y-compromiso-para-disfunciones-sexuales\\\/#primaryimage\"},\"thumbnailUrl\":\"https:\\\/\\\/letrame.com\\\/catalogo\\\/wp-content\\\/uploads\\\/2024\\\/05\\\/webp_manualdeterapia_1491mm-compressed-scaled.jpg\",\"datePublished\":\"2024-05-30T13:59:51+00:00\",\"dateModified\":\"2024-06-04T13:03:29+00:00\",\"breadcrumb\":{\"@id\":\"https:\\\/\\\/letrame.com\\\/catalogo\\\/producto\\\/manual-de-terapia-de-aceptacion-y-compromiso-para-disfunciones-sexuales\\\/#breadcrumb\"},\"inLanguage\":\"es\",\"potentialAction\":[{\"@type\":\"ReadAction\",\"target\":[\"https:\\\/\\\/letrame.com\\\/catalogo\\\/producto\\\/manual-de-terapia-de-aceptacion-y-compromiso-para-disfunciones-sexuales\\\/\"]}]},{\"@type\":\"ImageObject\",\"inLanguage\":\"es\",\"@id\":\"https:\\\/\\\/letrame.com\\\/catalogo\\\/producto\\\/manual-de-terapia-de-aceptacion-y-compromiso-para-disfunciones-sexuales\\\/#primaryimage\",\"url\":\"https:\\\/\\\/letrame.com\\\/catalogo\\\/wp-content\\\/uploads\\\/2024\\\/05\\\/webp_manualdeterapia_1491mm-compressed-scaled.jpg\",\"contentUrl\":\"https:\\\/\\\/letrame.com\\\/catalogo\\\/wp-content\\\/uploads\\\/2024\\\/05\\\/webp_manualdeterapia_1491mm-compressed-scaled.jpg\",\"width\":1746,\"height\":2560},{\"@type\":\"BreadcrumbList\",\"@id\":\"https:\\\/\\\/letrame.com\\\/catalogo\\\/producto\\\/manual-de-terapia-de-aceptacion-y-compromiso-para-disfunciones-sexuales\\\/#breadcrumb\",\"itemListElement\":[{\"@type\":\"ListItem\",\"position\":1,\"name\":\"Portada\",\"item\":\"https:\\\/\\\/letrame.com\\\/catalogo\\\/\"},{\"@type\":\"ListItem\",\"position\":2,\"name\":\"Cat\u00e1logo\",\"item\":\"https:\\\/\\\/letrame.com\\\/catalogo\\\/\"},{\"@type\":\"ListItem\",\"position\":3,\"name\":\"Manual de terapia de aceptaci\u00f3n y compromiso para disfunciones sexuales\"}]},{\"@type\":\"WebSite\",\"@id\":\"https:\\\/\\\/letrame.com\\\/catalogo\\\/#website\",\"url\":\"https:\\\/\\\/letrame.com\\\/catalogo\\\/\",\"name\":\"Catalogo | Letrame Grupo Editorial\",\"description\":\"\",\"publisher\":{\"@id\":\"https:\\\/\\\/letrame.com\\\/catalogo\\\/#organization\"},\"potentialAction\":[{\"@type\":\"SearchAction\",\"target\":{\"@type\":\"EntryPoint\",\"urlTemplate\":\"https:\\\/\\\/letrame.com\\\/catalogo\\\/?s={search_term_string}\"},\"query-input\":{\"@type\":\"PropertyValueSpecification\",\"valueRequired\":true,\"valueName\":\"search_term_string\"}}],\"inLanguage\":\"es\"},{\"@type\":\"Organization\",\"@id\":\"https:\\\/\\\/letrame.com\\\/catalogo\\\/#organization\",\"name\":\"Catalogo | Letrame Grupo Editorial\",\"url\":\"https:\\\/\\\/letrame.com\\\/catalogo\\\/\",\"logo\":{\"@type\":\"ImageObject\",\"inLanguage\":\"es\",\"@id\":\"https:\\\/\\\/letrame.com\\\/catalogo\\\/#\\\/schema\\\/logo\\\/image\\\/\",\"url\":\"https:\\\/\\\/letrame.com\\\/catalogo\\\/wp-content\\\/uploads\\\/2024\\\/03\\\/logo2.webp\",\"contentUrl\":\"https:\\\/\\\/letrame.com\\\/catalogo\\\/wp-content\\\/uploads\\\/2024\\\/03\\\/logo2.webp\",\"width\":394,\"height\":128,\"caption\":\"Catalogo | Letrame Grupo Editorial\"},\"image\":{\"@id\":\"https:\\\/\\\/letrame.com\\\/catalogo\\\/#\\\/schema\\\/logo\\\/image\\\/\"}}]}<\/script>\n<!-- \/ Yoast SEO plugin. -->","yoast_head_json":{"title":"Manual de terapia de aceptaci\u00f3n y compromiso para disfunciones sexuales - Catalogo | Letrame Grupo Editorial","robots":{"index":"index","follow":"follow","max-snippet":"max-snippet:-1","max-image-preview":"max-image-preview:large","max-video-preview":"max-video-preview:-1"},"canonical":"https:\/\/letrame.com\/catalogo\/producto\/manual-de-terapia-de-aceptacion-y-compromiso-para-disfunciones-sexuales\/","og_locale":"es_ES","og_type":"article","og_title":"Manual de terapia de aceptaci\u00f3n y compromiso para disfunciones sexuales - Catalogo | Letrame Grupo Editorial","og_description":"ISBN:\u00a0978-84-1068-162-0  SINOPSIS  Las disfunciones sexuales representan un problema creciente en una sociedad que enfatiza excesivamente el rendimiento en las relaciones \u00edntimas. Rompiendo con los enfoques tradicionales que predominan en la actualidad, este manual plantea un tratamiento del sufrimiento humano vinculado a este tipo de problem\u00e1ticas desde una perspectiva diferente. El autor introduce un enfoque de intervenci\u00f3n psicol\u00f3gica y sexol\u00f3gica fundamentado en el contextualismo funcional, abordando el malestar psicol\u00f3gico desde los procesos que subyacen a este tipo de problem\u00e1ticas. Se sostiene que el problema no radica tanto en la disfunci\u00f3n per se, sino en la forma que tiene el individuo de vivir sus dificultades en las relaciones sexuales, atrap\u00e1ndose en una lucha por sus intentos de mejorar y solucionar su rendimiento sexual, siendo esto mismo parte del problema.  Esta obra presenta, por tanto, una aproximaci\u00f3n de la Terapia de Aceptaci\u00f3n y Compromiso (ACT) para el abordaje en disfunciones sexuales, desde la perspectiva de los valores personales, la conexi\u00f3n con el presente y la aceptaci\u00f3n. Se ofrece una cr\u00edtica reflexiva al modelo de trabajo vigente en la Sexolog\u00eda Cl\u00ednica, una explicaci\u00f3n funcional contextual del origen y mantenimiento de los diferentes trastornos sexuales relacionados con la respuesta sexual, estrategias de evaluaci\u00f3n y la sugerencia del modelo del \u00abdoble rombo\u00bb, una adaptaci\u00f3n del Hexaflex de ACT, en relaci\u00f3n con la intervenci\u00f3n cl\u00ednica en disfunciones sexuales. Adem\u00e1s, se proporciona una exploraci\u00f3n exhaustiva de diversas problem\u00e1ticas sexuales, presentando una serie de ejemplos y estudios de casos detallados en donde se gu\u00eda al lector a trav\u00e9s de di\u00e1logos cl\u00ednicos en los procesos terap\u00e9uticos de cambio.  Destinado principalmente a ser un manual te\u00f3rico-pr\u00e1ctico en terapia sexual, este libro est\u00e1 dirigido a profesionales de la Psicolog\u00eda y la Sexolog\u00eda Cl\u00ednica, as\u00ed como a estudiantes de ambas disciplinas. Escrito en un lenguaje claro y accesible, no renuncia al rigor t\u00e9cnico necesario para una comprensi\u00f3n profunda de la materia.","og_url":"https:\/\/letrame.com\/catalogo\/producto\/manual-de-terapia-de-aceptacion-y-compromiso-para-disfunciones-sexuales\/","og_site_name":"Catalogo | Letrame Grupo Editorial","article_modified_time":"2024-06-04T13:03:29+00:00","og_image":[{"width":1746,"height":2560,"url":"https:\/\/letrame.com\/catalogo\/wp-content\/uploads\/2024\/05\/webp_manualdeterapia_1491mm-compressed-scaled.jpg","type":"image\/jpeg"}],"twitter_card":"summary_large_image","twitter_misc":{"Tiempo de lectura":"2 minutos"},"schema":{"@context":"https:\/\/schema.org","@graph":[{"@type":"WebPage","@id":"https:\/\/letrame.com\/catalogo\/producto\/manual-de-terapia-de-aceptacion-y-compromiso-para-disfunciones-sexuales\/","url":"https:\/\/letrame.com\/catalogo\/producto\/manual-de-terapia-de-aceptacion-y-compromiso-para-disfunciones-sexuales\/","name":"Manual de terapia de aceptaci\u00f3n y compromiso para disfunciones sexuales - Catalogo | Letrame Grupo Editorial","isPartOf":{"@id":"https:\/\/letrame.com\/catalogo\/#website"},"primaryImageOfPage":{"@id":"https:\/\/letrame.com\/catalogo\/producto\/manual-de-terapia-de-aceptacion-y-compromiso-para-disfunciones-sexuales\/#primaryimage"},"image":{"@id":"https:\/\/letrame.com\/catalogo\/producto\/manual-de-terapia-de-aceptacion-y-compromiso-para-disfunciones-sexuales\/#primaryimage"},"thumbnailUrl":"https:\/\/letrame.com\/catalogo\/wp-content\/uploads\/2024\/05\/webp_manualdeterapia_1491mm-compressed-scaled.jpg","datePublished":"2024-05-30T13:59:51+00:00","dateModified":"2024-06-04T13:03:29+00:00","breadcrumb":{"@id":"https:\/\/letrame.com\/catalogo\/producto\/manual-de-terapia-de-aceptacion-y-compromiso-para-disfunciones-sexuales\/#breadcrumb"},"inLanguage":"es","potentialAction":[{"@type":"ReadAction","target":["https:\/\/letrame.com\/catalogo\/producto\/manual-de-terapia-de-aceptacion-y-compromiso-para-disfunciones-sexuales\/"]}]},{"@type":"ImageObject","inLanguage":"es","@id":"https:\/\/letrame.com\/catalogo\/producto\/manual-de-terapia-de-aceptacion-y-compromiso-para-disfunciones-sexuales\/#primaryimage","url":"https:\/\/letrame.com\/catalogo\/wp-content\/uploads\/2024\/05\/webp_manualdeterapia_1491mm-compressed-scaled.jpg","contentUrl":"https:\/\/letrame.com\/catalogo\/wp-content\/uploads\/2024\/05\/webp_manualdeterapia_1491mm-compressed-scaled.jpg","width":1746,"height":2560},{"@type":"BreadcrumbList","@id":"https:\/\/letrame.com\/catalogo\/producto\/manual-de-terapia-de-aceptacion-y-compromiso-para-disfunciones-sexuales\/#breadcrumb","itemListElement":[{"@type":"ListItem","position":1,"name":"Portada","item":"https:\/\/letrame.com\/catalogo\/"},{"@type":"ListItem","position":2,"name":"Cat\u00e1logo","item":"https:\/\/letrame.com\/catalogo\/"},{"@type":"ListItem","position":3,"name":"Manual de terapia de aceptaci\u00f3n y compromiso para disfunciones sexuales"}]},{"@type":"WebSite","@id":"https:\/\/letrame.com\/catalogo\/#website","url":"https:\/\/letrame.com\/catalogo\/","name":"Catalogo | Letrame Grupo Editorial","description":"","publisher":{"@id":"https:\/\/letrame.com\/catalogo\/#organization"},"potentialAction":[{"@type":"SearchAction","target":{"@type":"EntryPoint","urlTemplate":"https:\/\/letrame.com\/catalogo\/?s={search_term_string}"},"query-input":{"@type":"PropertyValueSpecification","valueRequired":true,"valueName":"search_term_string"}}],"inLanguage":"es"},{"@type":"Organization","@id":"https:\/\/letrame.com\/catalogo\/#organization","name":"Catalogo | Letrame Grupo Editorial","url":"https:\/\/letrame.com\/catalogo\/","logo":{"@type":"ImageObject","inLanguage":"es","@id":"https:\/\/letrame.com\/catalogo\/#\/schema\/logo\/image\/","url":"https:\/\/letrame.com\/catalogo\/wp-content\/uploads\/2024\/03\/logo2.webp","contentUrl":"https:\/\/letrame.com\/catalogo\/wp-content\/uploads\/2024\/03\/logo2.webp","width":394,"height":128,"caption":"Catalogo | Letrame Grupo Editorial"},"image":{"@id":"https:\/\/letrame.com\/catalogo\/#\/schema\/logo\/image\/"}}]}},"_links":{"self":[{"href":"https:\/\/letrame.com\/catalogo\/wp-json\/wp\/v2\/product\/101194","targetHints":{"allow":["GET"]}}],"collection":[{"href":"https:\/\/letrame.com\/catalogo\/wp-json\/wp\/v2\/product"}],"about":[{"href":"https:\/\/letrame.com\/catalogo\/wp-json\/wp\/v2\/types\/product"}],"replies":[{"embeddable":true,"href":"https:\/\/letrame.com\/catalogo\/wp-json\/wp\/v2\/comments?post=101194"}],"acf:post":[{"embeddable":true,"href":"https:\/\/letrame.com\/catalogo\/wp-json\/wp\/v2\/author_book\/101191"}],"wp:featuredmedia":[{"embeddable":true,"href":"https:\/\/letrame.com\/catalogo\/wp-json\/wp\/v2\/media\/101196"}],"wp:attachment":[{"href":"https:\/\/letrame.com\/catalogo\/wp-json\/wp\/v2\/media?parent=101194"}],"wp:term":[{"taxonomy":"libro","embeddable":true,"href":"https:\/\/letrame.com\/catalogo\/wp-json\/wp\/v2\/libro?post=101194"},{"taxonomy":"product_brand","embeddable":true,"href":"https:\/\/letrame.com\/catalogo\/wp-json\/wp\/v2\/product_brand?post=101194"},{"taxonomy":"product_cat","embeddable":true,"href":"https:\/\/letrame.com\/catalogo\/wp-json\/wp\/v2\/product_cat?post=101194"},{"taxonomy":"product_tag","embeddable":true,"href":"https:\/\/letrame.com\/catalogo\/wp-json\/wp\/v2\/product_tag?post=101194"}],"curies":[{"name":"wp","href":"https:\/\/api.w.org\/{rel}","templated":true}]}}