{"id":101167,"date":"2024-05-30T15:17:03","date_gmt":"2024-05-30T13:17:03","guid":{"rendered":"https:\/\/letrame.com\/catalogo\/?post_type=product&#038;p=101167"},"modified":"2024-05-30T15:17:03","modified_gmt":"2024-05-30T13:17:03","slug":"un-mundo-de-paternidades","status":"publish","type":"product","link":"https:\/\/letrame.com\/catalogo\/producto\/un-mundo-de-paternidades\/","title":{"rendered":"Un mundo de paternidades"},"content":{"rendered":"<p>ISBN:\u00a0978-84-1068-353-2<br \/>\nT\u00edtulo:\u2028Un mundo de paternidades<br \/>\nFecha:\u20282024<br \/>\nP\u00e1ginas:\u00a0106<br \/>\nSINOPSIS<\/p>\n<p>En un mundo que avanza implacablemente, Un mundo de paternidades surge como una pausa crucial, un alto en la vida de los personajes, una detenci\u00f3n obligada para observar lo recorrido y buscar grietas fundacionales, para encontrar la pieza perdida en el rompecabezas de sus vidas y comprender su propia historia. Estos cuentos son testimonio de que nunca es tarde para enfrentar las heridas de la infancia, que como r\u00edos subterr\u00e1neos contin\u00faan manando en la adultez. Con gran determinaci\u00f3n, los personajes se aventuran en la b\u00fasqueda incesante de la verdad, conscientes de que, solo desde el reconocimiento y la recuperaci\u00f3n de la memoria, es posible iniciar una reconstrucci\u00f3n. Un mundo de paternidades da vida a una variedad de perspectivas y voces que se entrelazan como piezas de un puzle mayor. Los lectores son invitados a reflexionar sobre la ineludible naturaleza de la imperfecci\u00f3n, la indiferencia, el amor, la violencia, la apat\u00eda, la mentira y el silencio, entre otras piezas. Despu\u00e9s de todo, \u00bfqu\u00e9 es la paternidad, sino el eterno intento de encajar piezas nuevas en un rompecabezas que no termina de resolverse? Los cuentos de este libro nos recuerdan la importancia de abrazar las vulnerabilidades, emprender la senda personal de la reparaci\u00f3n, para conseguir la cicatriz que permite continuar el viaje.<\/p>\n","protected":false},"excerpt":{"rendered":"<p>ISBN:\u00a0978-84-1068-353-2<\/p>\n<p>SINOPSIS<\/p>\n<p>En un mundo que avanza implacablemente, Un mundo de paternidades surge como una pausa crucial, un alto en la vida de los personajes, una detenci\u00f3n obligada para observar lo recorrido y buscar grietas fundacionales, para encontrar la pieza perdida en el rompecabezas de sus vidas y comprender su propia historia. Estos cuentos son testimonio de que nunca es tarde para enfrentar las heridas de la infancia, que como r\u00edos subterr\u00e1neos contin\u00faan manando en la adultez. Con gran determinaci\u00f3n, los personajes se aventuran en la b\u00fasqueda incesante de la verdad, conscientes de que, solo desde el reconocimiento y la recuperaci\u00f3n de la memoria, es posible iniciar una reconstrucci\u00f3n. Un mundo de paternidades da vida a una variedad de perspectivas y voces que se entrelazan como piezas de un puzle mayor. Los lectores son invitados a reflexionar sobre la ineludible naturaleza de la imperfecci\u00f3n, la indiferencia, el amor, la violencia, la apat\u00eda, la mentira y el silencio, entre otras piezas. Despu\u00e9s de todo, \u00bfqu\u00e9 es la paternidad, sino el eterno intento de encajar piezas nuevas en un rompecabezas que no termina de resolverse? Los cuentos de este libro nos recuerdan la importancia de abrazar las vulnerabilidades, emprender la senda personal de la reparaci\u00f3n, para conseguir la cicatriz que permite continuar el viaje.<\/p>\n","protected":false},"featured_media":101170,"comment_status":"open","ping_status":"closed","template":"","meta":{"_acf_changed":false},"libro":[],"product_brand":[],"product_cat":[47],"product_tag":[],"class_list":{"0":"post-101167","1":"product","2":"type-product","3":"status-publish","4":"has-post-thumbnail","6":"product_cat-ciencia-ficcion-misterio","8":"first","9":"instock","10":"shipping-taxable","11":"product-type-simple"},"acf":{"autor":[101166],"enlace_de_compra":"https:\/\/www.casadellibro.com\/libro-un-mundo-de-paternidades\/9788410683532\/16087406"},"yoast_head":"<!-- This site is optimized with the Yoast SEO plugin v27.4 - https:\/\/yoast.com\/product\/yoast-seo-wordpress\/ -->\n<title>Un mundo de paternidades - Catalogo | Letrame Grupo Editorial<\/title>\n<meta name=\"robots\" content=\"index, follow, max-snippet:-1, max-image-preview:large, max-video-preview:-1\" \/>\n<link rel=\"canonical\" href=\"https:\/\/letrame.com\/catalogo\/producto\/un-mundo-de-paternidades\/\" \/>\n<meta property=\"og:locale\" content=\"es_ES\" \/>\n<meta property=\"og:type\" content=\"article\" \/>\n<meta property=\"og:title\" content=\"Un mundo de paternidades - Catalogo | Letrame Grupo Editorial\" \/>\n<meta property=\"og:description\" content=\"ISBN:\u00a0978-84-1068-353-2  SINOPSIS   En un mundo que avanza implacablemente, Un mundo de paternidades surge como una pausa crucial, un alto en la vida de los personajes, una detenci\u00f3n obligada para observar lo recorrido y buscar grietas fundacionales, para encontrar la pieza perdida en el rompecabezas de sus vidas y comprender su propia historia. Estos cuentos son testimonio de que nunca es tarde para enfrentar las heridas de la infancia, que como r\u00edos subterr\u00e1neos contin\u00faan manando en la adultez. Con gran determinaci\u00f3n, los personajes se aventuran en la b\u00fasqueda incesante de la verdad, conscientes de que, solo desde el reconocimiento y la recuperaci\u00f3n de la memoria, es posible iniciar una reconstrucci\u00f3n. Un mundo de paternidades da vida a una variedad de perspectivas y voces que se entrelazan como piezas de un puzle mayor. Los lectores son invitados a reflexionar sobre la ineludible naturaleza de la imperfecci\u00f3n, la indiferencia, el amor, la violencia, la apat\u00eda, la mentira y el silencio, entre otras piezas. Despu\u00e9s de todo, \u00bfqu\u00e9 es la paternidad, sino el eterno intento de encajar piezas nuevas en un rompecabezas que no termina de resolverse? Los cuentos de este libro nos recuerdan la importancia de abrazar las vulnerabilidades, emprender la senda personal de la reparaci\u00f3n, para conseguir la cicatriz que permite continuar el viaje.\" \/>\n<meta property=\"og:url\" content=\"https:\/\/letrame.com\/catalogo\/producto\/un-mundo-de-paternidades\/\" \/>\n<meta property=\"og:site_name\" content=\"Catalogo | Letrame Grupo Editorial\" \/>\n<meta property=\"og:image\" content=\"https:\/\/letrame.com\/catalogo\/wp-content\/uploads\/2024\/05\/webp_unmundodepaternidades_6mm-compressed.jpg\" \/>\n\t<meta property=\"og:image:width\" content=\"1654\" \/>\n\t<meta property=\"og:image:height\" content=\"2362\" \/>\n\t<meta property=\"og:image:type\" content=\"image\/jpeg\" \/>\n<meta name=\"twitter:card\" content=\"summary_large_image\" \/>\n<meta name=\"twitter:label1\" content=\"Tiempo de lectura\" \/>\n\t<meta name=\"twitter:data1\" content=\"1 minuto\" \/>\n<script type=\"application\/ld+json\" class=\"yoast-schema-graph\">{\"@context\":\"https:\\\/\\\/schema.org\",\"@graph\":[{\"@type\":\"WebPage\",\"@id\":\"https:\\\/\\\/letrame.com\\\/catalogo\\\/producto\\\/un-mundo-de-paternidades\\\/\",\"url\":\"https:\\\/\\\/letrame.com\\\/catalogo\\\/producto\\\/un-mundo-de-paternidades\\\/\",\"name\":\"Un mundo de paternidades - Catalogo | Letrame Grupo Editorial\",\"isPartOf\":{\"@id\":\"https:\\\/\\\/letrame.com\\\/catalogo\\\/#website\"},\"primaryImageOfPage\":{\"@id\":\"https:\\\/\\\/letrame.com\\\/catalogo\\\/producto\\\/un-mundo-de-paternidades\\\/#primaryimage\"},\"image\":{\"@id\":\"https:\\\/\\\/letrame.com\\\/catalogo\\\/producto\\\/un-mundo-de-paternidades\\\/#primaryimage\"},\"thumbnailUrl\":\"https:\\\/\\\/letrame.com\\\/catalogo\\\/wp-content\\\/uploads\\\/2024\\\/05\\\/webp_unmundodepaternidades_6mm-compressed.jpg\",\"datePublished\":\"2024-05-30T13:17:03+00:00\",\"breadcrumb\":{\"@id\":\"https:\\\/\\\/letrame.com\\\/catalogo\\\/producto\\\/un-mundo-de-paternidades\\\/#breadcrumb\"},\"inLanguage\":\"es\",\"potentialAction\":[{\"@type\":\"ReadAction\",\"target\":[\"https:\\\/\\\/letrame.com\\\/catalogo\\\/producto\\\/un-mundo-de-paternidades\\\/\"]}]},{\"@type\":\"ImageObject\",\"inLanguage\":\"es\",\"@id\":\"https:\\\/\\\/letrame.com\\\/catalogo\\\/producto\\\/un-mundo-de-paternidades\\\/#primaryimage\",\"url\":\"https:\\\/\\\/letrame.com\\\/catalogo\\\/wp-content\\\/uploads\\\/2024\\\/05\\\/webp_unmundodepaternidades_6mm-compressed.jpg\",\"contentUrl\":\"https:\\\/\\\/letrame.com\\\/catalogo\\\/wp-content\\\/uploads\\\/2024\\\/05\\\/webp_unmundodepaternidades_6mm-compressed.jpg\",\"width\":1654,\"height\":2362},{\"@type\":\"BreadcrumbList\",\"@id\":\"https:\\\/\\\/letrame.com\\\/catalogo\\\/producto\\\/un-mundo-de-paternidades\\\/#breadcrumb\",\"itemListElement\":[{\"@type\":\"ListItem\",\"position\":1,\"name\":\"Portada\",\"item\":\"https:\\\/\\\/letrame.com\\\/catalogo\\\/\"},{\"@type\":\"ListItem\",\"position\":2,\"name\":\"Cat\u00e1logo\",\"item\":\"https:\\\/\\\/letrame.com\\\/catalogo\\\/\"},{\"@type\":\"ListItem\",\"position\":3,\"name\":\"Un mundo de paternidades\"}]},{\"@type\":\"WebSite\",\"@id\":\"https:\\\/\\\/letrame.com\\\/catalogo\\\/#website\",\"url\":\"https:\\\/\\\/letrame.com\\\/catalogo\\\/\",\"name\":\"Catalogo | Letrame Grupo Editorial\",\"description\":\"\",\"publisher\":{\"@id\":\"https:\\\/\\\/letrame.com\\\/catalogo\\\/#organization\"},\"potentialAction\":[{\"@type\":\"SearchAction\",\"target\":{\"@type\":\"EntryPoint\",\"urlTemplate\":\"https:\\\/\\\/letrame.com\\\/catalogo\\\/?s={search_term_string}\"},\"query-input\":{\"@type\":\"PropertyValueSpecification\",\"valueRequired\":true,\"valueName\":\"search_term_string\"}}],\"inLanguage\":\"es\"},{\"@type\":\"Organization\",\"@id\":\"https:\\\/\\\/letrame.com\\\/catalogo\\\/#organization\",\"name\":\"Catalogo | Letrame Grupo Editorial\",\"url\":\"https:\\\/\\\/letrame.com\\\/catalogo\\\/\",\"logo\":{\"@type\":\"ImageObject\",\"inLanguage\":\"es\",\"@id\":\"https:\\\/\\\/letrame.com\\\/catalogo\\\/#\\\/schema\\\/logo\\\/image\\\/\",\"url\":\"https:\\\/\\\/letrame.com\\\/catalogo\\\/wp-content\\\/uploads\\\/2024\\\/03\\\/logo2.webp\",\"contentUrl\":\"https:\\\/\\\/letrame.com\\\/catalogo\\\/wp-content\\\/uploads\\\/2024\\\/03\\\/logo2.webp\",\"width\":394,\"height\":128,\"caption\":\"Catalogo | Letrame Grupo Editorial\"},\"image\":{\"@id\":\"https:\\\/\\\/letrame.com\\\/catalogo\\\/#\\\/schema\\\/logo\\\/image\\\/\"}}]}<\/script>\n<!-- \/ Yoast SEO plugin. -->","yoast_head_json":{"title":"Un mundo de paternidades - Catalogo | Letrame Grupo Editorial","robots":{"index":"index","follow":"follow","max-snippet":"max-snippet:-1","max-image-preview":"max-image-preview:large","max-video-preview":"max-video-preview:-1"},"canonical":"https:\/\/letrame.com\/catalogo\/producto\/un-mundo-de-paternidades\/","og_locale":"es_ES","og_type":"article","og_title":"Un mundo de paternidades - Catalogo | Letrame Grupo Editorial","og_description":"ISBN:\u00a0978-84-1068-353-2  SINOPSIS   En un mundo que avanza implacablemente, Un mundo de paternidades surge como una pausa crucial, un alto en la vida de los personajes, una detenci\u00f3n obligada para observar lo recorrido y buscar grietas fundacionales, para encontrar la pieza perdida en el rompecabezas de sus vidas y comprender su propia historia. Estos cuentos son testimonio de que nunca es tarde para enfrentar las heridas de la infancia, que como r\u00edos subterr\u00e1neos contin\u00faan manando en la adultez. Con gran determinaci\u00f3n, los personajes se aventuran en la b\u00fasqueda incesante de la verdad, conscientes de que, solo desde el reconocimiento y la recuperaci\u00f3n de la memoria, es posible iniciar una reconstrucci\u00f3n. Un mundo de paternidades da vida a una variedad de perspectivas y voces que se entrelazan como piezas de un puzle mayor. Los lectores son invitados a reflexionar sobre la ineludible naturaleza de la imperfecci\u00f3n, la indiferencia, el amor, la violencia, la apat\u00eda, la mentira y el silencio, entre otras piezas. Despu\u00e9s de todo, \u00bfqu\u00e9 es la paternidad, sino el eterno intento de encajar piezas nuevas en un rompecabezas que no termina de resolverse? Los cuentos de este libro nos recuerdan la importancia de abrazar las vulnerabilidades, emprender la senda personal de la reparaci\u00f3n, para conseguir la cicatriz que permite continuar el viaje.","og_url":"https:\/\/letrame.com\/catalogo\/producto\/un-mundo-de-paternidades\/","og_site_name":"Catalogo | Letrame Grupo Editorial","og_image":[{"width":1654,"height":2362,"url":"https:\/\/letrame.com\/catalogo\/wp-content\/uploads\/2024\/05\/webp_unmundodepaternidades_6mm-compressed.jpg","type":"image\/jpeg"}],"twitter_card":"summary_large_image","twitter_misc":{"Tiempo de lectura":"1 minuto"},"schema":{"@context":"https:\/\/schema.org","@graph":[{"@type":"WebPage","@id":"https:\/\/letrame.com\/catalogo\/producto\/un-mundo-de-paternidades\/","url":"https:\/\/letrame.com\/catalogo\/producto\/un-mundo-de-paternidades\/","name":"Un mundo de paternidades - Catalogo | Letrame Grupo Editorial","isPartOf":{"@id":"https:\/\/letrame.com\/catalogo\/#website"},"primaryImageOfPage":{"@id":"https:\/\/letrame.com\/catalogo\/producto\/un-mundo-de-paternidades\/#primaryimage"},"image":{"@id":"https:\/\/letrame.com\/catalogo\/producto\/un-mundo-de-paternidades\/#primaryimage"},"thumbnailUrl":"https:\/\/letrame.com\/catalogo\/wp-content\/uploads\/2024\/05\/webp_unmundodepaternidades_6mm-compressed.jpg","datePublished":"2024-05-30T13:17:03+00:00","breadcrumb":{"@id":"https:\/\/letrame.com\/catalogo\/producto\/un-mundo-de-paternidades\/#breadcrumb"},"inLanguage":"es","potentialAction":[{"@type":"ReadAction","target":["https:\/\/letrame.com\/catalogo\/producto\/un-mundo-de-paternidades\/"]}]},{"@type":"ImageObject","inLanguage":"es","@id":"https:\/\/letrame.com\/catalogo\/producto\/un-mundo-de-paternidades\/#primaryimage","url":"https:\/\/letrame.com\/catalogo\/wp-content\/uploads\/2024\/05\/webp_unmundodepaternidades_6mm-compressed.jpg","contentUrl":"https:\/\/letrame.com\/catalogo\/wp-content\/uploads\/2024\/05\/webp_unmundodepaternidades_6mm-compressed.jpg","width":1654,"height":2362},{"@type":"BreadcrumbList","@id":"https:\/\/letrame.com\/catalogo\/producto\/un-mundo-de-paternidades\/#breadcrumb","itemListElement":[{"@type":"ListItem","position":1,"name":"Portada","item":"https:\/\/letrame.com\/catalogo\/"},{"@type":"ListItem","position":2,"name":"Cat\u00e1logo","item":"https:\/\/letrame.com\/catalogo\/"},{"@type":"ListItem","position":3,"name":"Un mundo de paternidades"}]},{"@type":"WebSite","@id":"https:\/\/letrame.com\/catalogo\/#website","url":"https:\/\/letrame.com\/catalogo\/","name":"Catalogo | Letrame Grupo Editorial","description":"","publisher":{"@id":"https:\/\/letrame.com\/catalogo\/#organization"},"potentialAction":[{"@type":"SearchAction","target":{"@type":"EntryPoint","urlTemplate":"https:\/\/letrame.com\/catalogo\/?s={search_term_string}"},"query-input":{"@type":"PropertyValueSpecification","valueRequired":true,"valueName":"search_term_string"}}],"inLanguage":"es"},{"@type":"Organization","@id":"https:\/\/letrame.com\/catalogo\/#organization","name":"Catalogo | Letrame Grupo Editorial","url":"https:\/\/letrame.com\/catalogo\/","logo":{"@type":"ImageObject","inLanguage":"es","@id":"https:\/\/letrame.com\/catalogo\/#\/schema\/logo\/image\/","url":"https:\/\/letrame.com\/catalogo\/wp-content\/uploads\/2024\/03\/logo2.webp","contentUrl":"https:\/\/letrame.com\/catalogo\/wp-content\/uploads\/2024\/03\/logo2.webp","width":394,"height":128,"caption":"Catalogo | Letrame Grupo Editorial"},"image":{"@id":"https:\/\/letrame.com\/catalogo\/#\/schema\/logo\/image\/"}}]}},"_links":{"self":[{"href":"https:\/\/letrame.com\/catalogo\/wp-json\/wp\/v2\/product\/101167","targetHints":{"allow":["GET"]}}],"collection":[{"href":"https:\/\/letrame.com\/catalogo\/wp-json\/wp\/v2\/product"}],"about":[{"href":"https:\/\/letrame.com\/catalogo\/wp-json\/wp\/v2\/types\/product"}],"replies":[{"embeddable":true,"href":"https:\/\/letrame.com\/catalogo\/wp-json\/wp\/v2\/comments?post=101167"}],"acf:post":[{"embeddable":true,"href":"https:\/\/letrame.com\/catalogo\/wp-json\/wp\/v2\/author_book\/101166"}],"wp:featuredmedia":[{"embeddable":true,"href":"https:\/\/letrame.com\/catalogo\/wp-json\/wp\/v2\/media\/101170"}],"wp:attachment":[{"href":"https:\/\/letrame.com\/catalogo\/wp-json\/wp\/v2\/media?parent=101167"}],"wp:term":[{"taxonomy":"libro","embeddable":true,"href":"https:\/\/letrame.com\/catalogo\/wp-json\/wp\/v2\/libro?post=101167"},{"taxonomy":"product_brand","embeddable":true,"href":"https:\/\/letrame.com\/catalogo\/wp-json\/wp\/v2\/product_brand?post=101167"},{"taxonomy":"product_cat","embeddable":true,"href":"https:\/\/letrame.com\/catalogo\/wp-json\/wp\/v2\/product_cat?post=101167"},{"taxonomy":"product_tag","embeddable":true,"href":"https:\/\/letrame.com\/catalogo\/wp-json\/wp\/v2\/product_tag?post=101167"}],"curies":[{"name":"wp","href":"https:\/\/api.w.org\/{rel}","templated":true}]}}