{"id":101162,"date":"2024-05-30T15:10:21","date_gmt":"2024-05-30T13:10:21","guid":{"rendered":"https:\/\/letrame.com\/catalogo\/?post_type=product&#038;p=101162"},"modified":"2024-11-05T15:31:44","modified_gmt":"2024-11-05T14:31:44","slug":"el-refugio-elorrieta","status":"publish","type":"product","link":"https:\/\/letrame.com\/catalogo\/producto\/el-refugio-elorrieta\/","title":{"rendered":"El Refugio Elorrieta"},"content":{"rendered":"<p>ISBN: 9788410891647<br \/>\nT\u00edtulo:\u2028El Refugio Elorrieta<br \/>\nFecha:\u20282024<br \/>\nP\u00e1ginas:\u00a0206<br \/>\nSINOPSIS<\/p>\n<p>\u201cEl Refugio Elorrieta. Herencia superviviente de Sierra Nevada\u201d<\/p>\n<p>En las majestuosas monta\u00f1as de Sierra Nevada, donde la naturaleza y la arquitectura se entrelazan, surge una encrucijada que desaf\u00eda el coraz\u00f3n de los viajeros y los guardianes del patrimonio. En este cautivador libro, el autor Crist\u00f3bal Adri\u00e1n Garc\u00eda Almeida nos sumerge en un viaje \u00e9pico a trav\u00e9s de la dicotom\u00eda entre lo natural y lo construido.<\/p>\n<p>\u00bfQu\u00e9 secretos guardan los refugios de alta monta\u00f1a? \u00bfC\u00f3mo se equilibra la historia con la modernidad? \u00bfPuede un edificio ser un testigo silencioso de la lucha por la supervivencia?<\/p>\n<p>El Refugio de Elorrieta, anclado en la roca y envuelto en leyendas, se alza como un faro en medio de la niebla. Pero su destino est\u00e1 en juego. Inscrito en la Lista Roja del Patrimonio y en el prestigioso DOCOMOMO, este refugio es m\u00e1s que madera y piedra; es un s\u00edmbolo de resistencia.<\/p>\n<p>Esta obra desentra\u00f1a los hilos de la historia, revelando los desaf\u00edos que enfrentan estos santuarios de monta\u00f1a. Desde las huellas de los alpinistas pioneros hasta las tensiones entre conservaci\u00f3n y funcionalidad, el autor nos lleva por senderos empinados y pasadizos oscuros.<\/p>\n<p>Pero este libro no solo se\u00f1ala problemas; ofrece soluciones audaces.<\/p>\n<p>El Refugio Elorrieta. Herencia superviviente de Sierra Nevada, es un llamado a los historiadores, arquitectos y cient\u00edficos, y sobre todo, a los amantes de la monta\u00f1a, a los curiosos y a los so\u00f1adores. Es un canto a la belleza fr\u00e1gil que nos rodea y a la valent\u00eda de quienes luchan por preservarla.<\/p>\n<p>\u00bfEst\u00e1s listo para escalar estas p\u00e1ginas?<\/p>\n","protected":false},"excerpt":{"rendered":"<p>ISBN: 9788410891647<\/p>\n<p>SINOPSIS<\/p>\n<p>\u201cEl Refugio Elorrieta. Herencia superviviente de Sierra Nevada\u201d<\/p>\n<p>En las majestuosas monta\u00f1as de Sierra Nevada, donde la naturaleza y la arquitectura se entrelazan, surge una encrucijada que desaf\u00eda el coraz\u00f3n de los viajeros y los guardianes del patrimonio. En este cautivador libro, el autor Crist\u00f3bal Adri\u00e1n Garc\u00eda Almeida nos sumerge en un viaje \u00e9pico a trav\u00e9s de la dicotom\u00eda entre lo natural y lo construido.<\/p>\n<p>\u00bfQu\u00e9 secretos guardan los refugios de alta monta\u00f1a? \u00bfC\u00f3mo se equilibra la historia con la modernidad? \u00bfPuede un edificio ser un testigo silencioso de la lucha por la supervivencia?<\/p>\n<p>El Refugio de Elorrieta, anclado en la roca y envuelto en leyendas, se alza como un faro en medio de la niebla. Pero su destino est\u00e1 en juego. Inscrito en la Lista Roja del Patrimonio y en el prestigioso DOCOMOMO, este refugio es m\u00e1s que madera y piedra; es un s\u00edmbolo de resistencia.<\/p>\n<p>Esta obra desentra\u00f1a los hilos de la historia, revelando los desaf\u00edos que enfrentan estos santuarios de monta\u00f1a. Desde las huellas de los alpinistas pioneros hasta las tensiones entre conservaci\u00f3n y funcionalidad, el autor nos lleva por senderos empinados y pasadizos oscuros.<\/p>\n<p>Pero este libro no solo se\u00f1ala problemas; ofrece soluciones audaces.<\/p>\n<p>El Refugio Elorrieta. Herencia superviviente de Sierra Nevada, es un llamado a los historiadores, arquitectos y cient\u00edficos, y sobre todo, a los amantes de la monta\u00f1a, a los curiosos y a los so\u00f1adores. Es un canto a la belleza fr\u00e1gil que nos rodea y a la valent\u00eda de quienes luchan por preservarla.<\/p>\n<p>\u00bfEst\u00e1s listo para escalar estas p\u00e1ginas?<\/p>\n","protected":false},"featured_media":107259,"comment_status":"open","ping_status":"closed","template":"","meta":{"_acf_changed":false},"libro":[],"product_brand":[],"product_cat":[23],"product_tag":[],"class_list":{"0":"post-101162","1":"product","2":"type-product","3":"status-publish","4":"has-post-thumbnail","6":"product_cat-ensayos","8":"first","9":"instock","10":"shipping-taxable","11":"product-type-simple"},"acf":{"autor":[101163],"enlace_de_compra":"https:\/\/www.agapea.com\/Cristobal-Adrian-Garcia-Almeida\/El-Refugio-Elorrieta-2-Edicion-9788410891647-i.htm"},"yoast_head":"<!-- This site is optimized with the Yoast SEO plugin v27.4 - https:\/\/yoast.com\/product\/yoast-seo-wordpress\/ -->\n<title>El Refugio Elorrieta - Catalogo | Letrame Grupo Editorial<\/title>\n<meta name=\"robots\" content=\"index, follow, max-snippet:-1, max-image-preview:large, max-video-preview:-1\" \/>\n<link rel=\"canonical\" href=\"https:\/\/letrame.com\/catalogo\/producto\/el-refugio-elorrieta\/\" \/>\n<meta property=\"og:locale\" content=\"es_ES\" \/>\n<meta property=\"og:type\" content=\"article\" \/>\n<meta property=\"og:title\" content=\"El Refugio Elorrieta - Catalogo | Letrame Grupo Editorial\" \/>\n<meta property=\"og:description\" content=\"ISBN: 9788410891647  SINOPSIS  \u201cEl Refugio Elorrieta. Herencia superviviente de Sierra Nevada\u201d  En las majestuosas monta\u00f1as de Sierra Nevada, donde la naturaleza y la arquitectura se entrelazan, surge una encrucijada que desaf\u00eda el coraz\u00f3n de los viajeros y los guardianes del patrimonio. En este cautivador libro, el autor Crist\u00f3bal Adri\u00e1n Garc\u00eda Almeida nos sumerge en un viaje \u00e9pico a trav\u00e9s de la dicotom\u00eda entre lo natural y lo construido.  \u00bfQu\u00e9 secretos guardan los refugios de alta monta\u00f1a? \u00bfC\u00f3mo se equilibra la historia con la modernidad? \u00bfPuede un edificio ser un testigo silencioso de la lucha por la supervivencia?  El Refugio de Elorrieta, anclado en la roca y envuelto en leyendas, se alza como un faro en medio de la niebla. Pero su destino est\u00e1 en juego. Inscrito en la Lista Roja del Patrimonio y en el prestigioso DOCOMOMO, este refugio es m\u00e1s que madera y piedra; es un s\u00edmbolo de resistencia.  Esta obra desentra\u00f1a los hilos de la historia, revelando los desaf\u00edos que enfrentan estos santuarios de monta\u00f1a. Desde las huellas de los alpinistas pioneros hasta las tensiones entre conservaci\u00f3n y funcionalidad, el autor nos lleva por senderos empinados y pasadizos oscuros.  Pero este libro no solo se\u00f1ala problemas; ofrece soluciones audaces.  El Refugio Elorrieta. Herencia superviviente de Sierra Nevada, es un llamado a los historiadores, arquitectos y cient\u00edficos, y sobre todo, a los amantes de la monta\u00f1a, a los curiosos y a los so\u00f1adores. Es un canto a la belleza fr\u00e1gil que nos rodea y a la valent\u00eda de quienes luchan por preservarla.  \u00bfEst\u00e1s listo para escalar estas p\u00e1ginas?\" \/>\n<meta property=\"og:url\" content=\"https:\/\/letrame.com\/catalogo\/producto\/el-refugio-elorrieta\/\" \/>\n<meta property=\"og:site_name\" content=\"Catalogo | Letrame Grupo Editorial\" \/>\n<meta property=\"article:modified_time\" content=\"2024-11-05T14:31:44+00:00\" \/>\n<meta property=\"og:image\" content=\"https:\/\/letrame.com\/catalogo\/wp-content\/uploads\/2024\/05\/webp_refugioelorrieta_1065mm-scaled.jpg\" \/>\n\t<meta property=\"og:image:width\" content=\"2560\" \/>\n\t<meta property=\"og:image:height\" content=\"1810\" \/>\n\t<meta property=\"og:image:type\" content=\"image\/jpeg\" \/>\n<meta name=\"twitter:card\" content=\"summary_large_image\" \/>\n<meta name=\"twitter:label1\" content=\"Tiempo de lectura\" \/>\n\t<meta name=\"twitter:data1\" content=\"2 minutos\" \/>\n<script type=\"application\/ld+json\" class=\"yoast-schema-graph\">{\"@context\":\"https:\\\/\\\/schema.org\",\"@graph\":[{\"@type\":\"WebPage\",\"@id\":\"https:\\\/\\\/letrame.com\\\/catalogo\\\/producto\\\/el-refugio-elorrieta\\\/\",\"url\":\"https:\\\/\\\/letrame.com\\\/catalogo\\\/producto\\\/el-refugio-elorrieta\\\/\",\"name\":\"El Refugio Elorrieta - Catalogo | Letrame Grupo Editorial\",\"isPartOf\":{\"@id\":\"https:\\\/\\\/letrame.com\\\/catalogo\\\/#website\"},\"primaryImageOfPage\":{\"@id\":\"https:\\\/\\\/letrame.com\\\/catalogo\\\/producto\\\/el-refugio-elorrieta\\\/#primaryimage\"},\"image\":{\"@id\":\"https:\\\/\\\/letrame.com\\\/catalogo\\\/producto\\\/el-refugio-elorrieta\\\/#primaryimage\"},\"thumbnailUrl\":\"https:\\\/\\\/letrame.com\\\/catalogo\\\/wp-content\\\/uploads\\\/2024\\\/05\\\/webp_refugioelorrieta_1065mm-scaled.jpg\",\"datePublished\":\"2024-05-30T13:10:21+00:00\",\"dateModified\":\"2024-11-05T14:31:44+00:00\",\"breadcrumb\":{\"@id\":\"https:\\\/\\\/letrame.com\\\/catalogo\\\/producto\\\/el-refugio-elorrieta\\\/#breadcrumb\"},\"inLanguage\":\"es\",\"potentialAction\":[{\"@type\":\"ReadAction\",\"target\":[\"https:\\\/\\\/letrame.com\\\/catalogo\\\/producto\\\/el-refugio-elorrieta\\\/\"]}]},{\"@type\":\"ImageObject\",\"inLanguage\":\"es\",\"@id\":\"https:\\\/\\\/letrame.com\\\/catalogo\\\/producto\\\/el-refugio-elorrieta\\\/#primaryimage\",\"url\":\"https:\\\/\\\/letrame.com\\\/catalogo\\\/wp-content\\\/uploads\\\/2024\\\/05\\\/webp_refugioelorrieta_1065mm-scaled.jpg\",\"contentUrl\":\"https:\\\/\\\/letrame.com\\\/catalogo\\\/wp-content\\\/uploads\\\/2024\\\/05\\\/webp_refugioelorrieta_1065mm-scaled.jpg\",\"width\":2560,\"height\":1810},{\"@type\":\"BreadcrumbList\",\"@id\":\"https:\\\/\\\/letrame.com\\\/catalogo\\\/producto\\\/el-refugio-elorrieta\\\/#breadcrumb\",\"itemListElement\":[{\"@type\":\"ListItem\",\"position\":1,\"name\":\"Portada\",\"item\":\"https:\\\/\\\/letrame.com\\\/catalogo\\\/\"},{\"@type\":\"ListItem\",\"position\":2,\"name\":\"Cat\u00e1logo\",\"item\":\"https:\\\/\\\/letrame.com\\\/catalogo\\\/\"},{\"@type\":\"ListItem\",\"position\":3,\"name\":\"El Refugio Elorrieta\"}]},{\"@type\":\"WebSite\",\"@id\":\"https:\\\/\\\/letrame.com\\\/catalogo\\\/#website\",\"url\":\"https:\\\/\\\/letrame.com\\\/catalogo\\\/\",\"name\":\"Catalogo | Letrame Grupo Editorial\",\"description\":\"\",\"publisher\":{\"@id\":\"https:\\\/\\\/letrame.com\\\/catalogo\\\/#organization\"},\"potentialAction\":[{\"@type\":\"SearchAction\",\"target\":{\"@type\":\"EntryPoint\",\"urlTemplate\":\"https:\\\/\\\/letrame.com\\\/catalogo\\\/?s={search_term_string}\"},\"query-input\":{\"@type\":\"PropertyValueSpecification\",\"valueRequired\":true,\"valueName\":\"search_term_string\"}}],\"inLanguage\":\"es\"},{\"@type\":\"Organization\",\"@id\":\"https:\\\/\\\/letrame.com\\\/catalogo\\\/#organization\",\"name\":\"Catalogo | Letrame Grupo Editorial\",\"url\":\"https:\\\/\\\/letrame.com\\\/catalogo\\\/\",\"logo\":{\"@type\":\"ImageObject\",\"inLanguage\":\"es\",\"@id\":\"https:\\\/\\\/letrame.com\\\/catalogo\\\/#\\\/schema\\\/logo\\\/image\\\/\",\"url\":\"https:\\\/\\\/letrame.com\\\/catalogo\\\/wp-content\\\/uploads\\\/2024\\\/03\\\/logo2.webp\",\"contentUrl\":\"https:\\\/\\\/letrame.com\\\/catalogo\\\/wp-content\\\/uploads\\\/2024\\\/03\\\/logo2.webp\",\"width\":394,\"height\":128,\"caption\":\"Catalogo | Letrame Grupo Editorial\"},\"image\":{\"@id\":\"https:\\\/\\\/letrame.com\\\/catalogo\\\/#\\\/schema\\\/logo\\\/image\\\/\"}}]}<\/script>\n<!-- \/ Yoast SEO plugin. -->","yoast_head_json":{"title":"El Refugio Elorrieta - Catalogo | Letrame Grupo Editorial","robots":{"index":"index","follow":"follow","max-snippet":"max-snippet:-1","max-image-preview":"max-image-preview:large","max-video-preview":"max-video-preview:-1"},"canonical":"https:\/\/letrame.com\/catalogo\/producto\/el-refugio-elorrieta\/","og_locale":"es_ES","og_type":"article","og_title":"El Refugio Elorrieta - Catalogo | Letrame Grupo Editorial","og_description":"ISBN: 9788410891647  SINOPSIS  \u201cEl Refugio Elorrieta. Herencia superviviente de Sierra Nevada\u201d  En las majestuosas monta\u00f1as de Sierra Nevada, donde la naturaleza y la arquitectura se entrelazan, surge una encrucijada que desaf\u00eda el coraz\u00f3n de los viajeros y los guardianes del patrimonio. En este cautivador libro, el autor Crist\u00f3bal Adri\u00e1n Garc\u00eda Almeida nos sumerge en un viaje \u00e9pico a trav\u00e9s de la dicotom\u00eda entre lo natural y lo construido.  \u00bfQu\u00e9 secretos guardan los refugios de alta monta\u00f1a? \u00bfC\u00f3mo se equilibra la historia con la modernidad? \u00bfPuede un edificio ser un testigo silencioso de la lucha por la supervivencia?  El Refugio de Elorrieta, anclado en la roca y envuelto en leyendas, se alza como un faro en medio de la niebla. Pero su destino est\u00e1 en juego. Inscrito en la Lista Roja del Patrimonio y en el prestigioso DOCOMOMO, este refugio es m\u00e1s que madera y piedra; es un s\u00edmbolo de resistencia.  Esta obra desentra\u00f1a los hilos de la historia, revelando los desaf\u00edos que enfrentan estos santuarios de monta\u00f1a. Desde las huellas de los alpinistas pioneros hasta las tensiones entre conservaci\u00f3n y funcionalidad, el autor nos lleva por senderos empinados y pasadizos oscuros.  Pero este libro no solo se\u00f1ala problemas; ofrece soluciones audaces.  El Refugio Elorrieta. Herencia superviviente de Sierra Nevada, es un llamado a los historiadores, arquitectos y cient\u00edficos, y sobre todo, a los amantes de la monta\u00f1a, a los curiosos y a los so\u00f1adores. Es un canto a la belleza fr\u00e1gil que nos rodea y a la valent\u00eda de quienes luchan por preservarla.  \u00bfEst\u00e1s listo para escalar estas p\u00e1ginas?","og_url":"https:\/\/letrame.com\/catalogo\/producto\/el-refugio-elorrieta\/","og_site_name":"Catalogo | Letrame Grupo Editorial","article_modified_time":"2024-11-05T14:31:44+00:00","og_image":[{"width":2560,"height":1810,"url":"https:\/\/letrame.com\/catalogo\/wp-content\/uploads\/2024\/05\/webp_refugioelorrieta_1065mm-scaled.jpg","type":"image\/jpeg"}],"twitter_card":"summary_large_image","twitter_misc":{"Tiempo de lectura":"2 minutos"},"schema":{"@context":"https:\/\/schema.org","@graph":[{"@type":"WebPage","@id":"https:\/\/letrame.com\/catalogo\/producto\/el-refugio-elorrieta\/","url":"https:\/\/letrame.com\/catalogo\/producto\/el-refugio-elorrieta\/","name":"El Refugio Elorrieta - Catalogo | Letrame Grupo Editorial","isPartOf":{"@id":"https:\/\/letrame.com\/catalogo\/#website"},"primaryImageOfPage":{"@id":"https:\/\/letrame.com\/catalogo\/producto\/el-refugio-elorrieta\/#primaryimage"},"image":{"@id":"https:\/\/letrame.com\/catalogo\/producto\/el-refugio-elorrieta\/#primaryimage"},"thumbnailUrl":"https:\/\/letrame.com\/catalogo\/wp-content\/uploads\/2024\/05\/webp_refugioelorrieta_1065mm-scaled.jpg","datePublished":"2024-05-30T13:10:21+00:00","dateModified":"2024-11-05T14:31:44+00:00","breadcrumb":{"@id":"https:\/\/letrame.com\/catalogo\/producto\/el-refugio-elorrieta\/#breadcrumb"},"inLanguage":"es","potentialAction":[{"@type":"ReadAction","target":["https:\/\/letrame.com\/catalogo\/producto\/el-refugio-elorrieta\/"]}]},{"@type":"ImageObject","inLanguage":"es","@id":"https:\/\/letrame.com\/catalogo\/producto\/el-refugio-elorrieta\/#primaryimage","url":"https:\/\/letrame.com\/catalogo\/wp-content\/uploads\/2024\/05\/webp_refugioelorrieta_1065mm-scaled.jpg","contentUrl":"https:\/\/letrame.com\/catalogo\/wp-content\/uploads\/2024\/05\/webp_refugioelorrieta_1065mm-scaled.jpg","width":2560,"height":1810},{"@type":"BreadcrumbList","@id":"https:\/\/letrame.com\/catalogo\/producto\/el-refugio-elorrieta\/#breadcrumb","itemListElement":[{"@type":"ListItem","position":1,"name":"Portada","item":"https:\/\/letrame.com\/catalogo\/"},{"@type":"ListItem","position":2,"name":"Cat\u00e1logo","item":"https:\/\/letrame.com\/catalogo\/"},{"@type":"ListItem","position":3,"name":"El Refugio Elorrieta"}]},{"@type":"WebSite","@id":"https:\/\/letrame.com\/catalogo\/#website","url":"https:\/\/letrame.com\/catalogo\/","name":"Catalogo | Letrame Grupo Editorial","description":"","publisher":{"@id":"https:\/\/letrame.com\/catalogo\/#organization"},"potentialAction":[{"@type":"SearchAction","target":{"@type":"EntryPoint","urlTemplate":"https:\/\/letrame.com\/catalogo\/?s={search_term_string}"},"query-input":{"@type":"PropertyValueSpecification","valueRequired":true,"valueName":"search_term_string"}}],"inLanguage":"es"},{"@type":"Organization","@id":"https:\/\/letrame.com\/catalogo\/#organization","name":"Catalogo | Letrame Grupo Editorial","url":"https:\/\/letrame.com\/catalogo\/","logo":{"@type":"ImageObject","inLanguage":"es","@id":"https:\/\/letrame.com\/catalogo\/#\/schema\/logo\/image\/","url":"https:\/\/letrame.com\/catalogo\/wp-content\/uploads\/2024\/03\/logo2.webp","contentUrl":"https:\/\/letrame.com\/catalogo\/wp-content\/uploads\/2024\/03\/logo2.webp","width":394,"height":128,"caption":"Catalogo | Letrame Grupo Editorial"},"image":{"@id":"https:\/\/letrame.com\/catalogo\/#\/schema\/logo\/image\/"}}]}},"_links":{"self":[{"href":"https:\/\/letrame.com\/catalogo\/wp-json\/wp\/v2\/product\/101162","targetHints":{"allow":["GET"]}}],"collection":[{"href":"https:\/\/letrame.com\/catalogo\/wp-json\/wp\/v2\/product"}],"about":[{"href":"https:\/\/letrame.com\/catalogo\/wp-json\/wp\/v2\/types\/product"}],"replies":[{"embeddable":true,"href":"https:\/\/letrame.com\/catalogo\/wp-json\/wp\/v2\/comments?post=101162"}],"acf:post":[{"embeddable":true,"href":"https:\/\/letrame.com\/catalogo\/wp-json\/wp\/v2\/author_book\/101163"}],"wp:featuredmedia":[{"embeddable":true,"href":"https:\/\/letrame.com\/catalogo\/wp-json\/wp\/v2\/media\/107259"}],"wp:attachment":[{"href":"https:\/\/letrame.com\/catalogo\/wp-json\/wp\/v2\/media?parent=101162"}],"wp:term":[{"taxonomy":"libro","embeddable":true,"href":"https:\/\/letrame.com\/catalogo\/wp-json\/wp\/v2\/libro?post=101162"},{"taxonomy":"product_brand","embeddable":true,"href":"https:\/\/letrame.com\/catalogo\/wp-json\/wp\/v2\/product_brand?post=101162"},{"taxonomy":"product_cat","embeddable":true,"href":"https:\/\/letrame.com\/catalogo\/wp-json\/wp\/v2\/product_cat?post=101162"},{"taxonomy":"product_tag","embeddable":true,"href":"https:\/\/letrame.com\/catalogo\/wp-json\/wp\/v2\/product_tag?post=101162"}],"curies":[{"name":"wp","href":"https:\/\/api.w.org\/{rel}","templated":true}]}}