{"id":101157,"date":"2024-05-30T14:56:37","date_gmt":"2024-05-30T12:56:37","guid":{"rendered":"https:\/\/letrame.com\/catalogo\/?post_type=product&#038;p=101157"},"modified":"2024-06-04T15:04:01","modified_gmt":"2024-06-04T13:04:01","slug":"cartas-a-mi-marinero","status":"publish","type":"product","link":"https:\/\/letrame.com\/catalogo\/producto\/cartas-a-mi-marinero\/","title":{"rendered":"Cartas a mi marinero"},"content":{"rendered":"<p>ISBN:\u00a0978-84-1068-179-8<br \/>\nT\u00edtulo:\u2028CARTAS A MI MARINERO<br \/>\nFecha:\u20282024<br \/>\nP\u00e1ginas:\u00a0234<br \/>\nSINOPSIS<\/p>\n<p>Cartas a mi marinero es el primer libro que publica Cri, aunque toda su vida, pensamientos, emociones y reflexiones est\u00e1 escrita desde que ten\u00eda quince a\u00f1os en diferentes relatos, cartas, bit\u00e1coras, art\u00edculos, cuentos, cuadernos como forma de crecimiento personal y de transmitir mensajes que se convierten en toques que suavizan el alma de sus lectores.<br \/>\nAqu\u00ed se narra un romance, una historia de amor real entre estos dos protagonistas durante los a\u00f1os 2021 y 2022, a caballo entre la bella zona de Italia, Cinque Terre y la Spezia, y Valldoreix y la Ciudad Condal, d\u00f3nde la autora comparte, de forma intercalada, pinceladas de los v\u00ednculos m\u00e1s importantes de su vida, sus hijos, su entorno (donde solo hay alg\u00fan personaje muy secundario novelado) y te descubre como bucear en el alma, m\u00e1s all\u00e1 de los estados de la mente y el coraz\u00f3n, sumergi\u00e9ndote en una forma de sentir, en la que uno desear\u00eda hacer propia para apreciar lo bello que es vivir.<\/p>\n","protected":false},"excerpt":{"rendered":"<p>ISBN:\u00a0978-84-1068-179-8<\/p>\n<p>SINOPSIS<\/p>\n<p>Cartas a mi marinero es el primer libro que publica Cri, aunque toda su vida, pensamientos, emociones y reflexiones est\u00e1 escrita desde que ten\u00eda quince a\u00f1os en diferentes relatos, cartas, bit\u00e1coras, art\u00edculos, cuentos, cuadernos como forma de crecimiento personal y de transmitir mensajes que se convierten en toques que suavizan el alma de sus lectores.<br \/>\nAqu\u00ed se narra un romance, una historia de amor real entre estos dos protagonistas durante los a\u00f1os 2021 y 2022, a caballo entre la bella zona de Italia, Cinque Terre y la Spezia, y Valldoreix y la Ciudad Condal, d\u00f3nde la autora comparte, de forma intercalada, pinceladas de los v\u00ednculos m\u00e1s importantes de su vida, sus hijos, su entorno (donde solo hay alg\u00fan personaje muy secundario novelado) y te descubre como bucear en el alma, m\u00e1s all\u00e1 de los estados de la mente y el coraz\u00f3n, sumergi\u00e9ndote en una forma de sentir, en la que uno desear\u00eda hacer propia para apreciar lo bello que es vivir.<\/p>\n","protected":false},"featured_media":101161,"comment_status":"open","ping_status":"closed","template":"","meta":{"_acf_changed":false},"libro":[],"product_brand":[],"product_cat":[50],"product_tag":[],"class_list":{"0":"post-101157","1":"product","2":"type-product","3":"status-publish","4":"has-post-thumbnail","6":"product_cat-novela-romantica","8":"first","9":"instock","10":"shipping-taxable","11":"product-type-simple"},"acf":{"autor":[101158],"enlace_de_compra":"https:\/\/www.casadellibro.com\/libro-cartas-a-mi-marinero\/9788410681798\/16087401"},"yoast_head":"<!-- This site is optimized with the Yoast SEO plugin v26.6 - https:\/\/yoast.com\/wordpress\/plugins\/seo\/ -->\n<title>Cartas a mi marinero - Catalogo | Letrame Grupo Editorial<\/title>\n<meta name=\"robots\" content=\"index, follow, max-snippet:-1, max-image-preview:large, max-video-preview:-1\" \/>\n<link rel=\"canonical\" href=\"https:\/\/letrame.com\/catalogo\/producto\/cartas-a-mi-marinero\/\" \/>\n<meta property=\"og:locale\" content=\"es_ES\" \/>\n<meta property=\"og:type\" content=\"article\" \/>\n<meta property=\"og:title\" content=\"Cartas a mi marinero - Catalogo | Letrame Grupo Editorial\" \/>\n<meta property=\"og:description\" content=\"ISBN:\u00a0978-84-1068-179-8  SINOPSIS  Cartas a mi marinero es el primer libro que publica Cri, aunque toda su vida, pensamientos, emociones y reflexiones est\u00e1 escrita desde que ten\u00eda quince a\u00f1os en diferentes relatos, cartas, bit\u00e1coras, art\u00edculos, cuentos, cuadernos como forma de crecimiento personal y de transmitir mensajes que se convierten en toques que suavizan el alma de sus lectores. Aqu\u00ed se narra un romance, una historia de amor real entre estos dos protagonistas durante los a\u00f1os 2021 y 2022, a caballo entre la bella zona de Italia, Cinque Terre y la Spezia, y Valldoreix y la Ciudad Condal, d\u00f3nde la autora comparte, de forma intercalada, pinceladas de los v\u00ednculos m\u00e1s importantes de su vida, sus hijos, su entorno (donde solo hay alg\u00fan personaje muy secundario novelado) y te descubre como bucear en el alma, m\u00e1s all\u00e1 de los estados de la mente y el coraz\u00f3n, sumergi\u00e9ndote en una forma de sentir, en la que uno desear\u00eda hacer propia para apreciar lo bello que es vivir.\" \/>\n<meta property=\"og:url\" content=\"https:\/\/letrame.com\/catalogo\/producto\/cartas-a-mi-marinero\/\" \/>\n<meta property=\"og:site_name\" content=\"Catalogo | Letrame Grupo Editorial\" \/>\n<meta property=\"article:modified_time\" content=\"2024-06-04T13:04:01+00:00\" \/>\n<meta property=\"og:image\" content=\"https:\/\/letrame.com\/catalogo\/wp-content\/uploads\/2024\/05\/webp_mimarinero_1177mm-compressed.jpg\" \/>\n\t<meta property=\"og:image:width\" content=\"1772\" \/>\n\t<meta property=\"og:image:height\" content=\"2480\" \/>\n\t<meta property=\"og:image:type\" content=\"image\/jpeg\" \/>\n<meta name=\"twitter:card\" content=\"summary_large_image\" \/>\n<meta name=\"twitter:label1\" content=\"Tiempo de lectura\" \/>\n\t<meta name=\"twitter:data1\" content=\"1 minuto\" \/>\n<script type=\"application\/ld+json\" class=\"yoast-schema-graph\">{\"@context\":\"https:\/\/schema.org\",\"@graph\":[{\"@type\":\"WebPage\",\"@id\":\"https:\/\/letrame.com\/catalogo\/producto\/cartas-a-mi-marinero\/\",\"url\":\"https:\/\/letrame.com\/catalogo\/producto\/cartas-a-mi-marinero\/\",\"name\":\"Cartas a mi marinero - Catalogo | Letrame Grupo Editorial\",\"isPartOf\":{\"@id\":\"https:\/\/letrame.com\/catalogo\/#website\"},\"primaryImageOfPage\":{\"@id\":\"https:\/\/letrame.com\/catalogo\/producto\/cartas-a-mi-marinero\/#primaryimage\"},\"image\":{\"@id\":\"https:\/\/letrame.com\/catalogo\/producto\/cartas-a-mi-marinero\/#primaryimage\"},\"thumbnailUrl\":\"https:\/\/letrame.com\/catalogo\/wp-content\/uploads\/2024\/05\/webp_mimarinero_1177mm-compressed.jpg\",\"datePublished\":\"2024-05-30T12:56:37+00:00\",\"dateModified\":\"2024-06-04T13:04:01+00:00\",\"breadcrumb\":{\"@id\":\"https:\/\/letrame.com\/catalogo\/producto\/cartas-a-mi-marinero\/#breadcrumb\"},\"inLanguage\":\"es\",\"potentialAction\":[{\"@type\":\"ReadAction\",\"target\":[\"https:\/\/letrame.com\/catalogo\/producto\/cartas-a-mi-marinero\/\"]}]},{\"@type\":\"ImageObject\",\"inLanguage\":\"es\",\"@id\":\"https:\/\/letrame.com\/catalogo\/producto\/cartas-a-mi-marinero\/#primaryimage\",\"url\":\"https:\/\/letrame.com\/catalogo\/wp-content\/uploads\/2024\/05\/webp_mimarinero_1177mm-compressed.jpg\",\"contentUrl\":\"https:\/\/letrame.com\/catalogo\/wp-content\/uploads\/2024\/05\/webp_mimarinero_1177mm-compressed.jpg\",\"width\":1772,\"height\":2480},{\"@type\":\"BreadcrumbList\",\"@id\":\"https:\/\/letrame.com\/catalogo\/producto\/cartas-a-mi-marinero\/#breadcrumb\",\"itemListElement\":[{\"@type\":\"ListItem\",\"position\":1,\"name\":\"Portada\",\"item\":\"https:\/\/letrame.com\/catalogo\/\"},{\"@type\":\"ListItem\",\"position\":2,\"name\":\"Cat\u00e1logo\",\"item\":\"https:\/\/letrame.com\/catalogo\/\"},{\"@type\":\"ListItem\",\"position\":3,\"name\":\"Cartas a mi marinero\"}]},{\"@type\":\"WebSite\",\"@id\":\"https:\/\/letrame.com\/catalogo\/#website\",\"url\":\"https:\/\/letrame.com\/catalogo\/\",\"name\":\"Catalogo | Letrame Grupo Editorial\",\"description\":\"\",\"publisher\":{\"@id\":\"https:\/\/letrame.com\/catalogo\/#organization\"},\"potentialAction\":[{\"@type\":\"SearchAction\",\"target\":{\"@type\":\"EntryPoint\",\"urlTemplate\":\"https:\/\/letrame.com\/catalogo\/?s={search_term_string}\"},\"query-input\":{\"@type\":\"PropertyValueSpecification\",\"valueRequired\":true,\"valueName\":\"search_term_string\"}}],\"inLanguage\":\"es\"},{\"@type\":\"Organization\",\"@id\":\"https:\/\/letrame.com\/catalogo\/#organization\",\"name\":\"Catalogo | Letrame Grupo Editorial\",\"url\":\"https:\/\/letrame.com\/catalogo\/\",\"logo\":{\"@type\":\"ImageObject\",\"inLanguage\":\"es\",\"@id\":\"https:\/\/letrame.com\/catalogo\/#\/schema\/logo\/image\/\",\"url\":\"https:\/\/letrame.com\/catalogo\/wp-content\/uploads\/2024\/03\/logo2.webp\",\"contentUrl\":\"https:\/\/letrame.com\/catalogo\/wp-content\/uploads\/2024\/03\/logo2.webp\",\"width\":394,\"height\":128,\"caption\":\"Catalogo | Letrame Grupo Editorial\"},\"image\":{\"@id\":\"https:\/\/letrame.com\/catalogo\/#\/schema\/logo\/image\/\"}}]}<\/script>\n<!-- \/ Yoast SEO plugin. -->","yoast_head_json":{"title":"Cartas a mi marinero - Catalogo | Letrame Grupo Editorial","robots":{"index":"index","follow":"follow","max-snippet":"max-snippet:-1","max-image-preview":"max-image-preview:large","max-video-preview":"max-video-preview:-1"},"canonical":"https:\/\/letrame.com\/catalogo\/producto\/cartas-a-mi-marinero\/","og_locale":"es_ES","og_type":"article","og_title":"Cartas a mi marinero - Catalogo | Letrame Grupo Editorial","og_description":"ISBN:\u00a0978-84-1068-179-8  SINOPSIS  Cartas a mi marinero es el primer libro que publica Cri, aunque toda su vida, pensamientos, emociones y reflexiones est\u00e1 escrita desde que ten\u00eda quince a\u00f1os en diferentes relatos, cartas, bit\u00e1coras, art\u00edculos, cuentos, cuadernos como forma de crecimiento personal y de transmitir mensajes que se convierten en toques que suavizan el alma de sus lectores. Aqu\u00ed se narra un romance, una historia de amor real entre estos dos protagonistas durante los a\u00f1os 2021 y 2022, a caballo entre la bella zona de Italia, Cinque Terre y la Spezia, y Valldoreix y la Ciudad Condal, d\u00f3nde la autora comparte, de forma intercalada, pinceladas de los v\u00ednculos m\u00e1s importantes de su vida, sus hijos, su entorno (donde solo hay alg\u00fan personaje muy secundario novelado) y te descubre como bucear en el alma, m\u00e1s all\u00e1 de los estados de la mente y el coraz\u00f3n, sumergi\u00e9ndote en una forma de sentir, en la que uno desear\u00eda hacer propia para apreciar lo bello que es vivir.","og_url":"https:\/\/letrame.com\/catalogo\/producto\/cartas-a-mi-marinero\/","og_site_name":"Catalogo | Letrame Grupo Editorial","article_modified_time":"2024-06-04T13:04:01+00:00","og_image":[{"width":1772,"height":2480,"url":"https:\/\/letrame.com\/catalogo\/wp-content\/uploads\/2024\/05\/webp_mimarinero_1177mm-compressed.jpg","type":"image\/jpeg"}],"twitter_card":"summary_large_image","twitter_misc":{"Tiempo de lectura":"1 minuto"},"schema":{"@context":"https:\/\/schema.org","@graph":[{"@type":"WebPage","@id":"https:\/\/letrame.com\/catalogo\/producto\/cartas-a-mi-marinero\/","url":"https:\/\/letrame.com\/catalogo\/producto\/cartas-a-mi-marinero\/","name":"Cartas a mi marinero - Catalogo | Letrame Grupo Editorial","isPartOf":{"@id":"https:\/\/letrame.com\/catalogo\/#website"},"primaryImageOfPage":{"@id":"https:\/\/letrame.com\/catalogo\/producto\/cartas-a-mi-marinero\/#primaryimage"},"image":{"@id":"https:\/\/letrame.com\/catalogo\/producto\/cartas-a-mi-marinero\/#primaryimage"},"thumbnailUrl":"https:\/\/letrame.com\/catalogo\/wp-content\/uploads\/2024\/05\/webp_mimarinero_1177mm-compressed.jpg","datePublished":"2024-05-30T12:56:37+00:00","dateModified":"2024-06-04T13:04:01+00:00","breadcrumb":{"@id":"https:\/\/letrame.com\/catalogo\/producto\/cartas-a-mi-marinero\/#breadcrumb"},"inLanguage":"es","potentialAction":[{"@type":"ReadAction","target":["https:\/\/letrame.com\/catalogo\/producto\/cartas-a-mi-marinero\/"]}]},{"@type":"ImageObject","inLanguage":"es","@id":"https:\/\/letrame.com\/catalogo\/producto\/cartas-a-mi-marinero\/#primaryimage","url":"https:\/\/letrame.com\/catalogo\/wp-content\/uploads\/2024\/05\/webp_mimarinero_1177mm-compressed.jpg","contentUrl":"https:\/\/letrame.com\/catalogo\/wp-content\/uploads\/2024\/05\/webp_mimarinero_1177mm-compressed.jpg","width":1772,"height":2480},{"@type":"BreadcrumbList","@id":"https:\/\/letrame.com\/catalogo\/producto\/cartas-a-mi-marinero\/#breadcrumb","itemListElement":[{"@type":"ListItem","position":1,"name":"Portada","item":"https:\/\/letrame.com\/catalogo\/"},{"@type":"ListItem","position":2,"name":"Cat\u00e1logo","item":"https:\/\/letrame.com\/catalogo\/"},{"@type":"ListItem","position":3,"name":"Cartas a mi marinero"}]},{"@type":"WebSite","@id":"https:\/\/letrame.com\/catalogo\/#website","url":"https:\/\/letrame.com\/catalogo\/","name":"Catalogo | Letrame Grupo Editorial","description":"","publisher":{"@id":"https:\/\/letrame.com\/catalogo\/#organization"},"potentialAction":[{"@type":"SearchAction","target":{"@type":"EntryPoint","urlTemplate":"https:\/\/letrame.com\/catalogo\/?s={search_term_string}"},"query-input":{"@type":"PropertyValueSpecification","valueRequired":true,"valueName":"search_term_string"}}],"inLanguage":"es"},{"@type":"Organization","@id":"https:\/\/letrame.com\/catalogo\/#organization","name":"Catalogo | Letrame Grupo Editorial","url":"https:\/\/letrame.com\/catalogo\/","logo":{"@type":"ImageObject","inLanguage":"es","@id":"https:\/\/letrame.com\/catalogo\/#\/schema\/logo\/image\/","url":"https:\/\/letrame.com\/catalogo\/wp-content\/uploads\/2024\/03\/logo2.webp","contentUrl":"https:\/\/letrame.com\/catalogo\/wp-content\/uploads\/2024\/03\/logo2.webp","width":394,"height":128,"caption":"Catalogo | Letrame Grupo Editorial"},"image":{"@id":"https:\/\/letrame.com\/catalogo\/#\/schema\/logo\/image\/"}}]}},"_links":{"self":[{"href":"https:\/\/letrame.com\/catalogo\/wp-json\/wp\/v2\/product\/101157","targetHints":{"allow":["GET"]}}],"collection":[{"href":"https:\/\/letrame.com\/catalogo\/wp-json\/wp\/v2\/product"}],"about":[{"href":"https:\/\/letrame.com\/catalogo\/wp-json\/wp\/v2\/types\/product"}],"replies":[{"embeddable":true,"href":"https:\/\/letrame.com\/catalogo\/wp-json\/wp\/v2\/comments?post=101157"}],"acf:post":[{"embeddable":true,"href":"https:\/\/letrame.com\/catalogo\/wp-json\/wp\/v2\/author_book\/101158"}],"wp:featuredmedia":[{"embeddable":true,"href":"https:\/\/letrame.com\/catalogo\/wp-json\/wp\/v2\/media\/101161"}],"wp:attachment":[{"href":"https:\/\/letrame.com\/catalogo\/wp-json\/wp\/v2\/media?parent=101157"}],"wp:term":[{"taxonomy":"libro","embeddable":true,"href":"https:\/\/letrame.com\/catalogo\/wp-json\/wp\/v2\/libro?post=101157"},{"taxonomy":"product_brand","embeddable":true,"href":"https:\/\/letrame.com\/catalogo\/wp-json\/wp\/v2\/product_brand?post=101157"},{"taxonomy":"product_cat","embeddable":true,"href":"https:\/\/letrame.com\/catalogo\/wp-json\/wp\/v2\/product_cat?post=101157"},{"taxonomy":"product_tag","embeddable":true,"href":"https:\/\/letrame.com\/catalogo\/wp-json\/wp\/v2\/product_tag?post=101157"}],"curies":[{"name":"wp","href":"https:\/\/api.w.org\/{rel}","templated":true}]}}