{"id":101076,"date":"2024-05-23T10:28:58","date_gmt":"2024-05-23T08:28:58","guid":{"rendered":"https:\/\/letrame.com\/catalogo\/producto\/la-sanacion-del-ser-de-luz\/"},"modified":"2024-06-04T15:19:32","modified_gmt":"2024-06-04T13:19:32","slug":"la-sanacion-del-ser-de-luz","status":"publish","type":"product","link":"https:\/\/letrame.com\/catalogo\/producto\/la-sanacion-del-ser-de-luz\/","title":{"rendered":"La sanaci\u00f3n del ser de luz"},"content":{"rendered":"<p>ISBN:\u00a0978-84-1181-431-7<br \/>\nT\u00edtulo:\u2028LA SANACI\u00d3N DEL SER DE LUZ<br \/>\nFecha:\u20282024<br \/>\nP\u00e1ginas:\u00a0138<br \/>\nSINOPSIS<\/p>\n<p>Este libro nos invita a adentrarnos en el concepto de ser de luz, explic\u00e1ndonos cu\u00e1les son sus caracter\u00edsticas, c\u00f3mo se relacionan y, sobre todo, cu\u00e1l es su objetivo final, la sanaci\u00f3n. Este proceso de sanaci\u00f3n se entender\u00e1 como una evoluci\u00f3n o transformaci\u00f3n que abarcar\u00e1 diferentes \u00e1mbitos: el corporal, el mental, el emocional, de roles y v\u00ednculos, de ancestros y el linaje y, finalmente, del alma o vidas pasadas. Con este fin, se ofrecen pr\u00e1cticas de meditaci\u00f3n que ayudar\u00e1n a todos los seres de luz a reconciliarse con ellos mismos, a entender el origen o fuente de muchos de sus traumas o actitudes presentes y dar\u00e1 las claves para identificarlos, comprenderlos y, en especial, sanarlos.<\/p>\n","protected":false},"excerpt":{"rendered":"<p>ISBN:\u00a0978-84-1181-431-7<\/p>\n<p>SINOPSIS<\/p>\n<p>Este libro nos invita a adentrarnos en el concepto de ser de luz, explic\u00e1ndonos cu\u00e1les son sus caracter\u00edsticas, c\u00f3mo se relacionan y, sobre todo, cu\u00e1l es su objetivo final, la sanaci\u00f3n. Este proceso de sanaci\u00f3n se entender\u00e1 como una evoluci\u00f3n o transformaci\u00f3n que abarcar\u00e1 diferentes \u00e1mbitos: el corporal, el mental, el emocional, de roles y v\u00ednculos, de ancestros y el linaje y, finalmente, del alma o vidas pasadas. Con este fin, se ofrecen pr\u00e1cticas de meditaci\u00f3n que ayudar\u00e1n a todos los seres de luz a reconciliarse con ellos mismos, a entender el origen o fuente de muchos de sus traumas o actitudes presentes y dar\u00e1 las claves para identificarlos, comprenderlos y, en especial, sanarlos.<\/p>\n<p>&nbsp;<\/p>\n","protected":false},"featured_media":101077,"comment_status":"closed","ping_status":"closed","template":"","meta":{"_acf_changed":false},"libro":[],"product_brand":[],"product_cat":[30],"product_tag":[],"class_list":{"0":"post-101076","1":"product","2":"type-product","3":"status-publish","4":"has-post-thumbnail","6":"product_cat-desarrollo-personal-y-autoconocimiento","8":"first","9":"instock","10":"product-type-simple"},"acf":{"autor":[100799],"enlace_de_compra":"https:\/\/www.casadellibro.com\/libro-la-sanacion-del-ser-de-luz\/9788411814317\/16058919"},"yoast_head":"<!-- This site is optimized with the Yoast SEO plugin v26.6 - https:\/\/yoast.com\/wordpress\/plugins\/seo\/ -->\n<title>La sanaci\u00f3n del ser de luz - Catalogo | Letrame Grupo Editorial<\/title>\n<meta name=\"robots\" content=\"index, follow, max-snippet:-1, max-image-preview:large, max-video-preview:-1\" \/>\n<link rel=\"canonical\" href=\"https:\/\/letrame.com\/catalogo\/producto\/la-sanacion-del-ser-de-luz\/\" \/>\n<meta property=\"og:locale\" content=\"es_ES\" \/>\n<meta property=\"og:type\" content=\"article\" \/>\n<meta property=\"og:title\" content=\"La sanaci\u00f3n del ser de luz - Catalogo | Letrame Grupo Editorial\" \/>\n<meta property=\"og:description\" content=\"ISBN:\u00a0978-84-1181-431-7  SINOPSIS  Este libro nos invita a adentrarnos en el concepto de ser de luz, explic\u00e1ndonos cu\u00e1les son sus caracter\u00edsticas, c\u00f3mo se relacionan y, sobre todo, cu\u00e1l es su objetivo final, la sanaci\u00f3n. Este proceso de sanaci\u00f3n se entender\u00e1 como una evoluci\u00f3n o transformaci\u00f3n que abarcar\u00e1 diferentes \u00e1mbitos: el corporal, el mental, el emocional, de roles y v\u00ednculos, de ancestros y el linaje y, finalmente, del alma o vidas pasadas. Con este fin, se ofrecen pr\u00e1cticas de meditaci\u00f3n que ayudar\u00e1n a todos los seres de luz a reconciliarse con ellos mismos, a entender el origen o fuente de muchos de sus traumas o actitudes presentes y dar\u00e1 las claves para identificarlos, comprenderlos y, en especial, sanarlos.  &nbsp;\" \/>\n<meta property=\"og:url\" content=\"https:\/\/letrame.com\/catalogo\/producto\/la-sanacion-del-ser-de-luz\/\" \/>\n<meta property=\"og:site_name\" content=\"Catalogo | Letrame Grupo Editorial\" \/>\n<meta property=\"article:modified_time\" content=\"2024-06-04T13:19:32+00:00\" \/>\n<meta property=\"og:image\" content=\"https:\/\/letrame.com\/catalogo\/wp-content\/uploads\/2024\/05\/webportada_lasanacion_824mm-compressed-scaled-1.jpg\" \/>\n\t<meta property=\"og:image:width\" content=\"1746\" \/>\n\t<meta property=\"og:image:height\" content=\"2560\" \/>\n\t<meta property=\"og:image:type\" content=\"image\/jpeg\" \/>\n<meta name=\"twitter:card\" content=\"summary_large_image\" \/>\n<meta name=\"twitter:label1\" content=\"Tiempo de lectura\" \/>\n\t<meta name=\"twitter:data1\" content=\"1 minuto\" \/>\n<script type=\"application\/ld+json\" class=\"yoast-schema-graph\">{\"@context\":\"https:\/\/schema.org\",\"@graph\":[{\"@type\":\"WebPage\",\"@id\":\"https:\/\/letrame.com\/catalogo\/producto\/la-sanacion-del-ser-de-luz\/\",\"url\":\"https:\/\/letrame.com\/catalogo\/producto\/la-sanacion-del-ser-de-luz\/\",\"name\":\"La sanaci\u00f3n del ser de luz - Catalogo | Letrame Grupo Editorial\",\"isPartOf\":{\"@id\":\"https:\/\/letrame.com\/catalogo\/#website\"},\"primaryImageOfPage\":{\"@id\":\"https:\/\/letrame.com\/catalogo\/producto\/la-sanacion-del-ser-de-luz\/#primaryimage\"},\"image\":{\"@id\":\"https:\/\/letrame.com\/catalogo\/producto\/la-sanacion-del-ser-de-luz\/#primaryimage\"},\"thumbnailUrl\":\"https:\/\/letrame.com\/catalogo\/wp-content\/uploads\/2024\/05\/webportada_lasanacion_824mm-compressed-scaled-1.jpg\",\"datePublished\":\"2024-05-23T08:28:58+00:00\",\"dateModified\":\"2024-06-04T13:19:32+00:00\",\"breadcrumb\":{\"@id\":\"https:\/\/letrame.com\/catalogo\/producto\/la-sanacion-del-ser-de-luz\/#breadcrumb\"},\"inLanguage\":\"es\",\"potentialAction\":[{\"@type\":\"ReadAction\",\"target\":[\"https:\/\/letrame.com\/catalogo\/producto\/la-sanacion-del-ser-de-luz\/\"]}]},{\"@type\":\"ImageObject\",\"inLanguage\":\"es\",\"@id\":\"https:\/\/letrame.com\/catalogo\/producto\/la-sanacion-del-ser-de-luz\/#primaryimage\",\"url\":\"https:\/\/letrame.com\/catalogo\/wp-content\/uploads\/2024\/05\/webportada_lasanacion_824mm-compressed-scaled-1.jpg\",\"contentUrl\":\"https:\/\/letrame.com\/catalogo\/wp-content\/uploads\/2024\/05\/webportada_lasanacion_824mm-compressed-scaled-1.jpg\",\"width\":1746,\"height\":2560},{\"@type\":\"BreadcrumbList\",\"@id\":\"https:\/\/letrame.com\/catalogo\/producto\/la-sanacion-del-ser-de-luz\/#breadcrumb\",\"itemListElement\":[{\"@type\":\"ListItem\",\"position\":1,\"name\":\"Portada\",\"item\":\"https:\/\/letrame.com\/catalogo\/\"},{\"@type\":\"ListItem\",\"position\":2,\"name\":\"Cat\u00e1logo\",\"item\":\"https:\/\/letrame.com\/catalogo\/\"},{\"@type\":\"ListItem\",\"position\":3,\"name\":\"La sanaci\u00f3n del ser de luz\"}]},{\"@type\":\"WebSite\",\"@id\":\"https:\/\/letrame.com\/catalogo\/#website\",\"url\":\"https:\/\/letrame.com\/catalogo\/\",\"name\":\"Catalogo | Letrame Grupo Editorial\",\"description\":\"\",\"publisher\":{\"@id\":\"https:\/\/letrame.com\/catalogo\/#organization\"},\"potentialAction\":[{\"@type\":\"SearchAction\",\"target\":{\"@type\":\"EntryPoint\",\"urlTemplate\":\"https:\/\/letrame.com\/catalogo\/?s={search_term_string}\"},\"query-input\":{\"@type\":\"PropertyValueSpecification\",\"valueRequired\":true,\"valueName\":\"search_term_string\"}}],\"inLanguage\":\"es\"},{\"@type\":\"Organization\",\"@id\":\"https:\/\/letrame.com\/catalogo\/#organization\",\"name\":\"Catalogo | Letrame Grupo Editorial\",\"url\":\"https:\/\/letrame.com\/catalogo\/\",\"logo\":{\"@type\":\"ImageObject\",\"inLanguage\":\"es\",\"@id\":\"https:\/\/letrame.com\/catalogo\/#\/schema\/logo\/image\/\",\"url\":\"https:\/\/letrame.com\/catalogo\/wp-content\/uploads\/2024\/03\/logo2.webp\",\"contentUrl\":\"https:\/\/letrame.com\/catalogo\/wp-content\/uploads\/2024\/03\/logo2.webp\",\"width\":394,\"height\":128,\"caption\":\"Catalogo | Letrame Grupo Editorial\"},\"image\":{\"@id\":\"https:\/\/letrame.com\/catalogo\/#\/schema\/logo\/image\/\"}}]}<\/script>\n<!-- \/ Yoast SEO plugin. -->","yoast_head_json":{"title":"La sanaci\u00f3n del ser de luz - Catalogo | Letrame Grupo Editorial","robots":{"index":"index","follow":"follow","max-snippet":"max-snippet:-1","max-image-preview":"max-image-preview:large","max-video-preview":"max-video-preview:-1"},"canonical":"https:\/\/letrame.com\/catalogo\/producto\/la-sanacion-del-ser-de-luz\/","og_locale":"es_ES","og_type":"article","og_title":"La sanaci\u00f3n del ser de luz - Catalogo | Letrame Grupo Editorial","og_description":"ISBN:\u00a0978-84-1181-431-7  SINOPSIS  Este libro nos invita a adentrarnos en el concepto de ser de luz, explic\u00e1ndonos cu\u00e1les son sus caracter\u00edsticas, c\u00f3mo se relacionan y, sobre todo, cu\u00e1l es su objetivo final, la sanaci\u00f3n. Este proceso de sanaci\u00f3n se entender\u00e1 como una evoluci\u00f3n o transformaci\u00f3n que abarcar\u00e1 diferentes \u00e1mbitos: el corporal, el mental, el emocional, de roles y v\u00ednculos, de ancestros y el linaje y, finalmente, del alma o vidas pasadas. Con este fin, se ofrecen pr\u00e1cticas de meditaci\u00f3n que ayudar\u00e1n a todos los seres de luz a reconciliarse con ellos mismos, a entender el origen o fuente de muchos de sus traumas o actitudes presentes y dar\u00e1 las claves para identificarlos, comprenderlos y, en especial, sanarlos.  &nbsp;","og_url":"https:\/\/letrame.com\/catalogo\/producto\/la-sanacion-del-ser-de-luz\/","og_site_name":"Catalogo | Letrame Grupo Editorial","article_modified_time":"2024-06-04T13:19:32+00:00","og_image":[{"width":1746,"height":2560,"url":"https:\/\/letrame.com\/catalogo\/wp-content\/uploads\/2024\/05\/webportada_lasanacion_824mm-compressed-scaled-1.jpg","type":"image\/jpeg"}],"twitter_card":"summary_large_image","twitter_misc":{"Tiempo de lectura":"1 minuto"},"schema":{"@context":"https:\/\/schema.org","@graph":[{"@type":"WebPage","@id":"https:\/\/letrame.com\/catalogo\/producto\/la-sanacion-del-ser-de-luz\/","url":"https:\/\/letrame.com\/catalogo\/producto\/la-sanacion-del-ser-de-luz\/","name":"La sanaci\u00f3n del ser de luz - Catalogo | Letrame Grupo Editorial","isPartOf":{"@id":"https:\/\/letrame.com\/catalogo\/#website"},"primaryImageOfPage":{"@id":"https:\/\/letrame.com\/catalogo\/producto\/la-sanacion-del-ser-de-luz\/#primaryimage"},"image":{"@id":"https:\/\/letrame.com\/catalogo\/producto\/la-sanacion-del-ser-de-luz\/#primaryimage"},"thumbnailUrl":"https:\/\/letrame.com\/catalogo\/wp-content\/uploads\/2024\/05\/webportada_lasanacion_824mm-compressed-scaled-1.jpg","datePublished":"2024-05-23T08:28:58+00:00","dateModified":"2024-06-04T13:19:32+00:00","breadcrumb":{"@id":"https:\/\/letrame.com\/catalogo\/producto\/la-sanacion-del-ser-de-luz\/#breadcrumb"},"inLanguage":"es","potentialAction":[{"@type":"ReadAction","target":["https:\/\/letrame.com\/catalogo\/producto\/la-sanacion-del-ser-de-luz\/"]}]},{"@type":"ImageObject","inLanguage":"es","@id":"https:\/\/letrame.com\/catalogo\/producto\/la-sanacion-del-ser-de-luz\/#primaryimage","url":"https:\/\/letrame.com\/catalogo\/wp-content\/uploads\/2024\/05\/webportada_lasanacion_824mm-compressed-scaled-1.jpg","contentUrl":"https:\/\/letrame.com\/catalogo\/wp-content\/uploads\/2024\/05\/webportada_lasanacion_824mm-compressed-scaled-1.jpg","width":1746,"height":2560},{"@type":"BreadcrumbList","@id":"https:\/\/letrame.com\/catalogo\/producto\/la-sanacion-del-ser-de-luz\/#breadcrumb","itemListElement":[{"@type":"ListItem","position":1,"name":"Portada","item":"https:\/\/letrame.com\/catalogo\/"},{"@type":"ListItem","position":2,"name":"Cat\u00e1logo","item":"https:\/\/letrame.com\/catalogo\/"},{"@type":"ListItem","position":3,"name":"La sanaci\u00f3n del ser de luz"}]},{"@type":"WebSite","@id":"https:\/\/letrame.com\/catalogo\/#website","url":"https:\/\/letrame.com\/catalogo\/","name":"Catalogo | Letrame Grupo Editorial","description":"","publisher":{"@id":"https:\/\/letrame.com\/catalogo\/#organization"},"potentialAction":[{"@type":"SearchAction","target":{"@type":"EntryPoint","urlTemplate":"https:\/\/letrame.com\/catalogo\/?s={search_term_string}"},"query-input":{"@type":"PropertyValueSpecification","valueRequired":true,"valueName":"search_term_string"}}],"inLanguage":"es"},{"@type":"Organization","@id":"https:\/\/letrame.com\/catalogo\/#organization","name":"Catalogo | Letrame Grupo Editorial","url":"https:\/\/letrame.com\/catalogo\/","logo":{"@type":"ImageObject","inLanguage":"es","@id":"https:\/\/letrame.com\/catalogo\/#\/schema\/logo\/image\/","url":"https:\/\/letrame.com\/catalogo\/wp-content\/uploads\/2024\/03\/logo2.webp","contentUrl":"https:\/\/letrame.com\/catalogo\/wp-content\/uploads\/2024\/03\/logo2.webp","width":394,"height":128,"caption":"Catalogo | Letrame Grupo Editorial"},"image":{"@id":"https:\/\/letrame.com\/catalogo\/#\/schema\/logo\/image\/"}}]}},"_links":{"self":[{"href":"https:\/\/letrame.com\/catalogo\/wp-json\/wp\/v2\/product\/101076","targetHints":{"allow":["GET"]}}],"collection":[{"href":"https:\/\/letrame.com\/catalogo\/wp-json\/wp\/v2\/product"}],"about":[{"href":"https:\/\/letrame.com\/catalogo\/wp-json\/wp\/v2\/types\/product"}],"replies":[{"embeddable":true,"href":"https:\/\/letrame.com\/catalogo\/wp-json\/wp\/v2\/comments?post=101076"}],"acf:post":[{"embeddable":true,"href":"https:\/\/letrame.com\/catalogo\/wp-json\/wp\/v2\/author_book\/100799"}],"wp:featuredmedia":[{"embeddable":true,"href":"https:\/\/letrame.com\/catalogo\/wp-json\/wp\/v2\/media\/101077"}],"wp:attachment":[{"href":"https:\/\/letrame.com\/catalogo\/wp-json\/wp\/v2\/media?parent=101076"}],"wp:term":[{"taxonomy":"libro","embeddable":true,"href":"https:\/\/letrame.com\/catalogo\/wp-json\/wp\/v2\/libro?post=101076"},{"taxonomy":"product_brand","embeddable":true,"href":"https:\/\/letrame.com\/catalogo\/wp-json\/wp\/v2\/product_brand?post=101076"},{"taxonomy":"product_cat","embeddable":true,"href":"https:\/\/letrame.com\/catalogo\/wp-json\/wp\/v2\/product_cat?post=101076"},{"taxonomy":"product_tag","embeddable":true,"href":"https:\/\/letrame.com\/catalogo\/wp-json\/wp\/v2\/product_tag?post=101076"}],"curies":[{"name":"wp","href":"https:\/\/api.w.org\/{rel}","templated":true}]}}