{"id":101062,"date":"2024-05-23T10:27:13","date_gmt":"2024-05-23T08:27:13","guid":{"rendered":"https:\/\/letrame.com\/catalogo\/producto\/carlos-de-gujera-y-el-jabeque-dil-moro\/"},"modified":"2024-07-03T13:02:06","modified_gmt":"2024-07-03T11:02:06","slug":"carlos-de-gujera-y-el-jabeque-dil-moro","status":"publish","type":"product","link":"https:\/\/letrame.com\/catalogo\/producto\/carlos-de-gujera-y-el-jabeque-dil-moro\/","title":{"rendered":"Carlos de Gujera y el Jabeque D&#8217;il Moro"},"content":{"rendered":"<p>ISBN:\u00a0978-84-1068-029-6<br \/>\nT\u00edtulo:\u2028CARLOS DE GUJERA Y EL JABEQUE D\u2019IL MORO<br \/>\nFecha:\u20282024<br \/>\nP\u00e1ginas:\u00a0148<br \/>\nSINOPSIS<\/p>\n<p>Es un libro de aventuras en el que se relata la vida y las experiencias de Carlos de Gujera en el siglo XVI, un joven que crece en el entorno marinero de Cullera. Se describe su conexi\u00f3n con el mar, sus travesuras con amigos, y su introducci\u00f3n al trabajo en el almac\u00e9n y la construcci\u00f3n naval. El libro crea una ambientaci\u00f3n a lo largo de su vida, describiendo detalladamente las diferentes aventuras que vive con una tripulaci\u00f3n de diversas nacionalidades, religiones y culturas; como su paso por la academia militar, el ataque del pirata Dragut a Cullera, su participaci\u00f3n en el traslado de tropas a Flandes por el camino del mar, el traslado de D. Miguel de Cervantes desde Argel a Denia por los padres trinitarios, y sus aventuras por el Mediterr\u00e1neo en el desarrollo del comercio en estado puro.<\/p>\n","protected":false},"excerpt":{"rendered":"<p>ISBN:\u00a0978-84-1068-029-6<\/p>\n<p>SINOPSIS<\/p>\n<p>Es un libro de aventuras en el que se relata la vida y las experiencias de Carlos de Gujera en el siglo XVI, un joven que crece en el entorno marinero de Cullera. Se describe su conexi\u00f3n con el mar, sus travesuras con amigos, y su introducci\u00f3n al trabajo en el almac\u00e9n y la construcci\u00f3n naval. El libro crea una ambientaci\u00f3n a lo largo de su vida, describiendo detalladamente las diferentes aventuras que vive con una tripulaci\u00f3n de diversas nacionalidades, religiones y culturas; como su paso por la academia militar, el ataque del pirata Dragut a Cullera, su participaci\u00f3n en el traslado de tropas a Flandes por el camino del mar, el traslado de D. Miguel de Cervantes desde Argel a Denia por los padres trinitarios, y sus aventuras por el Mediterr\u00e1neo en el desarrollo del comercio en estado puro.<\/p>\n<p>&nbsp;<\/p>\n","protected":false},"featured_media":101063,"comment_status":"closed","ping_status":"closed","template":"","meta":{"_acf_changed":false},"libro":[],"product_brand":[],"product_cat":[24],"product_tag":[],"class_list":{"0":"post-101062","1":"product","2":"type-product","3":"status-publish","4":"has-post-thumbnail","6":"product_cat-viajes","8":"first","9":"instock","10":"product-type-simple"},"acf":{"autor":[100788],"enlace_de_compra":"https:\/\/amzn.to\/45S9G6i"},"yoast_head":"<!-- This site is optimized with the Yoast SEO plugin v26.6 - https:\/\/yoast.com\/wordpress\/plugins\/seo\/ -->\n<title>Carlos de Gujera y el Jabeque D&#039;il Moro - Catalogo | Letrame Grupo Editorial<\/title>\n<meta name=\"robots\" content=\"index, follow, max-snippet:-1, max-image-preview:large, max-video-preview:-1\" \/>\n<link rel=\"canonical\" href=\"https:\/\/letrame.com\/catalogo\/producto\/carlos-de-gujera-y-el-jabeque-dil-moro\/\" \/>\n<meta property=\"og:locale\" content=\"es_ES\" \/>\n<meta property=\"og:type\" content=\"article\" \/>\n<meta property=\"og:title\" content=\"Carlos de Gujera y el Jabeque D&#039;il Moro - Catalogo | Letrame Grupo Editorial\" \/>\n<meta property=\"og:description\" content=\"ISBN:\u00a0978-84-1068-029-6  SINOPSIS  Es un libro de aventuras en el que se relata la vida y las experiencias de Carlos de Gujera en el siglo XVI, un joven que crece en el entorno marinero de Cullera. Se describe su conexi\u00f3n con el mar, sus travesuras con amigos, y su introducci\u00f3n al trabajo en el almac\u00e9n y la construcci\u00f3n naval. El libro crea una ambientaci\u00f3n a lo largo de su vida, describiendo detalladamente las diferentes aventuras que vive con una tripulaci\u00f3n de diversas nacionalidades, religiones y culturas; como su paso por la academia militar, el ataque del pirata Dragut a Cullera, su participaci\u00f3n en el traslado de tropas a Flandes por el camino del mar, el traslado de D. Miguel de Cervantes desde Argel a Denia por los padres trinitarios, y sus aventuras por el Mediterr\u00e1neo en el desarrollo del comercio en estado puro.  &nbsp;\" \/>\n<meta property=\"og:url\" content=\"https:\/\/letrame.com\/catalogo\/producto\/carlos-de-gujera-y-el-jabeque-dil-moro\/\" \/>\n<meta property=\"og:site_name\" content=\"Catalogo | Letrame Grupo Editorial\" \/>\n<meta property=\"article:modified_time\" content=\"2024-07-03T11:02:06+00:00\" \/>\n<meta property=\"og:image\" content=\"https:\/\/letrame.com\/catalogo\/wp-content\/uploads\/2024\/05\/webp_carlosdegujera_79mm-compressed-scaled-1.jpg\" \/>\n\t<meta property=\"og:image:width\" content=\"1746\" \/>\n\t<meta property=\"og:image:height\" content=\"2560\" \/>\n\t<meta property=\"og:image:type\" content=\"image\/jpeg\" \/>\n<meta name=\"twitter:card\" content=\"summary_large_image\" \/>\n<meta name=\"twitter:label1\" content=\"Tiempo de lectura\" \/>\n\t<meta name=\"twitter:data1\" content=\"1 minuto\" \/>\n<script type=\"application\/ld+json\" class=\"yoast-schema-graph\">{\"@context\":\"https:\/\/schema.org\",\"@graph\":[{\"@type\":\"WebPage\",\"@id\":\"https:\/\/letrame.com\/catalogo\/producto\/carlos-de-gujera-y-el-jabeque-dil-moro\/\",\"url\":\"https:\/\/letrame.com\/catalogo\/producto\/carlos-de-gujera-y-el-jabeque-dil-moro\/\",\"name\":\"Carlos de Gujera y el Jabeque D'il Moro - Catalogo | Letrame Grupo Editorial\",\"isPartOf\":{\"@id\":\"https:\/\/letrame.com\/catalogo\/#website\"},\"primaryImageOfPage\":{\"@id\":\"https:\/\/letrame.com\/catalogo\/producto\/carlos-de-gujera-y-el-jabeque-dil-moro\/#primaryimage\"},\"image\":{\"@id\":\"https:\/\/letrame.com\/catalogo\/producto\/carlos-de-gujera-y-el-jabeque-dil-moro\/#primaryimage\"},\"thumbnailUrl\":\"https:\/\/letrame.com\/catalogo\/wp-content\/uploads\/2024\/05\/webp_carlosdegujera_79mm-compressed-scaled-1.jpg\",\"datePublished\":\"2024-05-23T08:27:13+00:00\",\"dateModified\":\"2024-07-03T11:02:06+00:00\",\"breadcrumb\":{\"@id\":\"https:\/\/letrame.com\/catalogo\/producto\/carlos-de-gujera-y-el-jabeque-dil-moro\/#breadcrumb\"},\"inLanguage\":\"es\",\"potentialAction\":[{\"@type\":\"ReadAction\",\"target\":[\"https:\/\/letrame.com\/catalogo\/producto\/carlos-de-gujera-y-el-jabeque-dil-moro\/\"]}]},{\"@type\":\"ImageObject\",\"inLanguage\":\"es\",\"@id\":\"https:\/\/letrame.com\/catalogo\/producto\/carlos-de-gujera-y-el-jabeque-dil-moro\/#primaryimage\",\"url\":\"https:\/\/letrame.com\/catalogo\/wp-content\/uploads\/2024\/05\/webp_carlosdegujera_79mm-compressed-scaled-1.jpg\",\"contentUrl\":\"https:\/\/letrame.com\/catalogo\/wp-content\/uploads\/2024\/05\/webp_carlosdegujera_79mm-compressed-scaled-1.jpg\",\"width\":1746,\"height\":2560},{\"@type\":\"BreadcrumbList\",\"@id\":\"https:\/\/letrame.com\/catalogo\/producto\/carlos-de-gujera-y-el-jabeque-dil-moro\/#breadcrumb\",\"itemListElement\":[{\"@type\":\"ListItem\",\"position\":1,\"name\":\"Portada\",\"item\":\"https:\/\/letrame.com\/catalogo\/\"},{\"@type\":\"ListItem\",\"position\":2,\"name\":\"Cat\u00e1logo\",\"item\":\"https:\/\/letrame.com\/catalogo\/\"},{\"@type\":\"ListItem\",\"position\":3,\"name\":\"Carlos de Gujera y el Jabeque D&#8217;il Moro\"}]},{\"@type\":\"WebSite\",\"@id\":\"https:\/\/letrame.com\/catalogo\/#website\",\"url\":\"https:\/\/letrame.com\/catalogo\/\",\"name\":\"Catalogo | Letrame Grupo Editorial\",\"description\":\"\",\"publisher\":{\"@id\":\"https:\/\/letrame.com\/catalogo\/#organization\"},\"potentialAction\":[{\"@type\":\"SearchAction\",\"target\":{\"@type\":\"EntryPoint\",\"urlTemplate\":\"https:\/\/letrame.com\/catalogo\/?s={search_term_string}\"},\"query-input\":{\"@type\":\"PropertyValueSpecification\",\"valueRequired\":true,\"valueName\":\"search_term_string\"}}],\"inLanguage\":\"es\"},{\"@type\":\"Organization\",\"@id\":\"https:\/\/letrame.com\/catalogo\/#organization\",\"name\":\"Catalogo | Letrame Grupo Editorial\",\"url\":\"https:\/\/letrame.com\/catalogo\/\",\"logo\":{\"@type\":\"ImageObject\",\"inLanguage\":\"es\",\"@id\":\"https:\/\/letrame.com\/catalogo\/#\/schema\/logo\/image\/\",\"url\":\"https:\/\/letrame.com\/catalogo\/wp-content\/uploads\/2024\/03\/logo2.webp\",\"contentUrl\":\"https:\/\/letrame.com\/catalogo\/wp-content\/uploads\/2024\/03\/logo2.webp\",\"width\":394,\"height\":128,\"caption\":\"Catalogo | Letrame Grupo Editorial\"},\"image\":{\"@id\":\"https:\/\/letrame.com\/catalogo\/#\/schema\/logo\/image\/\"}}]}<\/script>\n<!-- \/ Yoast SEO plugin. -->","yoast_head_json":{"title":"Carlos de Gujera y el Jabeque D'il Moro - Catalogo | Letrame Grupo Editorial","robots":{"index":"index","follow":"follow","max-snippet":"max-snippet:-1","max-image-preview":"max-image-preview:large","max-video-preview":"max-video-preview:-1"},"canonical":"https:\/\/letrame.com\/catalogo\/producto\/carlos-de-gujera-y-el-jabeque-dil-moro\/","og_locale":"es_ES","og_type":"article","og_title":"Carlos de Gujera y el Jabeque D'il Moro - Catalogo | Letrame Grupo Editorial","og_description":"ISBN:\u00a0978-84-1068-029-6  SINOPSIS  Es un libro de aventuras en el que se relata la vida y las experiencias de Carlos de Gujera en el siglo XVI, un joven que crece en el entorno marinero de Cullera. Se describe su conexi\u00f3n con el mar, sus travesuras con amigos, y su introducci\u00f3n al trabajo en el almac\u00e9n y la construcci\u00f3n naval. El libro crea una ambientaci\u00f3n a lo largo de su vida, describiendo detalladamente las diferentes aventuras que vive con una tripulaci\u00f3n de diversas nacionalidades, religiones y culturas; como su paso por la academia militar, el ataque del pirata Dragut a Cullera, su participaci\u00f3n en el traslado de tropas a Flandes por el camino del mar, el traslado de D. Miguel de Cervantes desde Argel a Denia por los padres trinitarios, y sus aventuras por el Mediterr\u00e1neo en el desarrollo del comercio en estado puro.  &nbsp;","og_url":"https:\/\/letrame.com\/catalogo\/producto\/carlos-de-gujera-y-el-jabeque-dil-moro\/","og_site_name":"Catalogo | Letrame Grupo Editorial","article_modified_time":"2024-07-03T11:02:06+00:00","og_image":[{"width":1746,"height":2560,"url":"https:\/\/letrame.com\/catalogo\/wp-content\/uploads\/2024\/05\/webp_carlosdegujera_79mm-compressed-scaled-1.jpg","type":"image\/jpeg"}],"twitter_card":"summary_large_image","twitter_misc":{"Tiempo de lectura":"1 minuto"},"schema":{"@context":"https:\/\/schema.org","@graph":[{"@type":"WebPage","@id":"https:\/\/letrame.com\/catalogo\/producto\/carlos-de-gujera-y-el-jabeque-dil-moro\/","url":"https:\/\/letrame.com\/catalogo\/producto\/carlos-de-gujera-y-el-jabeque-dil-moro\/","name":"Carlos de Gujera y el Jabeque D'il Moro - Catalogo | Letrame Grupo Editorial","isPartOf":{"@id":"https:\/\/letrame.com\/catalogo\/#website"},"primaryImageOfPage":{"@id":"https:\/\/letrame.com\/catalogo\/producto\/carlos-de-gujera-y-el-jabeque-dil-moro\/#primaryimage"},"image":{"@id":"https:\/\/letrame.com\/catalogo\/producto\/carlos-de-gujera-y-el-jabeque-dil-moro\/#primaryimage"},"thumbnailUrl":"https:\/\/letrame.com\/catalogo\/wp-content\/uploads\/2024\/05\/webp_carlosdegujera_79mm-compressed-scaled-1.jpg","datePublished":"2024-05-23T08:27:13+00:00","dateModified":"2024-07-03T11:02:06+00:00","breadcrumb":{"@id":"https:\/\/letrame.com\/catalogo\/producto\/carlos-de-gujera-y-el-jabeque-dil-moro\/#breadcrumb"},"inLanguage":"es","potentialAction":[{"@type":"ReadAction","target":["https:\/\/letrame.com\/catalogo\/producto\/carlos-de-gujera-y-el-jabeque-dil-moro\/"]}]},{"@type":"ImageObject","inLanguage":"es","@id":"https:\/\/letrame.com\/catalogo\/producto\/carlos-de-gujera-y-el-jabeque-dil-moro\/#primaryimage","url":"https:\/\/letrame.com\/catalogo\/wp-content\/uploads\/2024\/05\/webp_carlosdegujera_79mm-compressed-scaled-1.jpg","contentUrl":"https:\/\/letrame.com\/catalogo\/wp-content\/uploads\/2024\/05\/webp_carlosdegujera_79mm-compressed-scaled-1.jpg","width":1746,"height":2560},{"@type":"BreadcrumbList","@id":"https:\/\/letrame.com\/catalogo\/producto\/carlos-de-gujera-y-el-jabeque-dil-moro\/#breadcrumb","itemListElement":[{"@type":"ListItem","position":1,"name":"Portada","item":"https:\/\/letrame.com\/catalogo\/"},{"@type":"ListItem","position":2,"name":"Cat\u00e1logo","item":"https:\/\/letrame.com\/catalogo\/"},{"@type":"ListItem","position":3,"name":"Carlos de Gujera y el Jabeque D&#8217;il Moro"}]},{"@type":"WebSite","@id":"https:\/\/letrame.com\/catalogo\/#website","url":"https:\/\/letrame.com\/catalogo\/","name":"Catalogo | Letrame Grupo Editorial","description":"","publisher":{"@id":"https:\/\/letrame.com\/catalogo\/#organization"},"potentialAction":[{"@type":"SearchAction","target":{"@type":"EntryPoint","urlTemplate":"https:\/\/letrame.com\/catalogo\/?s={search_term_string}"},"query-input":{"@type":"PropertyValueSpecification","valueRequired":true,"valueName":"search_term_string"}}],"inLanguage":"es"},{"@type":"Organization","@id":"https:\/\/letrame.com\/catalogo\/#organization","name":"Catalogo | Letrame Grupo Editorial","url":"https:\/\/letrame.com\/catalogo\/","logo":{"@type":"ImageObject","inLanguage":"es","@id":"https:\/\/letrame.com\/catalogo\/#\/schema\/logo\/image\/","url":"https:\/\/letrame.com\/catalogo\/wp-content\/uploads\/2024\/03\/logo2.webp","contentUrl":"https:\/\/letrame.com\/catalogo\/wp-content\/uploads\/2024\/03\/logo2.webp","width":394,"height":128,"caption":"Catalogo | Letrame Grupo Editorial"},"image":{"@id":"https:\/\/letrame.com\/catalogo\/#\/schema\/logo\/image\/"}}]}},"_links":{"self":[{"href":"https:\/\/letrame.com\/catalogo\/wp-json\/wp\/v2\/product\/101062","targetHints":{"allow":["GET"]}}],"collection":[{"href":"https:\/\/letrame.com\/catalogo\/wp-json\/wp\/v2\/product"}],"about":[{"href":"https:\/\/letrame.com\/catalogo\/wp-json\/wp\/v2\/types\/product"}],"replies":[{"embeddable":true,"href":"https:\/\/letrame.com\/catalogo\/wp-json\/wp\/v2\/comments?post=101062"}],"acf:post":[{"embeddable":true,"href":"https:\/\/letrame.com\/catalogo\/wp-json\/wp\/v2\/author_book\/100788"}],"wp:featuredmedia":[{"embeddable":true,"href":"https:\/\/letrame.com\/catalogo\/wp-json\/wp\/v2\/media\/101063"}],"wp:attachment":[{"href":"https:\/\/letrame.com\/catalogo\/wp-json\/wp\/v2\/media?parent=101062"}],"wp:term":[{"taxonomy":"libro","embeddable":true,"href":"https:\/\/letrame.com\/catalogo\/wp-json\/wp\/v2\/libro?post=101062"},{"taxonomy":"product_brand","embeddable":true,"href":"https:\/\/letrame.com\/catalogo\/wp-json\/wp\/v2\/product_brand?post=101062"},{"taxonomy":"product_cat","embeddable":true,"href":"https:\/\/letrame.com\/catalogo\/wp-json\/wp\/v2\/product_cat?post=101062"},{"taxonomy":"product_tag","embeddable":true,"href":"https:\/\/letrame.com\/catalogo\/wp-json\/wp\/v2\/product_tag?post=101062"}],"curies":[{"name":"wp","href":"https:\/\/api.w.org\/{rel}","templated":true}]}}