{"id":101060,"date":"2024-05-23T10:27:13","date_gmt":"2024-05-23T08:27:13","guid":{"rendered":"https:\/\/letrame.com\/catalogo\/producto\/los-imprescindibles\/"},"modified":"2024-07-23T15:00:55","modified_gmt":"2024-07-23T13:00:55","slug":"los-imprescindibles","status":"publish","type":"product","link":"https:\/\/letrame.com\/catalogo\/producto\/los-imprescindibles\/","title":{"rendered":"Los imprescindibles"},"content":{"rendered":"<p>ISBN:\u00a0978-84-1068-561-1<br \/>\nT\u00edtulo:\u2028LOS IMPRESCINDIBLES<br \/>\nFecha:\u20282024<br \/>\nP\u00e1ginas:\u00a072<br \/>\nSINOPSIS<\/p>\n<p>Este libro contiene un toque de magia, creado con mucho amor y gran ilusi\u00f3n por una maestra y una mam\u00e1 del colegio Divina Infantita.<\/p>\n<p>Es un regalo para los ni\u00f1os de 3\u00ba de primaria, con el deseo de que sus aventuras sean siempre tan especiales como las de este libro y que sepan que llevan un pedacito de nuestro coraz\u00f3n con ellos.<\/p>\n<p>Un d\u00eda de lo m\u00e1s normal, dej\u00f3 de serlo para los ni\u00f1os de 3\u00ba de Primaria cuando algo sorprendente y extra\u00f1o ocurri\u00f3 en su clase. Tras la celebraci\u00f3n de un cumplea\u00f1os, se sumergen en una incre\u00edble aventura en la que tendr\u00e1n que cumplir una importante misi\u00f3n, junto a su se\u00f1o. \u00bfEst\u00e1s preparado para adentrarte en la lectura y descubrir lo que les sucedi\u00f3? Adelante, lee y descubre lo que le pasa al alumnado de esta clase.<\/p>\n","protected":false},"excerpt":{"rendered":"<p>ISBN:\u00a0978-84-1068-561-1<\/p>\n<p>SINOPSIS<\/p>\n<p>Este libro contiene un toque de magia, creado con mucho amor y gran ilusi\u00f3n por una maestra y una mam\u00e1 del colegio Divina Infantita.<\/p>\n<p>Es un regalo para los ni\u00f1os de 3\u00ba de primaria, con el deseo de que sus aventuras sean siempre tan especiales como las de este libro y que sepan que llevan un pedacito de nuestro coraz\u00f3n con ellos.<\/p>\n<p>Un d\u00eda de lo m\u00e1s normal, dej\u00f3 de serlo para los ni\u00f1os de 3\u00ba de Primaria cuando algo sorprendente y extra\u00f1o ocurri\u00f3 en su clase. Tras la celebraci\u00f3n de un cumplea\u00f1os, se sumergen en una incre\u00edble aventura en la que tendr\u00e1n que cumplir una importante misi\u00f3n, junto a su se\u00f1o. \u00bfEst\u00e1s preparado para adentrarte en la lectura y descubrir lo que les sucedi\u00f3? Adelante, lee y descubre lo que le pasa al alumnado de esta clase.<\/p>\n<p>&nbsp;<\/p>\n","protected":false},"featured_media":101061,"comment_status":"closed","ping_status":"closed","template":"","meta":{"_acf_changed":false},"libro":[],"product_brand":[],"product_cat":[17],"product_tag":[],"class_list":{"0":"post-101060","1":"product","2":"type-product","3":"status-publish","4":"has-post-thumbnail","6":"product_cat-infantil","8":"first","9":"instock","10":"product-type-simple"},"acf":{"autor":[100786,100787],"enlace_de_compra":"https:\/\/www.casadellibro.com\/libro-los-imprescindibles\/9788410683051\/16032947"},"yoast_head":"<!-- This site is optimized with the Yoast SEO plugin v26.6 - https:\/\/yoast.com\/wordpress\/plugins\/seo\/ -->\n<title>Los imprescindibles - Catalogo | Letrame Grupo Editorial<\/title>\n<meta name=\"robots\" content=\"index, follow, max-snippet:-1, max-image-preview:large, max-video-preview:-1\" \/>\n<link rel=\"canonical\" href=\"https:\/\/letrame.com\/catalogo\/producto\/los-imprescindibles\/\" \/>\n<meta property=\"og:locale\" content=\"es_ES\" \/>\n<meta property=\"og:type\" content=\"article\" \/>\n<meta property=\"og:title\" content=\"Los imprescindibles - Catalogo | Letrame Grupo Editorial\" \/>\n<meta property=\"og:description\" content=\"ISBN:\u00a0978-84-1068-561-1  SINOPSIS  Este libro contiene un toque de magia, creado con mucho amor y gran ilusi\u00f3n por una maestra y una mam\u00e1 del colegio Divina Infantita.  Es un regalo para los ni\u00f1os de 3\u00ba de primaria, con el deseo de que sus aventuras sean siempre tan especiales como las de este libro y que sepan que llevan un pedacito de nuestro coraz\u00f3n con ellos.  Un d\u00eda de lo m\u00e1s normal, dej\u00f3 de serlo para los ni\u00f1os de 3\u00ba de Primaria cuando algo sorprendente y extra\u00f1o ocurri\u00f3 en su clase. Tras la celebraci\u00f3n de un cumplea\u00f1os, se sumergen en una incre\u00edble aventura en la que tendr\u00e1n que cumplir una importante misi\u00f3n, junto a su se\u00f1o. \u00bfEst\u00e1s preparado para adentrarte en la lectura y descubrir lo que les sucedi\u00f3? Adelante, lee y descubre lo que le pasa al alumnado de esta clase.  &nbsp;\" \/>\n<meta property=\"og:url\" content=\"https:\/\/letrame.com\/catalogo\/producto\/los-imprescindibles\/\" \/>\n<meta property=\"og:site_name\" content=\"Catalogo | Letrame Grupo Editorial\" \/>\n<meta property=\"article:modified_time\" content=\"2024-07-23T13:00:55+00:00\" \/>\n<meta property=\"og:image\" content=\"https:\/\/letrame.com\/catalogo\/wp-content\/uploads\/2024\/05\/webp_losimprescindibles_481mm-compressed.jpg\" \/>\n\t<meta property=\"og:image:width\" content=\"1594\" \/>\n\t<meta property=\"og:image:height\" content=\"2303\" \/>\n\t<meta property=\"og:image:type\" content=\"image\/jpeg\" \/>\n<meta name=\"twitter:card\" content=\"summary_large_image\" \/>\n<meta name=\"twitter:label1\" content=\"Tiempo de lectura\" \/>\n\t<meta name=\"twitter:data1\" content=\"1 minuto\" \/>\n<script type=\"application\/ld+json\" class=\"yoast-schema-graph\">{\"@context\":\"https:\/\/schema.org\",\"@graph\":[{\"@type\":\"WebPage\",\"@id\":\"https:\/\/letrame.com\/catalogo\/producto\/los-imprescindibles\/\",\"url\":\"https:\/\/letrame.com\/catalogo\/producto\/los-imprescindibles\/\",\"name\":\"Los imprescindibles - Catalogo | Letrame Grupo Editorial\",\"isPartOf\":{\"@id\":\"https:\/\/letrame.com\/catalogo\/#website\"},\"primaryImageOfPage\":{\"@id\":\"https:\/\/letrame.com\/catalogo\/producto\/los-imprescindibles\/#primaryimage\"},\"image\":{\"@id\":\"https:\/\/letrame.com\/catalogo\/producto\/los-imprescindibles\/#primaryimage\"},\"thumbnailUrl\":\"https:\/\/letrame.com\/catalogo\/wp-content\/uploads\/2024\/05\/webp_losimprescindibles_481mm-compressed.jpg\",\"datePublished\":\"2024-05-23T08:27:13+00:00\",\"dateModified\":\"2024-07-23T13:00:55+00:00\",\"breadcrumb\":{\"@id\":\"https:\/\/letrame.com\/catalogo\/producto\/los-imprescindibles\/#breadcrumb\"},\"inLanguage\":\"es\",\"potentialAction\":[{\"@type\":\"ReadAction\",\"target\":[\"https:\/\/letrame.com\/catalogo\/producto\/los-imprescindibles\/\"]}]},{\"@type\":\"ImageObject\",\"inLanguage\":\"es\",\"@id\":\"https:\/\/letrame.com\/catalogo\/producto\/los-imprescindibles\/#primaryimage\",\"url\":\"https:\/\/letrame.com\/catalogo\/wp-content\/uploads\/2024\/05\/webp_losimprescindibles_481mm-compressed.jpg\",\"contentUrl\":\"https:\/\/letrame.com\/catalogo\/wp-content\/uploads\/2024\/05\/webp_losimprescindibles_481mm-compressed.jpg\",\"width\":1594,\"height\":2303},{\"@type\":\"BreadcrumbList\",\"@id\":\"https:\/\/letrame.com\/catalogo\/producto\/los-imprescindibles\/#breadcrumb\",\"itemListElement\":[{\"@type\":\"ListItem\",\"position\":1,\"name\":\"Portada\",\"item\":\"https:\/\/letrame.com\/catalogo\/\"},{\"@type\":\"ListItem\",\"position\":2,\"name\":\"Cat\u00e1logo\",\"item\":\"https:\/\/letrame.com\/catalogo\/\"},{\"@type\":\"ListItem\",\"position\":3,\"name\":\"Los imprescindibles\"}]},{\"@type\":\"WebSite\",\"@id\":\"https:\/\/letrame.com\/catalogo\/#website\",\"url\":\"https:\/\/letrame.com\/catalogo\/\",\"name\":\"Catalogo | Letrame Grupo Editorial\",\"description\":\"\",\"publisher\":{\"@id\":\"https:\/\/letrame.com\/catalogo\/#organization\"},\"potentialAction\":[{\"@type\":\"SearchAction\",\"target\":{\"@type\":\"EntryPoint\",\"urlTemplate\":\"https:\/\/letrame.com\/catalogo\/?s={search_term_string}\"},\"query-input\":{\"@type\":\"PropertyValueSpecification\",\"valueRequired\":true,\"valueName\":\"search_term_string\"}}],\"inLanguage\":\"es\"},{\"@type\":\"Organization\",\"@id\":\"https:\/\/letrame.com\/catalogo\/#organization\",\"name\":\"Catalogo | Letrame Grupo Editorial\",\"url\":\"https:\/\/letrame.com\/catalogo\/\",\"logo\":{\"@type\":\"ImageObject\",\"inLanguage\":\"es\",\"@id\":\"https:\/\/letrame.com\/catalogo\/#\/schema\/logo\/image\/\",\"url\":\"https:\/\/letrame.com\/catalogo\/wp-content\/uploads\/2024\/03\/logo2.webp\",\"contentUrl\":\"https:\/\/letrame.com\/catalogo\/wp-content\/uploads\/2024\/03\/logo2.webp\",\"width\":394,\"height\":128,\"caption\":\"Catalogo | Letrame Grupo Editorial\"},\"image\":{\"@id\":\"https:\/\/letrame.com\/catalogo\/#\/schema\/logo\/image\/\"}}]}<\/script>\n<!-- \/ Yoast SEO plugin. -->","yoast_head_json":{"title":"Los imprescindibles - Catalogo | Letrame Grupo Editorial","robots":{"index":"index","follow":"follow","max-snippet":"max-snippet:-1","max-image-preview":"max-image-preview:large","max-video-preview":"max-video-preview:-1"},"canonical":"https:\/\/letrame.com\/catalogo\/producto\/los-imprescindibles\/","og_locale":"es_ES","og_type":"article","og_title":"Los imprescindibles - Catalogo | Letrame Grupo Editorial","og_description":"ISBN:\u00a0978-84-1068-561-1  SINOPSIS  Este libro contiene un toque de magia, creado con mucho amor y gran ilusi\u00f3n por una maestra y una mam\u00e1 del colegio Divina Infantita.  Es un regalo para los ni\u00f1os de 3\u00ba de primaria, con el deseo de que sus aventuras sean siempre tan especiales como las de este libro y que sepan que llevan un pedacito de nuestro coraz\u00f3n con ellos.  Un d\u00eda de lo m\u00e1s normal, dej\u00f3 de serlo para los ni\u00f1os de 3\u00ba de Primaria cuando algo sorprendente y extra\u00f1o ocurri\u00f3 en su clase. Tras la celebraci\u00f3n de un cumplea\u00f1os, se sumergen en una incre\u00edble aventura en la que tendr\u00e1n que cumplir una importante misi\u00f3n, junto a su se\u00f1o. \u00bfEst\u00e1s preparado para adentrarte en la lectura y descubrir lo que les sucedi\u00f3? Adelante, lee y descubre lo que le pasa al alumnado de esta clase.  &nbsp;","og_url":"https:\/\/letrame.com\/catalogo\/producto\/los-imprescindibles\/","og_site_name":"Catalogo | Letrame Grupo Editorial","article_modified_time":"2024-07-23T13:00:55+00:00","og_image":[{"width":1594,"height":2303,"url":"https:\/\/letrame.com\/catalogo\/wp-content\/uploads\/2024\/05\/webp_losimprescindibles_481mm-compressed.jpg","type":"image\/jpeg"}],"twitter_card":"summary_large_image","twitter_misc":{"Tiempo de lectura":"1 minuto"},"schema":{"@context":"https:\/\/schema.org","@graph":[{"@type":"WebPage","@id":"https:\/\/letrame.com\/catalogo\/producto\/los-imprescindibles\/","url":"https:\/\/letrame.com\/catalogo\/producto\/los-imprescindibles\/","name":"Los imprescindibles - Catalogo | Letrame Grupo Editorial","isPartOf":{"@id":"https:\/\/letrame.com\/catalogo\/#website"},"primaryImageOfPage":{"@id":"https:\/\/letrame.com\/catalogo\/producto\/los-imprescindibles\/#primaryimage"},"image":{"@id":"https:\/\/letrame.com\/catalogo\/producto\/los-imprescindibles\/#primaryimage"},"thumbnailUrl":"https:\/\/letrame.com\/catalogo\/wp-content\/uploads\/2024\/05\/webp_losimprescindibles_481mm-compressed.jpg","datePublished":"2024-05-23T08:27:13+00:00","dateModified":"2024-07-23T13:00:55+00:00","breadcrumb":{"@id":"https:\/\/letrame.com\/catalogo\/producto\/los-imprescindibles\/#breadcrumb"},"inLanguage":"es","potentialAction":[{"@type":"ReadAction","target":["https:\/\/letrame.com\/catalogo\/producto\/los-imprescindibles\/"]}]},{"@type":"ImageObject","inLanguage":"es","@id":"https:\/\/letrame.com\/catalogo\/producto\/los-imprescindibles\/#primaryimage","url":"https:\/\/letrame.com\/catalogo\/wp-content\/uploads\/2024\/05\/webp_losimprescindibles_481mm-compressed.jpg","contentUrl":"https:\/\/letrame.com\/catalogo\/wp-content\/uploads\/2024\/05\/webp_losimprescindibles_481mm-compressed.jpg","width":1594,"height":2303},{"@type":"BreadcrumbList","@id":"https:\/\/letrame.com\/catalogo\/producto\/los-imprescindibles\/#breadcrumb","itemListElement":[{"@type":"ListItem","position":1,"name":"Portada","item":"https:\/\/letrame.com\/catalogo\/"},{"@type":"ListItem","position":2,"name":"Cat\u00e1logo","item":"https:\/\/letrame.com\/catalogo\/"},{"@type":"ListItem","position":3,"name":"Los imprescindibles"}]},{"@type":"WebSite","@id":"https:\/\/letrame.com\/catalogo\/#website","url":"https:\/\/letrame.com\/catalogo\/","name":"Catalogo | Letrame Grupo Editorial","description":"","publisher":{"@id":"https:\/\/letrame.com\/catalogo\/#organization"},"potentialAction":[{"@type":"SearchAction","target":{"@type":"EntryPoint","urlTemplate":"https:\/\/letrame.com\/catalogo\/?s={search_term_string}"},"query-input":{"@type":"PropertyValueSpecification","valueRequired":true,"valueName":"search_term_string"}}],"inLanguage":"es"},{"@type":"Organization","@id":"https:\/\/letrame.com\/catalogo\/#organization","name":"Catalogo | Letrame Grupo Editorial","url":"https:\/\/letrame.com\/catalogo\/","logo":{"@type":"ImageObject","inLanguage":"es","@id":"https:\/\/letrame.com\/catalogo\/#\/schema\/logo\/image\/","url":"https:\/\/letrame.com\/catalogo\/wp-content\/uploads\/2024\/03\/logo2.webp","contentUrl":"https:\/\/letrame.com\/catalogo\/wp-content\/uploads\/2024\/03\/logo2.webp","width":394,"height":128,"caption":"Catalogo | Letrame Grupo Editorial"},"image":{"@id":"https:\/\/letrame.com\/catalogo\/#\/schema\/logo\/image\/"}}]}},"_links":{"self":[{"href":"https:\/\/letrame.com\/catalogo\/wp-json\/wp\/v2\/product\/101060","targetHints":{"allow":["GET"]}}],"collection":[{"href":"https:\/\/letrame.com\/catalogo\/wp-json\/wp\/v2\/product"}],"about":[{"href":"https:\/\/letrame.com\/catalogo\/wp-json\/wp\/v2\/types\/product"}],"replies":[{"embeddable":true,"href":"https:\/\/letrame.com\/catalogo\/wp-json\/wp\/v2\/comments?post=101060"}],"acf:post":[{"embeddable":true,"href":"https:\/\/letrame.com\/catalogo\/wp-json\/wp\/v2\/author_book\/100787"},{"embeddable":true,"href":"https:\/\/letrame.com\/catalogo\/wp-json\/wp\/v2\/author_book\/100786"}],"wp:featuredmedia":[{"embeddable":true,"href":"https:\/\/letrame.com\/catalogo\/wp-json\/wp\/v2\/media\/101061"}],"wp:attachment":[{"href":"https:\/\/letrame.com\/catalogo\/wp-json\/wp\/v2\/media?parent=101060"}],"wp:term":[{"taxonomy":"libro","embeddable":true,"href":"https:\/\/letrame.com\/catalogo\/wp-json\/wp\/v2\/libro?post=101060"},{"taxonomy":"product_brand","embeddable":true,"href":"https:\/\/letrame.com\/catalogo\/wp-json\/wp\/v2\/product_brand?post=101060"},{"taxonomy":"product_cat","embeddable":true,"href":"https:\/\/letrame.com\/catalogo\/wp-json\/wp\/v2\/product_cat?post=101060"},{"taxonomy":"product_tag","embeddable":true,"href":"https:\/\/letrame.com\/catalogo\/wp-json\/wp\/v2\/product_tag?post=101060"}],"curies":[{"name":"wp","href":"https:\/\/api.w.org\/{rel}","templated":true}]}}