{"id":101058,"date":"2024-05-23T10:27:13","date_gmt":"2024-05-23T08:27:13","guid":{"rendered":"https:\/\/letrame.com\/catalogo\/producto\/evurion-gronindum\/"},"modified":"2024-06-04T15:19:44","modified_gmt":"2024-06-04T13:19:44","slug":"evurion-gronindum","status":"publish","type":"product","link":"https:\/\/letrame.com\/catalogo\/producto\/evurion-gronindum\/","title":{"rendered":"Evurion Gronindum"},"content":{"rendered":"<p>ISBN:\u00a0978-84-1068-165-1<br \/>\nT\u00edtulo:\u2028EVURION GRONINDUM<br \/>\nFecha:\u20282024<br \/>\nP\u00e1ginas:\u00a0200<br \/>\nSINOPSIS<\/p>\n<p>Sof\u00eda es una adolescente devastada por el dolor, una aflicci\u00f3n que se alimenta de las continuas discusiones que presencia diariamente entre sus padres, Alejandro y Victoria. Adem\u00e1s, a pesar de su corta edad, Sof\u00eda tambi\u00e9n acumula grandes desilusiones por su peculiar novio, el presumido Mario.<\/p>\n<p>Los rutinarios y aburridos d\u00edas de Sof\u00eda pasan lentamente hasta que un d\u00eda conoce a Hugo, con quien comienza una bonita amistad. Sin embargo, lo que Sof\u00eda no sabe es que este ni\u00f1o de apariencia extra\u00f1a es habitante de un mundo desconocido llamado Evurion Gronindum, un lugar m\u00e1gico lleno de secretos donde tambi\u00e9n vive Hakkanom, un engendro destructor sin escr\u00fapulos.<\/p>\n<p>Cansada de su rutina y de su t\u00f3xico entorno, Sof\u00eda se adentrar\u00e1 en un viaje ignoto y misterioso que solo ella puede conocer. Esta aventura dejar\u00e1 su mundo patas arriba despu\u00e9s de un tr\u00e1gico suceso, en el que sus padres no tendr\u00e1n m\u00e1s remedio que esforzarse por entenderse y donde su engre\u00eddo novio demostrar\u00e1 qu\u00e9 clase de persona es en realidad.<br \/>\nPronto, Sof\u00eda y Hugo se convertir\u00e1n en grandes amigos. Juntos vivir\u00e1n momentos extraordinarios y descubrir\u00e1n secretos que los unir\u00e1n a\u00fan m\u00e1s. A veces, lo aparente deber\u00eda ser lo real y lo real, lo imaginario.<\/p>\n","protected":false},"excerpt":{"rendered":"<p>ISBN:\u00a0978-84-1068-165-1<\/p>\n<p>SINOPSIS<\/p>\n<p>Sof\u00eda es una adolescente devastada por el dolor, una aflicci\u00f3n que se alimenta de las continuas discusiones que presencia diariamente entre sus padres, Alejandro y Victoria. Adem\u00e1s, a pesar de su corta edad, Sof\u00eda tambi\u00e9n acumula grandes desilusiones por su peculiar novio, el presumido Mario.<\/p>\n<p>Los rutinarios y aburridos d\u00edas de Sof\u00eda pasan lentamente hasta que un d\u00eda conoce a Hugo, con quien comienza una bonita amistad. Sin embargo, lo que Sof\u00eda no sabe es que este ni\u00f1o de apariencia extra\u00f1a es habitante de un mundo desconocido llamado Evurion Gronindum, un lugar m\u00e1gico lleno de secretos donde tambi\u00e9n vive Hakkanom, un engendro destructor sin escr\u00fapulos.<\/p>\n<p>Cansada de su rutina y de su t\u00f3xico entorno, Sof\u00eda se adentrar\u00e1 en un viaje ignoto y misterioso que solo ella puede conocer. Esta aventura dejar\u00e1 su mundo patas arriba despu\u00e9s de un tr\u00e1gico suceso, en el que sus padres no tendr\u00e1n m\u00e1s remedio que esforzarse por entenderse y donde su engre\u00eddo novio demostrar\u00e1 qu\u00e9 clase de persona es en realidad.<br \/>\nPronto, Sof\u00eda y Hugo se convertir\u00e1n en grandes amigos. Juntos vivir\u00e1n momentos extraordinarios y descubrir\u00e1n secretos que los unir\u00e1n a\u00fan m\u00e1s. A veces, lo aparente deber\u00eda ser lo real y lo real, lo imaginario.<\/p>\n<p>&nbsp;<\/p>\n","protected":false},"featured_media":101059,"comment_status":"closed","ping_status":"closed","template":"","meta":{"_acf_changed":false},"libro":[],"product_brand":[],"product_cat":[118],"product_tag":[],"class_list":{"0":"post-101058","1":"product","2":"type-product","3":"status-publish","4":"has-post-thumbnail","6":"product_cat-fantasia","8":"first","9":"instock","10":"product-type-simple"},"acf":{"autor":[100784],"enlace_de_compra":"https:\/\/www.casadellibro.com\/libro-evurion-gronindum\/9788410681651\/16032944"},"yoast_head":"<!-- This site is optimized with the Yoast SEO plugin v26.6 - https:\/\/yoast.com\/wordpress\/plugins\/seo\/ -->\n<title>Evurion Gronindum - Catalogo | Letrame Grupo Editorial<\/title>\n<meta name=\"robots\" content=\"index, follow, max-snippet:-1, max-image-preview:large, max-video-preview:-1\" \/>\n<link rel=\"canonical\" href=\"https:\/\/letrame.com\/catalogo\/producto\/evurion-gronindum\/\" \/>\n<meta property=\"og:locale\" content=\"es_ES\" \/>\n<meta property=\"og:type\" content=\"article\" \/>\n<meta property=\"og:title\" content=\"Evurion Gronindum - Catalogo | Letrame Grupo Editorial\" \/>\n<meta property=\"og:description\" content=\"ISBN:\u00a0978-84-1068-165-1  SINOPSIS  Sof\u00eda es una adolescente devastada por el dolor, una aflicci\u00f3n que se alimenta de las continuas discusiones que presencia diariamente entre sus padres, Alejandro y Victoria. Adem\u00e1s, a pesar de su corta edad, Sof\u00eda tambi\u00e9n acumula grandes desilusiones por su peculiar novio, el presumido Mario.  Los rutinarios y aburridos d\u00edas de Sof\u00eda pasan lentamente hasta que un d\u00eda conoce a Hugo, con quien comienza una bonita amistad. Sin embargo, lo que Sof\u00eda no sabe es que este ni\u00f1o de apariencia extra\u00f1a es habitante de un mundo desconocido llamado Evurion Gronindum, un lugar m\u00e1gico lleno de secretos donde tambi\u00e9n vive Hakkanom, un engendro destructor sin escr\u00fapulos.  Cansada de su rutina y de su t\u00f3xico entorno, Sof\u00eda se adentrar\u00e1 en un viaje ignoto y misterioso que solo ella puede conocer. Esta aventura dejar\u00e1 su mundo patas arriba despu\u00e9s de un tr\u00e1gico suceso, en el que sus padres no tendr\u00e1n m\u00e1s remedio que esforzarse por entenderse y donde su engre\u00eddo novio demostrar\u00e1 qu\u00e9 clase de persona es en realidad. Pronto, Sof\u00eda y Hugo se convertir\u00e1n en grandes amigos. Juntos vivir\u00e1n momentos extraordinarios y descubrir\u00e1n secretos que los unir\u00e1n a\u00fan m\u00e1s. A veces, lo aparente deber\u00eda ser lo real y lo real, lo imaginario.  &nbsp;\" \/>\n<meta property=\"og:url\" content=\"https:\/\/letrame.com\/catalogo\/producto\/evurion-gronindum\/\" \/>\n<meta property=\"og:site_name\" content=\"Catalogo | Letrame Grupo Editorial\" \/>\n<meta property=\"article:modified_time\" content=\"2024-06-04T13:19:44+00:00\" \/>\n<meta property=\"og:image\" content=\"https:\/\/letrame.com\/catalogo\/wp-content\/uploads\/2024\/05\/webp_evurion_103mm-compressed-scaled-1.jpg\" \/>\n\t<meta property=\"og:image:width\" content=\"1746\" \/>\n\t<meta property=\"og:image:height\" content=\"2560\" \/>\n\t<meta property=\"og:image:type\" content=\"image\/jpeg\" \/>\n<meta name=\"twitter:card\" content=\"summary_large_image\" \/>\n<meta name=\"twitter:label1\" content=\"Tiempo de lectura\" \/>\n\t<meta name=\"twitter:data1\" content=\"2 minutos\" \/>\n<script type=\"application\/ld+json\" class=\"yoast-schema-graph\">{\"@context\":\"https:\/\/schema.org\",\"@graph\":[{\"@type\":\"WebPage\",\"@id\":\"https:\/\/letrame.com\/catalogo\/producto\/evurion-gronindum\/\",\"url\":\"https:\/\/letrame.com\/catalogo\/producto\/evurion-gronindum\/\",\"name\":\"Evurion Gronindum - Catalogo | Letrame Grupo Editorial\",\"isPartOf\":{\"@id\":\"https:\/\/letrame.com\/catalogo\/#website\"},\"primaryImageOfPage\":{\"@id\":\"https:\/\/letrame.com\/catalogo\/producto\/evurion-gronindum\/#primaryimage\"},\"image\":{\"@id\":\"https:\/\/letrame.com\/catalogo\/producto\/evurion-gronindum\/#primaryimage\"},\"thumbnailUrl\":\"https:\/\/letrame.com\/catalogo\/wp-content\/uploads\/2024\/05\/webp_evurion_103mm-compressed-scaled-1.jpg\",\"datePublished\":\"2024-05-23T08:27:13+00:00\",\"dateModified\":\"2024-06-04T13:19:44+00:00\",\"breadcrumb\":{\"@id\":\"https:\/\/letrame.com\/catalogo\/producto\/evurion-gronindum\/#breadcrumb\"},\"inLanguage\":\"es\",\"potentialAction\":[{\"@type\":\"ReadAction\",\"target\":[\"https:\/\/letrame.com\/catalogo\/producto\/evurion-gronindum\/\"]}]},{\"@type\":\"ImageObject\",\"inLanguage\":\"es\",\"@id\":\"https:\/\/letrame.com\/catalogo\/producto\/evurion-gronindum\/#primaryimage\",\"url\":\"https:\/\/letrame.com\/catalogo\/wp-content\/uploads\/2024\/05\/webp_evurion_103mm-compressed-scaled-1.jpg\",\"contentUrl\":\"https:\/\/letrame.com\/catalogo\/wp-content\/uploads\/2024\/05\/webp_evurion_103mm-compressed-scaled-1.jpg\",\"width\":1746,\"height\":2560},{\"@type\":\"BreadcrumbList\",\"@id\":\"https:\/\/letrame.com\/catalogo\/producto\/evurion-gronindum\/#breadcrumb\",\"itemListElement\":[{\"@type\":\"ListItem\",\"position\":1,\"name\":\"Portada\",\"item\":\"https:\/\/letrame.com\/catalogo\/\"},{\"@type\":\"ListItem\",\"position\":2,\"name\":\"Cat\u00e1logo\",\"item\":\"https:\/\/letrame.com\/catalogo\/\"},{\"@type\":\"ListItem\",\"position\":3,\"name\":\"Evurion Gronindum\"}]},{\"@type\":\"WebSite\",\"@id\":\"https:\/\/letrame.com\/catalogo\/#website\",\"url\":\"https:\/\/letrame.com\/catalogo\/\",\"name\":\"Catalogo | Letrame Grupo Editorial\",\"description\":\"\",\"publisher\":{\"@id\":\"https:\/\/letrame.com\/catalogo\/#organization\"},\"potentialAction\":[{\"@type\":\"SearchAction\",\"target\":{\"@type\":\"EntryPoint\",\"urlTemplate\":\"https:\/\/letrame.com\/catalogo\/?s={search_term_string}\"},\"query-input\":{\"@type\":\"PropertyValueSpecification\",\"valueRequired\":true,\"valueName\":\"search_term_string\"}}],\"inLanguage\":\"es\"},{\"@type\":\"Organization\",\"@id\":\"https:\/\/letrame.com\/catalogo\/#organization\",\"name\":\"Catalogo | Letrame Grupo Editorial\",\"url\":\"https:\/\/letrame.com\/catalogo\/\",\"logo\":{\"@type\":\"ImageObject\",\"inLanguage\":\"es\",\"@id\":\"https:\/\/letrame.com\/catalogo\/#\/schema\/logo\/image\/\",\"url\":\"https:\/\/letrame.com\/catalogo\/wp-content\/uploads\/2024\/03\/logo2.webp\",\"contentUrl\":\"https:\/\/letrame.com\/catalogo\/wp-content\/uploads\/2024\/03\/logo2.webp\",\"width\":394,\"height\":128,\"caption\":\"Catalogo | Letrame Grupo Editorial\"},\"image\":{\"@id\":\"https:\/\/letrame.com\/catalogo\/#\/schema\/logo\/image\/\"}}]}<\/script>\n<!-- \/ Yoast SEO plugin. -->","yoast_head_json":{"title":"Evurion Gronindum - Catalogo | Letrame Grupo Editorial","robots":{"index":"index","follow":"follow","max-snippet":"max-snippet:-1","max-image-preview":"max-image-preview:large","max-video-preview":"max-video-preview:-1"},"canonical":"https:\/\/letrame.com\/catalogo\/producto\/evurion-gronindum\/","og_locale":"es_ES","og_type":"article","og_title":"Evurion Gronindum - Catalogo | Letrame Grupo Editorial","og_description":"ISBN:\u00a0978-84-1068-165-1  SINOPSIS  Sof\u00eda es una adolescente devastada por el dolor, una aflicci\u00f3n que se alimenta de las continuas discusiones que presencia diariamente entre sus padres, Alejandro y Victoria. Adem\u00e1s, a pesar de su corta edad, Sof\u00eda tambi\u00e9n acumula grandes desilusiones por su peculiar novio, el presumido Mario.  Los rutinarios y aburridos d\u00edas de Sof\u00eda pasan lentamente hasta que un d\u00eda conoce a Hugo, con quien comienza una bonita amistad. Sin embargo, lo que Sof\u00eda no sabe es que este ni\u00f1o de apariencia extra\u00f1a es habitante de un mundo desconocido llamado Evurion Gronindum, un lugar m\u00e1gico lleno de secretos donde tambi\u00e9n vive Hakkanom, un engendro destructor sin escr\u00fapulos.  Cansada de su rutina y de su t\u00f3xico entorno, Sof\u00eda se adentrar\u00e1 en un viaje ignoto y misterioso que solo ella puede conocer. Esta aventura dejar\u00e1 su mundo patas arriba despu\u00e9s de un tr\u00e1gico suceso, en el que sus padres no tendr\u00e1n m\u00e1s remedio que esforzarse por entenderse y donde su engre\u00eddo novio demostrar\u00e1 qu\u00e9 clase de persona es en realidad. Pronto, Sof\u00eda y Hugo se convertir\u00e1n en grandes amigos. Juntos vivir\u00e1n momentos extraordinarios y descubrir\u00e1n secretos que los unir\u00e1n a\u00fan m\u00e1s. A veces, lo aparente deber\u00eda ser lo real y lo real, lo imaginario.  &nbsp;","og_url":"https:\/\/letrame.com\/catalogo\/producto\/evurion-gronindum\/","og_site_name":"Catalogo | Letrame Grupo Editorial","article_modified_time":"2024-06-04T13:19:44+00:00","og_image":[{"width":1746,"height":2560,"url":"https:\/\/letrame.com\/catalogo\/wp-content\/uploads\/2024\/05\/webp_evurion_103mm-compressed-scaled-1.jpg","type":"image\/jpeg"}],"twitter_card":"summary_large_image","twitter_misc":{"Tiempo de lectura":"2 minutos"},"schema":{"@context":"https:\/\/schema.org","@graph":[{"@type":"WebPage","@id":"https:\/\/letrame.com\/catalogo\/producto\/evurion-gronindum\/","url":"https:\/\/letrame.com\/catalogo\/producto\/evurion-gronindum\/","name":"Evurion Gronindum - Catalogo | Letrame Grupo Editorial","isPartOf":{"@id":"https:\/\/letrame.com\/catalogo\/#website"},"primaryImageOfPage":{"@id":"https:\/\/letrame.com\/catalogo\/producto\/evurion-gronindum\/#primaryimage"},"image":{"@id":"https:\/\/letrame.com\/catalogo\/producto\/evurion-gronindum\/#primaryimage"},"thumbnailUrl":"https:\/\/letrame.com\/catalogo\/wp-content\/uploads\/2024\/05\/webp_evurion_103mm-compressed-scaled-1.jpg","datePublished":"2024-05-23T08:27:13+00:00","dateModified":"2024-06-04T13:19:44+00:00","breadcrumb":{"@id":"https:\/\/letrame.com\/catalogo\/producto\/evurion-gronindum\/#breadcrumb"},"inLanguage":"es","potentialAction":[{"@type":"ReadAction","target":["https:\/\/letrame.com\/catalogo\/producto\/evurion-gronindum\/"]}]},{"@type":"ImageObject","inLanguage":"es","@id":"https:\/\/letrame.com\/catalogo\/producto\/evurion-gronindum\/#primaryimage","url":"https:\/\/letrame.com\/catalogo\/wp-content\/uploads\/2024\/05\/webp_evurion_103mm-compressed-scaled-1.jpg","contentUrl":"https:\/\/letrame.com\/catalogo\/wp-content\/uploads\/2024\/05\/webp_evurion_103mm-compressed-scaled-1.jpg","width":1746,"height":2560},{"@type":"BreadcrumbList","@id":"https:\/\/letrame.com\/catalogo\/producto\/evurion-gronindum\/#breadcrumb","itemListElement":[{"@type":"ListItem","position":1,"name":"Portada","item":"https:\/\/letrame.com\/catalogo\/"},{"@type":"ListItem","position":2,"name":"Cat\u00e1logo","item":"https:\/\/letrame.com\/catalogo\/"},{"@type":"ListItem","position":3,"name":"Evurion Gronindum"}]},{"@type":"WebSite","@id":"https:\/\/letrame.com\/catalogo\/#website","url":"https:\/\/letrame.com\/catalogo\/","name":"Catalogo | Letrame Grupo Editorial","description":"","publisher":{"@id":"https:\/\/letrame.com\/catalogo\/#organization"},"potentialAction":[{"@type":"SearchAction","target":{"@type":"EntryPoint","urlTemplate":"https:\/\/letrame.com\/catalogo\/?s={search_term_string}"},"query-input":{"@type":"PropertyValueSpecification","valueRequired":true,"valueName":"search_term_string"}}],"inLanguage":"es"},{"@type":"Organization","@id":"https:\/\/letrame.com\/catalogo\/#organization","name":"Catalogo | Letrame Grupo Editorial","url":"https:\/\/letrame.com\/catalogo\/","logo":{"@type":"ImageObject","inLanguage":"es","@id":"https:\/\/letrame.com\/catalogo\/#\/schema\/logo\/image\/","url":"https:\/\/letrame.com\/catalogo\/wp-content\/uploads\/2024\/03\/logo2.webp","contentUrl":"https:\/\/letrame.com\/catalogo\/wp-content\/uploads\/2024\/03\/logo2.webp","width":394,"height":128,"caption":"Catalogo | Letrame Grupo Editorial"},"image":{"@id":"https:\/\/letrame.com\/catalogo\/#\/schema\/logo\/image\/"}}]}},"_links":{"self":[{"href":"https:\/\/letrame.com\/catalogo\/wp-json\/wp\/v2\/product\/101058","targetHints":{"allow":["GET"]}}],"collection":[{"href":"https:\/\/letrame.com\/catalogo\/wp-json\/wp\/v2\/product"}],"about":[{"href":"https:\/\/letrame.com\/catalogo\/wp-json\/wp\/v2\/types\/product"}],"replies":[{"embeddable":true,"href":"https:\/\/letrame.com\/catalogo\/wp-json\/wp\/v2\/comments?post=101058"}],"acf:post":[{"embeddable":true,"href":"https:\/\/letrame.com\/catalogo\/wp-json\/wp\/v2\/author_book\/100784"}],"wp:featuredmedia":[{"embeddable":true,"href":"https:\/\/letrame.com\/catalogo\/wp-json\/wp\/v2\/media\/101059"}],"wp:attachment":[{"href":"https:\/\/letrame.com\/catalogo\/wp-json\/wp\/v2\/media?parent=101058"}],"wp:term":[{"taxonomy":"libro","embeddable":true,"href":"https:\/\/letrame.com\/catalogo\/wp-json\/wp\/v2\/libro?post=101058"},{"taxonomy":"product_brand","embeddable":true,"href":"https:\/\/letrame.com\/catalogo\/wp-json\/wp\/v2\/product_brand?post=101058"},{"taxonomy":"product_cat","embeddable":true,"href":"https:\/\/letrame.com\/catalogo\/wp-json\/wp\/v2\/product_cat?post=101058"},{"taxonomy":"product_tag","embeddable":true,"href":"https:\/\/letrame.com\/catalogo\/wp-json\/wp\/v2\/product_tag?post=101058"}],"curies":[{"name":"wp","href":"https:\/\/api.w.org\/{rel}","templated":true}]}}