{"id":101056,"date":"2024-05-23T10:27:13","date_gmt":"2024-05-23T08:27:13","guid":{"rendered":"https:\/\/letrame.com\/catalogo\/producto\/en-nombre-del-amor\/"},"modified":"2024-05-23T11:06:13","modified_gmt":"2024-05-23T09:06:13","slug":"en-nombre-del-amor","status":"publish","type":"product","link":"https:\/\/letrame.com\/catalogo\/producto\/en-nombre-del-amor\/","title":{"rendered":"En nombre del amor"},"content":{"rendered":"<p>ISBN:\u00a0978-84-1068-056-2<br \/>\nT\u00edtulo:\u2028En nombre del amor<br \/>\nFecha:\u20282024<br \/>\nP\u00e1ginas:\u00a0268<br \/>\nSINOPSIS<\/p>\n<p>En el coraz\u00f3n palpitante de un puerto franc\u00e9s, Marianne, una mujer exitosa en el mundo de las comunicaciones, se encuentra en la encrucijada de su vida. Casada con Salvador, su relaci\u00f3n ha ca\u00eddo en la rutina, transform\u00e1ndose en un amor sereno, pero desprovisto de pasi\u00f3n. En medio de este mar de dudas, Marianne se encuentra con Clemente, un escritor carism\u00e1tico cuya presencia despierta en ella emociones olvidadas y una pasi\u00f3n que cre\u00eda perdida.<\/p>\n<p>En nombre del amor es una novela que explora las encrucijadas del coraz\u00f3n humano, sus conflictos, sus deseos y su incansable b\u00fasqueda de felicidad. A medida que Marianne se embarca en un viaje emocional y f\u00edsico, se ve atrapada entre la seguridad de lo que conoce y la tentaci\u00f3n de lo desconocido. Cada encuentro con Clemente es como una marea alta que amenaza con arrastrarla lejos de la orilla firme de su matrimonio con Salvador.<\/p>\n<p>Pero el amor es un camino lleno de sorpresas, y Marianne pronto descubrir\u00e1 que los sentimientos del coraz\u00f3n no son blancos y negros, sino tonos complejos y a menudo contradictorios. A trav\u00e9s de encuentros clandestinos, secretos revelados y decisiones dif\u00edciles, Marianne debe enfrentar la realidad de sus emociones y las consecuencias de sus acciones.<\/p>\n<p>Entre las p\u00e1ginas de En nombre del amor, el lector se sumerge en una historia que es tan atemporal como actual, un relato que refleja la lucha interna entre el deber y el deseo, el amor y la libertad. Con personajes ricos y una narrativa envolvente, esta novela es un viaje a trav\u00e9s de las complejidades del coraz\u00f3n humano, un espejo que refleja nuestras propias luchas y anhelos.<\/p>\n","protected":false},"excerpt":{"rendered":"<p>ISBN:\u00a0978-84-1068-056-2<\/p>\n<p>SINOPSIS<\/p>\n<p>En el coraz\u00f3n palpitante de un puerto franc\u00e9s, Marianne, una mujer exitosa en el mundo de las comunicaciones, se encuentra en la encrucijada de su vida. Casada con Salvador, su relaci\u00f3n ha ca\u00eddo en la rutina, transform\u00e1ndose en un amor sereno, pero desprovisto de pasi\u00f3n. En medio de este mar de dudas, Marianne se encuentra con Clemente, un escritor carism\u00e1tico cuya presencia despierta en ella emociones olvidadas y una pasi\u00f3n que cre\u00eda perdida.<\/p>\n<p>En nombre del amor es una novela que explora las encrucijadas del coraz\u00f3n humano, sus conflictos, sus deseos y su incansable b\u00fasqueda de felicidad. A medida que Marianne se embarca en un viaje emocional y f\u00edsico, se ve atrapada entre la seguridad de lo que conoce y la tentaci\u00f3n de lo desconocido. Cada encuentro con Clemente es como una marea alta que amenaza con arrastrarla lejos de la orilla firme de su matrimonio con Salvador.<\/p>\n<p>Pero el amor es un camino lleno de sorpresas, y Marianne pronto descubrir\u00e1 que los sentimientos del coraz\u00f3n no son blancos y negros, sino tonos complejos y a menudo contradictorios. A trav\u00e9s de encuentros clandestinos, secretos revelados y decisiones dif\u00edciles, Marianne debe enfrentar la realidad de sus emociones y las consecuencias de sus acciones.<\/p>\n<p>Entre las p\u00e1ginas de En nombre del amor, el lector se sumerge en una historia que es tan atemporal como actual, un relato que refleja la lucha interna entre el deber y el deseo, el amor y la libertad. Con personajes ricos y una narrativa envolvente, esta novela es un viaje a trav\u00e9s de las complejidades del coraz\u00f3n humano, un espejo que refleja nuestras propias luchas y anhelos.<\/p>\n<p>&nbsp;<\/p>\n","protected":false},"featured_media":101057,"comment_status":"closed","ping_status":"closed","template":"","meta":{"_acf_changed":false},"libro":[],"product_brand":[],"product_cat":[50],"product_tag":[],"class_list":{"0":"post-101056","1":"product","2":"type-product","3":"status-publish","4":"has-post-thumbnail","6":"product_cat-novela-romantica","8":"first","9":"instock","10":"product-type-simple"},"acf":{"autor":[77379],"enlace_de_compra":"https:\/\/www.casadellibro.com\/libro-en-nombre-del-amor\/9788410680562\/16058913"},"yoast_head":"<!-- This site is optimized with the Yoast SEO plugin v27.4 - https:\/\/yoast.com\/product\/yoast-seo-wordpress\/ -->\n<title>En nombre del amor - Catalogo | Letrame Grupo Editorial<\/title>\n<meta name=\"robots\" content=\"index, follow, max-snippet:-1, max-image-preview:large, max-video-preview:-1\" \/>\n<link rel=\"canonical\" href=\"https:\/\/letrame.com\/catalogo\/producto\/en-nombre-del-amor\/\" \/>\n<meta property=\"og:locale\" content=\"es_ES\" \/>\n<meta property=\"og:type\" content=\"article\" \/>\n<meta property=\"og:title\" content=\"En nombre del amor - Catalogo | Letrame Grupo Editorial\" \/>\n<meta property=\"og:description\" content=\"ISBN:\u00a0978-84-1068-056-2  SINOPSIS  En el coraz\u00f3n palpitante de un puerto franc\u00e9s, Marianne, una mujer exitosa en el mundo de las comunicaciones, se encuentra en la encrucijada de su vida. Casada con Salvador, su relaci\u00f3n ha ca\u00eddo en la rutina, transform\u00e1ndose en un amor sereno, pero desprovisto de pasi\u00f3n. En medio de este mar de dudas, Marianne se encuentra con Clemente, un escritor carism\u00e1tico cuya presencia despierta en ella emociones olvidadas y una pasi\u00f3n que cre\u00eda perdida.  En nombre del amor es una novela que explora las encrucijadas del coraz\u00f3n humano, sus conflictos, sus deseos y su incansable b\u00fasqueda de felicidad. A medida que Marianne se embarca en un viaje emocional y f\u00edsico, se ve atrapada entre la seguridad de lo que conoce y la tentaci\u00f3n de lo desconocido. Cada encuentro con Clemente es como una marea alta que amenaza con arrastrarla lejos de la orilla firme de su matrimonio con Salvador.  Pero el amor es un camino lleno de sorpresas, y Marianne pronto descubrir\u00e1 que los sentimientos del coraz\u00f3n no son blancos y negros, sino tonos complejos y a menudo contradictorios. A trav\u00e9s de encuentros clandestinos, secretos revelados y decisiones dif\u00edciles, Marianne debe enfrentar la realidad de sus emociones y las consecuencias de sus acciones.  Entre las p\u00e1ginas de En nombre del amor, el lector se sumerge en una historia que es tan atemporal como actual, un relato que refleja la lucha interna entre el deber y el deseo, el amor y la libertad. Con personajes ricos y una narrativa envolvente, esta novela es un viaje a trav\u00e9s de las complejidades del coraz\u00f3n humano, un espejo que refleja nuestras propias luchas y anhelos.  &nbsp;\" \/>\n<meta property=\"og:url\" content=\"https:\/\/letrame.com\/catalogo\/producto\/en-nombre-del-amor\/\" \/>\n<meta property=\"og:site_name\" content=\"Catalogo | Letrame Grupo Editorial\" \/>\n<meta property=\"article:modified_time\" content=\"2024-05-23T09:06:13+00:00\" \/>\n<meta property=\"og:image\" content=\"https:\/\/letrame.com\/catalogo\/wp-content\/uploads\/2024\/05\/webp_ennombredelamor_1343mm-compressed-scaled-1.jpg\" \/>\n\t<meta property=\"og:image:width\" content=\"1746\" \/>\n\t<meta property=\"og:image:height\" content=\"2560\" \/>\n\t<meta property=\"og:image:type\" content=\"image\/jpeg\" \/>\n<meta name=\"twitter:card\" content=\"summary_large_image\" \/>\n<meta name=\"twitter:label1\" content=\"Tiempo de lectura\" \/>\n\t<meta name=\"twitter:data1\" content=\"2 minutos\" \/>\n<script type=\"application\/ld+json\" class=\"yoast-schema-graph\">{\"@context\":\"https:\\\/\\\/schema.org\",\"@graph\":[{\"@type\":\"WebPage\",\"@id\":\"https:\\\/\\\/letrame.com\\\/catalogo\\\/producto\\\/en-nombre-del-amor\\\/\",\"url\":\"https:\\\/\\\/letrame.com\\\/catalogo\\\/producto\\\/en-nombre-del-amor\\\/\",\"name\":\"En nombre del amor - Catalogo | Letrame Grupo Editorial\",\"isPartOf\":{\"@id\":\"https:\\\/\\\/letrame.com\\\/catalogo\\\/#website\"},\"primaryImageOfPage\":{\"@id\":\"https:\\\/\\\/letrame.com\\\/catalogo\\\/producto\\\/en-nombre-del-amor\\\/#primaryimage\"},\"image\":{\"@id\":\"https:\\\/\\\/letrame.com\\\/catalogo\\\/producto\\\/en-nombre-del-amor\\\/#primaryimage\"},\"thumbnailUrl\":\"https:\\\/\\\/letrame.com\\\/catalogo\\\/wp-content\\\/uploads\\\/2024\\\/05\\\/webp_ennombredelamor_1343mm-compressed-scaled-1.jpg\",\"datePublished\":\"2024-05-23T08:27:13+00:00\",\"dateModified\":\"2024-05-23T09:06:13+00:00\",\"breadcrumb\":{\"@id\":\"https:\\\/\\\/letrame.com\\\/catalogo\\\/producto\\\/en-nombre-del-amor\\\/#breadcrumb\"},\"inLanguage\":\"es\",\"potentialAction\":[{\"@type\":\"ReadAction\",\"target\":[\"https:\\\/\\\/letrame.com\\\/catalogo\\\/producto\\\/en-nombre-del-amor\\\/\"]}]},{\"@type\":\"ImageObject\",\"inLanguage\":\"es\",\"@id\":\"https:\\\/\\\/letrame.com\\\/catalogo\\\/producto\\\/en-nombre-del-amor\\\/#primaryimage\",\"url\":\"https:\\\/\\\/letrame.com\\\/catalogo\\\/wp-content\\\/uploads\\\/2024\\\/05\\\/webp_ennombredelamor_1343mm-compressed-scaled-1.jpg\",\"contentUrl\":\"https:\\\/\\\/letrame.com\\\/catalogo\\\/wp-content\\\/uploads\\\/2024\\\/05\\\/webp_ennombredelamor_1343mm-compressed-scaled-1.jpg\",\"width\":1746,\"height\":2560},{\"@type\":\"BreadcrumbList\",\"@id\":\"https:\\\/\\\/letrame.com\\\/catalogo\\\/producto\\\/en-nombre-del-amor\\\/#breadcrumb\",\"itemListElement\":[{\"@type\":\"ListItem\",\"position\":1,\"name\":\"Portada\",\"item\":\"https:\\\/\\\/letrame.com\\\/catalogo\\\/\"},{\"@type\":\"ListItem\",\"position\":2,\"name\":\"Cat\u00e1logo\",\"item\":\"https:\\\/\\\/letrame.com\\\/catalogo\\\/\"},{\"@type\":\"ListItem\",\"position\":3,\"name\":\"En nombre del amor\"}]},{\"@type\":\"WebSite\",\"@id\":\"https:\\\/\\\/letrame.com\\\/catalogo\\\/#website\",\"url\":\"https:\\\/\\\/letrame.com\\\/catalogo\\\/\",\"name\":\"Catalogo | Letrame Grupo Editorial\",\"description\":\"\",\"publisher\":{\"@id\":\"https:\\\/\\\/letrame.com\\\/catalogo\\\/#organization\"},\"potentialAction\":[{\"@type\":\"SearchAction\",\"target\":{\"@type\":\"EntryPoint\",\"urlTemplate\":\"https:\\\/\\\/letrame.com\\\/catalogo\\\/?s={search_term_string}\"},\"query-input\":{\"@type\":\"PropertyValueSpecification\",\"valueRequired\":true,\"valueName\":\"search_term_string\"}}],\"inLanguage\":\"es\"},{\"@type\":\"Organization\",\"@id\":\"https:\\\/\\\/letrame.com\\\/catalogo\\\/#organization\",\"name\":\"Catalogo | Letrame Grupo Editorial\",\"url\":\"https:\\\/\\\/letrame.com\\\/catalogo\\\/\",\"logo\":{\"@type\":\"ImageObject\",\"inLanguage\":\"es\",\"@id\":\"https:\\\/\\\/letrame.com\\\/catalogo\\\/#\\\/schema\\\/logo\\\/image\\\/\",\"url\":\"https:\\\/\\\/letrame.com\\\/catalogo\\\/wp-content\\\/uploads\\\/2024\\\/03\\\/logo2.webp\",\"contentUrl\":\"https:\\\/\\\/letrame.com\\\/catalogo\\\/wp-content\\\/uploads\\\/2024\\\/03\\\/logo2.webp\",\"width\":394,\"height\":128,\"caption\":\"Catalogo | Letrame Grupo Editorial\"},\"image\":{\"@id\":\"https:\\\/\\\/letrame.com\\\/catalogo\\\/#\\\/schema\\\/logo\\\/image\\\/\"}}]}<\/script>\n<!-- \/ Yoast SEO plugin. -->","yoast_head_json":{"title":"En nombre del amor - Catalogo | Letrame Grupo Editorial","robots":{"index":"index","follow":"follow","max-snippet":"max-snippet:-1","max-image-preview":"max-image-preview:large","max-video-preview":"max-video-preview:-1"},"canonical":"https:\/\/letrame.com\/catalogo\/producto\/en-nombre-del-amor\/","og_locale":"es_ES","og_type":"article","og_title":"En nombre del amor - Catalogo | Letrame Grupo Editorial","og_description":"ISBN:\u00a0978-84-1068-056-2  SINOPSIS  En el coraz\u00f3n palpitante de un puerto franc\u00e9s, Marianne, una mujer exitosa en el mundo de las comunicaciones, se encuentra en la encrucijada de su vida. Casada con Salvador, su relaci\u00f3n ha ca\u00eddo en la rutina, transform\u00e1ndose en un amor sereno, pero desprovisto de pasi\u00f3n. En medio de este mar de dudas, Marianne se encuentra con Clemente, un escritor carism\u00e1tico cuya presencia despierta en ella emociones olvidadas y una pasi\u00f3n que cre\u00eda perdida.  En nombre del amor es una novela que explora las encrucijadas del coraz\u00f3n humano, sus conflictos, sus deseos y su incansable b\u00fasqueda de felicidad. A medida que Marianne se embarca en un viaje emocional y f\u00edsico, se ve atrapada entre la seguridad de lo que conoce y la tentaci\u00f3n de lo desconocido. Cada encuentro con Clemente es como una marea alta que amenaza con arrastrarla lejos de la orilla firme de su matrimonio con Salvador.  Pero el amor es un camino lleno de sorpresas, y Marianne pronto descubrir\u00e1 que los sentimientos del coraz\u00f3n no son blancos y negros, sino tonos complejos y a menudo contradictorios. A trav\u00e9s de encuentros clandestinos, secretos revelados y decisiones dif\u00edciles, Marianne debe enfrentar la realidad de sus emociones y las consecuencias de sus acciones.  Entre las p\u00e1ginas de En nombre del amor, el lector se sumerge en una historia que es tan atemporal como actual, un relato que refleja la lucha interna entre el deber y el deseo, el amor y la libertad. Con personajes ricos y una narrativa envolvente, esta novela es un viaje a trav\u00e9s de las complejidades del coraz\u00f3n humano, un espejo que refleja nuestras propias luchas y anhelos.  &nbsp;","og_url":"https:\/\/letrame.com\/catalogo\/producto\/en-nombre-del-amor\/","og_site_name":"Catalogo | Letrame Grupo Editorial","article_modified_time":"2024-05-23T09:06:13+00:00","og_image":[{"width":1746,"height":2560,"url":"https:\/\/letrame.com\/catalogo\/wp-content\/uploads\/2024\/05\/webp_ennombredelamor_1343mm-compressed-scaled-1.jpg","type":"image\/jpeg"}],"twitter_card":"summary_large_image","twitter_misc":{"Tiempo de lectura":"2 minutos"},"schema":{"@context":"https:\/\/schema.org","@graph":[{"@type":"WebPage","@id":"https:\/\/letrame.com\/catalogo\/producto\/en-nombre-del-amor\/","url":"https:\/\/letrame.com\/catalogo\/producto\/en-nombre-del-amor\/","name":"En nombre del amor - Catalogo | Letrame Grupo Editorial","isPartOf":{"@id":"https:\/\/letrame.com\/catalogo\/#website"},"primaryImageOfPage":{"@id":"https:\/\/letrame.com\/catalogo\/producto\/en-nombre-del-amor\/#primaryimage"},"image":{"@id":"https:\/\/letrame.com\/catalogo\/producto\/en-nombre-del-amor\/#primaryimage"},"thumbnailUrl":"https:\/\/letrame.com\/catalogo\/wp-content\/uploads\/2024\/05\/webp_ennombredelamor_1343mm-compressed-scaled-1.jpg","datePublished":"2024-05-23T08:27:13+00:00","dateModified":"2024-05-23T09:06:13+00:00","breadcrumb":{"@id":"https:\/\/letrame.com\/catalogo\/producto\/en-nombre-del-amor\/#breadcrumb"},"inLanguage":"es","potentialAction":[{"@type":"ReadAction","target":["https:\/\/letrame.com\/catalogo\/producto\/en-nombre-del-amor\/"]}]},{"@type":"ImageObject","inLanguage":"es","@id":"https:\/\/letrame.com\/catalogo\/producto\/en-nombre-del-amor\/#primaryimage","url":"https:\/\/letrame.com\/catalogo\/wp-content\/uploads\/2024\/05\/webp_ennombredelamor_1343mm-compressed-scaled-1.jpg","contentUrl":"https:\/\/letrame.com\/catalogo\/wp-content\/uploads\/2024\/05\/webp_ennombredelamor_1343mm-compressed-scaled-1.jpg","width":1746,"height":2560},{"@type":"BreadcrumbList","@id":"https:\/\/letrame.com\/catalogo\/producto\/en-nombre-del-amor\/#breadcrumb","itemListElement":[{"@type":"ListItem","position":1,"name":"Portada","item":"https:\/\/letrame.com\/catalogo\/"},{"@type":"ListItem","position":2,"name":"Cat\u00e1logo","item":"https:\/\/letrame.com\/catalogo\/"},{"@type":"ListItem","position":3,"name":"En nombre del amor"}]},{"@type":"WebSite","@id":"https:\/\/letrame.com\/catalogo\/#website","url":"https:\/\/letrame.com\/catalogo\/","name":"Catalogo | Letrame Grupo Editorial","description":"","publisher":{"@id":"https:\/\/letrame.com\/catalogo\/#organization"},"potentialAction":[{"@type":"SearchAction","target":{"@type":"EntryPoint","urlTemplate":"https:\/\/letrame.com\/catalogo\/?s={search_term_string}"},"query-input":{"@type":"PropertyValueSpecification","valueRequired":true,"valueName":"search_term_string"}}],"inLanguage":"es"},{"@type":"Organization","@id":"https:\/\/letrame.com\/catalogo\/#organization","name":"Catalogo | Letrame Grupo Editorial","url":"https:\/\/letrame.com\/catalogo\/","logo":{"@type":"ImageObject","inLanguage":"es","@id":"https:\/\/letrame.com\/catalogo\/#\/schema\/logo\/image\/","url":"https:\/\/letrame.com\/catalogo\/wp-content\/uploads\/2024\/03\/logo2.webp","contentUrl":"https:\/\/letrame.com\/catalogo\/wp-content\/uploads\/2024\/03\/logo2.webp","width":394,"height":128,"caption":"Catalogo | Letrame Grupo Editorial"},"image":{"@id":"https:\/\/letrame.com\/catalogo\/#\/schema\/logo\/image\/"}}]}},"_links":{"self":[{"href":"https:\/\/letrame.com\/catalogo\/wp-json\/wp\/v2\/product\/101056","targetHints":{"allow":["GET"]}}],"collection":[{"href":"https:\/\/letrame.com\/catalogo\/wp-json\/wp\/v2\/product"}],"about":[{"href":"https:\/\/letrame.com\/catalogo\/wp-json\/wp\/v2\/types\/product"}],"replies":[{"embeddable":true,"href":"https:\/\/letrame.com\/catalogo\/wp-json\/wp\/v2\/comments?post=101056"}],"acf:post":[{"embeddable":true,"href":"https:\/\/letrame.com\/catalogo\/wp-json\/wp\/v2\/author_book\/77379"}],"wp:featuredmedia":[{"embeddable":true,"href":"https:\/\/letrame.com\/catalogo\/wp-json\/wp\/v2\/media\/101057"}],"wp:attachment":[{"href":"https:\/\/letrame.com\/catalogo\/wp-json\/wp\/v2\/media?parent=101056"}],"wp:term":[{"taxonomy":"libro","embeddable":true,"href":"https:\/\/letrame.com\/catalogo\/wp-json\/wp\/v2\/libro?post=101056"},{"taxonomy":"product_brand","embeddable":true,"href":"https:\/\/letrame.com\/catalogo\/wp-json\/wp\/v2\/product_brand?post=101056"},{"taxonomy":"product_cat","embeddable":true,"href":"https:\/\/letrame.com\/catalogo\/wp-json\/wp\/v2\/product_cat?post=101056"},{"taxonomy":"product_tag","embeddable":true,"href":"https:\/\/letrame.com\/catalogo\/wp-json\/wp\/v2\/product_tag?post=101056"}],"curies":[{"name":"wp","href":"https:\/\/api.w.org\/{rel}","templated":true}]}}