{"id":101054,"date":"2024-05-23T10:25:33","date_gmt":"2024-05-23T08:25:33","guid":{"rendered":"https:\/\/letrame.com\/catalogo\/producto\/quiza-no-hubo-una-vez\/"},"modified":"2024-06-04T15:21:42","modified_gmt":"2024-06-04T13:21:42","slug":"quiza-no-hubo-una-vez","status":"publish","type":"product","link":"https:\/\/letrame.com\/catalogo\/producto\/quiza-no-hubo-una-vez\/","title":{"rendered":"Quiz\u00e1&#8230;.no hubo una vez"},"content":{"rendered":"<p>ISBN:\u00a0978-84-1068-280-1<br \/>\nT\u00edtulo:\u2028QUIZ\u00c1\u2026 NO HUBO UNA VEZ<br \/>\nFecha:\u20282024<br \/>\nP\u00e1ginas:\u00a0152<br \/>\nSINOPSIS<\/p>\n<p>En el infinito universo&#8230; los Souls, peque\u00f1as gotas de gas luminiscente, viv\u00edan eternamente paseando su inteligencia por el cosmos. Sus capacidades de pensamiento, observaci\u00f3n, organizaci\u00f3n y construcci\u00f3n eran inmensas. Un d\u00eda descubrieron un peque\u00f1o planeta azul. Entre los seres que lo habitaban sobresal\u00edan unos primates con una destacada morfolog\u00eda, pero un cerebro b\u00e1sico. Los Souls creyeron que, si desarrollaban su potencial intelectual, ocupando los cerebros de los embriones de las hembras gestantes, conseguir\u00edan que aquellos salvajes pudiesen llegar a ser los reyes del universo. A aquella raza la llamaron \u00abHumana\u00bb y al planeta \u00abTierra\u00bb.<br \/>\nBaby se encarn\u00f3 en varias vidas humanas, en diferentes \u00e9pocas y lugares, y quiso dejar testimonio de ellas narrando sus experiencias. Su primer viaje a la Tierra fue en la Prehistoria; el segundo, en el siglo XV; el tercero, en el transcurso de la Segunda Guerra Mundial y el cuarto, en la Edad Moderna.<\/p>\n<p>Esta es su historia.<\/p>\n","protected":false},"excerpt":{"rendered":"<p>ISBN:\u00a0978-84-1068-280-1<br \/>\nSINOPSIS<\/p>\n<p>En el infinito universo&#8230; los Souls, peque\u00f1as gotas de gas luminiscente, viv\u00edan eternamente paseando su inteligencia por el cosmos. Sus capacidades de pensamiento, observaci\u00f3n, organizaci\u00f3n y construcci\u00f3n eran inmensas. Un d\u00eda descubrieron un peque\u00f1o planeta azul. Entre los seres que lo habitaban sobresal\u00edan unos primates con una destacada morfolog\u00eda, pero un cerebro b\u00e1sico. Los Souls creyeron que, si desarrollaban su potencial intelectual, ocupando los cerebros de los embriones de las hembras gestantes, conseguir\u00edan que aquellos salvajes pudiesen llegar a ser los reyes del universo. A aquella raza la llamaron \u00abHumana\u00bb y al planeta \u00abTierra\u00bb.<br \/>\nBaby se encarn\u00f3 en varias vidas humanas, en diferentes \u00e9pocas y lugares, y quiso dejar testimonio de ellas narrando sus experiencias. Su primer viaje a la Tierra fue en la Prehistoria; el segundo, en el siglo XV; el tercero, en el transcurso de la Segunda Guerra Mundial y el cuarto, en la Edad Moderna.<\/p>\n<p>Esta es su historia.<\/p>\n<p>&nbsp;<\/p>\n","protected":false},"featured_media":101055,"comment_status":"closed","ping_status":"closed","template":"","meta":{"_acf_changed":false},"libro":[],"product_brand":[],"product_cat":[47],"product_tag":[],"class_list":{"0":"post-101054","1":"product","2":"type-product","3":"status-publish","4":"has-post-thumbnail","6":"product_cat-ciencia-ficcion-misterio","8":"first","9":"instock","10":"product-type-simple"},"acf":{"autor":[72967],"enlace_de_compra":"https:\/\/www.casadellibro.com\/libro-quiza-no-hubo-una-vez\/9788410682801\/16047529"},"yoast_head":"<!-- This site is optimized with the Yoast SEO plugin v26.6 - https:\/\/yoast.com\/wordpress\/plugins\/seo\/ -->\n<title>Quiz\u00e1....no hubo una vez - Catalogo | Letrame Grupo Editorial<\/title>\n<meta name=\"robots\" content=\"index, follow, max-snippet:-1, max-image-preview:large, max-video-preview:-1\" \/>\n<link rel=\"canonical\" href=\"https:\/\/letrame.com\/catalogo\/producto\/quiza-no-hubo-una-vez\/\" \/>\n<meta property=\"og:locale\" content=\"es_ES\" \/>\n<meta property=\"og:type\" content=\"article\" \/>\n<meta property=\"og:title\" content=\"Quiz\u00e1....no hubo una vez - Catalogo | Letrame Grupo Editorial\" \/>\n<meta property=\"og:description\" content=\"ISBN:\u00a0978-84-1068-280-1 SINOPSIS  En el infinito universo... los Souls, peque\u00f1as gotas de gas luminiscente, viv\u00edan eternamente paseando su inteligencia por el cosmos. Sus capacidades de pensamiento, observaci\u00f3n, organizaci\u00f3n y construcci\u00f3n eran inmensas. Un d\u00eda descubrieron un peque\u00f1o planeta azul. Entre los seres que lo habitaban sobresal\u00edan unos primates con una destacada morfolog\u00eda, pero un cerebro b\u00e1sico. Los Souls creyeron que, si desarrollaban su potencial intelectual, ocupando los cerebros de los embriones de las hembras gestantes, conseguir\u00edan que aquellos salvajes pudiesen llegar a ser los reyes del universo. A aquella raza la llamaron \u00abHumana\u00bb y al planeta \u00abTierra\u00bb. Baby se encarn\u00f3 en varias vidas humanas, en diferentes \u00e9pocas y lugares, y quiso dejar testimonio de ellas narrando sus experiencias. Su primer viaje a la Tierra fue en la Prehistoria; el segundo, en el siglo XV; el tercero, en el transcurso de la Segunda Guerra Mundial y el cuarto, en la Edad Moderna.  Esta es su historia.  &nbsp;\" \/>\n<meta property=\"og:url\" content=\"https:\/\/letrame.com\/catalogo\/producto\/quiza-no-hubo-una-vez\/\" \/>\n<meta property=\"og:site_name\" content=\"Catalogo | Letrame Grupo Editorial\" \/>\n<meta property=\"article:modified_time\" content=\"2024-06-04T13:21:42+00:00\" \/>\n<meta property=\"og:image\" content=\"https:\/\/letrame.com\/catalogo\/wp-content\/uploads\/2024\/05\/webp_quiza-compressed-scaled-1.jpg\" \/>\n\t<meta property=\"og:image:width\" content=\"1746\" \/>\n\t<meta property=\"og:image:height\" content=\"2560\" \/>\n\t<meta property=\"og:image:type\" content=\"image\/jpeg\" \/>\n<meta name=\"twitter:card\" content=\"summary_large_image\" \/>\n<meta name=\"twitter:label1\" content=\"Tiempo de lectura\" \/>\n\t<meta name=\"twitter:data1\" content=\"1 minuto\" \/>\n<script type=\"application\/ld+json\" class=\"yoast-schema-graph\">{\"@context\":\"https:\/\/schema.org\",\"@graph\":[{\"@type\":\"WebPage\",\"@id\":\"https:\/\/letrame.com\/catalogo\/producto\/quiza-no-hubo-una-vez\/\",\"url\":\"https:\/\/letrame.com\/catalogo\/producto\/quiza-no-hubo-una-vez\/\",\"name\":\"Quiz\u00e1....no hubo una vez - Catalogo | Letrame Grupo Editorial\",\"isPartOf\":{\"@id\":\"https:\/\/letrame.com\/catalogo\/#website\"},\"primaryImageOfPage\":{\"@id\":\"https:\/\/letrame.com\/catalogo\/producto\/quiza-no-hubo-una-vez\/#primaryimage\"},\"image\":{\"@id\":\"https:\/\/letrame.com\/catalogo\/producto\/quiza-no-hubo-una-vez\/#primaryimage\"},\"thumbnailUrl\":\"https:\/\/letrame.com\/catalogo\/wp-content\/uploads\/2024\/05\/webp_quiza-compressed-scaled-1.jpg\",\"datePublished\":\"2024-05-23T08:25:33+00:00\",\"dateModified\":\"2024-06-04T13:21:42+00:00\",\"breadcrumb\":{\"@id\":\"https:\/\/letrame.com\/catalogo\/producto\/quiza-no-hubo-una-vez\/#breadcrumb\"},\"inLanguage\":\"es\",\"potentialAction\":[{\"@type\":\"ReadAction\",\"target\":[\"https:\/\/letrame.com\/catalogo\/producto\/quiza-no-hubo-una-vez\/\"]}]},{\"@type\":\"ImageObject\",\"inLanguage\":\"es\",\"@id\":\"https:\/\/letrame.com\/catalogo\/producto\/quiza-no-hubo-una-vez\/#primaryimage\",\"url\":\"https:\/\/letrame.com\/catalogo\/wp-content\/uploads\/2024\/05\/webp_quiza-compressed-scaled-1.jpg\",\"contentUrl\":\"https:\/\/letrame.com\/catalogo\/wp-content\/uploads\/2024\/05\/webp_quiza-compressed-scaled-1.jpg\",\"width\":1746,\"height\":2560},{\"@type\":\"BreadcrumbList\",\"@id\":\"https:\/\/letrame.com\/catalogo\/producto\/quiza-no-hubo-una-vez\/#breadcrumb\",\"itemListElement\":[{\"@type\":\"ListItem\",\"position\":1,\"name\":\"Portada\",\"item\":\"https:\/\/letrame.com\/catalogo\/\"},{\"@type\":\"ListItem\",\"position\":2,\"name\":\"Cat\u00e1logo\",\"item\":\"https:\/\/letrame.com\/catalogo\/\"},{\"@type\":\"ListItem\",\"position\":3,\"name\":\"Quiz\u00e1&#8230;.no hubo una vez\"}]},{\"@type\":\"WebSite\",\"@id\":\"https:\/\/letrame.com\/catalogo\/#website\",\"url\":\"https:\/\/letrame.com\/catalogo\/\",\"name\":\"Catalogo | Letrame Grupo Editorial\",\"description\":\"\",\"publisher\":{\"@id\":\"https:\/\/letrame.com\/catalogo\/#organization\"},\"potentialAction\":[{\"@type\":\"SearchAction\",\"target\":{\"@type\":\"EntryPoint\",\"urlTemplate\":\"https:\/\/letrame.com\/catalogo\/?s={search_term_string}\"},\"query-input\":{\"@type\":\"PropertyValueSpecification\",\"valueRequired\":true,\"valueName\":\"search_term_string\"}}],\"inLanguage\":\"es\"},{\"@type\":\"Organization\",\"@id\":\"https:\/\/letrame.com\/catalogo\/#organization\",\"name\":\"Catalogo | Letrame Grupo Editorial\",\"url\":\"https:\/\/letrame.com\/catalogo\/\",\"logo\":{\"@type\":\"ImageObject\",\"inLanguage\":\"es\",\"@id\":\"https:\/\/letrame.com\/catalogo\/#\/schema\/logo\/image\/\",\"url\":\"https:\/\/letrame.com\/catalogo\/wp-content\/uploads\/2024\/03\/logo2.webp\",\"contentUrl\":\"https:\/\/letrame.com\/catalogo\/wp-content\/uploads\/2024\/03\/logo2.webp\",\"width\":394,\"height\":128,\"caption\":\"Catalogo | Letrame Grupo Editorial\"},\"image\":{\"@id\":\"https:\/\/letrame.com\/catalogo\/#\/schema\/logo\/image\/\"}}]}<\/script>\n<!-- \/ Yoast SEO plugin. -->","yoast_head_json":{"title":"Quiz\u00e1....no hubo una vez - Catalogo | Letrame Grupo Editorial","robots":{"index":"index","follow":"follow","max-snippet":"max-snippet:-1","max-image-preview":"max-image-preview:large","max-video-preview":"max-video-preview:-1"},"canonical":"https:\/\/letrame.com\/catalogo\/producto\/quiza-no-hubo-una-vez\/","og_locale":"es_ES","og_type":"article","og_title":"Quiz\u00e1....no hubo una vez - Catalogo | Letrame Grupo Editorial","og_description":"ISBN:\u00a0978-84-1068-280-1 SINOPSIS  En el infinito universo... los Souls, peque\u00f1as gotas de gas luminiscente, viv\u00edan eternamente paseando su inteligencia por el cosmos. Sus capacidades de pensamiento, observaci\u00f3n, organizaci\u00f3n y construcci\u00f3n eran inmensas. Un d\u00eda descubrieron un peque\u00f1o planeta azul. Entre los seres que lo habitaban sobresal\u00edan unos primates con una destacada morfolog\u00eda, pero un cerebro b\u00e1sico. Los Souls creyeron que, si desarrollaban su potencial intelectual, ocupando los cerebros de los embriones de las hembras gestantes, conseguir\u00edan que aquellos salvajes pudiesen llegar a ser los reyes del universo. A aquella raza la llamaron \u00abHumana\u00bb y al planeta \u00abTierra\u00bb. Baby se encarn\u00f3 en varias vidas humanas, en diferentes \u00e9pocas y lugares, y quiso dejar testimonio de ellas narrando sus experiencias. Su primer viaje a la Tierra fue en la Prehistoria; el segundo, en el siglo XV; el tercero, en el transcurso de la Segunda Guerra Mundial y el cuarto, en la Edad Moderna.  Esta es su historia.  &nbsp;","og_url":"https:\/\/letrame.com\/catalogo\/producto\/quiza-no-hubo-una-vez\/","og_site_name":"Catalogo | Letrame Grupo Editorial","article_modified_time":"2024-06-04T13:21:42+00:00","og_image":[{"width":1746,"height":2560,"url":"https:\/\/letrame.com\/catalogo\/wp-content\/uploads\/2024\/05\/webp_quiza-compressed-scaled-1.jpg","type":"image\/jpeg"}],"twitter_card":"summary_large_image","twitter_misc":{"Tiempo de lectura":"1 minuto"},"schema":{"@context":"https:\/\/schema.org","@graph":[{"@type":"WebPage","@id":"https:\/\/letrame.com\/catalogo\/producto\/quiza-no-hubo-una-vez\/","url":"https:\/\/letrame.com\/catalogo\/producto\/quiza-no-hubo-una-vez\/","name":"Quiz\u00e1....no hubo una vez - Catalogo | Letrame Grupo Editorial","isPartOf":{"@id":"https:\/\/letrame.com\/catalogo\/#website"},"primaryImageOfPage":{"@id":"https:\/\/letrame.com\/catalogo\/producto\/quiza-no-hubo-una-vez\/#primaryimage"},"image":{"@id":"https:\/\/letrame.com\/catalogo\/producto\/quiza-no-hubo-una-vez\/#primaryimage"},"thumbnailUrl":"https:\/\/letrame.com\/catalogo\/wp-content\/uploads\/2024\/05\/webp_quiza-compressed-scaled-1.jpg","datePublished":"2024-05-23T08:25:33+00:00","dateModified":"2024-06-04T13:21:42+00:00","breadcrumb":{"@id":"https:\/\/letrame.com\/catalogo\/producto\/quiza-no-hubo-una-vez\/#breadcrumb"},"inLanguage":"es","potentialAction":[{"@type":"ReadAction","target":["https:\/\/letrame.com\/catalogo\/producto\/quiza-no-hubo-una-vez\/"]}]},{"@type":"ImageObject","inLanguage":"es","@id":"https:\/\/letrame.com\/catalogo\/producto\/quiza-no-hubo-una-vez\/#primaryimage","url":"https:\/\/letrame.com\/catalogo\/wp-content\/uploads\/2024\/05\/webp_quiza-compressed-scaled-1.jpg","contentUrl":"https:\/\/letrame.com\/catalogo\/wp-content\/uploads\/2024\/05\/webp_quiza-compressed-scaled-1.jpg","width":1746,"height":2560},{"@type":"BreadcrumbList","@id":"https:\/\/letrame.com\/catalogo\/producto\/quiza-no-hubo-una-vez\/#breadcrumb","itemListElement":[{"@type":"ListItem","position":1,"name":"Portada","item":"https:\/\/letrame.com\/catalogo\/"},{"@type":"ListItem","position":2,"name":"Cat\u00e1logo","item":"https:\/\/letrame.com\/catalogo\/"},{"@type":"ListItem","position":3,"name":"Quiz\u00e1&#8230;.no hubo una vez"}]},{"@type":"WebSite","@id":"https:\/\/letrame.com\/catalogo\/#website","url":"https:\/\/letrame.com\/catalogo\/","name":"Catalogo | Letrame Grupo Editorial","description":"","publisher":{"@id":"https:\/\/letrame.com\/catalogo\/#organization"},"potentialAction":[{"@type":"SearchAction","target":{"@type":"EntryPoint","urlTemplate":"https:\/\/letrame.com\/catalogo\/?s={search_term_string}"},"query-input":{"@type":"PropertyValueSpecification","valueRequired":true,"valueName":"search_term_string"}}],"inLanguage":"es"},{"@type":"Organization","@id":"https:\/\/letrame.com\/catalogo\/#organization","name":"Catalogo | Letrame Grupo Editorial","url":"https:\/\/letrame.com\/catalogo\/","logo":{"@type":"ImageObject","inLanguage":"es","@id":"https:\/\/letrame.com\/catalogo\/#\/schema\/logo\/image\/","url":"https:\/\/letrame.com\/catalogo\/wp-content\/uploads\/2024\/03\/logo2.webp","contentUrl":"https:\/\/letrame.com\/catalogo\/wp-content\/uploads\/2024\/03\/logo2.webp","width":394,"height":128,"caption":"Catalogo | Letrame Grupo Editorial"},"image":{"@id":"https:\/\/letrame.com\/catalogo\/#\/schema\/logo\/image\/"}}]}},"_links":{"self":[{"href":"https:\/\/letrame.com\/catalogo\/wp-json\/wp\/v2\/product\/101054","targetHints":{"allow":["GET"]}}],"collection":[{"href":"https:\/\/letrame.com\/catalogo\/wp-json\/wp\/v2\/product"}],"about":[{"href":"https:\/\/letrame.com\/catalogo\/wp-json\/wp\/v2\/types\/product"}],"replies":[{"embeddable":true,"href":"https:\/\/letrame.com\/catalogo\/wp-json\/wp\/v2\/comments?post=101054"}],"acf:post":[{"embeddable":true,"href":"https:\/\/letrame.com\/catalogo\/wp-json\/wp\/v2\/author_book\/72967"}],"wp:featuredmedia":[{"embeddable":true,"href":"https:\/\/letrame.com\/catalogo\/wp-json\/wp\/v2\/media\/101055"}],"wp:attachment":[{"href":"https:\/\/letrame.com\/catalogo\/wp-json\/wp\/v2\/media?parent=101054"}],"wp:term":[{"taxonomy":"libro","embeddable":true,"href":"https:\/\/letrame.com\/catalogo\/wp-json\/wp\/v2\/libro?post=101054"},{"taxonomy":"product_brand","embeddable":true,"href":"https:\/\/letrame.com\/catalogo\/wp-json\/wp\/v2\/product_brand?post=101054"},{"taxonomy":"product_cat","embeddable":true,"href":"https:\/\/letrame.com\/catalogo\/wp-json\/wp\/v2\/product_cat?post=101054"},{"taxonomy":"product_tag","embeddable":true,"href":"https:\/\/letrame.com\/catalogo\/wp-json\/wp\/v2\/product_tag?post=101054"}],"curies":[{"name":"wp","href":"https:\/\/api.w.org\/{rel}","templated":true}]}}