{"id":101050,"date":"2024-05-23T10:25:33","date_gmt":"2024-05-23T08:25:33","guid":{"rendered":"https:\/\/letrame.com\/catalogo\/producto\/la-luz-de-la-memoria\/"},"modified":"2024-06-04T15:21:51","modified_gmt":"2024-06-04T13:21:51","slug":"la-luz-de-la-memoria","status":"publish","type":"product","link":"https:\/\/letrame.com\/catalogo\/producto\/la-luz-de-la-memoria\/","title":{"rendered":"La luz de la memoria"},"content":{"rendered":"<p>ISBN:\u00a0978-84-1068-311-2<br \/>\nT\u00edtulo:\u2028LA LUZ DE LA MEMORIA<br \/>\nFecha:\u20282024<br \/>\nP\u00e1ginas:\u00a0308<\/p>\n<p>SINOPSIS<br \/>\nLas p\u00e1ginas de La luz de la memoria os narrar\u00e1n esos primeros a\u00f1os de la vida que marcan para siempre.<br \/>\nDe mi vida, claro, aunque tambi\u00e9n he querido dejar constancia de una \u00e9poca que he intentado rescatar y, \u00bfpor qu\u00e9 no?, a\u00f1orar en su justo punto al rememorar sus calles, sus casas, sus costumbres, sus hombres y mujeres con las vicisitudes que los acompa\u00f1aron. Y as\u00ed dejar testimonio de un periodo que ha podido diluirse un tanto en el transcurso del tiempo, o relegarse al olvido.<br \/>\nSimplemente aquellos fueron mis a\u00f1os, los de mi infancia y mi juventud, y eso siempre se recuerda con cari\u00f1o si fue un tiempo asaz feliz, como es mi caso.<br \/>\nEspero haber llegado hasta vosotros para ganar vuestra complicidad en este viaje por una \u00e9poca y unos lugares que quiz\u00e1s os traigan hermosos recuerdos u os den a conocer una manera de vivir que hoy d\u00eda se ha perdido.<\/p>\n","protected":false},"excerpt":{"rendered":"<p>ISBN:\u00a0978-84-1068-311-2<\/p>\n<p>SINOPSIS<br \/>\nLas p\u00e1ginas de La luz de la memoria os narrar\u00e1n esos primeros a\u00f1os de la vida que marcan para siempre.<br \/>\nDe mi vida, claro, aunque tambi\u00e9n he querido dejar constancia de una \u00e9poca que he intentado rescatar y, \u00bfpor qu\u00e9 no?, a\u00f1orar en su justo punto al rememorar sus calles, sus casas, sus costumbres, sus hombres y mujeres con las vicisitudes que los acompa\u00f1aron. Y as\u00ed dejar testimonio de un periodo que ha podido diluirse un tanto en el transcurso del tiempo, o relegarse al olvido.<br \/>\nSimplemente aquellos fueron mis a\u00f1os, los de mi infancia y mi juventud, y eso siempre se recuerda con cari\u00f1o si fue un tiempo asaz feliz, como es mi caso.<br \/>\nEspero haber llegado hasta vosotros para ganar vuestra complicidad en este viaje por una \u00e9poca y unos lugares que quiz\u00e1s os traigan hermosos recuerdos u os den a conocer una manera de vivir que hoy d\u00eda se ha perdido.<\/p>\n<p>&nbsp;<\/p>\n","protected":false},"featured_media":101051,"comment_status":"closed","ping_status":"closed","template":"","meta":{"_acf_changed":false},"libro":[],"product_brand":[],"product_cat":[59],"product_tag":[],"class_list":{"0":"post-101050","1":"product","2":"type-product","3":"status-publish","4":"has-post-thumbnail","6":"product_cat-memorias","8":"first","9":"instock","10":"product-type-simple"},"acf":{"autor":[100780],"enlace_de_compra":"https:\/\/www.casadellibro.com\/libro-la-luz-de-la-memoria\/9788410683112\/16047527"},"yoast_head":"<!-- This site is optimized with the Yoast SEO plugin v26.6 - https:\/\/yoast.com\/wordpress\/plugins\/seo\/ -->\n<title>La luz de la memoria - Catalogo | Letrame Grupo Editorial<\/title>\n<meta name=\"robots\" content=\"index, follow, max-snippet:-1, max-image-preview:large, max-video-preview:-1\" \/>\n<link rel=\"canonical\" href=\"https:\/\/letrame.com\/catalogo\/producto\/la-luz-de-la-memoria\/\" \/>\n<meta property=\"og:locale\" content=\"es_ES\" \/>\n<meta property=\"og:type\" content=\"article\" \/>\n<meta property=\"og:title\" content=\"La luz de la memoria - Catalogo | Letrame Grupo Editorial\" \/>\n<meta property=\"og:description\" content=\"ISBN:\u00a0978-84-1068-311-2  SINOPSIS Las p\u00e1ginas de La luz de la memoria os narrar\u00e1n esos primeros a\u00f1os de la vida que marcan para siempre. De mi vida, claro, aunque tambi\u00e9n he querido dejar constancia de una \u00e9poca que he intentado rescatar y, \u00bfpor qu\u00e9 no?, a\u00f1orar en su justo punto al rememorar sus calles, sus casas, sus costumbres, sus hombres y mujeres con las vicisitudes que los acompa\u00f1aron. Y as\u00ed dejar testimonio de un periodo que ha podido diluirse un tanto en el transcurso del tiempo, o relegarse al olvido. Simplemente aquellos fueron mis a\u00f1os, los de mi infancia y mi juventud, y eso siempre se recuerda con cari\u00f1o si fue un tiempo asaz feliz, como es mi caso. Espero haber llegado hasta vosotros para ganar vuestra complicidad en este viaje por una \u00e9poca y unos lugares que quiz\u00e1s os traigan hermosos recuerdos u os den a conocer una manera de vivir que hoy d\u00eda se ha perdido.  &nbsp;\" \/>\n<meta property=\"og:url\" content=\"https:\/\/letrame.com\/catalogo\/producto\/la-luz-de-la-memoria\/\" \/>\n<meta property=\"og:site_name\" content=\"Catalogo | Letrame Grupo Editorial\" \/>\n<meta property=\"article:modified_time\" content=\"2024-06-04T13:21:51+00:00\" \/>\n<meta property=\"og:image\" content=\"https:\/\/letrame.com\/catalogo\/wp-content\/uploads\/2024\/05\/webp_laluzdelamemoria_171mm-compressed.jpg\" \/>\n\t<meta property=\"og:image:width\" content=\"1772\" \/>\n\t<meta property=\"og:image:height\" content=\"2480\" \/>\n\t<meta property=\"og:image:type\" content=\"image\/jpeg\" \/>\n<meta name=\"twitter:card\" content=\"summary_large_image\" \/>\n<meta name=\"twitter:label1\" content=\"Tiempo de lectura\" \/>\n\t<meta name=\"twitter:data1\" content=\"1 minuto\" \/>\n<script type=\"application\/ld+json\" class=\"yoast-schema-graph\">{\"@context\":\"https:\/\/schema.org\",\"@graph\":[{\"@type\":\"WebPage\",\"@id\":\"https:\/\/letrame.com\/catalogo\/producto\/la-luz-de-la-memoria\/\",\"url\":\"https:\/\/letrame.com\/catalogo\/producto\/la-luz-de-la-memoria\/\",\"name\":\"La luz de la memoria - Catalogo | Letrame Grupo Editorial\",\"isPartOf\":{\"@id\":\"https:\/\/letrame.com\/catalogo\/#website\"},\"primaryImageOfPage\":{\"@id\":\"https:\/\/letrame.com\/catalogo\/producto\/la-luz-de-la-memoria\/#primaryimage\"},\"image\":{\"@id\":\"https:\/\/letrame.com\/catalogo\/producto\/la-luz-de-la-memoria\/#primaryimage\"},\"thumbnailUrl\":\"https:\/\/letrame.com\/catalogo\/wp-content\/uploads\/2024\/05\/webp_laluzdelamemoria_171mm-compressed.jpg\",\"datePublished\":\"2024-05-23T08:25:33+00:00\",\"dateModified\":\"2024-06-04T13:21:51+00:00\",\"breadcrumb\":{\"@id\":\"https:\/\/letrame.com\/catalogo\/producto\/la-luz-de-la-memoria\/#breadcrumb\"},\"inLanguage\":\"es\",\"potentialAction\":[{\"@type\":\"ReadAction\",\"target\":[\"https:\/\/letrame.com\/catalogo\/producto\/la-luz-de-la-memoria\/\"]}]},{\"@type\":\"ImageObject\",\"inLanguage\":\"es\",\"@id\":\"https:\/\/letrame.com\/catalogo\/producto\/la-luz-de-la-memoria\/#primaryimage\",\"url\":\"https:\/\/letrame.com\/catalogo\/wp-content\/uploads\/2024\/05\/webp_laluzdelamemoria_171mm-compressed.jpg\",\"contentUrl\":\"https:\/\/letrame.com\/catalogo\/wp-content\/uploads\/2024\/05\/webp_laluzdelamemoria_171mm-compressed.jpg\",\"width\":1772,\"height\":2480},{\"@type\":\"BreadcrumbList\",\"@id\":\"https:\/\/letrame.com\/catalogo\/producto\/la-luz-de-la-memoria\/#breadcrumb\",\"itemListElement\":[{\"@type\":\"ListItem\",\"position\":1,\"name\":\"Portada\",\"item\":\"https:\/\/letrame.com\/catalogo\/\"},{\"@type\":\"ListItem\",\"position\":2,\"name\":\"Cat\u00e1logo\",\"item\":\"https:\/\/letrame.com\/catalogo\/\"},{\"@type\":\"ListItem\",\"position\":3,\"name\":\"La luz de la memoria\"}]},{\"@type\":\"WebSite\",\"@id\":\"https:\/\/letrame.com\/catalogo\/#website\",\"url\":\"https:\/\/letrame.com\/catalogo\/\",\"name\":\"Catalogo | Letrame Grupo Editorial\",\"description\":\"\",\"publisher\":{\"@id\":\"https:\/\/letrame.com\/catalogo\/#organization\"},\"potentialAction\":[{\"@type\":\"SearchAction\",\"target\":{\"@type\":\"EntryPoint\",\"urlTemplate\":\"https:\/\/letrame.com\/catalogo\/?s={search_term_string}\"},\"query-input\":{\"@type\":\"PropertyValueSpecification\",\"valueRequired\":true,\"valueName\":\"search_term_string\"}}],\"inLanguage\":\"es\"},{\"@type\":\"Organization\",\"@id\":\"https:\/\/letrame.com\/catalogo\/#organization\",\"name\":\"Catalogo | Letrame Grupo Editorial\",\"url\":\"https:\/\/letrame.com\/catalogo\/\",\"logo\":{\"@type\":\"ImageObject\",\"inLanguage\":\"es\",\"@id\":\"https:\/\/letrame.com\/catalogo\/#\/schema\/logo\/image\/\",\"url\":\"https:\/\/letrame.com\/catalogo\/wp-content\/uploads\/2024\/03\/logo2.webp\",\"contentUrl\":\"https:\/\/letrame.com\/catalogo\/wp-content\/uploads\/2024\/03\/logo2.webp\",\"width\":394,\"height\":128,\"caption\":\"Catalogo | Letrame Grupo Editorial\"},\"image\":{\"@id\":\"https:\/\/letrame.com\/catalogo\/#\/schema\/logo\/image\/\"}}]}<\/script>\n<!-- \/ Yoast SEO plugin. -->","yoast_head_json":{"title":"La luz de la memoria - Catalogo | Letrame Grupo Editorial","robots":{"index":"index","follow":"follow","max-snippet":"max-snippet:-1","max-image-preview":"max-image-preview:large","max-video-preview":"max-video-preview:-1"},"canonical":"https:\/\/letrame.com\/catalogo\/producto\/la-luz-de-la-memoria\/","og_locale":"es_ES","og_type":"article","og_title":"La luz de la memoria - Catalogo | Letrame Grupo Editorial","og_description":"ISBN:\u00a0978-84-1068-311-2  SINOPSIS Las p\u00e1ginas de La luz de la memoria os narrar\u00e1n esos primeros a\u00f1os de la vida que marcan para siempre. De mi vida, claro, aunque tambi\u00e9n he querido dejar constancia de una \u00e9poca que he intentado rescatar y, \u00bfpor qu\u00e9 no?, a\u00f1orar en su justo punto al rememorar sus calles, sus casas, sus costumbres, sus hombres y mujeres con las vicisitudes que los acompa\u00f1aron. Y as\u00ed dejar testimonio de un periodo que ha podido diluirse un tanto en el transcurso del tiempo, o relegarse al olvido. Simplemente aquellos fueron mis a\u00f1os, los de mi infancia y mi juventud, y eso siempre se recuerda con cari\u00f1o si fue un tiempo asaz feliz, como es mi caso. Espero haber llegado hasta vosotros para ganar vuestra complicidad en este viaje por una \u00e9poca y unos lugares que quiz\u00e1s os traigan hermosos recuerdos u os den a conocer una manera de vivir que hoy d\u00eda se ha perdido.  &nbsp;","og_url":"https:\/\/letrame.com\/catalogo\/producto\/la-luz-de-la-memoria\/","og_site_name":"Catalogo | Letrame Grupo Editorial","article_modified_time":"2024-06-04T13:21:51+00:00","og_image":[{"width":1772,"height":2480,"url":"https:\/\/letrame.com\/catalogo\/wp-content\/uploads\/2024\/05\/webp_laluzdelamemoria_171mm-compressed.jpg","type":"image\/jpeg"}],"twitter_card":"summary_large_image","twitter_misc":{"Tiempo de lectura":"1 minuto"},"schema":{"@context":"https:\/\/schema.org","@graph":[{"@type":"WebPage","@id":"https:\/\/letrame.com\/catalogo\/producto\/la-luz-de-la-memoria\/","url":"https:\/\/letrame.com\/catalogo\/producto\/la-luz-de-la-memoria\/","name":"La luz de la memoria - Catalogo | Letrame Grupo Editorial","isPartOf":{"@id":"https:\/\/letrame.com\/catalogo\/#website"},"primaryImageOfPage":{"@id":"https:\/\/letrame.com\/catalogo\/producto\/la-luz-de-la-memoria\/#primaryimage"},"image":{"@id":"https:\/\/letrame.com\/catalogo\/producto\/la-luz-de-la-memoria\/#primaryimage"},"thumbnailUrl":"https:\/\/letrame.com\/catalogo\/wp-content\/uploads\/2024\/05\/webp_laluzdelamemoria_171mm-compressed.jpg","datePublished":"2024-05-23T08:25:33+00:00","dateModified":"2024-06-04T13:21:51+00:00","breadcrumb":{"@id":"https:\/\/letrame.com\/catalogo\/producto\/la-luz-de-la-memoria\/#breadcrumb"},"inLanguage":"es","potentialAction":[{"@type":"ReadAction","target":["https:\/\/letrame.com\/catalogo\/producto\/la-luz-de-la-memoria\/"]}]},{"@type":"ImageObject","inLanguage":"es","@id":"https:\/\/letrame.com\/catalogo\/producto\/la-luz-de-la-memoria\/#primaryimage","url":"https:\/\/letrame.com\/catalogo\/wp-content\/uploads\/2024\/05\/webp_laluzdelamemoria_171mm-compressed.jpg","contentUrl":"https:\/\/letrame.com\/catalogo\/wp-content\/uploads\/2024\/05\/webp_laluzdelamemoria_171mm-compressed.jpg","width":1772,"height":2480},{"@type":"BreadcrumbList","@id":"https:\/\/letrame.com\/catalogo\/producto\/la-luz-de-la-memoria\/#breadcrumb","itemListElement":[{"@type":"ListItem","position":1,"name":"Portada","item":"https:\/\/letrame.com\/catalogo\/"},{"@type":"ListItem","position":2,"name":"Cat\u00e1logo","item":"https:\/\/letrame.com\/catalogo\/"},{"@type":"ListItem","position":3,"name":"La luz de la memoria"}]},{"@type":"WebSite","@id":"https:\/\/letrame.com\/catalogo\/#website","url":"https:\/\/letrame.com\/catalogo\/","name":"Catalogo | Letrame Grupo Editorial","description":"","publisher":{"@id":"https:\/\/letrame.com\/catalogo\/#organization"},"potentialAction":[{"@type":"SearchAction","target":{"@type":"EntryPoint","urlTemplate":"https:\/\/letrame.com\/catalogo\/?s={search_term_string}"},"query-input":{"@type":"PropertyValueSpecification","valueRequired":true,"valueName":"search_term_string"}}],"inLanguage":"es"},{"@type":"Organization","@id":"https:\/\/letrame.com\/catalogo\/#organization","name":"Catalogo | Letrame Grupo Editorial","url":"https:\/\/letrame.com\/catalogo\/","logo":{"@type":"ImageObject","inLanguage":"es","@id":"https:\/\/letrame.com\/catalogo\/#\/schema\/logo\/image\/","url":"https:\/\/letrame.com\/catalogo\/wp-content\/uploads\/2024\/03\/logo2.webp","contentUrl":"https:\/\/letrame.com\/catalogo\/wp-content\/uploads\/2024\/03\/logo2.webp","width":394,"height":128,"caption":"Catalogo | Letrame Grupo Editorial"},"image":{"@id":"https:\/\/letrame.com\/catalogo\/#\/schema\/logo\/image\/"}}]}},"_links":{"self":[{"href":"https:\/\/letrame.com\/catalogo\/wp-json\/wp\/v2\/product\/101050","targetHints":{"allow":["GET"]}}],"collection":[{"href":"https:\/\/letrame.com\/catalogo\/wp-json\/wp\/v2\/product"}],"about":[{"href":"https:\/\/letrame.com\/catalogo\/wp-json\/wp\/v2\/types\/product"}],"replies":[{"embeddable":true,"href":"https:\/\/letrame.com\/catalogo\/wp-json\/wp\/v2\/comments?post=101050"}],"acf:post":[{"embeddable":true,"href":"https:\/\/letrame.com\/catalogo\/wp-json\/wp\/v2\/author_book\/100780"}],"wp:featuredmedia":[{"embeddable":true,"href":"https:\/\/letrame.com\/catalogo\/wp-json\/wp\/v2\/media\/101051"}],"wp:attachment":[{"href":"https:\/\/letrame.com\/catalogo\/wp-json\/wp\/v2\/media?parent=101050"}],"wp:term":[{"taxonomy":"libro","embeddable":true,"href":"https:\/\/letrame.com\/catalogo\/wp-json\/wp\/v2\/libro?post=101050"},{"taxonomy":"product_brand","embeddable":true,"href":"https:\/\/letrame.com\/catalogo\/wp-json\/wp\/v2\/product_brand?post=101050"},{"taxonomy":"product_cat","embeddable":true,"href":"https:\/\/letrame.com\/catalogo\/wp-json\/wp\/v2\/product_cat?post=101050"},{"taxonomy":"product_tag","embeddable":true,"href":"https:\/\/letrame.com\/catalogo\/wp-json\/wp\/v2\/product_tag?post=101050"}],"curies":[{"name":"wp","href":"https:\/\/api.w.org\/{rel}","templated":true}]}}