{"id":101048,"date":"2024-05-23T10:25:33","date_gmt":"2024-05-23T08:25:33","guid":{"rendered":"https:\/\/letrame.com\/catalogo\/producto\/el-regalo-que-traes\/"},"modified":"2024-06-04T15:22:03","modified_gmt":"2024-06-04T13:22:03","slug":"el-regalo-que-traes","status":"publish","type":"product","link":"https:\/\/letrame.com\/catalogo\/producto\/el-regalo-que-traes\/","title":{"rendered":"El regalo que traes"},"content":{"rendered":"<p>ISBN:\u00a0978-84-1068-281-8<br \/>\nT\u00edtulo:\u2028EL REGALO QUE TRAES<br \/>\nFecha:\u20282024<br \/>\nP\u00e1ginas:\u00a072<\/p>\n<p>SINOPSIS<\/p>\n<p>Te has preguntado alguna vez: \u201c\u00bfPor qu\u00e9?\u201d, seguramente muchas veces.<br \/>\nDurante la lectura de este libro comprender\u00e1s que te estuviste formulando todo el tiempo la pregunta incorrecta. Descubrir\u00e1s, a trav\u00e9s de sus p\u00e1ginas, cu\u00e1l es esa pregunta.<br \/>\nEntender\u00e1s de manera sencilla y concreta el objetivo que tiene el libro y cu\u00e1nto aportar\u00e1 a tu vida a partir de su lectura.<br \/>\nDescubrir\u00e1s tambi\u00e9n, que tan emocionante ser\u00e1 darte cuenta de d\u00f3nde est\u00e1s hoy parado, cu\u00e1l es el entorno que tienes y a cu\u00e1l quieres dirigirte.<br \/>\nMuchos momentos EUREKA te ser\u00e1n revelados y sentir\u00e1s como tu camino de vida toma un giro inesperado pero necesario, para que reescribas tu propia historia de vida como t\u00fa mismo quieres.<br \/>\nSentir que puedes lograrlo es el mensaje que encontrar\u00e1s en cada una de sus p\u00e1ginas.<br \/>\nQuerido lector, reg\u00e1late el mejor obsequio\u2026 INVIERTE EN TI Y CREA UN FUTURO MARAVILLOSO. Durante el proceso ser\u00e1s consciente de que todo, con el abordaje correcto, resultar\u00e1 en una comprensi\u00f3n sencilla y alcanzable. Recuerda esto\u2026 siempre eres SUFICIENTE Y TODO LO QUE NECESITAS EST\u00c1 DENTRO DE TI.<br \/>\n\u00a1\u00a1Te ayudo a verlo!!<\/p>\n","protected":false},"excerpt":{"rendered":"<p>ISBN:\u00a0978-84-1068-281-8<\/p>\n<p>SINOPSIS<\/p>\n<p>Te has preguntado alguna vez: \u201c\u00bfPor qu\u00e9?\u201d, seguramente muchas veces.<br \/>\nDurante la lectura de este libro comprender\u00e1s que te estuviste formulando todo el tiempo la pregunta incorrecta. Descubrir\u00e1s, a trav\u00e9s de sus p\u00e1ginas, cu\u00e1l es esa pregunta.<br \/>\nEntender\u00e1s de manera sencilla y concreta el objetivo que tiene el libro y cu\u00e1nto aportar\u00e1 a tu vida a partir de su lectura.<br \/>\nDescubrir\u00e1s tambi\u00e9n, que tan emocionante ser\u00e1 darte cuenta de d\u00f3nde est\u00e1s hoy parado, cu\u00e1l es el entorno que tienes y a cu\u00e1l quieres dirigirte.<br \/>\nMuchos momentos EUREKA te ser\u00e1n revelados y sentir\u00e1s como tu camino de vida toma un giro inesperado pero necesario, para que reescribas tu propia historia de vida como t\u00fa mismo quieres.<br \/>\nSentir que puedes lograrlo es el mensaje que encontrar\u00e1s en cada una de sus p\u00e1ginas.<br \/>\nQuerido lector, reg\u00e1late el mejor obsequio\u2026 INVIERTE EN TI Y CREA UN FUTURO MARAVILLOSO. Durante el proceso ser\u00e1s consciente de que todo, con el abordaje correcto, resultar\u00e1 en una comprensi\u00f3n sencilla y alcanzable. Recuerda esto\u2026 siempre eres SUFICIENTE Y TODO LO QUE NECESITAS EST\u00c1 DENTRO DE TI.<br \/>\n\u00a1\u00a1Te ayudo a verlo!!<\/p>\n<p>&nbsp;<\/p>\n","protected":false},"featured_media":101049,"comment_status":"closed","ping_status":"closed","template":"","meta":{"_acf_changed":false},"libro":[],"product_brand":[],"product_cat":[18],"product_tag":[],"class_list":{"0":"post-101048","1":"product","2":"type-product","3":"status-publish","4":"has-post-thumbnail","6":"product_cat-autoayuda","8":"first","9":"instock","10":"product-type-simple"},"acf":{"autor":[100779],"enlace_de_compra":"https:\/\/www.casadellibro.com\/libro-el-regalo-que-traes\/9788410682818\/15986661"},"yoast_head":"<!-- This site is optimized with the Yoast SEO plugin v26.6 - https:\/\/yoast.com\/wordpress\/plugins\/seo\/ -->\n<title>El regalo que traes - Catalogo | Letrame Grupo Editorial<\/title>\n<meta name=\"robots\" content=\"index, follow, max-snippet:-1, max-image-preview:large, max-video-preview:-1\" \/>\n<link rel=\"canonical\" href=\"https:\/\/letrame.com\/catalogo\/producto\/el-regalo-que-traes\/\" \/>\n<meta property=\"og:locale\" content=\"es_ES\" \/>\n<meta property=\"og:type\" content=\"article\" \/>\n<meta property=\"og:title\" content=\"El regalo que traes - Catalogo | Letrame Grupo Editorial\" \/>\n<meta property=\"og:description\" content=\"ISBN:\u00a0978-84-1068-281-8  SINOPSIS  Te has preguntado alguna vez: \u201c\u00bfPor qu\u00e9?\u201d, seguramente muchas veces. Durante la lectura de este libro comprender\u00e1s que te estuviste formulando todo el tiempo la pregunta incorrecta. Descubrir\u00e1s, a trav\u00e9s de sus p\u00e1ginas, cu\u00e1l es esa pregunta. Entender\u00e1s de manera sencilla y concreta el objetivo que tiene el libro y cu\u00e1nto aportar\u00e1 a tu vida a partir de su lectura. Descubrir\u00e1s tambi\u00e9n, que tan emocionante ser\u00e1 darte cuenta de d\u00f3nde est\u00e1s hoy parado, cu\u00e1l es el entorno que tienes y a cu\u00e1l quieres dirigirte. Muchos momentos EUREKA te ser\u00e1n revelados y sentir\u00e1s como tu camino de vida toma un giro inesperado pero necesario, para que reescribas tu propia historia de vida como t\u00fa mismo quieres. Sentir que puedes lograrlo es el mensaje que encontrar\u00e1s en cada una de sus p\u00e1ginas. Querido lector, reg\u00e1late el mejor obsequio\u2026 INVIERTE EN TI Y CREA UN FUTURO MARAVILLOSO. Durante el proceso ser\u00e1s consciente de que todo, con el abordaje correcto, resultar\u00e1 en una comprensi\u00f3n sencilla y alcanzable. Recuerda esto\u2026 siempre eres SUFICIENTE Y TODO LO QUE NECESITAS EST\u00c1 DENTRO DE TI. \u00a1\u00a1Te ayudo a verlo!!  &nbsp;\" \/>\n<meta property=\"og:url\" content=\"https:\/\/letrame.com\/catalogo\/producto\/el-regalo-que-traes\/\" \/>\n<meta property=\"og:site_name\" content=\"Catalogo | Letrame Grupo Editorial\" \/>\n<meta property=\"article:modified_time\" content=\"2024-06-04T13:22:03+00:00\" \/>\n<meta property=\"og:image\" content=\"https:\/\/letrame.com\/catalogo\/wp-content\/uploads\/2024\/05\/webp_elregaloquetraes_439mm-compressed.jpg\" \/>\n\t<meta property=\"og:image:width\" content=\"1748\" \/>\n\t<meta property=\"og:image:height\" content=\"2480\" \/>\n\t<meta property=\"og:image:type\" content=\"image\/jpeg\" \/>\n<meta name=\"twitter:card\" content=\"summary_large_image\" \/>\n<meta name=\"twitter:label1\" content=\"Tiempo de lectura\" \/>\n\t<meta name=\"twitter:data1\" content=\"2 minutos\" \/>\n<script type=\"application\/ld+json\" class=\"yoast-schema-graph\">{\"@context\":\"https:\/\/schema.org\",\"@graph\":[{\"@type\":\"WebPage\",\"@id\":\"https:\/\/letrame.com\/catalogo\/producto\/el-regalo-que-traes\/\",\"url\":\"https:\/\/letrame.com\/catalogo\/producto\/el-regalo-que-traes\/\",\"name\":\"El regalo que traes - Catalogo | Letrame Grupo Editorial\",\"isPartOf\":{\"@id\":\"https:\/\/letrame.com\/catalogo\/#website\"},\"primaryImageOfPage\":{\"@id\":\"https:\/\/letrame.com\/catalogo\/producto\/el-regalo-que-traes\/#primaryimage\"},\"image\":{\"@id\":\"https:\/\/letrame.com\/catalogo\/producto\/el-regalo-que-traes\/#primaryimage\"},\"thumbnailUrl\":\"https:\/\/letrame.com\/catalogo\/wp-content\/uploads\/2024\/05\/webp_elregaloquetraes_439mm-compressed.jpg\",\"datePublished\":\"2024-05-23T08:25:33+00:00\",\"dateModified\":\"2024-06-04T13:22:03+00:00\",\"breadcrumb\":{\"@id\":\"https:\/\/letrame.com\/catalogo\/producto\/el-regalo-que-traes\/#breadcrumb\"},\"inLanguage\":\"es\",\"potentialAction\":[{\"@type\":\"ReadAction\",\"target\":[\"https:\/\/letrame.com\/catalogo\/producto\/el-regalo-que-traes\/\"]}]},{\"@type\":\"ImageObject\",\"inLanguage\":\"es\",\"@id\":\"https:\/\/letrame.com\/catalogo\/producto\/el-regalo-que-traes\/#primaryimage\",\"url\":\"https:\/\/letrame.com\/catalogo\/wp-content\/uploads\/2024\/05\/webp_elregaloquetraes_439mm-compressed.jpg\",\"contentUrl\":\"https:\/\/letrame.com\/catalogo\/wp-content\/uploads\/2024\/05\/webp_elregaloquetraes_439mm-compressed.jpg\",\"width\":1748,\"height\":2480},{\"@type\":\"BreadcrumbList\",\"@id\":\"https:\/\/letrame.com\/catalogo\/producto\/el-regalo-que-traes\/#breadcrumb\",\"itemListElement\":[{\"@type\":\"ListItem\",\"position\":1,\"name\":\"Portada\",\"item\":\"https:\/\/letrame.com\/catalogo\/\"},{\"@type\":\"ListItem\",\"position\":2,\"name\":\"Cat\u00e1logo\",\"item\":\"https:\/\/letrame.com\/catalogo\/\"},{\"@type\":\"ListItem\",\"position\":3,\"name\":\"El regalo que traes\"}]},{\"@type\":\"WebSite\",\"@id\":\"https:\/\/letrame.com\/catalogo\/#website\",\"url\":\"https:\/\/letrame.com\/catalogo\/\",\"name\":\"Catalogo | Letrame Grupo Editorial\",\"description\":\"\",\"publisher\":{\"@id\":\"https:\/\/letrame.com\/catalogo\/#organization\"},\"potentialAction\":[{\"@type\":\"SearchAction\",\"target\":{\"@type\":\"EntryPoint\",\"urlTemplate\":\"https:\/\/letrame.com\/catalogo\/?s={search_term_string}\"},\"query-input\":{\"@type\":\"PropertyValueSpecification\",\"valueRequired\":true,\"valueName\":\"search_term_string\"}}],\"inLanguage\":\"es\"},{\"@type\":\"Organization\",\"@id\":\"https:\/\/letrame.com\/catalogo\/#organization\",\"name\":\"Catalogo | Letrame Grupo Editorial\",\"url\":\"https:\/\/letrame.com\/catalogo\/\",\"logo\":{\"@type\":\"ImageObject\",\"inLanguage\":\"es\",\"@id\":\"https:\/\/letrame.com\/catalogo\/#\/schema\/logo\/image\/\",\"url\":\"https:\/\/letrame.com\/catalogo\/wp-content\/uploads\/2024\/03\/logo2.webp\",\"contentUrl\":\"https:\/\/letrame.com\/catalogo\/wp-content\/uploads\/2024\/03\/logo2.webp\",\"width\":394,\"height\":128,\"caption\":\"Catalogo | Letrame Grupo Editorial\"},\"image\":{\"@id\":\"https:\/\/letrame.com\/catalogo\/#\/schema\/logo\/image\/\"}}]}<\/script>\n<!-- \/ Yoast SEO plugin. -->","yoast_head_json":{"title":"El regalo que traes - Catalogo | Letrame Grupo Editorial","robots":{"index":"index","follow":"follow","max-snippet":"max-snippet:-1","max-image-preview":"max-image-preview:large","max-video-preview":"max-video-preview:-1"},"canonical":"https:\/\/letrame.com\/catalogo\/producto\/el-regalo-que-traes\/","og_locale":"es_ES","og_type":"article","og_title":"El regalo que traes - Catalogo | Letrame Grupo Editorial","og_description":"ISBN:\u00a0978-84-1068-281-8  SINOPSIS  Te has preguntado alguna vez: \u201c\u00bfPor qu\u00e9?\u201d, seguramente muchas veces. Durante la lectura de este libro comprender\u00e1s que te estuviste formulando todo el tiempo la pregunta incorrecta. Descubrir\u00e1s, a trav\u00e9s de sus p\u00e1ginas, cu\u00e1l es esa pregunta. Entender\u00e1s de manera sencilla y concreta el objetivo que tiene el libro y cu\u00e1nto aportar\u00e1 a tu vida a partir de su lectura. Descubrir\u00e1s tambi\u00e9n, que tan emocionante ser\u00e1 darte cuenta de d\u00f3nde est\u00e1s hoy parado, cu\u00e1l es el entorno que tienes y a cu\u00e1l quieres dirigirte. Muchos momentos EUREKA te ser\u00e1n revelados y sentir\u00e1s como tu camino de vida toma un giro inesperado pero necesario, para que reescribas tu propia historia de vida como t\u00fa mismo quieres. Sentir que puedes lograrlo es el mensaje que encontrar\u00e1s en cada una de sus p\u00e1ginas. Querido lector, reg\u00e1late el mejor obsequio\u2026 INVIERTE EN TI Y CREA UN FUTURO MARAVILLOSO. Durante el proceso ser\u00e1s consciente de que todo, con el abordaje correcto, resultar\u00e1 en una comprensi\u00f3n sencilla y alcanzable. Recuerda esto\u2026 siempre eres SUFICIENTE Y TODO LO QUE NECESITAS EST\u00c1 DENTRO DE TI. \u00a1\u00a1Te ayudo a verlo!!  &nbsp;","og_url":"https:\/\/letrame.com\/catalogo\/producto\/el-regalo-que-traes\/","og_site_name":"Catalogo | Letrame Grupo Editorial","article_modified_time":"2024-06-04T13:22:03+00:00","og_image":[{"width":1748,"height":2480,"url":"https:\/\/letrame.com\/catalogo\/wp-content\/uploads\/2024\/05\/webp_elregaloquetraes_439mm-compressed.jpg","type":"image\/jpeg"}],"twitter_card":"summary_large_image","twitter_misc":{"Tiempo de lectura":"2 minutos"},"schema":{"@context":"https:\/\/schema.org","@graph":[{"@type":"WebPage","@id":"https:\/\/letrame.com\/catalogo\/producto\/el-regalo-que-traes\/","url":"https:\/\/letrame.com\/catalogo\/producto\/el-regalo-que-traes\/","name":"El regalo que traes - Catalogo | Letrame Grupo Editorial","isPartOf":{"@id":"https:\/\/letrame.com\/catalogo\/#website"},"primaryImageOfPage":{"@id":"https:\/\/letrame.com\/catalogo\/producto\/el-regalo-que-traes\/#primaryimage"},"image":{"@id":"https:\/\/letrame.com\/catalogo\/producto\/el-regalo-que-traes\/#primaryimage"},"thumbnailUrl":"https:\/\/letrame.com\/catalogo\/wp-content\/uploads\/2024\/05\/webp_elregaloquetraes_439mm-compressed.jpg","datePublished":"2024-05-23T08:25:33+00:00","dateModified":"2024-06-04T13:22:03+00:00","breadcrumb":{"@id":"https:\/\/letrame.com\/catalogo\/producto\/el-regalo-que-traes\/#breadcrumb"},"inLanguage":"es","potentialAction":[{"@type":"ReadAction","target":["https:\/\/letrame.com\/catalogo\/producto\/el-regalo-que-traes\/"]}]},{"@type":"ImageObject","inLanguage":"es","@id":"https:\/\/letrame.com\/catalogo\/producto\/el-regalo-que-traes\/#primaryimage","url":"https:\/\/letrame.com\/catalogo\/wp-content\/uploads\/2024\/05\/webp_elregaloquetraes_439mm-compressed.jpg","contentUrl":"https:\/\/letrame.com\/catalogo\/wp-content\/uploads\/2024\/05\/webp_elregaloquetraes_439mm-compressed.jpg","width":1748,"height":2480},{"@type":"BreadcrumbList","@id":"https:\/\/letrame.com\/catalogo\/producto\/el-regalo-que-traes\/#breadcrumb","itemListElement":[{"@type":"ListItem","position":1,"name":"Portada","item":"https:\/\/letrame.com\/catalogo\/"},{"@type":"ListItem","position":2,"name":"Cat\u00e1logo","item":"https:\/\/letrame.com\/catalogo\/"},{"@type":"ListItem","position":3,"name":"El regalo que traes"}]},{"@type":"WebSite","@id":"https:\/\/letrame.com\/catalogo\/#website","url":"https:\/\/letrame.com\/catalogo\/","name":"Catalogo | Letrame Grupo Editorial","description":"","publisher":{"@id":"https:\/\/letrame.com\/catalogo\/#organization"},"potentialAction":[{"@type":"SearchAction","target":{"@type":"EntryPoint","urlTemplate":"https:\/\/letrame.com\/catalogo\/?s={search_term_string}"},"query-input":{"@type":"PropertyValueSpecification","valueRequired":true,"valueName":"search_term_string"}}],"inLanguage":"es"},{"@type":"Organization","@id":"https:\/\/letrame.com\/catalogo\/#organization","name":"Catalogo | Letrame Grupo Editorial","url":"https:\/\/letrame.com\/catalogo\/","logo":{"@type":"ImageObject","inLanguage":"es","@id":"https:\/\/letrame.com\/catalogo\/#\/schema\/logo\/image\/","url":"https:\/\/letrame.com\/catalogo\/wp-content\/uploads\/2024\/03\/logo2.webp","contentUrl":"https:\/\/letrame.com\/catalogo\/wp-content\/uploads\/2024\/03\/logo2.webp","width":394,"height":128,"caption":"Catalogo | Letrame Grupo Editorial"},"image":{"@id":"https:\/\/letrame.com\/catalogo\/#\/schema\/logo\/image\/"}}]}},"_links":{"self":[{"href":"https:\/\/letrame.com\/catalogo\/wp-json\/wp\/v2\/product\/101048","targetHints":{"allow":["GET"]}}],"collection":[{"href":"https:\/\/letrame.com\/catalogo\/wp-json\/wp\/v2\/product"}],"about":[{"href":"https:\/\/letrame.com\/catalogo\/wp-json\/wp\/v2\/types\/product"}],"replies":[{"embeddable":true,"href":"https:\/\/letrame.com\/catalogo\/wp-json\/wp\/v2\/comments?post=101048"}],"acf:post":[{"embeddable":true,"href":"https:\/\/letrame.com\/catalogo\/wp-json\/wp\/v2\/author_book\/100779"}],"wp:featuredmedia":[{"embeddable":true,"href":"https:\/\/letrame.com\/catalogo\/wp-json\/wp\/v2\/media\/101049"}],"wp:attachment":[{"href":"https:\/\/letrame.com\/catalogo\/wp-json\/wp\/v2\/media?parent=101048"}],"wp:term":[{"taxonomy":"libro","embeddable":true,"href":"https:\/\/letrame.com\/catalogo\/wp-json\/wp\/v2\/libro?post=101048"},{"taxonomy":"product_brand","embeddable":true,"href":"https:\/\/letrame.com\/catalogo\/wp-json\/wp\/v2\/product_brand?post=101048"},{"taxonomy":"product_cat","embeddable":true,"href":"https:\/\/letrame.com\/catalogo\/wp-json\/wp\/v2\/product_cat?post=101048"},{"taxonomy":"product_tag","embeddable":true,"href":"https:\/\/letrame.com\/catalogo\/wp-json\/wp\/v2\/product_tag?post=101048"}],"curies":[{"name":"wp","href":"https:\/\/api.w.org\/{rel}","templated":true}]}}