{"id":101044,"date":"2024-05-23T10:25:33","date_gmt":"2024-05-23T08:25:33","guid":{"rendered":"https:\/\/letrame.com\/catalogo\/producto\/un-angel-que-alumbra-mi-corazon\/"},"modified":"2024-06-04T15:26:05","modified_gmt":"2024-06-04T13:26:05","slug":"un-angel-que-alumbra-mi-corazon","status":"publish","type":"product","link":"https:\/\/letrame.com\/catalogo\/producto\/un-angel-que-alumbra-mi-corazon\/","title":{"rendered":"Un \u00e1ngel que alumbra mi coraz\u00f3n"},"content":{"rendered":"<p>ISBN:\u00a0978-84-1181-507-9<br \/>\nT\u00edtulo:\u2028UN \u00c1NGEL QUE ALUMBRA MI CORAZ\u00d3N<br \/>\nFecha:\u20282024<br \/>\nP\u00e1ginas:\u00a0252<br \/>\nSINOPSIS<\/p>\n<p>\u00bfExisten almas gemelas? o \u00bfel amor a primera vista? Son preguntas que aquellos que han vivido un romance saben que va m\u00e1s all\u00e1 de un solo enamoramiento, porque los sujeta a una cuerda invisible que se une para siempre y ni el tiempo ni la distancia podr\u00eda quitar ese sentimiento, porque la fuerza del amor rebasa cualquier circunstancia.<\/p>\n<p>Un \u00e1ngel que alumbra mi coraz\u00f3n es una historia donde el destino de dos almas j\u00f3venes de dulce inocencia los llev\u00f3 a coincidir. En aquel pasado algo m\u00e1gico pas\u00f3 y en un instante y en una mirada hubo una conexi\u00f3n de dos almas que se considera \u00abamor a primera vista\u00bb. En esa adolescencia con los corazones de inocencia se sujetaron a un delirio lleno de un amor, donde sus corazones lat\u00edan al comp\u00e1s de juegos inocentes, con la claridad de una mirada so\u00f1adora y, en cada esquina, los besos robados que duraban solo un instante, pero suficiente para que sus pupilas brillaran y sus corazones se conectaron en un \u00abte quiero\u00bb callado.<\/p>\n<p>Un amor que desafi\u00f3 al destino haciendo referencia a su parentesco y separ\u00f3 sus vidas, porque su amor era prohibido. Sus corazones quedaron heridos al separarse porque su idilio se juzgar\u00eda como pecado. Y desde ese d\u00eda de su separaci\u00f3n cada uno vivi\u00f3 sus vidas\u2026 Pasaron m\u00e1s de treinta a\u00f1os&#8230; sin pensar que el destino les ten\u00eda un reencuentro inesperado\u2026<\/p>\n","protected":false},"excerpt":{"rendered":"<p>ISBN:\u00a0978-84-1181-507-9<\/p>\n<p>SINOPSIS<\/p>\n<p>\u00bfExisten almas gemelas? o \u00bfel amor a primera vista? Son preguntas que aquellos que han vivido un romance saben que va m\u00e1s all\u00e1 de un solo enamoramiento, porque los sujeta a una cuerda invisible que se une para siempre y ni el tiempo ni la distancia podr\u00eda quitar ese sentimiento, porque la fuerza del amor rebasa cualquier circunstancia.<\/p>\n<p>Un \u00e1ngel que alumbra mi coraz\u00f3n es una historia donde el destino de dos almas j\u00f3venes de dulce inocencia los llev\u00f3 a coincidir. En aquel pasado algo m\u00e1gico pas\u00f3 y en un instante y en una mirada hubo una conexi\u00f3n de dos almas que se considera \u00abamor a primera vista\u00bb. En esa adolescencia con los corazones de inocencia se sujetaron a un delirio lleno de un amor, donde sus corazones lat\u00edan al comp\u00e1s de juegos inocentes, con la claridad de una mirada so\u00f1adora y, en cada esquina, los besos robados que duraban solo un instante, pero suficiente para que sus pupilas brillaran y sus corazones se conectaron en un \u00abte quiero\u00bb callado.<\/p>\n<p>Un amor que desafi\u00f3 al destino haciendo referencia a su parentesco y separ\u00f3 sus vidas, porque su amor era prohibido. Sus corazones quedaron heridos al separarse porque su idilio se juzgar\u00eda como pecado. Y desde ese d\u00eda de su separaci\u00f3n cada uno vivi\u00f3 sus vidas\u2026 Pasaron m\u00e1s de treinta a\u00f1os&#8230; sin pensar que el destino les ten\u00eda un reencuentro inesperado\u2026<\/p>\n<p>&nbsp;<\/p>\n","protected":false},"featured_media":101045,"comment_status":"closed","ping_status":"closed","template":"","meta":{"_acf_changed":false},"libro":[],"product_brand":[],"product_cat":[50],"product_tag":[],"class_list":{"0":"post-101044","1":"product","2":"type-product","3":"status-publish","4":"has-post-thumbnail","6":"product_cat-novela-romantica","8":"first","9":"instock","10":"product-type-simple"},"acf":{"autor":[75361],"enlace_de_compra":"https:\/\/www.casadellibro.com\/libro-un-angel-que-alumbra-mi-corazon\/9788411815079\/16058916"},"yoast_head":"<!-- This site is optimized with the Yoast SEO plugin v26.6 - https:\/\/yoast.com\/wordpress\/plugins\/seo\/ -->\n<title>Un \u00e1ngel que alumbra mi coraz\u00f3n - Catalogo | Letrame Grupo Editorial<\/title>\n<meta name=\"robots\" content=\"index, follow, max-snippet:-1, max-image-preview:large, max-video-preview:-1\" \/>\n<link rel=\"canonical\" href=\"https:\/\/letrame.com\/catalogo\/producto\/un-angel-que-alumbra-mi-corazon\/\" \/>\n<meta property=\"og:locale\" content=\"es_ES\" \/>\n<meta property=\"og:type\" content=\"article\" \/>\n<meta property=\"og:title\" content=\"Un \u00e1ngel que alumbra mi coraz\u00f3n - Catalogo | Letrame Grupo Editorial\" \/>\n<meta property=\"og:description\" content=\"ISBN:\u00a0978-84-1181-507-9  SINOPSIS  \u00bfExisten almas gemelas? o \u00bfel amor a primera vista? Son preguntas que aquellos que han vivido un romance saben que va m\u00e1s all\u00e1 de un solo enamoramiento, porque los sujeta a una cuerda invisible que se une para siempre y ni el tiempo ni la distancia podr\u00eda quitar ese sentimiento, porque la fuerza del amor rebasa cualquier circunstancia.  Un \u00e1ngel que alumbra mi coraz\u00f3n es una historia donde el destino de dos almas j\u00f3venes de dulce inocencia los llev\u00f3 a coincidir. En aquel pasado algo m\u00e1gico pas\u00f3 y en un instante y en una mirada hubo una conexi\u00f3n de dos almas que se considera \u00abamor a primera vista\u00bb. En esa adolescencia con los corazones de inocencia se sujetaron a un delirio lleno de un amor, donde sus corazones lat\u00edan al comp\u00e1s de juegos inocentes, con la claridad de una mirada so\u00f1adora y, en cada esquina, los besos robados que duraban solo un instante, pero suficiente para que sus pupilas brillaran y sus corazones se conectaron en un \u00abte quiero\u00bb callado.  Un amor que desafi\u00f3 al destino haciendo referencia a su parentesco y separ\u00f3 sus vidas, porque su amor era prohibido. Sus corazones quedaron heridos al separarse porque su idilio se juzgar\u00eda como pecado. Y desde ese d\u00eda de su separaci\u00f3n cada uno vivi\u00f3 sus vidas\u2026 Pasaron m\u00e1s de treinta a\u00f1os... sin pensar que el destino les ten\u00eda un reencuentro inesperado\u2026  &nbsp;\" \/>\n<meta property=\"og:url\" content=\"https:\/\/letrame.com\/catalogo\/producto\/un-angel-que-alumbra-mi-corazon\/\" \/>\n<meta property=\"og:site_name\" content=\"Catalogo | Letrame Grupo Editorial\" \/>\n<meta property=\"article:modified_time\" content=\"2024-06-04T13:26:05+00:00\" \/>\n<meta property=\"og:image\" content=\"https:\/\/letrame.com\/catalogo\/wp-content\/uploads\/2024\/05\/webp_unangelquealumbra_1375mm-compressed-scaled-1.jpg\" \/>\n\t<meta property=\"og:image:width\" content=\"1746\" \/>\n\t<meta property=\"og:image:height\" content=\"2560\" \/>\n\t<meta property=\"og:image:type\" content=\"image\/jpeg\" \/>\n<meta name=\"twitter:card\" content=\"summary_large_image\" \/>\n<meta name=\"twitter:label1\" content=\"Tiempo de lectura\" \/>\n\t<meta name=\"twitter:data1\" content=\"2 minutos\" \/>\n<script type=\"application\/ld+json\" class=\"yoast-schema-graph\">{\"@context\":\"https:\/\/schema.org\",\"@graph\":[{\"@type\":\"WebPage\",\"@id\":\"https:\/\/letrame.com\/catalogo\/producto\/un-angel-que-alumbra-mi-corazon\/\",\"url\":\"https:\/\/letrame.com\/catalogo\/producto\/un-angel-que-alumbra-mi-corazon\/\",\"name\":\"Un \u00e1ngel que alumbra mi coraz\u00f3n - Catalogo | Letrame Grupo Editorial\",\"isPartOf\":{\"@id\":\"https:\/\/letrame.com\/catalogo\/#website\"},\"primaryImageOfPage\":{\"@id\":\"https:\/\/letrame.com\/catalogo\/producto\/un-angel-que-alumbra-mi-corazon\/#primaryimage\"},\"image\":{\"@id\":\"https:\/\/letrame.com\/catalogo\/producto\/un-angel-que-alumbra-mi-corazon\/#primaryimage\"},\"thumbnailUrl\":\"https:\/\/letrame.com\/catalogo\/wp-content\/uploads\/2024\/05\/webp_unangelquealumbra_1375mm-compressed-scaled-1.jpg\",\"datePublished\":\"2024-05-23T08:25:33+00:00\",\"dateModified\":\"2024-06-04T13:26:05+00:00\",\"breadcrumb\":{\"@id\":\"https:\/\/letrame.com\/catalogo\/producto\/un-angel-que-alumbra-mi-corazon\/#breadcrumb\"},\"inLanguage\":\"es\",\"potentialAction\":[{\"@type\":\"ReadAction\",\"target\":[\"https:\/\/letrame.com\/catalogo\/producto\/un-angel-que-alumbra-mi-corazon\/\"]}]},{\"@type\":\"ImageObject\",\"inLanguage\":\"es\",\"@id\":\"https:\/\/letrame.com\/catalogo\/producto\/un-angel-que-alumbra-mi-corazon\/#primaryimage\",\"url\":\"https:\/\/letrame.com\/catalogo\/wp-content\/uploads\/2024\/05\/webp_unangelquealumbra_1375mm-compressed-scaled-1.jpg\",\"contentUrl\":\"https:\/\/letrame.com\/catalogo\/wp-content\/uploads\/2024\/05\/webp_unangelquealumbra_1375mm-compressed-scaled-1.jpg\",\"width\":1746,\"height\":2560},{\"@type\":\"BreadcrumbList\",\"@id\":\"https:\/\/letrame.com\/catalogo\/producto\/un-angel-que-alumbra-mi-corazon\/#breadcrumb\",\"itemListElement\":[{\"@type\":\"ListItem\",\"position\":1,\"name\":\"Portada\",\"item\":\"https:\/\/letrame.com\/catalogo\/\"},{\"@type\":\"ListItem\",\"position\":2,\"name\":\"Cat\u00e1logo\",\"item\":\"https:\/\/letrame.com\/catalogo\/\"},{\"@type\":\"ListItem\",\"position\":3,\"name\":\"Un \u00e1ngel que alumbra mi coraz\u00f3n\"}]},{\"@type\":\"WebSite\",\"@id\":\"https:\/\/letrame.com\/catalogo\/#website\",\"url\":\"https:\/\/letrame.com\/catalogo\/\",\"name\":\"Catalogo | Letrame Grupo Editorial\",\"description\":\"\",\"publisher\":{\"@id\":\"https:\/\/letrame.com\/catalogo\/#organization\"},\"potentialAction\":[{\"@type\":\"SearchAction\",\"target\":{\"@type\":\"EntryPoint\",\"urlTemplate\":\"https:\/\/letrame.com\/catalogo\/?s={search_term_string}\"},\"query-input\":{\"@type\":\"PropertyValueSpecification\",\"valueRequired\":true,\"valueName\":\"search_term_string\"}}],\"inLanguage\":\"es\"},{\"@type\":\"Organization\",\"@id\":\"https:\/\/letrame.com\/catalogo\/#organization\",\"name\":\"Catalogo | Letrame Grupo Editorial\",\"url\":\"https:\/\/letrame.com\/catalogo\/\",\"logo\":{\"@type\":\"ImageObject\",\"inLanguage\":\"es\",\"@id\":\"https:\/\/letrame.com\/catalogo\/#\/schema\/logo\/image\/\",\"url\":\"https:\/\/letrame.com\/catalogo\/wp-content\/uploads\/2024\/03\/logo2.webp\",\"contentUrl\":\"https:\/\/letrame.com\/catalogo\/wp-content\/uploads\/2024\/03\/logo2.webp\",\"width\":394,\"height\":128,\"caption\":\"Catalogo | Letrame Grupo Editorial\"},\"image\":{\"@id\":\"https:\/\/letrame.com\/catalogo\/#\/schema\/logo\/image\/\"}}]}<\/script>\n<!-- \/ Yoast SEO plugin. -->","yoast_head_json":{"title":"Un \u00e1ngel que alumbra mi coraz\u00f3n - Catalogo | Letrame Grupo Editorial","robots":{"index":"index","follow":"follow","max-snippet":"max-snippet:-1","max-image-preview":"max-image-preview:large","max-video-preview":"max-video-preview:-1"},"canonical":"https:\/\/letrame.com\/catalogo\/producto\/un-angel-que-alumbra-mi-corazon\/","og_locale":"es_ES","og_type":"article","og_title":"Un \u00e1ngel que alumbra mi coraz\u00f3n - Catalogo | Letrame Grupo Editorial","og_description":"ISBN:\u00a0978-84-1181-507-9  SINOPSIS  \u00bfExisten almas gemelas? o \u00bfel amor a primera vista? Son preguntas que aquellos que han vivido un romance saben que va m\u00e1s all\u00e1 de un solo enamoramiento, porque los sujeta a una cuerda invisible que se une para siempre y ni el tiempo ni la distancia podr\u00eda quitar ese sentimiento, porque la fuerza del amor rebasa cualquier circunstancia.  Un \u00e1ngel que alumbra mi coraz\u00f3n es una historia donde el destino de dos almas j\u00f3venes de dulce inocencia los llev\u00f3 a coincidir. En aquel pasado algo m\u00e1gico pas\u00f3 y en un instante y en una mirada hubo una conexi\u00f3n de dos almas que se considera \u00abamor a primera vista\u00bb. En esa adolescencia con los corazones de inocencia se sujetaron a un delirio lleno de un amor, donde sus corazones lat\u00edan al comp\u00e1s de juegos inocentes, con la claridad de una mirada so\u00f1adora y, en cada esquina, los besos robados que duraban solo un instante, pero suficiente para que sus pupilas brillaran y sus corazones se conectaron en un \u00abte quiero\u00bb callado.  Un amor que desafi\u00f3 al destino haciendo referencia a su parentesco y separ\u00f3 sus vidas, porque su amor era prohibido. Sus corazones quedaron heridos al separarse porque su idilio se juzgar\u00eda como pecado. Y desde ese d\u00eda de su separaci\u00f3n cada uno vivi\u00f3 sus vidas\u2026 Pasaron m\u00e1s de treinta a\u00f1os... sin pensar que el destino les ten\u00eda un reencuentro inesperado\u2026  &nbsp;","og_url":"https:\/\/letrame.com\/catalogo\/producto\/un-angel-que-alumbra-mi-corazon\/","og_site_name":"Catalogo | Letrame Grupo Editorial","article_modified_time":"2024-06-04T13:26:05+00:00","og_image":[{"width":1746,"height":2560,"url":"https:\/\/letrame.com\/catalogo\/wp-content\/uploads\/2024\/05\/webp_unangelquealumbra_1375mm-compressed-scaled-1.jpg","type":"image\/jpeg"}],"twitter_card":"summary_large_image","twitter_misc":{"Tiempo de lectura":"2 minutos"},"schema":{"@context":"https:\/\/schema.org","@graph":[{"@type":"WebPage","@id":"https:\/\/letrame.com\/catalogo\/producto\/un-angel-que-alumbra-mi-corazon\/","url":"https:\/\/letrame.com\/catalogo\/producto\/un-angel-que-alumbra-mi-corazon\/","name":"Un \u00e1ngel que alumbra mi coraz\u00f3n - Catalogo | Letrame Grupo Editorial","isPartOf":{"@id":"https:\/\/letrame.com\/catalogo\/#website"},"primaryImageOfPage":{"@id":"https:\/\/letrame.com\/catalogo\/producto\/un-angel-que-alumbra-mi-corazon\/#primaryimage"},"image":{"@id":"https:\/\/letrame.com\/catalogo\/producto\/un-angel-que-alumbra-mi-corazon\/#primaryimage"},"thumbnailUrl":"https:\/\/letrame.com\/catalogo\/wp-content\/uploads\/2024\/05\/webp_unangelquealumbra_1375mm-compressed-scaled-1.jpg","datePublished":"2024-05-23T08:25:33+00:00","dateModified":"2024-06-04T13:26:05+00:00","breadcrumb":{"@id":"https:\/\/letrame.com\/catalogo\/producto\/un-angel-que-alumbra-mi-corazon\/#breadcrumb"},"inLanguage":"es","potentialAction":[{"@type":"ReadAction","target":["https:\/\/letrame.com\/catalogo\/producto\/un-angel-que-alumbra-mi-corazon\/"]}]},{"@type":"ImageObject","inLanguage":"es","@id":"https:\/\/letrame.com\/catalogo\/producto\/un-angel-que-alumbra-mi-corazon\/#primaryimage","url":"https:\/\/letrame.com\/catalogo\/wp-content\/uploads\/2024\/05\/webp_unangelquealumbra_1375mm-compressed-scaled-1.jpg","contentUrl":"https:\/\/letrame.com\/catalogo\/wp-content\/uploads\/2024\/05\/webp_unangelquealumbra_1375mm-compressed-scaled-1.jpg","width":1746,"height":2560},{"@type":"BreadcrumbList","@id":"https:\/\/letrame.com\/catalogo\/producto\/un-angel-que-alumbra-mi-corazon\/#breadcrumb","itemListElement":[{"@type":"ListItem","position":1,"name":"Portada","item":"https:\/\/letrame.com\/catalogo\/"},{"@type":"ListItem","position":2,"name":"Cat\u00e1logo","item":"https:\/\/letrame.com\/catalogo\/"},{"@type":"ListItem","position":3,"name":"Un \u00e1ngel que alumbra mi coraz\u00f3n"}]},{"@type":"WebSite","@id":"https:\/\/letrame.com\/catalogo\/#website","url":"https:\/\/letrame.com\/catalogo\/","name":"Catalogo | Letrame Grupo Editorial","description":"","publisher":{"@id":"https:\/\/letrame.com\/catalogo\/#organization"},"potentialAction":[{"@type":"SearchAction","target":{"@type":"EntryPoint","urlTemplate":"https:\/\/letrame.com\/catalogo\/?s={search_term_string}"},"query-input":{"@type":"PropertyValueSpecification","valueRequired":true,"valueName":"search_term_string"}}],"inLanguage":"es"},{"@type":"Organization","@id":"https:\/\/letrame.com\/catalogo\/#organization","name":"Catalogo | Letrame Grupo Editorial","url":"https:\/\/letrame.com\/catalogo\/","logo":{"@type":"ImageObject","inLanguage":"es","@id":"https:\/\/letrame.com\/catalogo\/#\/schema\/logo\/image\/","url":"https:\/\/letrame.com\/catalogo\/wp-content\/uploads\/2024\/03\/logo2.webp","contentUrl":"https:\/\/letrame.com\/catalogo\/wp-content\/uploads\/2024\/03\/logo2.webp","width":394,"height":128,"caption":"Catalogo | Letrame Grupo Editorial"},"image":{"@id":"https:\/\/letrame.com\/catalogo\/#\/schema\/logo\/image\/"}}]}},"_links":{"self":[{"href":"https:\/\/letrame.com\/catalogo\/wp-json\/wp\/v2\/product\/101044","targetHints":{"allow":["GET"]}}],"collection":[{"href":"https:\/\/letrame.com\/catalogo\/wp-json\/wp\/v2\/product"}],"about":[{"href":"https:\/\/letrame.com\/catalogo\/wp-json\/wp\/v2\/types\/product"}],"replies":[{"embeddable":true,"href":"https:\/\/letrame.com\/catalogo\/wp-json\/wp\/v2\/comments?post=101044"}],"acf:post":[{"embeddable":true,"href":"https:\/\/letrame.com\/catalogo\/wp-json\/wp\/v2\/author_book\/75361"}],"wp:featuredmedia":[{"embeddable":true,"href":"https:\/\/letrame.com\/catalogo\/wp-json\/wp\/v2\/media\/101045"}],"wp:attachment":[{"href":"https:\/\/letrame.com\/catalogo\/wp-json\/wp\/v2\/media?parent=101044"}],"wp:term":[{"taxonomy":"libro","embeddable":true,"href":"https:\/\/letrame.com\/catalogo\/wp-json\/wp\/v2\/libro?post=101044"},{"taxonomy":"product_brand","embeddable":true,"href":"https:\/\/letrame.com\/catalogo\/wp-json\/wp\/v2\/product_brand?post=101044"},{"taxonomy":"product_cat","embeddable":true,"href":"https:\/\/letrame.com\/catalogo\/wp-json\/wp\/v2\/product_cat?post=101044"},{"taxonomy":"product_tag","embeddable":true,"href":"https:\/\/letrame.com\/catalogo\/wp-json\/wp\/v2\/product_tag?post=101044"}],"curies":[{"name":"wp","href":"https:\/\/api.w.org\/{rel}","templated":true}]}}