{"id":101038,"date":"2024-05-23T10:25:33","date_gmt":"2024-05-23T08:25:33","guid":{"rendered":"https:\/\/letrame.com\/catalogo\/producto\/la-verdadera-causa-y-cura-de-las-enfermedades\/"},"modified":"2024-07-03T13:07:14","modified_gmt":"2024-07-03T11:07:14","slug":"la-verdadera-causa-y-cura-de-las-enfermedades","status":"publish","type":"product","link":"https:\/\/letrame.com\/catalogo\/producto\/la-verdadera-causa-y-cura-de-las-enfermedades\/","title":{"rendered":"La verdadera causa y cura de las enfermedades"},"content":{"rendered":"<p>ISBN:\u00a0978-84-1068-282-5<br \/>\nT\u00edtulo:\u2028LA VERDADERA CAUSA Y CURA DE LAS ENFERMEDADES<br \/>\nFecha:\u20282024<br \/>\nP\u00e1ginas:\u00a0736<br \/>\nSINOPSIS<br \/>\nLa enfermedad es una consecuencia de la disminuci\u00f3n de la actividad de las enzimas del cobre por su baja disponibilidad.<\/p>\n<p>El cobre ha sido considerado a lo largo de la historia como el mineral vinculado a la longevidad y el mineral que facilita la conexi\u00f3n de nuestra Alma con Dios. Es el mineral que sustenta las principales actividades metab\u00f3licas del organismo y es necesario para casi todos los procesos bioqu\u00edmicos y fisiol\u00f3gicos del cuerpo. A lo largo de la historia, el cobre se ha utilizado en medicina con resultados impresionantes y su valor para mantener una salud \u00f3ptima ha sido comprendido por muchas culturas. Su finalidad y uso medicinales se remontan al antiguo Egipto, Grecia y Roma, as\u00ed como a la antigua civilizaci\u00f3n azteca. Se ha utilizado a lo largo de la historia para el tratamiento de enfermedades ya sea aplicado t\u00f3picamente o ingerido.<br \/>\nLa deficiencia de cobre no solo causa una disminuci\u00f3n en la actividad de las enzimas dependientes de cobre, sino que tambi\u00e9n induce una alteraci\u00f3n en la actividad de la mayor\u00eda de las enzimas, incluso si no est\u00e1 actuando directamente como un cofactor.<\/p>\n<p>Las enfermedades y dolencias cr\u00f3nicas aumentan a medida que se agrava la depleci\u00f3n de cobre.<\/p>\n<p>Este libro se ha basado en miles de estudios que muestran evidencias y pruebas sustanciales no solo sobre los efectos beneficiosos y los resultados positivos del cobre en la salud \u00f3ptima y la recuperaci\u00f3n de enfermedades cr\u00f3nicas, sino tambi\u00e9n sobre la causa del agotamiento del cobre.<\/p>\n<p>La soluci\u00f3n es demasiado simple para ser cre\u00edble. \u00bfPuedes soportar la VERDAD?<\/p>\n","protected":false},"excerpt":{"rendered":"<p>ISBN:\u00a0978-84-1068-282-5<\/p>\n<p>SINOPSIS<br \/>\nLa enfermedad es una consecuencia de la disminuci\u00f3n de la actividad de las enzimas del cobre por su baja disponibilidad.<\/p>\n<p>El cobre ha sido considerado a lo largo de la historia como el mineral vinculado a la longevidad y el mineral que facilita la conexi\u00f3n de nuestra Alma con Dios. Es el mineral que sustenta las principales actividades metab\u00f3licas del organismo y es necesario para casi todos los procesos bioqu\u00edmicos y fisiol\u00f3gicos del cuerpo. A lo largo de la historia, el cobre se ha utilizado en medicina con resultados impresionantes y su valor para mantener una salud \u00f3ptima ha sido comprendido por muchas culturas. Su finalidad y uso medicinales se remontan al antiguo Egipto, Grecia y Roma, as\u00ed como a la antigua civilizaci\u00f3n azteca. Se ha utilizado a lo largo de la historia para el tratamiento de enfermedades ya sea aplicado t\u00f3picamente o ingerido.<br \/>\nLa deficiencia de cobre no solo causa una disminuci\u00f3n en la actividad de las enzimas dependientes de cobre, sino que tambi\u00e9n induce una alteraci\u00f3n en la actividad de la mayor\u00eda de las enzimas, incluso si no est\u00e1 actuando directamente como un cofactor.<\/p>\n<p>Las enfermedades y dolencias cr\u00f3nicas aumentan a medida que se agrava la depleci\u00f3n de cobre.<\/p>\n<p>Este libro se ha basado en miles de estudios que muestran evidencias y pruebas sustanciales no solo sobre los efectos beneficiosos y los resultados positivos del cobre en la salud \u00f3ptima y la recuperaci\u00f3n de enfermedades cr\u00f3nicas, sino tambi\u00e9n sobre la causa del agotamiento del cobre.<\/p>\n<p>La soluci\u00f3n es demasiado simple para ser cre\u00edble. \u00bfPuedes soportar la VERDAD?<\/p>\n<p>&nbsp;<\/p>\n","protected":false},"featured_media":101039,"comment_status":"closed","ping_status":"closed","template":"","meta":{"_acf_changed":false},"libro":[],"product_brand":[],"product_cat":[23],"product_tag":[],"class_list":{"0":"post-101038","1":"product","2":"type-product","3":"status-publish","4":"has-post-thumbnail","6":"product_cat-ensayos","8":"first","9":"instock","10":"product-type-simple"},"acf":{"autor":[100776],"enlace_de_compra":"https:\/\/amzn.to\/3zphIqZ"},"yoast_head":"<!-- This site is optimized with the Yoast SEO plugin v27.4 - https:\/\/yoast.com\/product\/yoast-seo-wordpress\/ -->\n<title>La verdadera causa y cura de las enfermedades - Catalogo | Letrame Grupo Editorial<\/title>\n<meta name=\"robots\" content=\"index, follow, max-snippet:-1, max-image-preview:large, max-video-preview:-1\" \/>\n<link rel=\"canonical\" href=\"https:\/\/letrame.com\/catalogo\/producto\/la-verdadera-causa-y-cura-de-las-enfermedades\/\" \/>\n<meta property=\"og:locale\" content=\"es_ES\" \/>\n<meta property=\"og:type\" content=\"article\" \/>\n<meta property=\"og:title\" content=\"La verdadera causa y cura de las enfermedades - Catalogo | Letrame Grupo Editorial\" \/>\n<meta property=\"og:description\" content=\"ISBN:\u00a0978-84-1068-282-5  SINOPSIS La enfermedad es una consecuencia de la disminuci\u00f3n de la actividad de las enzimas del cobre por su baja disponibilidad.  El cobre ha sido considerado a lo largo de la historia como el mineral vinculado a la longevidad y el mineral que facilita la conexi\u00f3n de nuestra Alma con Dios. Es el mineral que sustenta las principales actividades metab\u00f3licas del organismo y es necesario para casi todos los procesos bioqu\u00edmicos y fisiol\u00f3gicos del cuerpo. A lo largo de la historia, el cobre se ha utilizado en medicina con resultados impresionantes y su valor para mantener una salud \u00f3ptima ha sido comprendido por muchas culturas. Su finalidad y uso medicinales se remontan al antiguo Egipto, Grecia y Roma, as\u00ed como a la antigua civilizaci\u00f3n azteca. Se ha utilizado a lo largo de la historia para el tratamiento de enfermedades ya sea aplicado t\u00f3picamente o ingerido. La deficiencia de cobre no solo causa una disminuci\u00f3n en la actividad de las enzimas dependientes de cobre, sino que tambi\u00e9n induce una alteraci\u00f3n en la actividad de la mayor\u00eda de las enzimas, incluso si no est\u00e1 actuando directamente como un cofactor.  Las enfermedades y dolencias cr\u00f3nicas aumentan a medida que se agrava la depleci\u00f3n de cobre.  Este libro se ha basado en miles de estudios que muestran evidencias y pruebas sustanciales no solo sobre los efectos beneficiosos y los resultados positivos del cobre en la salud \u00f3ptima y la recuperaci\u00f3n de enfermedades cr\u00f3nicas, sino tambi\u00e9n sobre la causa del agotamiento del cobre.  La soluci\u00f3n es demasiado simple para ser cre\u00edble. \u00bfPuedes soportar la VERDAD?  &nbsp;\" \/>\n<meta property=\"og:url\" content=\"https:\/\/letrame.com\/catalogo\/producto\/la-verdadera-causa-y-cura-de-las-enfermedades\/\" \/>\n<meta property=\"og:site_name\" content=\"Catalogo | Letrame Grupo Editorial\" \/>\n<meta property=\"article:modified_time\" content=\"2024-07-03T11:07:14+00:00\" \/>\n<meta property=\"og:image\" content=\"https:\/\/letrame.com\/catalogo\/wp-content\/uploads\/2024\/05\/webp_laverdaderacausa_346mm-compressed.jpg\" \/>\n\t<meta property=\"og:image:width\" content=\"1772\" \/>\n\t<meta property=\"og:image:height\" content=\"2480\" \/>\n\t<meta property=\"og:image:type\" content=\"image\/jpeg\" \/>\n<meta name=\"twitter:card\" content=\"summary_large_image\" \/>\n<meta name=\"twitter:label1\" content=\"Tiempo de lectura\" \/>\n\t<meta name=\"twitter:data1\" content=\"2 minutos\" \/>\n<script type=\"application\/ld+json\" class=\"yoast-schema-graph\">{\"@context\":\"https:\\\/\\\/schema.org\",\"@graph\":[{\"@type\":\"WebPage\",\"@id\":\"https:\\\/\\\/letrame.com\\\/catalogo\\\/producto\\\/la-verdadera-causa-y-cura-de-las-enfermedades\\\/\",\"url\":\"https:\\\/\\\/letrame.com\\\/catalogo\\\/producto\\\/la-verdadera-causa-y-cura-de-las-enfermedades\\\/\",\"name\":\"La verdadera causa y cura de las enfermedades - Catalogo | Letrame Grupo Editorial\",\"isPartOf\":{\"@id\":\"https:\\\/\\\/letrame.com\\\/catalogo\\\/#website\"},\"primaryImageOfPage\":{\"@id\":\"https:\\\/\\\/letrame.com\\\/catalogo\\\/producto\\\/la-verdadera-causa-y-cura-de-las-enfermedades\\\/#primaryimage\"},\"image\":{\"@id\":\"https:\\\/\\\/letrame.com\\\/catalogo\\\/producto\\\/la-verdadera-causa-y-cura-de-las-enfermedades\\\/#primaryimage\"},\"thumbnailUrl\":\"https:\\\/\\\/letrame.com\\\/catalogo\\\/wp-content\\\/uploads\\\/2024\\\/05\\\/webp_laverdaderacausa_346mm-compressed.jpg\",\"datePublished\":\"2024-05-23T08:25:33+00:00\",\"dateModified\":\"2024-07-03T11:07:14+00:00\",\"breadcrumb\":{\"@id\":\"https:\\\/\\\/letrame.com\\\/catalogo\\\/producto\\\/la-verdadera-causa-y-cura-de-las-enfermedades\\\/#breadcrumb\"},\"inLanguage\":\"es\",\"potentialAction\":[{\"@type\":\"ReadAction\",\"target\":[\"https:\\\/\\\/letrame.com\\\/catalogo\\\/producto\\\/la-verdadera-causa-y-cura-de-las-enfermedades\\\/\"]}]},{\"@type\":\"ImageObject\",\"inLanguage\":\"es\",\"@id\":\"https:\\\/\\\/letrame.com\\\/catalogo\\\/producto\\\/la-verdadera-causa-y-cura-de-las-enfermedades\\\/#primaryimage\",\"url\":\"https:\\\/\\\/letrame.com\\\/catalogo\\\/wp-content\\\/uploads\\\/2024\\\/05\\\/webp_laverdaderacausa_346mm-compressed.jpg\",\"contentUrl\":\"https:\\\/\\\/letrame.com\\\/catalogo\\\/wp-content\\\/uploads\\\/2024\\\/05\\\/webp_laverdaderacausa_346mm-compressed.jpg\",\"width\":1772,\"height\":2480},{\"@type\":\"BreadcrumbList\",\"@id\":\"https:\\\/\\\/letrame.com\\\/catalogo\\\/producto\\\/la-verdadera-causa-y-cura-de-las-enfermedades\\\/#breadcrumb\",\"itemListElement\":[{\"@type\":\"ListItem\",\"position\":1,\"name\":\"Portada\",\"item\":\"https:\\\/\\\/letrame.com\\\/catalogo\\\/\"},{\"@type\":\"ListItem\",\"position\":2,\"name\":\"Cat\u00e1logo\",\"item\":\"https:\\\/\\\/letrame.com\\\/catalogo\\\/\"},{\"@type\":\"ListItem\",\"position\":3,\"name\":\"La verdadera causa y cura de las enfermedades\"}]},{\"@type\":\"WebSite\",\"@id\":\"https:\\\/\\\/letrame.com\\\/catalogo\\\/#website\",\"url\":\"https:\\\/\\\/letrame.com\\\/catalogo\\\/\",\"name\":\"Catalogo | Letrame Grupo Editorial\",\"description\":\"\",\"publisher\":{\"@id\":\"https:\\\/\\\/letrame.com\\\/catalogo\\\/#organization\"},\"potentialAction\":[{\"@type\":\"SearchAction\",\"target\":{\"@type\":\"EntryPoint\",\"urlTemplate\":\"https:\\\/\\\/letrame.com\\\/catalogo\\\/?s={search_term_string}\"},\"query-input\":{\"@type\":\"PropertyValueSpecification\",\"valueRequired\":true,\"valueName\":\"search_term_string\"}}],\"inLanguage\":\"es\"},{\"@type\":\"Organization\",\"@id\":\"https:\\\/\\\/letrame.com\\\/catalogo\\\/#organization\",\"name\":\"Catalogo | Letrame Grupo Editorial\",\"url\":\"https:\\\/\\\/letrame.com\\\/catalogo\\\/\",\"logo\":{\"@type\":\"ImageObject\",\"inLanguage\":\"es\",\"@id\":\"https:\\\/\\\/letrame.com\\\/catalogo\\\/#\\\/schema\\\/logo\\\/image\\\/\",\"url\":\"https:\\\/\\\/letrame.com\\\/catalogo\\\/wp-content\\\/uploads\\\/2024\\\/03\\\/logo2.webp\",\"contentUrl\":\"https:\\\/\\\/letrame.com\\\/catalogo\\\/wp-content\\\/uploads\\\/2024\\\/03\\\/logo2.webp\",\"width\":394,\"height\":128,\"caption\":\"Catalogo | Letrame Grupo Editorial\"},\"image\":{\"@id\":\"https:\\\/\\\/letrame.com\\\/catalogo\\\/#\\\/schema\\\/logo\\\/image\\\/\"}}]}<\/script>\n<!-- \/ Yoast SEO plugin. -->","yoast_head_json":{"title":"La verdadera causa y cura de las enfermedades - Catalogo | Letrame Grupo Editorial","robots":{"index":"index","follow":"follow","max-snippet":"max-snippet:-1","max-image-preview":"max-image-preview:large","max-video-preview":"max-video-preview:-1"},"canonical":"https:\/\/letrame.com\/catalogo\/producto\/la-verdadera-causa-y-cura-de-las-enfermedades\/","og_locale":"es_ES","og_type":"article","og_title":"La verdadera causa y cura de las enfermedades - Catalogo | Letrame Grupo Editorial","og_description":"ISBN:\u00a0978-84-1068-282-5  SINOPSIS La enfermedad es una consecuencia de la disminuci\u00f3n de la actividad de las enzimas del cobre por su baja disponibilidad.  El cobre ha sido considerado a lo largo de la historia como el mineral vinculado a la longevidad y el mineral que facilita la conexi\u00f3n de nuestra Alma con Dios. Es el mineral que sustenta las principales actividades metab\u00f3licas del organismo y es necesario para casi todos los procesos bioqu\u00edmicos y fisiol\u00f3gicos del cuerpo. A lo largo de la historia, el cobre se ha utilizado en medicina con resultados impresionantes y su valor para mantener una salud \u00f3ptima ha sido comprendido por muchas culturas. Su finalidad y uso medicinales se remontan al antiguo Egipto, Grecia y Roma, as\u00ed como a la antigua civilizaci\u00f3n azteca. Se ha utilizado a lo largo de la historia para el tratamiento de enfermedades ya sea aplicado t\u00f3picamente o ingerido. La deficiencia de cobre no solo causa una disminuci\u00f3n en la actividad de las enzimas dependientes de cobre, sino que tambi\u00e9n induce una alteraci\u00f3n en la actividad de la mayor\u00eda de las enzimas, incluso si no est\u00e1 actuando directamente como un cofactor.  Las enfermedades y dolencias cr\u00f3nicas aumentan a medida que se agrava la depleci\u00f3n de cobre.  Este libro se ha basado en miles de estudios que muestran evidencias y pruebas sustanciales no solo sobre los efectos beneficiosos y los resultados positivos del cobre en la salud \u00f3ptima y la recuperaci\u00f3n de enfermedades cr\u00f3nicas, sino tambi\u00e9n sobre la causa del agotamiento del cobre.  La soluci\u00f3n es demasiado simple para ser cre\u00edble. \u00bfPuedes soportar la VERDAD?  &nbsp;","og_url":"https:\/\/letrame.com\/catalogo\/producto\/la-verdadera-causa-y-cura-de-las-enfermedades\/","og_site_name":"Catalogo | Letrame Grupo Editorial","article_modified_time":"2024-07-03T11:07:14+00:00","og_image":[{"width":1772,"height":2480,"url":"https:\/\/letrame.com\/catalogo\/wp-content\/uploads\/2024\/05\/webp_laverdaderacausa_346mm-compressed.jpg","type":"image\/jpeg"}],"twitter_card":"summary_large_image","twitter_misc":{"Tiempo de lectura":"2 minutos"},"schema":{"@context":"https:\/\/schema.org","@graph":[{"@type":"WebPage","@id":"https:\/\/letrame.com\/catalogo\/producto\/la-verdadera-causa-y-cura-de-las-enfermedades\/","url":"https:\/\/letrame.com\/catalogo\/producto\/la-verdadera-causa-y-cura-de-las-enfermedades\/","name":"La verdadera causa y cura de las enfermedades - Catalogo | Letrame Grupo Editorial","isPartOf":{"@id":"https:\/\/letrame.com\/catalogo\/#website"},"primaryImageOfPage":{"@id":"https:\/\/letrame.com\/catalogo\/producto\/la-verdadera-causa-y-cura-de-las-enfermedades\/#primaryimage"},"image":{"@id":"https:\/\/letrame.com\/catalogo\/producto\/la-verdadera-causa-y-cura-de-las-enfermedades\/#primaryimage"},"thumbnailUrl":"https:\/\/letrame.com\/catalogo\/wp-content\/uploads\/2024\/05\/webp_laverdaderacausa_346mm-compressed.jpg","datePublished":"2024-05-23T08:25:33+00:00","dateModified":"2024-07-03T11:07:14+00:00","breadcrumb":{"@id":"https:\/\/letrame.com\/catalogo\/producto\/la-verdadera-causa-y-cura-de-las-enfermedades\/#breadcrumb"},"inLanguage":"es","potentialAction":[{"@type":"ReadAction","target":["https:\/\/letrame.com\/catalogo\/producto\/la-verdadera-causa-y-cura-de-las-enfermedades\/"]}]},{"@type":"ImageObject","inLanguage":"es","@id":"https:\/\/letrame.com\/catalogo\/producto\/la-verdadera-causa-y-cura-de-las-enfermedades\/#primaryimage","url":"https:\/\/letrame.com\/catalogo\/wp-content\/uploads\/2024\/05\/webp_laverdaderacausa_346mm-compressed.jpg","contentUrl":"https:\/\/letrame.com\/catalogo\/wp-content\/uploads\/2024\/05\/webp_laverdaderacausa_346mm-compressed.jpg","width":1772,"height":2480},{"@type":"BreadcrumbList","@id":"https:\/\/letrame.com\/catalogo\/producto\/la-verdadera-causa-y-cura-de-las-enfermedades\/#breadcrumb","itemListElement":[{"@type":"ListItem","position":1,"name":"Portada","item":"https:\/\/letrame.com\/catalogo\/"},{"@type":"ListItem","position":2,"name":"Cat\u00e1logo","item":"https:\/\/letrame.com\/catalogo\/"},{"@type":"ListItem","position":3,"name":"La verdadera causa y cura de las enfermedades"}]},{"@type":"WebSite","@id":"https:\/\/letrame.com\/catalogo\/#website","url":"https:\/\/letrame.com\/catalogo\/","name":"Catalogo | Letrame Grupo Editorial","description":"","publisher":{"@id":"https:\/\/letrame.com\/catalogo\/#organization"},"potentialAction":[{"@type":"SearchAction","target":{"@type":"EntryPoint","urlTemplate":"https:\/\/letrame.com\/catalogo\/?s={search_term_string}"},"query-input":{"@type":"PropertyValueSpecification","valueRequired":true,"valueName":"search_term_string"}}],"inLanguage":"es"},{"@type":"Organization","@id":"https:\/\/letrame.com\/catalogo\/#organization","name":"Catalogo | Letrame Grupo Editorial","url":"https:\/\/letrame.com\/catalogo\/","logo":{"@type":"ImageObject","inLanguage":"es","@id":"https:\/\/letrame.com\/catalogo\/#\/schema\/logo\/image\/","url":"https:\/\/letrame.com\/catalogo\/wp-content\/uploads\/2024\/03\/logo2.webp","contentUrl":"https:\/\/letrame.com\/catalogo\/wp-content\/uploads\/2024\/03\/logo2.webp","width":394,"height":128,"caption":"Catalogo | Letrame Grupo Editorial"},"image":{"@id":"https:\/\/letrame.com\/catalogo\/#\/schema\/logo\/image\/"}}]}},"_links":{"self":[{"href":"https:\/\/letrame.com\/catalogo\/wp-json\/wp\/v2\/product\/101038","targetHints":{"allow":["GET"]}}],"collection":[{"href":"https:\/\/letrame.com\/catalogo\/wp-json\/wp\/v2\/product"}],"about":[{"href":"https:\/\/letrame.com\/catalogo\/wp-json\/wp\/v2\/types\/product"}],"replies":[{"embeddable":true,"href":"https:\/\/letrame.com\/catalogo\/wp-json\/wp\/v2\/comments?post=101038"}],"acf:post":[{"embeddable":true,"href":"https:\/\/letrame.com\/catalogo\/wp-json\/wp\/v2\/author_book\/100776"}],"wp:featuredmedia":[{"embeddable":true,"href":"https:\/\/letrame.com\/catalogo\/wp-json\/wp\/v2\/media\/101039"}],"wp:attachment":[{"href":"https:\/\/letrame.com\/catalogo\/wp-json\/wp\/v2\/media?parent=101038"}],"wp:term":[{"taxonomy":"libro","embeddable":true,"href":"https:\/\/letrame.com\/catalogo\/wp-json\/wp\/v2\/libro?post=101038"},{"taxonomy":"product_brand","embeddable":true,"href":"https:\/\/letrame.com\/catalogo\/wp-json\/wp\/v2\/product_brand?post=101038"},{"taxonomy":"product_cat","embeddable":true,"href":"https:\/\/letrame.com\/catalogo\/wp-json\/wp\/v2\/product_cat?post=101038"},{"taxonomy":"product_tag","embeddable":true,"href":"https:\/\/letrame.com\/catalogo\/wp-json\/wp\/v2\/product_tag?post=101038"}],"curies":[{"name":"wp","href":"https:\/\/api.w.org\/{rel}","templated":true}]}}