{"id":101032,"date":"2024-05-23T10:23:32","date_gmt":"2024-05-23T08:23:32","guid":{"rendered":"https:\/\/letrame.com\/catalogo\/producto\/peripecias-de-un-nino-tiquismiquis-2-la-edad-del-pavo\/"},"modified":"2024-09-18T10:42:22","modified_gmt":"2024-09-18T08:42:22","slug":"peripecias-de-un-nino-tiquismiquis-2-la-edad-del-pavo","status":"publish","type":"product","link":"https:\/\/letrame.com\/catalogo\/producto\/peripecias-de-un-nino-tiquismiquis-2-la-edad-del-pavo\/","title":{"rendered":"Peripecias de un ni\u00f1o tiquismiquis 2 (La edad del pavo) 2\u00baEdici\u00f3n"},"content":{"rendered":"<p>ISBN: 978-84-1181-631-1<\/p>\n<p class=\"p1\">T\u00edtulo: PERIPECIAS DE UN NI\u00d1O TIQUISMIQUIS 2 (LA EDAD DEL PAVO) 2\u00baEdici\u00f3n<\/p>\n<p class=\"p1\">Fecha: 2023<br \/>\nP\u00e1ginas: 136<\/p>\n<p class=\"p1\">SINOPSIS<\/p>\n<p>Gus ha crecido, ahora tiene bigotillo, acn\u00e9, voz de tenor y todos le llaman Luis, pero que no te enga\u00f1e\u2026 A pesar de su cara de \u00abangelito-que-no-ha-roto-un-plato-en-su-vida\u00bb sigue siendo un tiquismiquis y un sinverg\u00fcenza de cuidado, y no se le ocurre nada bueno.<br \/>\nAdem\u00e1s est\u00e1 en plena \u00abedad del pavo\u00bb y solo se le ocurren \u00abtont\u00e1s\u00bb como pianos, y \u00e9l y sus compa\u00f1eros ponen de los nervios a los profesores.<br \/>\nA trav\u00e9s de una conversaci\u00f3n con su hijo inventado, el autor nos narra en esta ocasi\u00f3n su paso por el instituto y por la universidad, describiendo con todo detalle las \u00absimplonadas\u00bb que vivi\u00f3 en el aula (y fuera de ella), que fueron muchas y variadas, y muy surrealistas.<br \/>\nSi te gustaron las travesuras de Gusito en su periodo escolar, ahora podr\u00e1s ser testigo de sus chorradas como adolescente, porque con el tiempo no madur\u00f3, todo lo contrario, sigui\u00f3 igual de cencerro que de chico.<br \/>\nSi quieres re\u00edrte un rato y desconectar\u2026 desde luego \u00e9ste es tu libro.<\/p>\n","protected":false},"excerpt":{"rendered":"<p>ISBN: 978-84-1181-631-1<\/p>\n<p class=\"p1\">SINOPSIS<\/p>\n<p>Gus ha crecido, ahora tiene bigotillo, acn\u00e9, voz de tenor y todos le llaman Luis, pero que no te enga\u00f1e\u2026 A pesar de su cara de \u00abangelito-que-no-ha-roto-un-plato-en-su-vida\u00bb sigue siendo un tiquismiquis y un sinverg\u00fcenza de cuidado, y no se le ocurre nada bueno.<br \/>\nAdem\u00e1s est\u00e1 en plena \u00abedad del pavo\u00bb y solo se le ocurren \u00abtont\u00e1s\u00bb como pianos, y \u00e9l y sus compa\u00f1eros ponen de los nervios a los profesores.<br \/>\nA trav\u00e9s de una conversaci\u00f3n con su hijo inventado, el autor nos narra en esta ocasi\u00f3n su paso por el instituto y por la universidad, describiendo con todo detalle las \u00absimplonadas\u00bb que vivi\u00f3 en el aula (y fuera de ella), que fueron muchas y variadas, y muy surrealistas.<br \/>\nSi te gustaron las travesuras de Gusito en su periodo escolar, ahora podr\u00e1s ser testigo de sus chorradas como adolescente, porque con el tiempo no madur\u00f3, todo lo contrario, sigui\u00f3 igual de cencerro que de chico.<br \/>\nSi quieres re\u00edrte un rato y desconectar\u2026 desde luego \u00e9ste es tu libro.<\/p>\n<p class=\"p1\">\n","protected":false},"featured_media":106418,"comment_status":"closed","ping_status":"closed","template":"","meta":{"_acf_changed":false},"libro":[],"product_brand":[],"product_cat":[31],"product_tag":[],"class_list":{"0":"post-101032","1":"product","2":"type-product","3":"status-publish","4":"has-post-thumbnail","6":"product_cat-autobiografia","8":"first","9":"instock","10":"product-type-simple"},"acf":{"autor":[76048],"enlace_de_compra":"https:\/\/www.paypal.com\/ncp\/payment\/9XSD2SYZG9Y7W"},"yoast_head":"<!-- This site is optimized with the Yoast SEO plugin v26.6 - https:\/\/yoast.com\/wordpress\/plugins\/seo\/ -->\n<title>Peripecias de un ni\u00f1o tiquismiquis 2 (La edad del pavo) 2\u00baEdici\u00f3n - Catalogo | Letrame Grupo Editorial<\/title>\n<meta name=\"robots\" content=\"index, follow, max-snippet:-1, max-image-preview:large, max-video-preview:-1\" \/>\n<link rel=\"canonical\" href=\"https:\/\/letrame.com\/catalogo\/producto\/peripecias-de-un-nino-tiquismiquis-2-la-edad-del-pavo\/\" \/>\n<meta property=\"og:locale\" content=\"es_ES\" \/>\n<meta property=\"og:type\" content=\"article\" \/>\n<meta property=\"og:title\" content=\"Peripecias de un ni\u00f1o tiquismiquis 2 (La edad del pavo) 2\u00baEdici\u00f3n - Catalogo | Letrame Grupo Editorial\" \/>\n<meta property=\"og:description\" content=\"ISBN: 978-84-1181-631-1 SINOPSIS Gus ha crecido, ahora tiene bigotillo, acn\u00e9, voz de tenor y todos le llaman Luis, pero que no te enga\u00f1e\u2026 A pesar de su cara de &quot;angelito-que-no-ha-roto-un-plato-en-su-vida&quot; sigue siendo un tiquismiquis y un sinverg\u00fcenza de cuidado, y no se le ocurre nada bueno. Adem\u00e1s est\u00e1 en plena &quot;edad del pavo&quot; y solo se le ocurren &quot;tont\u00e1s&quot; como pianos, y \u00e9l y sus compa\u00f1eros ponen de los nervios a los profesores. A trav\u00e9s de una conversaci\u00f3n con su hijo inventado, el autor nos narra en esta ocasi\u00f3n su paso por el instituto y por la universidad, describiendo con todo detalle las &quot;simplonadas&quot; que vivi\u00f3 en el aula (y fuera de ella), que fueron muchas y variadas, y muy surrealistas. Si te gustaron las travesuras de Gusito en su periodo escolar, ahora podr\u00e1s ser testigo de sus chorradas como adolescente, porque con el tiempo no madur\u00f3, todo lo contrario, sigui\u00f3 igual de cencerro que de chico. Si quieres re\u00edrte un rato y desconectar\u2026 desde luego \u00e9ste es tu libro.\" \/>\n<meta property=\"og:url\" content=\"https:\/\/letrame.com\/catalogo\/producto\/peripecias-de-un-nino-tiquismiquis-2-la-edad-del-pavo\/\" \/>\n<meta property=\"og:site_name\" content=\"Catalogo | Letrame Grupo Editorial\" \/>\n<meta property=\"article:modified_time\" content=\"2024-09-18T08:42:22+00:00\" \/>\n<meta property=\"og:image\" content=\"https:\/\/letrame.com\/catalogo\/wp-content\/uploads\/2024\/05\/zzperipecias_2ediconNUEVA_8mm.jpg\" \/>\n\t<meta property=\"og:image:width\" content=\"650\" \/>\n\t<meta property=\"og:image:height\" content=\"918\" \/>\n\t<meta property=\"og:image:type\" content=\"image\/jpeg\" \/>\n<meta name=\"twitter:card\" content=\"summary_large_image\" \/>\n<meta name=\"twitter:label1\" content=\"Tiempo de lectura\" \/>\n\t<meta name=\"twitter:data1\" content=\"2 minutos\" \/>\n<script type=\"application\/ld+json\" class=\"yoast-schema-graph\">{\"@context\":\"https:\/\/schema.org\",\"@graph\":[{\"@type\":\"WebPage\",\"@id\":\"https:\/\/letrame.com\/catalogo\/producto\/peripecias-de-un-nino-tiquismiquis-2-la-edad-del-pavo\/\",\"url\":\"https:\/\/letrame.com\/catalogo\/producto\/peripecias-de-un-nino-tiquismiquis-2-la-edad-del-pavo\/\",\"name\":\"Peripecias de un ni\u00f1o tiquismiquis 2 (La edad del pavo) 2\u00baEdici\u00f3n - Catalogo | Letrame Grupo Editorial\",\"isPartOf\":{\"@id\":\"https:\/\/letrame.com\/catalogo\/#website\"},\"primaryImageOfPage\":{\"@id\":\"https:\/\/letrame.com\/catalogo\/producto\/peripecias-de-un-nino-tiquismiquis-2-la-edad-del-pavo\/#primaryimage\"},\"image\":{\"@id\":\"https:\/\/letrame.com\/catalogo\/producto\/peripecias-de-un-nino-tiquismiquis-2-la-edad-del-pavo\/#primaryimage\"},\"thumbnailUrl\":\"https:\/\/letrame.com\/catalogo\/wp-content\/uploads\/2024\/05\/zzperipecias_2ediconNUEVA_8mm.jpg\",\"datePublished\":\"2024-05-23T08:23:32+00:00\",\"dateModified\":\"2024-09-18T08:42:22+00:00\",\"breadcrumb\":{\"@id\":\"https:\/\/letrame.com\/catalogo\/producto\/peripecias-de-un-nino-tiquismiquis-2-la-edad-del-pavo\/#breadcrumb\"},\"inLanguage\":\"es\",\"potentialAction\":[{\"@type\":\"ReadAction\",\"target\":[\"https:\/\/letrame.com\/catalogo\/producto\/peripecias-de-un-nino-tiquismiquis-2-la-edad-del-pavo\/\"]}]},{\"@type\":\"ImageObject\",\"inLanguage\":\"es\",\"@id\":\"https:\/\/letrame.com\/catalogo\/producto\/peripecias-de-un-nino-tiquismiquis-2-la-edad-del-pavo\/#primaryimage\",\"url\":\"https:\/\/letrame.com\/catalogo\/wp-content\/uploads\/2024\/05\/zzperipecias_2ediconNUEVA_8mm.jpg\",\"contentUrl\":\"https:\/\/letrame.com\/catalogo\/wp-content\/uploads\/2024\/05\/zzperipecias_2ediconNUEVA_8mm.jpg\",\"width\":650,\"height\":918},{\"@type\":\"BreadcrumbList\",\"@id\":\"https:\/\/letrame.com\/catalogo\/producto\/peripecias-de-un-nino-tiquismiquis-2-la-edad-del-pavo\/#breadcrumb\",\"itemListElement\":[{\"@type\":\"ListItem\",\"position\":1,\"name\":\"Portada\",\"item\":\"https:\/\/letrame.com\/catalogo\/\"},{\"@type\":\"ListItem\",\"position\":2,\"name\":\"Cat\u00e1logo\",\"item\":\"https:\/\/letrame.com\/catalogo\/\"},{\"@type\":\"ListItem\",\"position\":3,\"name\":\"Peripecias de un ni\u00f1o tiquismiquis 2 (La edad del pavo) 2\u00baEdici\u00f3n\"}]},{\"@type\":\"WebSite\",\"@id\":\"https:\/\/letrame.com\/catalogo\/#website\",\"url\":\"https:\/\/letrame.com\/catalogo\/\",\"name\":\"Catalogo | Letrame Grupo Editorial\",\"description\":\"\",\"publisher\":{\"@id\":\"https:\/\/letrame.com\/catalogo\/#organization\"},\"potentialAction\":[{\"@type\":\"SearchAction\",\"target\":{\"@type\":\"EntryPoint\",\"urlTemplate\":\"https:\/\/letrame.com\/catalogo\/?s={search_term_string}\"},\"query-input\":{\"@type\":\"PropertyValueSpecification\",\"valueRequired\":true,\"valueName\":\"search_term_string\"}}],\"inLanguage\":\"es\"},{\"@type\":\"Organization\",\"@id\":\"https:\/\/letrame.com\/catalogo\/#organization\",\"name\":\"Catalogo | Letrame Grupo Editorial\",\"url\":\"https:\/\/letrame.com\/catalogo\/\",\"logo\":{\"@type\":\"ImageObject\",\"inLanguage\":\"es\",\"@id\":\"https:\/\/letrame.com\/catalogo\/#\/schema\/logo\/image\/\",\"url\":\"https:\/\/letrame.com\/catalogo\/wp-content\/uploads\/2024\/03\/logo2.webp\",\"contentUrl\":\"https:\/\/letrame.com\/catalogo\/wp-content\/uploads\/2024\/03\/logo2.webp\",\"width\":394,\"height\":128,\"caption\":\"Catalogo | Letrame Grupo Editorial\"},\"image\":{\"@id\":\"https:\/\/letrame.com\/catalogo\/#\/schema\/logo\/image\/\"}}]}<\/script>\n<!-- \/ Yoast SEO plugin. -->","yoast_head_json":{"title":"Peripecias de un ni\u00f1o tiquismiquis 2 (La edad del pavo) 2\u00baEdici\u00f3n - Catalogo | Letrame Grupo Editorial","robots":{"index":"index","follow":"follow","max-snippet":"max-snippet:-1","max-image-preview":"max-image-preview:large","max-video-preview":"max-video-preview:-1"},"canonical":"https:\/\/letrame.com\/catalogo\/producto\/peripecias-de-un-nino-tiquismiquis-2-la-edad-del-pavo\/","og_locale":"es_ES","og_type":"article","og_title":"Peripecias de un ni\u00f1o tiquismiquis 2 (La edad del pavo) 2\u00baEdici\u00f3n - Catalogo | Letrame Grupo Editorial","og_description":"ISBN: 978-84-1181-631-1 SINOPSIS Gus ha crecido, ahora tiene bigotillo, acn\u00e9, voz de tenor y todos le llaman Luis, pero que no te enga\u00f1e\u2026 A pesar de su cara de \"angelito-que-no-ha-roto-un-plato-en-su-vida\" sigue siendo un tiquismiquis y un sinverg\u00fcenza de cuidado, y no se le ocurre nada bueno. Adem\u00e1s est\u00e1 en plena \"edad del pavo\" y solo se le ocurren \"tont\u00e1s\" como pianos, y \u00e9l y sus compa\u00f1eros ponen de los nervios a los profesores. A trav\u00e9s de una conversaci\u00f3n con su hijo inventado, el autor nos narra en esta ocasi\u00f3n su paso por el instituto y por la universidad, describiendo con todo detalle las \"simplonadas\" que vivi\u00f3 en el aula (y fuera de ella), que fueron muchas y variadas, y muy surrealistas. Si te gustaron las travesuras de Gusito en su periodo escolar, ahora podr\u00e1s ser testigo de sus chorradas como adolescente, porque con el tiempo no madur\u00f3, todo lo contrario, sigui\u00f3 igual de cencerro que de chico. Si quieres re\u00edrte un rato y desconectar\u2026 desde luego \u00e9ste es tu libro.","og_url":"https:\/\/letrame.com\/catalogo\/producto\/peripecias-de-un-nino-tiquismiquis-2-la-edad-del-pavo\/","og_site_name":"Catalogo | Letrame Grupo Editorial","article_modified_time":"2024-09-18T08:42:22+00:00","og_image":[{"width":650,"height":918,"url":"https:\/\/letrame.com\/catalogo\/wp-content\/uploads\/2024\/05\/zzperipecias_2ediconNUEVA_8mm.jpg","type":"image\/jpeg"}],"twitter_card":"summary_large_image","twitter_misc":{"Tiempo de lectura":"2 minutos"},"schema":{"@context":"https:\/\/schema.org","@graph":[{"@type":"WebPage","@id":"https:\/\/letrame.com\/catalogo\/producto\/peripecias-de-un-nino-tiquismiquis-2-la-edad-del-pavo\/","url":"https:\/\/letrame.com\/catalogo\/producto\/peripecias-de-un-nino-tiquismiquis-2-la-edad-del-pavo\/","name":"Peripecias de un ni\u00f1o tiquismiquis 2 (La edad del pavo) 2\u00baEdici\u00f3n - Catalogo | Letrame Grupo Editorial","isPartOf":{"@id":"https:\/\/letrame.com\/catalogo\/#website"},"primaryImageOfPage":{"@id":"https:\/\/letrame.com\/catalogo\/producto\/peripecias-de-un-nino-tiquismiquis-2-la-edad-del-pavo\/#primaryimage"},"image":{"@id":"https:\/\/letrame.com\/catalogo\/producto\/peripecias-de-un-nino-tiquismiquis-2-la-edad-del-pavo\/#primaryimage"},"thumbnailUrl":"https:\/\/letrame.com\/catalogo\/wp-content\/uploads\/2024\/05\/zzperipecias_2ediconNUEVA_8mm.jpg","datePublished":"2024-05-23T08:23:32+00:00","dateModified":"2024-09-18T08:42:22+00:00","breadcrumb":{"@id":"https:\/\/letrame.com\/catalogo\/producto\/peripecias-de-un-nino-tiquismiquis-2-la-edad-del-pavo\/#breadcrumb"},"inLanguage":"es","potentialAction":[{"@type":"ReadAction","target":["https:\/\/letrame.com\/catalogo\/producto\/peripecias-de-un-nino-tiquismiquis-2-la-edad-del-pavo\/"]}]},{"@type":"ImageObject","inLanguage":"es","@id":"https:\/\/letrame.com\/catalogo\/producto\/peripecias-de-un-nino-tiquismiquis-2-la-edad-del-pavo\/#primaryimage","url":"https:\/\/letrame.com\/catalogo\/wp-content\/uploads\/2024\/05\/zzperipecias_2ediconNUEVA_8mm.jpg","contentUrl":"https:\/\/letrame.com\/catalogo\/wp-content\/uploads\/2024\/05\/zzperipecias_2ediconNUEVA_8mm.jpg","width":650,"height":918},{"@type":"BreadcrumbList","@id":"https:\/\/letrame.com\/catalogo\/producto\/peripecias-de-un-nino-tiquismiquis-2-la-edad-del-pavo\/#breadcrumb","itemListElement":[{"@type":"ListItem","position":1,"name":"Portada","item":"https:\/\/letrame.com\/catalogo\/"},{"@type":"ListItem","position":2,"name":"Cat\u00e1logo","item":"https:\/\/letrame.com\/catalogo\/"},{"@type":"ListItem","position":3,"name":"Peripecias de un ni\u00f1o tiquismiquis 2 (La edad del pavo) 2\u00baEdici\u00f3n"}]},{"@type":"WebSite","@id":"https:\/\/letrame.com\/catalogo\/#website","url":"https:\/\/letrame.com\/catalogo\/","name":"Catalogo | Letrame Grupo Editorial","description":"","publisher":{"@id":"https:\/\/letrame.com\/catalogo\/#organization"},"potentialAction":[{"@type":"SearchAction","target":{"@type":"EntryPoint","urlTemplate":"https:\/\/letrame.com\/catalogo\/?s={search_term_string}"},"query-input":{"@type":"PropertyValueSpecification","valueRequired":true,"valueName":"search_term_string"}}],"inLanguage":"es"},{"@type":"Organization","@id":"https:\/\/letrame.com\/catalogo\/#organization","name":"Catalogo | Letrame Grupo Editorial","url":"https:\/\/letrame.com\/catalogo\/","logo":{"@type":"ImageObject","inLanguage":"es","@id":"https:\/\/letrame.com\/catalogo\/#\/schema\/logo\/image\/","url":"https:\/\/letrame.com\/catalogo\/wp-content\/uploads\/2024\/03\/logo2.webp","contentUrl":"https:\/\/letrame.com\/catalogo\/wp-content\/uploads\/2024\/03\/logo2.webp","width":394,"height":128,"caption":"Catalogo | Letrame Grupo Editorial"},"image":{"@id":"https:\/\/letrame.com\/catalogo\/#\/schema\/logo\/image\/"}}]}},"_links":{"self":[{"href":"https:\/\/letrame.com\/catalogo\/wp-json\/wp\/v2\/product\/101032","targetHints":{"allow":["GET"]}}],"collection":[{"href":"https:\/\/letrame.com\/catalogo\/wp-json\/wp\/v2\/product"}],"about":[{"href":"https:\/\/letrame.com\/catalogo\/wp-json\/wp\/v2\/types\/product"}],"replies":[{"embeddable":true,"href":"https:\/\/letrame.com\/catalogo\/wp-json\/wp\/v2\/comments?post=101032"}],"acf:post":[{"embeddable":true,"href":"https:\/\/letrame.com\/catalogo\/wp-json\/wp\/v2\/author_book\/76048"}],"wp:featuredmedia":[{"embeddable":true,"href":"https:\/\/letrame.com\/catalogo\/wp-json\/wp\/v2\/media\/106418"}],"wp:attachment":[{"href":"https:\/\/letrame.com\/catalogo\/wp-json\/wp\/v2\/media?parent=101032"}],"wp:term":[{"taxonomy":"libro","embeddable":true,"href":"https:\/\/letrame.com\/catalogo\/wp-json\/wp\/v2\/libro?post=101032"},{"taxonomy":"product_brand","embeddable":true,"href":"https:\/\/letrame.com\/catalogo\/wp-json\/wp\/v2\/product_brand?post=101032"},{"taxonomy":"product_cat","embeddable":true,"href":"https:\/\/letrame.com\/catalogo\/wp-json\/wp\/v2\/product_cat?post=101032"},{"taxonomy":"product_tag","embeddable":true,"href":"https:\/\/letrame.com\/catalogo\/wp-json\/wp\/v2\/product_tag?post=101032"}],"curies":[{"name":"wp","href":"https:\/\/api.w.org\/{rel}","templated":true}]}}