{"id":101024,"date":"2024-05-23T10:23:32","date_gmt":"2024-05-23T08:23:32","guid":{"rendered":"https:\/\/letrame.com\/catalogo\/producto\/esto-es-narcisismo\/"},"modified":"2024-07-26T11:03:28","modified_gmt":"2024-07-26T09:03:28","slug":"esto-es-narcisismo","status":"publish","type":"product","link":"https:\/\/letrame.com\/catalogo\/producto\/esto-es-narcisismo\/","title":{"rendered":"Esto es narcisismo"},"content":{"rendered":"<p class=\"p1\">ISBN:\u00a0978-84-1068-059-3<\/p>\n<p class=\"p1\">T\u00edtulo:\u00a0 ESTO ES NARCISISMO<\/p>\n<p class=\"p1\">Fecha: 2024<\/p>\n<p class=\"p1\">P\u00e1ginas:\u00a0 128<\/p>\n<p class=\"p1\">SINOPSIS<\/p>\n<p>&nbsp;<\/p>\n<p>Tienes que saberlo: el narcisista es un buen jugador, pero esto es porque jam\u00e1s juega limpio. Su tablero est\u00e1 dise\u00f1ado para que todo aquel que entre en \u00e9l pierda y sufra, mientras cree que quiz\u00e1 podr\u00eda ganar. No te sorprendas; es probable que conozcas a uno y que, sin darte cuenta, hayas sido v\u00edctima de sus manipulaciones.<\/p>\n<p>Un hecho interesante es que a lo largo de tu vida te topar\u00e1s con muchos de ellos: en el trabajo, en la iglesia, en tu hogar, etc., pero&#8230; \u00bfSabes c\u00f3mo identificarlos? \u00bfEntiendes por qu\u00e9 act\u00faan como act\u00faan?<\/p>\n<p>\u00bfSab\u00edas que cada vez hay m\u00e1s v\u00edctimas del abuso narcisista por todo el mundo? \u00bfHab\u00edas notado que en el cristianismo poco o nada se habla al respecto? El problema es que casi todos lo ignoran, por ello no est\u00e1n preparados para ayudar y mucho menos para recibir ayuda.<\/p>\n<p>En este peque\u00f1o, pero esencial libro, la autora pone a nuestro alcance las herramientas necesarias para ayudar o ser ayudados, pues muestra (desde una perspectiva b\u00edblica) lo que es el narcisismo y c\u00f3mo afecta a otros, y de forma simple recuerda al lector que Cristo a\u00fan tiene poder, que a\u00fan puede dar victoria y que a\u00fan ofrece libertad.<\/p>\n","protected":false},"excerpt":{"rendered":"<p class=\"p1\">ISBN:\u00a0978-84-1068-059-3<\/p>\n<p class=\"p1\">SINOPSIS<\/p>\n<p>&nbsp;<\/p>\n<p>Tienes que saberlo: el narcisista es un buen jugador, pero esto es porque jam\u00e1s juega limpio. Su tablero est\u00e1 dise\u00f1ado para que todo aquel que entre en \u00e9l pierda y sufra, mientras cree que quiz\u00e1 podr\u00eda ganar. No te sorprendas; es probable que conozcas a uno y que, sin darte cuenta, hayas sido v\u00edctima de sus manipulaciones.<\/p>\n<p>Un hecho interesante es que a lo largo de tu vida te topar\u00e1s con muchos de ellos: en el trabajo, en la iglesia, en tu hogar, etc., pero&#8230; \u00bfSabes c\u00f3mo identificarlos? \u00bfEntiendes por qu\u00e9 act\u00faan como act\u00faan?<\/p>\n<p>\u00bfSab\u00edas que cada vez hay m\u00e1s v\u00edctimas del abuso narcisista por todo el mundo? \u00bfHab\u00edas notado que en el cristianismo poco o nada se habla al respecto? El problema es que casi todos lo ignoran, por ello no est\u00e1n preparados para ayudar y mucho menos para recibir ayuda.<\/p>\n<p>En este peque\u00f1o, pero esencial libro, la autora pone a nuestro alcance las herramientas necesarias para ayudar o ser ayudados, pues muestra (desde una perspectiva b\u00edblica) lo que es el narcisismo y c\u00f3mo afecta a otros, y de forma simple recuerda al lector que Cristo a\u00fan tiene poder, que a\u00fan puede dar victoria y que a\u00fan ofrece libertad.<\/p>\n<p class=\"p1\">\n","protected":false},"featured_media":101025,"comment_status":"closed","ping_status":"closed","template":"","meta":{"_acf_changed":false},"libro":[],"product_brand":[],"product_cat":[16],"product_tag":[],"class_list":{"0":"post-101024","1":"product","2":"type-product","3":"status-publish","4":"has-post-thumbnail","6":"product_cat-novela","8":"first","9":"instock","10":"product-type-simple"},"acf":{"autor":[100771],"enlace_de_compra":"https:\/\/www.casadellibro.com\/libro-esto-es-narcisismo-un-enemigo-letal-y-silencioso\/9788410680593\/16058914"},"yoast_head":"<!-- This site is optimized with the Yoast SEO plugin v27.4 - https:\/\/yoast.com\/product\/yoast-seo-wordpress\/ -->\n<title>Esto es narcisismo - Catalogo | Letrame Grupo Editorial<\/title>\n<meta name=\"robots\" content=\"index, follow, max-snippet:-1, max-image-preview:large, max-video-preview:-1\" \/>\n<link rel=\"canonical\" href=\"https:\/\/letrame.com\/catalogo\/producto\/esto-es-narcisismo\/\" \/>\n<meta property=\"og:locale\" content=\"es_ES\" \/>\n<meta property=\"og:type\" content=\"article\" \/>\n<meta property=\"og:title\" content=\"Esto es narcisismo - Catalogo | Letrame Grupo Editorial\" \/>\n<meta property=\"og:description\" content=\"ISBN:\u00a0978-84-1068-059-3 SINOPSIS &nbsp;  Tienes que saberlo: el narcisista es un buen jugador, pero esto es porque jam\u00e1s juega limpio. Su tablero est\u00e1 dise\u00f1ado para que todo aquel que entre en \u00e9l pierda y sufra, mientras cree que quiz\u00e1 podr\u00eda ganar. No te sorprendas; es probable que conozcas a uno y que, sin darte cuenta, hayas sido v\u00edctima de sus manipulaciones.  Un hecho interesante es que a lo largo de tu vida te topar\u00e1s con muchos de ellos: en el trabajo, en la iglesia, en tu hogar, etc., pero... \u00bfSabes c\u00f3mo identificarlos? \u00bfEntiendes por qu\u00e9 act\u00faan como act\u00faan?  \u00bfSab\u00edas que cada vez hay m\u00e1s v\u00edctimas del abuso narcisista por todo el mundo? \u00bfHab\u00edas notado que en el cristianismo poco o nada se habla al respecto? El problema es que casi todos lo ignoran, por ello no est\u00e1n preparados para ayudar y mucho menos para recibir ayuda.  En este peque\u00f1o, pero esencial libro, la autora pone a nuestro alcance las herramientas necesarias para ayudar o ser ayudados, pues muestra (desde una perspectiva b\u00edblica) lo que es el narcisismo y c\u00f3mo afecta a otros, y de forma simple recuerda al lector que Cristo a\u00fan tiene poder, que a\u00fan puede dar victoria y que a\u00fan ofrece libertad.\" \/>\n<meta property=\"og:url\" content=\"https:\/\/letrame.com\/catalogo\/producto\/esto-es-narcisismo\/\" \/>\n<meta property=\"og:site_name\" content=\"Catalogo | Letrame Grupo Editorial\" \/>\n<meta property=\"article:modified_time\" content=\"2024-07-26T09:03:28+00:00\" \/>\n<meta property=\"og:image\" content=\"https:\/\/letrame.com\/catalogo\/wp-content\/uploads\/2024\/05\/webp_estoesnarcisismo_698mm-compressed-scaled-1.jpg\" \/>\n\t<meta property=\"og:image:width\" content=\"1746\" \/>\n\t<meta property=\"og:image:height\" content=\"2560\" \/>\n\t<meta property=\"og:image:type\" content=\"image\/jpeg\" \/>\n<meta name=\"twitter:card\" content=\"summary_large_image\" \/>\n<meta name=\"twitter:label1\" content=\"Tiempo de lectura\" \/>\n\t<meta name=\"twitter:data1\" content=\"2 minutos\" \/>\n<script type=\"application\/ld+json\" class=\"yoast-schema-graph\">{\"@context\":\"https:\\\/\\\/schema.org\",\"@graph\":[{\"@type\":\"WebPage\",\"@id\":\"https:\\\/\\\/letrame.com\\\/catalogo\\\/producto\\\/esto-es-narcisismo\\\/\",\"url\":\"https:\\\/\\\/letrame.com\\\/catalogo\\\/producto\\\/esto-es-narcisismo\\\/\",\"name\":\"Esto es narcisismo - Catalogo | Letrame Grupo Editorial\",\"isPartOf\":{\"@id\":\"https:\\\/\\\/letrame.com\\\/catalogo\\\/#website\"},\"primaryImageOfPage\":{\"@id\":\"https:\\\/\\\/letrame.com\\\/catalogo\\\/producto\\\/esto-es-narcisismo\\\/#primaryimage\"},\"image\":{\"@id\":\"https:\\\/\\\/letrame.com\\\/catalogo\\\/producto\\\/esto-es-narcisismo\\\/#primaryimage\"},\"thumbnailUrl\":\"https:\\\/\\\/letrame.com\\\/catalogo\\\/wp-content\\\/uploads\\\/2024\\\/05\\\/webp_estoesnarcisismo_698mm-compressed-scaled-1.jpg\",\"datePublished\":\"2024-05-23T08:23:32+00:00\",\"dateModified\":\"2024-07-26T09:03:28+00:00\",\"breadcrumb\":{\"@id\":\"https:\\\/\\\/letrame.com\\\/catalogo\\\/producto\\\/esto-es-narcisismo\\\/#breadcrumb\"},\"inLanguage\":\"es\",\"potentialAction\":[{\"@type\":\"ReadAction\",\"target\":[\"https:\\\/\\\/letrame.com\\\/catalogo\\\/producto\\\/esto-es-narcisismo\\\/\"]}]},{\"@type\":\"ImageObject\",\"inLanguage\":\"es\",\"@id\":\"https:\\\/\\\/letrame.com\\\/catalogo\\\/producto\\\/esto-es-narcisismo\\\/#primaryimage\",\"url\":\"https:\\\/\\\/letrame.com\\\/catalogo\\\/wp-content\\\/uploads\\\/2024\\\/05\\\/webp_estoesnarcisismo_698mm-compressed-scaled-1.jpg\",\"contentUrl\":\"https:\\\/\\\/letrame.com\\\/catalogo\\\/wp-content\\\/uploads\\\/2024\\\/05\\\/webp_estoesnarcisismo_698mm-compressed-scaled-1.jpg\",\"width\":1746,\"height\":2560},{\"@type\":\"BreadcrumbList\",\"@id\":\"https:\\\/\\\/letrame.com\\\/catalogo\\\/producto\\\/esto-es-narcisismo\\\/#breadcrumb\",\"itemListElement\":[{\"@type\":\"ListItem\",\"position\":1,\"name\":\"Portada\",\"item\":\"https:\\\/\\\/letrame.com\\\/catalogo\\\/\"},{\"@type\":\"ListItem\",\"position\":2,\"name\":\"Cat\u00e1logo\",\"item\":\"https:\\\/\\\/letrame.com\\\/catalogo\\\/\"},{\"@type\":\"ListItem\",\"position\":3,\"name\":\"Esto es narcisismo\"}]},{\"@type\":\"WebSite\",\"@id\":\"https:\\\/\\\/letrame.com\\\/catalogo\\\/#website\",\"url\":\"https:\\\/\\\/letrame.com\\\/catalogo\\\/\",\"name\":\"Catalogo | Letrame Grupo Editorial\",\"description\":\"\",\"publisher\":{\"@id\":\"https:\\\/\\\/letrame.com\\\/catalogo\\\/#organization\"},\"potentialAction\":[{\"@type\":\"SearchAction\",\"target\":{\"@type\":\"EntryPoint\",\"urlTemplate\":\"https:\\\/\\\/letrame.com\\\/catalogo\\\/?s={search_term_string}\"},\"query-input\":{\"@type\":\"PropertyValueSpecification\",\"valueRequired\":true,\"valueName\":\"search_term_string\"}}],\"inLanguage\":\"es\"},{\"@type\":\"Organization\",\"@id\":\"https:\\\/\\\/letrame.com\\\/catalogo\\\/#organization\",\"name\":\"Catalogo | Letrame Grupo Editorial\",\"url\":\"https:\\\/\\\/letrame.com\\\/catalogo\\\/\",\"logo\":{\"@type\":\"ImageObject\",\"inLanguage\":\"es\",\"@id\":\"https:\\\/\\\/letrame.com\\\/catalogo\\\/#\\\/schema\\\/logo\\\/image\\\/\",\"url\":\"https:\\\/\\\/letrame.com\\\/catalogo\\\/wp-content\\\/uploads\\\/2024\\\/03\\\/logo2.webp\",\"contentUrl\":\"https:\\\/\\\/letrame.com\\\/catalogo\\\/wp-content\\\/uploads\\\/2024\\\/03\\\/logo2.webp\",\"width\":394,\"height\":128,\"caption\":\"Catalogo | Letrame Grupo Editorial\"},\"image\":{\"@id\":\"https:\\\/\\\/letrame.com\\\/catalogo\\\/#\\\/schema\\\/logo\\\/image\\\/\"}}]}<\/script>\n<!-- \/ Yoast SEO plugin. -->","yoast_head_json":{"title":"Esto es narcisismo - Catalogo | Letrame Grupo Editorial","robots":{"index":"index","follow":"follow","max-snippet":"max-snippet:-1","max-image-preview":"max-image-preview:large","max-video-preview":"max-video-preview:-1"},"canonical":"https:\/\/letrame.com\/catalogo\/producto\/esto-es-narcisismo\/","og_locale":"es_ES","og_type":"article","og_title":"Esto es narcisismo - Catalogo | Letrame Grupo Editorial","og_description":"ISBN:\u00a0978-84-1068-059-3 SINOPSIS &nbsp;  Tienes que saberlo: el narcisista es un buen jugador, pero esto es porque jam\u00e1s juega limpio. Su tablero est\u00e1 dise\u00f1ado para que todo aquel que entre en \u00e9l pierda y sufra, mientras cree que quiz\u00e1 podr\u00eda ganar. No te sorprendas; es probable que conozcas a uno y que, sin darte cuenta, hayas sido v\u00edctima de sus manipulaciones.  Un hecho interesante es que a lo largo de tu vida te topar\u00e1s con muchos de ellos: en el trabajo, en la iglesia, en tu hogar, etc., pero... \u00bfSabes c\u00f3mo identificarlos? \u00bfEntiendes por qu\u00e9 act\u00faan como act\u00faan?  \u00bfSab\u00edas que cada vez hay m\u00e1s v\u00edctimas del abuso narcisista por todo el mundo? \u00bfHab\u00edas notado que en el cristianismo poco o nada se habla al respecto? El problema es que casi todos lo ignoran, por ello no est\u00e1n preparados para ayudar y mucho menos para recibir ayuda.  En este peque\u00f1o, pero esencial libro, la autora pone a nuestro alcance las herramientas necesarias para ayudar o ser ayudados, pues muestra (desde una perspectiva b\u00edblica) lo que es el narcisismo y c\u00f3mo afecta a otros, y de forma simple recuerda al lector que Cristo a\u00fan tiene poder, que a\u00fan puede dar victoria y que a\u00fan ofrece libertad.","og_url":"https:\/\/letrame.com\/catalogo\/producto\/esto-es-narcisismo\/","og_site_name":"Catalogo | Letrame Grupo Editorial","article_modified_time":"2024-07-26T09:03:28+00:00","og_image":[{"width":1746,"height":2560,"url":"https:\/\/letrame.com\/catalogo\/wp-content\/uploads\/2024\/05\/webp_estoesnarcisismo_698mm-compressed-scaled-1.jpg","type":"image\/jpeg"}],"twitter_card":"summary_large_image","twitter_misc":{"Tiempo de lectura":"2 minutos"},"schema":{"@context":"https:\/\/schema.org","@graph":[{"@type":"WebPage","@id":"https:\/\/letrame.com\/catalogo\/producto\/esto-es-narcisismo\/","url":"https:\/\/letrame.com\/catalogo\/producto\/esto-es-narcisismo\/","name":"Esto es narcisismo - Catalogo | Letrame Grupo Editorial","isPartOf":{"@id":"https:\/\/letrame.com\/catalogo\/#website"},"primaryImageOfPage":{"@id":"https:\/\/letrame.com\/catalogo\/producto\/esto-es-narcisismo\/#primaryimage"},"image":{"@id":"https:\/\/letrame.com\/catalogo\/producto\/esto-es-narcisismo\/#primaryimage"},"thumbnailUrl":"https:\/\/letrame.com\/catalogo\/wp-content\/uploads\/2024\/05\/webp_estoesnarcisismo_698mm-compressed-scaled-1.jpg","datePublished":"2024-05-23T08:23:32+00:00","dateModified":"2024-07-26T09:03:28+00:00","breadcrumb":{"@id":"https:\/\/letrame.com\/catalogo\/producto\/esto-es-narcisismo\/#breadcrumb"},"inLanguage":"es","potentialAction":[{"@type":"ReadAction","target":["https:\/\/letrame.com\/catalogo\/producto\/esto-es-narcisismo\/"]}]},{"@type":"ImageObject","inLanguage":"es","@id":"https:\/\/letrame.com\/catalogo\/producto\/esto-es-narcisismo\/#primaryimage","url":"https:\/\/letrame.com\/catalogo\/wp-content\/uploads\/2024\/05\/webp_estoesnarcisismo_698mm-compressed-scaled-1.jpg","contentUrl":"https:\/\/letrame.com\/catalogo\/wp-content\/uploads\/2024\/05\/webp_estoesnarcisismo_698mm-compressed-scaled-1.jpg","width":1746,"height":2560},{"@type":"BreadcrumbList","@id":"https:\/\/letrame.com\/catalogo\/producto\/esto-es-narcisismo\/#breadcrumb","itemListElement":[{"@type":"ListItem","position":1,"name":"Portada","item":"https:\/\/letrame.com\/catalogo\/"},{"@type":"ListItem","position":2,"name":"Cat\u00e1logo","item":"https:\/\/letrame.com\/catalogo\/"},{"@type":"ListItem","position":3,"name":"Esto es narcisismo"}]},{"@type":"WebSite","@id":"https:\/\/letrame.com\/catalogo\/#website","url":"https:\/\/letrame.com\/catalogo\/","name":"Catalogo | Letrame Grupo Editorial","description":"","publisher":{"@id":"https:\/\/letrame.com\/catalogo\/#organization"},"potentialAction":[{"@type":"SearchAction","target":{"@type":"EntryPoint","urlTemplate":"https:\/\/letrame.com\/catalogo\/?s={search_term_string}"},"query-input":{"@type":"PropertyValueSpecification","valueRequired":true,"valueName":"search_term_string"}}],"inLanguage":"es"},{"@type":"Organization","@id":"https:\/\/letrame.com\/catalogo\/#organization","name":"Catalogo | Letrame Grupo Editorial","url":"https:\/\/letrame.com\/catalogo\/","logo":{"@type":"ImageObject","inLanguage":"es","@id":"https:\/\/letrame.com\/catalogo\/#\/schema\/logo\/image\/","url":"https:\/\/letrame.com\/catalogo\/wp-content\/uploads\/2024\/03\/logo2.webp","contentUrl":"https:\/\/letrame.com\/catalogo\/wp-content\/uploads\/2024\/03\/logo2.webp","width":394,"height":128,"caption":"Catalogo | Letrame Grupo Editorial"},"image":{"@id":"https:\/\/letrame.com\/catalogo\/#\/schema\/logo\/image\/"}}]}},"_links":{"self":[{"href":"https:\/\/letrame.com\/catalogo\/wp-json\/wp\/v2\/product\/101024","targetHints":{"allow":["GET"]}}],"collection":[{"href":"https:\/\/letrame.com\/catalogo\/wp-json\/wp\/v2\/product"}],"about":[{"href":"https:\/\/letrame.com\/catalogo\/wp-json\/wp\/v2\/types\/product"}],"replies":[{"embeddable":true,"href":"https:\/\/letrame.com\/catalogo\/wp-json\/wp\/v2\/comments?post=101024"}],"acf:post":[{"embeddable":true,"href":"https:\/\/letrame.com\/catalogo\/wp-json\/wp\/v2\/author_book\/100771"}],"wp:featuredmedia":[{"embeddable":true,"href":"https:\/\/letrame.com\/catalogo\/wp-json\/wp\/v2\/media\/101025"}],"wp:attachment":[{"href":"https:\/\/letrame.com\/catalogo\/wp-json\/wp\/v2\/media?parent=101024"}],"wp:term":[{"taxonomy":"libro","embeddable":true,"href":"https:\/\/letrame.com\/catalogo\/wp-json\/wp\/v2\/libro?post=101024"},{"taxonomy":"product_brand","embeddable":true,"href":"https:\/\/letrame.com\/catalogo\/wp-json\/wp\/v2\/product_brand?post=101024"},{"taxonomy":"product_cat","embeddable":true,"href":"https:\/\/letrame.com\/catalogo\/wp-json\/wp\/v2\/product_cat?post=101024"},{"taxonomy":"product_tag","embeddable":true,"href":"https:\/\/letrame.com\/catalogo\/wp-json\/wp\/v2\/product_tag?post=101024"}],"curies":[{"name":"wp","href":"https:\/\/api.w.org\/{rel}","templated":true}]}}