{"id":101022,"date":"2024-05-23T10:23:32","date_gmt":"2024-05-23T08:23:32","guid":{"rendered":"https:\/\/letrame.com\/catalogo\/producto\/expedicion-animal-por-el-rio-magdalena-de-colombia\/"},"modified":"2024-06-04T15:26:22","modified_gmt":"2024-06-04T13:26:22","slug":"expedicion-animal-por-el-rio-magdalena-de-colombia","status":"publish","type":"product","link":"https:\/\/letrame.com\/catalogo\/producto\/expedicion-animal-por-el-rio-magdalena-de-colombia\/","title":{"rendered":"Expedici\u00f3n animal por el r\u00edo Magdalena de Colombia"},"content":{"rendered":"<p class=\"p1\">ISBN:\u00a0978-84-1181-394-5<\/p>\n<p class=\"p1\">T\u00edtulo: EXPEDICI\u00d3N ANIMAL POR EL R\u00cdO MAGDALENA DE COLOMBIA<\/p>\n<p class=\"p1\">Fecha: 2024<\/p>\n<p class=\"p1\">P\u00e1ginas:\u00a0 327<\/p>\n<p class=\"p1\">SINOPSIS<\/p>\n<p><em>Expedici\u00f3n animal y fungi por el r\u00f1io Magdalena de Colombia<\/em> es un valioso esfuerzo investigativo donde el autor Camilo Duran Molina, escritor historiador y ambientalista, realiza la exquisita aventura de estudiar, por mucho tiempo de su vida, la gran biodiversidad animal y f\u00fangica oculta en una extensa regi\u00f3n del r\u00edo Magdalena, el m\u00e1s extenso de Colombia.<\/p>\n<p>Un viaje de exploraci\u00f3n tiene como eje el agua, partiendo de los pastizales de la zona plana del valle inter andino del r\u00edo Magdalena; sus afluentes, pantanos, humedales y ci\u00e9negas y se remonta hasta el bello paisaje de laderas del bosque de la parte occidental y oriental del gran r\u00edo en el coraz\u00f3n de Colombia.<\/p>\n<p>El \u00e1rea tiene un h\u00e1bitat flor\u00edstico de bosque intervenido, pastizales, bosque natural primario, ecosistemas acu\u00e1ticos, relieve plano a muy escarpado, temperaturas promedias que parten de 28 grados cent\u00edgrados a 20 grados, formaci\u00f3n vegetal de bosque seco tropical, bosque en transici\u00f3n a muy seco tropical, premontano y bosque h\u00famedo tropical. Con una precipitaci\u00f3n anual con rangos de 400 a 7.500 mil\u00edmetros.<\/p>\n<p>En su maravilloso viaje, Camilo Duran Molina, captura con su c\u00e1mara muchas especies animales y hongos, de extraordinaria belleza, insertos en espectaculares paisajes naturales, algunos end\u00e9micos de esta regi\u00f3n de Colombia. El cuerpo de la obra agrupa en 209 familias, en orden alfab\u00e9tico, identificadas con su nombre com\u00fan y cient\u00edfico, cerca de 700 especies faun\u00edsticas. De forma sencilla, se describe la morfolog\u00eda, alimentaci\u00f3n y ubicaci\u00f3n geogr\u00e1fica de cada una de las especies.<\/p>\n<p>En su exploraci\u00f3n de campo ilustra con fotograf\u00edas las especies animales silvestres y naturalizadas de aves, ar\u00e1cnidos, crust\u00e1ceos, insectos, an\u00e9lidos, anfibios, insectos, marsupiales, moluscos, mam\u00edferos, peces, reptiles y hongos.<\/p>\n<p>La obra muestra al mundo un testimonio de campo con enfoque territorial, un cuadro maravilloso que permite conocer una rica biodiversidad de especies terrestres y acu\u00e1ticas; permanentes , migrantes y end\u00e9micas. Especies en amenaza, perdidas y en v\u00eda de extinci\u00f3n, ocasionado por el detrimento del h\u00e1bitat, la degradaci\u00f3n, la caza, la pesca, el tr\u00e1fico antr\u00f3pico y los efectos del cambio clim\u00e1tico.<\/p>\n<p>Tiene aqu\u00ed la humanidad el privilegio de estar al tanto y conocer la vida que a\u00fan podemos avistar en un jard\u00edn de Colombia.<\/p>\n","protected":false},"excerpt":{"rendered":"<p class=\"p1\">ISBN:\u00a0978-84-1181-394-5<\/p>\n<p class=\"p1\">SINOPSIS<\/p>\n<p><em>Expedici\u00f3n animal y fungi por el r\u00f1io Magdalena de Colombia<\/em> es un valioso esfuerzo investigativo donde el autor Camilo Duran Molina, escritor historiador y ambientalista, realiza la exquisita aventura de estudiar, por mucho tiempo de su vida, la gran biodiversidad animal y f\u00fangica oculta en una extensa regi\u00f3n del r\u00edo Magdalena, el m\u00e1s extenso de Colombia.<\/p>\n<p>Un viaje de exploraci\u00f3n tiene como eje el agua, partiendo de los pastizales de la zona plana del valle inter andino del r\u00edo Magdalena; sus afluentes, pantanos, humedales y ci\u00e9negas y se remonta hasta el bello paisaje de laderas del bosque de la parte occidental y oriental del gran r\u00edo en el coraz\u00f3n de Colombia.<\/p>\n<p>El \u00e1rea tiene un h\u00e1bitat flor\u00edstico de bosque intervenido, pastizales, bosque natural primario, ecosistemas acu\u00e1ticos, relieve plano a muy escarpado, temperaturas promedias que parten de 28 grados cent\u00edgrados a 20 grados, formaci\u00f3n vegetal de bosque seco tropical, bosque en transici\u00f3n a muy seco tropical, premontano y bosque h\u00famedo tropical. Con una precipitaci\u00f3n anual con rangos de 400 a 7.500 mil\u00edmetros.<\/p>\n<p>En su maravilloso viaje, Camilo Duran Molina, captura con su c\u00e1mara muchas especies animales y hongos, de extraordinaria belleza, insertos en espectaculares paisajes naturales, algunos end\u00e9micos de esta regi\u00f3n de Colombia. El cuerpo de la obra agrupa en 209 familias, en orden alfab\u00e9tico, identificadas con su nombre com\u00fan y cient\u00edfico, cerca de 700 especies faun\u00edsticas. De forma sencilla, se describe la morfolog\u00eda, alimentaci\u00f3n y ubicaci\u00f3n geogr\u00e1fica de cada una de las especies.<\/p>\n<p>En su exploraci\u00f3n de campo ilustra con fotograf\u00edas las especies animales silvestres y naturalizadas de aves, ar\u00e1cnidos, crust\u00e1ceos, insectos, an\u00e9lidos, anfibios, insectos, marsupiales, moluscos, mam\u00edferos, peces, reptiles y hongos.<\/p>\n<p>La obra muestra al mundo un testimonio de campo con enfoque territorial, un cuadro maravilloso que permite conocer una rica biodiversidad de especies terrestres y acu\u00e1ticas; permanentes , migrantes y end\u00e9micas. Especies en amenaza, perdidas y en v\u00eda de extinci\u00f3n, ocasionado por el detrimento del h\u00e1bitat, la degradaci\u00f3n, la caza, la pesca, el tr\u00e1fico antr\u00f3pico y los efectos del cambio clim\u00e1tico.<\/p>\n<p>Tiene aqu\u00ed la humanidad el privilegio de estar al tanto y conocer la vida que a\u00fan podemos avistar en un jard\u00edn de Colombia.<\/p>\n<p>&nbsp;<\/p>\n","protected":false},"featured_media":101023,"comment_status":"closed","ping_status":"closed","template":"","meta":{"_acf_changed":false},"libro":[],"product_brand":[],"product_cat":[122],"product_tag":[],"class_list":{"0":"post-101022","1":"product","2":"type-product","3":"status-publish","4":"has-post-thumbnail","6":"product_cat-ciencias-naturales","8":"first","9":"instock","10":"product-type-simple"},"acf":{"autor":[100769],"enlace_de_compra":"https:\/\/www.casadellibro.com\/libro-expedicion-animal-por-el-rio-magdalena-de-colombia\/9788411813945\/16087398"},"yoast_head":"<!-- This site is optimized with the Yoast SEO plugin v27.4 - https:\/\/yoast.com\/product\/yoast-seo-wordpress\/ -->\n<title>Expedici\u00f3n animal por el r\u00edo Magdalena de Colombia - Catalogo | Letrame Grupo Editorial<\/title>\n<meta name=\"robots\" content=\"index, follow, max-snippet:-1, max-image-preview:large, max-video-preview:-1\" \/>\n<link rel=\"canonical\" href=\"https:\/\/letrame.com\/catalogo\/producto\/expedicion-animal-por-el-rio-magdalena-de-colombia\/\" \/>\n<meta property=\"og:locale\" content=\"es_ES\" \/>\n<meta property=\"og:type\" content=\"article\" \/>\n<meta property=\"og:title\" content=\"Expedici\u00f3n animal por el r\u00edo Magdalena de Colombia - Catalogo | Letrame Grupo Editorial\" \/>\n<meta property=\"og:description\" content=\"ISBN:\u00a0978-84-1181-394-5 SINOPSIS Expedici\u00f3n animal y fungi por el r\u00f1io Magdalena de Colombia es un valioso esfuerzo investigativo donde el autor Camilo Duran Molina, escritor historiador y ambientalista, realiza la exquisita aventura de estudiar, por mucho tiempo de su vida, la gran biodiversidad animal y f\u00fangica oculta en una extensa regi\u00f3n del r\u00edo Magdalena, el m\u00e1s extenso de Colombia.  Un viaje de exploraci\u00f3n tiene como eje el agua, partiendo de los pastizales de la zona plana del valle inter andino del r\u00edo Magdalena; sus afluentes, pantanos, humedales y ci\u00e9negas y se remonta hasta el bello paisaje de laderas del bosque de la parte occidental y oriental del gran r\u00edo en el coraz\u00f3n de Colombia.  El \u00e1rea tiene un h\u00e1bitat flor\u00edstico de bosque intervenido, pastizales, bosque natural primario, ecosistemas acu\u00e1ticos, relieve plano a muy escarpado, temperaturas promedias que parten de 28 grados cent\u00edgrados a 20 grados, formaci\u00f3n vegetal de bosque seco tropical, bosque en transici\u00f3n a muy seco tropical, premontano y bosque h\u00famedo tropical. Con una precipitaci\u00f3n anual con rangos de 400 a 7.500 mil\u00edmetros.  En su maravilloso viaje, Camilo Duran Molina, captura con su c\u00e1mara muchas especies animales y hongos, de extraordinaria belleza, insertos en espectaculares paisajes naturales, algunos end\u00e9micos de esta regi\u00f3n de Colombia. El cuerpo de la obra agrupa en 209 familias, en orden alfab\u00e9tico, identificadas con su nombre com\u00fan y cient\u00edfico, cerca de 700 especies faun\u00edsticas. De forma sencilla, se describe la morfolog\u00eda, alimentaci\u00f3n y ubicaci\u00f3n geogr\u00e1fica de cada una de las especies.  En su exploraci\u00f3n de campo ilustra con fotograf\u00edas las especies animales silvestres y naturalizadas de aves, ar\u00e1cnidos, crust\u00e1ceos, insectos, an\u00e9lidos, anfibios, insectos, marsupiales, moluscos, mam\u00edferos, peces, reptiles y hongos.  La obra muestra al mundo un testimonio de campo con enfoque territorial, un cuadro maravilloso que permite conocer una rica biodiversidad de especies terrestres y acu\u00e1ticas; permanentes , migrantes y end\u00e9micas. Especies en amenaza, perdidas y en v\u00eda de extinci\u00f3n, ocasionado por el detrimento del h\u00e1bitat, la degradaci\u00f3n, la caza, la pesca, el tr\u00e1fico antr\u00f3pico y los efectos del cambio clim\u00e1tico.  Tiene aqu\u00ed la humanidad el privilegio de estar al tanto y conocer la vida que a\u00fan podemos avistar en un jard\u00edn de Colombia.  &nbsp;\" \/>\n<meta property=\"og:url\" content=\"https:\/\/letrame.com\/catalogo\/producto\/expedicion-animal-por-el-rio-magdalena-de-colombia\/\" \/>\n<meta property=\"og:site_name\" content=\"Catalogo | Letrame Grupo Editorial\" \/>\n<meta property=\"article:modified_time\" content=\"2024-06-04T13:26:22+00:00\" \/>\n<meta property=\"og:image\" content=\"https:\/\/letrame.com\/catalogo\/wp-content\/uploads\/2024\/05\/webp_expedicionanimal_1615mm-compressed-scaled-1.jpg\" \/>\n\t<meta property=\"og:image:width\" content=\"1746\" \/>\n\t<meta property=\"og:image:height\" content=\"2560\" \/>\n\t<meta property=\"og:image:type\" content=\"image\/jpeg\" \/>\n<meta name=\"twitter:card\" content=\"summary_large_image\" \/>\n<meta name=\"twitter:label1\" content=\"Tiempo de lectura\" \/>\n\t<meta name=\"twitter:data1\" content=\"2 minutos\" \/>\n<script type=\"application\/ld+json\" class=\"yoast-schema-graph\">{\"@context\":\"https:\\\/\\\/schema.org\",\"@graph\":[{\"@type\":\"WebPage\",\"@id\":\"https:\\\/\\\/letrame.com\\\/catalogo\\\/producto\\\/expedicion-animal-por-el-rio-magdalena-de-colombia\\\/\",\"url\":\"https:\\\/\\\/letrame.com\\\/catalogo\\\/producto\\\/expedicion-animal-por-el-rio-magdalena-de-colombia\\\/\",\"name\":\"Expedici\u00f3n animal por el r\u00edo Magdalena de Colombia - Catalogo | Letrame Grupo Editorial\",\"isPartOf\":{\"@id\":\"https:\\\/\\\/letrame.com\\\/catalogo\\\/#website\"},\"primaryImageOfPage\":{\"@id\":\"https:\\\/\\\/letrame.com\\\/catalogo\\\/producto\\\/expedicion-animal-por-el-rio-magdalena-de-colombia\\\/#primaryimage\"},\"image\":{\"@id\":\"https:\\\/\\\/letrame.com\\\/catalogo\\\/producto\\\/expedicion-animal-por-el-rio-magdalena-de-colombia\\\/#primaryimage\"},\"thumbnailUrl\":\"https:\\\/\\\/letrame.com\\\/catalogo\\\/wp-content\\\/uploads\\\/2024\\\/05\\\/webp_expedicionanimal_1615mm-compressed-scaled-1.jpg\",\"datePublished\":\"2024-05-23T08:23:32+00:00\",\"dateModified\":\"2024-06-04T13:26:22+00:00\",\"breadcrumb\":{\"@id\":\"https:\\\/\\\/letrame.com\\\/catalogo\\\/producto\\\/expedicion-animal-por-el-rio-magdalena-de-colombia\\\/#breadcrumb\"},\"inLanguage\":\"es\",\"potentialAction\":[{\"@type\":\"ReadAction\",\"target\":[\"https:\\\/\\\/letrame.com\\\/catalogo\\\/producto\\\/expedicion-animal-por-el-rio-magdalena-de-colombia\\\/\"]}]},{\"@type\":\"ImageObject\",\"inLanguage\":\"es\",\"@id\":\"https:\\\/\\\/letrame.com\\\/catalogo\\\/producto\\\/expedicion-animal-por-el-rio-magdalena-de-colombia\\\/#primaryimage\",\"url\":\"https:\\\/\\\/letrame.com\\\/catalogo\\\/wp-content\\\/uploads\\\/2024\\\/05\\\/webp_expedicionanimal_1615mm-compressed-scaled-1.jpg\",\"contentUrl\":\"https:\\\/\\\/letrame.com\\\/catalogo\\\/wp-content\\\/uploads\\\/2024\\\/05\\\/webp_expedicionanimal_1615mm-compressed-scaled-1.jpg\",\"width\":1746,\"height\":2560},{\"@type\":\"BreadcrumbList\",\"@id\":\"https:\\\/\\\/letrame.com\\\/catalogo\\\/producto\\\/expedicion-animal-por-el-rio-magdalena-de-colombia\\\/#breadcrumb\",\"itemListElement\":[{\"@type\":\"ListItem\",\"position\":1,\"name\":\"Portada\",\"item\":\"https:\\\/\\\/letrame.com\\\/catalogo\\\/\"},{\"@type\":\"ListItem\",\"position\":2,\"name\":\"Cat\u00e1logo\",\"item\":\"https:\\\/\\\/letrame.com\\\/catalogo\\\/\"},{\"@type\":\"ListItem\",\"position\":3,\"name\":\"Expedici\u00f3n animal por el r\u00edo Magdalena de Colombia\"}]},{\"@type\":\"WebSite\",\"@id\":\"https:\\\/\\\/letrame.com\\\/catalogo\\\/#website\",\"url\":\"https:\\\/\\\/letrame.com\\\/catalogo\\\/\",\"name\":\"Catalogo | Letrame Grupo Editorial\",\"description\":\"\",\"publisher\":{\"@id\":\"https:\\\/\\\/letrame.com\\\/catalogo\\\/#organization\"},\"potentialAction\":[{\"@type\":\"SearchAction\",\"target\":{\"@type\":\"EntryPoint\",\"urlTemplate\":\"https:\\\/\\\/letrame.com\\\/catalogo\\\/?s={search_term_string}\"},\"query-input\":{\"@type\":\"PropertyValueSpecification\",\"valueRequired\":true,\"valueName\":\"search_term_string\"}}],\"inLanguage\":\"es\"},{\"@type\":\"Organization\",\"@id\":\"https:\\\/\\\/letrame.com\\\/catalogo\\\/#organization\",\"name\":\"Catalogo | Letrame Grupo Editorial\",\"url\":\"https:\\\/\\\/letrame.com\\\/catalogo\\\/\",\"logo\":{\"@type\":\"ImageObject\",\"inLanguage\":\"es\",\"@id\":\"https:\\\/\\\/letrame.com\\\/catalogo\\\/#\\\/schema\\\/logo\\\/image\\\/\",\"url\":\"https:\\\/\\\/letrame.com\\\/catalogo\\\/wp-content\\\/uploads\\\/2024\\\/03\\\/logo2.webp\",\"contentUrl\":\"https:\\\/\\\/letrame.com\\\/catalogo\\\/wp-content\\\/uploads\\\/2024\\\/03\\\/logo2.webp\",\"width\":394,\"height\":128,\"caption\":\"Catalogo | Letrame Grupo Editorial\"},\"image\":{\"@id\":\"https:\\\/\\\/letrame.com\\\/catalogo\\\/#\\\/schema\\\/logo\\\/image\\\/\"}}]}<\/script>\n<!-- \/ Yoast SEO plugin. -->","yoast_head_json":{"title":"Expedici\u00f3n animal por el r\u00edo Magdalena de Colombia - Catalogo | Letrame Grupo Editorial","robots":{"index":"index","follow":"follow","max-snippet":"max-snippet:-1","max-image-preview":"max-image-preview:large","max-video-preview":"max-video-preview:-1"},"canonical":"https:\/\/letrame.com\/catalogo\/producto\/expedicion-animal-por-el-rio-magdalena-de-colombia\/","og_locale":"es_ES","og_type":"article","og_title":"Expedici\u00f3n animal por el r\u00edo Magdalena de Colombia - Catalogo | Letrame Grupo Editorial","og_description":"ISBN:\u00a0978-84-1181-394-5 SINOPSIS Expedici\u00f3n animal y fungi por el r\u00f1io Magdalena de Colombia es un valioso esfuerzo investigativo donde el autor Camilo Duran Molina, escritor historiador y ambientalista, realiza la exquisita aventura de estudiar, por mucho tiempo de su vida, la gran biodiversidad animal y f\u00fangica oculta en una extensa regi\u00f3n del r\u00edo Magdalena, el m\u00e1s extenso de Colombia.  Un viaje de exploraci\u00f3n tiene como eje el agua, partiendo de los pastizales de la zona plana del valle inter andino del r\u00edo Magdalena; sus afluentes, pantanos, humedales y ci\u00e9negas y se remonta hasta el bello paisaje de laderas del bosque de la parte occidental y oriental del gran r\u00edo en el coraz\u00f3n de Colombia.  El \u00e1rea tiene un h\u00e1bitat flor\u00edstico de bosque intervenido, pastizales, bosque natural primario, ecosistemas acu\u00e1ticos, relieve plano a muy escarpado, temperaturas promedias que parten de 28 grados cent\u00edgrados a 20 grados, formaci\u00f3n vegetal de bosque seco tropical, bosque en transici\u00f3n a muy seco tropical, premontano y bosque h\u00famedo tropical. Con una precipitaci\u00f3n anual con rangos de 400 a 7.500 mil\u00edmetros.  En su maravilloso viaje, Camilo Duran Molina, captura con su c\u00e1mara muchas especies animales y hongos, de extraordinaria belleza, insertos en espectaculares paisajes naturales, algunos end\u00e9micos de esta regi\u00f3n de Colombia. El cuerpo de la obra agrupa en 209 familias, en orden alfab\u00e9tico, identificadas con su nombre com\u00fan y cient\u00edfico, cerca de 700 especies faun\u00edsticas. De forma sencilla, se describe la morfolog\u00eda, alimentaci\u00f3n y ubicaci\u00f3n geogr\u00e1fica de cada una de las especies.  En su exploraci\u00f3n de campo ilustra con fotograf\u00edas las especies animales silvestres y naturalizadas de aves, ar\u00e1cnidos, crust\u00e1ceos, insectos, an\u00e9lidos, anfibios, insectos, marsupiales, moluscos, mam\u00edferos, peces, reptiles y hongos.  La obra muestra al mundo un testimonio de campo con enfoque territorial, un cuadro maravilloso que permite conocer una rica biodiversidad de especies terrestres y acu\u00e1ticas; permanentes , migrantes y end\u00e9micas. Especies en amenaza, perdidas y en v\u00eda de extinci\u00f3n, ocasionado por el detrimento del h\u00e1bitat, la degradaci\u00f3n, la caza, la pesca, el tr\u00e1fico antr\u00f3pico y los efectos del cambio clim\u00e1tico.  Tiene aqu\u00ed la humanidad el privilegio de estar al tanto y conocer la vida que a\u00fan podemos avistar en un jard\u00edn de Colombia.  &nbsp;","og_url":"https:\/\/letrame.com\/catalogo\/producto\/expedicion-animal-por-el-rio-magdalena-de-colombia\/","og_site_name":"Catalogo | Letrame Grupo Editorial","article_modified_time":"2024-06-04T13:26:22+00:00","og_image":[{"width":1746,"height":2560,"url":"https:\/\/letrame.com\/catalogo\/wp-content\/uploads\/2024\/05\/webp_expedicionanimal_1615mm-compressed-scaled-1.jpg","type":"image\/jpeg"}],"twitter_card":"summary_large_image","twitter_misc":{"Tiempo de lectura":"2 minutos"},"schema":{"@context":"https:\/\/schema.org","@graph":[{"@type":"WebPage","@id":"https:\/\/letrame.com\/catalogo\/producto\/expedicion-animal-por-el-rio-magdalena-de-colombia\/","url":"https:\/\/letrame.com\/catalogo\/producto\/expedicion-animal-por-el-rio-magdalena-de-colombia\/","name":"Expedici\u00f3n animal por el r\u00edo Magdalena de Colombia - Catalogo | Letrame Grupo Editorial","isPartOf":{"@id":"https:\/\/letrame.com\/catalogo\/#website"},"primaryImageOfPage":{"@id":"https:\/\/letrame.com\/catalogo\/producto\/expedicion-animal-por-el-rio-magdalena-de-colombia\/#primaryimage"},"image":{"@id":"https:\/\/letrame.com\/catalogo\/producto\/expedicion-animal-por-el-rio-magdalena-de-colombia\/#primaryimage"},"thumbnailUrl":"https:\/\/letrame.com\/catalogo\/wp-content\/uploads\/2024\/05\/webp_expedicionanimal_1615mm-compressed-scaled-1.jpg","datePublished":"2024-05-23T08:23:32+00:00","dateModified":"2024-06-04T13:26:22+00:00","breadcrumb":{"@id":"https:\/\/letrame.com\/catalogo\/producto\/expedicion-animal-por-el-rio-magdalena-de-colombia\/#breadcrumb"},"inLanguage":"es","potentialAction":[{"@type":"ReadAction","target":["https:\/\/letrame.com\/catalogo\/producto\/expedicion-animal-por-el-rio-magdalena-de-colombia\/"]}]},{"@type":"ImageObject","inLanguage":"es","@id":"https:\/\/letrame.com\/catalogo\/producto\/expedicion-animal-por-el-rio-magdalena-de-colombia\/#primaryimage","url":"https:\/\/letrame.com\/catalogo\/wp-content\/uploads\/2024\/05\/webp_expedicionanimal_1615mm-compressed-scaled-1.jpg","contentUrl":"https:\/\/letrame.com\/catalogo\/wp-content\/uploads\/2024\/05\/webp_expedicionanimal_1615mm-compressed-scaled-1.jpg","width":1746,"height":2560},{"@type":"BreadcrumbList","@id":"https:\/\/letrame.com\/catalogo\/producto\/expedicion-animal-por-el-rio-magdalena-de-colombia\/#breadcrumb","itemListElement":[{"@type":"ListItem","position":1,"name":"Portada","item":"https:\/\/letrame.com\/catalogo\/"},{"@type":"ListItem","position":2,"name":"Cat\u00e1logo","item":"https:\/\/letrame.com\/catalogo\/"},{"@type":"ListItem","position":3,"name":"Expedici\u00f3n animal por el r\u00edo Magdalena de Colombia"}]},{"@type":"WebSite","@id":"https:\/\/letrame.com\/catalogo\/#website","url":"https:\/\/letrame.com\/catalogo\/","name":"Catalogo | Letrame Grupo Editorial","description":"","publisher":{"@id":"https:\/\/letrame.com\/catalogo\/#organization"},"potentialAction":[{"@type":"SearchAction","target":{"@type":"EntryPoint","urlTemplate":"https:\/\/letrame.com\/catalogo\/?s={search_term_string}"},"query-input":{"@type":"PropertyValueSpecification","valueRequired":true,"valueName":"search_term_string"}}],"inLanguage":"es"},{"@type":"Organization","@id":"https:\/\/letrame.com\/catalogo\/#organization","name":"Catalogo | Letrame Grupo Editorial","url":"https:\/\/letrame.com\/catalogo\/","logo":{"@type":"ImageObject","inLanguage":"es","@id":"https:\/\/letrame.com\/catalogo\/#\/schema\/logo\/image\/","url":"https:\/\/letrame.com\/catalogo\/wp-content\/uploads\/2024\/03\/logo2.webp","contentUrl":"https:\/\/letrame.com\/catalogo\/wp-content\/uploads\/2024\/03\/logo2.webp","width":394,"height":128,"caption":"Catalogo | Letrame Grupo Editorial"},"image":{"@id":"https:\/\/letrame.com\/catalogo\/#\/schema\/logo\/image\/"}}]}},"_links":{"self":[{"href":"https:\/\/letrame.com\/catalogo\/wp-json\/wp\/v2\/product\/101022","targetHints":{"allow":["GET"]}}],"collection":[{"href":"https:\/\/letrame.com\/catalogo\/wp-json\/wp\/v2\/product"}],"about":[{"href":"https:\/\/letrame.com\/catalogo\/wp-json\/wp\/v2\/types\/product"}],"replies":[{"embeddable":true,"href":"https:\/\/letrame.com\/catalogo\/wp-json\/wp\/v2\/comments?post=101022"}],"acf:post":[{"embeddable":true,"href":"https:\/\/letrame.com\/catalogo\/wp-json\/wp\/v2\/author_book\/100769"}],"wp:featuredmedia":[{"embeddable":true,"href":"https:\/\/letrame.com\/catalogo\/wp-json\/wp\/v2\/media\/101023"}],"wp:attachment":[{"href":"https:\/\/letrame.com\/catalogo\/wp-json\/wp\/v2\/media?parent=101022"}],"wp:term":[{"taxonomy":"libro","embeddable":true,"href":"https:\/\/letrame.com\/catalogo\/wp-json\/wp\/v2\/libro?post=101022"},{"taxonomy":"product_brand","embeddable":true,"href":"https:\/\/letrame.com\/catalogo\/wp-json\/wp\/v2\/product_brand?post=101022"},{"taxonomy":"product_cat","embeddable":true,"href":"https:\/\/letrame.com\/catalogo\/wp-json\/wp\/v2\/product_cat?post=101022"},{"taxonomy":"product_tag","embeddable":true,"href":"https:\/\/letrame.com\/catalogo\/wp-json\/wp\/v2\/product_tag?post=101022"}],"curies":[{"name":"wp","href":"https:\/\/api.w.org\/{rel}","templated":true}]}}