{"id":101020,"date":"2024-05-23T10:23:32","date_gmt":"2024-05-23T08:23:32","guid":{"rendered":"https:\/\/letrame.com\/catalogo\/producto\/sagitta-flecha\/"},"modified":"2024-07-03T13:09:19","modified_gmt":"2024-07-03T11:09:19","slug":"sagitta-flecha","status":"publish","type":"product","link":"https:\/\/letrame.com\/catalogo\/producto\/sagitta-flecha\/","title":{"rendered":"Sagitta-Flecha"},"content":{"rendered":"<p class=\"p1\">ISBN:\u00a0 978-84-1068-324-2<\/p>\n<p class=\"p1\">T\u00edtulo: SAGITTA-FLECHA<\/p>\n<p class=\"p1\">Fecha: 2024<\/p>\n<p class=\"p1\">P\u00e1ginas:\u00a0 358<\/p>\n<p class=\"p1\">SINOPSIS<\/p>\n<p>&nbsp;<\/p>\n<p>En el a\u00f1o 2210, un grupo de seis personas es reclutado en Barcelona para participar en una innovadora misi\u00f3n. En un escenario donde la inteligencia artificial convive con el ser humano como si fuera la voz de su conciencia, donde la tecnolog\u00eda ocupa un lugar privilegiado en las vidas de las personas y se ha asumido con naturalidad una manera distinta de entender el trabajo, el ocio\u2026 \u00a1y hasta la gastronom\u00eda!, resulta dif\u00edcil imaginar que todav\u00eda pueda surgir alg\u00fan descubrimiento novedoso. Pero fuera del entorno conocido de la Tierra, hay un universo entero por explorar. \u00bfQu\u00e9 les deparar\u00e1 a los seis protagonistas la misi\u00f3n para la que han sido elegidos?<\/p>\n","protected":false},"excerpt":{"rendered":"<p class=\"p1\">ISBN:\u00a0 978-84-1068-324-2<\/p>\n<p class=\"p1\">SINOPSIS<\/p>\n<p>&nbsp;<\/p>\n<p>En el a\u00f1o 2210, un grupo de seis personas es reclutado en Barcelona para participar en una innovadora misi\u00f3n. En un escenario donde la inteligencia artificial convive con el ser humano como si fuera la voz de su conciencia, donde la tecnolog\u00eda ocupa un lugar privilegiado en las vidas de las personas y se ha asumido con naturalidad una manera distinta de entender el trabajo, el ocio\u2026 \u00a1y hasta la gastronom\u00eda!, resulta dif\u00edcil imaginar que todav\u00eda pueda surgir alg\u00fan descubrimiento novedoso. Pero fuera del entorno conocido de la Tierra, hay un universo entero por explorar. \u00bfQu\u00e9 les deparar\u00e1 a los seis protagonistas la misi\u00f3n para la que han sido elegidos?<\/p>\n<p class=\"p1\">\n","protected":false},"featured_media":101021,"comment_status":"closed","ping_status":"closed","template":"","meta":{"_acf_changed":false},"libro":[],"product_brand":[],"product_cat":[47],"product_tag":[],"class_list":{"0":"post-101020","1":"product","2":"type-product","3":"status-publish","4":"has-post-thumbnail","6":"product_cat-ciencia-ficcion-misterio","8":"first","9":"instock","10":"product-type-simple"},"acf":{"autor":[100767],"enlace_de_compra":"https:\/\/amzn.to\/4bt4Gq2"},"yoast_head":"<!-- This site is optimized with the Yoast SEO plugin v27.4 - https:\/\/yoast.com\/product\/yoast-seo-wordpress\/ -->\n<title>Sagitta-Flecha - Catalogo | Letrame Grupo Editorial<\/title>\n<meta name=\"robots\" content=\"index, follow, max-snippet:-1, max-image-preview:large, max-video-preview:-1\" \/>\n<link rel=\"canonical\" href=\"https:\/\/letrame.com\/catalogo\/producto\/sagitta-flecha\/\" \/>\n<meta property=\"og:locale\" content=\"es_ES\" \/>\n<meta property=\"og:type\" content=\"article\" \/>\n<meta property=\"og:title\" content=\"Sagitta-Flecha - Catalogo | Letrame Grupo Editorial\" \/>\n<meta property=\"og:description\" content=\"ISBN:\u00a0 978-84-1068-324-2 SINOPSIS &nbsp;  En el a\u00f1o 2210, un grupo de seis personas es reclutado en Barcelona para participar en una innovadora misi\u00f3n. En un escenario donde la inteligencia artificial convive con el ser humano como si fuera la voz de su conciencia, donde la tecnolog\u00eda ocupa un lugar privilegiado en las vidas de las personas y se ha asumido con naturalidad una manera distinta de entender el trabajo, el ocio\u2026 \u00a1y hasta la gastronom\u00eda!, resulta dif\u00edcil imaginar que todav\u00eda pueda surgir alg\u00fan descubrimiento novedoso. Pero fuera del entorno conocido de la Tierra, hay un universo entero por explorar. \u00bfQu\u00e9 les deparar\u00e1 a los seis protagonistas la misi\u00f3n para la que han sido elegidos?\" \/>\n<meta property=\"og:url\" content=\"https:\/\/letrame.com\/catalogo\/producto\/sagitta-flecha\/\" \/>\n<meta property=\"og:site_name\" content=\"Catalogo | Letrame Grupo Editorial\" \/>\n<meta property=\"article:modified_time\" content=\"2024-07-03T11:09:19+00:00\" \/>\n<meta property=\"og:image\" content=\"https:\/\/letrame.com\/catalogo\/wp-content\/uploads\/2024\/05\/webp_sagittaflecha_1758mm-compressed-scaled-1.jpg\" \/>\n\t<meta property=\"og:image:width\" content=\"1746\" \/>\n\t<meta property=\"og:image:height\" content=\"2560\" \/>\n\t<meta property=\"og:image:type\" content=\"image\/jpeg\" \/>\n<meta name=\"twitter:card\" content=\"summary_large_image\" \/>\n<meta name=\"twitter:label1\" content=\"Tiempo de lectura\" \/>\n\t<meta name=\"twitter:data1\" content=\"1 minuto\" \/>\n<script type=\"application\/ld+json\" class=\"yoast-schema-graph\">{\"@context\":\"https:\\\/\\\/schema.org\",\"@graph\":[{\"@type\":\"WebPage\",\"@id\":\"https:\\\/\\\/letrame.com\\\/catalogo\\\/producto\\\/sagitta-flecha\\\/\",\"url\":\"https:\\\/\\\/letrame.com\\\/catalogo\\\/producto\\\/sagitta-flecha\\\/\",\"name\":\"Sagitta-Flecha - Catalogo | Letrame Grupo Editorial\",\"isPartOf\":{\"@id\":\"https:\\\/\\\/letrame.com\\\/catalogo\\\/#website\"},\"primaryImageOfPage\":{\"@id\":\"https:\\\/\\\/letrame.com\\\/catalogo\\\/producto\\\/sagitta-flecha\\\/#primaryimage\"},\"image\":{\"@id\":\"https:\\\/\\\/letrame.com\\\/catalogo\\\/producto\\\/sagitta-flecha\\\/#primaryimage\"},\"thumbnailUrl\":\"https:\\\/\\\/letrame.com\\\/catalogo\\\/wp-content\\\/uploads\\\/2024\\\/05\\\/webp_sagittaflecha_1758mm-compressed-scaled-1.jpg\",\"datePublished\":\"2024-05-23T08:23:32+00:00\",\"dateModified\":\"2024-07-03T11:09:19+00:00\",\"breadcrumb\":{\"@id\":\"https:\\\/\\\/letrame.com\\\/catalogo\\\/producto\\\/sagitta-flecha\\\/#breadcrumb\"},\"inLanguage\":\"es\",\"potentialAction\":[{\"@type\":\"ReadAction\",\"target\":[\"https:\\\/\\\/letrame.com\\\/catalogo\\\/producto\\\/sagitta-flecha\\\/\"]}]},{\"@type\":\"ImageObject\",\"inLanguage\":\"es\",\"@id\":\"https:\\\/\\\/letrame.com\\\/catalogo\\\/producto\\\/sagitta-flecha\\\/#primaryimage\",\"url\":\"https:\\\/\\\/letrame.com\\\/catalogo\\\/wp-content\\\/uploads\\\/2024\\\/05\\\/webp_sagittaflecha_1758mm-compressed-scaled-1.jpg\",\"contentUrl\":\"https:\\\/\\\/letrame.com\\\/catalogo\\\/wp-content\\\/uploads\\\/2024\\\/05\\\/webp_sagittaflecha_1758mm-compressed-scaled-1.jpg\",\"width\":1746,\"height\":2560},{\"@type\":\"BreadcrumbList\",\"@id\":\"https:\\\/\\\/letrame.com\\\/catalogo\\\/producto\\\/sagitta-flecha\\\/#breadcrumb\",\"itemListElement\":[{\"@type\":\"ListItem\",\"position\":1,\"name\":\"Portada\",\"item\":\"https:\\\/\\\/letrame.com\\\/catalogo\\\/\"},{\"@type\":\"ListItem\",\"position\":2,\"name\":\"Cat\u00e1logo\",\"item\":\"https:\\\/\\\/letrame.com\\\/catalogo\\\/\"},{\"@type\":\"ListItem\",\"position\":3,\"name\":\"Sagitta-Flecha\"}]},{\"@type\":\"WebSite\",\"@id\":\"https:\\\/\\\/letrame.com\\\/catalogo\\\/#website\",\"url\":\"https:\\\/\\\/letrame.com\\\/catalogo\\\/\",\"name\":\"Catalogo | Letrame Grupo Editorial\",\"description\":\"\",\"publisher\":{\"@id\":\"https:\\\/\\\/letrame.com\\\/catalogo\\\/#organization\"},\"potentialAction\":[{\"@type\":\"SearchAction\",\"target\":{\"@type\":\"EntryPoint\",\"urlTemplate\":\"https:\\\/\\\/letrame.com\\\/catalogo\\\/?s={search_term_string}\"},\"query-input\":{\"@type\":\"PropertyValueSpecification\",\"valueRequired\":true,\"valueName\":\"search_term_string\"}}],\"inLanguage\":\"es\"},{\"@type\":\"Organization\",\"@id\":\"https:\\\/\\\/letrame.com\\\/catalogo\\\/#organization\",\"name\":\"Catalogo | Letrame Grupo Editorial\",\"url\":\"https:\\\/\\\/letrame.com\\\/catalogo\\\/\",\"logo\":{\"@type\":\"ImageObject\",\"inLanguage\":\"es\",\"@id\":\"https:\\\/\\\/letrame.com\\\/catalogo\\\/#\\\/schema\\\/logo\\\/image\\\/\",\"url\":\"https:\\\/\\\/letrame.com\\\/catalogo\\\/wp-content\\\/uploads\\\/2024\\\/03\\\/logo2.webp\",\"contentUrl\":\"https:\\\/\\\/letrame.com\\\/catalogo\\\/wp-content\\\/uploads\\\/2024\\\/03\\\/logo2.webp\",\"width\":394,\"height\":128,\"caption\":\"Catalogo | Letrame Grupo Editorial\"},\"image\":{\"@id\":\"https:\\\/\\\/letrame.com\\\/catalogo\\\/#\\\/schema\\\/logo\\\/image\\\/\"}}]}<\/script>\n<!-- \/ Yoast SEO plugin. -->","yoast_head_json":{"title":"Sagitta-Flecha - Catalogo | Letrame Grupo Editorial","robots":{"index":"index","follow":"follow","max-snippet":"max-snippet:-1","max-image-preview":"max-image-preview:large","max-video-preview":"max-video-preview:-1"},"canonical":"https:\/\/letrame.com\/catalogo\/producto\/sagitta-flecha\/","og_locale":"es_ES","og_type":"article","og_title":"Sagitta-Flecha - Catalogo | Letrame Grupo Editorial","og_description":"ISBN:\u00a0 978-84-1068-324-2 SINOPSIS &nbsp;  En el a\u00f1o 2210, un grupo de seis personas es reclutado en Barcelona para participar en una innovadora misi\u00f3n. En un escenario donde la inteligencia artificial convive con el ser humano como si fuera la voz de su conciencia, donde la tecnolog\u00eda ocupa un lugar privilegiado en las vidas de las personas y se ha asumido con naturalidad una manera distinta de entender el trabajo, el ocio\u2026 \u00a1y hasta la gastronom\u00eda!, resulta dif\u00edcil imaginar que todav\u00eda pueda surgir alg\u00fan descubrimiento novedoso. Pero fuera del entorno conocido de la Tierra, hay un universo entero por explorar. \u00bfQu\u00e9 les deparar\u00e1 a los seis protagonistas la misi\u00f3n para la que han sido elegidos?","og_url":"https:\/\/letrame.com\/catalogo\/producto\/sagitta-flecha\/","og_site_name":"Catalogo | Letrame Grupo Editorial","article_modified_time":"2024-07-03T11:09:19+00:00","og_image":[{"width":1746,"height":2560,"url":"https:\/\/letrame.com\/catalogo\/wp-content\/uploads\/2024\/05\/webp_sagittaflecha_1758mm-compressed-scaled-1.jpg","type":"image\/jpeg"}],"twitter_card":"summary_large_image","twitter_misc":{"Tiempo de lectura":"1 minuto"},"schema":{"@context":"https:\/\/schema.org","@graph":[{"@type":"WebPage","@id":"https:\/\/letrame.com\/catalogo\/producto\/sagitta-flecha\/","url":"https:\/\/letrame.com\/catalogo\/producto\/sagitta-flecha\/","name":"Sagitta-Flecha - Catalogo | Letrame Grupo Editorial","isPartOf":{"@id":"https:\/\/letrame.com\/catalogo\/#website"},"primaryImageOfPage":{"@id":"https:\/\/letrame.com\/catalogo\/producto\/sagitta-flecha\/#primaryimage"},"image":{"@id":"https:\/\/letrame.com\/catalogo\/producto\/sagitta-flecha\/#primaryimage"},"thumbnailUrl":"https:\/\/letrame.com\/catalogo\/wp-content\/uploads\/2024\/05\/webp_sagittaflecha_1758mm-compressed-scaled-1.jpg","datePublished":"2024-05-23T08:23:32+00:00","dateModified":"2024-07-03T11:09:19+00:00","breadcrumb":{"@id":"https:\/\/letrame.com\/catalogo\/producto\/sagitta-flecha\/#breadcrumb"},"inLanguage":"es","potentialAction":[{"@type":"ReadAction","target":["https:\/\/letrame.com\/catalogo\/producto\/sagitta-flecha\/"]}]},{"@type":"ImageObject","inLanguage":"es","@id":"https:\/\/letrame.com\/catalogo\/producto\/sagitta-flecha\/#primaryimage","url":"https:\/\/letrame.com\/catalogo\/wp-content\/uploads\/2024\/05\/webp_sagittaflecha_1758mm-compressed-scaled-1.jpg","contentUrl":"https:\/\/letrame.com\/catalogo\/wp-content\/uploads\/2024\/05\/webp_sagittaflecha_1758mm-compressed-scaled-1.jpg","width":1746,"height":2560},{"@type":"BreadcrumbList","@id":"https:\/\/letrame.com\/catalogo\/producto\/sagitta-flecha\/#breadcrumb","itemListElement":[{"@type":"ListItem","position":1,"name":"Portada","item":"https:\/\/letrame.com\/catalogo\/"},{"@type":"ListItem","position":2,"name":"Cat\u00e1logo","item":"https:\/\/letrame.com\/catalogo\/"},{"@type":"ListItem","position":3,"name":"Sagitta-Flecha"}]},{"@type":"WebSite","@id":"https:\/\/letrame.com\/catalogo\/#website","url":"https:\/\/letrame.com\/catalogo\/","name":"Catalogo | Letrame Grupo Editorial","description":"","publisher":{"@id":"https:\/\/letrame.com\/catalogo\/#organization"},"potentialAction":[{"@type":"SearchAction","target":{"@type":"EntryPoint","urlTemplate":"https:\/\/letrame.com\/catalogo\/?s={search_term_string}"},"query-input":{"@type":"PropertyValueSpecification","valueRequired":true,"valueName":"search_term_string"}}],"inLanguage":"es"},{"@type":"Organization","@id":"https:\/\/letrame.com\/catalogo\/#organization","name":"Catalogo | Letrame Grupo Editorial","url":"https:\/\/letrame.com\/catalogo\/","logo":{"@type":"ImageObject","inLanguage":"es","@id":"https:\/\/letrame.com\/catalogo\/#\/schema\/logo\/image\/","url":"https:\/\/letrame.com\/catalogo\/wp-content\/uploads\/2024\/03\/logo2.webp","contentUrl":"https:\/\/letrame.com\/catalogo\/wp-content\/uploads\/2024\/03\/logo2.webp","width":394,"height":128,"caption":"Catalogo | Letrame Grupo Editorial"},"image":{"@id":"https:\/\/letrame.com\/catalogo\/#\/schema\/logo\/image\/"}}]}},"_links":{"self":[{"href":"https:\/\/letrame.com\/catalogo\/wp-json\/wp\/v2\/product\/101020","targetHints":{"allow":["GET"]}}],"collection":[{"href":"https:\/\/letrame.com\/catalogo\/wp-json\/wp\/v2\/product"}],"about":[{"href":"https:\/\/letrame.com\/catalogo\/wp-json\/wp\/v2\/types\/product"}],"replies":[{"embeddable":true,"href":"https:\/\/letrame.com\/catalogo\/wp-json\/wp\/v2\/comments?post=101020"}],"acf:post":[{"embeddable":true,"href":"https:\/\/letrame.com\/catalogo\/wp-json\/wp\/v2\/author_book\/100767"}],"wp:featuredmedia":[{"embeddable":true,"href":"https:\/\/letrame.com\/catalogo\/wp-json\/wp\/v2\/media\/101021"}],"wp:attachment":[{"href":"https:\/\/letrame.com\/catalogo\/wp-json\/wp\/v2\/media?parent=101020"}],"wp:term":[{"taxonomy":"libro","embeddable":true,"href":"https:\/\/letrame.com\/catalogo\/wp-json\/wp\/v2\/libro?post=101020"},{"taxonomy":"product_brand","embeddable":true,"href":"https:\/\/letrame.com\/catalogo\/wp-json\/wp\/v2\/product_brand?post=101020"},{"taxonomy":"product_cat","embeddable":true,"href":"https:\/\/letrame.com\/catalogo\/wp-json\/wp\/v2\/product_cat?post=101020"},{"taxonomy":"product_tag","embeddable":true,"href":"https:\/\/letrame.com\/catalogo\/wp-json\/wp\/v2\/product_tag?post=101020"}],"curies":[{"name":"wp","href":"https:\/\/api.w.org\/{rel}","templated":true}]}}