{"id":101014,"date":"2024-05-23T10:21:40","date_gmt":"2024-05-23T08:21:40","guid":{"rendered":"https:\/\/letrame.com\/catalogo\/producto\/a-sangre-de-desconocidos\/"},"modified":"2024-06-04T15:28:09","modified_gmt":"2024-06-04T13:28:09","slug":"a-sangre-de-desconocidos","status":"publish","type":"product","link":"https:\/\/letrame.com\/catalogo\/producto\/a-sangre-de-desconocidos\/","title":{"rendered":"A sangre de desconocidos"},"content":{"rendered":"<p class=\"p1\">ISBN: 978-84-1068-184-2<\/p>\n<p class=\"p1\">T\u00edtulo: A SANGRE DE DESCONOCIDOS<\/p>\n<p class=\"p1\">Fecha: 2024<\/p>\n<p class=\"p1\">P\u00e1ginas:\u00a0 312<\/p>\n<p class=\"p1\">SINOPSIS<\/p>\n<p>&nbsp;<\/p>\n<p>En un mundo dividido entre la religi\u00f3n y el poder de la magia, la lucha por el control ha desatado una guerra que amenaza con consumir la existencia. La orden religiosa de \u00abLos Nuevos Cristianos\u00bb, en su b\u00fasqueda de dominio absoluto sobre la tierra, ha sumido al mundo en un estado de desesperaci\u00f3n y de terror.<\/p>\n<p>Sin embargo, los protagonistas de esta historia descubren que sus destinos est\u00e1n intr\u00ednsecamente unidos por unas fuerzas que van m\u00e1s all\u00e1 de su comprensi\u00f3n. A medida que van escapando de las garras de sus contrincantes, descubren conexiones profundas que los unen en la lucha contra la oscuridad que amenaza con acabar con su luz.<\/p>\n<p><em>A sangre de desconocidos<\/em> es una obra fant\u00e1stica que explora los l\u00edmites entre la religi\u00f3n y la magia, la lucha y la redenci\u00f3n y el bien de la vileza. En un mundo en el que la magia y la humanidad se entrelazan, los personajes forjar\u00e1n relaciones que les har\u00e1n un poco m\u00e1s fuertes para enfrentarse a sus enemigos. La pregunta es: \u00bfser\u00e1n capaces de permanecer unidos y prevalecer sobre las fuerzas que buscan su destrucci\u00f3n, o sucumbir\u00e1n al peso de la humanidad?<\/p>\n","protected":false},"excerpt":{"rendered":"<p class=\"p1\">ISBN: 978-84-1068-184-2<\/p>\n<p class=\"p1\">SINOPSIS<\/p>\n<p>&nbsp;<\/p>\n<p>En un mundo dividido entre la religi\u00f3n y el poder de la magia, la lucha por el control ha desatado una guerra que amenaza con consumir la existencia. La orden religiosa de \u00abLos Nuevos Cristianos\u00bb, en su b\u00fasqueda de dominio absoluto sobre la tierra, ha sumido al mundo en un estado de desesperaci\u00f3n y de terror.<\/p>\n<p>Sin embargo, los protagonistas de esta historia descubren que sus destinos est\u00e1n intr\u00ednsecamente unidos por unas fuerzas que van m\u00e1s all\u00e1 de su comprensi\u00f3n. A medida que van escapando de las garras de sus contrincantes, descubren conexiones profundas que los unen en la lucha contra la oscuridad que amenaza con acabar con su luz.<\/p>\n<p><em>A sangre de desconocidos<\/em> es una obra fant\u00e1stica que explora los l\u00edmites entre la religi\u00f3n y la magia, la lucha y la redenci\u00f3n y el bien de la vileza. En un mundo en el que la magia y la humanidad se entrelazan, los personajes forjar\u00e1n relaciones que les har\u00e1n un poco m\u00e1s fuertes para enfrentarse a sus enemigos. La pregunta es: \u00bfser\u00e1n capaces de permanecer unidos y prevalecer sobre las fuerzas que buscan su destrucci\u00f3n, o sucumbir\u00e1n al peso de la humanidad?<\/p>\n","protected":false},"featured_media":101015,"comment_status":"closed","ping_status":"closed","template":"","meta":{"_acf_changed":false},"libro":[],"product_brand":[],"product_cat":[118],"product_tag":[],"class_list":{"0":"post-101014","1":"product","2":"type-product","3":"status-publish","4":"has-post-thumbnail","6":"product_cat-fantasia","8":"first","9":"instock","10":"product-type-simple"},"acf":{"autor":[100763],"enlace_de_compra":"https:\/\/www.casadellibro.com\/libro-a-sangre-de-desconocidos\/9788410681842\/16032952"},"yoast_head":"<!-- This site is optimized with the Yoast SEO plugin v27.4 - https:\/\/yoast.com\/product\/yoast-seo-wordpress\/ -->\n<title>A sangre de desconocidos - Catalogo | Letrame Grupo Editorial<\/title>\n<meta name=\"robots\" content=\"index, follow, max-snippet:-1, max-image-preview:large, max-video-preview:-1\" \/>\n<link rel=\"canonical\" href=\"https:\/\/letrame.com\/catalogo\/producto\/a-sangre-de-desconocidos\/\" \/>\n<meta property=\"og:locale\" content=\"es_ES\" \/>\n<meta property=\"og:type\" content=\"article\" \/>\n<meta property=\"og:title\" content=\"A sangre de desconocidos - Catalogo | Letrame Grupo Editorial\" \/>\n<meta property=\"og:description\" content=\"ISBN: 978-84-1068-184-2 SINOPSIS &nbsp;  En un mundo dividido entre la religi\u00f3n y el poder de la magia, la lucha por el control ha desatado una guerra que amenaza con consumir la existencia. La orden religiosa de \u00abLos Nuevos Cristianos\u00bb, en su b\u00fasqueda de dominio absoluto sobre la tierra, ha sumido al mundo en un estado de desesperaci\u00f3n y de terror.  Sin embargo, los protagonistas de esta historia descubren que sus destinos est\u00e1n intr\u00ednsecamente unidos por unas fuerzas que van m\u00e1s all\u00e1 de su comprensi\u00f3n. A medida que van escapando de las garras de sus contrincantes, descubren conexiones profundas que los unen en la lucha contra la oscuridad que amenaza con acabar con su luz.  A sangre de desconocidos es una obra fant\u00e1stica que explora los l\u00edmites entre la religi\u00f3n y la magia, la lucha y la redenci\u00f3n y el bien de la vileza. En un mundo en el que la magia y la humanidad se entrelazan, los personajes forjar\u00e1n relaciones que les har\u00e1n un poco m\u00e1s fuertes para enfrentarse a sus enemigos. La pregunta es: \u00bfser\u00e1n capaces de permanecer unidos y prevalecer sobre las fuerzas que buscan su destrucci\u00f3n, o sucumbir\u00e1n al peso de la humanidad?\" \/>\n<meta property=\"og:url\" content=\"https:\/\/letrame.com\/catalogo\/producto\/a-sangre-de-desconocidos\/\" \/>\n<meta property=\"og:site_name\" content=\"Catalogo | Letrame Grupo Editorial\" \/>\n<meta property=\"article:modified_time\" content=\"2024-06-04T13:28:09+00:00\" \/>\n<meta property=\"og:image\" content=\"https:\/\/letrame.com\/catalogo\/wp-content\/uploads\/2024\/05\/webp_asangrededesconocidos_1546mm-compressed-scaled-1.jpg\" \/>\n\t<meta property=\"og:image:width\" content=\"1746\" \/>\n\t<meta property=\"og:image:height\" content=\"2560\" \/>\n\t<meta property=\"og:image:type\" content=\"image\/jpeg\" \/>\n<meta name=\"twitter:card\" content=\"summary_large_image\" \/>\n<meta name=\"twitter:label1\" content=\"Tiempo de lectura\" \/>\n\t<meta name=\"twitter:data1\" content=\"2 minutos\" \/>\n<script type=\"application\/ld+json\" class=\"yoast-schema-graph\">{\"@context\":\"https:\\\/\\\/schema.org\",\"@graph\":[{\"@type\":\"WebPage\",\"@id\":\"https:\\\/\\\/letrame.com\\\/catalogo\\\/producto\\\/a-sangre-de-desconocidos\\\/\",\"url\":\"https:\\\/\\\/letrame.com\\\/catalogo\\\/producto\\\/a-sangre-de-desconocidos\\\/\",\"name\":\"A sangre de desconocidos - Catalogo | Letrame Grupo Editorial\",\"isPartOf\":{\"@id\":\"https:\\\/\\\/letrame.com\\\/catalogo\\\/#website\"},\"primaryImageOfPage\":{\"@id\":\"https:\\\/\\\/letrame.com\\\/catalogo\\\/producto\\\/a-sangre-de-desconocidos\\\/#primaryimage\"},\"image\":{\"@id\":\"https:\\\/\\\/letrame.com\\\/catalogo\\\/producto\\\/a-sangre-de-desconocidos\\\/#primaryimage\"},\"thumbnailUrl\":\"https:\\\/\\\/letrame.com\\\/catalogo\\\/wp-content\\\/uploads\\\/2024\\\/05\\\/webp_asangrededesconocidos_1546mm-compressed-scaled-1.jpg\",\"datePublished\":\"2024-05-23T08:21:40+00:00\",\"dateModified\":\"2024-06-04T13:28:09+00:00\",\"breadcrumb\":{\"@id\":\"https:\\\/\\\/letrame.com\\\/catalogo\\\/producto\\\/a-sangre-de-desconocidos\\\/#breadcrumb\"},\"inLanguage\":\"es\",\"potentialAction\":[{\"@type\":\"ReadAction\",\"target\":[\"https:\\\/\\\/letrame.com\\\/catalogo\\\/producto\\\/a-sangre-de-desconocidos\\\/\"]}]},{\"@type\":\"ImageObject\",\"inLanguage\":\"es\",\"@id\":\"https:\\\/\\\/letrame.com\\\/catalogo\\\/producto\\\/a-sangre-de-desconocidos\\\/#primaryimage\",\"url\":\"https:\\\/\\\/letrame.com\\\/catalogo\\\/wp-content\\\/uploads\\\/2024\\\/05\\\/webp_asangrededesconocidos_1546mm-compressed-scaled-1.jpg\",\"contentUrl\":\"https:\\\/\\\/letrame.com\\\/catalogo\\\/wp-content\\\/uploads\\\/2024\\\/05\\\/webp_asangrededesconocidos_1546mm-compressed-scaled-1.jpg\",\"width\":1746,\"height\":2560},{\"@type\":\"BreadcrumbList\",\"@id\":\"https:\\\/\\\/letrame.com\\\/catalogo\\\/producto\\\/a-sangre-de-desconocidos\\\/#breadcrumb\",\"itemListElement\":[{\"@type\":\"ListItem\",\"position\":1,\"name\":\"Portada\",\"item\":\"https:\\\/\\\/letrame.com\\\/catalogo\\\/\"},{\"@type\":\"ListItem\",\"position\":2,\"name\":\"Cat\u00e1logo\",\"item\":\"https:\\\/\\\/letrame.com\\\/catalogo\\\/\"},{\"@type\":\"ListItem\",\"position\":3,\"name\":\"A sangre de desconocidos\"}]},{\"@type\":\"WebSite\",\"@id\":\"https:\\\/\\\/letrame.com\\\/catalogo\\\/#website\",\"url\":\"https:\\\/\\\/letrame.com\\\/catalogo\\\/\",\"name\":\"Catalogo | Letrame Grupo Editorial\",\"description\":\"\",\"publisher\":{\"@id\":\"https:\\\/\\\/letrame.com\\\/catalogo\\\/#organization\"},\"potentialAction\":[{\"@type\":\"SearchAction\",\"target\":{\"@type\":\"EntryPoint\",\"urlTemplate\":\"https:\\\/\\\/letrame.com\\\/catalogo\\\/?s={search_term_string}\"},\"query-input\":{\"@type\":\"PropertyValueSpecification\",\"valueRequired\":true,\"valueName\":\"search_term_string\"}}],\"inLanguage\":\"es\"},{\"@type\":\"Organization\",\"@id\":\"https:\\\/\\\/letrame.com\\\/catalogo\\\/#organization\",\"name\":\"Catalogo | Letrame Grupo Editorial\",\"url\":\"https:\\\/\\\/letrame.com\\\/catalogo\\\/\",\"logo\":{\"@type\":\"ImageObject\",\"inLanguage\":\"es\",\"@id\":\"https:\\\/\\\/letrame.com\\\/catalogo\\\/#\\\/schema\\\/logo\\\/image\\\/\",\"url\":\"https:\\\/\\\/letrame.com\\\/catalogo\\\/wp-content\\\/uploads\\\/2024\\\/03\\\/logo2.webp\",\"contentUrl\":\"https:\\\/\\\/letrame.com\\\/catalogo\\\/wp-content\\\/uploads\\\/2024\\\/03\\\/logo2.webp\",\"width\":394,\"height\":128,\"caption\":\"Catalogo | Letrame Grupo Editorial\"},\"image\":{\"@id\":\"https:\\\/\\\/letrame.com\\\/catalogo\\\/#\\\/schema\\\/logo\\\/image\\\/\"}}]}<\/script>\n<!-- \/ Yoast SEO plugin. -->","yoast_head_json":{"title":"A sangre de desconocidos - Catalogo | Letrame Grupo Editorial","robots":{"index":"index","follow":"follow","max-snippet":"max-snippet:-1","max-image-preview":"max-image-preview:large","max-video-preview":"max-video-preview:-1"},"canonical":"https:\/\/letrame.com\/catalogo\/producto\/a-sangre-de-desconocidos\/","og_locale":"es_ES","og_type":"article","og_title":"A sangre de desconocidos - Catalogo | Letrame Grupo Editorial","og_description":"ISBN: 978-84-1068-184-2 SINOPSIS &nbsp;  En un mundo dividido entre la religi\u00f3n y el poder de la magia, la lucha por el control ha desatado una guerra que amenaza con consumir la existencia. La orden religiosa de \u00abLos Nuevos Cristianos\u00bb, en su b\u00fasqueda de dominio absoluto sobre la tierra, ha sumido al mundo en un estado de desesperaci\u00f3n y de terror.  Sin embargo, los protagonistas de esta historia descubren que sus destinos est\u00e1n intr\u00ednsecamente unidos por unas fuerzas que van m\u00e1s all\u00e1 de su comprensi\u00f3n. A medida que van escapando de las garras de sus contrincantes, descubren conexiones profundas que los unen en la lucha contra la oscuridad que amenaza con acabar con su luz.  A sangre de desconocidos es una obra fant\u00e1stica que explora los l\u00edmites entre la religi\u00f3n y la magia, la lucha y la redenci\u00f3n y el bien de la vileza. En un mundo en el que la magia y la humanidad se entrelazan, los personajes forjar\u00e1n relaciones que les har\u00e1n un poco m\u00e1s fuertes para enfrentarse a sus enemigos. La pregunta es: \u00bfser\u00e1n capaces de permanecer unidos y prevalecer sobre las fuerzas que buscan su destrucci\u00f3n, o sucumbir\u00e1n al peso de la humanidad?","og_url":"https:\/\/letrame.com\/catalogo\/producto\/a-sangre-de-desconocidos\/","og_site_name":"Catalogo | Letrame Grupo Editorial","article_modified_time":"2024-06-04T13:28:09+00:00","og_image":[{"width":1746,"height":2560,"url":"https:\/\/letrame.com\/catalogo\/wp-content\/uploads\/2024\/05\/webp_asangrededesconocidos_1546mm-compressed-scaled-1.jpg","type":"image\/jpeg"}],"twitter_card":"summary_large_image","twitter_misc":{"Tiempo de lectura":"2 minutos"},"schema":{"@context":"https:\/\/schema.org","@graph":[{"@type":"WebPage","@id":"https:\/\/letrame.com\/catalogo\/producto\/a-sangre-de-desconocidos\/","url":"https:\/\/letrame.com\/catalogo\/producto\/a-sangre-de-desconocidos\/","name":"A sangre de desconocidos - Catalogo | Letrame Grupo Editorial","isPartOf":{"@id":"https:\/\/letrame.com\/catalogo\/#website"},"primaryImageOfPage":{"@id":"https:\/\/letrame.com\/catalogo\/producto\/a-sangre-de-desconocidos\/#primaryimage"},"image":{"@id":"https:\/\/letrame.com\/catalogo\/producto\/a-sangre-de-desconocidos\/#primaryimage"},"thumbnailUrl":"https:\/\/letrame.com\/catalogo\/wp-content\/uploads\/2024\/05\/webp_asangrededesconocidos_1546mm-compressed-scaled-1.jpg","datePublished":"2024-05-23T08:21:40+00:00","dateModified":"2024-06-04T13:28:09+00:00","breadcrumb":{"@id":"https:\/\/letrame.com\/catalogo\/producto\/a-sangre-de-desconocidos\/#breadcrumb"},"inLanguage":"es","potentialAction":[{"@type":"ReadAction","target":["https:\/\/letrame.com\/catalogo\/producto\/a-sangre-de-desconocidos\/"]}]},{"@type":"ImageObject","inLanguage":"es","@id":"https:\/\/letrame.com\/catalogo\/producto\/a-sangre-de-desconocidos\/#primaryimage","url":"https:\/\/letrame.com\/catalogo\/wp-content\/uploads\/2024\/05\/webp_asangrededesconocidos_1546mm-compressed-scaled-1.jpg","contentUrl":"https:\/\/letrame.com\/catalogo\/wp-content\/uploads\/2024\/05\/webp_asangrededesconocidos_1546mm-compressed-scaled-1.jpg","width":1746,"height":2560},{"@type":"BreadcrumbList","@id":"https:\/\/letrame.com\/catalogo\/producto\/a-sangre-de-desconocidos\/#breadcrumb","itemListElement":[{"@type":"ListItem","position":1,"name":"Portada","item":"https:\/\/letrame.com\/catalogo\/"},{"@type":"ListItem","position":2,"name":"Cat\u00e1logo","item":"https:\/\/letrame.com\/catalogo\/"},{"@type":"ListItem","position":3,"name":"A sangre de desconocidos"}]},{"@type":"WebSite","@id":"https:\/\/letrame.com\/catalogo\/#website","url":"https:\/\/letrame.com\/catalogo\/","name":"Catalogo | Letrame Grupo Editorial","description":"","publisher":{"@id":"https:\/\/letrame.com\/catalogo\/#organization"},"potentialAction":[{"@type":"SearchAction","target":{"@type":"EntryPoint","urlTemplate":"https:\/\/letrame.com\/catalogo\/?s={search_term_string}"},"query-input":{"@type":"PropertyValueSpecification","valueRequired":true,"valueName":"search_term_string"}}],"inLanguage":"es"},{"@type":"Organization","@id":"https:\/\/letrame.com\/catalogo\/#organization","name":"Catalogo | Letrame Grupo Editorial","url":"https:\/\/letrame.com\/catalogo\/","logo":{"@type":"ImageObject","inLanguage":"es","@id":"https:\/\/letrame.com\/catalogo\/#\/schema\/logo\/image\/","url":"https:\/\/letrame.com\/catalogo\/wp-content\/uploads\/2024\/03\/logo2.webp","contentUrl":"https:\/\/letrame.com\/catalogo\/wp-content\/uploads\/2024\/03\/logo2.webp","width":394,"height":128,"caption":"Catalogo | Letrame Grupo Editorial"},"image":{"@id":"https:\/\/letrame.com\/catalogo\/#\/schema\/logo\/image\/"}}]}},"_links":{"self":[{"href":"https:\/\/letrame.com\/catalogo\/wp-json\/wp\/v2\/product\/101014","targetHints":{"allow":["GET"]}}],"collection":[{"href":"https:\/\/letrame.com\/catalogo\/wp-json\/wp\/v2\/product"}],"about":[{"href":"https:\/\/letrame.com\/catalogo\/wp-json\/wp\/v2\/types\/product"}],"replies":[{"embeddable":true,"href":"https:\/\/letrame.com\/catalogo\/wp-json\/wp\/v2\/comments?post=101014"}],"acf:post":[{"embeddable":true,"href":"https:\/\/letrame.com\/catalogo\/wp-json\/wp\/v2\/author_book\/100763"}],"wp:featuredmedia":[{"embeddable":true,"href":"https:\/\/letrame.com\/catalogo\/wp-json\/wp\/v2\/media\/101015"}],"wp:attachment":[{"href":"https:\/\/letrame.com\/catalogo\/wp-json\/wp\/v2\/media?parent=101014"}],"wp:term":[{"taxonomy":"libro","embeddable":true,"href":"https:\/\/letrame.com\/catalogo\/wp-json\/wp\/v2\/libro?post=101014"},{"taxonomy":"product_brand","embeddable":true,"href":"https:\/\/letrame.com\/catalogo\/wp-json\/wp\/v2\/product_brand?post=101014"},{"taxonomy":"product_cat","embeddable":true,"href":"https:\/\/letrame.com\/catalogo\/wp-json\/wp\/v2\/product_cat?post=101014"},{"taxonomy":"product_tag","embeddable":true,"href":"https:\/\/letrame.com\/catalogo\/wp-json\/wp\/v2\/product_tag?post=101014"}],"curies":[{"name":"wp","href":"https:\/\/api.w.org\/{rel}","templated":true}]}}