{"id":101012,"date":"2024-05-23T10:21:40","date_gmt":"2024-05-23T08:21:40","guid":{"rendered":"https:\/\/letrame.com\/catalogo\/producto\/gerundio-poemas-y-desvarios\/"},"modified":"2024-07-03T13:11:44","modified_gmt":"2024-07-03T11:11:44","slug":"gerundio-poemas-y-desvarios","status":"publish","type":"product","link":"https:\/\/letrame.com\/catalogo\/producto\/gerundio-poemas-y-desvarios\/","title":{"rendered":"Gerundio Poemas y desvar\u00edos"},"content":{"rendered":"<p class=\"p1\">ISBN: 978-84-1068-092-0<\/p>\n<p class=\"p1\">T\u00edtulo: Gerundio Poemas y desvar\u00edos<\/p>\n<p class=\"p1\">Fecha: 2024<\/p>\n<p class=\"p1\">P\u00e1ginas:\u00a0 74<\/p>\n<p class=\"p1\">SINOPSIS<\/p>\n<p>Este libro es un abrazo a la soledad, a los suspiros compartidos, a las creencias transformadas. Un b\u00e1lsamo para las miradas cr\u00edticas que atraviesan la rutina y la desmenuzan en im\u00e1genes distintas a lo impuesto.<\/p>\n<p>Un capricho del subconsciente sin mesura y a su vez regido por la consciencia absoluta de quien se va conociendo. Plagado de dudas, contradicciones y perlas. Sinest\u00e9sicas met\u00e1foras y consecuencias.<\/p>\n<p>Como un cuaderno de bit\u00e1cora sin sentido. La afluencia y desembocadura de los \u00faltimos seis o siete a\u00f1os, un amasijo de caricias a m\u00ed misma y al instinto. Una ventana para lector@s, que se retan a s\u00ed mismos y a la vida.<\/p>\n<p>&nbsp;<\/p>\n","protected":false},"excerpt":{"rendered":"<p class=\"p1\">ISBN: 978-84-1068-092-0<\/p>\n<p class=\"p1\">SINOPSIS<\/p>\n<p>Este libro es un abrazo a la soledad, a los suspiros compartidos, a las creencias transformadas. Un b\u00e1lsamo para las miradas cr\u00edticas que atraviesan la rutina y la desmenuzan en im\u00e1genes distintas a lo impuesto.<\/p>\n<p>Un capricho del subconsciente sin mesura y a su vez regido por la consciencia absoluta de quien se va conociendo. Plagado de dudas, contradicciones y perlas. Sinest\u00e9sicas met\u00e1foras y consecuencias.<\/p>\n<p>Como un cuaderno de bit\u00e1cora sin sentido. La afluencia y desembocadura de los \u00faltimos seis o siete a\u00f1os, un amasijo de caricias a m\u00ed misma y al instinto. Una ventana para lector@s, que se retan a s\u00ed mismos y a la vida.<\/p>\n<p>&nbsp;<\/p>\n<p class=\"p1\">\n","protected":false},"featured_media":101013,"comment_status":"closed","ping_status":"closed","template":"","meta":{"_acf_changed":false},"libro":[],"product_brand":[],"product_cat":[20],"product_tag":[],"class_list":{"0":"post-101012","1":"product","2":"type-product","3":"status-publish","4":"has-post-thumbnail","6":"product_cat-poesia","8":"first","9":"instock","10":"product-type-simple"},"acf":{"autor":[100761],"enlace_de_compra":"https:\/\/amzn.to\/4crl2AL"},"yoast_head":"<!-- This site is optimized with the Yoast SEO plugin v27.4 - https:\/\/yoast.com\/product\/yoast-seo-wordpress\/ -->\n<title>Gerundio Poemas y desvar\u00edos - Catalogo | Letrame Grupo Editorial<\/title>\n<meta name=\"robots\" content=\"index, follow, max-snippet:-1, max-image-preview:large, max-video-preview:-1\" \/>\n<link rel=\"canonical\" href=\"https:\/\/letrame.com\/catalogo\/producto\/gerundio-poemas-y-desvarios\/\" \/>\n<meta property=\"og:locale\" content=\"es_ES\" \/>\n<meta property=\"og:type\" content=\"article\" \/>\n<meta property=\"og:title\" content=\"Gerundio Poemas y desvar\u00edos - Catalogo | Letrame Grupo Editorial\" \/>\n<meta property=\"og:description\" content=\"ISBN: 978-84-1068-092-0 SINOPSIS Este libro es un abrazo a la soledad, a los suspiros compartidos, a las creencias transformadas. Un b\u00e1lsamo para las miradas cr\u00edticas que atraviesan la rutina y la desmenuzan en im\u00e1genes distintas a lo impuesto.  Un capricho del subconsciente sin mesura y a su vez regido por la consciencia absoluta de quien se va conociendo. Plagado de dudas, contradicciones y perlas. Sinest\u00e9sicas met\u00e1foras y consecuencias.  Como un cuaderno de bit\u00e1cora sin sentido. La afluencia y desembocadura de los \u00faltimos seis o siete a\u00f1os, un amasijo de caricias a m\u00ed misma y al instinto. Una ventana para lector@s, que se retan a s\u00ed mismos y a la vida.  &nbsp;\" \/>\n<meta property=\"og:url\" content=\"https:\/\/letrame.com\/catalogo\/producto\/gerundio-poemas-y-desvarios\/\" \/>\n<meta property=\"og:site_name\" content=\"Catalogo | Letrame Grupo Editorial\" \/>\n<meta property=\"article:modified_time\" content=\"2024-07-03T11:11:44+00:00\" \/>\n<meta property=\"og:image\" content=\"https:\/\/letrame.com\/catalogo\/wp-content\/uploads\/2024\/05\/webp_gerundio_492mm-compressed.jpg\" \/>\n\t<meta property=\"og:image:width\" content=\"1594\" \/>\n\t<meta property=\"og:image:height\" content=\"2303\" \/>\n\t<meta property=\"og:image:type\" content=\"image\/jpeg\" \/>\n<meta name=\"twitter:card\" content=\"summary_large_image\" \/>\n<meta name=\"twitter:label1\" content=\"Tiempo de lectura\" \/>\n\t<meta name=\"twitter:data1\" content=\"1 minuto\" \/>\n<script type=\"application\/ld+json\" class=\"yoast-schema-graph\">{\"@context\":\"https:\\\/\\\/schema.org\",\"@graph\":[{\"@type\":\"WebPage\",\"@id\":\"https:\\\/\\\/letrame.com\\\/catalogo\\\/producto\\\/gerundio-poemas-y-desvarios\\\/\",\"url\":\"https:\\\/\\\/letrame.com\\\/catalogo\\\/producto\\\/gerundio-poemas-y-desvarios\\\/\",\"name\":\"Gerundio Poemas y desvar\u00edos - Catalogo | Letrame Grupo Editorial\",\"isPartOf\":{\"@id\":\"https:\\\/\\\/letrame.com\\\/catalogo\\\/#website\"},\"primaryImageOfPage\":{\"@id\":\"https:\\\/\\\/letrame.com\\\/catalogo\\\/producto\\\/gerundio-poemas-y-desvarios\\\/#primaryimage\"},\"image\":{\"@id\":\"https:\\\/\\\/letrame.com\\\/catalogo\\\/producto\\\/gerundio-poemas-y-desvarios\\\/#primaryimage\"},\"thumbnailUrl\":\"https:\\\/\\\/letrame.com\\\/catalogo\\\/wp-content\\\/uploads\\\/2024\\\/05\\\/webp_gerundio_492mm-compressed.jpg\",\"datePublished\":\"2024-05-23T08:21:40+00:00\",\"dateModified\":\"2024-07-03T11:11:44+00:00\",\"breadcrumb\":{\"@id\":\"https:\\\/\\\/letrame.com\\\/catalogo\\\/producto\\\/gerundio-poemas-y-desvarios\\\/#breadcrumb\"},\"inLanguage\":\"es\",\"potentialAction\":[{\"@type\":\"ReadAction\",\"target\":[\"https:\\\/\\\/letrame.com\\\/catalogo\\\/producto\\\/gerundio-poemas-y-desvarios\\\/\"]}]},{\"@type\":\"ImageObject\",\"inLanguage\":\"es\",\"@id\":\"https:\\\/\\\/letrame.com\\\/catalogo\\\/producto\\\/gerundio-poemas-y-desvarios\\\/#primaryimage\",\"url\":\"https:\\\/\\\/letrame.com\\\/catalogo\\\/wp-content\\\/uploads\\\/2024\\\/05\\\/webp_gerundio_492mm-compressed.jpg\",\"contentUrl\":\"https:\\\/\\\/letrame.com\\\/catalogo\\\/wp-content\\\/uploads\\\/2024\\\/05\\\/webp_gerundio_492mm-compressed.jpg\",\"width\":1594,\"height\":2303},{\"@type\":\"BreadcrumbList\",\"@id\":\"https:\\\/\\\/letrame.com\\\/catalogo\\\/producto\\\/gerundio-poemas-y-desvarios\\\/#breadcrumb\",\"itemListElement\":[{\"@type\":\"ListItem\",\"position\":1,\"name\":\"Portada\",\"item\":\"https:\\\/\\\/letrame.com\\\/catalogo\\\/\"},{\"@type\":\"ListItem\",\"position\":2,\"name\":\"Cat\u00e1logo\",\"item\":\"https:\\\/\\\/letrame.com\\\/catalogo\\\/\"},{\"@type\":\"ListItem\",\"position\":3,\"name\":\"Gerundio Poemas y desvar\u00edos\"}]},{\"@type\":\"WebSite\",\"@id\":\"https:\\\/\\\/letrame.com\\\/catalogo\\\/#website\",\"url\":\"https:\\\/\\\/letrame.com\\\/catalogo\\\/\",\"name\":\"Catalogo | Letrame Grupo Editorial\",\"description\":\"\",\"publisher\":{\"@id\":\"https:\\\/\\\/letrame.com\\\/catalogo\\\/#organization\"},\"potentialAction\":[{\"@type\":\"SearchAction\",\"target\":{\"@type\":\"EntryPoint\",\"urlTemplate\":\"https:\\\/\\\/letrame.com\\\/catalogo\\\/?s={search_term_string}\"},\"query-input\":{\"@type\":\"PropertyValueSpecification\",\"valueRequired\":true,\"valueName\":\"search_term_string\"}}],\"inLanguage\":\"es\"},{\"@type\":\"Organization\",\"@id\":\"https:\\\/\\\/letrame.com\\\/catalogo\\\/#organization\",\"name\":\"Catalogo | Letrame Grupo Editorial\",\"url\":\"https:\\\/\\\/letrame.com\\\/catalogo\\\/\",\"logo\":{\"@type\":\"ImageObject\",\"inLanguage\":\"es\",\"@id\":\"https:\\\/\\\/letrame.com\\\/catalogo\\\/#\\\/schema\\\/logo\\\/image\\\/\",\"url\":\"https:\\\/\\\/letrame.com\\\/catalogo\\\/wp-content\\\/uploads\\\/2024\\\/03\\\/logo2.webp\",\"contentUrl\":\"https:\\\/\\\/letrame.com\\\/catalogo\\\/wp-content\\\/uploads\\\/2024\\\/03\\\/logo2.webp\",\"width\":394,\"height\":128,\"caption\":\"Catalogo | Letrame Grupo Editorial\"},\"image\":{\"@id\":\"https:\\\/\\\/letrame.com\\\/catalogo\\\/#\\\/schema\\\/logo\\\/image\\\/\"}}]}<\/script>\n<!-- \/ Yoast SEO plugin. -->","yoast_head_json":{"title":"Gerundio Poemas y desvar\u00edos - Catalogo | Letrame Grupo Editorial","robots":{"index":"index","follow":"follow","max-snippet":"max-snippet:-1","max-image-preview":"max-image-preview:large","max-video-preview":"max-video-preview:-1"},"canonical":"https:\/\/letrame.com\/catalogo\/producto\/gerundio-poemas-y-desvarios\/","og_locale":"es_ES","og_type":"article","og_title":"Gerundio Poemas y desvar\u00edos - Catalogo | Letrame Grupo Editorial","og_description":"ISBN: 978-84-1068-092-0 SINOPSIS Este libro es un abrazo a la soledad, a los suspiros compartidos, a las creencias transformadas. Un b\u00e1lsamo para las miradas cr\u00edticas que atraviesan la rutina y la desmenuzan en im\u00e1genes distintas a lo impuesto.  Un capricho del subconsciente sin mesura y a su vez regido por la consciencia absoluta de quien se va conociendo. Plagado de dudas, contradicciones y perlas. Sinest\u00e9sicas met\u00e1foras y consecuencias.  Como un cuaderno de bit\u00e1cora sin sentido. La afluencia y desembocadura de los \u00faltimos seis o siete a\u00f1os, un amasijo de caricias a m\u00ed misma y al instinto. Una ventana para lector@s, que se retan a s\u00ed mismos y a la vida.  &nbsp;","og_url":"https:\/\/letrame.com\/catalogo\/producto\/gerundio-poemas-y-desvarios\/","og_site_name":"Catalogo | Letrame Grupo Editorial","article_modified_time":"2024-07-03T11:11:44+00:00","og_image":[{"width":1594,"height":2303,"url":"https:\/\/letrame.com\/catalogo\/wp-content\/uploads\/2024\/05\/webp_gerundio_492mm-compressed.jpg","type":"image\/jpeg"}],"twitter_card":"summary_large_image","twitter_misc":{"Tiempo de lectura":"1 minuto"},"schema":{"@context":"https:\/\/schema.org","@graph":[{"@type":"WebPage","@id":"https:\/\/letrame.com\/catalogo\/producto\/gerundio-poemas-y-desvarios\/","url":"https:\/\/letrame.com\/catalogo\/producto\/gerundio-poemas-y-desvarios\/","name":"Gerundio Poemas y desvar\u00edos - Catalogo | Letrame Grupo Editorial","isPartOf":{"@id":"https:\/\/letrame.com\/catalogo\/#website"},"primaryImageOfPage":{"@id":"https:\/\/letrame.com\/catalogo\/producto\/gerundio-poemas-y-desvarios\/#primaryimage"},"image":{"@id":"https:\/\/letrame.com\/catalogo\/producto\/gerundio-poemas-y-desvarios\/#primaryimage"},"thumbnailUrl":"https:\/\/letrame.com\/catalogo\/wp-content\/uploads\/2024\/05\/webp_gerundio_492mm-compressed.jpg","datePublished":"2024-05-23T08:21:40+00:00","dateModified":"2024-07-03T11:11:44+00:00","breadcrumb":{"@id":"https:\/\/letrame.com\/catalogo\/producto\/gerundio-poemas-y-desvarios\/#breadcrumb"},"inLanguage":"es","potentialAction":[{"@type":"ReadAction","target":["https:\/\/letrame.com\/catalogo\/producto\/gerundio-poemas-y-desvarios\/"]}]},{"@type":"ImageObject","inLanguage":"es","@id":"https:\/\/letrame.com\/catalogo\/producto\/gerundio-poemas-y-desvarios\/#primaryimage","url":"https:\/\/letrame.com\/catalogo\/wp-content\/uploads\/2024\/05\/webp_gerundio_492mm-compressed.jpg","contentUrl":"https:\/\/letrame.com\/catalogo\/wp-content\/uploads\/2024\/05\/webp_gerundio_492mm-compressed.jpg","width":1594,"height":2303},{"@type":"BreadcrumbList","@id":"https:\/\/letrame.com\/catalogo\/producto\/gerundio-poemas-y-desvarios\/#breadcrumb","itemListElement":[{"@type":"ListItem","position":1,"name":"Portada","item":"https:\/\/letrame.com\/catalogo\/"},{"@type":"ListItem","position":2,"name":"Cat\u00e1logo","item":"https:\/\/letrame.com\/catalogo\/"},{"@type":"ListItem","position":3,"name":"Gerundio Poemas y desvar\u00edos"}]},{"@type":"WebSite","@id":"https:\/\/letrame.com\/catalogo\/#website","url":"https:\/\/letrame.com\/catalogo\/","name":"Catalogo | Letrame Grupo Editorial","description":"","publisher":{"@id":"https:\/\/letrame.com\/catalogo\/#organization"},"potentialAction":[{"@type":"SearchAction","target":{"@type":"EntryPoint","urlTemplate":"https:\/\/letrame.com\/catalogo\/?s={search_term_string}"},"query-input":{"@type":"PropertyValueSpecification","valueRequired":true,"valueName":"search_term_string"}}],"inLanguage":"es"},{"@type":"Organization","@id":"https:\/\/letrame.com\/catalogo\/#organization","name":"Catalogo | Letrame Grupo Editorial","url":"https:\/\/letrame.com\/catalogo\/","logo":{"@type":"ImageObject","inLanguage":"es","@id":"https:\/\/letrame.com\/catalogo\/#\/schema\/logo\/image\/","url":"https:\/\/letrame.com\/catalogo\/wp-content\/uploads\/2024\/03\/logo2.webp","contentUrl":"https:\/\/letrame.com\/catalogo\/wp-content\/uploads\/2024\/03\/logo2.webp","width":394,"height":128,"caption":"Catalogo | Letrame Grupo Editorial"},"image":{"@id":"https:\/\/letrame.com\/catalogo\/#\/schema\/logo\/image\/"}}]}},"_links":{"self":[{"href":"https:\/\/letrame.com\/catalogo\/wp-json\/wp\/v2\/product\/101012","targetHints":{"allow":["GET"]}}],"collection":[{"href":"https:\/\/letrame.com\/catalogo\/wp-json\/wp\/v2\/product"}],"about":[{"href":"https:\/\/letrame.com\/catalogo\/wp-json\/wp\/v2\/types\/product"}],"replies":[{"embeddable":true,"href":"https:\/\/letrame.com\/catalogo\/wp-json\/wp\/v2\/comments?post=101012"}],"acf:post":[{"embeddable":true,"href":"https:\/\/letrame.com\/catalogo\/wp-json\/wp\/v2\/author_book\/100761"}],"wp:featuredmedia":[{"embeddable":true,"href":"https:\/\/letrame.com\/catalogo\/wp-json\/wp\/v2\/media\/101013"}],"wp:attachment":[{"href":"https:\/\/letrame.com\/catalogo\/wp-json\/wp\/v2\/media?parent=101012"}],"wp:term":[{"taxonomy":"libro","embeddable":true,"href":"https:\/\/letrame.com\/catalogo\/wp-json\/wp\/v2\/libro?post=101012"},{"taxonomy":"product_brand","embeddable":true,"href":"https:\/\/letrame.com\/catalogo\/wp-json\/wp\/v2\/product_brand?post=101012"},{"taxonomy":"product_cat","embeddable":true,"href":"https:\/\/letrame.com\/catalogo\/wp-json\/wp\/v2\/product_cat?post=101012"},{"taxonomy":"product_tag","embeddable":true,"href":"https:\/\/letrame.com\/catalogo\/wp-json\/wp\/v2\/product_tag?post=101012"}],"curies":[{"name":"wp","href":"https:\/\/api.w.org\/{rel}","templated":true}]}}