{"id":101010,"date":"2024-05-23T10:21:40","date_gmt":"2024-05-23T08:21:40","guid":{"rendered":"https:\/\/letrame.com\/catalogo\/producto\/el-maravilloso-mundo-de-las-energias\/"},"modified":"2024-05-23T11:10:07","modified_gmt":"2024-05-23T09:10:07","slug":"el-maravilloso-mundo-de-las-energias","status":"publish","type":"product","link":"https:\/\/letrame.com\/catalogo\/producto\/el-maravilloso-mundo-de-las-energias\/","title":{"rendered":"El maravilloso mundo de las energ\u00edas"},"content":{"rendered":"<p class=\"p1\">ISBN:\u00a0978-84-1181-608-3<\/p>\n<p class=\"p1\">T\u00edtulo: El maravilloso mundo de las energ\u00edas<br \/>\nFecha: 2023<br \/>\nP\u00e1ginas: 380<\/p>\n<p class=\"p1\">SINOPSIS<\/p>\n<p>\u00a1Prep\u00e1rense para un viaje alucinante a un mundo lleno de energ\u00eda y magia en\u00a0<strong><em>El Maravilloso Mundo de las Energ\u00edas!\u00a0<\/em><\/strong>\u00a1Este incre\u00edble libro ha sido creado especialmente para ni\u00f1os y padres curiosos, que desean explorar los secretos del universo y descubrir qu\u00e9 ocurre con las energ\u00edas del otro lado!<\/p>\n<p>&nbsp;<\/p>\n<p>Acompa\u00f1ados de personajes fascinantes y coloridas ilustraciones, los ni\u00f1os aprender\u00e1n que \u00a1todos somos seres m\u00e1gicos cargados de energ\u00eda \u00fanica! Desde las estrellas m\u00e1s brillantes y los planetas m\u00e1s lejanos, hasta las propias c\u00e9lulas, descubrir\u00e1n c\u00f3mo la energ\u00eda nos conecta con todo lo que nos rodea. \u00a1Pero eso no es todo! Este viaje tambi\u00e9n los llevar\u00e1 a descubrir el enigm\u00e1tico mundo del otro lado, habitado por seres m\u00e1gicos como \u00e1ngeles y esp\u00edritus llenos de luz. Aprender\u00e1n a reconocer las energ\u00edas positivas y negativas, y descubrir\u00e1n poderosas t\u00e9cnicas para protegerse y enfrentar cualquier desaf\u00edo energ\u00e9tico.<\/p>\n<p>&nbsp;<\/p>\n<p>Con un lenguaje cautivador y actividades emocionantes,\u00a0<strong><em>El Maravilloso Mundo de las Energ\u00edas<\/em><\/strong>\u00a0invita a padres e hijos a embarcarse en una aventura inolvidable. \u00a1Es el momento perfecto para fortalecer la conexi\u00f3n familiar, responder preguntas y liberarse del miedo a lo desconocido!\u00a0\u00a1Prep\u00e1rense para abrir las puertas de la imaginaci\u00f3n, descubrir el poder interior y vivir una experiencia que cambiar\u00e1 sus vidas para siempre! \u00bfEst\u00e1n listos para adentrarse en un mundo m\u00e1gico donde todo es posible? \u00a1Entonces, no esperen m\u00e1s y adquieran<strong><em>\u00a0El Maravilloso Mundo de las Energ\u00edas\u00a0<\/em><\/strong>hoy mismo!<\/p>\n","protected":false},"excerpt":{"rendered":"<p class=\"p1\">ISBN:\u00a0978-84-1181-608-3<\/p>\n<p class=\"p1\">SINOPSIS<\/p>\n<p>\u00a1Prep\u00e1rense para un viaje alucinante a un mundo lleno de energ\u00eda y magia en\u00a0<strong><em>El Maravilloso Mundo de las Energ\u00edas!\u00a0<\/em><\/strong>\u00a1Este incre\u00edble libro ha sido creado especialmente para ni\u00f1os y padres curiosos, que desean explorar los secretos del universo y descubrir qu\u00e9 ocurre con las energ\u00edas del otro lado!<\/p>\n<p>&nbsp;<\/p>\n<p>Acompa\u00f1ados de personajes fascinantes y coloridas ilustraciones, los ni\u00f1os aprender\u00e1n que \u00a1todos somos seres m\u00e1gicos cargados de energ\u00eda \u00fanica! Desde las estrellas m\u00e1s brillantes y los planetas m\u00e1s lejanos, hasta las propias c\u00e9lulas, descubrir\u00e1n c\u00f3mo la energ\u00eda nos conecta con todo lo que nos rodea. \u00a1Pero eso no es todo! Este viaje tambi\u00e9n los llevar\u00e1 a descubrir el enigm\u00e1tico mundo del otro lado, habitado por seres m\u00e1gicos como \u00e1ngeles y esp\u00edritus llenos de luz. Aprender\u00e1n a reconocer las energ\u00edas positivas y negativas, y descubrir\u00e1n poderosas t\u00e9cnicas para protegerse y enfrentar cualquier desaf\u00edo energ\u00e9tico.<\/p>\n<p>&nbsp;<\/p>\n<p>Con un lenguaje cautivador y actividades emocionantes,\u00a0<strong><em>El Maravilloso Mundo de las Energ\u00edas<\/em><\/strong>\u00a0invita a padres e hijos a embarcarse en una aventura inolvidable. \u00a1Es el momento perfecto para fortalecer la conexi\u00f3n familiar, responder preguntas y liberarse del miedo a lo desconocido!\u00a0\u00a1Prep\u00e1rense para abrir las puertas de la imaginaci\u00f3n, descubrir el poder interior y vivir una experiencia que cambiar\u00e1 sus vidas para siempre! \u00bfEst\u00e1n listos para adentrarse en un mundo m\u00e1gico donde todo es posible? \u00a1Entonces, no esperen m\u00e1s y adquieran<strong><em>\u00a0El Maravilloso Mundo de las Energ\u00edas\u00a0<\/em><\/strong>hoy mismo!<\/p>\n<p class=\"p1\">\n","protected":false},"featured_media":101011,"comment_status":"closed","ping_status":"closed","template":"","meta":{"_acf_changed":false},"libro":[],"product_brand":[],"product_cat":[120],"product_tag":[],"class_list":{"0":"post-101010","1":"product","2":"type-product","3":"status-publish","4":"has-post-thumbnail","6":"product_cat-autoayudacrecimiento-espiritual","8":"first","9":"instock","10":"product-type-simple"},"acf":{"autor":[72532],"enlace_de_compra":"https:\/\/www.amazon.es\/dp\/8411816087"},"yoast_head":"<!-- This site is optimized with the Yoast SEO plugin v27.4 - https:\/\/yoast.com\/product\/yoast-seo-wordpress\/ -->\n<title>El maravilloso mundo de las energ\u00edas - Catalogo | Letrame Grupo Editorial<\/title>\n<meta name=\"robots\" content=\"index, follow, max-snippet:-1, max-image-preview:large, max-video-preview:-1\" \/>\n<link rel=\"canonical\" href=\"https:\/\/letrame.com\/catalogo\/producto\/el-maravilloso-mundo-de-las-energias\/\" \/>\n<meta property=\"og:locale\" content=\"es_ES\" \/>\n<meta property=\"og:type\" content=\"article\" \/>\n<meta property=\"og:title\" content=\"El maravilloso mundo de las energ\u00edas - Catalogo | Letrame Grupo Editorial\" \/>\n<meta property=\"og:description\" content=\"ISBN:\u00a0978-84-1181-608-3 SINOPSIS \u00a1Prep\u00e1rense para un viaje alucinante a un mundo lleno de energ\u00eda y magia en\u00a0El Maravilloso Mundo de las Energ\u00edas!\u00a0\u00a1Este incre\u00edble libro ha sido creado especialmente para ni\u00f1os y padres curiosos, que desean explorar los secretos del universo y descubrir qu\u00e9 ocurre con las energ\u00edas del otro lado!  &nbsp;  Acompa\u00f1ados de personajes fascinantes y coloridas ilustraciones, los ni\u00f1os aprender\u00e1n que \u00a1todos somos seres m\u00e1gicos cargados de energ\u00eda \u00fanica! Desde las estrellas m\u00e1s brillantes y los planetas m\u00e1s lejanos, hasta las propias c\u00e9lulas, descubrir\u00e1n c\u00f3mo la energ\u00eda nos conecta con todo lo que nos rodea. \u00a1Pero eso no es todo! Este viaje tambi\u00e9n los llevar\u00e1 a descubrir el enigm\u00e1tico mundo del otro lado, habitado por seres m\u00e1gicos como \u00e1ngeles y esp\u00edritus llenos de luz. Aprender\u00e1n a reconocer las energ\u00edas positivas y negativas, y descubrir\u00e1n poderosas t\u00e9cnicas para protegerse y enfrentar cualquier desaf\u00edo energ\u00e9tico.  &nbsp;  Con un lenguaje cautivador y actividades emocionantes,\u00a0El Maravilloso Mundo de las Energ\u00edas\u00a0invita a padres e hijos a embarcarse en una aventura inolvidable. \u00a1Es el momento perfecto para fortalecer la conexi\u00f3n familiar, responder preguntas y liberarse del miedo a lo desconocido!\u00a0\u00a1Prep\u00e1rense para abrir las puertas de la imaginaci\u00f3n, descubrir el poder interior y vivir una experiencia que cambiar\u00e1 sus vidas para siempre! \u00bfEst\u00e1n listos para adentrarse en un mundo m\u00e1gico donde todo es posible? \u00a1Entonces, no esperen m\u00e1s y adquieran\u00a0El Maravilloso Mundo de las Energ\u00edas\u00a0hoy mismo!\" \/>\n<meta property=\"og:url\" content=\"https:\/\/letrame.com\/catalogo\/producto\/el-maravilloso-mundo-de-las-energias\/\" \/>\n<meta property=\"og:site_name\" content=\"Catalogo | Letrame Grupo Editorial\" \/>\n<meta property=\"article:modified_time\" content=\"2024-05-23T09:10:07+00:00\" \/>\n<meta property=\"og:image\" content=\"https:\/\/letrame.com\/catalogo\/wp-content\/uploads\/2024\/05\/webportada_elmaravillosomundo_211mm-compressed-scaled-1.jpg\" \/>\n\t<meta property=\"og:image:width\" content=\"1813\" \/>\n\t<meta property=\"og:image:height\" content=\"2560\" \/>\n\t<meta property=\"og:image:type\" content=\"image\/jpeg\" \/>\n<meta name=\"twitter:card\" content=\"summary_large_image\" \/>\n<meta name=\"twitter:label1\" content=\"Tiempo de lectura\" \/>\n\t<meta name=\"twitter:data1\" content=\"2 minutos\" \/>\n<script type=\"application\/ld+json\" class=\"yoast-schema-graph\">{\"@context\":\"https:\\\/\\\/schema.org\",\"@graph\":[{\"@type\":\"WebPage\",\"@id\":\"https:\\\/\\\/letrame.com\\\/catalogo\\\/producto\\\/el-maravilloso-mundo-de-las-energias\\\/\",\"url\":\"https:\\\/\\\/letrame.com\\\/catalogo\\\/producto\\\/el-maravilloso-mundo-de-las-energias\\\/\",\"name\":\"El maravilloso mundo de las energ\u00edas - Catalogo | Letrame Grupo Editorial\",\"isPartOf\":{\"@id\":\"https:\\\/\\\/letrame.com\\\/catalogo\\\/#website\"},\"primaryImageOfPage\":{\"@id\":\"https:\\\/\\\/letrame.com\\\/catalogo\\\/producto\\\/el-maravilloso-mundo-de-las-energias\\\/#primaryimage\"},\"image\":{\"@id\":\"https:\\\/\\\/letrame.com\\\/catalogo\\\/producto\\\/el-maravilloso-mundo-de-las-energias\\\/#primaryimage\"},\"thumbnailUrl\":\"https:\\\/\\\/letrame.com\\\/catalogo\\\/wp-content\\\/uploads\\\/2024\\\/05\\\/webportada_elmaravillosomundo_211mm-compressed-scaled-1.jpg\",\"datePublished\":\"2024-05-23T08:21:40+00:00\",\"dateModified\":\"2024-05-23T09:10:07+00:00\",\"breadcrumb\":{\"@id\":\"https:\\\/\\\/letrame.com\\\/catalogo\\\/producto\\\/el-maravilloso-mundo-de-las-energias\\\/#breadcrumb\"},\"inLanguage\":\"es\",\"potentialAction\":[{\"@type\":\"ReadAction\",\"target\":[\"https:\\\/\\\/letrame.com\\\/catalogo\\\/producto\\\/el-maravilloso-mundo-de-las-energias\\\/\"]}]},{\"@type\":\"ImageObject\",\"inLanguage\":\"es\",\"@id\":\"https:\\\/\\\/letrame.com\\\/catalogo\\\/producto\\\/el-maravilloso-mundo-de-las-energias\\\/#primaryimage\",\"url\":\"https:\\\/\\\/letrame.com\\\/catalogo\\\/wp-content\\\/uploads\\\/2024\\\/05\\\/webportada_elmaravillosomundo_211mm-compressed-scaled-1.jpg\",\"contentUrl\":\"https:\\\/\\\/letrame.com\\\/catalogo\\\/wp-content\\\/uploads\\\/2024\\\/05\\\/webportada_elmaravillosomundo_211mm-compressed-scaled-1.jpg\",\"width\":1813,\"height\":2560},{\"@type\":\"BreadcrumbList\",\"@id\":\"https:\\\/\\\/letrame.com\\\/catalogo\\\/producto\\\/el-maravilloso-mundo-de-las-energias\\\/#breadcrumb\",\"itemListElement\":[{\"@type\":\"ListItem\",\"position\":1,\"name\":\"Portada\",\"item\":\"https:\\\/\\\/letrame.com\\\/catalogo\\\/\"},{\"@type\":\"ListItem\",\"position\":2,\"name\":\"Cat\u00e1logo\",\"item\":\"https:\\\/\\\/letrame.com\\\/catalogo\\\/\"},{\"@type\":\"ListItem\",\"position\":3,\"name\":\"El maravilloso mundo de las energ\u00edas\"}]},{\"@type\":\"WebSite\",\"@id\":\"https:\\\/\\\/letrame.com\\\/catalogo\\\/#website\",\"url\":\"https:\\\/\\\/letrame.com\\\/catalogo\\\/\",\"name\":\"Catalogo | Letrame Grupo Editorial\",\"description\":\"\",\"publisher\":{\"@id\":\"https:\\\/\\\/letrame.com\\\/catalogo\\\/#organization\"},\"potentialAction\":[{\"@type\":\"SearchAction\",\"target\":{\"@type\":\"EntryPoint\",\"urlTemplate\":\"https:\\\/\\\/letrame.com\\\/catalogo\\\/?s={search_term_string}\"},\"query-input\":{\"@type\":\"PropertyValueSpecification\",\"valueRequired\":true,\"valueName\":\"search_term_string\"}}],\"inLanguage\":\"es\"},{\"@type\":\"Organization\",\"@id\":\"https:\\\/\\\/letrame.com\\\/catalogo\\\/#organization\",\"name\":\"Catalogo | Letrame Grupo Editorial\",\"url\":\"https:\\\/\\\/letrame.com\\\/catalogo\\\/\",\"logo\":{\"@type\":\"ImageObject\",\"inLanguage\":\"es\",\"@id\":\"https:\\\/\\\/letrame.com\\\/catalogo\\\/#\\\/schema\\\/logo\\\/image\\\/\",\"url\":\"https:\\\/\\\/letrame.com\\\/catalogo\\\/wp-content\\\/uploads\\\/2024\\\/03\\\/logo2.webp\",\"contentUrl\":\"https:\\\/\\\/letrame.com\\\/catalogo\\\/wp-content\\\/uploads\\\/2024\\\/03\\\/logo2.webp\",\"width\":394,\"height\":128,\"caption\":\"Catalogo | Letrame Grupo Editorial\"},\"image\":{\"@id\":\"https:\\\/\\\/letrame.com\\\/catalogo\\\/#\\\/schema\\\/logo\\\/image\\\/\"}}]}<\/script>\n<!-- \/ Yoast SEO plugin. -->","yoast_head_json":{"title":"El maravilloso mundo de las energ\u00edas - Catalogo | Letrame Grupo Editorial","robots":{"index":"index","follow":"follow","max-snippet":"max-snippet:-1","max-image-preview":"max-image-preview:large","max-video-preview":"max-video-preview:-1"},"canonical":"https:\/\/letrame.com\/catalogo\/producto\/el-maravilloso-mundo-de-las-energias\/","og_locale":"es_ES","og_type":"article","og_title":"El maravilloso mundo de las energ\u00edas - Catalogo | Letrame Grupo Editorial","og_description":"ISBN:\u00a0978-84-1181-608-3 SINOPSIS \u00a1Prep\u00e1rense para un viaje alucinante a un mundo lleno de energ\u00eda y magia en\u00a0El Maravilloso Mundo de las Energ\u00edas!\u00a0\u00a1Este incre\u00edble libro ha sido creado especialmente para ni\u00f1os y padres curiosos, que desean explorar los secretos del universo y descubrir qu\u00e9 ocurre con las energ\u00edas del otro lado!  &nbsp;  Acompa\u00f1ados de personajes fascinantes y coloridas ilustraciones, los ni\u00f1os aprender\u00e1n que \u00a1todos somos seres m\u00e1gicos cargados de energ\u00eda \u00fanica! Desde las estrellas m\u00e1s brillantes y los planetas m\u00e1s lejanos, hasta las propias c\u00e9lulas, descubrir\u00e1n c\u00f3mo la energ\u00eda nos conecta con todo lo que nos rodea. \u00a1Pero eso no es todo! Este viaje tambi\u00e9n los llevar\u00e1 a descubrir el enigm\u00e1tico mundo del otro lado, habitado por seres m\u00e1gicos como \u00e1ngeles y esp\u00edritus llenos de luz. Aprender\u00e1n a reconocer las energ\u00edas positivas y negativas, y descubrir\u00e1n poderosas t\u00e9cnicas para protegerse y enfrentar cualquier desaf\u00edo energ\u00e9tico.  &nbsp;  Con un lenguaje cautivador y actividades emocionantes,\u00a0El Maravilloso Mundo de las Energ\u00edas\u00a0invita a padres e hijos a embarcarse en una aventura inolvidable. \u00a1Es el momento perfecto para fortalecer la conexi\u00f3n familiar, responder preguntas y liberarse del miedo a lo desconocido!\u00a0\u00a1Prep\u00e1rense para abrir las puertas de la imaginaci\u00f3n, descubrir el poder interior y vivir una experiencia que cambiar\u00e1 sus vidas para siempre! \u00bfEst\u00e1n listos para adentrarse en un mundo m\u00e1gico donde todo es posible? \u00a1Entonces, no esperen m\u00e1s y adquieran\u00a0El Maravilloso Mundo de las Energ\u00edas\u00a0hoy mismo!","og_url":"https:\/\/letrame.com\/catalogo\/producto\/el-maravilloso-mundo-de-las-energias\/","og_site_name":"Catalogo | Letrame Grupo Editorial","article_modified_time":"2024-05-23T09:10:07+00:00","og_image":[{"width":1813,"height":2560,"url":"https:\/\/letrame.com\/catalogo\/wp-content\/uploads\/2024\/05\/webportada_elmaravillosomundo_211mm-compressed-scaled-1.jpg","type":"image\/jpeg"}],"twitter_card":"summary_large_image","twitter_misc":{"Tiempo de lectura":"2 minutos"},"schema":{"@context":"https:\/\/schema.org","@graph":[{"@type":"WebPage","@id":"https:\/\/letrame.com\/catalogo\/producto\/el-maravilloso-mundo-de-las-energias\/","url":"https:\/\/letrame.com\/catalogo\/producto\/el-maravilloso-mundo-de-las-energias\/","name":"El maravilloso mundo de las energ\u00edas - Catalogo | Letrame Grupo Editorial","isPartOf":{"@id":"https:\/\/letrame.com\/catalogo\/#website"},"primaryImageOfPage":{"@id":"https:\/\/letrame.com\/catalogo\/producto\/el-maravilloso-mundo-de-las-energias\/#primaryimage"},"image":{"@id":"https:\/\/letrame.com\/catalogo\/producto\/el-maravilloso-mundo-de-las-energias\/#primaryimage"},"thumbnailUrl":"https:\/\/letrame.com\/catalogo\/wp-content\/uploads\/2024\/05\/webportada_elmaravillosomundo_211mm-compressed-scaled-1.jpg","datePublished":"2024-05-23T08:21:40+00:00","dateModified":"2024-05-23T09:10:07+00:00","breadcrumb":{"@id":"https:\/\/letrame.com\/catalogo\/producto\/el-maravilloso-mundo-de-las-energias\/#breadcrumb"},"inLanguage":"es","potentialAction":[{"@type":"ReadAction","target":["https:\/\/letrame.com\/catalogo\/producto\/el-maravilloso-mundo-de-las-energias\/"]}]},{"@type":"ImageObject","inLanguage":"es","@id":"https:\/\/letrame.com\/catalogo\/producto\/el-maravilloso-mundo-de-las-energias\/#primaryimage","url":"https:\/\/letrame.com\/catalogo\/wp-content\/uploads\/2024\/05\/webportada_elmaravillosomundo_211mm-compressed-scaled-1.jpg","contentUrl":"https:\/\/letrame.com\/catalogo\/wp-content\/uploads\/2024\/05\/webportada_elmaravillosomundo_211mm-compressed-scaled-1.jpg","width":1813,"height":2560},{"@type":"BreadcrumbList","@id":"https:\/\/letrame.com\/catalogo\/producto\/el-maravilloso-mundo-de-las-energias\/#breadcrumb","itemListElement":[{"@type":"ListItem","position":1,"name":"Portada","item":"https:\/\/letrame.com\/catalogo\/"},{"@type":"ListItem","position":2,"name":"Cat\u00e1logo","item":"https:\/\/letrame.com\/catalogo\/"},{"@type":"ListItem","position":3,"name":"El maravilloso mundo de las energ\u00edas"}]},{"@type":"WebSite","@id":"https:\/\/letrame.com\/catalogo\/#website","url":"https:\/\/letrame.com\/catalogo\/","name":"Catalogo | Letrame Grupo Editorial","description":"","publisher":{"@id":"https:\/\/letrame.com\/catalogo\/#organization"},"potentialAction":[{"@type":"SearchAction","target":{"@type":"EntryPoint","urlTemplate":"https:\/\/letrame.com\/catalogo\/?s={search_term_string}"},"query-input":{"@type":"PropertyValueSpecification","valueRequired":true,"valueName":"search_term_string"}}],"inLanguage":"es"},{"@type":"Organization","@id":"https:\/\/letrame.com\/catalogo\/#organization","name":"Catalogo | Letrame Grupo Editorial","url":"https:\/\/letrame.com\/catalogo\/","logo":{"@type":"ImageObject","inLanguage":"es","@id":"https:\/\/letrame.com\/catalogo\/#\/schema\/logo\/image\/","url":"https:\/\/letrame.com\/catalogo\/wp-content\/uploads\/2024\/03\/logo2.webp","contentUrl":"https:\/\/letrame.com\/catalogo\/wp-content\/uploads\/2024\/03\/logo2.webp","width":394,"height":128,"caption":"Catalogo | Letrame Grupo Editorial"},"image":{"@id":"https:\/\/letrame.com\/catalogo\/#\/schema\/logo\/image\/"}}]}},"_links":{"self":[{"href":"https:\/\/letrame.com\/catalogo\/wp-json\/wp\/v2\/product\/101010","targetHints":{"allow":["GET"]}}],"collection":[{"href":"https:\/\/letrame.com\/catalogo\/wp-json\/wp\/v2\/product"}],"about":[{"href":"https:\/\/letrame.com\/catalogo\/wp-json\/wp\/v2\/types\/product"}],"replies":[{"embeddable":true,"href":"https:\/\/letrame.com\/catalogo\/wp-json\/wp\/v2\/comments?post=101010"}],"wp:featuredmedia":[{"embeddable":true,"href":"https:\/\/letrame.com\/catalogo\/wp-json\/wp\/v2\/media\/101011"}],"wp:attachment":[{"href":"https:\/\/letrame.com\/catalogo\/wp-json\/wp\/v2\/media?parent=101010"}],"wp:term":[{"taxonomy":"libro","embeddable":true,"href":"https:\/\/letrame.com\/catalogo\/wp-json\/wp\/v2\/libro?post=101010"},{"taxonomy":"product_brand","embeddable":true,"href":"https:\/\/letrame.com\/catalogo\/wp-json\/wp\/v2\/product_brand?post=101010"},{"taxonomy":"product_cat","embeddable":true,"href":"https:\/\/letrame.com\/catalogo\/wp-json\/wp\/v2\/product_cat?post=101010"},{"taxonomy":"product_tag","embeddable":true,"href":"https:\/\/letrame.com\/catalogo\/wp-json\/wp\/v2\/product_tag?post=101010"}],"curies":[{"name":"wp","href":"https:\/\/api.w.org\/{rel}","templated":true}]}}