{"id":101008,"date":"2024-05-23T10:21:40","date_gmt":"2024-05-23T08:21:40","guid":{"rendered":"https:\/\/letrame.com\/catalogo\/producto\/chamanes-de-los-siete-vientos\/"},"modified":"2024-06-04T15:27:58","modified_gmt":"2024-06-04T13:27:58","slug":"chamanes-de-los-siete-vientos","status":"publish","type":"product","link":"https:\/\/letrame.com\/catalogo\/producto\/chamanes-de-los-siete-vientos\/","title":{"rendered":"Chamanes de los siete vientos"},"content":{"rendered":"<p>ISBN:\u00a0978-84-1068-302-0<br \/>\nT\u00edtulo:\u2028CHAMANES DE LOS SIETE VIENTOS<br \/>\nFecha:\u20282024<br \/>\nP\u00e1ginas:\u00a0194<br \/>\nSINOPSIS<\/p>\n<p>En Chamanes de los siete vientos, el autor nos embarca en un viaje fascinante a trav\u00e9s de los rincones m\u00e1s remotos del planeta, explorando las tradiciones cham\u00e1nicas de diversas culturas. Desde el misterioso Amazonas hasta las heladas llanuras de Siberia, pasando por el ardiente desierto de Wirikuta, las selvas de Pap\u00faa o el coraz\u00f3n de \u00c1frica, el lector es transportado a un mundo de misterio tan m\u00e1gico que por momentos se olvida de que se trata de una historia real.<\/p>\n<p>Siete pueblos, siete plantas maestras, siete rituales tan opuestos como similares, en b\u00fasqueda de aprendizajes en diferentes idiomas, pero con el mismo ritmo, van tejiendo un cautivador estudio antropol\u00f3gico que transforma su propia vida de manera profunda y sorprendente, encontrando respuestas a preguntas que ni siquiera sab\u00eda que ten\u00eda.<\/p>\n<p>No es solo un relato de aventuras ex\u00f3ticas, sino tambi\u00e9n una exploraci\u00f3n \u00edntima de la mente y el esp\u00edritu. Es un testimonio conmovedor de la capacidad del ser humano para trascender las barreras culturales y encontrar la sabidur\u00eda universal que yace en lo m\u00e1s profundo de nuestra propia naturaleza.<\/p>\n<p>Chamanes de los siete vientos despierta la pasi\u00f3n por viajar y por explorar las profundidades de uno mismo. Su fluidez narrativa te atrapa desde la primera p\u00e1gina y te deja con la sensaci\u00f3n de que, al cerrar el libro, has emprendido un viaje transformador junto al autor.<\/p>\n","protected":false},"excerpt":{"rendered":"<p>ISBN:\u00a0978-84-1068-302-0<\/p>\n<p>SINOPSIS<\/p>\n<p>En Chamanes de los siete vientos, el autor nos embarca en un viaje fascinante a trav\u00e9s de los rincones m\u00e1s remotos del planeta, explorando las tradiciones cham\u00e1nicas de diversas culturas. Desde el misterioso Amazonas hasta las heladas llanuras de Siberia, pasando por el ardiente desierto de Wirikuta, las selvas de Pap\u00faa o el coraz\u00f3n de \u00c1frica, el lector es transportado a un mundo de misterio tan m\u00e1gico que por momentos se olvida de que se trata de una historia real.<\/p>\n<p>Siete pueblos, siete plantas maestras, siete rituales tan opuestos como similares, en b\u00fasqueda de aprendizajes en diferentes idiomas, pero con el mismo ritmo, van tejiendo un cautivador estudio antropol\u00f3gico que transforma su propia vida de manera profunda y sorprendente, encontrando respuestas a preguntas que ni siquiera sab\u00eda que ten\u00eda.<\/p>\n<p>No es solo un relato de aventuras ex\u00f3ticas, sino tambi\u00e9n una exploraci\u00f3n \u00edntima de la mente y el esp\u00edritu. Es un testimonio conmovedor de la capacidad del ser humano para trascender las barreras culturales y encontrar la sabidur\u00eda universal que yace en lo m\u00e1s profundo de nuestra propia naturaleza.<\/p>\n<p>Chamanes de los siete vientos despierta la pasi\u00f3n por viajar y por explorar las profundidades de uno mismo. Su fluidez narrativa te atrapa desde la primera p\u00e1gina y te deja con la sensaci\u00f3n de que, al cerrar el libro, has emprendido un viaje transformador junto al autor.<\/p>\n<p>&nbsp;<\/p>\n","protected":false},"featured_media":101009,"comment_status":"closed","ping_status":"closed","template":"","meta":{"_acf_changed":false},"libro":[],"product_brand":[],"product_cat":[24],"product_tag":[],"class_list":{"0":"post-101008","1":"product","2":"type-product","3":"status-publish","4":"has-post-thumbnail","6":"product_cat-viajes","8":"first","9":"instock","10":"product-type-simple"},"acf":{"autor":[100759],"enlace_de_compra":"https:\/\/www.casadellibro.com\/libro-chamanes-de-los-siete-vientos\/9788410683020\/16032951"},"yoast_head":"<!-- This site is optimized with the Yoast SEO plugin v26.6 - https:\/\/yoast.com\/wordpress\/plugins\/seo\/ -->\n<title>Chamanes de los siete vientos - Catalogo | Letrame Grupo Editorial<\/title>\n<meta name=\"robots\" content=\"index, follow, max-snippet:-1, max-image-preview:large, max-video-preview:-1\" \/>\n<link rel=\"canonical\" href=\"https:\/\/letrame.com\/catalogo\/producto\/chamanes-de-los-siete-vientos\/\" \/>\n<meta property=\"og:locale\" content=\"es_ES\" \/>\n<meta property=\"og:type\" content=\"article\" \/>\n<meta property=\"og:title\" content=\"Chamanes de los siete vientos - Catalogo | Letrame Grupo Editorial\" \/>\n<meta property=\"og:description\" content=\"ISBN:\u00a0978-84-1068-302-0  SINOPSIS  En Chamanes de los siete vientos, el autor nos embarca en un viaje fascinante a trav\u00e9s de los rincones m\u00e1s remotos del planeta, explorando las tradiciones cham\u00e1nicas de diversas culturas. Desde el misterioso Amazonas hasta las heladas llanuras de Siberia, pasando por el ardiente desierto de Wirikuta, las selvas de Pap\u00faa o el coraz\u00f3n de \u00c1frica, el lector es transportado a un mundo de misterio tan m\u00e1gico que por momentos se olvida de que se trata de una historia real.  Siete pueblos, siete plantas maestras, siete rituales tan opuestos como similares, en b\u00fasqueda de aprendizajes en diferentes idiomas, pero con el mismo ritmo, van tejiendo un cautivador estudio antropol\u00f3gico que transforma su propia vida de manera profunda y sorprendente, encontrando respuestas a preguntas que ni siquiera sab\u00eda que ten\u00eda.  No es solo un relato de aventuras ex\u00f3ticas, sino tambi\u00e9n una exploraci\u00f3n \u00edntima de la mente y el esp\u00edritu. Es un testimonio conmovedor de la capacidad del ser humano para trascender las barreras culturales y encontrar la sabidur\u00eda universal que yace en lo m\u00e1s profundo de nuestra propia naturaleza.  Chamanes de los siete vientos despierta la pasi\u00f3n por viajar y por explorar las profundidades de uno mismo. Su fluidez narrativa te atrapa desde la primera p\u00e1gina y te deja con la sensaci\u00f3n de que, al cerrar el libro, has emprendido un viaje transformador junto al autor.  &nbsp;\" \/>\n<meta property=\"og:url\" content=\"https:\/\/letrame.com\/catalogo\/producto\/chamanes-de-los-siete-vientos\/\" \/>\n<meta property=\"og:site_name\" content=\"Catalogo | Letrame Grupo Editorial\" \/>\n<meta property=\"article:modified_time\" content=\"2024-06-04T13:27:58+00:00\" \/>\n<meta property=\"og:image\" content=\"https:\/\/letrame.com\/catalogo\/wp-content\/uploads\/2024\/05\/webp_chamanes_993mm-compressed.jpg\" \/>\n\t<meta property=\"og:image:width\" content=\"1772\" \/>\n\t<meta property=\"og:image:height\" content=\"2480\" \/>\n\t<meta property=\"og:image:type\" content=\"image\/jpeg\" \/>\n<meta name=\"twitter:card\" content=\"summary_large_image\" \/>\n<meta name=\"twitter:label1\" content=\"Tiempo de lectura\" \/>\n\t<meta name=\"twitter:data1\" content=\"2 minutos\" \/>\n<script type=\"application\/ld+json\" class=\"yoast-schema-graph\">{\"@context\":\"https:\/\/schema.org\",\"@graph\":[{\"@type\":\"WebPage\",\"@id\":\"https:\/\/letrame.com\/catalogo\/producto\/chamanes-de-los-siete-vientos\/\",\"url\":\"https:\/\/letrame.com\/catalogo\/producto\/chamanes-de-los-siete-vientos\/\",\"name\":\"Chamanes de los siete vientos - Catalogo | Letrame Grupo Editorial\",\"isPartOf\":{\"@id\":\"https:\/\/letrame.com\/catalogo\/#website\"},\"primaryImageOfPage\":{\"@id\":\"https:\/\/letrame.com\/catalogo\/producto\/chamanes-de-los-siete-vientos\/#primaryimage\"},\"image\":{\"@id\":\"https:\/\/letrame.com\/catalogo\/producto\/chamanes-de-los-siete-vientos\/#primaryimage\"},\"thumbnailUrl\":\"https:\/\/letrame.com\/catalogo\/wp-content\/uploads\/2024\/05\/webp_chamanes_993mm-compressed.jpg\",\"datePublished\":\"2024-05-23T08:21:40+00:00\",\"dateModified\":\"2024-06-04T13:27:58+00:00\",\"breadcrumb\":{\"@id\":\"https:\/\/letrame.com\/catalogo\/producto\/chamanes-de-los-siete-vientos\/#breadcrumb\"},\"inLanguage\":\"es\",\"potentialAction\":[{\"@type\":\"ReadAction\",\"target\":[\"https:\/\/letrame.com\/catalogo\/producto\/chamanes-de-los-siete-vientos\/\"]}]},{\"@type\":\"ImageObject\",\"inLanguage\":\"es\",\"@id\":\"https:\/\/letrame.com\/catalogo\/producto\/chamanes-de-los-siete-vientos\/#primaryimage\",\"url\":\"https:\/\/letrame.com\/catalogo\/wp-content\/uploads\/2024\/05\/webp_chamanes_993mm-compressed.jpg\",\"contentUrl\":\"https:\/\/letrame.com\/catalogo\/wp-content\/uploads\/2024\/05\/webp_chamanes_993mm-compressed.jpg\",\"width\":1772,\"height\":2480},{\"@type\":\"BreadcrumbList\",\"@id\":\"https:\/\/letrame.com\/catalogo\/producto\/chamanes-de-los-siete-vientos\/#breadcrumb\",\"itemListElement\":[{\"@type\":\"ListItem\",\"position\":1,\"name\":\"Portada\",\"item\":\"https:\/\/letrame.com\/catalogo\/\"},{\"@type\":\"ListItem\",\"position\":2,\"name\":\"Cat\u00e1logo\",\"item\":\"https:\/\/letrame.com\/catalogo\/\"},{\"@type\":\"ListItem\",\"position\":3,\"name\":\"Chamanes de los siete vientos\"}]},{\"@type\":\"WebSite\",\"@id\":\"https:\/\/letrame.com\/catalogo\/#website\",\"url\":\"https:\/\/letrame.com\/catalogo\/\",\"name\":\"Catalogo | Letrame Grupo Editorial\",\"description\":\"\",\"publisher\":{\"@id\":\"https:\/\/letrame.com\/catalogo\/#organization\"},\"potentialAction\":[{\"@type\":\"SearchAction\",\"target\":{\"@type\":\"EntryPoint\",\"urlTemplate\":\"https:\/\/letrame.com\/catalogo\/?s={search_term_string}\"},\"query-input\":{\"@type\":\"PropertyValueSpecification\",\"valueRequired\":true,\"valueName\":\"search_term_string\"}}],\"inLanguage\":\"es\"},{\"@type\":\"Organization\",\"@id\":\"https:\/\/letrame.com\/catalogo\/#organization\",\"name\":\"Catalogo | Letrame Grupo Editorial\",\"url\":\"https:\/\/letrame.com\/catalogo\/\",\"logo\":{\"@type\":\"ImageObject\",\"inLanguage\":\"es\",\"@id\":\"https:\/\/letrame.com\/catalogo\/#\/schema\/logo\/image\/\",\"url\":\"https:\/\/letrame.com\/catalogo\/wp-content\/uploads\/2024\/03\/logo2.webp\",\"contentUrl\":\"https:\/\/letrame.com\/catalogo\/wp-content\/uploads\/2024\/03\/logo2.webp\",\"width\":394,\"height\":128,\"caption\":\"Catalogo | Letrame Grupo Editorial\"},\"image\":{\"@id\":\"https:\/\/letrame.com\/catalogo\/#\/schema\/logo\/image\/\"}}]}<\/script>\n<!-- \/ Yoast SEO plugin. -->","yoast_head_json":{"title":"Chamanes de los siete vientos - Catalogo | Letrame Grupo Editorial","robots":{"index":"index","follow":"follow","max-snippet":"max-snippet:-1","max-image-preview":"max-image-preview:large","max-video-preview":"max-video-preview:-1"},"canonical":"https:\/\/letrame.com\/catalogo\/producto\/chamanes-de-los-siete-vientos\/","og_locale":"es_ES","og_type":"article","og_title":"Chamanes de los siete vientos - Catalogo | Letrame Grupo Editorial","og_description":"ISBN:\u00a0978-84-1068-302-0  SINOPSIS  En Chamanes de los siete vientos, el autor nos embarca en un viaje fascinante a trav\u00e9s de los rincones m\u00e1s remotos del planeta, explorando las tradiciones cham\u00e1nicas de diversas culturas. Desde el misterioso Amazonas hasta las heladas llanuras de Siberia, pasando por el ardiente desierto de Wirikuta, las selvas de Pap\u00faa o el coraz\u00f3n de \u00c1frica, el lector es transportado a un mundo de misterio tan m\u00e1gico que por momentos se olvida de que se trata de una historia real.  Siete pueblos, siete plantas maestras, siete rituales tan opuestos como similares, en b\u00fasqueda de aprendizajes en diferentes idiomas, pero con el mismo ritmo, van tejiendo un cautivador estudio antropol\u00f3gico que transforma su propia vida de manera profunda y sorprendente, encontrando respuestas a preguntas que ni siquiera sab\u00eda que ten\u00eda.  No es solo un relato de aventuras ex\u00f3ticas, sino tambi\u00e9n una exploraci\u00f3n \u00edntima de la mente y el esp\u00edritu. Es un testimonio conmovedor de la capacidad del ser humano para trascender las barreras culturales y encontrar la sabidur\u00eda universal que yace en lo m\u00e1s profundo de nuestra propia naturaleza.  Chamanes de los siete vientos despierta la pasi\u00f3n por viajar y por explorar las profundidades de uno mismo. Su fluidez narrativa te atrapa desde la primera p\u00e1gina y te deja con la sensaci\u00f3n de que, al cerrar el libro, has emprendido un viaje transformador junto al autor.  &nbsp;","og_url":"https:\/\/letrame.com\/catalogo\/producto\/chamanes-de-los-siete-vientos\/","og_site_name":"Catalogo | Letrame Grupo Editorial","article_modified_time":"2024-06-04T13:27:58+00:00","og_image":[{"width":1772,"height":2480,"url":"https:\/\/letrame.com\/catalogo\/wp-content\/uploads\/2024\/05\/webp_chamanes_993mm-compressed.jpg","type":"image\/jpeg"}],"twitter_card":"summary_large_image","twitter_misc":{"Tiempo de lectura":"2 minutos"},"schema":{"@context":"https:\/\/schema.org","@graph":[{"@type":"WebPage","@id":"https:\/\/letrame.com\/catalogo\/producto\/chamanes-de-los-siete-vientos\/","url":"https:\/\/letrame.com\/catalogo\/producto\/chamanes-de-los-siete-vientos\/","name":"Chamanes de los siete vientos - Catalogo | Letrame Grupo Editorial","isPartOf":{"@id":"https:\/\/letrame.com\/catalogo\/#website"},"primaryImageOfPage":{"@id":"https:\/\/letrame.com\/catalogo\/producto\/chamanes-de-los-siete-vientos\/#primaryimage"},"image":{"@id":"https:\/\/letrame.com\/catalogo\/producto\/chamanes-de-los-siete-vientos\/#primaryimage"},"thumbnailUrl":"https:\/\/letrame.com\/catalogo\/wp-content\/uploads\/2024\/05\/webp_chamanes_993mm-compressed.jpg","datePublished":"2024-05-23T08:21:40+00:00","dateModified":"2024-06-04T13:27:58+00:00","breadcrumb":{"@id":"https:\/\/letrame.com\/catalogo\/producto\/chamanes-de-los-siete-vientos\/#breadcrumb"},"inLanguage":"es","potentialAction":[{"@type":"ReadAction","target":["https:\/\/letrame.com\/catalogo\/producto\/chamanes-de-los-siete-vientos\/"]}]},{"@type":"ImageObject","inLanguage":"es","@id":"https:\/\/letrame.com\/catalogo\/producto\/chamanes-de-los-siete-vientos\/#primaryimage","url":"https:\/\/letrame.com\/catalogo\/wp-content\/uploads\/2024\/05\/webp_chamanes_993mm-compressed.jpg","contentUrl":"https:\/\/letrame.com\/catalogo\/wp-content\/uploads\/2024\/05\/webp_chamanes_993mm-compressed.jpg","width":1772,"height":2480},{"@type":"BreadcrumbList","@id":"https:\/\/letrame.com\/catalogo\/producto\/chamanes-de-los-siete-vientos\/#breadcrumb","itemListElement":[{"@type":"ListItem","position":1,"name":"Portada","item":"https:\/\/letrame.com\/catalogo\/"},{"@type":"ListItem","position":2,"name":"Cat\u00e1logo","item":"https:\/\/letrame.com\/catalogo\/"},{"@type":"ListItem","position":3,"name":"Chamanes de los siete vientos"}]},{"@type":"WebSite","@id":"https:\/\/letrame.com\/catalogo\/#website","url":"https:\/\/letrame.com\/catalogo\/","name":"Catalogo | Letrame Grupo Editorial","description":"","publisher":{"@id":"https:\/\/letrame.com\/catalogo\/#organization"},"potentialAction":[{"@type":"SearchAction","target":{"@type":"EntryPoint","urlTemplate":"https:\/\/letrame.com\/catalogo\/?s={search_term_string}"},"query-input":{"@type":"PropertyValueSpecification","valueRequired":true,"valueName":"search_term_string"}}],"inLanguage":"es"},{"@type":"Organization","@id":"https:\/\/letrame.com\/catalogo\/#organization","name":"Catalogo | Letrame Grupo Editorial","url":"https:\/\/letrame.com\/catalogo\/","logo":{"@type":"ImageObject","inLanguage":"es","@id":"https:\/\/letrame.com\/catalogo\/#\/schema\/logo\/image\/","url":"https:\/\/letrame.com\/catalogo\/wp-content\/uploads\/2024\/03\/logo2.webp","contentUrl":"https:\/\/letrame.com\/catalogo\/wp-content\/uploads\/2024\/03\/logo2.webp","width":394,"height":128,"caption":"Catalogo | Letrame Grupo Editorial"},"image":{"@id":"https:\/\/letrame.com\/catalogo\/#\/schema\/logo\/image\/"}}]}},"_links":{"self":[{"href":"https:\/\/letrame.com\/catalogo\/wp-json\/wp\/v2\/product\/101008","targetHints":{"allow":["GET"]}}],"collection":[{"href":"https:\/\/letrame.com\/catalogo\/wp-json\/wp\/v2\/product"}],"about":[{"href":"https:\/\/letrame.com\/catalogo\/wp-json\/wp\/v2\/types\/product"}],"replies":[{"embeddable":true,"href":"https:\/\/letrame.com\/catalogo\/wp-json\/wp\/v2\/comments?post=101008"}],"acf:post":[{"embeddable":true,"href":"https:\/\/letrame.com\/catalogo\/wp-json\/wp\/v2\/author_book\/100759"}],"wp:featuredmedia":[{"embeddable":true,"href":"https:\/\/letrame.com\/catalogo\/wp-json\/wp\/v2\/media\/101009"}],"wp:attachment":[{"href":"https:\/\/letrame.com\/catalogo\/wp-json\/wp\/v2\/media?parent=101008"}],"wp:term":[{"taxonomy":"libro","embeddable":true,"href":"https:\/\/letrame.com\/catalogo\/wp-json\/wp\/v2\/libro?post=101008"},{"taxonomy":"product_brand","embeddable":true,"href":"https:\/\/letrame.com\/catalogo\/wp-json\/wp\/v2\/product_brand?post=101008"},{"taxonomy":"product_cat","embeddable":true,"href":"https:\/\/letrame.com\/catalogo\/wp-json\/wp\/v2\/product_cat?post=101008"},{"taxonomy":"product_tag","embeddable":true,"href":"https:\/\/letrame.com\/catalogo\/wp-json\/wp\/v2\/product_tag?post=101008"}],"curies":[{"name":"wp","href":"https:\/\/api.w.org\/{rel}","templated":true}]}}