{"id":100993,"date":"2024-05-23T10:20:02","date_gmt":"2024-05-23T08:20:02","guid":{"rendered":"https:\/\/letrame.com\/catalogo\/producto\/ella-y-todas-las-diosas-que-habitan-su-piel\/"},"modified":"2024-06-04T15:31:47","modified_gmt":"2024-06-04T13:31:47","slug":"ella-y-todas-las-diosas-que-habitan-su-piel","status":"publish","type":"product","link":"https:\/\/letrame.com\/catalogo\/producto\/ella-y-todas-las-diosas-que-habitan-su-piel\/","title":{"rendered":"Ella y todas las diosas que habitan en su piel"},"content":{"rendered":"<p>ISBN:\u00a0978-84-1068-137-8<br \/>\nT\u00edtulo:\u2028ELLA Y TODAS LAS DIOSAS QUE HABITAN SU PIEL<br \/>\nFecha:\u20282024<br \/>\nP\u00e1ginas:\u00a0136<br \/>\nSINOPSIS<\/p>\n<p>Dicen que la felicidad no se publica, se vive.<br \/>\nQue la intensidad le da mil vueltas al tiempo.<br \/>\nQue sin riesgo, no hay historia.<br \/>\nQue sin historia, no hay futuro.<br \/>\nY yo, que a veces no puedo m\u00e1s. Que solo<br \/>\nbusco un lugar donde perderme.<br \/>\nDonde poder desconectar un poquito cuando<br \/>\ntodo va tan r\u00e1pido que no soy capaz de saborear<br \/>\nnada, le doy gracias cada d\u00eda al universo por haberme<br \/>\ndado la oportunidad de refugiarme en vuestros brazos.<br \/>\nVosotros me salv\u00e1is sin saberlo.<br \/>\nVosotros llen\u00e1is mi sonrisa de mariposas.<br \/>\nVosotros sois mi hogar, mi abrigo y mi baluarte.<br \/>\nEste libro es mi manera de agradeceros que se\u00e1is la<br \/>\nmagia que hace que yo solo tenga que agitar la varita.<br \/>\nUn libro dedicado a la mujer, es cierto, pero escrito por<br \/>\nuno de esos hombres que amamos a todas y cada una<br \/>\nde las diosas que habitan bajo vuestra piel.<\/p>\n","protected":false},"excerpt":{"rendered":"<p>ISBN:\u00a0978-84-1068-137-8<\/p>\n<p>SINOPSIS<\/p>\n<p>Dicen que la felicidad no se publica, se vive.<br \/>\nQue la intensidad le da mil vueltas al tiempo.<br \/>\nQue sin riesgo, no hay historia.<br \/>\nQue sin historia, no hay futuro.<br \/>\nY yo, que a veces no puedo m\u00e1s. Que solo<br \/>\nbusco un lugar donde perderme.<br \/>\nDonde poder desconectar un poquito cuando<br \/>\ntodo va tan r\u00e1pido que no soy capaz de saborear<br \/>\nnada, le doy gracias cada d\u00eda al universo por haberme<br \/>\ndado la oportunidad de refugiarme en vuestros brazos.<br \/>\nVosotros me salv\u00e1is sin saberlo.<br \/>\nVosotros llen\u00e1is mi sonrisa de mariposas.<br \/>\nVosotros sois mi hogar, mi abrigo y mi baluarte.<br \/>\nEste libro es mi manera de agradeceros que se\u00e1is la<br \/>\nmagia que hace que yo solo tenga que agitar la varita.<br \/>\nUn libro dedicado a la mujer, es cierto, pero escrito por<br \/>\nuno de esos hombres que amamos a todas y cada una<br \/>\nde las diosas que habitan bajo vuestra piel.<\/p>\n<p>&nbsp;<\/p>\n","protected":false},"featured_media":100994,"comment_status":"closed","ping_status":"closed","template":"","meta":{"_acf_changed":false},"libro":[],"product_brand":[],"product_cat":[20],"product_tag":[],"class_list":{"0":"post-100993","1":"product","2":"type-product","3":"status-publish","4":"has-post-thumbnail","6":"product_cat-poesia","8":"first","9":"instock","10":"product-type-simple"},"acf":{"autor":[72971],"enlace_de_compra":"https:\/\/www.casadellibro.com\/libro-ella-y-todas-las-diosas-que-habitan-su-piel\/9788410681378\/15986651"},"yoast_head":"<!-- This site is optimized with the Yoast SEO plugin v26.6 - https:\/\/yoast.com\/wordpress\/plugins\/seo\/ -->\n<title>Ella y todas las diosas que habitan en su piel - Catalogo | Letrame Grupo Editorial<\/title>\n<meta name=\"robots\" content=\"index, follow, max-snippet:-1, max-image-preview:large, max-video-preview:-1\" \/>\n<link rel=\"canonical\" href=\"https:\/\/letrame.com\/catalogo\/producto\/ella-y-todas-las-diosas-que-habitan-su-piel\/\" \/>\n<meta property=\"og:locale\" content=\"es_ES\" \/>\n<meta property=\"og:type\" content=\"article\" \/>\n<meta property=\"og:title\" content=\"Ella y todas las diosas que habitan en su piel - Catalogo | Letrame Grupo Editorial\" \/>\n<meta property=\"og:description\" content=\"ISBN:\u00a0978-84-1068-137-8  SINOPSIS  Dicen que la felicidad no se publica, se vive. Que la intensidad le da mil vueltas al tiempo. Que sin riesgo, no hay historia. Que sin historia, no hay futuro. Y yo, que a veces no puedo m\u00e1s. Que solo busco un lugar donde perderme. Donde poder desconectar un poquito cuando todo va tan r\u00e1pido que no soy capaz de saborear nada, le doy gracias cada d\u00eda al universo por haberme dado la oportunidad de refugiarme en vuestros brazos. Vosotros me salv\u00e1is sin saberlo. Vosotros llen\u00e1is mi sonrisa de mariposas. Vosotros sois mi hogar, mi abrigo y mi baluarte. Este libro es mi manera de agradeceros que se\u00e1is la magia que hace que yo solo tenga que agitar la varita. Un libro dedicado a la mujer, es cierto, pero escrito por uno de esos hombres que amamos a todas y cada una de las diosas que habitan bajo vuestra piel.  &nbsp;\" \/>\n<meta property=\"og:url\" content=\"https:\/\/letrame.com\/catalogo\/producto\/ella-y-todas-las-diosas-que-habitan-su-piel\/\" \/>\n<meta property=\"og:site_name\" content=\"Catalogo | Letrame Grupo Editorial\" \/>\n<meta property=\"article:modified_time\" content=\"2024-06-04T13:31:47+00:00\" \/>\n<meta property=\"og:image\" content=\"https:\/\/letrame.com\/catalogo\/wp-content\/uploads\/2024\/05\/webp_ellasytodas_814mm-compressed.jpg\" \/>\n\t<meta property=\"og:image:width\" content=\"1535\" \/>\n\t<meta property=\"og:image:height\" content=\"2126\" \/>\n\t<meta property=\"og:image:type\" content=\"image\/jpeg\" \/>\n<meta name=\"twitter:card\" content=\"summary_large_image\" \/>\n<meta name=\"twitter:label1\" content=\"Tiempo de lectura\" \/>\n\t<meta name=\"twitter:data1\" content=\"1 minuto\" \/>\n<script type=\"application\/ld+json\" class=\"yoast-schema-graph\">{\"@context\":\"https:\/\/schema.org\",\"@graph\":[{\"@type\":\"WebPage\",\"@id\":\"https:\/\/letrame.com\/catalogo\/producto\/ella-y-todas-las-diosas-que-habitan-su-piel\/\",\"url\":\"https:\/\/letrame.com\/catalogo\/producto\/ella-y-todas-las-diosas-que-habitan-su-piel\/\",\"name\":\"Ella y todas las diosas que habitan en su piel - Catalogo | Letrame Grupo Editorial\",\"isPartOf\":{\"@id\":\"https:\/\/letrame.com\/catalogo\/#website\"},\"primaryImageOfPage\":{\"@id\":\"https:\/\/letrame.com\/catalogo\/producto\/ella-y-todas-las-diosas-que-habitan-su-piel\/#primaryimage\"},\"image\":{\"@id\":\"https:\/\/letrame.com\/catalogo\/producto\/ella-y-todas-las-diosas-que-habitan-su-piel\/#primaryimage\"},\"thumbnailUrl\":\"https:\/\/letrame.com\/catalogo\/wp-content\/uploads\/2024\/05\/webp_ellasytodas_814mm-compressed.jpg\",\"datePublished\":\"2024-05-23T08:20:02+00:00\",\"dateModified\":\"2024-06-04T13:31:47+00:00\",\"breadcrumb\":{\"@id\":\"https:\/\/letrame.com\/catalogo\/producto\/ella-y-todas-las-diosas-que-habitan-su-piel\/#breadcrumb\"},\"inLanguage\":\"es\",\"potentialAction\":[{\"@type\":\"ReadAction\",\"target\":[\"https:\/\/letrame.com\/catalogo\/producto\/ella-y-todas-las-diosas-que-habitan-su-piel\/\"]}]},{\"@type\":\"ImageObject\",\"inLanguage\":\"es\",\"@id\":\"https:\/\/letrame.com\/catalogo\/producto\/ella-y-todas-las-diosas-que-habitan-su-piel\/#primaryimage\",\"url\":\"https:\/\/letrame.com\/catalogo\/wp-content\/uploads\/2024\/05\/webp_ellasytodas_814mm-compressed.jpg\",\"contentUrl\":\"https:\/\/letrame.com\/catalogo\/wp-content\/uploads\/2024\/05\/webp_ellasytodas_814mm-compressed.jpg\",\"width\":1535,\"height\":2126},{\"@type\":\"BreadcrumbList\",\"@id\":\"https:\/\/letrame.com\/catalogo\/producto\/ella-y-todas-las-diosas-que-habitan-su-piel\/#breadcrumb\",\"itemListElement\":[{\"@type\":\"ListItem\",\"position\":1,\"name\":\"Portada\",\"item\":\"https:\/\/letrame.com\/catalogo\/\"},{\"@type\":\"ListItem\",\"position\":2,\"name\":\"Cat\u00e1logo\",\"item\":\"https:\/\/letrame.com\/catalogo\/\"},{\"@type\":\"ListItem\",\"position\":3,\"name\":\"Ella y todas las diosas que habitan en su piel\"}]},{\"@type\":\"WebSite\",\"@id\":\"https:\/\/letrame.com\/catalogo\/#website\",\"url\":\"https:\/\/letrame.com\/catalogo\/\",\"name\":\"Catalogo | Letrame Grupo Editorial\",\"description\":\"\",\"publisher\":{\"@id\":\"https:\/\/letrame.com\/catalogo\/#organization\"},\"potentialAction\":[{\"@type\":\"SearchAction\",\"target\":{\"@type\":\"EntryPoint\",\"urlTemplate\":\"https:\/\/letrame.com\/catalogo\/?s={search_term_string}\"},\"query-input\":{\"@type\":\"PropertyValueSpecification\",\"valueRequired\":true,\"valueName\":\"search_term_string\"}}],\"inLanguage\":\"es\"},{\"@type\":\"Organization\",\"@id\":\"https:\/\/letrame.com\/catalogo\/#organization\",\"name\":\"Catalogo | Letrame Grupo Editorial\",\"url\":\"https:\/\/letrame.com\/catalogo\/\",\"logo\":{\"@type\":\"ImageObject\",\"inLanguage\":\"es\",\"@id\":\"https:\/\/letrame.com\/catalogo\/#\/schema\/logo\/image\/\",\"url\":\"https:\/\/letrame.com\/catalogo\/wp-content\/uploads\/2024\/03\/logo2.webp\",\"contentUrl\":\"https:\/\/letrame.com\/catalogo\/wp-content\/uploads\/2024\/03\/logo2.webp\",\"width\":394,\"height\":128,\"caption\":\"Catalogo | Letrame Grupo Editorial\"},\"image\":{\"@id\":\"https:\/\/letrame.com\/catalogo\/#\/schema\/logo\/image\/\"}}]}<\/script>\n<!-- \/ Yoast SEO plugin. -->","yoast_head_json":{"title":"Ella y todas las diosas que habitan en su piel - Catalogo | Letrame Grupo Editorial","robots":{"index":"index","follow":"follow","max-snippet":"max-snippet:-1","max-image-preview":"max-image-preview:large","max-video-preview":"max-video-preview:-1"},"canonical":"https:\/\/letrame.com\/catalogo\/producto\/ella-y-todas-las-diosas-que-habitan-su-piel\/","og_locale":"es_ES","og_type":"article","og_title":"Ella y todas las diosas que habitan en su piel - Catalogo | Letrame Grupo Editorial","og_description":"ISBN:\u00a0978-84-1068-137-8  SINOPSIS  Dicen que la felicidad no se publica, se vive. Que la intensidad le da mil vueltas al tiempo. Que sin riesgo, no hay historia. Que sin historia, no hay futuro. Y yo, que a veces no puedo m\u00e1s. Que solo busco un lugar donde perderme. Donde poder desconectar un poquito cuando todo va tan r\u00e1pido que no soy capaz de saborear nada, le doy gracias cada d\u00eda al universo por haberme dado la oportunidad de refugiarme en vuestros brazos. Vosotros me salv\u00e1is sin saberlo. Vosotros llen\u00e1is mi sonrisa de mariposas. Vosotros sois mi hogar, mi abrigo y mi baluarte. Este libro es mi manera de agradeceros que se\u00e1is la magia que hace que yo solo tenga que agitar la varita. Un libro dedicado a la mujer, es cierto, pero escrito por uno de esos hombres que amamos a todas y cada una de las diosas que habitan bajo vuestra piel.  &nbsp;","og_url":"https:\/\/letrame.com\/catalogo\/producto\/ella-y-todas-las-diosas-que-habitan-su-piel\/","og_site_name":"Catalogo | Letrame Grupo Editorial","article_modified_time":"2024-06-04T13:31:47+00:00","og_image":[{"width":1535,"height":2126,"url":"https:\/\/letrame.com\/catalogo\/wp-content\/uploads\/2024\/05\/webp_ellasytodas_814mm-compressed.jpg","type":"image\/jpeg"}],"twitter_card":"summary_large_image","twitter_misc":{"Tiempo de lectura":"1 minuto"},"schema":{"@context":"https:\/\/schema.org","@graph":[{"@type":"WebPage","@id":"https:\/\/letrame.com\/catalogo\/producto\/ella-y-todas-las-diosas-que-habitan-su-piel\/","url":"https:\/\/letrame.com\/catalogo\/producto\/ella-y-todas-las-diosas-que-habitan-su-piel\/","name":"Ella y todas las diosas que habitan en su piel - Catalogo | Letrame Grupo Editorial","isPartOf":{"@id":"https:\/\/letrame.com\/catalogo\/#website"},"primaryImageOfPage":{"@id":"https:\/\/letrame.com\/catalogo\/producto\/ella-y-todas-las-diosas-que-habitan-su-piel\/#primaryimage"},"image":{"@id":"https:\/\/letrame.com\/catalogo\/producto\/ella-y-todas-las-diosas-que-habitan-su-piel\/#primaryimage"},"thumbnailUrl":"https:\/\/letrame.com\/catalogo\/wp-content\/uploads\/2024\/05\/webp_ellasytodas_814mm-compressed.jpg","datePublished":"2024-05-23T08:20:02+00:00","dateModified":"2024-06-04T13:31:47+00:00","breadcrumb":{"@id":"https:\/\/letrame.com\/catalogo\/producto\/ella-y-todas-las-diosas-que-habitan-su-piel\/#breadcrumb"},"inLanguage":"es","potentialAction":[{"@type":"ReadAction","target":["https:\/\/letrame.com\/catalogo\/producto\/ella-y-todas-las-diosas-que-habitan-su-piel\/"]}]},{"@type":"ImageObject","inLanguage":"es","@id":"https:\/\/letrame.com\/catalogo\/producto\/ella-y-todas-las-diosas-que-habitan-su-piel\/#primaryimage","url":"https:\/\/letrame.com\/catalogo\/wp-content\/uploads\/2024\/05\/webp_ellasytodas_814mm-compressed.jpg","contentUrl":"https:\/\/letrame.com\/catalogo\/wp-content\/uploads\/2024\/05\/webp_ellasytodas_814mm-compressed.jpg","width":1535,"height":2126},{"@type":"BreadcrumbList","@id":"https:\/\/letrame.com\/catalogo\/producto\/ella-y-todas-las-diosas-que-habitan-su-piel\/#breadcrumb","itemListElement":[{"@type":"ListItem","position":1,"name":"Portada","item":"https:\/\/letrame.com\/catalogo\/"},{"@type":"ListItem","position":2,"name":"Cat\u00e1logo","item":"https:\/\/letrame.com\/catalogo\/"},{"@type":"ListItem","position":3,"name":"Ella y todas las diosas que habitan en su piel"}]},{"@type":"WebSite","@id":"https:\/\/letrame.com\/catalogo\/#website","url":"https:\/\/letrame.com\/catalogo\/","name":"Catalogo | Letrame Grupo Editorial","description":"","publisher":{"@id":"https:\/\/letrame.com\/catalogo\/#organization"},"potentialAction":[{"@type":"SearchAction","target":{"@type":"EntryPoint","urlTemplate":"https:\/\/letrame.com\/catalogo\/?s={search_term_string}"},"query-input":{"@type":"PropertyValueSpecification","valueRequired":true,"valueName":"search_term_string"}}],"inLanguage":"es"},{"@type":"Organization","@id":"https:\/\/letrame.com\/catalogo\/#organization","name":"Catalogo | Letrame Grupo Editorial","url":"https:\/\/letrame.com\/catalogo\/","logo":{"@type":"ImageObject","inLanguage":"es","@id":"https:\/\/letrame.com\/catalogo\/#\/schema\/logo\/image\/","url":"https:\/\/letrame.com\/catalogo\/wp-content\/uploads\/2024\/03\/logo2.webp","contentUrl":"https:\/\/letrame.com\/catalogo\/wp-content\/uploads\/2024\/03\/logo2.webp","width":394,"height":128,"caption":"Catalogo | Letrame Grupo Editorial"},"image":{"@id":"https:\/\/letrame.com\/catalogo\/#\/schema\/logo\/image\/"}}]}},"_links":{"self":[{"href":"https:\/\/letrame.com\/catalogo\/wp-json\/wp\/v2\/product\/100993","targetHints":{"allow":["GET"]}}],"collection":[{"href":"https:\/\/letrame.com\/catalogo\/wp-json\/wp\/v2\/product"}],"about":[{"href":"https:\/\/letrame.com\/catalogo\/wp-json\/wp\/v2\/types\/product"}],"replies":[{"embeddable":true,"href":"https:\/\/letrame.com\/catalogo\/wp-json\/wp\/v2\/comments?post=100993"}],"acf:post":[{"embeddable":true,"href":"https:\/\/letrame.com\/catalogo\/wp-json\/wp\/v2\/author_book\/72971"}],"wp:featuredmedia":[{"embeddable":true,"href":"https:\/\/letrame.com\/catalogo\/wp-json\/wp\/v2\/media\/100994"}],"wp:attachment":[{"href":"https:\/\/letrame.com\/catalogo\/wp-json\/wp\/v2\/media?parent=100993"}],"wp:term":[{"taxonomy":"libro","embeddable":true,"href":"https:\/\/letrame.com\/catalogo\/wp-json\/wp\/v2\/libro?post=100993"},{"taxonomy":"product_brand","embeddable":true,"href":"https:\/\/letrame.com\/catalogo\/wp-json\/wp\/v2\/product_brand?post=100993"},{"taxonomy":"product_cat","embeddable":true,"href":"https:\/\/letrame.com\/catalogo\/wp-json\/wp\/v2\/product_cat?post=100993"},{"taxonomy":"product_tag","embeddable":true,"href":"https:\/\/letrame.com\/catalogo\/wp-json\/wp\/v2\/product_tag?post=100993"}],"curies":[{"name":"wp","href":"https:\/\/api.w.org\/{rel}","templated":true}]}}