{"id":100985,"date":"2024-05-23T10:20:02","date_gmt":"2024-05-23T08:20:02","guid":{"rendered":"https:\/\/letrame.com\/catalogo\/producto\/amarga-venganza\/"},"modified":"2024-06-04T15:30:24","modified_gmt":"2024-06-04T13:30:24","slug":"amarga-venganza","status":"publish","type":"product","link":"https:\/\/letrame.com\/catalogo\/producto\/amarga-venganza\/","title":{"rendered":"Amarga venganza"},"content":{"rendered":"<p>ISBN:\u00a0978-84-1068-197-2<br \/>\nT\u00edtulo:\u2028AMARGA VENGANZA<br \/>\nFecha:\u20282024<br \/>\nP\u00e1ginas:\u00a0284<br \/>\nSINOPSIS<\/p>\n<p>Asher la dej\u00f3 entrar en su coraz\u00f3n creyendo en todas sus dulces y amorosas palabras que le brindaba para demostrarle cu\u00e1nto lo amaba, pero fue su mayor error. Virginia solo destruy\u00f3 todo su ser. Hab\u00eda jugado cos sus sentimientos y se hab\u00eda largado en el d\u00eda de su boda, y con ella se hab\u00eda llevado una gran cantidad de dinero.<br \/>\nAsher quiso creer que hab\u00eda sido un error, que tal vez las cosas no eran como aparentaban y que tal vez ella era v\u00edctima de esta historia mal contada, pero se sumi\u00f3 en la oscura realidad al ver que Virginia no respond\u00eda a sus mensajes y llamadas.<br \/>\n\u00c9l no pudo seguir adelante con lo que sucedi\u00f3, no pudo ignorarlo; al contrario, se sumi\u00f3 en el rencor y la venganza. Quer\u00eda encontrarla para destruirla como ella hab\u00eda hecho con \u00e9l. Solo despu\u00e9s de seis a\u00f1os da con ella y puede ejecutar su venganza, pero algo pasa.<br \/>\nDicen que la venganza es dulce, \u00bfpero por qu\u00e9 esta sabe tan amarga?<\/p>\n","protected":false},"excerpt":{"rendered":"<p>ISBN:\u00a0978-84-1068-197-2<\/p>\n<p>SINOPSIS<\/p>\n<p>Asher la dej\u00f3 entrar en su coraz\u00f3n creyendo en todas sus dulces y amorosas palabras que le brindaba para demostrarle cu\u00e1nto lo amaba, pero fue su mayor error. Virginia solo destruy\u00f3 todo su ser. Hab\u00eda jugado cos sus sentimientos y se hab\u00eda largado en el d\u00eda de su boda, y con ella se hab\u00eda llevado una gran cantidad de dinero.<br \/>\nAsher quiso creer que hab\u00eda sido un error, que tal vez las cosas no eran como aparentaban y que tal vez ella era v\u00edctima de esta historia mal contada, pero se sumi\u00f3 en la oscura realidad al ver que Virginia no respond\u00eda a sus mensajes y llamadas.<br \/>\n\u00c9l no pudo seguir adelante con lo que sucedi\u00f3, no pudo ignorarlo; al contrario, se sumi\u00f3 en el rencor y la venganza. Quer\u00eda encontrarla para destruirla como ella hab\u00eda hecho con \u00e9l. Solo despu\u00e9s de seis a\u00f1os da con ella y puede ejecutar su venganza, pero algo pasa.<br \/>\nDicen que la venganza es dulce, \u00bfpero por qu\u00e9 esta sabe tan amarga?<\/p>\n<p>&nbsp;<\/p>\n","protected":false},"featured_media":100986,"comment_status":"closed","ping_status":"closed","template":"","meta":{"_acf_changed":false},"libro":[],"product_brand":[],"product_cat":[50],"product_tag":[],"class_list":{"0":"post-100985","1":"product","2":"type-product","3":"status-publish","4":"has-post-thumbnail","6":"product_cat-novela-romantica","8":"first","9":"instock","10":"product-type-simple"},"acf":{"autor":[100743],"enlace_de_compra":"https:\/\/www.casadellibro.com\/libro-amarga-venganza\/9788410681972\/16047521"},"yoast_head":"<!-- This site is optimized with the Yoast SEO plugin v27.4 - https:\/\/yoast.com\/product\/yoast-seo-wordpress\/ -->\n<title>Amarga venganza - Catalogo | Letrame Grupo Editorial<\/title>\n<meta name=\"robots\" content=\"index, follow, max-snippet:-1, max-image-preview:large, max-video-preview:-1\" \/>\n<link rel=\"canonical\" href=\"https:\/\/letrame.com\/catalogo\/producto\/amarga-venganza\/\" \/>\n<meta property=\"og:locale\" content=\"es_ES\" \/>\n<meta property=\"og:type\" content=\"article\" \/>\n<meta property=\"og:title\" content=\"Amarga venganza - Catalogo | Letrame Grupo Editorial\" \/>\n<meta property=\"og:description\" content=\"ISBN:\u00a0978-84-1068-197-2  SINOPSIS  Asher la dej\u00f3 entrar en su coraz\u00f3n creyendo en todas sus dulces y amorosas palabras que le brindaba para demostrarle cu\u00e1nto lo amaba, pero fue su mayor error. Virginia solo destruy\u00f3 todo su ser. Hab\u00eda jugado cos sus sentimientos y se hab\u00eda largado en el d\u00eda de su boda, y con ella se hab\u00eda llevado una gran cantidad de dinero. Asher quiso creer que hab\u00eda sido un error, que tal vez las cosas no eran como aparentaban y que tal vez ella era v\u00edctima de esta historia mal contada, pero se sumi\u00f3 en la oscura realidad al ver que Virginia no respond\u00eda a sus mensajes y llamadas. \u00c9l no pudo seguir adelante con lo que sucedi\u00f3, no pudo ignorarlo; al contrario, se sumi\u00f3 en el rencor y la venganza. Quer\u00eda encontrarla para destruirla como ella hab\u00eda hecho con \u00e9l. Solo despu\u00e9s de seis a\u00f1os da con ella y puede ejecutar su venganza, pero algo pasa. Dicen que la venganza es dulce, \u00bfpero por qu\u00e9 esta sabe tan amarga?  &nbsp;\" \/>\n<meta property=\"og:url\" content=\"https:\/\/letrame.com\/catalogo\/producto\/amarga-venganza\/\" \/>\n<meta property=\"og:site_name\" content=\"Catalogo | Letrame Grupo Editorial\" \/>\n<meta property=\"article:modified_time\" content=\"2024-06-04T13:30:24+00:00\" \/>\n<meta property=\"og:image\" content=\"https:\/\/letrame.com\/catalogo\/wp-content\/uploads\/2024\/05\/webp_amargavenganza_1417mm-compressed-scaled-1.jpg\" \/>\n\t<meta property=\"og:image:width\" content=\"1746\" \/>\n\t<meta property=\"og:image:height\" content=\"2560\" \/>\n\t<meta property=\"og:image:type\" content=\"image\/jpeg\" \/>\n<meta name=\"twitter:card\" content=\"summary_large_image\" \/>\n<meta name=\"twitter:label1\" content=\"Tiempo de lectura\" \/>\n\t<meta name=\"twitter:data1\" content=\"2 minutos\" \/>\n<script type=\"application\/ld+json\" class=\"yoast-schema-graph\">{\"@context\":\"https:\\\/\\\/schema.org\",\"@graph\":[{\"@type\":\"WebPage\",\"@id\":\"https:\\\/\\\/letrame.com\\\/catalogo\\\/producto\\\/amarga-venganza\\\/\",\"url\":\"https:\\\/\\\/letrame.com\\\/catalogo\\\/producto\\\/amarga-venganza\\\/\",\"name\":\"Amarga venganza - Catalogo | Letrame Grupo Editorial\",\"isPartOf\":{\"@id\":\"https:\\\/\\\/letrame.com\\\/catalogo\\\/#website\"},\"primaryImageOfPage\":{\"@id\":\"https:\\\/\\\/letrame.com\\\/catalogo\\\/producto\\\/amarga-venganza\\\/#primaryimage\"},\"image\":{\"@id\":\"https:\\\/\\\/letrame.com\\\/catalogo\\\/producto\\\/amarga-venganza\\\/#primaryimage\"},\"thumbnailUrl\":\"https:\\\/\\\/letrame.com\\\/catalogo\\\/wp-content\\\/uploads\\\/2024\\\/05\\\/webp_amargavenganza_1417mm-compressed-scaled-1.jpg\",\"datePublished\":\"2024-05-23T08:20:02+00:00\",\"dateModified\":\"2024-06-04T13:30:24+00:00\",\"breadcrumb\":{\"@id\":\"https:\\\/\\\/letrame.com\\\/catalogo\\\/producto\\\/amarga-venganza\\\/#breadcrumb\"},\"inLanguage\":\"es\",\"potentialAction\":[{\"@type\":\"ReadAction\",\"target\":[\"https:\\\/\\\/letrame.com\\\/catalogo\\\/producto\\\/amarga-venganza\\\/\"]}]},{\"@type\":\"ImageObject\",\"inLanguage\":\"es\",\"@id\":\"https:\\\/\\\/letrame.com\\\/catalogo\\\/producto\\\/amarga-venganza\\\/#primaryimage\",\"url\":\"https:\\\/\\\/letrame.com\\\/catalogo\\\/wp-content\\\/uploads\\\/2024\\\/05\\\/webp_amargavenganza_1417mm-compressed-scaled-1.jpg\",\"contentUrl\":\"https:\\\/\\\/letrame.com\\\/catalogo\\\/wp-content\\\/uploads\\\/2024\\\/05\\\/webp_amargavenganza_1417mm-compressed-scaled-1.jpg\",\"width\":1746,\"height\":2560},{\"@type\":\"BreadcrumbList\",\"@id\":\"https:\\\/\\\/letrame.com\\\/catalogo\\\/producto\\\/amarga-venganza\\\/#breadcrumb\",\"itemListElement\":[{\"@type\":\"ListItem\",\"position\":1,\"name\":\"Portada\",\"item\":\"https:\\\/\\\/letrame.com\\\/catalogo\\\/\"},{\"@type\":\"ListItem\",\"position\":2,\"name\":\"Cat\u00e1logo\",\"item\":\"https:\\\/\\\/letrame.com\\\/catalogo\\\/\"},{\"@type\":\"ListItem\",\"position\":3,\"name\":\"Amarga venganza\"}]},{\"@type\":\"WebSite\",\"@id\":\"https:\\\/\\\/letrame.com\\\/catalogo\\\/#website\",\"url\":\"https:\\\/\\\/letrame.com\\\/catalogo\\\/\",\"name\":\"Catalogo | Letrame Grupo Editorial\",\"description\":\"\",\"publisher\":{\"@id\":\"https:\\\/\\\/letrame.com\\\/catalogo\\\/#organization\"},\"potentialAction\":[{\"@type\":\"SearchAction\",\"target\":{\"@type\":\"EntryPoint\",\"urlTemplate\":\"https:\\\/\\\/letrame.com\\\/catalogo\\\/?s={search_term_string}\"},\"query-input\":{\"@type\":\"PropertyValueSpecification\",\"valueRequired\":true,\"valueName\":\"search_term_string\"}}],\"inLanguage\":\"es\"},{\"@type\":\"Organization\",\"@id\":\"https:\\\/\\\/letrame.com\\\/catalogo\\\/#organization\",\"name\":\"Catalogo | Letrame Grupo Editorial\",\"url\":\"https:\\\/\\\/letrame.com\\\/catalogo\\\/\",\"logo\":{\"@type\":\"ImageObject\",\"inLanguage\":\"es\",\"@id\":\"https:\\\/\\\/letrame.com\\\/catalogo\\\/#\\\/schema\\\/logo\\\/image\\\/\",\"url\":\"https:\\\/\\\/letrame.com\\\/catalogo\\\/wp-content\\\/uploads\\\/2024\\\/03\\\/logo2.webp\",\"contentUrl\":\"https:\\\/\\\/letrame.com\\\/catalogo\\\/wp-content\\\/uploads\\\/2024\\\/03\\\/logo2.webp\",\"width\":394,\"height\":128,\"caption\":\"Catalogo | Letrame Grupo Editorial\"},\"image\":{\"@id\":\"https:\\\/\\\/letrame.com\\\/catalogo\\\/#\\\/schema\\\/logo\\\/image\\\/\"}}]}<\/script>\n<!-- \/ Yoast SEO plugin. -->","yoast_head_json":{"title":"Amarga venganza - Catalogo | Letrame Grupo Editorial","robots":{"index":"index","follow":"follow","max-snippet":"max-snippet:-1","max-image-preview":"max-image-preview:large","max-video-preview":"max-video-preview:-1"},"canonical":"https:\/\/letrame.com\/catalogo\/producto\/amarga-venganza\/","og_locale":"es_ES","og_type":"article","og_title":"Amarga venganza - Catalogo | Letrame Grupo Editorial","og_description":"ISBN:\u00a0978-84-1068-197-2  SINOPSIS  Asher la dej\u00f3 entrar en su coraz\u00f3n creyendo en todas sus dulces y amorosas palabras que le brindaba para demostrarle cu\u00e1nto lo amaba, pero fue su mayor error. Virginia solo destruy\u00f3 todo su ser. Hab\u00eda jugado cos sus sentimientos y se hab\u00eda largado en el d\u00eda de su boda, y con ella se hab\u00eda llevado una gran cantidad de dinero. Asher quiso creer que hab\u00eda sido un error, que tal vez las cosas no eran como aparentaban y que tal vez ella era v\u00edctima de esta historia mal contada, pero se sumi\u00f3 en la oscura realidad al ver que Virginia no respond\u00eda a sus mensajes y llamadas. \u00c9l no pudo seguir adelante con lo que sucedi\u00f3, no pudo ignorarlo; al contrario, se sumi\u00f3 en el rencor y la venganza. Quer\u00eda encontrarla para destruirla como ella hab\u00eda hecho con \u00e9l. Solo despu\u00e9s de seis a\u00f1os da con ella y puede ejecutar su venganza, pero algo pasa. Dicen que la venganza es dulce, \u00bfpero por qu\u00e9 esta sabe tan amarga?  &nbsp;","og_url":"https:\/\/letrame.com\/catalogo\/producto\/amarga-venganza\/","og_site_name":"Catalogo | Letrame Grupo Editorial","article_modified_time":"2024-06-04T13:30:24+00:00","og_image":[{"width":1746,"height":2560,"url":"https:\/\/letrame.com\/catalogo\/wp-content\/uploads\/2024\/05\/webp_amargavenganza_1417mm-compressed-scaled-1.jpg","type":"image\/jpeg"}],"twitter_card":"summary_large_image","twitter_misc":{"Tiempo de lectura":"2 minutos"},"schema":{"@context":"https:\/\/schema.org","@graph":[{"@type":"WebPage","@id":"https:\/\/letrame.com\/catalogo\/producto\/amarga-venganza\/","url":"https:\/\/letrame.com\/catalogo\/producto\/amarga-venganza\/","name":"Amarga venganza - Catalogo | Letrame Grupo Editorial","isPartOf":{"@id":"https:\/\/letrame.com\/catalogo\/#website"},"primaryImageOfPage":{"@id":"https:\/\/letrame.com\/catalogo\/producto\/amarga-venganza\/#primaryimage"},"image":{"@id":"https:\/\/letrame.com\/catalogo\/producto\/amarga-venganza\/#primaryimage"},"thumbnailUrl":"https:\/\/letrame.com\/catalogo\/wp-content\/uploads\/2024\/05\/webp_amargavenganza_1417mm-compressed-scaled-1.jpg","datePublished":"2024-05-23T08:20:02+00:00","dateModified":"2024-06-04T13:30:24+00:00","breadcrumb":{"@id":"https:\/\/letrame.com\/catalogo\/producto\/amarga-venganza\/#breadcrumb"},"inLanguage":"es","potentialAction":[{"@type":"ReadAction","target":["https:\/\/letrame.com\/catalogo\/producto\/amarga-venganza\/"]}]},{"@type":"ImageObject","inLanguage":"es","@id":"https:\/\/letrame.com\/catalogo\/producto\/amarga-venganza\/#primaryimage","url":"https:\/\/letrame.com\/catalogo\/wp-content\/uploads\/2024\/05\/webp_amargavenganza_1417mm-compressed-scaled-1.jpg","contentUrl":"https:\/\/letrame.com\/catalogo\/wp-content\/uploads\/2024\/05\/webp_amargavenganza_1417mm-compressed-scaled-1.jpg","width":1746,"height":2560},{"@type":"BreadcrumbList","@id":"https:\/\/letrame.com\/catalogo\/producto\/amarga-venganza\/#breadcrumb","itemListElement":[{"@type":"ListItem","position":1,"name":"Portada","item":"https:\/\/letrame.com\/catalogo\/"},{"@type":"ListItem","position":2,"name":"Cat\u00e1logo","item":"https:\/\/letrame.com\/catalogo\/"},{"@type":"ListItem","position":3,"name":"Amarga venganza"}]},{"@type":"WebSite","@id":"https:\/\/letrame.com\/catalogo\/#website","url":"https:\/\/letrame.com\/catalogo\/","name":"Catalogo | Letrame Grupo Editorial","description":"","publisher":{"@id":"https:\/\/letrame.com\/catalogo\/#organization"},"potentialAction":[{"@type":"SearchAction","target":{"@type":"EntryPoint","urlTemplate":"https:\/\/letrame.com\/catalogo\/?s={search_term_string}"},"query-input":{"@type":"PropertyValueSpecification","valueRequired":true,"valueName":"search_term_string"}}],"inLanguage":"es"},{"@type":"Organization","@id":"https:\/\/letrame.com\/catalogo\/#organization","name":"Catalogo | Letrame Grupo Editorial","url":"https:\/\/letrame.com\/catalogo\/","logo":{"@type":"ImageObject","inLanguage":"es","@id":"https:\/\/letrame.com\/catalogo\/#\/schema\/logo\/image\/","url":"https:\/\/letrame.com\/catalogo\/wp-content\/uploads\/2024\/03\/logo2.webp","contentUrl":"https:\/\/letrame.com\/catalogo\/wp-content\/uploads\/2024\/03\/logo2.webp","width":394,"height":128,"caption":"Catalogo | Letrame Grupo Editorial"},"image":{"@id":"https:\/\/letrame.com\/catalogo\/#\/schema\/logo\/image\/"}}]}},"_links":{"self":[{"href":"https:\/\/letrame.com\/catalogo\/wp-json\/wp\/v2\/product\/100985","targetHints":{"allow":["GET"]}}],"collection":[{"href":"https:\/\/letrame.com\/catalogo\/wp-json\/wp\/v2\/product"}],"about":[{"href":"https:\/\/letrame.com\/catalogo\/wp-json\/wp\/v2\/types\/product"}],"replies":[{"embeddable":true,"href":"https:\/\/letrame.com\/catalogo\/wp-json\/wp\/v2\/comments?post=100985"}],"acf:post":[{"embeddable":true,"href":"https:\/\/letrame.com\/catalogo\/wp-json\/wp\/v2\/author_book\/100743"}],"wp:featuredmedia":[{"embeddable":true,"href":"https:\/\/letrame.com\/catalogo\/wp-json\/wp\/v2\/media\/100986"}],"wp:attachment":[{"href":"https:\/\/letrame.com\/catalogo\/wp-json\/wp\/v2\/media?parent=100985"}],"wp:term":[{"taxonomy":"libro","embeddable":true,"href":"https:\/\/letrame.com\/catalogo\/wp-json\/wp\/v2\/libro?post=100985"},{"taxonomy":"product_brand","embeddable":true,"href":"https:\/\/letrame.com\/catalogo\/wp-json\/wp\/v2\/product_brand?post=100985"},{"taxonomy":"product_cat","embeddable":true,"href":"https:\/\/letrame.com\/catalogo\/wp-json\/wp\/v2\/product_cat?post=100985"},{"taxonomy":"product_tag","embeddable":true,"href":"https:\/\/letrame.com\/catalogo\/wp-json\/wp\/v2\/product_tag?post=100985"}],"curies":[{"name":"wp","href":"https:\/\/api.w.org\/{rel}","templated":true}]}}