{"id":100981,"date":"2024-05-23T10:20:02","date_gmt":"2024-05-23T08:20:02","guid":{"rendered":"https:\/\/letrame.com\/catalogo\/producto\/el-revolver-el-hacha-y-la-faca\/"},"modified":"2024-06-04T15:31:06","modified_gmt":"2024-06-04T13:31:06","slug":"el-revolver-el-hacha-y-la-faca","status":"publish","type":"product","link":"https:\/\/letrame.com\/catalogo\/producto\/el-revolver-el-hacha-y-la-faca\/","title":{"rendered":"El rev\u00f3lver, el hacha y la faca"},"content":{"rendered":"<p>ISBN:\u00a0978-84-1068-189-7<br \/>\nT\u00edtulo:\u2028EL REV\u00d3LVER, EL HACHA Y LA FACA<br \/>\nFecha:\u20282024<br \/>\nP\u00e1ginas:\u00a0772<br \/>\nSINOPSIS<br \/>\nUn grupo de chicos homosexuales empoderados espa\u00f1oles y americanos se encuentra en San Francisco, tras viajar desde sus lugares de origen, en el Este americano y Espa\u00f1a por tierra y mar. En un momento en el que el Oeste est\u00e1 a\u00fan por colonizar, siendo una tierra sin ley, donde el poder del gobierno de Washington casi no se hace presente. Nuestros personajes se aprovechan de una tierra virgen e incluso del oro que se descubre en gran cantidad, no sin tener que pelear, matar y defenderse de una sociedad carca y violenta, que los acosan por su diferente opci\u00f3n sexual.<br \/>\nEs un anti western, porque se hace una revisi\u00f3n de todo lo contado por las pel\u00edculas del g\u00e9nero por Hollywood, bas\u00e1ndonos en los estereotipos y clich\u00e9s que la industria cinematogr\u00e1fica ha creado para este tipo de largometrajes indios, vaqueros, soldados, caballos, vacas etc.<br \/>\nAunque la diferencia de esta historia radica en la defensa de los nativos americanos y su tierra, la existencia de un Oeste queer en un mundo mayoritariamente masculino, la lucha contra la esclavitud y a favor de la mezcla interracial.<br \/>\nDestacar que es una novela canalla, en la que abunda el sexo y que a\u00fan tratando temas muy importantes y de cierta complejidad a veces el autor utiliza un lenguaje vulgar, rayando lo humor\u00edstico, para dar verisimilitud a la forma de tratarse de los gais, vaqueros y mineros, individuos las m\u00e1s de las veces sin la m\u00e1s m\u00ednima cultura, en una tierra cuya \u00fanica ley es el rev\u00f3lver.<\/p>\n","protected":false},"excerpt":{"rendered":"<p>ISBN:\u00a0978-84-1068-189-7<\/p>\n<p>SINOPSIS<br \/>\nUn grupo de chicos homosexuales empoderados espa\u00f1oles y americanos se encuentra en San Francisco, tras viajar desde sus lugares de origen, en el Este americano y Espa\u00f1a por tierra y mar. En un momento en el que el Oeste est\u00e1 a\u00fan por colonizar, siendo una tierra sin ley, donde el poder del gobierno de Washington casi no se hace presente. Nuestros personajes se aprovechan de una tierra virgen e incluso del oro que se descubre en gran cantidad, no sin tener que pelear, matar y defenderse de una sociedad carca y violenta, que los acosan por su diferente opci\u00f3n sexual.<br \/>\nEs un anti western, porque se hace una revisi\u00f3n de todo lo contado por las pel\u00edculas del g\u00e9nero por Hollywood, bas\u00e1ndonos en los estereotipos y clich\u00e9s que la industria cinematogr\u00e1fica ha creado para este tipo de largometrajes indios, vaqueros, soldados, caballos, vacas etc.<br \/>\nAunque la diferencia de esta historia radica en la defensa de los nativos americanos y su tierra, la existencia de un Oeste queer en un mundo mayoritariamente masculino, la lucha contra la esclavitud y a favor de la mezcla interracial.<br \/>\nDestacar que es una novela canalla, en la que abunda el sexo y que a\u00fan tratando temas muy importantes y de cierta complejidad a veces el autor utiliza un lenguaje vulgar, rayando lo humor\u00edstico, para dar verisimilitud a la forma de tratarse de los gais, vaqueros y mineros, individuos las m\u00e1s de las veces sin la m\u00e1s m\u00ednima cultura, en una tierra cuya \u00fanica ley es el rev\u00f3lver.<\/p>\n<p>&nbsp;<\/p>\n","protected":false},"featured_media":100982,"comment_status":"closed","ping_status":"closed","template":"","meta":{"_acf_changed":false},"libro":[],"product_brand":[],"product_cat":[119],"product_tag":[],"class_list":{"0":"post-100981","1":"product","2":"type-product","3":"status-publish","4":"has-post-thumbnail","6":"product_cat-lgtb","8":"first","9":"instock","10":"product-type-simple"},"acf":{"autor":[77854],"enlace_de_compra":"https:\/\/www.casadellibro.com\/libro-el-revolver-el-hacha-y-la-faca\/9788410681897\/16032946"},"yoast_head":"<!-- This site is optimized with the Yoast SEO plugin v26.6 - https:\/\/yoast.com\/wordpress\/plugins\/seo\/ -->\n<title>El rev\u00f3lver, el hacha y la faca - Catalogo | Letrame Grupo Editorial<\/title>\n<meta name=\"robots\" content=\"index, follow, max-snippet:-1, max-image-preview:large, max-video-preview:-1\" \/>\n<link rel=\"canonical\" href=\"https:\/\/letrame.com\/catalogo\/producto\/el-revolver-el-hacha-y-la-faca\/\" \/>\n<meta property=\"og:locale\" content=\"es_ES\" \/>\n<meta property=\"og:type\" content=\"article\" \/>\n<meta property=\"og:title\" content=\"El rev\u00f3lver, el hacha y la faca - Catalogo | Letrame Grupo Editorial\" \/>\n<meta property=\"og:description\" content=\"ISBN:\u00a0978-84-1068-189-7  SINOPSIS Un grupo de chicos homosexuales empoderados espa\u00f1oles y americanos se encuentra en San Francisco, tras viajar desde sus lugares de origen, en el Este americano y Espa\u00f1a por tierra y mar. En un momento en el que el Oeste est\u00e1 a\u00fan por colonizar, siendo una tierra sin ley, donde el poder del gobierno de Washington casi no se hace presente. Nuestros personajes se aprovechan de una tierra virgen e incluso del oro que se descubre en gran cantidad, no sin tener que pelear, matar y defenderse de una sociedad carca y violenta, que los acosan por su diferente opci\u00f3n sexual. Es un anti western, porque se hace una revisi\u00f3n de todo lo contado por las pel\u00edculas del g\u00e9nero por Hollywood, bas\u00e1ndonos en los estereotipos y clich\u00e9s que la industria cinematogr\u00e1fica ha creado para este tipo de largometrajes indios, vaqueros, soldados, caballos, vacas etc. Aunque la diferencia de esta historia radica en la defensa de los nativos americanos y su tierra, la existencia de un Oeste queer en un mundo mayoritariamente masculino, la lucha contra la esclavitud y a favor de la mezcla interracial. Destacar que es una novela canalla, en la que abunda el sexo y que a\u00fan tratando temas muy importantes y de cierta complejidad a veces el autor utiliza un lenguaje vulgar, rayando lo humor\u00edstico, para dar verisimilitud a la forma de tratarse de los gais, vaqueros y mineros, individuos las m\u00e1s de las veces sin la m\u00e1s m\u00ednima cultura, en una tierra cuya \u00fanica ley es el rev\u00f3lver.  &nbsp;\" \/>\n<meta property=\"og:url\" content=\"https:\/\/letrame.com\/catalogo\/producto\/el-revolver-el-hacha-y-la-faca\/\" \/>\n<meta property=\"og:site_name\" content=\"Catalogo | Letrame Grupo Editorial\" \/>\n<meta property=\"article:modified_time\" content=\"2024-06-04T13:31:06+00:00\" \/>\n<meta property=\"og:image\" content=\"https:\/\/letrame.com\/catalogo\/wp-content\/uploads\/2024\/05\/webp_elrevolver_3667mm-compressed-scaled-1.jpg\" \/>\n\t<meta property=\"og:image:width\" content=\"1746\" \/>\n\t<meta property=\"og:image:height\" content=\"2560\" \/>\n\t<meta property=\"og:image:type\" content=\"image\/jpeg\" \/>\n<meta name=\"twitter:card\" content=\"summary_large_image\" \/>\n<meta name=\"twitter:label1\" content=\"Tiempo de lectura\" \/>\n\t<meta name=\"twitter:data1\" content=\"2 minutos\" \/>\n<script type=\"application\/ld+json\" class=\"yoast-schema-graph\">{\"@context\":\"https:\/\/schema.org\",\"@graph\":[{\"@type\":\"WebPage\",\"@id\":\"https:\/\/letrame.com\/catalogo\/producto\/el-revolver-el-hacha-y-la-faca\/\",\"url\":\"https:\/\/letrame.com\/catalogo\/producto\/el-revolver-el-hacha-y-la-faca\/\",\"name\":\"El rev\u00f3lver, el hacha y la faca - Catalogo | Letrame Grupo Editorial\",\"isPartOf\":{\"@id\":\"https:\/\/letrame.com\/catalogo\/#website\"},\"primaryImageOfPage\":{\"@id\":\"https:\/\/letrame.com\/catalogo\/producto\/el-revolver-el-hacha-y-la-faca\/#primaryimage\"},\"image\":{\"@id\":\"https:\/\/letrame.com\/catalogo\/producto\/el-revolver-el-hacha-y-la-faca\/#primaryimage\"},\"thumbnailUrl\":\"https:\/\/letrame.com\/catalogo\/wp-content\/uploads\/2024\/05\/webp_elrevolver_3667mm-compressed-scaled-1.jpg\",\"datePublished\":\"2024-05-23T08:20:02+00:00\",\"dateModified\":\"2024-06-04T13:31:06+00:00\",\"breadcrumb\":{\"@id\":\"https:\/\/letrame.com\/catalogo\/producto\/el-revolver-el-hacha-y-la-faca\/#breadcrumb\"},\"inLanguage\":\"es\",\"potentialAction\":[{\"@type\":\"ReadAction\",\"target\":[\"https:\/\/letrame.com\/catalogo\/producto\/el-revolver-el-hacha-y-la-faca\/\"]}]},{\"@type\":\"ImageObject\",\"inLanguage\":\"es\",\"@id\":\"https:\/\/letrame.com\/catalogo\/producto\/el-revolver-el-hacha-y-la-faca\/#primaryimage\",\"url\":\"https:\/\/letrame.com\/catalogo\/wp-content\/uploads\/2024\/05\/webp_elrevolver_3667mm-compressed-scaled-1.jpg\",\"contentUrl\":\"https:\/\/letrame.com\/catalogo\/wp-content\/uploads\/2024\/05\/webp_elrevolver_3667mm-compressed-scaled-1.jpg\",\"width\":1746,\"height\":2560},{\"@type\":\"BreadcrumbList\",\"@id\":\"https:\/\/letrame.com\/catalogo\/producto\/el-revolver-el-hacha-y-la-faca\/#breadcrumb\",\"itemListElement\":[{\"@type\":\"ListItem\",\"position\":1,\"name\":\"Portada\",\"item\":\"https:\/\/letrame.com\/catalogo\/\"},{\"@type\":\"ListItem\",\"position\":2,\"name\":\"Cat\u00e1logo\",\"item\":\"https:\/\/letrame.com\/catalogo\/\"},{\"@type\":\"ListItem\",\"position\":3,\"name\":\"El rev\u00f3lver, el hacha y la faca\"}]},{\"@type\":\"WebSite\",\"@id\":\"https:\/\/letrame.com\/catalogo\/#website\",\"url\":\"https:\/\/letrame.com\/catalogo\/\",\"name\":\"Catalogo | Letrame Grupo Editorial\",\"description\":\"\",\"publisher\":{\"@id\":\"https:\/\/letrame.com\/catalogo\/#organization\"},\"potentialAction\":[{\"@type\":\"SearchAction\",\"target\":{\"@type\":\"EntryPoint\",\"urlTemplate\":\"https:\/\/letrame.com\/catalogo\/?s={search_term_string}\"},\"query-input\":{\"@type\":\"PropertyValueSpecification\",\"valueRequired\":true,\"valueName\":\"search_term_string\"}}],\"inLanguage\":\"es\"},{\"@type\":\"Organization\",\"@id\":\"https:\/\/letrame.com\/catalogo\/#organization\",\"name\":\"Catalogo | Letrame Grupo Editorial\",\"url\":\"https:\/\/letrame.com\/catalogo\/\",\"logo\":{\"@type\":\"ImageObject\",\"inLanguage\":\"es\",\"@id\":\"https:\/\/letrame.com\/catalogo\/#\/schema\/logo\/image\/\",\"url\":\"https:\/\/letrame.com\/catalogo\/wp-content\/uploads\/2024\/03\/logo2.webp\",\"contentUrl\":\"https:\/\/letrame.com\/catalogo\/wp-content\/uploads\/2024\/03\/logo2.webp\",\"width\":394,\"height\":128,\"caption\":\"Catalogo | Letrame Grupo Editorial\"},\"image\":{\"@id\":\"https:\/\/letrame.com\/catalogo\/#\/schema\/logo\/image\/\"}}]}<\/script>\n<!-- \/ Yoast SEO plugin. -->","yoast_head_json":{"title":"El rev\u00f3lver, el hacha y la faca - Catalogo | Letrame Grupo Editorial","robots":{"index":"index","follow":"follow","max-snippet":"max-snippet:-1","max-image-preview":"max-image-preview:large","max-video-preview":"max-video-preview:-1"},"canonical":"https:\/\/letrame.com\/catalogo\/producto\/el-revolver-el-hacha-y-la-faca\/","og_locale":"es_ES","og_type":"article","og_title":"El rev\u00f3lver, el hacha y la faca - Catalogo | Letrame Grupo Editorial","og_description":"ISBN:\u00a0978-84-1068-189-7  SINOPSIS Un grupo de chicos homosexuales empoderados espa\u00f1oles y americanos se encuentra en San Francisco, tras viajar desde sus lugares de origen, en el Este americano y Espa\u00f1a por tierra y mar. En un momento en el que el Oeste est\u00e1 a\u00fan por colonizar, siendo una tierra sin ley, donde el poder del gobierno de Washington casi no se hace presente. Nuestros personajes se aprovechan de una tierra virgen e incluso del oro que se descubre en gran cantidad, no sin tener que pelear, matar y defenderse de una sociedad carca y violenta, que los acosan por su diferente opci\u00f3n sexual. Es un anti western, porque se hace una revisi\u00f3n de todo lo contado por las pel\u00edculas del g\u00e9nero por Hollywood, bas\u00e1ndonos en los estereotipos y clich\u00e9s que la industria cinematogr\u00e1fica ha creado para este tipo de largometrajes indios, vaqueros, soldados, caballos, vacas etc. Aunque la diferencia de esta historia radica en la defensa de los nativos americanos y su tierra, la existencia de un Oeste queer en un mundo mayoritariamente masculino, la lucha contra la esclavitud y a favor de la mezcla interracial. Destacar que es una novela canalla, en la que abunda el sexo y que a\u00fan tratando temas muy importantes y de cierta complejidad a veces el autor utiliza un lenguaje vulgar, rayando lo humor\u00edstico, para dar verisimilitud a la forma de tratarse de los gais, vaqueros y mineros, individuos las m\u00e1s de las veces sin la m\u00e1s m\u00ednima cultura, en una tierra cuya \u00fanica ley es el rev\u00f3lver.  &nbsp;","og_url":"https:\/\/letrame.com\/catalogo\/producto\/el-revolver-el-hacha-y-la-faca\/","og_site_name":"Catalogo | Letrame Grupo Editorial","article_modified_time":"2024-06-04T13:31:06+00:00","og_image":[{"width":1746,"height":2560,"url":"https:\/\/letrame.com\/catalogo\/wp-content\/uploads\/2024\/05\/webp_elrevolver_3667mm-compressed-scaled-1.jpg","type":"image\/jpeg"}],"twitter_card":"summary_large_image","twitter_misc":{"Tiempo de lectura":"2 minutos"},"schema":{"@context":"https:\/\/schema.org","@graph":[{"@type":"WebPage","@id":"https:\/\/letrame.com\/catalogo\/producto\/el-revolver-el-hacha-y-la-faca\/","url":"https:\/\/letrame.com\/catalogo\/producto\/el-revolver-el-hacha-y-la-faca\/","name":"El rev\u00f3lver, el hacha y la faca - Catalogo | Letrame Grupo Editorial","isPartOf":{"@id":"https:\/\/letrame.com\/catalogo\/#website"},"primaryImageOfPage":{"@id":"https:\/\/letrame.com\/catalogo\/producto\/el-revolver-el-hacha-y-la-faca\/#primaryimage"},"image":{"@id":"https:\/\/letrame.com\/catalogo\/producto\/el-revolver-el-hacha-y-la-faca\/#primaryimage"},"thumbnailUrl":"https:\/\/letrame.com\/catalogo\/wp-content\/uploads\/2024\/05\/webp_elrevolver_3667mm-compressed-scaled-1.jpg","datePublished":"2024-05-23T08:20:02+00:00","dateModified":"2024-06-04T13:31:06+00:00","breadcrumb":{"@id":"https:\/\/letrame.com\/catalogo\/producto\/el-revolver-el-hacha-y-la-faca\/#breadcrumb"},"inLanguage":"es","potentialAction":[{"@type":"ReadAction","target":["https:\/\/letrame.com\/catalogo\/producto\/el-revolver-el-hacha-y-la-faca\/"]}]},{"@type":"ImageObject","inLanguage":"es","@id":"https:\/\/letrame.com\/catalogo\/producto\/el-revolver-el-hacha-y-la-faca\/#primaryimage","url":"https:\/\/letrame.com\/catalogo\/wp-content\/uploads\/2024\/05\/webp_elrevolver_3667mm-compressed-scaled-1.jpg","contentUrl":"https:\/\/letrame.com\/catalogo\/wp-content\/uploads\/2024\/05\/webp_elrevolver_3667mm-compressed-scaled-1.jpg","width":1746,"height":2560},{"@type":"BreadcrumbList","@id":"https:\/\/letrame.com\/catalogo\/producto\/el-revolver-el-hacha-y-la-faca\/#breadcrumb","itemListElement":[{"@type":"ListItem","position":1,"name":"Portada","item":"https:\/\/letrame.com\/catalogo\/"},{"@type":"ListItem","position":2,"name":"Cat\u00e1logo","item":"https:\/\/letrame.com\/catalogo\/"},{"@type":"ListItem","position":3,"name":"El rev\u00f3lver, el hacha y la faca"}]},{"@type":"WebSite","@id":"https:\/\/letrame.com\/catalogo\/#website","url":"https:\/\/letrame.com\/catalogo\/","name":"Catalogo | Letrame Grupo Editorial","description":"","publisher":{"@id":"https:\/\/letrame.com\/catalogo\/#organization"},"potentialAction":[{"@type":"SearchAction","target":{"@type":"EntryPoint","urlTemplate":"https:\/\/letrame.com\/catalogo\/?s={search_term_string}"},"query-input":{"@type":"PropertyValueSpecification","valueRequired":true,"valueName":"search_term_string"}}],"inLanguage":"es"},{"@type":"Organization","@id":"https:\/\/letrame.com\/catalogo\/#organization","name":"Catalogo | Letrame Grupo Editorial","url":"https:\/\/letrame.com\/catalogo\/","logo":{"@type":"ImageObject","inLanguage":"es","@id":"https:\/\/letrame.com\/catalogo\/#\/schema\/logo\/image\/","url":"https:\/\/letrame.com\/catalogo\/wp-content\/uploads\/2024\/03\/logo2.webp","contentUrl":"https:\/\/letrame.com\/catalogo\/wp-content\/uploads\/2024\/03\/logo2.webp","width":394,"height":128,"caption":"Catalogo | Letrame Grupo Editorial"},"image":{"@id":"https:\/\/letrame.com\/catalogo\/#\/schema\/logo\/image\/"}}]}},"_links":{"self":[{"href":"https:\/\/letrame.com\/catalogo\/wp-json\/wp\/v2\/product\/100981","targetHints":{"allow":["GET"]}}],"collection":[{"href":"https:\/\/letrame.com\/catalogo\/wp-json\/wp\/v2\/product"}],"about":[{"href":"https:\/\/letrame.com\/catalogo\/wp-json\/wp\/v2\/types\/product"}],"replies":[{"embeddable":true,"href":"https:\/\/letrame.com\/catalogo\/wp-json\/wp\/v2\/comments?post=100981"}],"acf:post":[{"embeddable":true,"href":"https:\/\/letrame.com\/catalogo\/wp-json\/wp\/v2\/author_book\/77854"}],"wp:featuredmedia":[{"embeddable":true,"href":"https:\/\/letrame.com\/catalogo\/wp-json\/wp\/v2\/media\/100982"}],"wp:attachment":[{"href":"https:\/\/letrame.com\/catalogo\/wp-json\/wp\/v2\/media?parent=100981"}],"wp:term":[{"taxonomy":"libro","embeddable":true,"href":"https:\/\/letrame.com\/catalogo\/wp-json\/wp\/v2\/libro?post=100981"},{"taxonomy":"product_brand","embeddable":true,"href":"https:\/\/letrame.com\/catalogo\/wp-json\/wp\/v2\/product_brand?post=100981"},{"taxonomy":"product_cat","embeddable":true,"href":"https:\/\/letrame.com\/catalogo\/wp-json\/wp\/v2\/product_cat?post=100981"},{"taxonomy":"product_tag","embeddable":true,"href":"https:\/\/letrame.com\/catalogo\/wp-json\/wp\/v2\/product_tag?post=100981"}],"curies":[{"name":"wp","href":"https:\/\/api.w.org\/{rel}","templated":true}]}}