{"id":100979,"date":"2024-05-23T10:20:02","date_gmt":"2024-05-23T08:20:02","guid":{"rendered":"https:\/\/letrame.com\/catalogo\/producto\/de-la-piel-forastera-y-otras-intemperies\/"},"modified":"2024-06-04T15:30:50","modified_gmt":"2024-06-04T13:30:50","slug":"de-la-piel-forastera-y-otras-intemperies","status":"publish","type":"product","link":"https:\/\/letrame.com\/catalogo\/producto\/de-la-piel-forastera-y-otras-intemperies\/","title":{"rendered":"De la piel forastera y otras intemperies"},"content":{"rendered":"<p>ISBN:\u00a0978-84-1068-199-6<br \/>\nT\u00edtulo:\u2028DE LA PIEL FORASTERA Y OTRAS INTEMPERIES<br \/>\nFecha:\u20282024<br \/>\nP\u00e1ginas:\u00a0304<br \/>\nSINOPSIS<\/p>\n<p>De la piel forastera y otras intemperies es un viaje \u00edntimo a trav\u00e9s de la vida de mujeres que desaf\u00edan el destino obligado, los moldes y las perspectivas sociales. La autora entreteje palabras con las experiencias reales de manera magistral, en una narrativa impregnada de reflexiones melanc\u00f3licas, sin drama ni grandes tragedias.<\/p>\n<p>Todo ello nos permite redescubrir distintos episodios conocidos de nuestra historia reciente, pero poco invocados, y la autora sabe darles entidad, dejar que no escapen: detalles de peque\u00f1as luchas enmarcadas en experiencias de personas inmigrantes que confluyen en el actual \u00ab\u00bfc\u00f3mo hemos llegado hasta aqu\u00ed?\u00bb.<\/p>\n<p>El lector es guiado a trav\u00e9s de las visiones de las protagonistas, quienes, al trascender la ceguera rom\u00e1ntica, se enfrentan al desaf\u00edo de la soledad, el olvido y la b\u00fasqueda incansable de un sentimiento real que supere las adversidades. En su af\u00e1n de autenticidad, descubren la complejidad de aceptar que el amor, aunque ef\u00edmero, puede dejar huellas imborrables. Desaf\u00edan las expectativas impuestas por la sociedad, apartando las normas para encontrar su propio camino.<\/p>\n<p>As\u00ed, De la piel forastera y otras intemperies se erige como un viaje fascinante a trav\u00e9s de las vidas entrelazadas de mujeres valientes y empoderadas. Las voces de las protagonistas resuenan como un eco universal, record\u00e1ndonos que, a pesar de las intemperies, la autenticidad, la perseverancia y la resiliencia pueden transformar incluso las experiencias m\u00e1s desafiantes en oportunidades de redenci\u00f3n y crecimiento.<\/p>\n","protected":false},"excerpt":{"rendered":"<p>ISBN:\u00a0978-84-1068-199-6<\/p>\n<p>SINOPSIS<\/p>\n<p>De la piel forastera y otras intemperies es un viaje \u00edntimo a trav\u00e9s de la vida de mujeres que desaf\u00edan el destino obligado, los moldes y las perspectivas sociales. La autora entreteje palabras con las experiencias reales de manera magistral, en una narrativa impregnada de reflexiones melanc\u00f3licas, sin drama ni grandes tragedias.<\/p>\n<p>Todo ello nos permite redescubrir distintos episodios conocidos de nuestra historia reciente, pero poco invocados, y la autora sabe darles entidad, dejar que no escapen: detalles de peque\u00f1as luchas enmarcadas en experiencias de personas inmigrantes que confluyen en el actual \u00ab\u00bfc\u00f3mo hemos llegado hasta aqu\u00ed?\u00bb.<\/p>\n<p>El lector es guiado a trav\u00e9s de las visiones de las protagonistas, quienes, al trascender la ceguera rom\u00e1ntica, se enfrentan al desaf\u00edo de la soledad, el olvido y la b\u00fasqueda incansable de un sentimiento real que supere las adversidades. En su af\u00e1n de autenticidad, descubren la complejidad de aceptar que el amor, aunque ef\u00edmero, puede dejar huellas imborrables. Desaf\u00edan las expectativas impuestas por la sociedad, apartando las normas para encontrar su propio camino.<\/p>\n<p>As\u00ed, De la piel forastera y otras intemperies se erige como un viaje fascinante a trav\u00e9s de las vidas entrelazadas de mujeres valientes y empoderadas. Las voces de las protagonistas resuenan como un eco universal, record\u00e1ndonos que, a pesar de las intemperies, la autenticidad, la perseverancia y la resiliencia pueden transformar incluso las experiencias m\u00e1s desafiantes en oportunidades de redenci\u00f3n y crecimiento.<\/p>\n<p>&nbsp;<\/p>\n","protected":false},"featured_media":100980,"comment_status":"closed","ping_status":"closed","template":"","meta":{"_acf_changed":false},"libro":[],"product_brand":[],"product_cat":[110],"product_tag":[],"class_list":{"0":"post-100979","1":"product","2":"type-product","3":"status-publish","4":"has-post-thumbnail","6":"product_cat-hechos-reales","8":"first","9":"instock","10":"product-type-simple"},"acf":{"autor":[100742],"enlace_de_compra":"https:\/\/www.todostuslibros.com\/libros\/de-la-piel-forastera-y-otras-intemperies_978-84-1068-199-6"},"yoast_head":"<!-- This site is optimized with the Yoast SEO plugin v26.6 - https:\/\/yoast.com\/wordpress\/plugins\/seo\/ -->\n<title>De la piel forastera y otras intemperies - Catalogo | Letrame Grupo Editorial<\/title>\n<meta name=\"robots\" content=\"index, follow, max-snippet:-1, max-image-preview:large, max-video-preview:-1\" \/>\n<link rel=\"canonical\" href=\"https:\/\/letrame.com\/catalogo\/producto\/de-la-piel-forastera-y-otras-intemperies\/\" \/>\n<meta property=\"og:locale\" content=\"es_ES\" \/>\n<meta property=\"og:type\" content=\"article\" \/>\n<meta property=\"og:title\" content=\"De la piel forastera y otras intemperies - Catalogo | Letrame Grupo Editorial\" \/>\n<meta property=\"og:description\" content=\"ISBN:\u00a0978-84-1068-199-6  SINOPSIS  De la piel forastera y otras intemperies es un viaje \u00edntimo a trav\u00e9s de la vida de mujeres que desaf\u00edan el destino obligado, los moldes y las perspectivas sociales. La autora entreteje palabras con las experiencias reales de manera magistral, en una narrativa impregnada de reflexiones melanc\u00f3licas, sin drama ni grandes tragedias.  Todo ello nos permite redescubrir distintos episodios conocidos de nuestra historia reciente, pero poco invocados, y la autora sabe darles entidad, dejar que no escapen: detalles de peque\u00f1as luchas enmarcadas en experiencias de personas inmigrantes que confluyen en el actual \u00ab\u00bfc\u00f3mo hemos llegado hasta aqu\u00ed?\u00bb.  El lector es guiado a trav\u00e9s de las visiones de las protagonistas, quienes, al trascender la ceguera rom\u00e1ntica, se enfrentan al desaf\u00edo de la soledad, el olvido y la b\u00fasqueda incansable de un sentimiento real que supere las adversidades. En su af\u00e1n de autenticidad, descubren la complejidad de aceptar que el amor, aunque ef\u00edmero, puede dejar huellas imborrables. Desaf\u00edan las expectativas impuestas por la sociedad, apartando las normas para encontrar su propio camino.  As\u00ed, De la piel forastera y otras intemperies se erige como un viaje fascinante a trav\u00e9s de las vidas entrelazadas de mujeres valientes y empoderadas. Las voces de las protagonistas resuenan como un eco universal, record\u00e1ndonos que, a pesar de las intemperies, la autenticidad, la perseverancia y la resiliencia pueden transformar incluso las experiencias m\u00e1s desafiantes en oportunidades de redenci\u00f3n y crecimiento.  &nbsp;\" \/>\n<meta property=\"og:url\" content=\"https:\/\/letrame.com\/catalogo\/producto\/de-la-piel-forastera-y-otras-intemperies\/\" \/>\n<meta property=\"og:site_name\" content=\"Catalogo | Letrame Grupo Editorial\" \/>\n<meta property=\"article:modified_time\" content=\"2024-06-04T13:30:50+00:00\" \/>\n<meta property=\"og:image\" content=\"https:\/\/letrame.com\/catalogo\/wp-content\/uploads\/2024\/05\/webp_delapielforastera_1686mm-compressed.jpg\" \/>\n\t<meta property=\"og:image:width\" content=\"1772\" \/>\n\t<meta property=\"og:image:height\" content=\"2480\" \/>\n\t<meta property=\"og:image:type\" content=\"image\/jpeg\" \/>\n<meta name=\"twitter:card\" content=\"summary_large_image\" \/>\n<meta name=\"twitter:label1\" content=\"Tiempo de lectura\" \/>\n\t<meta name=\"twitter:data1\" content=\"2 minutos\" \/>\n<script type=\"application\/ld+json\" class=\"yoast-schema-graph\">{\"@context\":\"https:\/\/schema.org\",\"@graph\":[{\"@type\":\"WebPage\",\"@id\":\"https:\/\/letrame.com\/catalogo\/producto\/de-la-piel-forastera-y-otras-intemperies\/\",\"url\":\"https:\/\/letrame.com\/catalogo\/producto\/de-la-piel-forastera-y-otras-intemperies\/\",\"name\":\"De la piel forastera y otras intemperies - Catalogo | Letrame Grupo Editorial\",\"isPartOf\":{\"@id\":\"https:\/\/letrame.com\/catalogo\/#website\"},\"primaryImageOfPage\":{\"@id\":\"https:\/\/letrame.com\/catalogo\/producto\/de-la-piel-forastera-y-otras-intemperies\/#primaryimage\"},\"image\":{\"@id\":\"https:\/\/letrame.com\/catalogo\/producto\/de-la-piel-forastera-y-otras-intemperies\/#primaryimage\"},\"thumbnailUrl\":\"https:\/\/letrame.com\/catalogo\/wp-content\/uploads\/2024\/05\/webp_delapielforastera_1686mm-compressed.jpg\",\"datePublished\":\"2024-05-23T08:20:02+00:00\",\"dateModified\":\"2024-06-04T13:30:50+00:00\",\"breadcrumb\":{\"@id\":\"https:\/\/letrame.com\/catalogo\/producto\/de-la-piel-forastera-y-otras-intemperies\/#breadcrumb\"},\"inLanguage\":\"es\",\"potentialAction\":[{\"@type\":\"ReadAction\",\"target\":[\"https:\/\/letrame.com\/catalogo\/producto\/de-la-piel-forastera-y-otras-intemperies\/\"]}]},{\"@type\":\"ImageObject\",\"inLanguage\":\"es\",\"@id\":\"https:\/\/letrame.com\/catalogo\/producto\/de-la-piel-forastera-y-otras-intemperies\/#primaryimage\",\"url\":\"https:\/\/letrame.com\/catalogo\/wp-content\/uploads\/2024\/05\/webp_delapielforastera_1686mm-compressed.jpg\",\"contentUrl\":\"https:\/\/letrame.com\/catalogo\/wp-content\/uploads\/2024\/05\/webp_delapielforastera_1686mm-compressed.jpg\",\"width\":1772,\"height\":2480},{\"@type\":\"BreadcrumbList\",\"@id\":\"https:\/\/letrame.com\/catalogo\/producto\/de-la-piel-forastera-y-otras-intemperies\/#breadcrumb\",\"itemListElement\":[{\"@type\":\"ListItem\",\"position\":1,\"name\":\"Portada\",\"item\":\"https:\/\/letrame.com\/catalogo\/\"},{\"@type\":\"ListItem\",\"position\":2,\"name\":\"Cat\u00e1logo\",\"item\":\"https:\/\/letrame.com\/catalogo\/\"},{\"@type\":\"ListItem\",\"position\":3,\"name\":\"De la piel forastera y otras intemperies\"}]},{\"@type\":\"WebSite\",\"@id\":\"https:\/\/letrame.com\/catalogo\/#website\",\"url\":\"https:\/\/letrame.com\/catalogo\/\",\"name\":\"Catalogo | Letrame Grupo Editorial\",\"description\":\"\",\"publisher\":{\"@id\":\"https:\/\/letrame.com\/catalogo\/#organization\"},\"potentialAction\":[{\"@type\":\"SearchAction\",\"target\":{\"@type\":\"EntryPoint\",\"urlTemplate\":\"https:\/\/letrame.com\/catalogo\/?s={search_term_string}\"},\"query-input\":{\"@type\":\"PropertyValueSpecification\",\"valueRequired\":true,\"valueName\":\"search_term_string\"}}],\"inLanguage\":\"es\"},{\"@type\":\"Organization\",\"@id\":\"https:\/\/letrame.com\/catalogo\/#organization\",\"name\":\"Catalogo | Letrame Grupo Editorial\",\"url\":\"https:\/\/letrame.com\/catalogo\/\",\"logo\":{\"@type\":\"ImageObject\",\"inLanguage\":\"es\",\"@id\":\"https:\/\/letrame.com\/catalogo\/#\/schema\/logo\/image\/\",\"url\":\"https:\/\/letrame.com\/catalogo\/wp-content\/uploads\/2024\/03\/logo2.webp\",\"contentUrl\":\"https:\/\/letrame.com\/catalogo\/wp-content\/uploads\/2024\/03\/logo2.webp\",\"width\":394,\"height\":128,\"caption\":\"Catalogo | Letrame Grupo Editorial\"},\"image\":{\"@id\":\"https:\/\/letrame.com\/catalogo\/#\/schema\/logo\/image\/\"}}]}<\/script>\n<!-- \/ Yoast SEO plugin. -->","yoast_head_json":{"title":"De la piel forastera y otras intemperies - Catalogo | Letrame Grupo Editorial","robots":{"index":"index","follow":"follow","max-snippet":"max-snippet:-1","max-image-preview":"max-image-preview:large","max-video-preview":"max-video-preview:-1"},"canonical":"https:\/\/letrame.com\/catalogo\/producto\/de-la-piel-forastera-y-otras-intemperies\/","og_locale":"es_ES","og_type":"article","og_title":"De la piel forastera y otras intemperies - Catalogo | Letrame Grupo Editorial","og_description":"ISBN:\u00a0978-84-1068-199-6  SINOPSIS  De la piel forastera y otras intemperies es un viaje \u00edntimo a trav\u00e9s de la vida de mujeres que desaf\u00edan el destino obligado, los moldes y las perspectivas sociales. La autora entreteje palabras con las experiencias reales de manera magistral, en una narrativa impregnada de reflexiones melanc\u00f3licas, sin drama ni grandes tragedias.  Todo ello nos permite redescubrir distintos episodios conocidos de nuestra historia reciente, pero poco invocados, y la autora sabe darles entidad, dejar que no escapen: detalles de peque\u00f1as luchas enmarcadas en experiencias de personas inmigrantes que confluyen en el actual \u00ab\u00bfc\u00f3mo hemos llegado hasta aqu\u00ed?\u00bb.  El lector es guiado a trav\u00e9s de las visiones de las protagonistas, quienes, al trascender la ceguera rom\u00e1ntica, se enfrentan al desaf\u00edo de la soledad, el olvido y la b\u00fasqueda incansable de un sentimiento real que supere las adversidades. En su af\u00e1n de autenticidad, descubren la complejidad de aceptar que el amor, aunque ef\u00edmero, puede dejar huellas imborrables. Desaf\u00edan las expectativas impuestas por la sociedad, apartando las normas para encontrar su propio camino.  As\u00ed, De la piel forastera y otras intemperies se erige como un viaje fascinante a trav\u00e9s de las vidas entrelazadas de mujeres valientes y empoderadas. Las voces de las protagonistas resuenan como un eco universal, record\u00e1ndonos que, a pesar de las intemperies, la autenticidad, la perseverancia y la resiliencia pueden transformar incluso las experiencias m\u00e1s desafiantes en oportunidades de redenci\u00f3n y crecimiento.  &nbsp;","og_url":"https:\/\/letrame.com\/catalogo\/producto\/de-la-piel-forastera-y-otras-intemperies\/","og_site_name":"Catalogo | Letrame Grupo Editorial","article_modified_time":"2024-06-04T13:30:50+00:00","og_image":[{"width":1772,"height":2480,"url":"https:\/\/letrame.com\/catalogo\/wp-content\/uploads\/2024\/05\/webp_delapielforastera_1686mm-compressed.jpg","type":"image\/jpeg"}],"twitter_card":"summary_large_image","twitter_misc":{"Tiempo de lectura":"2 minutos"},"schema":{"@context":"https:\/\/schema.org","@graph":[{"@type":"WebPage","@id":"https:\/\/letrame.com\/catalogo\/producto\/de-la-piel-forastera-y-otras-intemperies\/","url":"https:\/\/letrame.com\/catalogo\/producto\/de-la-piel-forastera-y-otras-intemperies\/","name":"De la piel forastera y otras intemperies - Catalogo | Letrame Grupo Editorial","isPartOf":{"@id":"https:\/\/letrame.com\/catalogo\/#website"},"primaryImageOfPage":{"@id":"https:\/\/letrame.com\/catalogo\/producto\/de-la-piel-forastera-y-otras-intemperies\/#primaryimage"},"image":{"@id":"https:\/\/letrame.com\/catalogo\/producto\/de-la-piel-forastera-y-otras-intemperies\/#primaryimage"},"thumbnailUrl":"https:\/\/letrame.com\/catalogo\/wp-content\/uploads\/2024\/05\/webp_delapielforastera_1686mm-compressed.jpg","datePublished":"2024-05-23T08:20:02+00:00","dateModified":"2024-06-04T13:30:50+00:00","breadcrumb":{"@id":"https:\/\/letrame.com\/catalogo\/producto\/de-la-piel-forastera-y-otras-intemperies\/#breadcrumb"},"inLanguage":"es","potentialAction":[{"@type":"ReadAction","target":["https:\/\/letrame.com\/catalogo\/producto\/de-la-piel-forastera-y-otras-intemperies\/"]}]},{"@type":"ImageObject","inLanguage":"es","@id":"https:\/\/letrame.com\/catalogo\/producto\/de-la-piel-forastera-y-otras-intemperies\/#primaryimage","url":"https:\/\/letrame.com\/catalogo\/wp-content\/uploads\/2024\/05\/webp_delapielforastera_1686mm-compressed.jpg","contentUrl":"https:\/\/letrame.com\/catalogo\/wp-content\/uploads\/2024\/05\/webp_delapielforastera_1686mm-compressed.jpg","width":1772,"height":2480},{"@type":"BreadcrumbList","@id":"https:\/\/letrame.com\/catalogo\/producto\/de-la-piel-forastera-y-otras-intemperies\/#breadcrumb","itemListElement":[{"@type":"ListItem","position":1,"name":"Portada","item":"https:\/\/letrame.com\/catalogo\/"},{"@type":"ListItem","position":2,"name":"Cat\u00e1logo","item":"https:\/\/letrame.com\/catalogo\/"},{"@type":"ListItem","position":3,"name":"De la piel forastera y otras intemperies"}]},{"@type":"WebSite","@id":"https:\/\/letrame.com\/catalogo\/#website","url":"https:\/\/letrame.com\/catalogo\/","name":"Catalogo | Letrame Grupo Editorial","description":"","publisher":{"@id":"https:\/\/letrame.com\/catalogo\/#organization"},"potentialAction":[{"@type":"SearchAction","target":{"@type":"EntryPoint","urlTemplate":"https:\/\/letrame.com\/catalogo\/?s={search_term_string}"},"query-input":{"@type":"PropertyValueSpecification","valueRequired":true,"valueName":"search_term_string"}}],"inLanguage":"es"},{"@type":"Organization","@id":"https:\/\/letrame.com\/catalogo\/#organization","name":"Catalogo | Letrame Grupo Editorial","url":"https:\/\/letrame.com\/catalogo\/","logo":{"@type":"ImageObject","inLanguage":"es","@id":"https:\/\/letrame.com\/catalogo\/#\/schema\/logo\/image\/","url":"https:\/\/letrame.com\/catalogo\/wp-content\/uploads\/2024\/03\/logo2.webp","contentUrl":"https:\/\/letrame.com\/catalogo\/wp-content\/uploads\/2024\/03\/logo2.webp","width":394,"height":128,"caption":"Catalogo | Letrame Grupo Editorial"},"image":{"@id":"https:\/\/letrame.com\/catalogo\/#\/schema\/logo\/image\/"}}]}},"_links":{"self":[{"href":"https:\/\/letrame.com\/catalogo\/wp-json\/wp\/v2\/product\/100979","targetHints":{"allow":["GET"]}}],"collection":[{"href":"https:\/\/letrame.com\/catalogo\/wp-json\/wp\/v2\/product"}],"about":[{"href":"https:\/\/letrame.com\/catalogo\/wp-json\/wp\/v2\/types\/product"}],"replies":[{"embeddable":true,"href":"https:\/\/letrame.com\/catalogo\/wp-json\/wp\/v2\/comments?post=100979"}],"acf:post":[{"embeddable":true,"href":"https:\/\/letrame.com\/catalogo\/wp-json\/wp\/v2\/author_book\/100742"}],"wp:featuredmedia":[{"embeddable":true,"href":"https:\/\/letrame.com\/catalogo\/wp-json\/wp\/v2\/media\/100980"}],"wp:attachment":[{"href":"https:\/\/letrame.com\/catalogo\/wp-json\/wp\/v2\/media?parent=100979"}],"wp:term":[{"taxonomy":"libro","embeddable":true,"href":"https:\/\/letrame.com\/catalogo\/wp-json\/wp\/v2\/libro?post=100979"},{"taxonomy":"product_brand","embeddable":true,"href":"https:\/\/letrame.com\/catalogo\/wp-json\/wp\/v2\/product_brand?post=100979"},{"taxonomy":"product_cat","embeddable":true,"href":"https:\/\/letrame.com\/catalogo\/wp-json\/wp\/v2\/product_cat?post=100979"},{"taxonomy":"product_tag","embeddable":true,"href":"https:\/\/letrame.com\/catalogo\/wp-json\/wp\/v2\/product_tag?post=100979"}],"curies":[{"name":"wp","href":"https:\/\/api.w.org\/{rel}","templated":true}]}}