{"id":100977,"date":"2024-05-23T10:20:02","date_gmt":"2024-05-23T08:20:02","guid":{"rendered":"https:\/\/letrame.com\/catalogo\/producto\/las-musas-me-sorprendieron\/"},"modified":"2024-06-21T10:10:18","modified_gmt":"2024-06-21T08:10:18","slug":"las-musas-me-sorprendieron","status":"publish","type":"product","link":"https:\/\/letrame.com\/catalogo\/producto\/las-musas-me-sorprendieron\/","title":{"rendered":"Las Musas me sorprendieron"},"content":{"rendered":"<p>ISBN:\u00a0978-84-1144-942-7<br \/>\nT\u00edtulo:\u2028Las Musas me sorprendieron<br \/>\nFecha:\u20282024<br \/>\nP\u00e1ginas:\u00a0190<br \/>\nSINOPSIS<\/p>\n<p>Las musas me sorprendieron, la verdad. Tras mucho tiempo para decidir un t\u00edtulo que fuera adecuado para este libro, finalmente, me decid\u00ed por Las musas me sorprendieron, pues fue como una se\u00f1al que me enviaba el universo el hecho de que todos los t\u00edtulos que se me ocurr\u00edan marchaban de mi memoria tras unas horas.<\/p>\n<p>Sin embargo, Las musas me sorprendieron permanec\u00eda siempre inm\u00f3vil en mi cabeza y por eso decid\u00ed premiarlo y que este fuera el elegido. Opino que siempre hay que premiar lo que se empe\u00f1a y persiste. Total, como la vida misma; el que trabaja, merece ser premiado. Y tambi\u00e9n porque es de sentido com\u00fan, porque son ellas, las musas, las due\u00f1as de mi inspira- ci\u00f3n. Sin ellas, no me ser\u00eda posible escribir nada.<\/p>\n<p>Las musas: seres invisibles que, de forma sutil, sentimos los poetas. Ellas inspiran nuestros momentos, incluso cuando nuestra mente reposa de los quehaceres cotidianos. Como palomas, revolotean a nuestro o\u00eddo o en nuestro cerebro, dici\u00e9ndonos: escribe esto o aquello. El t\u00e9rmino \u00abmusa\u00bb procede del lat\u00edn y significa m\u00fasica.<\/p>\n<p>Las musas son la inspiraci\u00f3n, la vena, el arrebato, el est\u00edmulo sen- tido desde el interior en la forma de calor o de deseo por plasmar de la forma m\u00e1s bella nuestros pensamientos y nuestros sentimientos.<\/p>\n","protected":false},"excerpt":{"rendered":"<p>ISBN:\u00a0978-84-1144-942-7<\/p>\n<p>SINOPSIS<\/p>\n<p>Las musas me sorprendieron, la verdad. Tras mucho tiempo para decidir un t\u00edtulo que fuera adecuado para este libro, finalmente, me decid\u00ed por Las musas me sorprendieron, pues fue como una se\u00f1al que me enviaba el universo el hecho de que todos los t\u00edtulos que se me ocurr\u00edan marchaban de mi memoria tras unas horas.<\/p>\n<p>Sin embargo, Las musas me sorprendieron permanec\u00eda siempre inm\u00f3vil en mi cabeza y por eso decid\u00ed premiarlo y que este fuera el elegido. Opino que siempre hay que premiar lo que se empe\u00f1a y persiste. Total, como la vida misma; el que trabaja, merece ser premiado. Y tambi\u00e9n porque es de sentido com\u00fan, porque son ellas, las musas, las due\u00f1as de mi inspira- ci\u00f3n. Sin ellas, no me ser\u00eda posible escribir nada.<\/p>\n<p>Las musas: seres invisibles que, de forma sutil, sentimos los poetas. Ellas inspiran nuestros momentos, incluso cuando nuestra mente reposa de los quehaceres cotidianos. Como palomas, revolotean a nuestro o\u00eddo o en nuestro cerebro, dici\u00e9ndonos: escribe esto o aquello. El t\u00e9rmino \u00abmusa\u00bb procede del lat\u00edn y significa m\u00fasica.<\/p>\n<p>Las musas son la inspiraci\u00f3n, la vena, el arrebato, el est\u00edmulo sen- tido desde el interior en la forma de calor o de deseo por plasmar de la forma m\u00e1s bella nuestros pensamientos y nuestros sentimientos.<\/p>\n<p>&nbsp;<\/p>\n","protected":false},"featured_media":100978,"comment_status":"closed","ping_status":"closed","template":"","meta":{"_acf_changed":false},"libro":[],"product_brand":[],"product_cat":[20],"product_tag":[],"class_list":{"0":"post-100977","1":"product","2":"type-product","3":"status-publish","4":"has-post-thumbnail","6":"product_cat-poesia","8":"first","9":"instock","10":"product-type-simple"},"acf":{"autor":[100741],"enlace_de_compra":"https:\/\/www.casadellibro.com\/libro-las-musas-me-sorprendieron\/9788411449427\/16100919?gclid=CjwKCAjwydSzBhBOEiwAj0XN4H1-MmaWRB2wwOqKHrNKcvgZNUI0DKA97_fjlfcyYyEuGjdmFZCIkRoCyaoQAvD_BwE"},"yoast_head":"<!-- This site is optimized with the Yoast SEO plugin v27.4 - https:\/\/yoast.com\/product\/yoast-seo-wordpress\/ -->\n<title>Las Musas me sorprendieron - Catalogo | Letrame Grupo Editorial<\/title>\n<meta name=\"robots\" content=\"index, follow, max-snippet:-1, max-image-preview:large, max-video-preview:-1\" \/>\n<link rel=\"canonical\" href=\"https:\/\/letrame.com\/catalogo\/producto\/las-musas-me-sorprendieron\/\" \/>\n<meta property=\"og:locale\" content=\"es_ES\" \/>\n<meta property=\"og:type\" content=\"article\" \/>\n<meta property=\"og:title\" content=\"Las Musas me sorprendieron - Catalogo | Letrame Grupo Editorial\" \/>\n<meta property=\"og:description\" content=\"ISBN:\u00a0978-84-1144-942-7  SINOPSIS  Las musas me sorprendieron, la verdad. Tras mucho tiempo para decidir un t\u00edtulo que fuera adecuado para este libro, finalmente, me decid\u00ed por Las musas me sorprendieron, pues fue como una se\u00f1al que me enviaba el universo el hecho de que todos los t\u00edtulos que se me ocurr\u00edan marchaban de mi memoria tras unas horas.  Sin embargo, Las musas me sorprendieron permanec\u00eda siempre inm\u00f3vil en mi cabeza y por eso decid\u00ed premiarlo y que este fuera el elegido. Opino que siempre hay que premiar lo que se empe\u00f1a y persiste. Total, como la vida misma; el que trabaja, merece ser premiado. Y tambi\u00e9n porque es de sentido com\u00fan, porque son ellas, las musas, las due\u00f1as de mi inspira- ci\u00f3n. Sin ellas, no me ser\u00eda posible escribir nada.  Las musas: seres invisibles que, de forma sutil, sentimos los poetas. Ellas inspiran nuestros momentos, incluso cuando nuestra mente reposa de los quehaceres cotidianos. Como palomas, revolotean a nuestro o\u00eddo o en nuestro cerebro, dici\u00e9ndonos: escribe esto o aquello. El t\u00e9rmino \u00abmusa\u00bb procede del lat\u00edn y significa m\u00fasica.  Las musas son la inspiraci\u00f3n, la vena, el arrebato, el est\u00edmulo sen- tido desde el interior en la forma de calor o de deseo por plasmar de la forma m\u00e1s bella nuestros pensamientos y nuestros sentimientos.  &nbsp;\" \/>\n<meta property=\"og:url\" content=\"https:\/\/letrame.com\/catalogo\/producto\/las-musas-me-sorprendieron\/\" \/>\n<meta property=\"og:site_name\" content=\"Catalogo | Letrame Grupo Editorial\" \/>\n<meta property=\"article:modified_time\" content=\"2024-06-21T08:10:18+00:00\" \/>\n<meta property=\"og:image\" content=\"https:\/\/letrame.com\/catalogo\/wp-content\/uploads\/2024\/05\/webp_lasmusasme_983mm-compressed-scaled-1.jpg\" \/>\n\t<meta property=\"og:image:width\" content=\"1746\" \/>\n\t<meta property=\"og:image:height\" content=\"2560\" \/>\n\t<meta property=\"og:image:type\" content=\"image\/jpeg\" \/>\n<meta name=\"twitter:card\" content=\"summary_large_image\" \/>\n<meta name=\"twitter:label1\" content=\"Tiempo de lectura\" \/>\n\t<meta name=\"twitter:data1\" content=\"2 minutos\" \/>\n<script type=\"application\/ld+json\" class=\"yoast-schema-graph\">{\"@context\":\"https:\\\/\\\/schema.org\",\"@graph\":[{\"@type\":\"WebPage\",\"@id\":\"https:\\\/\\\/letrame.com\\\/catalogo\\\/producto\\\/las-musas-me-sorprendieron\\\/\",\"url\":\"https:\\\/\\\/letrame.com\\\/catalogo\\\/producto\\\/las-musas-me-sorprendieron\\\/\",\"name\":\"Las Musas me sorprendieron - Catalogo | Letrame Grupo Editorial\",\"isPartOf\":{\"@id\":\"https:\\\/\\\/letrame.com\\\/catalogo\\\/#website\"},\"primaryImageOfPage\":{\"@id\":\"https:\\\/\\\/letrame.com\\\/catalogo\\\/producto\\\/las-musas-me-sorprendieron\\\/#primaryimage\"},\"image\":{\"@id\":\"https:\\\/\\\/letrame.com\\\/catalogo\\\/producto\\\/las-musas-me-sorprendieron\\\/#primaryimage\"},\"thumbnailUrl\":\"https:\\\/\\\/letrame.com\\\/catalogo\\\/wp-content\\\/uploads\\\/2024\\\/05\\\/webp_lasmusasme_983mm-compressed-scaled-1.jpg\",\"datePublished\":\"2024-05-23T08:20:02+00:00\",\"dateModified\":\"2024-06-21T08:10:18+00:00\",\"breadcrumb\":{\"@id\":\"https:\\\/\\\/letrame.com\\\/catalogo\\\/producto\\\/las-musas-me-sorprendieron\\\/#breadcrumb\"},\"inLanguage\":\"es\",\"potentialAction\":[{\"@type\":\"ReadAction\",\"target\":[\"https:\\\/\\\/letrame.com\\\/catalogo\\\/producto\\\/las-musas-me-sorprendieron\\\/\"]}]},{\"@type\":\"ImageObject\",\"inLanguage\":\"es\",\"@id\":\"https:\\\/\\\/letrame.com\\\/catalogo\\\/producto\\\/las-musas-me-sorprendieron\\\/#primaryimage\",\"url\":\"https:\\\/\\\/letrame.com\\\/catalogo\\\/wp-content\\\/uploads\\\/2024\\\/05\\\/webp_lasmusasme_983mm-compressed-scaled-1.jpg\",\"contentUrl\":\"https:\\\/\\\/letrame.com\\\/catalogo\\\/wp-content\\\/uploads\\\/2024\\\/05\\\/webp_lasmusasme_983mm-compressed-scaled-1.jpg\",\"width\":1746,\"height\":2560},{\"@type\":\"BreadcrumbList\",\"@id\":\"https:\\\/\\\/letrame.com\\\/catalogo\\\/producto\\\/las-musas-me-sorprendieron\\\/#breadcrumb\",\"itemListElement\":[{\"@type\":\"ListItem\",\"position\":1,\"name\":\"Portada\",\"item\":\"https:\\\/\\\/letrame.com\\\/catalogo\\\/\"},{\"@type\":\"ListItem\",\"position\":2,\"name\":\"Cat\u00e1logo\",\"item\":\"https:\\\/\\\/letrame.com\\\/catalogo\\\/\"},{\"@type\":\"ListItem\",\"position\":3,\"name\":\"Las Musas me sorprendieron\"}]},{\"@type\":\"WebSite\",\"@id\":\"https:\\\/\\\/letrame.com\\\/catalogo\\\/#website\",\"url\":\"https:\\\/\\\/letrame.com\\\/catalogo\\\/\",\"name\":\"Catalogo | Letrame Grupo Editorial\",\"description\":\"\",\"publisher\":{\"@id\":\"https:\\\/\\\/letrame.com\\\/catalogo\\\/#organization\"},\"potentialAction\":[{\"@type\":\"SearchAction\",\"target\":{\"@type\":\"EntryPoint\",\"urlTemplate\":\"https:\\\/\\\/letrame.com\\\/catalogo\\\/?s={search_term_string}\"},\"query-input\":{\"@type\":\"PropertyValueSpecification\",\"valueRequired\":true,\"valueName\":\"search_term_string\"}}],\"inLanguage\":\"es\"},{\"@type\":\"Organization\",\"@id\":\"https:\\\/\\\/letrame.com\\\/catalogo\\\/#organization\",\"name\":\"Catalogo | Letrame Grupo Editorial\",\"url\":\"https:\\\/\\\/letrame.com\\\/catalogo\\\/\",\"logo\":{\"@type\":\"ImageObject\",\"inLanguage\":\"es\",\"@id\":\"https:\\\/\\\/letrame.com\\\/catalogo\\\/#\\\/schema\\\/logo\\\/image\\\/\",\"url\":\"https:\\\/\\\/letrame.com\\\/catalogo\\\/wp-content\\\/uploads\\\/2024\\\/03\\\/logo2.webp\",\"contentUrl\":\"https:\\\/\\\/letrame.com\\\/catalogo\\\/wp-content\\\/uploads\\\/2024\\\/03\\\/logo2.webp\",\"width\":394,\"height\":128,\"caption\":\"Catalogo | Letrame Grupo Editorial\"},\"image\":{\"@id\":\"https:\\\/\\\/letrame.com\\\/catalogo\\\/#\\\/schema\\\/logo\\\/image\\\/\"}}]}<\/script>\n<!-- \/ Yoast SEO plugin. -->","yoast_head_json":{"title":"Las Musas me sorprendieron - Catalogo | Letrame Grupo Editorial","robots":{"index":"index","follow":"follow","max-snippet":"max-snippet:-1","max-image-preview":"max-image-preview:large","max-video-preview":"max-video-preview:-1"},"canonical":"https:\/\/letrame.com\/catalogo\/producto\/las-musas-me-sorprendieron\/","og_locale":"es_ES","og_type":"article","og_title":"Las Musas me sorprendieron - Catalogo | Letrame Grupo Editorial","og_description":"ISBN:\u00a0978-84-1144-942-7  SINOPSIS  Las musas me sorprendieron, la verdad. Tras mucho tiempo para decidir un t\u00edtulo que fuera adecuado para este libro, finalmente, me decid\u00ed por Las musas me sorprendieron, pues fue como una se\u00f1al que me enviaba el universo el hecho de que todos los t\u00edtulos que se me ocurr\u00edan marchaban de mi memoria tras unas horas.  Sin embargo, Las musas me sorprendieron permanec\u00eda siempre inm\u00f3vil en mi cabeza y por eso decid\u00ed premiarlo y que este fuera el elegido. Opino que siempre hay que premiar lo que se empe\u00f1a y persiste. Total, como la vida misma; el que trabaja, merece ser premiado. Y tambi\u00e9n porque es de sentido com\u00fan, porque son ellas, las musas, las due\u00f1as de mi inspira- ci\u00f3n. Sin ellas, no me ser\u00eda posible escribir nada.  Las musas: seres invisibles que, de forma sutil, sentimos los poetas. Ellas inspiran nuestros momentos, incluso cuando nuestra mente reposa de los quehaceres cotidianos. Como palomas, revolotean a nuestro o\u00eddo o en nuestro cerebro, dici\u00e9ndonos: escribe esto o aquello. El t\u00e9rmino \u00abmusa\u00bb procede del lat\u00edn y significa m\u00fasica.  Las musas son la inspiraci\u00f3n, la vena, el arrebato, el est\u00edmulo sen- tido desde el interior en la forma de calor o de deseo por plasmar de la forma m\u00e1s bella nuestros pensamientos y nuestros sentimientos.  &nbsp;","og_url":"https:\/\/letrame.com\/catalogo\/producto\/las-musas-me-sorprendieron\/","og_site_name":"Catalogo | Letrame Grupo Editorial","article_modified_time":"2024-06-21T08:10:18+00:00","og_image":[{"width":1746,"height":2560,"url":"https:\/\/letrame.com\/catalogo\/wp-content\/uploads\/2024\/05\/webp_lasmusasme_983mm-compressed-scaled-1.jpg","type":"image\/jpeg"}],"twitter_card":"summary_large_image","twitter_misc":{"Tiempo de lectura":"2 minutos"},"schema":{"@context":"https:\/\/schema.org","@graph":[{"@type":"WebPage","@id":"https:\/\/letrame.com\/catalogo\/producto\/las-musas-me-sorprendieron\/","url":"https:\/\/letrame.com\/catalogo\/producto\/las-musas-me-sorprendieron\/","name":"Las Musas me sorprendieron - Catalogo | Letrame Grupo Editorial","isPartOf":{"@id":"https:\/\/letrame.com\/catalogo\/#website"},"primaryImageOfPage":{"@id":"https:\/\/letrame.com\/catalogo\/producto\/las-musas-me-sorprendieron\/#primaryimage"},"image":{"@id":"https:\/\/letrame.com\/catalogo\/producto\/las-musas-me-sorprendieron\/#primaryimage"},"thumbnailUrl":"https:\/\/letrame.com\/catalogo\/wp-content\/uploads\/2024\/05\/webp_lasmusasme_983mm-compressed-scaled-1.jpg","datePublished":"2024-05-23T08:20:02+00:00","dateModified":"2024-06-21T08:10:18+00:00","breadcrumb":{"@id":"https:\/\/letrame.com\/catalogo\/producto\/las-musas-me-sorprendieron\/#breadcrumb"},"inLanguage":"es","potentialAction":[{"@type":"ReadAction","target":["https:\/\/letrame.com\/catalogo\/producto\/las-musas-me-sorprendieron\/"]}]},{"@type":"ImageObject","inLanguage":"es","@id":"https:\/\/letrame.com\/catalogo\/producto\/las-musas-me-sorprendieron\/#primaryimage","url":"https:\/\/letrame.com\/catalogo\/wp-content\/uploads\/2024\/05\/webp_lasmusasme_983mm-compressed-scaled-1.jpg","contentUrl":"https:\/\/letrame.com\/catalogo\/wp-content\/uploads\/2024\/05\/webp_lasmusasme_983mm-compressed-scaled-1.jpg","width":1746,"height":2560},{"@type":"BreadcrumbList","@id":"https:\/\/letrame.com\/catalogo\/producto\/las-musas-me-sorprendieron\/#breadcrumb","itemListElement":[{"@type":"ListItem","position":1,"name":"Portada","item":"https:\/\/letrame.com\/catalogo\/"},{"@type":"ListItem","position":2,"name":"Cat\u00e1logo","item":"https:\/\/letrame.com\/catalogo\/"},{"@type":"ListItem","position":3,"name":"Las Musas me sorprendieron"}]},{"@type":"WebSite","@id":"https:\/\/letrame.com\/catalogo\/#website","url":"https:\/\/letrame.com\/catalogo\/","name":"Catalogo | Letrame Grupo Editorial","description":"","publisher":{"@id":"https:\/\/letrame.com\/catalogo\/#organization"},"potentialAction":[{"@type":"SearchAction","target":{"@type":"EntryPoint","urlTemplate":"https:\/\/letrame.com\/catalogo\/?s={search_term_string}"},"query-input":{"@type":"PropertyValueSpecification","valueRequired":true,"valueName":"search_term_string"}}],"inLanguage":"es"},{"@type":"Organization","@id":"https:\/\/letrame.com\/catalogo\/#organization","name":"Catalogo | Letrame Grupo Editorial","url":"https:\/\/letrame.com\/catalogo\/","logo":{"@type":"ImageObject","inLanguage":"es","@id":"https:\/\/letrame.com\/catalogo\/#\/schema\/logo\/image\/","url":"https:\/\/letrame.com\/catalogo\/wp-content\/uploads\/2024\/03\/logo2.webp","contentUrl":"https:\/\/letrame.com\/catalogo\/wp-content\/uploads\/2024\/03\/logo2.webp","width":394,"height":128,"caption":"Catalogo | Letrame Grupo Editorial"},"image":{"@id":"https:\/\/letrame.com\/catalogo\/#\/schema\/logo\/image\/"}}]}},"_links":{"self":[{"href":"https:\/\/letrame.com\/catalogo\/wp-json\/wp\/v2\/product\/100977","targetHints":{"allow":["GET"]}}],"collection":[{"href":"https:\/\/letrame.com\/catalogo\/wp-json\/wp\/v2\/product"}],"about":[{"href":"https:\/\/letrame.com\/catalogo\/wp-json\/wp\/v2\/types\/product"}],"replies":[{"embeddable":true,"href":"https:\/\/letrame.com\/catalogo\/wp-json\/wp\/v2\/comments?post=100977"}],"acf:post":[{"embeddable":true,"href":"https:\/\/letrame.com\/catalogo\/wp-json\/wp\/v2\/author_book\/100741"}],"wp:featuredmedia":[{"embeddable":true,"href":"https:\/\/letrame.com\/catalogo\/wp-json\/wp\/v2\/media\/100978"}],"wp:attachment":[{"href":"https:\/\/letrame.com\/catalogo\/wp-json\/wp\/v2\/media?parent=100977"}],"wp:term":[{"taxonomy":"libro","embeddable":true,"href":"https:\/\/letrame.com\/catalogo\/wp-json\/wp\/v2\/libro?post=100977"},{"taxonomy":"product_brand","embeddable":true,"href":"https:\/\/letrame.com\/catalogo\/wp-json\/wp\/v2\/product_brand?post=100977"},{"taxonomy":"product_cat","embeddable":true,"href":"https:\/\/letrame.com\/catalogo\/wp-json\/wp\/v2\/product_cat?post=100977"},{"taxonomy":"product_tag","embeddable":true,"href":"https:\/\/letrame.com\/catalogo\/wp-json\/wp\/v2\/product_tag?post=100977"}],"curies":[{"name":"wp","href":"https:\/\/api.w.org\/{rel}","templated":true}]}}