{"id":100941,"date":"2024-05-23T10:16:25","date_gmt":"2024-05-23T08:16:25","guid":{"rendered":"https:\/\/letrame.com\/catalogo\/producto\/entramados-interestelares\/"},"modified":"2024-06-04T15:34:45","modified_gmt":"2024-06-04T13:34:45","slug":"entramados-interestelares","status":"publish","type":"product","link":"https:\/\/letrame.com\/catalogo\/producto\/entramados-interestelares\/","title":{"rendered":"Entramados interestelares"},"content":{"rendered":"<p>ISBN:\u00a0978-84-1068-007-4<br \/>\nT\u00edtulo:\u2028ENTRAMADOS INTERESTELARES<br \/>\nFecha:\u20282024<br \/>\nP\u00e1ginas:\u00a0116<br \/>\nSINOPSIS<\/p>\n<p>Entre las calles de Montevideo y los encantos de Colonia, en la tierra de Uruguay, florece la amistad \u00fanica de Natalia y Candelaria. Estas dos almas afines no son solo amigas, sino c\u00f3mplices de la vida que comparten. Se sumergen en el laberinto de sus d\u00edas tempranos, tejido con risas y complicidad, viviendo una historia que parece extra\u00edda de los lazos m\u00e1s profundos de hermandad. Sin embargo, en el lienzo de sus vidas, surge un giro inesperado, transformando la trama de su existencia compartida.<br \/>\nNatalia se encuentra ante un enigma inicial de decisiones que la desconciertan, pero a medida que avanza, desentra\u00f1a el misterio de la tarea pendiente. Debe liberarse del sufrimiento que yace oculto, una sombra que la ha atormentado a lo largo de los a\u00f1os, para finalmente inaugurar un cap\u00edtulo de serenidad y empezar a vivir plenamente.<br \/>\nCandelaria, por otro lado, alberga el anhelado sue\u00f1o de su adolescencia, y ahora, por fin, contempla c\u00f3mo se materializa ante sus ojos.<\/p>\n","protected":false},"excerpt":{"rendered":"<p>ISBN:\u00a0978-84-1068-007-4<\/p>\n<p>SINOPSIS<\/p>\n<p>Entre las calles de Montevideo y los encantos de Colonia, en la tierra de Uruguay, florece la amistad \u00fanica de Natalia y Candelaria. Estas dos almas afines no son solo amigas, sino c\u00f3mplices de la vida que comparten. Se sumergen en el laberinto de sus d\u00edas tempranos, tejido con risas y complicidad, viviendo una historia que parece extra\u00edda de los lazos m\u00e1s profundos de hermandad. Sin embargo, en el lienzo de sus vidas, surge un giro inesperado, transformando la trama de su existencia compartida.<br \/>\nNatalia se encuentra ante un enigma inicial de decisiones que la desconciertan, pero a medida que avanza, desentra\u00f1a el misterio de la tarea pendiente. Debe liberarse del sufrimiento que yace oculto, una sombra que la ha atormentado a lo largo de los a\u00f1os, para finalmente inaugurar un cap\u00edtulo de serenidad y empezar a vivir plenamente.<br \/>\nCandelaria, por otro lado, alberga el anhelado sue\u00f1o de su adolescencia, y ahora, por fin, contempla c\u00f3mo se materializa ante sus ojos.<\/p>\n","protected":false},"featured_media":100942,"comment_status":"closed","ping_status":"closed","template":"","meta":{"_acf_changed":false},"libro":[],"product_brand":[],"product_cat":[47],"product_tag":[],"class_list":{"0":"post-100941","1":"product","2":"type-product","3":"status-publish","4":"has-post-thumbnail","6":"product_cat-ciencia-ficcion-misterio","8":"first","9":"instock","10":"product-type-simple"},"acf":{"autor":[100718],"enlace_de_compra":"https:\/\/www.casadellibro.com\/libro-entramados-interestelares\/9788410680074\/15964204"},"yoast_head":"<!-- This site is optimized with the Yoast SEO plugin v27.4 - https:\/\/yoast.com\/product\/yoast-seo-wordpress\/ -->\n<title>Entramados interestelares - Catalogo | Letrame Grupo Editorial<\/title>\n<meta name=\"robots\" content=\"index, follow, max-snippet:-1, max-image-preview:large, max-video-preview:-1\" \/>\n<link rel=\"canonical\" href=\"https:\/\/letrame.com\/catalogo\/producto\/entramados-interestelares\/\" \/>\n<meta property=\"og:locale\" content=\"es_ES\" \/>\n<meta property=\"og:type\" content=\"article\" \/>\n<meta property=\"og:title\" content=\"Entramados interestelares - Catalogo | Letrame Grupo Editorial\" \/>\n<meta property=\"og:description\" content=\"ISBN:\u00a0978-84-1068-007-4  SINOPSIS  Entre las calles de Montevideo y los encantos de Colonia, en la tierra de Uruguay, florece la amistad \u00fanica de Natalia y Candelaria. Estas dos almas afines no son solo amigas, sino c\u00f3mplices de la vida que comparten. Se sumergen en el laberinto de sus d\u00edas tempranos, tejido con risas y complicidad, viviendo una historia que parece extra\u00edda de los lazos m\u00e1s profundos de hermandad. Sin embargo, en el lienzo de sus vidas, surge un giro inesperado, transformando la trama de su existencia compartida. Natalia se encuentra ante un enigma inicial de decisiones que la desconciertan, pero a medida que avanza, desentra\u00f1a el misterio de la tarea pendiente. Debe liberarse del sufrimiento que yace oculto, una sombra que la ha atormentado a lo largo de los a\u00f1os, para finalmente inaugurar un cap\u00edtulo de serenidad y empezar a vivir plenamente. Candelaria, por otro lado, alberga el anhelado sue\u00f1o de su adolescencia, y ahora, por fin, contempla c\u00f3mo se materializa ante sus ojos.\" \/>\n<meta property=\"og:url\" content=\"https:\/\/letrame.com\/catalogo\/producto\/entramados-interestelares\/\" \/>\n<meta property=\"og:site_name\" content=\"Catalogo | Letrame Grupo Editorial\" \/>\n<meta property=\"article:modified_time\" content=\"2024-06-04T13:34:45+00:00\" \/>\n<meta property=\"og:image\" content=\"https:\/\/letrame.com\/catalogo\/wp-content\/uploads\/2024\/05\/webp_entramadosinterestelares_655mm-compressed-scaled-1.jpg\" \/>\n\t<meta property=\"og:image:width\" content=\"1746\" \/>\n\t<meta property=\"og:image:height\" content=\"2560\" \/>\n\t<meta property=\"og:image:type\" content=\"image\/jpeg\" \/>\n<meta name=\"twitter:card\" content=\"summary_large_image\" \/>\n<meta name=\"twitter:label1\" content=\"Tiempo de lectura\" \/>\n\t<meta name=\"twitter:data1\" content=\"1 minuto\" \/>\n<script type=\"application\/ld+json\" class=\"yoast-schema-graph\">{\"@context\":\"https:\\\/\\\/schema.org\",\"@graph\":[{\"@type\":\"WebPage\",\"@id\":\"https:\\\/\\\/letrame.com\\\/catalogo\\\/producto\\\/entramados-interestelares\\\/\",\"url\":\"https:\\\/\\\/letrame.com\\\/catalogo\\\/producto\\\/entramados-interestelares\\\/\",\"name\":\"Entramados interestelares - Catalogo | Letrame Grupo Editorial\",\"isPartOf\":{\"@id\":\"https:\\\/\\\/letrame.com\\\/catalogo\\\/#website\"},\"primaryImageOfPage\":{\"@id\":\"https:\\\/\\\/letrame.com\\\/catalogo\\\/producto\\\/entramados-interestelares\\\/#primaryimage\"},\"image\":{\"@id\":\"https:\\\/\\\/letrame.com\\\/catalogo\\\/producto\\\/entramados-interestelares\\\/#primaryimage\"},\"thumbnailUrl\":\"https:\\\/\\\/letrame.com\\\/catalogo\\\/wp-content\\\/uploads\\\/2024\\\/05\\\/webp_entramadosinterestelares_655mm-compressed-scaled-1.jpg\",\"datePublished\":\"2024-05-23T08:16:25+00:00\",\"dateModified\":\"2024-06-04T13:34:45+00:00\",\"breadcrumb\":{\"@id\":\"https:\\\/\\\/letrame.com\\\/catalogo\\\/producto\\\/entramados-interestelares\\\/#breadcrumb\"},\"inLanguage\":\"es\",\"potentialAction\":[{\"@type\":\"ReadAction\",\"target\":[\"https:\\\/\\\/letrame.com\\\/catalogo\\\/producto\\\/entramados-interestelares\\\/\"]}]},{\"@type\":\"ImageObject\",\"inLanguage\":\"es\",\"@id\":\"https:\\\/\\\/letrame.com\\\/catalogo\\\/producto\\\/entramados-interestelares\\\/#primaryimage\",\"url\":\"https:\\\/\\\/letrame.com\\\/catalogo\\\/wp-content\\\/uploads\\\/2024\\\/05\\\/webp_entramadosinterestelares_655mm-compressed-scaled-1.jpg\",\"contentUrl\":\"https:\\\/\\\/letrame.com\\\/catalogo\\\/wp-content\\\/uploads\\\/2024\\\/05\\\/webp_entramadosinterestelares_655mm-compressed-scaled-1.jpg\",\"width\":1746,\"height\":2560},{\"@type\":\"BreadcrumbList\",\"@id\":\"https:\\\/\\\/letrame.com\\\/catalogo\\\/producto\\\/entramados-interestelares\\\/#breadcrumb\",\"itemListElement\":[{\"@type\":\"ListItem\",\"position\":1,\"name\":\"Portada\",\"item\":\"https:\\\/\\\/letrame.com\\\/catalogo\\\/\"},{\"@type\":\"ListItem\",\"position\":2,\"name\":\"Cat\u00e1logo\",\"item\":\"https:\\\/\\\/letrame.com\\\/catalogo\\\/\"},{\"@type\":\"ListItem\",\"position\":3,\"name\":\"Entramados interestelares\"}]},{\"@type\":\"WebSite\",\"@id\":\"https:\\\/\\\/letrame.com\\\/catalogo\\\/#website\",\"url\":\"https:\\\/\\\/letrame.com\\\/catalogo\\\/\",\"name\":\"Catalogo | Letrame Grupo Editorial\",\"description\":\"\",\"publisher\":{\"@id\":\"https:\\\/\\\/letrame.com\\\/catalogo\\\/#organization\"},\"potentialAction\":[{\"@type\":\"SearchAction\",\"target\":{\"@type\":\"EntryPoint\",\"urlTemplate\":\"https:\\\/\\\/letrame.com\\\/catalogo\\\/?s={search_term_string}\"},\"query-input\":{\"@type\":\"PropertyValueSpecification\",\"valueRequired\":true,\"valueName\":\"search_term_string\"}}],\"inLanguage\":\"es\"},{\"@type\":\"Organization\",\"@id\":\"https:\\\/\\\/letrame.com\\\/catalogo\\\/#organization\",\"name\":\"Catalogo | Letrame Grupo Editorial\",\"url\":\"https:\\\/\\\/letrame.com\\\/catalogo\\\/\",\"logo\":{\"@type\":\"ImageObject\",\"inLanguage\":\"es\",\"@id\":\"https:\\\/\\\/letrame.com\\\/catalogo\\\/#\\\/schema\\\/logo\\\/image\\\/\",\"url\":\"https:\\\/\\\/letrame.com\\\/catalogo\\\/wp-content\\\/uploads\\\/2024\\\/03\\\/logo2.webp\",\"contentUrl\":\"https:\\\/\\\/letrame.com\\\/catalogo\\\/wp-content\\\/uploads\\\/2024\\\/03\\\/logo2.webp\",\"width\":394,\"height\":128,\"caption\":\"Catalogo | Letrame Grupo Editorial\"},\"image\":{\"@id\":\"https:\\\/\\\/letrame.com\\\/catalogo\\\/#\\\/schema\\\/logo\\\/image\\\/\"}}]}<\/script>\n<!-- \/ Yoast SEO plugin. -->","yoast_head_json":{"title":"Entramados interestelares - Catalogo | Letrame Grupo Editorial","robots":{"index":"index","follow":"follow","max-snippet":"max-snippet:-1","max-image-preview":"max-image-preview:large","max-video-preview":"max-video-preview:-1"},"canonical":"https:\/\/letrame.com\/catalogo\/producto\/entramados-interestelares\/","og_locale":"es_ES","og_type":"article","og_title":"Entramados interestelares - Catalogo | Letrame Grupo Editorial","og_description":"ISBN:\u00a0978-84-1068-007-4  SINOPSIS  Entre las calles de Montevideo y los encantos de Colonia, en la tierra de Uruguay, florece la amistad \u00fanica de Natalia y Candelaria. Estas dos almas afines no son solo amigas, sino c\u00f3mplices de la vida que comparten. Se sumergen en el laberinto de sus d\u00edas tempranos, tejido con risas y complicidad, viviendo una historia que parece extra\u00edda de los lazos m\u00e1s profundos de hermandad. Sin embargo, en el lienzo de sus vidas, surge un giro inesperado, transformando la trama de su existencia compartida. Natalia se encuentra ante un enigma inicial de decisiones que la desconciertan, pero a medida que avanza, desentra\u00f1a el misterio de la tarea pendiente. Debe liberarse del sufrimiento que yace oculto, una sombra que la ha atormentado a lo largo de los a\u00f1os, para finalmente inaugurar un cap\u00edtulo de serenidad y empezar a vivir plenamente. Candelaria, por otro lado, alberga el anhelado sue\u00f1o de su adolescencia, y ahora, por fin, contempla c\u00f3mo se materializa ante sus ojos.","og_url":"https:\/\/letrame.com\/catalogo\/producto\/entramados-interestelares\/","og_site_name":"Catalogo | Letrame Grupo Editorial","article_modified_time":"2024-06-04T13:34:45+00:00","og_image":[{"width":1746,"height":2560,"url":"https:\/\/letrame.com\/catalogo\/wp-content\/uploads\/2024\/05\/webp_entramadosinterestelares_655mm-compressed-scaled-1.jpg","type":"image\/jpeg"}],"twitter_card":"summary_large_image","twitter_misc":{"Tiempo de lectura":"1 minuto"},"schema":{"@context":"https:\/\/schema.org","@graph":[{"@type":"WebPage","@id":"https:\/\/letrame.com\/catalogo\/producto\/entramados-interestelares\/","url":"https:\/\/letrame.com\/catalogo\/producto\/entramados-interestelares\/","name":"Entramados interestelares - Catalogo | Letrame Grupo Editorial","isPartOf":{"@id":"https:\/\/letrame.com\/catalogo\/#website"},"primaryImageOfPage":{"@id":"https:\/\/letrame.com\/catalogo\/producto\/entramados-interestelares\/#primaryimage"},"image":{"@id":"https:\/\/letrame.com\/catalogo\/producto\/entramados-interestelares\/#primaryimage"},"thumbnailUrl":"https:\/\/letrame.com\/catalogo\/wp-content\/uploads\/2024\/05\/webp_entramadosinterestelares_655mm-compressed-scaled-1.jpg","datePublished":"2024-05-23T08:16:25+00:00","dateModified":"2024-06-04T13:34:45+00:00","breadcrumb":{"@id":"https:\/\/letrame.com\/catalogo\/producto\/entramados-interestelares\/#breadcrumb"},"inLanguage":"es","potentialAction":[{"@type":"ReadAction","target":["https:\/\/letrame.com\/catalogo\/producto\/entramados-interestelares\/"]}]},{"@type":"ImageObject","inLanguage":"es","@id":"https:\/\/letrame.com\/catalogo\/producto\/entramados-interestelares\/#primaryimage","url":"https:\/\/letrame.com\/catalogo\/wp-content\/uploads\/2024\/05\/webp_entramadosinterestelares_655mm-compressed-scaled-1.jpg","contentUrl":"https:\/\/letrame.com\/catalogo\/wp-content\/uploads\/2024\/05\/webp_entramadosinterestelares_655mm-compressed-scaled-1.jpg","width":1746,"height":2560},{"@type":"BreadcrumbList","@id":"https:\/\/letrame.com\/catalogo\/producto\/entramados-interestelares\/#breadcrumb","itemListElement":[{"@type":"ListItem","position":1,"name":"Portada","item":"https:\/\/letrame.com\/catalogo\/"},{"@type":"ListItem","position":2,"name":"Cat\u00e1logo","item":"https:\/\/letrame.com\/catalogo\/"},{"@type":"ListItem","position":3,"name":"Entramados interestelares"}]},{"@type":"WebSite","@id":"https:\/\/letrame.com\/catalogo\/#website","url":"https:\/\/letrame.com\/catalogo\/","name":"Catalogo | Letrame Grupo Editorial","description":"","publisher":{"@id":"https:\/\/letrame.com\/catalogo\/#organization"},"potentialAction":[{"@type":"SearchAction","target":{"@type":"EntryPoint","urlTemplate":"https:\/\/letrame.com\/catalogo\/?s={search_term_string}"},"query-input":{"@type":"PropertyValueSpecification","valueRequired":true,"valueName":"search_term_string"}}],"inLanguage":"es"},{"@type":"Organization","@id":"https:\/\/letrame.com\/catalogo\/#organization","name":"Catalogo | Letrame Grupo Editorial","url":"https:\/\/letrame.com\/catalogo\/","logo":{"@type":"ImageObject","inLanguage":"es","@id":"https:\/\/letrame.com\/catalogo\/#\/schema\/logo\/image\/","url":"https:\/\/letrame.com\/catalogo\/wp-content\/uploads\/2024\/03\/logo2.webp","contentUrl":"https:\/\/letrame.com\/catalogo\/wp-content\/uploads\/2024\/03\/logo2.webp","width":394,"height":128,"caption":"Catalogo | Letrame Grupo Editorial"},"image":{"@id":"https:\/\/letrame.com\/catalogo\/#\/schema\/logo\/image\/"}}]}},"_links":{"self":[{"href":"https:\/\/letrame.com\/catalogo\/wp-json\/wp\/v2\/product\/100941","targetHints":{"allow":["GET"]}}],"collection":[{"href":"https:\/\/letrame.com\/catalogo\/wp-json\/wp\/v2\/product"}],"about":[{"href":"https:\/\/letrame.com\/catalogo\/wp-json\/wp\/v2\/types\/product"}],"replies":[{"embeddable":true,"href":"https:\/\/letrame.com\/catalogo\/wp-json\/wp\/v2\/comments?post=100941"}],"acf:post":[{"embeddable":true,"href":"https:\/\/letrame.com\/catalogo\/wp-json\/wp\/v2\/author_book\/100718"}],"wp:featuredmedia":[{"embeddable":true,"href":"https:\/\/letrame.com\/catalogo\/wp-json\/wp\/v2\/media\/100942"}],"wp:attachment":[{"href":"https:\/\/letrame.com\/catalogo\/wp-json\/wp\/v2\/media?parent=100941"}],"wp:term":[{"taxonomy":"libro","embeddable":true,"href":"https:\/\/letrame.com\/catalogo\/wp-json\/wp\/v2\/libro?post=100941"},{"taxonomy":"product_brand","embeddable":true,"href":"https:\/\/letrame.com\/catalogo\/wp-json\/wp\/v2\/product_brand?post=100941"},{"taxonomy":"product_cat","embeddable":true,"href":"https:\/\/letrame.com\/catalogo\/wp-json\/wp\/v2\/product_cat?post=100941"},{"taxonomy":"product_tag","embeddable":true,"href":"https:\/\/letrame.com\/catalogo\/wp-json\/wp\/v2\/product_tag?post=100941"}],"curies":[{"name":"wp","href":"https:\/\/api.w.org\/{rel}","templated":true}]}}