{"id":100939,"date":"2024-05-23T10:16:25","date_gmt":"2024-05-23T08:16:25","guid":{"rendered":"https:\/\/letrame.com\/catalogo\/producto\/amira-y-el-duende\/"},"modified":"2024-06-04T15:35:58","modified_gmt":"2024-06-04T13:35:58","slug":"amira-y-el-duende","status":"publish","type":"product","link":"https:\/\/letrame.com\/catalogo\/producto\/amira-y-el-duende\/","title":{"rendered":"Amira y el duende"},"content":{"rendered":"<p>ISBN:\u00a0978-84-1068-094-4<br \/>\nT\u00edtulo:\u2028AMIRA Y EL DUENDE<br \/>\nFecha:\u20282024<br \/>\nP\u00e1ginas:\u00a0230<\/p>\n<p>SINOPSIS<\/p>\n<p>Esta es una historia de amor, como muchas, que se desarrolla entre protagonistas de Espa\u00f1a y Am\u00e9rica dentro de un entorno cultural en el que se destaca la m\u00fasica, la poes\u00eda, la tauromaquia y las tradiciones que se comparten a los dos lados del \u00abcharco\u00bb.<br \/>\nPretende rescatar el romanticismo de los amores campesinos adolescentes sin desamparar ni desvincular a los personajes cuando logran realizarse como adultos, as\u00ed como su interacci\u00f3n entre ellos a pesar de su diferente procedencia.<br \/>\nLa obra pretende establecer una dial\u00e9ctica muy argumentada ente quienes defienden conceptos e ideas diferentes, dejando al lector su sentencia. Se describen en ellas escenarios andaluces y andinos donde suceden episodios de amor, de solidaridad, de nobleza y tambi\u00e9n de sangre que, como la vida misma, llenan de esperanza de mejores d\u00edas o pueden causar dolor por su crueldad.<br \/>\nEn fin, es una cursi historia de amor, como todas, como cursi es el mismo amor, que es lo \u00fanico que nos permite sobrevivir en un mundo cada vez m\u00e1s complejo, m\u00e1s intolerante, m\u00e1s violento, del cual el mundo hispano, lamentablemente, no est\u00e1 exento.<\/p>\n","protected":false},"excerpt":{"rendered":"<p>ISBN:\u00a0978-84-1068-094-4<\/p>\n<p>SINOPSIS<\/p>\n<p>Esta es una historia de amor, como muchas, que se desarrolla entre protagonistas de Espa\u00f1a y Am\u00e9rica dentro de un entorno cultural en el que se destaca la m\u00fasica, la poes\u00eda, la tauromaquia y las tradiciones que se comparten a los dos lados del \u00abcharco\u00bb.<br \/>\nPretende rescatar el romanticismo de los amores campesinos adolescentes sin desamparar ni desvincular a los personajes cuando logran realizarse como adultos, as\u00ed como su interacci\u00f3n entre ellos a pesar de su diferente procedencia.<br \/>\nLa obra pretende establecer una dial\u00e9ctica muy argumentada ente quienes defienden conceptos e ideas diferentes, dejando al lector su sentencia. Se describen en ellas escenarios andaluces y andinos donde suceden episodios de amor, de solidaridad, de nobleza y tambi\u00e9n de sangre que, como la vida misma, llenan de esperanza de mejores d\u00edas o pueden causar dolor por su crueldad.<br \/>\nEn fin, es una cursi historia de amor, como todas, como cursi es el mismo amor, que es lo \u00fanico que nos permite sobrevivir en un mundo cada vez m\u00e1s complejo, m\u00e1s intolerante, m\u00e1s violento, del cual el mundo hispano, lamentablemente, no est\u00e1 exento.<\/p>\n","protected":false},"featured_media":100940,"comment_status":"closed","ping_status":"closed","template":"","meta":{"_acf_changed":false},"libro":[],"product_brand":[],"product_cat":[50],"product_tag":[],"class_list":{"0":"post-100939","1":"product","2":"type-product","3":"status-publish","4":"has-post-thumbnail","6":"product_cat-novela-romantica","8":"first","9":"instock","10":"product-type-simple"},"acf":{"autor":[100716],"enlace_de_compra":"https:\/\/www.casadellibro.com\/libro-amira-y-el-duende\/9788410680944\/16032939"},"yoast_head":"<!-- This site is optimized with the Yoast SEO plugin v27.4 - https:\/\/yoast.com\/product\/yoast-seo-wordpress\/ -->\n<title>Amira y el duende - Catalogo | Letrame Grupo Editorial<\/title>\n<meta name=\"robots\" content=\"index, follow, max-snippet:-1, max-image-preview:large, max-video-preview:-1\" \/>\n<link rel=\"canonical\" href=\"https:\/\/letrame.com\/catalogo\/producto\/amira-y-el-duende\/\" \/>\n<meta property=\"og:locale\" content=\"es_ES\" \/>\n<meta property=\"og:type\" content=\"article\" \/>\n<meta property=\"og:title\" content=\"Amira y el duende - Catalogo | Letrame Grupo Editorial\" \/>\n<meta property=\"og:description\" content=\"ISBN:\u00a0978-84-1068-094-4  SINOPSIS  Esta es una historia de amor, como muchas, que se desarrolla entre protagonistas de Espa\u00f1a y Am\u00e9rica dentro de un entorno cultural en el que se destaca la m\u00fasica, la poes\u00eda, la tauromaquia y las tradiciones que se comparten a los dos lados del \u00abcharco\u00bb. Pretende rescatar el romanticismo de los amores campesinos adolescentes sin desamparar ni desvincular a los personajes cuando logran realizarse como adultos, as\u00ed como su interacci\u00f3n entre ellos a pesar de su diferente procedencia. La obra pretende establecer una dial\u00e9ctica muy argumentada ente quienes defienden conceptos e ideas diferentes, dejando al lector su sentencia. Se describen en ellas escenarios andaluces y andinos donde suceden episodios de amor, de solidaridad, de nobleza y tambi\u00e9n de sangre que, como la vida misma, llenan de esperanza de mejores d\u00edas o pueden causar dolor por su crueldad. En fin, es una cursi historia de amor, como todas, como cursi es el mismo amor, que es lo \u00fanico que nos permite sobrevivir en un mundo cada vez m\u00e1s complejo, m\u00e1s intolerante, m\u00e1s violento, del cual el mundo hispano, lamentablemente, no est\u00e1 exento.\" \/>\n<meta property=\"og:url\" content=\"https:\/\/letrame.com\/catalogo\/producto\/amira-y-el-duende\/\" \/>\n<meta property=\"og:site_name\" content=\"Catalogo | Letrame Grupo Editorial\" \/>\n<meta property=\"article:modified_time\" content=\"2024-06-04T13:35:58+00:00\" \/>\n<meta property=\"og:image\" content=\"https:\/\/letrame.com\/catalogo\/wp-content\/uploads\/2024\/05\/webp_amirayelduende_1168mm-compressed-scaled-1.jpg\" \/>\n\t<meta property=\"og:image:width\" content=\"1746\" \/>\n\t<meta property=\"og:image:height\" content=\"2560\" \/>\n\t<meta property=\"og:image:type\" content=\"image\/jpeg\" \/>\n<meta name=\"twitter:card\" content=\"summary_large_image\" \/>\n<meta name=\"twitter:label1\" content=\"Tiempo de lectura\" \/>\n\t<meta name=\"twitter:data1\" content=\"2 minutos\" \/>\n<script type=\"application\/ld+json\" class=\"yoast-schema-graph\">{\"@context\":\"https:\\\/\\\/schema.org\",\"@graph\":[{\"@type\":\"WebPage\",\"@id\":\"https:\\\/\\\/letrame.com\\\/catalogo\\\/producto\\\/amira-y-el-duende\\\/\",\"url\":\"https:\\\/\\\/letrame.com\\\/catalogo\\\/producto\\\/amira-y-el-duende\\\/\",\"name\":\"Amira y el duende - Catalogo | Letrame Grupo Editorial\",\"isPartOf\":{\"@id\":\"https:\\\/\\\/letrame.com\\\/catalogo\\\/#website\"},\"primaryImageOfPage\":{\"@id\":\"https:\\\/\\\/letrame.com\\\/catalogo\\\/producto\\\/amira-y-el-duende\\\/#primaryimage\"},\"image\":{\"@id\":\"https:\\\/\\\/letrame.com\\\/catalogo\\\/producto\\\/amira-y-el-duende\\\/#primaryimage\"},\"thumbnailUrl\":\"https:\\\/\\\/letrame.com\\\/catalogo\\\/wp-content\\\/uploads\\\/2024\\\/05\\\/webp_amirayelduende_1168mm-compressed-scaled-1.jpg\",\"datePublished\":\"2024-05-23T08:16:25+00:00\",\"dateModified\":\"2024-06-04T13:35:58+00:00\",\"breadcrumb\":{\"@id\":\"https:\\\/\\\/letrame.com\\\/catalogo\\\/producto\\\/amira-y-el-duende\\\/#breadcrumb\"},\"inLanguage\":\"es\",\"potentialAction\":[{\"@type\":\"ReadAction\",\"target\":[\"https:\\\/\\\/letrame.com\\\/catalogo\\\/producto\\\/amira-y-el-duende\\\/\"]}]},{\"@type\":\"ImageObject\",\"inLanguage\":\"es\",\"@id\":\"https:\\\/\\\/letrame.com\\\/catalogo\\\/producto\\\/amira-y-el-duende\\\/#primaryimage\",\"url\":\"https:\\\/\\\/letrame.com\\\/catalogo\\\/wp-content\\\/uploads\\\/2024\\\/05\\\/webp_amirayelduende_1168mm-compressed-scaled-1.jpg\",\"contentUrl\":\"https:\\\/\\\/letrame.com\\\/catalogo\\\/wp-content\\\/uploads\\\/2024\\\/05\\\/webp_amirayelduende_1168mm-compressed-scaled-1.jpg\",\"width\":1746,\"height\":2560},{\"@type\":\"BreadcrumbList\",\"@id\":\"https:\\\/\\\/letrame.com\\\/catalogo\\\/producto\\\/amira-y-el-duende\\\/#breadcrumb\",\"itemListElement\":[{\"@type\":\"ListItem\",\"position\":1,\"name\":\"Portada\",\"item\":\"https:\\\/\\\/letrame.com\\\/catalogo\\\/\"},{\"@type\":\"ListItem\",\"position\":2,\"name\":\"Cat\u00e1logo\",\"item\":\"https:\\\/\\\/letrame.com\\\/catalogo\\\/\"},{\"@type\":\"ListItem\",\"position\":3,\"name\":\"Amira y el duende\"}]},{\"@type\":\"WebSite\",\"@id\":\"https:\\\/\\\/letrame.com\\\/catalogo\\\/#website\",\"url\":\"https:\\\/\\\/letrame.com\\\/catalogo\\\/\",\"name\":\"Catalogo | Letrame Grupo Editorial\",\"description\":\"\",\"publisher\":{\"@id\":\"https:\\\/\\\/letrame.com\\\/catalogo\\\/#organization\"},\"potentialAction\":[{\"@type\":\"SearchAction\",\"target\":{\"@type\":\"EntryPoint\",\"urlTemplate\":\"https:\\\/\\\/letrame.com\\\/catalogo\\\/?s={search_term_string}\"},\"query-input\":{\"@type\":\"PropertyValueSpecification\",\"valueRequired\":true,\"valueName\":\"search_term_string\"}}],\"inLanguage\":\"es\"},{\"@type\":\"Organization\",\"@id\":\"https:\\\/\\\/letrame.com\\\/catalogo\\\/#organization\",\"name\":\"Catalogo | Letrame Grupo Editorial\",\"url\":\"https:\\\/\\\/letrame.com\\\/catalogo\\\/\",\"logo\":{\"@type\":\"ImageObject\",\"inLanguage\":\"es\",\"@id\":\"https:\\\/\\\/letrame.com\\\/catalogo\\\/#\\\/schema\\\/logo\\\/image\\\/\",\"url\":\"https:\\\/\\\/letrame.com\\\/catalogo\\\/wp-content\\\/uploads\\\/2024\\\/03\\\/logo2.webp\",\"contentUrl\":\"https:\\\/\\\/letrame.com\\\/catalogo\\\/wp-content\\\/uploads\\\/2024\\\/03\\\/logo2.webp\",\"width\":394,\"height\":128,\"caption\":\"Catalogo | Letrame Grupo Editorial\"},\"image\":{\"@id\":\"https:\\\/\\\/letrame.com\\\/catalogo\\\/#\\\/schema\\\/logo\\\/image\\\/\"}}]}<\/script>\n<!-- \/ Yoast SEO plugin. -->","yoast_head_json":{"title":"Amira y el duende - Catalogo | Letrame Grupo Editorial","robots":{"index":"index","follow":"follow","max-snippet":"max-snippet:-1","max-image-preview":"max-image-preview:large","max-video-preview":"max-video-preview:-1"},"canonical":"https:\/\/letrame.com\/catalogo\/producto\/amira-y-el-duende\/","og_locale":"es_ES","og_type":"article","og_title":"Amira y el duende - Catalogo | Letrame Grupo Editorial","og_description":"ISBN:\u00a0978-84-1068-094-4  SINOPSIS  Esta es una historia de amor, como muchas, que se desarrolla entre protagonistas de Espa\u00f1a y Am\u00e9rica dentro de un entorno cultural en el que se destaca la m\u00fasica, la poes\u00eda, la tauromaquia y las tradiciones que se comparten a los dos lados del \u00abcharco\u00bb. Pretende rescatar el romanticismo de los amores campesinos adolescentes sin desamparar ni desvincular a los personajes cuando logran realizarse como adultos, as\u00ed como su interacci\u00f3n entre ellos a pesar de su diferente procedencia. La obra pretende establecer una dial\u00e9ctica muy argumentada ente quienes defienden conceptos e ideas diferentes, dejando al lector su sentencia. Se describen en ellas escenarios andaluces y andinos donde suceden episodios de amor, de solidaridad, de nobleza y tambi\u00e9n de sangre que, como la vida misma, llenan de esperanza de mejores d\u00edas o pueden causar dolor por su crueldad. En fin, es una cursi historia de amor, como todas, como cursi es el mismo amor, que es lo \u00fanico que nos permite sobrevivir en un mundo cada vez m\u00e1s complejo, m\u00e1s intolerante, m\u00e1s violento, del cual el mundo hispano, lamentablemente, no est\u00e1 exento.","og_url":"https:\/\/letrame.com\/catalogo\/producto\/amira-y-el-duende\/","og_site_name":"Catalogo | Letrame Grupo Editorial","article_modified_time":"2024-06-04T13:35:58+00:00","og_image":[{"width":1746,"height":2560,"url":"https:\/\/letrame.com\/catalogo\/wp-content\/uploads\/2024\/05\/webp_amirayelduende_1168mm-compressed-scaled-1.jpg","type":"image\/jpeg"}],"twitter_card":"summary_large_image","twitter_misc":{"Tiempo de lectura":"2 minutos"},"schema":{"@context":"https:\/\/schema.org","@graph":[{"@type":"WebPage","@id":"https:\/\/letrame.com\/catalogo\/producto\/amira-y-el-duende\/","url":"https:\/\/letrame.com\/catalogo\/producto\/amira-y-el-duende\/","name":"Amira y el duende - Catalogo | Letrame Grupo Editorial","isPartOf":{"@id":"https:\/\/letrame.com\/catalogo\/#website"},"primaryImageOfPage":{"@id":"https:\/\/letrame.com\/catalogo\/producto\/amira-y-el-duende\/#primaryimage"},"image":{"@id":"https:\/\/letrame.com\/catalogo\/producto\/amira-y-el-duende\/#primaryimage"},"thumbnailUrl":"https:\/\/letrame.com\/catalogo\/wp-content\/uploads\/2024\/05\/webp_amirayelduende_1168mm-compressed-scaled-1.jpg","datePublished":"2024-05-23T08:16:25+00:00","dateModified":"2024-06-04T13:35:58+00:00","breadcrumb":{"@id":"https:\/\/letrame.com\/catalogo\/producto\/amira-y-el-duende\/#breadcrumb"},"inLanguage":"es","potentialAction":[{"@type":"ReadAction","target":["https:\/\/letrame.com\/catalogo\/producto\/amira-y-el-duende\/"]}]},{"@type":"ImageObject","inLanguage":"es","@id":"https:\/\/letrame.com\/catalogo\/producto\/amira-y-el-duende\/#primaryimage","url":"https:\/\/letrame.com\/catalogo\/wp-content\/uploads\/2024\/05\/webp_amirayelduende_1168mm-compressed-scaled-1.jpg","contentUrl":"https:\/\/letrame.com\/catalogo\/wp-content\/uploads\/2024\/05\/webp_amirayelduende_1168mm-compressed-scaled-1.jpg","width":1746,"height":2560},{"@type":"BreadcrumbList","@id":"https:\/\/letrame.com\/catalogo\/producto\/amira-y-el-duende\/#breadcrumb","itemListElement":[{"@type":"ListItem","position":1,"name":"Portada","item":"https:\/\/letrame.com\/catalogo\/"},{"@type":"ListItem","position":2,"name":"Cat\u00e1logo","item":"https:\/\/letrame.com\/catalogo\/"},{"@type":"ListItem","position":3,"name":"Amira y el duende"}]},{"@type":"WebSite","@id":"https:\/\/letrame.com\/catalogo\/#website","url":"https:\/\/letrame.com\/catalogo\/","name":"Catalogo | Letrame Grupo Editorial","description":"","publisher":{"@id":"https:\/\/letrame.com\/catalogo\/#organization"},"potentialAction":[{"@type":"SearchAction","target":{"@type":"EntryPoint","urlTemplate":"https:\/\/letrame.com\/catalogo\/?s={search_term_string}"},"query-input":{"@type":"PropertyValueSpecification","valueRequired":true,"valueName":"search_term_string"}}],"inLanguage":"es"},{"@type":"Organization","@id":"https:\/\/letrame.com\/catalogo\/#organization","name":"Catalogo | Letrame Grupo Editorial","url":"https:\/\/letrame.com\/catalogo\/","logo":{"@type":"ImageObject","inLanguage":"es","@id":"https:\/\/letrame.com\/catalogo\/#\/schema\/logo\/image\/","url":"https:\/\/letrame.com\/catalogo\/wp-content\/uploads\/2024\/03\/logo2.webp","contentUrl":"https:\/\/letrame.com\/catalogo\/wp-content\/uploads\/2024\/03\/logo2.webp","width":394,"height":128,"caption":"Catalogo | Letrame Grupo Editorial"},"image":{"@id":"https:\/\/letrame.com\/catalogo\/#\/schema\/logo\/image\/"}}]}},"_links":{"self":[{"href":"https:\/\/letrame.com\/catalogo\/wp-json\/wp\/v2\/product\/100939","targetHints":{"allow":["GET"]}}],"collection":[{"href":"https:\/\/letrame.com\/catalogo\/wp-json\/wp\/v2\/product"}],"about":[{"href":"https:\/\/letrame.com\/catalogo\/wp-json\/wp\/v2\/types\/product"}],"replies":[{"embeddable":true,"href":"https:\/\/letrame.com\/catalogo\/wp-json\/wp\/v2\/comments?post=100939"}],"acf:post":[{"embeddable":true,"href":"https:\/\/letrame.com\/catalogo\/wp-json\/wp\/v2\/author_book\/100716"}],"wp:featuredmedia":[{"embeddable":true,"href":"https:\/\/letrame.com\/catalogo\/wp-json\/wp\/v2\/media\/100940"}],"wp:attachment":[{"href":"https:\/\/letrame.com\/catalogo\/wp-json\/wp\/v2\/media?parent=100939"}],"wp:term":[{"taxonomy":"libro","embeddable":true,"href":"https:\/\/letrame.com\/catalogo\/wp-json\/wp\/v2\/libro?post=100939"},{"taxonomy":"product_brand","embeddable":true,"href":"https:\/\/letrame.com\/catalogo\/wp-json\/wp\/v2\/product_brand?post=100939"},{"taxonomy":"product_cat","embeddable":true,"href":"https:\/\/letrame.com\/catalogo\/wp-json\/wp\/v2\/product_cat?post=100939"},{"taxonomy":"product_tag","embeddable":true,"href":"https:\/\/letrame.com\/catalogo\/wp-json\/wp\/v2\/product_tag?post=100939"}],"curies":[{"name":"wp","href":"https:\/\/api.w.org\/{rel}","templated":true}]}}