{"id":100938,"date":"2024-05-23T10:16:25","date_gmt":"2024-05-23T08:16:25","guid":{"rendered":"https:\/\/letrame.com\/catalogo\/producto\/si-la-vida-et-posa-obstacles-saltals\/"},"modified":"2024-06-04T15:35:23","modified_gmt":"2024-06-04T13:35:23","slug":"si-la-vida-et-posa-obstacles-saltals","status":"publish","type":"product","link":"https:\/\/letrame.com\/catalogo\/producto\/si-la-vida-et-posa-obstacles-saltals\/","title":{"rendered":"Si la vida et posa obstacles, salta&#8217;ls"},"content":{"rendered":"<p>ISBN:\u00a0978-84-1068-167-5<br \/>\nT\u00edtulo:\u2028SI LA VIDA ET POSA OBSTACLES, SALTA\u2019LS<br \/>\nFecha:\u20282024<br \/>\nP\u00e1ginas:\u00a0216<\/p>\n<p>SINOPSIS<\/p>\n<p>Teniu a les mans la hist\u00f2ria d\u2019una nena que, tal com toca, es converteix en adolescent amb tot el que aix\u00f2 comporta.<br \/>\n\u00c9s una hist\u00f2ria ben especial, m\u2019atreveixo a dir que \u00e9s una hist\u00f2ria amable, fina, amorosa i plena de for\u00e7a.<br \/>\nL\u2019autora t\u00e9 una habilitat especial per descriure all\u00f2 que pot passar desapercebut en el quotidi\u00e0 d\u2019una adolescent i et mostra la rellev\u00e0ncia dels pensaments, dels sentiments, de tot all\u00f2 que envolta una nena i una adolescent. Sempre he defensat que els adolescents cal mirar-los amb bons ulls, ho necessiten per poder-se entendre, i l\u2019autora, d\u2019aix\u00f2, en sap molt.<br \/>\n\u00c9s la hist\u00f2ria d\u2019una dona explicada des de la mirada de tres dones, la Nia, la seva germana i la seva mare, on la Nia descobreix l\u2019amistat, els propis canvis, l\u2019estimaci\u00f3 i el comprom\u00eds, ja sigui a persones o a animals.<br \/>\n\u00c9s una hist\u00f2ria per ser gaudida per adolescents i sobretot per les mares i els pares i els docents.<\/p>\n<p>Montserrat Llinares<br \/>\nMare de tres fills<br \/>\nProfessora de psicologia del desenvolupament i educaci\u00f3<\/p>\n<p>Que dif\u00edcil \u00e9s deixar l\u2019escola on has passat tota la teva infantesa, per entrar a la dimensi\u00f3 desconeguda de l\u2019institut&#8230;<br \/>\nQue dif\u00edcil \u00e9s acceptar la metamorfosi del teu cos, sense el teu consentiment ni la teva opini\u00f3&#8230;<br \/>\nQue dif\u00edcil \u00e9s ser filla i germana, tot i que tamb\u00e9 \u00e9s dif\u00edcil ser pare o mare&#8230;<br \/>\nQue dif\u00edcil es cr\u00e9ixer, aven\u00e7ar, comprometre\u2019s&#8230;<br \/>\nQue dif\u00edcil \u00e9s viure!<br \/>\nPer\u00f2 quina alternativa queda, si no \u00e9s saltar sempre endavant?<br \/>\nEst\u00e0s a punt? Doncs som-hi!<\/p>\n","protected":false},"excerpt":{"rendered":"<p>ISBN:\u00a0978-84-1068-167-5<\/p>\n<p>SINOPSIS<br \/>\nTeniu a les mans la hist\u00f2ria d\u2019una nena que, tal com toca, es converteix en adolescent amb tot el que aix\u00f2 comporta.<br \/>\n\u00c9s una hist\u00f2ria ben especial, m\u2019atreveixo a dir que \u00e9s una hist\u00f2ria amable, fina, amorosa i plena de for\u00e7a.<br \/>\nL\u2019autora t\u00e9 una habilitat especial per descriure all\u00f2 que pot passar desapercebut en el quotidi\u00e0 d\u2019una adolescent i et mostra la rellev\u00e0ncia dels pensaments, dels sentiments, de tot all\u00f2 que envolta una nena i una adolescent. Sempre he defensat que els adolescents cal mirar-los amb bons ulls, ho necessiten per poder-se entendre, i l\u2019autora, d\u2019aix\u00f2, en sap molt.<br \/>\n\u00c9s la hist\u00f2ria d\u2019una dona explicada des de la mirada de tres dones, la Nia, la seva germana i la seva mare, on la Nia descobreix l\u2019amistat, els propis canvis, l\u2019estimaci\u00f3 i el comprom\u00eds, ja sigui a persones o a animals.<br \/>\n\u00c9s una hist\u00f2ria per ser gaudida per adolescents i sobretot per les mares i els pares i els docents.<\/p>\n<p>Montserrat Llinares<br \/>\nMare de tres fills<br \/>\nProfessora de psicologia del desenvolupament i educaci\u00f3<\/p>\n<p>Que dif\u00edcil \u00e9s deixar l\u2019escola on has passat tota la teva infantesa, per entrar a la dimensi\u00f3 desconeguda de l\u2019institut&#8230;<br \/>\nQue dif\u00edcil \u00e9s acceptar la metamorfosi del teu cos, sense el teu consentiment ni la teva opini\u00f3&#8230;<br \/>\nQue dif\u00edcil \u00e9s ser filla i germana, tot i que tamb\u00e9 \u00e9s dif\u00edcil ser pare o mare&#8230;<br \/>\nQue dif\u00edcil es cr\u00e9ixer, aven\u00e7ar, comprometre\u2019s&#8230;<br \/>\nQue dif\u00edcil \u00e9s viure!<br \/>\nPer\u00f2 quina alternativa queda, si no \u00e9s saltar sempre endavant?<br \/>\nEst\u00e0s a punt? Doncs som-hi!<\/p>\n","protected":false},"featured_media":101087,"comment_status":"closed","ping_status":"closed","template":"","meta":{"_acf_changed":false},"libro":[],"product_brand":[],"product_cat":[26],"product_tag":[],"class_list":{"0":"post-100938","1":"product","2":"type-product","3":"status-publish","4":"has-post-thumbnail","6":"product_cat-sin-categoria","8":"first","9":"instock","10":"product-type-simple"},"acf":{"autor":[100714],"enlace_de_compra":""},"yoast_head":"<!-- This site is optimized with the Yoast SEO plugin v27.4 - https:\/\/yoast.com\/product\/yoast-seo-wordpress\/ -->\n<title>Si la vida et posa obstacles, salta&#039;ls - Catalogo | Letrame Grupo Editorial<\/title>\n<meta name=\"robots\" content=\"index, follow, max-snippet:-1, max-image-preview:large, max-video-preview:-1\" \/>\n<link rel=\"canonical\" href=\"https:\/\/letrame.com\/catalogo\/producto\/si-la-vida-et-posa-obstacles-saltals\/\" \/>\n<meta property=\"og:locale\" content=\"es_ES\" \/>\n<meta property=\"og:type\" content=\"article\" \/>\n<meta property=\"og:title\" content=\"Si la vida et posa obstacles, salta&#039;ls - Catalogo | Letrame Grupo Editorial\" \/>\n<meta property=\"og:description\" content=\"ISBN:\u00a0978-84-1068-167-5  SINOPSIS Teniu a les mans la hist\u00f2ria d\u2019una nena que, tal com toca, es converteix en adolescent amb tot el que aix\u00f2 comporta. \u00c9s una hist\u00f2ria ben especial, m\u2019atreveixo a dir que \u00e9s una hist\u00f2ria amable, fina, amorosa i plena de for\u00e7a. L\u2019autora t\u00e9 una habilitat especial per descriure all\u00f2 que pot passar desapercebut en el quotidi\u00e0 d\u2019una adolescent i et mostra la rellev\u00e0ncia dels pensaments, dels sentiments, de tot all\u00f2 que envolta una nena i una adolescent. Sempre he defensat que els adolescents cal mirar-los amb bons ulls, ho necessiten per poder-se entendre, i l\u2019autora, d\u2019aix\u00f2, en sap molt. \u00c9s la hist\u00f2ria d\u2019una dona explicada des de la mirada de tres dones, la Nia, la seva germana i la seva mare, on la Nia descobreix l\u2019amistat, els propis canvis, l\u2019estimaci\u00f3 i el comprom\u00eds, ja sigui a persones o a animals. \u00c9s una hist\u00f2ria per ser gaudida per adolescents i sobretot per les mares i els pares i els docents.  Montserrat Llinares Mare de tres fills Professora de psicologia del desenvolupament i educaci\u00f3  Que dif\u00edcil \u00e9s deixar l\u2019escola on has passat tota la teva infantesa, per entrar a la dimensi\u00f3 desconeguda de l\u2019institut... Que dif\u00edcil \u00e9s acceptar la metamorfosi del teu cos, sense el teu consentiment ni la teva opini\u00f3... Que dif\u00edcil \u00e9s ser filla i germana, tot i que tamb\u00e9 \u00e9s dif\u00edcil ser pare o mare... Que dif\u00edcil es cr\u00e9ixer, aven\u00e7ar, comprometre\u2019s... Que dif\u00edcil \u00e9s viure! Per\u00f2 quina alternativa queda, si no \u00e9s saltar sempre endavant? Est\u00e0s a punt? Doncs som-hi!\" \/>\n<meta property=\"og:url\" content=\"https:\/\/letrame.com\/catalogo\/producto\/si-la-vida-et-posa-obstacles-saltals\/\" \/>\n<meta property=\"og:site_name\" content=\"Catalogo | Letrame Grupo Editorial\" \/>\n<meta property=\"article:modified_time\" content=\"2024-06-04T13:35:23+00:00\" \/>\n<meta property=\"og:image\" content=\"https:\/\/letrame.com\/catalogo\/wp-content\/uploads\/2024\/05\/webp_silavidaetposa_11mm-compressed-1.webp\" \/>\n\t<meta property=\"og:image:width\" content=\"1772\" \/>\n\t<meta property=\"og:image:height\" content=\"2480\" \/>\n\t<meta property=\"og:image:type\" content=\"image\/webp\" \/>\n<meta name=\"twitter:card\" content=\"summary_large_image\" \/>\n<meta name=\"twitter:label1\" content=\"Tiempo de lectura\" \/>\n\t<meta name=\"twitter:data1\" content=\"2 minutos\" \/>\n<script type=\"application\/ld+json\" class=\"yoast-schema-graph\">{\"@context\":\"https:\\\/\\\/schema.org\",\"@graph\":[{\"@type\":\"WebPage\",\"@id\":\"https:\\\/\\\/letrame.com\\\/catalogo\\\/producto\\\/si-la-vida-et-posa-obstacles-saltals\\\/\",\"url\":\"https:\\\/\\\/letrame.com\\\/catalogo\\\/producto\\\/si-la-vida-et-posa-obstacles-saltals\\\/\",\"name\":\"Si la vida et posa obstacles, salta'ls - Catalogo | Letrame Grupo Editorial\",\"isPartOf\":{\"@id\":\"https:\\\/\\\/letrame.com\\\/catalogo\\\/#website\"},\"primaryImageOfPage\":{\"@id\":\"https:\\\/\\\/letrame.com\\\/catalogo\\\/producto\\\/si-la-vida-et-posa-obstacles-saltals\\\/#primaryimage\"},\"image\":{\"@id\":\"https:\\\/\\\/letrame.com\\\/catalogo\\\/producto\\\/si-la-vida-et-posa-obstacles-saltals\\\/#primaryimage\"},\"thumbnailUrl\":\"https:\\\/\\\/letrame.com\\\/catalogo\\\/wp-content\\\/uploads\\\/2024\\\/05\\\/webp_silavidaetposa_11mm-compressed-1.webp\",\"datePublished\":\"2024-05-23T08:16:25+00:00\",\"dateModified\":\"2024-06-04T13:35:23+00:00\",\"breadcrumb\":{\"@id\":\"https:\\\/\\\/letrame.com\\\/catalogo\\\/producto\\\/si-la-vida-et-posa-obstacles-saltals\\\/#breadcrumb\"},\"inLanguage\":\"es\",\"potentialAction\":[{\"@type\":\"ReadAction\",\"target\":[\"https:\\\/\\\/letrame.com\\\/catalogo\\\/producto\\\/si-la-vida-et-posa-obstacles-saltals\\\/\"]}]},{\"@type\":\"ImageObject\",\"inLanguage\":\"es\",\"@id\":\"https:\\\/\\\/letrame.com\\\/catalogo\\\/producto\\\/si-la-vida-et-posa-obstacles-saltals\\\/#primaryimage\",\"url\":\"https:\\\/\\\/letrame.com\\\/catalogo\\\/wp-content\\\/uploads\\\/2024\\\/05\\\/webp_silavidaetposa_11mm-compressed-1.webp\",\"contentUrl\":\"https:\\\/\\\/letrame.com\\\/catalogo\\\/wp-content\\\/uploads\\\/2024\\\/05\\\/webp_silavidaetposa_11mm-compressed-1.webp\",\"width\":1772,\"height\":2480},{\"@type\":\"BreadcrumbList\",\"@id\":\"https:\\\/\\\/letrame.com\\\/catalogo\\\/producto\\\/si-la-vida-et-posa-obstacles-saltals\\\/#breadcrumb\",\"itemListElement\":[{\"@type\":\"ListItem\",\"position\":1,\"name\":\"Portada\",\"item\":\"https:\\\/\\\/letrame.com\\\/catalogo\\\/\"},{\"@type\":\"ListItem\",\"position\":2,\"name\":\"Cat\u00e1logo\",\"item\":\"https:\\\/\\\/letrame.com\\\/catalogo\\\/\"},{\"@type\":\"ListItem\",\"position\":3,\"name\":\"Si la vida et posa obstacles, salta&#8217;ls\"}]},{\"@type\":\"WebSite\",\"@id\":\"https:\\\/\\\/letrame.com\\\/catalogo\\\/#website\",\"url\":\"https:\\\/\\\/letrame.com\\\/catalogo\\\/\",\"name\":\"Catalogo | Letrame Grupo Editorial\",\"description\":\"\",\"publisher\":{\"@id\":\"https:\\\/\\\/letrame.com\\\/catalogo\\\/#organization\"},\"potentialAction\":[{\"@type\":\"SearchAction\",\"target\":{\"@type\":\"EntryPoint\",\"urlTemplate\":\"https:\\\/\\\/letrame.com\\\/catalogo\\\/?s={search_term_string}\"},\"query-input\":{\"@type\":\"PropertyValueSpecification\",\"valueRequired\":true,\"valueName\":\"search_term_string\"}}],\"inLanguage\":\"es\"},{\"@type\":\"Organization\",\"@id\":\"https:\\\/\\\/letrame.com\\\/catalogo\\\/#organization\",\"name\":\"Catalogo | Letrame Grupo Editorial\",\"url\":\"https:\\\/\\\/letrame.com\\\/catalogo\\\/\",\"logo\":{\"@type\":\"ImageObject\",\"inLanguage\":\"es\",\"@id\":\"https:\\\/\\\/letrame.com\\\/catalogo\\\/#\\\/schema\\\/logo\\\/image\\\/\",\"url\":\"https:\\\/\\\/letrame.com\\\/catalogo\\\/wp-content\\\/uploads\\\/2024\\\/03\\\/logo2.webp\",\"contentUrl\":\"https:\\\/\\\/letrame.com\\\/catalogo\\\/wp-content\\\/uploads\\\/2024\\\/03\\\/logo2.webp\",\"width\":394,\"height\":128,\"caption\":\"Catalogo | Letrame Grupo Editorial\"},\"image\":{\"@id\":\"https:\\\/\\\/letrame.com\\\/catalogo\\\/#\\\/schema\\\/logo\\\/image\\\/\"}}]}<\/script>\n<!-- \/ Yoast SEO plugin. -->","yoast_head_json":{"title":"Si la vida et posa obstacles, salta'ls - Catalogo | Letrame Grupo Editorial","robots":{"index":"index","follow":"follow","max-snippet":"max-snippet:-1","max-image-preview":"max-image-preview:large","max-video-preview":"max-video-preview:-1"},"canonical":"https:\/\/letrame.com\/catalogo\/producto\/si-la-vida-et-posa-obstacles-saltals\/","og_locale":"es_ES","og_type":"article","og_title":"Si la vida et posa obstacles, salta'ls - Catalogo | Letrame Grupo Editorial","og_description":"ISBN:\u00a0978-84-1068-167-5  SINOPSIS Teniu a les mans la hist\u00f2ria d\u2019una nena que, tal com toca, es converteix en adolescent amb tot el que aix\u00f2 comporta. \u00c9s una hist\u00f2ria ben especial, m\u2019atreveixo a dir que \u00e9s una hist\u00f2ria amable, fina, amorosa i plena de for\u00e7a. L\u2019autora t\u00e9 una habilitat especial per descriure all\u00f2 que pot passar desapercebut en el quotidi\u00e0 d\u2019una adolescent i et mostra la rellev\u00e0ncia dels pensaments, dels sentiments, de tot all\u00f2 que envolta una nena i una adolescent. Sempre he defensat que els adolescents cal mirar-los amb bons ulls, ho necessiten per poder-se entendre, i l\u2019autora, d\u2019aix\u00f2, en sap molt. \u00c9s la hist\u00f2ria d\u2019una dona explicada des de la mirada de tres dones, la Nia, la seva germana i la seva mare, on la Nia descobreix l\u2019amistat, els propis canvis, l\u2019estimaci\u00f3 i el comprom\u00eds, ja sigui a persones o a animals. \u00c9s una hist\u00f2ria per ser gaudida per adolescents i sobretot per les mares i els pares i els docents.  Montserrat Llinares Mare de tres fills Professora de psicologia del desenvolupament i educaci\u00f3  Que dif\u00edcil \u00e9s deixar l\u2019escola on has passat tota la teva infantesa, per entrar a la dimensi\u00f3 desconeguda de l\u2019institut... Que dif\u00edcil \u00e9s acceptar la metamorfosi del teu cos, sense el teu consentiment ni la teva opini\u00f3... Que dif\u00edcil \u00e9s ser filla i germana, tot i que tamb\u00e9 \u00e9s dif\u00edcil ser pare o mare... Que dif\u00edcil es cr\u00e9ixer, aven\u00e7ar, comprometre\u2019s... Que dif\u00edcil \u00e9s viure! Per\u00f2 quina alternativa queda, si no \u00e9s saltar sempre endavant? Est\u00e0s a punt? Doncs som-hi!","og_url":"https:\/\/letrame.com\/catalogo\/producto\/si-la-vida-et-posa-obstacles-saltals\/","og_site_name":"Catalogo | Letrame Grupo Editorial","article_modified_time":"2024-06-04T13:35:23+00:00","og_image":[{"width":1772,"height":2480,"url":"https:\/\/letrame.com\/catalogo\/wp-content\/uploads\/2024\/05\/webp_silavidaetposa_11mm-compressed-1.webp","type":"image\/webp"}],"twitter_card":"summary_large_image","twitter_misc":{"Tiempo de lectura":"2 minutos"},"schema":{"@context":"https:\/\/schema.org","@graph":[{"@type":"WebPage","@id":"https:\/\/letrame.com\/catalogo\/producto\/si-la-vida-et-posa-obstacles-saltals\/","url":"https:\/\/letrame.com\/catalogo\/producto\/si-la-vida-et-posa-obstacles-saltals\/","name":"Si la vida et posa obstacles, salta'ls - Catalogo | Letrame Grupo Editorial","isPartOf":{"@id":"https:\/\/letrame.com\/catalogo\/#website"},"primaryImageOfPage":{"@id":"https:\/\/letrame.com\/catalogo\/producto\/si-la-vida-et-posa-obstacles-saltals\/#primaryimage"},"image":{"@id":"https:\/\/letrame.com\/catalogo\/producto\/si-la-vida-et-posa-obstacles-saltals\/#primaryimage"},"thumbnailUrl":"https:\/\/letrame.com\/catalogo\/wp-content\/uploads\/2024\/05\/webp_silavidaetposa_11mm-compressed-1.webp","datePublished":"2024-05-23T08:16:25+00:00","dateModified":"2024-06-04T13:35:23+00:00","breadcrumb":{"@id":"https:\/\/letrame.com\/catalogo\/producto\/si-la-vida-et-posa-obstacles-saltals\/#breadcrumb"},"inLanguage":"es","potentialAction":[{"@type":"ReadAction","target":["https:\/\/letrame.com\/catalogo\/producto\/si-la-vida-et-posa-obstacles-saltals\/"]}]},{"@type":"ImageObject","inLanguage":"es","@id":"https:\/\/letrame.com\/catalogo\/producto\/si-la-vida-et-posa-obstacles-saltals\/#primaryimage","url":"https:\/\/letrame.com\/catalogo\/wp-content\/uploads\/2024\/05\/webp_silavidaetposa_11mm-compressed-1.webp","contentUrl":"https:\/\/letrame.com\/catalogo\/wp-content\/uploads\/2024\/05\/webp_silavidaetposa_11mm-compressed-1.webp","width":1772,"height":2480},{"@type":"BreadcrumbList","@id":"https:\/\/letrame.com\/catalogo\/producto\/si-la-vida-et-posa-obstacles-saltals\/#breadcrumb","itemListElement":[{"@type":"ListItem","position":1,"name":"Portada","item":"https:\/\/letrame.com\/catalogo\/"},{"@type":"ListItem","position":2,"name":"Cat\u00e1logo","item":"https:\/\/letrame.com\/catalogo\/"},{"@type":"ListItem","position":3,"name":"Si la vida et posa obstacles, salta&#8217;ls"}]},{"@type":"WebSite","@id":"https:\/\/letrame.com\/catalogo\/#website","url":"https:\/\/letrame.com\/catalogo\/","name":"Catalogo | Letrame Grupo Editorial","description":"","publisher":{"@id":"https:\/\/letrame.com\/catalogo\/#organization"},"potentialAction":[{"@type":"SearchAction","target":{"@type":"EntryPoint","urlTemplate":"https:\/\/letrame.com\/catalogo\/?s={search_term_string}"},"query-input":{"@type":"PropertyValueSpecification","valueRequired":true,"valueName":"search_term_string"}}],"inLanguage":"es"},{"@type":"Organization","@id":"https:\/\/letrame.com\/catalogo\/#organization","name":"Catalogo | Letrame Grupo Editorial","url":"https:\/\/letrame.com\/catalogo\/","logo":{"@type":"ImageObject","inLanguage":"es","@id":"https:\/\/letrame.com\/catalogo\/#\/schema\/logo\/image\/","url":"https:\/\/letrame.com\/catalogo\/wp-content\/uploads\/2024\/03\/logo2.webp","contentUrl":"https:\/\/letrame.com\/catalogo\/wp-content\/uploads\/2024\/03\/logo2.webp","width":394,"height":128,"caption":"Catalogo | Letrame Grupo Editorial"},"image":{"@id":"https:\/\/letrame.com\/catalogo\/#\/schema\/logo\/image\/"}}]}},"_links":{"self":[{"href":"https:\/\/letrame.com\/catalogo\/wp-json\/wp\/v2\/product\/100938","targetHints":{"allow":["GET"]}}],"collection":[{"href":"https:\/\/letrame.com\/catalogo\/wp-json\/wp\/v2\/product"}],"about":[{"href":"https:\/\/letrame.com\/catalogo\/wp-json\/wp\/v2\/types\/product"}],"replies":[{"embeddable":true,"href":"https:\/\/letrame.com\/catalogo\/wp-json\/wp\/v2\/comments?post=100938"}],"acf:post":[{"embeddable":true,"href":"https:\/\/letrame.com\/catalogo\/wp-json\/wp\/v2\/author_book\/100714"}],"wp:featuredmedia":[{"embeddable":true,"href":"https:\/\/letrame.com\/catalogo\/wp-json\/wp\/v2\/media\/101087"}],"wp:attachment":[{"href":"https:\/\/letrame.com\/catalogo\/wp-json\/wp\/v2\/media?parent=100938"}],"wp:term":[{"taxonomy":"libro","embeddable":true,"href":"https:\/\/letrame.com\/catalogo\/wp-json\/wp\/v2\/libro?post=100938"},{"taxonomy":"product_brand","embeddable":true,"href":"https:\/\/letrame.com\/catalogo\/wp-json\/wp\/v2\/product_brand?post=100938"},{"taxonomy":"product_cat","embeddable":true,"href":"https:\/\/letrame.com\/catalogo\/wp-json\/wp\/v2\/product_cat?post=100938"},{"taxonomy":"product_tag","embeddable":true,"href":"https:\/\/letrame.com\/catalogo\/wp-json\/wp\/v2\/product_tag?post=100938"}],"curies":[{"name":"wp","href":"https:\/\/api.w.org\/{rel}","templated":true}]}}