{"id":100932,"date":"2024-05-23T10:14:38","date_gmt":"2024-05-23T08:14:38","guid":{"rendered":"https:\/\/letrame.com\/catalogo\/producto\/para-ti-querida-ansiedad\/"},"modified":"2024-06-04T15:36:35","modified_gmt":"2024-06-04T13:36:35","slug":"para-ti-querida-ansiedad","status":"publish","type":"product","link":"https:\/\/letrame.com\/catalogo\/producto\/para-ti-querida-ansiedad\/","title":{"rendered":"Para ti, querida ansiedad"},"content":{"rendered":"<p>ISBN:\u00a0978-84-1068-114-9<br \/>\nT\u00edtulo:\u2028PARA TI, QUERIDA ANSIEDAD<br \/>\nFecha:\u20282024<br \/>\nP\u00e1ginas:\u00a0130<br \/>\nSINOPSIS<\/p>\n<p>Para ti, querida ansiedad es m\u00e1s que un libro que tienes en tus manos para abrirlo, leerlo y guardarlo; quiero que sepas que este es un libro que te ayudar\u00e1. como a m\u00ed, a transformar tu vida y tus pensamientos de una forma positiva. Deseo que, en los momentos de tristeza, tomes entre tus manos este libro, lo leas y te aferres a \u00e9l, porque todo lo que vas a encontrar no es fantas\u00eda, son versos de una persona real, como t\u00fa lo eres, de una persona que, al igual que t\u00fa, ha sufrido, y su meta m\u00e1s grande ha sido sentirse tranquila y feliz.<br \/>\nEscrib\u00ed todas estas letras en mis momentos de llanto y felicidad, de valent\u00eda y tristeza. Me llevaron a conocerme a m\u00ed misma, a valorarme y quererme, me ayud\u00f3 en mi camino de sanaci\u00f3n y a ver el potencial que cada uno podemos tener si expresamos nuestros sentimientos o lo que nos est\u00e1 ocurriendo, y que por miedo o timidez no hacemos.<br \/>\nQuiero que con estas palabras levantes tu mirada, levantes tu esp\u00edritu, levantes un suspiro enorme al cielo y te des cuenta de que todo est\u00e1 bien; que cuando sientas no poder m\u00e1s, no retengas u oprimas ese sentimiento de angustia, si no gr\u00edtalo, confr\u00f3ntalo, r\u00e9talo y ver\u00e1s que al final nada malo pasar\u00e1, es solo una corriente que subir\u00e1 por todo tu cuerpo, pero en unos minutos terminar\u00e1 y te sentir\u00e1s tan orgullosa por lograrlo, como yo estar\u00e9 de ti por intentarlo.<\/p>\n","protected":false},"excerpt":{"rendered":"<p>ISBN:\u00a0978-84-1068-114-9<\/p>\n<p>SINOPSIS<\/p>\n<p>Para ti, querida ansiedad es m\u00e1s que un libro que tienes en tus manos para abrirlo, leerlo y guardarlo; quiero que sepas que este es un libro que te ayudar\u00e1. como a m\u00ed, a transformar tu vida y tus pensamientos de una forma positiva. Deseo que, en los momentos de tristeza, tomes entre tus manos este libro, lo leas y te aferres a \u00e9l, porque todo lo que vas a encontrar no es fantas\u00eda, son versos de una persona real, como t\u00fa lo eres, de una persona que, al igual que t\u00fa, ha sufrido, y su meta m\u00e1s grande ha sido sentirse tranquila y feliz.<br \/>\nEscrib\u00ed todas estas letras en mis momentos de llanto y felicidad, de valent\u00eda y tristeza. Me llevaron a conocerme a m\u00ed misma, a valorarme y quererme, me ayud\u00f3 en mi camino de sanaci\u00f3n y a ver el potencial que cada uno podemos tener si expresamos nuestros sentimientos o lo que nos est\u00e1 ocurriendo, y que por miedo o timidez no hacemos.<br \/>\nQuiero que con estas palabras levantes tu mirada, levantes tu esp\u00edritu, levantes un suspiro enorme al cielo y te des cuenta de que todo est\u00e1 bien; que cuando sientas no poder m\u00e1s, no retengas u oprimas ese sentimiento de angustia, si no gr\u00edtalo, confr\u00f3ntalo, r\u00e9talo y ver\u00e1s que al final nada malo pasar\u00e1, es solo una corriente que subir\u00e1 por todo tu cuerpo, pero en unos minutos terminar\u00e1 y te sentir\u00e1s tan orgullosa por lograrlo, como yo estar\u00e9 de ti por intentarlo.<\/p>\n","protected":false},"featured_media":100933,"comment_status":"closed","ping_status":"closed","template":"","meta":{"_acf_changed":false},"libro":[],"product_brand":[],"product_cat":[20],"product_tag":[],"class_list":{"0":"post-100932","1":"product","2":"type-product","3":"status-publish","4":"has-post-thumbnail","6":"product_cat-poesia","8":"first","9":"instock","10":"product-type-simple"},"acf":{"autor":[100708],"enlace_de_compra":"https:\/\/www.casadellibro.com\/libro-para-ti-querida-ansiedad\/9788410681149\/16032933"},"yoast_head":"<!-- This site is optimized with the Yoast SEO plugin v27.4 - https:\/\/yoast.com\/product\/yoast-seo-wordpress\/ -->\n<title>Para ti, querida ansiedad - Catalogo | Letrame Grupo Editorial<\/title>\n<meta name=\"robots\" content=\"index, follow, max-snippet:-1, max-image-preview:large, max-video-preview:-1\" \/>\n<link rel=\"canonical\" href=\"https:\/\/letrame.com\/catalogo\/producto\/para-ti-querida-ansiedad\/\" \/>\n<meta property=\"og:locale\" content=\"es_ES\" \/>\n<meta property=\"og:type\" content=\"article\" \/>\n<meta property=\"og:title\" content=\"Para ti, querida ansiedad - Catalogo | Letrame Grupo Editorial\" \/>\n<meta property=\"og:description\" content=\"ISBN:\u00a0978-84-1068-114-9  SINOPSIS  Para ti, querida ansiedad es m\u00e1s que un libro que tienes en tus manos para abrirlo, leerlo y guardarlo; quiero que sepas que este es un libro que te ayudar\u00e1. como a m\u00ed, a transformar tu vida y tus pensamientos de una forma positiva. Deseo que, en los momentos de tristeza, tomes entre tus manos este libro, lo leas y te aferres a \u00e9l, porque todo lo que vas a encontrar no es fantas\u00eda, son versos de una persona real, como t\u00fa lo eres, de una persona que, al igual que t\u00fa, ha sufrido, y su meta m\u00e1s grande ha sido sentirse tranquila y feliz. Escrib\u00ed todas estas letras en mis momentos de llanto y felicidad, de valent\u00eda y tristeza. Me llevaron a conocerme a m\u00ed misma, a valorarme y quererme, me ayud\u00f3 en mi camino de sanaci\u00f3n y a ver el potencial que cada uno podemos tener si expresamos nuestros sentimientos o lo que nos est\u00e1 ocurriendo, y que por miedo o timidez no hacemos. Quiero que con estas palabras levantes tu mirada, levantes tu esp\u00edritu, levantes un suspiro enorme al cielo y te des cuenta de que todo est\u00e1 bien; que cuando sientas no poder m\u00e1s, no retengas u oprimas ese sentimiento de angustia, si no gr\u00edtalo, confr\u00f3ntalo, r\u00e9talo y ver\u00e1s que al final nada malo pasar\u00e1, es solo una corriente que subir\u00e1 por todo tu cuerpo, pero en unos minutos terminar\u00e1 y te sentir\u00e1s tan orgullosa por lograrlo, como yo estar\u00e9 de ti por intentarlo.\" \/>\n<meta property=\"og:url\" content=\"https:\/\/letrame.com\/catalogo\/producto\/para-ti-querida-ansiedad\/\" \/>\n<meta property=\"og:site_name\" content=\"Catalogo | Letrame Grupo Editorial\" \/>\n<meta property=\"article:modified_time\" content=\"2024-06-04T13:36:35+00:00\" \/>\n<meta property=\"og:image\" content=\"https:\/\/letrame.com\/catalogo\/wp-content\/uploads\/2024\/05\/webp_paratiquerida_71mm-compressed.jpg\" \/>\n\t<meta property=\"og:image:width\" content=\"1594\" \/>\n\t<meta property=\"og:image:height\" content=\"2303\" \/>\n\t<meta property=\"og:image:type\" content=\"image\/jpeg\" \/>\n<meta name=\"twitter:card\" content=\"summary_large_image\" \/>\n<meta name=\"twitter:label1\" content=\"Tiempo de lectura\" \/>\n\t<meta name=\"twitter:data1\" content=\"2 minutos\" \/>\n<script type=\"application\/ld+json\" class=\"yoast-schema-graph\">{\"@context\":\"https:\\\/\\\/schema.org\",\"@graph\":[{\"@type\":\"WebPage\",\"@id\":\"https:\\\/\\\/letrame.com\\\/catalogo\\\/producto\\\/para-ti-querida-ansiedad\\\/\",\"url\":\"https:\\\/\\\/letrame.com\\\/catalogo\\\/producto\\\/para-ti-querida-ansiedad\\\/\",\"name\":\"Para ti, querida ansiedad - Catalogo | Letrame Grupo Editorial\",\"isPartOf\":{\"@id\":\"https:\\\/\\\/letrame.com\\\/catalogo\\\/#website\"},\"primaryImageOfPage\":{\"@id\":\"https:\\\/\\\/letrame.com\\\/catalogo\\\/producto\\\/para-ti-querida-ansiedad\\\/#primaryimage\"},\"image\":{\"@id\":\"https:\\\/\\\/letrame.com\\\/catalogo\\\/producto\\\/para-ti-querida-ansiedad\\\/#primaryimage\"},\"thumbnailUrl\":\"https:\\\/\\\/letrame.com\\\/catalogo\\\/wp-content\\\/uploads\\\/2024\\\/05\\\/webp_paratiquerida_71mm-compressed.jpg\",\"datePublished\":\"2024-05-23T08:14:38+00:00\",\"dateModified\":\"2024-06-04T13:36:35+00:00\",\"breadcrumb\":{\"@id\":\"https:\\\/\\\/letrame.com\\\/catalogo\\\/producto\\\/para-ti-querida-ansiedad\\\/#breadcrumb\"},\"inLanguage\":\"es\",\"potentialAction\":[{\"@type\":\"ReadAction\",\"target\":[\"https:\\\/\\\/letrame.com\\\/catalogo\\\/producto\\\/para-ti-querida-ansiedad\\\/\"]}]},{\"@type\":\"ImageObject\",\"inLanguage\":\"es\",\"@id\":\"https:\\\/\\\/letrame.com\\\/catalogo\\\/producto\\\/para-ti-querida-ansiedad\\\/#primaryimage\",\"url\":\"https:\\\/\\\/letrame.com\\\/catalogo\\\/wp-content\\\/uploads\\\/2024\\\/05\\\/webp_paratiquerida_71mm-compressed.jpg\",\"contentUrl\":\"https:\\\/\\\/letrame.com\\\/catalogo\\\/wp-content\\\/uploads\\\/2024\\\/05\\\/webp_paratiquerida_71mm-compressed.jpg\",\"width\":1594,\"height\":2303},{\"@type\":\"BreadcrumbList\",\"@id\":\"https:\\\/\\\/letrame.com\\\/catalogo\\\/producto\\\/para-ti-querida-ansiedad\\\/#breadcrumb\",\"itemListElement\":[{\"@type\":\"ListItem\",\"position\":1,\"name\":\"Portada\",\"item\":\"https:\\\/\\\/letrame.com\\\/catalogo\\\/\"},{\"@type\":\"ListItem\",\"position\":2,\"name\":\"Cat\u00e1logo\",\"item\":\"https:\\\/\\\/letrame.com\\\/catalogo\\\/\"},{\"@type\":\"ListItem\",\"position\":3,\"name\":\"Para ti, querida ansiedad\"}]},{\"@type\":\"WebSite\",\"@id\":\"https:\\\/\\\/letrame.com\\\/catalogo\\\/#website\",\"url\":\"https:\\\/\\\/letrame.com\\\/catalogo\\\/\",\"name\":\"Catalogo | Letrame Grupo Editorial\",\"description\":\"\",\"publisher\":{\"@id\":\"https:\\\/\\\/letrame.com\\\/catalogo\\\/#organization\"},\"potentialAction\":[{\"@type\":\"SearchAction\",\"target\":{\"@type\":\"EntryPoint\",\"urlTemplate\":\"https:\\\/\\\/letrame.com\\\/catalogo\\\/?s={search_term_string}\"},\"query-input\":{\"@type\":\"PropertyValueSpecification\",\"valueRequired\":true,\"valueName\":\"search_term_string\"}}],\"inLanguage\":\"es\"},{\"@type\":\"Organization\",\"@id\":\"https:\\\/\\\/letrame.com\\\/catalogo\\\/#organization\",\"name\":\"Catalogo | Letrame Grupo Editorial\",\"url\":\"https:\\\/\\\/letrame.com\\\/catalogo\\\/\",\"logo\":{\"@type\":\"ImageObject\",\"inLanguage\":\"es\",\"@id\":\"https:\\\/\\\/letrame.com\\\/catalogo\\\/#\\\/schema\\\/logo\\\/image\\\/\",\"url\":\"https:\\\/\\\/letrame.com\\\/catalogo\\\/wp-content\\\/uploads\\\/2024\\\/03\\\/logo2.webp\",\"contentUrl\":\"https:\\\/\\\/letrame.com\\\/catalogo\\\/wp-content\\\/uploads\\\/2024\\\/03\\\/logo2.webp\",\"width\":394,\"height\":128,\"caption\":\"Catalogo | Letrame Grupo Editorial\"},\"image\":{\"@id\":\"https:\\\/\\\/letrame.com\\\/catalogo\\\/#\\\/schema\\\/logo\\\/image\\\/\"}}]}<\/script>\n<!-- \/ Yoast SEO plugin. -->","yoast_head_json":{"title":"Para ti, querida ansiedad - Catalogo | Letrame Grupo Editorial","robots":{"index":"index","follow":"follow","max-snippet":"max-snippet:-1","max-image-preview":"max-image-preview:large","max-video-preview":"max-video-preview:-1"},"canonical":"https:\/\/letrame.com\/catalogo\/producto\/para-ti-querida-ansiedad\/","og_locale":"es_ES","og_type":"article","og_title":"Para ti, querida ansiedad - Catalogo | Letrame Grupo Editorial","og_description":"ISBN:\u00a0978-84-1068-114-9  SINOPSIS  Para ti, querida ansiedad es m\u00e1s que un libro que tienes en tus manos para abrirlo, leerlo y guardarlo; quiero que sepas que este es un libro que te ayudar\u00e1. como a m\u00ed, a transformar tu vida y tus pensamientos de una forma positiva. Deseo que, en los momentos de tristeza, tomes entre tus manos este libro, lo leas y te aferres a \u00e9l, porque todo lo que vas a encontrar no es fantas\u00eda, son versos de una persona real, como t\u00fa lo eres, de una persona que, al igual que t\u00fa, ha sufrido, y su meta m\u00e1s grande ha sido sentirse tranquila y feliz. Escrib\u00ed todas estas letras en mis momentos de llanto y felicidad, de valent\u00eda y tristeza. Me llevaron a conocerme a m\u00ed misma, a valorarme y quererme, me ayud\u00f3 en mi camino de sanaci\u00f3n y a ver el potencial que cada uno podemos tener si expresamos nuestros sentimientos o lo que nos est\u00e1 ocurriendo, y que por miedo o timidez no hacemos. Quiero que con estas palabras levantes tu mirada, levantes tu esp\u00edritu, levantes un suspiro enorme al cielo y te des cuenta de que todo est\u00e1 bien; que cuando sientas no poder m\u00e1s, no retengas u oprimas ese sentimiento de angustia, si no gr\u00edtalo, confr\u00f3ntalo, r\u00e9talo y ver\u00e1s que al final nada malo pasar\u00e1, es solo una corriente que subir\u00e1 por todo tu cuerpo, pero en unos minutos terminar\u00e1 y te sentir\u00e1s tan orgullosa por lograrlo, como yo estar\u00e9 de ti por intentarlo.","og_url":"https:\/\/letrame.com\/catalogo\/producto\/para-ti-querida-ansiedad\/","og_site_name":"Catalogo | Letrame Grupo Editorial","article_modified_time":"2024-06-04T13:36:35+00:00","og_image":[{"width":1594,"height":2303,"url":"https:\/\/letrame.com\/catalogo\/wp-content\/uploads\/2024\/05\/webp_paratiquerida_71mm-compressed.jpg","type":"image\/jpeg"}],"twitter_card":"summary_large_image","twitter_misc":{"Tiempo de lectura":"2 minutos"},"schema":{"@context":"https:\/\/schema.org","@graph":[{"@type":"WebPage","@id":"https:\/\/letrame.com\/catalogo\/producto\/para-ti-querida-ansiedad\/","url":"https:\/\/letrame.com\/catalogo\/producto\/para-ti-querida-ansiedad\/","name":"Para ti, querida ansiedad - Catalogo | Letrame Grupo Editorial","isPartOf":{"@id":"https:\/\/letrame.com\/catalogo\/#website"},"primaryImageOfPage":{"@id":"https:\/\/letrame.com\/catalogo\/producto\/para-ti-querida-ansiedad\/#primaryimage"},"image":{"@id":"https:\/\/letrame.com\/catalogo\/producto\/para-ti-querida-ansiedad\/#primaryimage"},"thumbnailUrl":"https:\/\/letrame.com\/catalogo\/wp-content\/uploads\/2024\/05\/webp_paratiquerida_71mm-compressed.jpg","datePublished":"2024-05-23T08:14:38+00:00","dateModified":"2024-06-04T13:36:35+00:00","breadcrumb":{"@id":"https:\/\/letrame.com\/catalogo\/producto\/para-ti-querida-ansiedad\/#breadcrumb"},"inLanguage":"es","potentialAction":[{"@type":"ReadAction","target":["https:\/\/letrame.com\/catalogo\/producto\/para-ti-querida-ansiedad\/"]}]},{"@type":"ImageObject","inLanguage":"es","@id":"https:\/\/letrame.com\/catalogo\/producto\/para-ti-querida-ansiedad\/#primaryimage","url":"https:\/\/letrame.com\/catalogo\/wp-content\/uploads\/2024\/05\/webp_paratiquerida_71mm-compressed.jpg","contentUrl":"https:\/\/letrame.com\/catalogo\/wp-content\/uploads\/2024\/05\/webp_paratiquerida_71mm-compressed.jpg","width":1594,"height":2303},{"@type":"BreadcrumbList","@id":"https:\/\/letrame.com\/catalogo\/producto\/para-ti-querida-ansiedad\/#breadcrumb","itemListElement":[{"@type":"ListItem","position":1,"name":"Portada","item":"https:\/\/letrame.com\/catalogo\/"},{"@type":"ListItem","position":2,"name":"Cat\u00e1logo","item":"https:\/\/letrame.com\/catalogo\/"},{"@type":"ListItem","position":3,"name":"Para ti, querida ansiedad"}]},{"@type":"WebSite","@id":"https:\/\/letrame.com\/catalogo\/#website","url":"https:\/\/letrame.com\/catalogo\/","name":"Catalogo | Letrame Grupo Editorial","description":"","publisher":{"@id":"https:\/\/letrame.com\/catalogo\/#organization"},"potentialAction":[{"@type":"SearchAction","target":{"@type":"EntryPoint","urlTemplate":"https:\/\/letrame.com\/catalogo\/?s={search_term_string}"},"query-input":{"@type":"PropertyValueSpecification","valueRequired":true,"valueName":"search_term_string"}}],"inLanguage":"es"},{"@type":"Organization","@id":"https:\/\/letrame.com\/catalogo\/#organization","name":"Catalogo | Letrame Grupo Editorial","url":"https:\/\/letrame.com\/catalogo\/","logo":{"@type":"ImageObject","inLanguage":"es","@id":"https:\/\/letrame.com\/catalogo\/#\/schema\/logo\/image\/","url":"https:\/\/letrame.com\/catalogo\/wp-content\/uploads\/2024\/03\/logo2.webp","contentUrl":"https:\/\/letrame.com\/catalogo\/wp-content\/uploads\/2024\/03\/logo2.webp","width":394,"height":128,"caption":"Catalogo | Letrame Grupo Editorial"},"image":{"@id":"https:\/\/letrame.com\/catalogo\/#\/schema\/logo\/image\/"}}]}},"_links":{"self":[{"href":"https:\/\/letrame.com\/catalogo\/wp-json\/wp\/v2\/product\/100932","targetHints":{"allow":["GET"]}}],"collection":[{"href":"https:\/\/letrame.com\/catalogo\/wp-json\/wp\/v2\/product"}],"about":[{"href":"https:\/\/letrame.com\/catalogo\/wp-json\/wp\/v2\/types\/product"}],"replies":[{"embeddable":true,"href":"https:\/\/letrame.com\/catalogo\/wp-json\/wp\/v2\/comments?post=100932"}],"acf:post":[{"embeddable":true,"href":"https:\/\/letrame.com\/catalogo\/wp-json\/wp\/v2\/author_book\/100708"}],"wp:featuredmedia":[{"embeddable":true,"href":"https:\/\/letrame.com\/catalogo\/wp-json\/wp\/v2\/media\/100933"}],"wp:attachment":[{"href":"https:\/\/letrame.com\/catalogo\/wp-json\/wp\/v2\/media?parent=100932"}],"wp:term":[{"taxonomy":"libro","embeddable":true,"href":"https:\/\/letrame.com\/catalogo\/wp-json\/wp\/v2\/libro?post=100932"},{"taxonomy":"product_brand","embeddable":true,"href":"https:\/\/letrame.com\/catalogo\/wp-json\/wp\/v2\/product_brand?post=100932"},{"taxonomy":"product_cat","embeddable":true,"href":"https:\/\/letrame.com\/catalogo\/wp-json\/wp\/v2\/product_cat?post=100932"},{"taxonomy":"product_tag","embeddable":true,"href":"https:\/\/letrame.com\/catalogo\/wp-json\/wp\/v2\/product_tag?post=100932"}],"curies":[{"name":"wp","href":"https:\/\/api.w.org\/{rel}","templated":true}]}}