{"id":100930,"date":"2024-05-23T10:14:38","date_gmt":"2024-05-23T08:14:38","guid":{"rendered":"https:\/\/letrame.com\/catalogo\/producto\/14-anos-de-lujuria\/"},"modified":"2024-05-23T11:16:50","modified_gmt":"2024-05-23T09:16:50","slug":"14-anos-de-lujuria","status":"publish","type":"product","link":"https:\/\/letrame.com\/catalogo\/producto\/14-anos-de-lujuria\/","title":{"rendered":"14 A\u00d1OS DE LUJURIA"},"content":{"rendered":"<p>ISBN:\u00a0978-84-1181-947-3<br \/>\nT\u00edtulo:\u202814 A\u00d1OS DE LUJURIA<br \/>\nFecha:\u20282024<br \/>\nP\u00e1ginas:\u00a0202<br \/>\nSINOPSIS<br \/>\nNo hay nada m\u00e1s importante en la vida que el amor. Aunque el amor se pueda manifestar de distintas maneras, todos sabemos, en el fondo, cu\u00e1l es el amor m\u00e1s importante: el que cr\u00edas junto con otra persona. Sin embargo, no es tan sencillo como conocer a cualquier persona por la calle y proponerle formar una familia: hay que buscar y buscar. En esa b\u00fasqueda perpetua est\u00e1 escrita nuestra historia, y la de Johan Erazo Necta no es distinta.<br \/>\nEn 14 a\u00f1os de lujuria vamos a conocer el camino que ha recorrido el autor por el amor. En esta ocasi\u00f3n, hemos de precisar que este amor es uno carnal, er\u00f3tico y festivo, musical, juguet\u00f3n, divertido, cari\u00f1oso y lleno de an\u00e9cdotas que no se podr\u00e1n olvidar. Muchos creen que este amor terrenal es el que no vale; no, al menos, al lado del amor plat\u00f3nico, esa adoraci\u00f3n casi divina que nos han ense\u00f1ado como el grado m\u00e1ximo de este arte. Nada m\u00e1s lejos de la realidad: para alcanzar el cielo, hay que pisar la tierra. Tocarla, rozarla, saborearla y trabajarla. Hay que caminar para correr y, luego, volar.<br \/>\nCon un estilo desenfadado y una pluma certera a la hora de retratar cada encuentro amatorio, Johan hace que sus palabras se deslicen por el papel para presentarnos una parte importante de su vida. Gracias a su facilidad de palabra (cualquiera dir\u00eda que est\u00e1n bien lubricadas con tinta), su relato vital se nos queda corto, con ganas de saber m\u00e1s sobre sus andanzas, pues son como una fuga moment\u00e1nea hacia la felicidad; te acordar\u00e1s, lector o lectora, de tus propias experiencias y, quiz\u00e1, lances un suspiro, ya sea de melancol\u00eda o de envidia.<br \/>\nUna cosa est\u00e1 clara: el amor nunca deja indiferente a nadie y este libro no es diferente. Larga vida al amor, \u00a1larga vida!<\/p>\n","protected":false},"excerpt":{"rendered":"<p>ISBN:\u00a0978-84-1181-947-3<\/p>\n<p>SINOPSIS<br \/>\nNo hay nada m\u00e1s importante en la vida que el amor. Aunque el amor se pueda manifestar de distintas maneras, todos sabemos, en el fondo, cu\u00e1l es el amor m\u00e1s importante: el que cr\u00edas junto con otra persona. Sin embargo, no es tan sencillo como conocer a cualquier persona por la calle y proponerle formar una familia: hay que buscar y buscar. En esa b\u00fasqueda perpetua est\u00e1 escrita nuestra historia, y la de Johan Erazo Necta no es distinta.<br \/>\nEn 14 a\u00f1os de lujuria vamos a conocer el camino que ha recorrido el autor por el amor. En esta ocasi\u00f3n, hemos de precisar que este amor es uno carnal, er\u00f3tico y festivo, musical, juguet\u00f3n, divertido, cari\u00f1oso y lleno de an\u00e9cdotas que no se podr\u00e1n olvidar. Muchos creen que este amor terrenal es el que no vale; no, al menos, al lado del amor plat\u00f3nico, esa adoraci\u00f3n casi divina que nos han ense\u00f1ado como el grado m\u00e1ximo de este arte. Nada m\u00e1s lejos de la realidad: para alcanzar el cielo, hay que pisar la tierra. Tocarla, rozarla, saborearla y trabajarla. Hay que caminar para correr y, luego, volar.<br \/>\nCon un estilo desenfadado y una pluma certera a la hora de retratar cada encuentro amatorio, Johan hace que sus palabras se deslicen por el papel para presentarnos una parte importante de su vida. Gracias a su facilidad de palabra (cualquiera dir\u00eda que est\u00e1n bien lubricadas con tinta), su relato vital se nos queda corto, con ganas de saber m\u00e1s sobre sus andanzas, pues son como una fuga moment\u00e1nea hacia la felicidad; te acordar\u00e1s, lector o lectora, de tus propias experiencias y, quiz\u00e1, lances un suspiro, ya sea de melancol\u00eda o de envidia.<br \/>\nUna cosa est\u00e1 clara: el amor nunca deja indiferente a nadie y este libro no es diferente. Larga vida al amor, \u00a1larga vida!<\/p>\n","protected":false},"featured_media":100931,"comment_status":"closed","ping_status":"closed","template":"","meta":{"_acf_changed":false},"libro":[],"product_brand":[],"product_cat":[50],"product_tag":[],"class_list":{"0":"post-100930","1":"product","2":"type-product","3":"status-publish","4":"has-post-thumbnail","6":"product_cat-novela-romantica","8":"first","9":"instock","10":"product-type-simple"},"acf":{"autor":[100706],"enlace_de_compra":"https:\/\/www.casadellibro.com\/libro-14-anos-de-lujuria\/9788411819473\/16032934"},"yoast_head":"<!-- This site is optimized with the Yoast SEO plugin v27.4 - https:\/\/yoast.com\/product\/yoast-seo-wordpress\/ -->\n<title>14 A\u00d1OS DE LUJURIA - Catalogo | Letrame Grupo Editorial<\/title>\n<meta name=\"robots\" content=\"index, follow, max-snippet:-1, max-image-preview:large, max-video-preview:-1\" \/>\n<link rel=\"canonical\" href=\"https:\/\/letrame.com\/catalogo\/producto\/14-anos-de-lujuria\/\" \/>\n<meta property=\"og:locale\" content=\"es_ES\" \/>\n<meta property=\"og:type\" content=\"article\" \/>\n<meta property=\"og:title\" content=\"14 A\u00d1OS DE LUJURIA - Catalogo | Letrame Grupo Editorial\" \/>\n<meta property=\"og:description\" content=\"ISBN:\u00a0978-84-1181-947-3  SINOPSIS No hay nada m\u00e1s importante en la vida que el amor. Aunque el amor se pueda manifestar de distintas maneras, todos sabemos, en el fondo, cu\u00e1l es el amor m\u00e1s importante: el que cr\u00edas junto con otra persona. Sin embargo, no es tan sencillo como conocer a cualquier persona por la calle y proponerle formar una familia: hay que buscar y buscar. En esa b\u00fasqueda perpetua est\u00e1 escrita nuestra historia, y la de Johan Erazo Necta no es distinta. En 14 a\u00f1os de lujuria vamos a conocer el camino que ha recorrido el autor por el amor. En esta ocasi\u00f3n, hemos de precisar que este amor es uno carnal, er\u00f3tico y festivo, musical, juguet\u00f3n, divertido, cari\u00f1oso y lleno de an\u00e9cdotas que no se podr\u00e1n olvidar. Muchos creen que este amor terrenal es el que no vale; no, al menos, al lado del amor plat\u00f3nico, esa adoraci\u00f3n casi divina que nos han ense\u00f1ado como el grado m\u00e1ximo de este arte. Nada m\u00e1s lejos de la realidad: para alcanzar el cielo, hay que pisar la tierra. Tocarla, rozarla, saborearla y trabajarla. Hay que caminar para correr y, luego, volar. Con un estilo desenfadado y una pluma certera a la hora de retratar cada encuentro amatorio, Johan hace que sus palabras se deslicen por el papel para presentarnos una parte importante de su vida. Gracias a su facilidad de palabra (cualquiera dir\u00eda que est\u00e1n bien lubricadas con tinta), su relato vital se nos queda corto, con ganas de saber m\u00e1s sobre sus andanzas, pues son como una fuga moment\u00e1nea hacia la felicidad; te acordar\u00e1s, lector o lectora, de tus propias experiencias y, quiz\u00e1, lances un suspiro, ya sea de melancol\u00eda o de envidia. Una cosa est\u00e1 clara: el amor nunca deja indiferente a nadie y este libro no es diferente. Larga vida al amor, \u00a1larga vida!\" \/>\n<meta property=\"og:url\" content=\"https:\/\/letrame.com\/catalogo\/producto\/14-anos-de-lujuria\/\" \/>\n<meta property=\"og:site_name\" content=\"Catalogo | Letrame Grupo Editorial\" \/>\n<meta property=\"article:modified_time\" content=\"2024-05-23T09:16:50+00:00\" \/>\n<meta property=\"og:image\" content=\"https:\/\/letrame.com\/catalogo\/wp-content\/uploads\/2024\/05\/webp_14anosdelujuria_1039mm-compressed-scaled-1.jpg\" \/>\n\t<meta property=\"og:image:width\" content=\"1746\" \/>\n\t<meta property=\"og:image:height\" content=\"2560\" \/>\n\t<meta property=\"og:image:type\" content=\"image\/jpeg\" \/>\n<meta name=\"twitter:card\" content=\"summary_large_image\" \/>\n<meta name=\"twitter:label1\" content=\"Tiempo de lectura\" \/>\n\t<meta name=\"twitter:data1\" content=\"2 minutos\" \/>\n<script type=\"application\/ld+json\" class=\"yoast-schema-graph\">{\"@context\":\"https:\\\/\\\/schema.org\",\"@graph\":[{\"@type\":\"WebPage\",\"@id\":\"https:\\\/\\\/letrame.com\\\/catalogo\\\/producto\\\/14-anos-de-lujuria\\\/\",\"url\":\"https:\\\/\\\/letrame.com\\\/catalogo\\\/producto\\\/14-anos-de-lujuria\\\/\",\"name\":\"14 A\u00d1OS DE LUJURIA - Catalogo | Letrame Grupo Editorial\",\"isPartOf\":{\"@id\":\"https:\\\/\\\/letrame.com\\\/catalogo\\\/#website\"},\"primaryImageOfPage\":{\"@id\":\"https:\\\/\\\/letrame.com\\\/catalogo\\\/producto\\\/14-anos-de-lujuria\\\/#primaryimage\"},\"image\":{\"@id\":\"https:\\\/\\\/letrame.com\\\/catalogo\\\/producto\\\/14-anos-de-lujuria\\\/#primaryimage\"},\"thumbnailUrl\":\"https:\\\/\\\/letrame.com\\\/catalogo\\\/wp-content\\\/uploads\\\/2024\\\/05\\\/webp_14anosdelujuria_1039mm-compressed-scaled-1.jpg\",\"datePublished\":\"2024-05-23T08:14:38+00:00\",\"dateModified\":\"2024-05-23T09:16:50+00:00\",\"breadcrumb\":{\"@id\":\"https:\\\/\\\/letrame.com\\\/catalogo\\\/producto\\\/14-anos-de-lujuria\\\/#breadcrumb\"},\"inLanguage\":\"es\",\"potentialAction\":[{\"@type\":\"ReadAction\",\"target\":[\"https:\\\/\\\/letrame.com\\\/catalogo\\\/producto\\\/14-anos-de-lujuria\\\/\"]}]},{\"@type\":\"ImageObject\",\"inLanguage\":\"es\",\"@id\":\"https:\\\/\\\/letrame.com\\\/catalogo\\\/producto\\\/14-anos-de-lujuria\\\/#primaryimage\",\"url\":\"https:\\\/\\\/letrame.com\\\/catalogo\\\/wp-content\\\/uploads\\\/2024\\\/05\\\/webp_14anosdelujuria_1039mm-compressed-scaled-1.jpg\",\"contentUrl\":\"https:\\\/\\\/letrame.com\\\/catalogo\\\/wp-content\\\/uploads\\\/2024\\\/05\\\/webp_14anosdelujuria_1039mm-compressed-scaled-1.jpg\",\"width\":1746,\"height\":2560},{\"@type\":\"BreadcrumbList\",\"@id\":\"https:\\\/\\\/letrame.com\\\/catalogo\\\/producto\\\/14-anos-de-lujuria\\\/#breadcrumb\",\"itemListElement\":[{\"@type\":\"ListItem\",\"position\":1,\"name\":\"Portada\",\"item\":\"https:\\\/\\\/letrame.com\\\/catalogo\\\/\"},{\"@type\":\"ListItem\",\"position\":2,\"name\":\"Cat\u00e1logo\",\"item\":\"https:\\\/\\\/letrame.com\\\/catalogo\\\/\"},{\"@type\":\"ListItem\",\"position\":3,\"name\":\"14 A\u00d1OS DE LUJURIA\"}]},{\"@type\":\"WebSite\",\"@id\":\"https:\\\/\\\/letrame.com\\\/catalogo\\\/#website\",\"url\":\"https:\\\/\\\/letrame.com\\\/catalogo\\\/\",\"name\":\"Catalogo | Letrame Grupo Editorial\",\"description\":\"\",\"publisher\":{\"@id\":\"https:\\\/\\\/letrame.com\\\/catalogo\\\/#organization\"},\"potentialAction\":[{\"@type\":\"SearchAction\",\"target\":{\"@type\":\"EntryPoint\",\"urlTemplate\":\"https:\\\/\\\/letrame.com\\\/catalogo\\\/?s={search_term_string}\"},\"query-input\":{\"@type\":\"PropertyValueSpecification\",\"valueRequired\":true,\"valueName\":\"search_term_string\"}}],\"inLanguage\":\"es\"},{\"@type\":\"Organization\",\"@id\":\"https:\\\/\\\/letrame.com\\\/catalogo\\\/#organization\",\"name\":\"Catalogo | Letrame Grupo Editorial\",\"url\":\"https:\\\/\\\/letrame.com\\\/catalogo\\\/\",\"logo\":{\"@type\":\"ImageObject\",\"inLanguage\":\"es\",\"@id\":\"https:\\\/\\\/letrame.com\\\/catalogo\\\/#\\\/schema\\\/logo\\\/image\\\/\",\"url\":\"https:\\\/\\\/letrame.com\\\/catalogo\\\/wp-content\\\/uploads\\\/2024\\\/03\\\/logo2.webp\",\"contentUrl\":\"https:\\\/\\\/letrame.com\\\/catalogo\\\/wp-content\\\/uploads\\\/2024\\\/03\\\/logo2.webp\",\"width\":394,\"height\":128,\"caption\":\"Catalogo | Letrame Grupo Editorial\"},\"image\":{\"@id\":\"https:\\\/\\\/letrame.com\\\/catalogo\\\/#\\\/schema\\\/logo\\\/image\\\/\"}}]}<\/script>\n<!-- \/ Yoast SEO plugin. -->","yoast_head_json":{"title":"14 A\u00d1OS DE LUJURIA - Catalogo | Letrame Grupo Editorial","robots":{"index":"index","follow":"follow","max-snippet":"max-snippet:-1","max-image-preview":"max-image-preview:large","max-video-preview":"max-video-preview:-1"},"canonical":"https:\/\/letrame.com\/catalogo\/producto\/14-anos-de-lujuria\/","og_locale":"es_ES","og_type":"article","og_title":"14 A\u00d1OS DE LUJURIA - Catalogo | Letrame Grupo Editorial","og_description":"ISBN:\u00a0978-84-1181-947-3  SINOPSIS No hay nada m\u00e1s importante en la vida que el amor. Aunque el amor se pueda manifestar de distintas maneras, todos sabemos, en el fondo, cu\u00e1l es el amor m\u00e1s importante: el que cr\u00edas junto con otra persona. Sin embargo, no es tan sencillo como conocer a cualquier persona por la calle y proponerle formar una familia: hay que buscar y buscar. En esa b\u00fasqueda perpetua est\u00e1 escrita nuestra historia, y la de Johan Erazo Necta no es distinta. En 14 a\u00f1os de lujuria vamos a conocer el camino que ha recorrido el autor por el amor. En esta ocasi\u00f3n, hemos de precisar que este amor es uno carnal, er\u00f3tico y festivo, musical, juguet\u00f3n, divertido, cari\u00f1oso y lleno de an\u00e9cdotas que no se podr\u00e1n olvidar. Muchos creen que este amor terrenal es el que no vale; no, al menos, al lado del amor plat\u00f3nico, esa adoraci\u00f3n casi divina que nos han ense\u00f1ado como el grado m\u00e1ximo de este arte. Nada m\u00e1s lejos de la realidad: para alcanzar el cielo, hay que pisar la tierra. Tocarla, rozarla, saborearla y trabajarla. Hay que caminar para correr y, luego, volar. Con un estilo desenfadado y una pluma certera a la hora de retratar cada encuentro amatorio, Johan hace que sus palabras se deslicen por el papel para presentarnos una parte importante de su vida. Gracias a su facilidad de palabra (cualquiera dir\u00eda que est\u00e1n bien lubricadas con tinta), su relato vital se nos queda corto, con ganas de saber m\u00e1s sobre sus andanzas, pues son como una fuga moment\u00e1nea hacia la felicidad; te acordar\u00e1s, lector o lectora, de tus propias experiencias y, quiz\u00e1, lances un suspiro, ya sea de melancol\u00eda o de envidia. Una cosa est\u00e1 clara: el amor nunca deja indiferente a nadie y este libro no es diferente. Larga vida al amor, \u00a1larga vida!","og_url":"https:\/\/letrame.com\/catalogo\/producto\/14-anos-de-lujuria\/","og_site_name":"Catalogo | Letrame Grupo Editorial","article_modified_time":"2024-05-23T09:16:50+00:00","og_image":[{"width":1746,"height":2560,"url":"https:\/\/letrame.com\/catalogo\/wp-content\/uploads\/2024\/05\/webp_14anosdelujuria_1039mm-compressed-scaled-1.jpg","type":"image\/jpeg"}],"twitter_card":"summary_large_image","twitter_misc":{"Tiempo de lectura":"2 minutos"},"schema":{"@context":"https:\/\/schema.org","@graph":[{"@type":"WebPage","@id":"https:\/\/letrame.com\/catalogo\/producto\/14-anos-de-lujuria\/","url":"https:\/\/letrame.com\/catalogo\/producto\/14-anos-de-lujuria\/","name":"14 A\u00d1OS DE LUJURIA - Catalogo | Letrame Grupo Editorial","isPartOf":{"@id":"https:\/\/letrame.com\/catalogo\/#website"},"primaryImageOfPage":{"@id":"https:\/\/letrame.com\/catalogo\/producto\/14-anos-de-lujuria\/#primaryimage"},"image":{"@id":"https:\/\/letrame.com\/catalogo\/producto\/14-anos-de-lujuria\/#primaryimage"},"thumbnailUrl":"https:\/\/letrame.com\/catalogo\/wp-content\/uploads\/2024\/05\/webp_14anosdelujuria_1039mm-compressed-scaled-1.jpg","datePublished":"2024-05-23T08:14:38+00:00","dateModified":"2024-05-23T09:16:50+00:00","breadcrumb":{"@id":"https:\/\/letrame.com\/catalogo\/producto\/14-anos-de-lujuria\/#breadcrumb"},"inLanguage":"es","potentialAction":[{"@type":"ReadAction","target":["https:\/\/letrame.com\/catalogo\/producto\/14-anos-de-lujuria\/"]}]},{"@type":"ImageObject","inLanguage":"es","@id":"https:\/\/letrame.com\/catalogo\/producto\/14-anos-de-lujuria\/#primaryimage","url":"https:\/\/letrame.com\/catalogo\/wp-content\/uploads\/2024\/05\/webp_14anosdelujuria_1039mm-compressed-scaled-1.jpg","contentUrl":"https:\/\/letrame.com\/catalogo\/wp-content\/uploads\/2024\/05\/webp_14anosdelujuria_1039mm-compressed-scaled-1.jpg","width":1746,"height":2560},{"@type":"BreadcrumbList","@id":"https:\/\/letrame.com\/catalogo\/producto\/14-anos-de-lujuria\/#breadcrumb","itemListElement":[{"@type":"ListItem","position":1,"name":"Portada","item":"https:\/\/letrame.com\/catalogo\/"},{"@type":"ListItem","position":2,"name":"Cat\u00e1logo","item":"https:\/\/letrame.com\/catalogo\/"},{"@type":"ListItem","position":3,"name":"14 A\u00d1OS DE LUJURIA"}]},{"@type":"WebSite","@id":"https:\/\/letrame.com\/catalogo\/#website","url":"https:\/\/letrame.com\/catalogo\/","name":"Catalogo | Letrame Grupo Editorial","description":"","publisher":{"@id":"https:\/\/letrame.com\/catalogo\/#organization"},"potentialAction":[{"@type":"SearchAction","target":{"@type":"EntryPoint","urlTemplate":"https:\/\/letrame.com\/catalogo\/?s={search_term_string}"},"query-input":{"@type":"PropertyValueSpecification","valueRequired":true,"valueName":"search_term_string"}}],"inLanguage":"es"},{"@type":"Organization","@id":"https:\/\/letrame.com\/catalogo\/#organization","name":"Catalogo | Letrame Grupo Editorial","url":"https:\/\/letrame.com\/catalogo\/","logo":{"@type":"ImageObject","inLanguage":"es","@id":"https:\/\/letrame.com\/catalogo\/#\/schema\/logo\/image\/","url":"https:\/\/letrame.com\/catalogo\/wp-content\/uploads\/2024\/03\/logo2.webp","contentUrl":"https:\/\/letrame.com\/catalogo\/wp-content\/uploads\/2024\/03\/logo2.webp","width":394,"height":128,"caption":"Catalogo | Letrame Grupo Editorial"},"image":{"@id":"https:\/\/letrame.com\/catalogo\/#\/schema\/logo\/image\/"}}]}},"_links":{"self":[{"href":"https:\/\/letrame.com\/catalogo\/wp-json\/wp\/v2\/product\/100930","targetHints":{"allow":["GET"]}}],"collection":[{"href":"https:\/\/letrame.com\/catalogo\/wp-json\/wp\/v2\/product"}],"about":[{"href":"https:\/\/letrame.com\/catalogo\/wp-json\/wp\/v2\/types\/product"}],"replies":[{"embeddable":true,"href":"https:\/\/letrame.com\/catalogo\/wp-json\/wp\/v2\/comments?post=100930"}],"acf:post":[{"embeddable":true,"href":"https:\/\/letrame.com\/catalogo\/wp-json\/wp\/v2\/author_book\/100706"}],"wp:featuredmedia":[{"embeddable":true,"href":"https:\/\/letrame.com\/catalogo\/wp-json\/wp\/v2\/media\/100931"}],"wp:attachment":[{"href":"https:\/\/letrame.com\/catalogo\/wp-json\/wp\/v2\/media?parent=100930"}],"wp:term":[{"taxonomy":"libro","embeddable":true,"href":"https:\/\/letrame.com\/catalogo\/wp-json\/wp\/v2\/libro?post=100930"},{"taxonomy":"product_brand","embeddable":true,"href":"https:\/\/letrame.com\/catalogo\/wp-json\/wp\/v2\/product_brand?post=100930"},{"taxonomy":"product_cat","embeddable":true,"href":"https:\/\/letrame.com\/catalogo\/wp-json\/wp\/v2\/product_cat?post=100930"},{"taxonomy":"product_tag","embeddable":true,"href":"https:\/\/letrame.com\/catalogo\/wp-json\/wp\/v2\/product_tag?post=100930"}],"curies":[{"name":"wp","href":"https:\/\/api.w.org\/{rel}","templated":true}]}}