{"id":100928,"date":"2024-05-23T10:14:38","date_gmt":"2024-05-23T08:14:38","guid":{"rendered":"https:\/\/letrame.com\/catalogo\/producto\/arde-villa-elvira\/"},"modified":"2024-06-04T15:36:46","modified_gmt":"2024-06-04T13:36:46","slug":"arde-villa-elvira","status":"publish","type":"product","link":"https:\/\/letrame.com\/catalogo\/producto\/arde-villa-elvira\/","title":{"rendered":"Arde villa Elvira"},"content":{"rendered":"<p>ISBN:\u00a0978-84-1068-164-4<br \/>\nT\u00edtulo:\u2028ARDE VILLA ELVIRA<br \/>\nFecha:\u20282024<br \/>\nP\u00e1ginas:\u00a0296<br \/>\nSINOPSIS<br \/>\nUn virulento incendio se declara en una mansi\u00f3n victoriana que ya ha sido escenario de hechos tr\u00e1gicos en el pasado. Esta vez, cinco cuerpos calcinados aguardan silenciosos a que se resuelva el misterio. Alma, una ni\u00f1a de cinco a\u00f1os, es la \u00fanica superviviente y solo ella sabe lo que ocurri\u00f3.<\/p>\n<p>En Arde Villa Elvira, Jordi Catal\u00e1n nos sorprende con un thriller ambientado en Barcelona y Sabadell, en el que el odio, la venganza y los secretos son protagonistas, pero, ante todo, nos descubre hasta d\u00f3nde es capaz de llegar un padre por salvar a su hija.<\/p>\n","protected":false},"excerpt":{"rendered":"<p>ISBN:\u00a0978-84-1068-164-4<\/p>\n<p>SINOPSIS<br \/>\nUn virulento incendio se declara en una mansi\u00f3n victoriana que ya ha sido escenario de hechos tr\u00e1gicos en el pasado. Esta vez, cinco cuerpos calcinados aguardan silenciosos a que se resuelva el misterio. Alma, una ni\u00f1a de cinco a\u00f1os, es la \u00fanica superviviente y solo ella sabe lo que ocurri\u00f3.<\/p>\n<p>En Arde Villa Elvira, Jordi Catal\u00e1n nos sorprende con un thriller ambientado en Barcelona y Sabadell, en el que el odio, la venganza y los secretos son protagonistas, pero, ante todo, nos descubre hasta d\u00f3nde es capaz de llegar un padre por salvar a su hija.<\/p>\n","protected":false},"featured_media":100929,"comment_status":"closed","ping_status":"closed","template":"","meta":{"_acf_changed":false},"libro":[],"product_brand":[],"product_cat":[111],"product_tag":[],"class_list":{"0":"post-100928","1":"product","2":"type-product","3":"status-publish","4":"has-post-thumbnail","6":"product_cat-thriller","8":"first","9":"instock","10":"product-type-simple"},"acf":{"autor":[100705],"enlace_de_compra":"https:\/\/www.casadellibro.com\/libro-arde-villa-elvira\/9788410681644\/15964199"},"yoast_head":"<!-- This site is optimized with the Yoast SEO plugin v26.6 - https:\/\/yoast.com\/wordpress\/plugins\/seo\/ -->\n<title>Arde villa Elvira - Catalogo | Letrame Grupo Editorial<\/title>\n<meta name=\"robots\" content=\"index, follow, max-snippet:-1, max-image-preview:large, max-video-preview:-1\" \/>\n<link rel=\"canonical\" href=\"https:\/\/letrame.com\/catalogo\/producto\/arde-villa-elvira\/\" \/>\n<meta property=\"og:locale\" content=\"es_ES\" \/>\n<meta property=\"og:type\" content=\"article\" \/>\n<meta property=\"og:title\" content=\"Arde villa Elvira - Catalogo | Letrame Grupo Editorial\" \/>\n<meta property=\"og:description\" content=\"ISBN:\u00a0978-84-1068-164-4  SINOPSIS Un virulento incendio se declara en una mansi\u00f3n victoriana que ya ha sido escenario de hechos tr\u00e1gicos en el pasado. Esta vez, cinco cuerpos calcinados aguardan silenciosos a que se resuelva el misterio. Alma, una ni\u00f1a de cinco a\u00f1os, es la \u00fanica superviviente y solo ella sabe lo que ocurri\u00f3.  En Arde Villa Elvira, Jordi Catal\u00e1n nos sorprende con un thriller ambientado en Barcelona y Sabadell, en el que el odio, la venganza y los secretos son protagonistas, pero, ante todo, nos descubre hasta d\u00f3nde es capaz de llegar un padre por salvar a su hija.\" \/>\n<meta property=\"og:url\" content=\"https:\/\/letrame.com\/catalogo\/producto\/arde-villa-elvira\/\" \/>\n<meta property=\"og:site_name\" content=\"Catalogo | Letrame Grupo Editorial\" \/>\n<meta property=\"article:modified_time\" content=\"2024-06-04T13:36:46+00:00\" \/>\n<meta property=\"og:image\" content=\"https:\/\/letrame.com\/catalogo\/wp-content\/uploads\/2024\/05\/webp_ardevilla_1645mm-compressed.jpg\" \/>\n\t<meta property=\"og:image:width\" content=\"1772\" \/>\n\t<meta property=\"og:image:height\" content=\"2480\" \/>\n\t<meta property=\"og:image:type\" content=\"image\/jpeg\" \/>\n<meta name=\"twitter:card\" content=\"summary_large_image\" \/>\n<meta name=\"twitter:label1\" content=\"Tiempo de lectura\" \/>\n\t<meta name=\"twitter:data1\" content=\"1 minuto\" \/>\n<script type=\"application\/ld+json\" class=\"yoast-schema-graph\">{\"@context\":\"https:\/\/schema.org\",\"@graph\":[{\"@type\":\"WebPage\",\"@id\":\"https:\/\/letrame.com\/catalogo\/producto\/arde-villa-elvira\/\",\"url\":\"https:\/\/letrame.com\/catalogo\/producto\/arde-villa-elvira\/\",\"name\":\"Arde villa Elvira - Catalogo | Letrame Grupo Editorial\",\"isPartOf\":{\"@id\":\"https:\/\/letrame.com\/catalogo\/#website\"},\"primaryImageOfPage\":{\"@id\":\"https:\/\/letrame.com\/catalogo\/producto\/arde-villa-elvira\/#primaryimage\"},\"image\":{\"@id\":\"https:\/\/letrame.com\/catalogo\/producto\/arde-villa-elvira\/#primaryimage\"},\"thumbnailUrl\":\"https:\/\/letrame.com\/catalogo\/wp-content\/uploads\/2024\/05\/webp_ardevilla_1645mm-compressed.jpg\",\"datePublished\":\"2024-05-23T08:14:38+00:00\",\"dateModified\":\"2024-06-04T13:36:46+00:00\",\"breadcrumb\":{\"@id\":\"https:\/\/letrame.com\/catalogo\/producto\/arde-villa-elvira\/#breadcrumb\"},\"inLanguage\":\"es\",\"potentialAction\":[{\"@type\":\"ReadAction\",\"target\":[\"https:\/\/letrame.com\/catalogo\/producto\/arde-villa-elvira\/\"]}]},{\"@type\":\"ImageObject\",\"inLanguage\":\"es\",\"@id\":\"https:\/\/letrame.com\/catalogo\/producto\/arde-villa-elvira\/#primaryimage\",\"url\":\"https:\/\/letrame.com\/catalogo\/wp-content\/uploads\/2024\/05\/webp_ardevilla_1645mm-compressed.jpg\",\"contentUrl\":\"https:\/\/letrame.com\/catalogo\/wp-content\/uploads\/2024\/05\/webp_ardevilla_1645mm-compressed.jpg\",\"width\":1772,\"height\":2480},{\"@type\":\"BreadcrumbList\",\"@id\":\"https:\/\/letrame.com\/catalogo\/producto\/arde-villa-elvira\/#breadcrumb\",\"itemListElement\":[{\"@type\":\"ListItem\",\"position\":1,\"name\":\"Portada\",\"item\":\"https:\/\/letrame.com\/catalogo\/\"},{\"@type\":\"ListItem\",\"position\":2,\"name\":\"Cat\u00e1logo\",\"item\":\"https:\/\/letrame.com\/catalogo\/\"},{\"@type\":\"ListItem\",\"position\":3,\"name\":\"Arde villa Elvira\"}]},{\"@type\":\"WebSite\",\"@id\":\"https:\/\/letrame.com\/catalogo\/#website\",\"url\":\"https:\/\/letrame.com\/catalogo\/\",\"name\":\"Catalogo | Letrame Grupo Editorial\",\"description\":\"\",\"publisher\":{\"@id\":\"https:\/\/letrame.com\/catalogo\/#organization\"},\"potentialAction\":[{\"@type\":\"SearchAction\",\"target\":{\"@type\":\"EntryPoint\",\"urlTemplate\":\"https:\/\/letrame.com\/catalogo\/?s={search_term_string}\"},\"query-input\":{\"@type\":\"PropertyValueSpecification\",\"valueRequired\":true,\"valueName\":\"search_term_string\"}}],\"inLanguage\":\"es\"},{\"@type\":\"Organization\",\"@id\":\"https:\/\/letrame.com\/catalogo\/#organization\",\"name\":\"Catalogo | Letrame Grupo Editorial\",\"url\":\"https:\/\/letrame.com\/catalogo\/\",\"logo\":{\"@type\":\"ImageObject\",\"inLanguage\":\"es\",\"@id\":\"https:\/\/letrame.com\/catalogo\/#\/schema\/logo\/image\/\",\"url\":\"https:\/\/letrame.com\/catalogo\/wp-content\/uploads\/2024\/03\/logo2.webp\",\"contentUrl\":\"https:\/\/letrame.com\/catalogo\/wp-content\/uploads\/2024\/03\/logo2.webp\",\"width\":394,\"height\":128,\"caption\":\"Catalogo | Letrame Grupo Editorial\"},\"image\":{\"@id\":\"https:\/\/letrame.com\/catalogo\/#\/schema\/logo\/image\/\"}}]}<\/script>\n<!-- \/ Yoast SEO plugin. -->","yoast_head_json":{"title":"Arde villa Elvira - Catalogo | Letrame Grupo Editorial","robots":{"index":"index","follow":"follow","max-snippet":"max-snippet:-1","max-image-preview":"max-image-preview:large","max-video-preview":"max-video-preview:-1"},"canonical":"https:\/\/letrame.com\/catalogo\/producto\/arde-villa-elvira\/","og_locale":"es_ES","og_type":"article","og_title":"Arde villa Elvira - Catalogo | Letrame Grupo Editorial","og_description":"ISBN:\u00a0978-84-1068-164-4  SINOPSIS Un virulento incendio se declara en una mansi\u00f3n victoriana que ya ha sido escenario de hechos tr\u00e1gicos en el pasado. Esta vez, cinco cuerpos calcinados aguardan silenciosos a que se resuelva el misterio. Alma, una ni\u00f1a de cinco a\u00f1os, es la \u00fanica superviviente y solo ella sabe lo que ocurri\u00f3.  En Arde Villa Elvira, Jordi Catal\u00e1n nos sorprende con un thriller ambientado en Barcelona y Sabadell, en el que el odio, la venganza y los secretos son protagonistas, pero, ante todo, nos descubre hasta d\u00f3nde es capaz de llegar un padre por salvar a su hija.","og_url":"https:\/\/letrame.com\/catalogo\/producto\/arde-villa-elvira\/","og_site_name":"Catalogo | Letrame Grupo Editorial","article_modified_time":"2024-06-04T13:36:46+00:00","og_image":[{"width":1772,"height":2480,"url":"https:\/\/letrame.com\/catalogo\/wp-content\/uploads\/2024\/05\/webp_ardevilla_1645mm-compressed.jpg","type":"image\/jpeg"}],"twitter_card":"summary_large_image","twitter_misc":{"Tiempo de lectura":"1 minuto"},"schema":{"@context":"https:\/\/schema.org","@graph":[{"@type":"WebPage","@id":"https:\/\/letrame.com\/catalogo\/producto\/arde-villa-elvira\/","url":"https:\/\/letrame.com\/catalogo\/producto\/arde-villa-elvira\/","name":"Arde villa Elvira - Catalogo | Letrame Grupo Editorial","isPartOf":{"@id":"https:\/\/letrame.com\/catalogo\/#website"},"primaryImageOfPage":{"@id":"https:\/\/letrame.com\/catalogo\/producto\/arde-villa-elvira\/#primaryimage"},"image":{"@id":"https:\/\/letrame.com\/catalogo\/producto\/arde-villa-elvira\/#primaryimage"},"thumbnailUrl":"https:\/\/letrame.com\/catalogo\/wp-content\/uploads\/2024\/05\/webp_ardevilla_1645mm-compressed.jpg","datePublished":"2024-05-23T08:14:38+00:00","dateModified":"2024-06-04T13:36:46+00:00","breadcrumb":{"@id":"https:\/\/letrame.com\/catalogo\/producto\/arde-villa-elvira\/#breadcrumb"},"inLanguage":"es","potentialAction":[{"@type":"ReadAction","target":["https:\/\/letrame.com\/catalogo\/producto\/arde-villa-elvira\/"]}]},{"@type":"ImageObject","inLanguage":"es","@id":"https:\/\/letrame.com\/catalogo\/producto\/arde-villa-elvira\/#primaryimage","url":"https:\/\/letrame.com\/catalogo\/wp-content\/uploads\/2024\/05\/webp_ardevilla_1645mm-compressed.jpg","contentUrl":"https:\/\/letrame.com\/catalogo\/wp-content\/uploads\/2024\/05\/webp_ardevilla_1645mm-compressed.jpg","width":1772,"height":2480},{"@type":"BreadcrumbList","@id":"https:\/\/letrame.com\/catalogo\/producto\/arde-villa-elvira\/#breadcrumb","itemListElement":[{"@type":"ListItem","position":1,"name":"Portada","item":"https:\/\/letrame.com\/catalogo\/"},{"@type":"ListItem","position":2,"name":"Cat\u00e1logo","item":"https:\/\/letrame.com\/catalogo\/"},{"@type":"ListItem","position":3,"name":"Arde villa Elvira"}]},{"@type":"WebSite","@id":"https:\/\/letrame.com\/catalogo\/#website","url":"https:\/\/letrame.com\/catalogo\/","name":"Catalogo | Letrame Grupo Editorial","description":"","publisher":{"@id":"https:\/\/letrame.com\/catalogo\/#organization"},"potentialAction":[{"@type":"SearchAction","target":{"@type":"EntryPoint","urlTemplate":"https:\/\/letrame.com\/catalogo\/?s={search_term_string}"},"query-input":{"@type":"PropertyValueSpecification","valueRequired":true,"valueName":"search_term_string"}}],"inLanguage":"es"},{"@type":"Organization","@id":"https:\/\/letrame.com\/catalogo\/#organization","name":"Catalogo | Letrame Grupo Editorial","url":"https:\/\/letrame.com\/catalogo\/","logo":{"@type":"ImageObject","inLanguage":"es","@id":"https:\/\/letrame.com\/catalogo\/#\/schema\/logo\/image\/","url":"https:\/\/letrame.com\/catalogo\/wp-content\/uploads\/2024\/03\/logo2.webp","contentUrl":"https:\/\/letrame.com\/catalogo\/wp-content\/uploads\/2024\/03\/logo2.webp","width":394,"height":128,"caption":"Catalogo | Letrame Grupo Editorial"},"image":{"@id":"https:\/\/letrame.com\/catalogo\/#\/schema\/logo\/image\/"}}]}},"_links":{"self":[{"href":"https:\/\/letrame.com\/catalogo\/wp-json\/wp\/v2\/product\/100928","targetHints":{"allow":["GET"]}}],"collection":[{"href":"https:\/\/letrame.com\/catalogo\/wp-json\/wp\/v2\/product"}],"about":[{"href":"https:\/\/letrame.com\/catalogo\/wp-json\/wp\/v2\/types\/product"}],"replies":[{"embeddable":true,"href":"https:\/\/letrame.com\/catalogo\/wp-json\/wp\/v2\/comments?post=100928"}],"acf:post":[{"embeddable":true,"href":"https:\/\/letrame.com\/catalogo\/wp-json\/wp\/v2\/author_book\/100705"}],"wp:featuredmedia":[{"embeddable":true,"href":"https:\/\/letrame.com\/catalogo\/wp-json\/wp\/v2\/media\/100929"}],"wp:attachment":[{"href":"https:\/\/letrame.com\/catalogo\/wp-json\/wp\/v2\/media?parent=100928"}],"wp:term":[{"taxonomy":"libro","embeddable":true,"href":"https:\/\/letrame.com\/catalogo\/wp-json\/wp\/v2\/libro?post=100928"},{"taxonomy":"product_brand","embeddable":true,"href":"https:\/\/letrame.com\/catalogo\/wp-json\/wp\/v2\/product_brand?post=100928"},{"taxonomy":"product_cat","embeddable":true,"href":"https:\/\/letrame.com\/catalogo\/wp-json\/wp\/v2\/product_cat?post=100928"},{"taxonomy":"product_tag","embeddable":true,"href":"https:\/\/letrame.com\/catalogo\/wp-json\/wp\/v2\/product_tag?post=100928"}],"curies":[{"name":"wp","href":"https:\/\/api.w.org\/{rel}","templated":true}]}}