{"id":100926,"date":"2024-05-23T10:14:38","date_gmt":"2024-05-23T08:14:38","guid":{"rendered":"https:\/\/letrame.com\/catalogo\/producto\/historia-de-espana-comentada-con-pablo-salvat\/"},"modified":"2024-06-04T15:36:27","modified_gmt":"2024-06-04T13:36:27","slug":"historia-de-espana-comentada-con-pablo-salvat","status":"publish","type":"product","link":"https:\/\/letrame.com\/catalogo\/producto\/historia-de-espana-comentada-con-pablo-salvat\/","title":{"rendered":"Historia de Espa\u00f1a comentada con Pablo Salvat"},"content":{"rendered":"<p>ISBN:\u00a0978-84-1068-131-6<br \/>\nT\u00edtulo:\u2028HISTORIA DE ESPA\u00d1A COMENTADA CON PABLO SALVAT<br \/>\nFecha:\u20282024<br \/>\nP\u00e1ginas:\u00a0314<br \/>\nSINOPSIS<br \/>\nEste es un libro sobre la historia de Espa\u00f1a que est\u00e1 relatado mediante una conversaci\u00f3n con un personaje ficticio, Pablo Salvat, quien, tras su gentil e imaginaria ayuda en mis libros, va adquiriendo una vida cada vez m\u00e1s independiente, asisti\u00e9ndome en la redacci\u00f3n comentada de hechos hist\u00f3ricos de nuestra amada patria. Es un libro con pretensiones divulgativas y did\u00e1cticas para aprender a conocer y amar a Espa\u00f1a. Abarca desde los Tartesos hasta la Espa\u00f1a actual advirtiendo del incierto futuro del devenir de la Patria.<\/p>\n","protected":false},"excerpt":{"rendered":"<p>ISBN:\u00a0978-84-1068-131-6<\/p>\n<p>SINOPSIS<br \/>\nEste es un libro sobre la historia de Espa\u00f1a que est\u00e1 relatado mediante una conversaci\u00f3n con un personaje ficticio, Pablo Salvat, quien, tras su gentil e imaginaria ayuda en mis libros, va adquiriendo una vida cada vez m\u00e1s independiente, asisti\u00e9ndome en la redacci\u00f3n comentada de hechos hist\u00f3ricos de nuestra amada patria. Es un libro con pretensiones divulgativas y did\u00e1cticas para aprender a conocer y amar a Espa\u00f1a. Abarca desde los Tartesos hasta la Espa\u00f1a actual advirtiendo del incierto futuro del devenir de la Patria.<\/p>\n","protected":false},"featured_media":100927,"comment_status":"closed","ping_status":"closed","template":"","meta":{"_acf_changed":false},"libro":[],"product_brand":[],"product_cat":[62],"product_tag":[],"class_list":{"0":"post-100926","1":"product","2":"type-product","3":"status-publish","4":"has-post-thumbnail","6":"product_cat-historico","8":"first","9":"instock","10":"product-type-simple"},"acf":{"autor":[77185],"enlace_de_compra":"https:\/\/www.casadellibro.com\/libro-historia-de-espana-comentada-con-pablo-salvat\/9788410681316\/15986649"},"yoast_head":"<!-- This site is optimized with the Yoast SEO plugin v26.6 - https:\/\/yoast.com\/wordpress\/plugins\/seo\/ -->\n<title>Historia de Espa\u00f1a comentada con Pablo Salvat - Catalogo | Letrame Grupo Editorial<\/title>\n<meta name=\"robots\" content=\"index, follow, max-snippet:-1, max-image-preview:large, max-video-preview:-1\" \/>\n<link rel=\"canonical\" href=\"https:\/\/letrame.com\/catalogo\/producto\/historia-de-espana-comentada-con-pablo-salvat\/\" \/>\n<meta property=\"og:locale\" content=\"es_ES\" \/>\n<meta property=\"og:type\" content=\"article\" \/>\n<meta property=\"og:title\" content=\"Historia de Espa\u00f1a comentada con Pablo Salvat - Catalogo | Letrame Grupo Editorial\" \/>\n<meta property=\"og:description\" content=\"ISBN:\u00a0978-84-1068-131-6  SINOPSIS Este es un libro sobre la historia de Espa\u00f1a que est\u00e1 relatado mediante una conversaci\u00f3n con un personaje ficticio, Pablo Salvat, quien, tras su gentil e imaginaria ayuda en mis libros, va adquiriendo una vida cada vez m\u00e1s independiente, asisti\u00e9ndome en la redacci\u00f3n comentada de hechos hist\u00f3ricos de nuestra amada patria. Es un libro con pretensiones divulgativas y did\u00e1cticas para aprender a conocer y amar a Espa\u00f1a. Abarca desde los Tartesos hasta la Espa\u00f1a actual advirtiendo del incierto futuro del devenir de la Patria.\" \/>\n<meta property=\"og:url\" content=\"https:\/\/letrame.com\/catalogo\/producto\/historia-de-espana-comentada-con-pablo-salvat\/\" \/>\n<meta property=\"og:site_name\" content=\"Catalogo | Letrame Grupo Editorial\" \/>\n<meta property=\"article:modified_time\" content=\"2024-06-04T13:36:27+00:00\" \/>\n<meta property=\"og:image\" content=\"https:\/\/letrame.com\/catalogo\/wp-content\/uploads\/2024\/05\/p_historiadeespana_1555mm-compressed-scaled-1.jpg\" \/>\n\t<meta property=\"og:image:width\" content=\"1746\" \/>\n\t<meta property=\"og:image:height\" content=\"2560\" \/>\n\t<meta property=\"og:image:type\" content=\"image\/jpeg\" \/>\n<meta name=\"twitter:card\" content=\"summary_large_image\" \/>\n<meta name=\"twitter:label1\" content=\"Tiempo de lectura\" \/>\n\t<meta name=\"twitter:data1\" content=\"1 minuto\" \/>\n<script type=\"application\/ld+json\" class=\"yoast-schema-graph\">{\"@context\":\"https:\/\/schema.org\",\"@graph\":[{\"@type\":\"WebPage\",\"@id\":\"https:\/\/letrame.com\/catalogo\/producto\/historia-de-espana-comentada-con-pablo-salvat\/\",\"url\":\"https:\/\/letrame.com\/catalogo\/producto\/historia-de-espana-comentada-con-pablo-salvat\/\",\"name\":\"Historia de Espa\u00f1a comentada con Pablo Salvat - Catalogo | Letrame Grupo Editorial\",\"isPartOf\":{\"@id\":\"https:\/\/letrame.com\/catalogo\/#website\"},\"primaryImageOfPage\":{\"@id\":\"https:\/\/letrame.com\/catalogo\/producto\/historia-de-espana-comentada-con-pablo-salvat\/#primaryimage\"},\"image\":{\"@id\":\"https:\/\/letrame.com\/catalogo\/producto\/historia-de-espana-comentada-con-pablo-salvat\/#primaryimage\"},\"thumbnailUrl\":\"https:\/\/letrame.com\/catalogo\/wp-content\/uploads\/2024\/05\/p_historiadeespana_1555mm-compressed-scaled-1.jpg\",\"datePublished\":\"2024-05-23T08:14:38+00:00\",\"dateModified\":\"2024-06-04T13:36:27+00:00\",\"breadcrumb\":{\"@id\":\"https:\/\/letrame.com\/catalogo\/producto\/historia-de-espana-comentada-con-pablo-salvat\/#breadcrumb\"},\"inLanguage\":\"es\",\"potentialAction\":[{\"@type\":\"ReadAction\",\"target\":[\"https:\/\/letrame.com\/catalogo\/producto\/historia-de-espana-comentada-con-pablo-salvat\/\"]}]},{\"@type\":\"ImageObject\",\"inLanguage\":\"es\",\"@id\":\"https:\/\/letrame.com\/catalogo\/producto\/historia-de-espana-comentada-con-pablo-salvat\/#primaryimage\",\"url\":\"https:\/\/letrame.com\/catalogo\/wp-content\/uploads\/2024\/05\/p_historiadeespana_1555mm-compressed-scaled-1.jpg\",\"contentUrl\":\"https:\/\/letrame.com\/catalogo\/wp-content\/uploads\/2024\/05\/p_historiadeespana_1555mm-compressed-scaled-1.jpg\",\"width\":1746,\"height\":2560},{\"@type\":\"BreadcrumbList\",\"@id\":\"https:\/\/letrame.com\/catalogo\/producto\/historia-de-espana-comentada-con-pablo-salvat\/#breadcrumb\",\"itemListElement\":[{\"@type\":\"ListItem\",\"position\":1,\"name\":\"Portada\",\"item\":\"https:\/\/letrame.com\/catalogo\/\"},{\"@type\":\"ListItem\",\"position\":2,\"name\":\"Cat\u00e1logo\",\"item\":\"https:\/\/letrame.com\/catalogo\/\"},{\"@type\":\"ListItem\",\"position\":3,\"name\":\"Historia de Espa\u00f1a comentada con Pablo Salvat\"}]},{\"@type\":\"WebSite\",\"@id\":\"https:\/\/letrame.com\/catalogo\/#website\",\"url\":\"https:\/\/letrame.com\/catalogo\/\",\"name\":\"Catalogo | Letrame Grupo Editorial\",\"description\":\"\",\"publisher\":{\"@id\":\"https:\/\/letrame.com\/catalogo\/#organization\"},\"potentialAction\":[{\"@type\":\"SearchAction\",\"target\":{\"@type\":\"EntryPoint\",\"urlTemplate\":\"https:\/\/letrame.com\/catalogo\/?s={search_term_string}\"},\"query-input\":{\"@type\":\"PropertyValueSpecification\",\"valueRequired\":true,\"valueName\":\"search_term_string\"}}],\"inLanguage\":\"es\"},{\"@type\":\"Organization\",\"@id\":\"https:\/\/letrame.com\/catalogo\/#organization\",\"name\":\"Catalogo | Letrame Grupo Editorial\",\"url\":\"https:\/\/letrame.com\/catalogo\/\",\"logo\":{\"@type\":\"ImageObject\",\"inLanguage\":\"es\",\"@id\":\"https:\/\/letrame.com\/catalogo\/#\/schema\/logo\/image\/\",\"url\":\"https:\/\/letrame.com\/catalogo\/wp-content\/uploads\/2024\/03\/logo2.webp\",\"contentUrl\":\"https:\/\/letrame.com\/catalogo\/wp-content\/uploads\/2024\/03\/logo2.webp\",\"width\":394,\"height\":128,\"caption\":\"Catalogo | Letrame Grupo Editorial\"},\"image\":{\"@id\":\"https:\/\/letrame.com\/catalogo\/#\/schema\/logo\/image\/\"}}]}<\/script>\n<!-- \/ Yoast SEO plugin. -->","yoast_head_json":{"title":"Historia de Espa\u00f1a comentada con Pablo Salvat - Catalogo | Letrame Grupo Editorial","robots":{"index":"index","follow":"follow","max-snippet":"max-snippet:-1","max-image-preview":"max-image-preview:large","max-video-preview":"max-video-preview:-1"},"canonical":"https:\/\/letrame.com\/catalogo\/producto\/historia-de-espana-comentada-con-pablo-salvat\/","og_locale":"es_ES","og_type":"article","og_title":"Historia de Espa\u00f1a comentada con Pablo Salvat - Catalogo | Letrame Grupo Editorial","og_description":"ISBN:\u00a0978-84-1068-131-6  SINOPSIS Este es un libro sobre la historia de Espa\u00f1a que est\u00e1 relatado mediante una conversaci\u00f3n con un personaje ficticio, Pablo Salvat, quien, tras su gentil e imaginaria ayuda en mis libros, va adquiriendo una vida cada vez m\u00e1s independiente, asisti\u00e9ndome en la redacci\u00f3n comentada de hechos hist\u00f3ricos de nuestra amada patria. Es un libro con pretensiones divulgativas y did\u00e1cticas para aprender a conocer y amar a Espa\u00f1a. Abarca desde los Tartesos hasta la Espa\u00f1a actual advirtiendo del incierto futuro del devenir de la Patria.","og_url":"https:\/\/letrame.com\/catalogo\/producto\/historia-de-espana-comentada-con-pablo-salvat\/","og_site_name":"Catalogo | Letrame Grupo Editorial","article_modified_time":"2024-06-04T13:36:27+00:00","og_image":[{"width":1746,"height":2560,"url":"https:\/\/letrame.com\/catalogo\/wp-content\/uploads\/2024\/05\/p_historiadeespana_1555mm-compressed-scaled-1.jpg","type":"image\/jpeg"}],"twitter_card":"summary_large_image","twitter_misc":{"Tiempo de lectura":"1 minuto"},"schema":{"@context":"https:\/\/schema.org","@graph":[{"@type":"WebPage","@id":"https:\/\/letrame.com\/catalogo\/producto\/historia-de-espana-comentada-con-pablo-salvat\/","url":"https:\/\/letrame.com\/catalogo\/producto\/historia-de-espana-comentada-con-pablo-salvat\/","name":"Historia de Espa\u00f1a comentada con Pablo Salvat - Catalogo | Letrame Grupo Editorial","isPartOf":{"@id":"https:\/\/letrame.com\/catalogo\/#website"},"primaryImageOfPage":{"@id":"https:\/\/letrame.com\/catalogo\/producto\/historia-de-espana-comentada-con-pablo-salvat\/#primaryimage"},"image":{"@id":"https:\/\/letrame.com\/catalogo\/producto\/historia-de-espana-comentada-con-pablo-salvat\/#primaryimage"},"thumbnailUrl":"https:\/\/letrame.com\/catalogo\/wp-content\/uploads\/2024\/05\/p_historiadeespana_1555mm-compressed-scaled-1.jpg","datePublished":"2024-05-23T08:14:38+00:00","dateModified":"2024-06-04T13:36:27+00:00","breadcrumb":{"@id":"https:\/\/letrame.com\/catalogo\/producto\/historia-de-espana-comentada-con-pablo-salvat\/#breadcrumb"},"inLanguage":"es","potentialAction":[{"@type":"ReadAction","target":["https:\/\/letrame.com\/catalogo\/producto\/historia-de-espana-comentada-con-pablo-salvat\/"]}]},{"@type":"ImageObject","inLanguage":"es","@id":"https:\/\/letrame.com\/catalogo\/producto\/historia-de-espana-comentada-con-pablo-salvat\/#primaryimage","url":"https:\/\/letrame.com\/catalogo\/wp-content\/uploads\/2024\/05\/p_historiadeespana_1555mm-compressed-scaled-1.jpg","contentUrl":"https:\/\/letrame.com\/catalogo\/wp-content\/uploads\/2024\/05\/p_historiadeespana_1555mm-compressed-scaled-1.jpg","width":1746,"height":2560},{"@type":"BreadcrumbList","@id":"https:\/\/letrame.com\/catalogo\/producto\/historia-de-espana-comentada-con-pablo-salvat\/#breadcrumb","itemListElement":[{"@type":"ListItem","position":1,"name":"Portada","item":"https:\/\/letrame.com\/catalogo\/"},{"@type":"ListItem","position":2,"name":"Cat\u00e1logo","item":"https:\/\/letrame.com\/catalogo\/"},{"@type":"ListItem","position":3,"name":"Historia de Espa\u00f1a comentada con Pablo Salvat"}]},{"@type":"WebSite","@id":"https:\/\/letrame.com\/catalogo\/#website","url":"https:\/\/letrame.com\/catalogo\/","name":"Catalogo | Letrame Grupo Editorial","description":"","publisher":{"@id":"https:\/\/letrame.com\/catalogo\/#organization"},"potentialAction":[{"@type":"SearchAction","target":{"@type":"EntryPoint","urlTemplate":"https:\/\/letrame.com\/catalogo\/?s={search_term_string}"},"query-input":{"@type":"PropertyValueSpecification","valueRequired":true,"valueName":"search_term_string"}}],"inLanguage":"es"},{"@type":"Organization","@id":"https:\/\/letrame.com\/catalogo\/#organization","name":"Catalogo | Letrame Grupo Editorial","url":"https:\/\/letrame.com\/catalogo\/","logo":{"@type":"ImageObject","inLanguage":"es","@id":"https:\/\/letrame.com\/catalogo\/#\/schema\/logo\/image\/","url":"https:\/\/letrame.com\/catalogo\/wp-content\/uploads\/2024\/03\/logo2.webp","contentUrl":"https:\/\/letrame.com\/catalogo\/wp-content\/uploads\/2024\/03\/logo2.webp","width":394,"height":128,"caption":"Catalogo | Letrame Grupo Editorial"},"image":{"@id":"https:\/\/letrame.com\/catalogo\/#\/schema\/logo\/image\/"}}]}},"_links":{"self":[{"href":"https:\/\/letrame.com\/catalogo\/wp-json\/wp\/v2\/product\/100926","targetHints":{"allow":["GET"]}}],"collection":[{"href":"https:\/\/letrame.com\/catalogo\/wp-json\/wp\/v2\/product"}],"about":[{"href":"https:\/\/letrame.com\/catalogo\/wp-json\/wp\/v2\/types\/product"}],"replies":[{"embeddable":true,"href":"https:\/\/letrame.com\/catalogo\/wp-json\/wp\/v2\/comments?post=100926"}],"acf:post":[{"embeddable":true,"href":"https:\/\/letrame.com\/catalogo\/wp-json\/wp\/v2\/author_book\/77185"}],"wp:featuredmedia":[{"embeddable":true,"href":"https:\/\/letrame.com\/catalogo\/wp-json\/wp\/v2\/media\/100927"}],"wp:attachment":[{"href":"https:\/\/letrame.com\/catalogo\/wp-json\/wp\/v2\/media?parent=100926"}],"wp:term":[{"taxonomy":"libro","embeddable":true,"href":"https:\/\/letrame.com\/catalogo\/wp-json\/wp\/v2\/libro?post=100926"},{"taxonomy":"product_brand","embeddable":true,"href":"https:\/\/letrame.com\/catalogo\/wp-json\/wp\/v2\/product_brand?post=100926"},{"taxonomy":"product_cat","embeddable":true,"href":"https:\/\/letrame.com\/catalogo\/wp-json\/wp\/v2\/product_cat?post=100926"},{"taxonomy":"product_tag","embeddable":true,"href":"https:\/\/letrame.com\/catalogo\/wp-json\/wp\/v2\/product_tag?post=100926"}],"curies":[{"name":"wp","href":"https:\/\/api.w.org\/{rel}","templated":true}]}}