{"id":100924,"date":"2024-05-23T10:14:38","date_gmt":"2024-05-23T08:14:38","guid":{"rendered":"https:\/\/letrame.com\/catalogo\/producto\/strange-neighbor\/"},"modified":"2024-05-23T11:16:35","modified_gmt":"2024-05-23T09:16:35","slug":"strange-neighbor","status":"publish","type":"product","link":"https:\/\/letrame.com\/catalogo\/producto\/strange-neighbor\/","title":{"rendered":"Strange Neighbor"},"content":{"rendered":"<p>ISBN:\u00a0978-84-1068-160-6<br \/>\nT\u00edtulo:\u2028Strange Neighbor<br \/>\nFecha:\u20282024<br \/>\nP\u00e1ginas:\u00a0354<br \/>\nSINOPSIS<br \/>\nUn pueblo, un bosque, una caba\u00f1a, un r\u00edo&#8230; La m\u00e1xima expresi\u00f3n de la tranquilidad, profanada el d\u00eda de San Juan de 2022.<\/p>\n<p>Una familia nueva se mud\u00f3 a la ciudad y parec\u00eda que todos ellos tramaban algo. Empezaron a ocurrir asesinatos, desapariciones, sucesos extra\u00f1os&#8230; Y todo apuntaba a que ellos eran los culpables. Su vecina no pudo resistir la curiosidad de acercarse al chico de la familia para descubrir sus oscuros secretos. Misterios macabros de los que nadie se salvaba, todo el mundo que ella conoc\u00eda ten\u00eda las manos manchadas de sangre, incluso ella misma. Cada vez, m\u00e1s problemas se abr\u00edan paso. \u00bfC\u00f3mo har\u00e1n para salir con vida y que todo acabe?<\/p>\n<p>Muerte, traici\u00f3n, rencor, torturas, misterio, investigaci\u00f3n, acci\u00f3n, inteligencia, habilidad, amistad, confianza, lealtad, vida, ayuda, romance&#8230; \u00bfEst\u00e1s preparado?<\/p>\n","protected":false},"excerpt":{"rendered":"<p>ISBN:\u00a0978-84-1068-160-6<\/p>\n<p>SINOPSIS<br \/>\nUn pueblo, un bosque, una caba\u00f1a, un r\u00edo&#8230; La m\u00e1xima expresi\u00f3n de la tranquilidad, profanada el d\u00eda de San Juan de 2022.<\/p>\n<p>Una familia nueva se mud\u00f3 a la ciudad y parec\u00eda que todos ellos tramaban algo. Empezaron a ocurrir asesinatos, desapariciones, sucesos extra\u00f1os&#8230; Y todo apuntaba a que ellos eran los culpables. Su vecina no pudo resistir la curiosidad de acercarse al chico de la familia para descubrir sus oscuros secretos. Misterios macabros de los que nadie se salvaba, todo el mundo que ella conoc\u00eda ten\u00eda las manos manchadas de sangre, incluso ella misma. Cada vez, m\u00e1s problemas se abr\u00edan paso. \u00bfC\u00f3mo har\u00e1n para salir con vida y que todo acabe?<\/p>\n<p>Muerte, traici\u00f3n, rencor, torturas, misterio, investigaci\u00f3n, acci\u00f3n, inteligencia, habilidad, amistad, confianza, lealtad, vida, ayuda, romance&#8230; \u00bfEst\u00e1s preparado?<\/p>\n<p>&nbsp;<\/p>\n","protected":false},"featured_media":100925,"comment_status":"closed","ping_status":"closed","template":"","meta":{"_acf_changed":false},"libro":[],"product_brand":[],"product_cat":[47],"product_tag":[],"class_list":{"0":"post-100924","1":"product","2":"type-product","3":"status-publish","4":"has-post-thumbnail","6":"product_cat-ciencia-ficcion-misterio","8":"first","9":"instock","10":"product-type-simple"},"acf":{"autor":[100703],"enlace_de_compra":"https:\/\/www.casadellibro.com\/libro-strange-neighbor\/9788410681606\/15964198"},"yoast_head":"<!-- This site is optimized with the Yoast SEO plugin v27.4 - https:\/\/yoast.com\/product\/yoast-seo-wordpress\/ -->\n<title>Strange Neighbor - Catalogo | Letrame Grupo Editorial<\/title>\n<meta name=\"robots\" content=\"index, follow, max-snippet:-1, max-image-preview:large, max-video-preview:-1\" \/>\n<link rel=\"canonical\" href=\"https:\/\/letrame.com\/catalogo\/producto\/strange-neighbor\/\" \/>\n<meta property=\"og:locale\" content=\"es_ES\" \/>\n<meta property=\"og:type\" content=\"article\" \/>\n<meta property=\"og:title\" content=\"Strange Neighbor - Catalogo | Letrame Grupo Editorial\" \/>\n<meta property=\"og:description\" content=\"ISBN:\u00a0978-84-1068-160-6  SINOPSIS Un pueblo, un bosque, una caba\u00f1a, un r\u00edo... La m\u00e1xima expresi\u00f3n de la tranquilidad, profanada el d\u00eda de San Juan de 2022.  Una familia nueva se mud\u00f3 a la ciudad y parec\u00eda que todos ellos tramaban algo. Empezaron a ocurrir asesinatos, desapariciones, sucesos extra\u00f1os... Y todo apuntaba a que ellos eran los culpables. Su vecina no pudo resistir la curiosidad de acercarse al chico de la familia para descubrir sus oscuros secretos. Misterios macabros de los que nadie se salvaba, todo el mundo que ella conoc\u00eda ten\u00eda las manos manchadas de sangre, incluso ella misma. Cada vez, m\u00e1s problemas se abr\u00edan paso. \u00bfC\u00f3mo har\u00e1n para salir con vida y que todo acabe?  Muerte, traici\u00f3n, rencor, torturas, misterio, investigaci\u00f3n, acci\u00f3n, inteligencia, habilidad, amistad, confianza, lealtad, vida, ayuda, romance... \u00bfEst\u00e1s preparado?  &nbsp;\" \/>\n<meta property=\"og:url\" content=\"https:\/\/letrame.com\/catalogo\/producto\/strange-neighbor\/\" \/>\n<meta property=\"og:site_name\" content=\"Catalogo | Letrame Grupo Editorial\" \/>\n<meta property=\"article:modified_time\" content=\"2024-05-23T09:16:35+00:00\" \/>\n<meta property=\"og:image\" content=\"https:\/\/letrame.com\/catalogo\/wp-content\/uploads\/2024\/05\/webp_strangeneighbor_174mm-compressed.jpg\" \/>\n\t<meta property=\"og:image:width\" content=\"1594\" \/>\n\t<meta property=\"og:image:height\" content=\"2303\" \/>\n\t<meta property=\"og:image:type\" content=\"image\/jpeg\" \/>\n<meta name=\"twitter:card\" content=\"summary_large_image\" \/>\n<meta name=\"twitter:label1\" content=\"Tiempo de lectura\" \/>\n\t<meta name=\"twitter:data1\" content=\"1 minuto\" \/>\n<script type=\"application\/ld+json\" class=\"yoast-schema-graph\">{\"@context\":\"https:\\\/\\\/schema.org\",\"@graph\":[{\"@type\":\"WebPage\",\"@id\":\"https:\\\/\\\/letrame.com\\\/catalogo\\\/producto\\\/strange-neighbor\\\/\",\"url\":\"https:\\\/\\\/letrame.com\\\/catalogo\\\/producto\\\/strange-neighbor\\\/\",\"name\":\"Strange Neighbor - Catalogo | Letrame Grupo Editorial\",\"isPartOf\":{\"@id\":\"https:\\\/\\\/letrame.com\\\/catalogo\\\/#website\"},\"primaryImageOfPage\":{\"@id\":\"https:\\\/\\\/letrame.com\\\/catalogo\\\/producto\\\/strange-neighbor\\\/#primaryimage\"},\"image\":{\"@id\":\"https:\\\/\\\/letrame.com\\\/catalogo\\\/producto\\\/strange-neighbor\\\/#primaryimage\"},\"thumbnailUrl\":\"https:\\\/\\\/letrame.com\\\/catalogo\\\/wp-content\\\/uploads\\\/2024\\\/05\\\/webp_strangeneighbor_174mm-compressed.jpg\",\"datePublished\":\"2024-05-23T08:14:38+00:00\",\"dateModified\":\"2024-05-23T09:16:35+00:00\",\"breadcrumb\":{\"@id\":\"https:\\\/\\\/letrame.com\\\/catalogo\\\/producto\\\/strange-neighbor\\\/#breadcrumb\"},\"inLanguage\":\"es\",\"potentialAction\":[{\"@type\":\"ReadAction\",\"target\":[\"https:\\\/\\\/letrame.com\\\/catalogo\\\/producto\\\/strange-neighbor\\\/\"]}]},{\"@type\":\"ImageObject\",\"inLanguage\":\"es\",\"@id\":\"https:\\\/\\\/letrame.com\\\/catalogo\\\/producto\\\/strange-neighbor\\\/#primaryimage\",\"url\":\"https:\\\/\\\/letrame.com\\\/catalogo\\\/wp-content\\\/uploads\\\/2024\\\/05\\\/webp_strangeneighbor_174mm-compressed.jpg\",\"contentUrl\":\"https:\\\/\\\/letrame.com\\\/catalogo\\\/wp-content\\\/uploads\\\/2024\\\/05\\\/webp_strangeneighbor_174mm-compressed.jpg\",\"width\":1594,\"height\":2303},{\"@type\":\"BreadcrumbList\",\"@id\":\"https:\\\/\\\/letrame.com\\\/catalogo\\\/producto\\\/strange-neighbor\\\/#breadcrumb\",\"itemListElement\":[{\"@type\":\"ListItem\",\"position\":1,\"name\":\"Portada\",\"item\":\"https:\\\/\\\/letrame.com\\\/catalogo\\\/\"},{\"@type\":\"ListItem\",\"position\":2,\"name\":\"Cat\u00e1logo\",\"item\":\"https:\\\/\\\/letrame.com\\\/catalogo\\\/\"},{\"@type\":\"ListItem\",\"position\":3,\"name\":\"Strange Neighbor\"}]},{\"@type\":\"WebSite\",\"@id\":\"https:\\\/\\\/letrame.com\\\/catalogo\\\/#website\",\"url\":\"https:\\\/\\\/letrame.com\\\/catalogo\\\/\",\"name\":\"Catalogo | Letrame Grupo Editorial\",\"description\":\"\",\"publisher\":{\"@id\":\"https:\\\/\\\/letrame.com\\\/catalogo\\\/#organization\"},\"potentialAction\":[{\"@type\":\"SearchAction\",\"target\":{\"@type\":\"EntryPoint\",\"urlTemplate\":\"https:\\\/\\\/letrame.com\\\/catalogo\\\/?s={search_term_string}\"},\"query-input\":{\"@type\":\"PropertyValueSpecification\",\"valueRequired\":true,\"valueName\":\"search_term_string\"}}],\"inLanguage\":\"es\"},{\"@type\":\"Organization\",\"@id\":\"https:\\\/\\\/letrame.com\\\/catalogo\\\/#organization\",\"name\":\"Catalogo | Letrame Grupo Editorial\",\"url\":\"https:\\\/\\\/letrame.com\\\/catalogo\\\/\",\"logo\":{\"@type\":\"ImageObject\",\"inLanguage\":\"es\",\"@id\":\"https:\\\/\\\/letrame.com\\\/catalogo\\\/#\\\/schema\\\/logo\\\/image\\\/\",\"url\":\"https:\\\/\\\/letrame.com\\\/catalogo\\\/wp-content\\\/uploads\\\/2024\\\/03\\\/logo2.webp\",\"contentUrl\":\"https:\\\/\\\/letrame.com\\\/catalogo\\\/wp-content\\\/uploads\\\/2024\\\/03\\\/logo2.webp\",\"width\":394,\"height\":128,\"caption\":\"Catalogo | Letrame Grupo Editorial\"},\"image\":{\"@id\":\"https:\\\/\\\/letrame.com\\\/catalogo\\\/#\\\/schema\\\/logo\\\/image\\\/\"}}]}<\/script>\n<!-- \/ Yoast SEO plugin. -->","yoast_head_json":{"title":"Strange Neighbor - Catalogo | Letrame Grupo Editorial","robots":{"index":"index","follow":"follow","max-snippet":"max-snippet:-1","max-image-preview":"max-image-preview:large","max-video-preview":"max-video-preview:-1"},"canonical":"https:\/\/letrame.com\/catalogo\/producto\/strange-neighbor\/","og_locale":"es_ES","og_type":"article","og_title":"Strange Neighbor - Catalogo | Letrame Grupo Editorial","og_description":"ISBN:\u00a0978-84-1068-160-6  SINOPSIS Un pueblo, un bosque, una caba\u00f1a, un r\u00edo... La m\u00e1xima expresi\u00f3n de la tranquilidad, profanada el d\u00eda de San Juan de 2022.  Una familia nueva se mud\u00f3 a la ciudad y parec\u00eda que todos ellos tramaban algo. Empezaron a ocurrir asesinatos, desapariciones, sucesos extra\u00f1os... Y todo apuntaba a que ellos eran los culpables. Su vecina no pudo resistir la curiosidad de acercarse al chico de la familia para descubrir sus oscuros secretos. Misterios macabros de los que nadie se salvaba, todo el mundo que ella conoc\u00eda ten\u00eda las manos manchadas de sangre, incluso ella misma. Cada vez, m\u00e1s problemas se abr\u00edan paso. \u00bfC\u00f3mo har\u00e1n para salir con vida y que todo acabe?  Muerte, traici\u00f3n, rencor, torturas, misterio, investigaci\u00f3n, acci\u00f3n, inteligencia, habilidad, amistad, confianza, lealtad, vida, ayuda, romance... \u00bfEst\u00e1s preparado?  &nbsp;","og_url":"https:\/\/letrame.com\/catalogo\/producto\/strange-neighbor\/","og_site_name":"Catalogo | Letrame Grupo Editorial","article_modified_time":"2024-05-23T09:16:35+00:00","og_image":[{"width":1594,"height":2303,"url":"https:\/\/letrame.com\/catalogo\/wp-content\/uploads\/2024\/05\/webp_strangeneighbor_174mm-compressed.jpg","type":"image\/jpeg"}],"twitter_card":"summary_large_image","twitter_misc":{"Tiempo de lectura":"1 minuto"},"schema":{"@context":"https:\/\/schema.org","@graph":[{"@type":"WebPage","@id":"https:\/\/letrame.com\/catalogo\/producto\/strange-neighbor\/","url":"https:\/\/letrame.com\/catalogo\/producto\/strange-neighbor\/","name":"Strange Neighbor - Catalogo | Letrame Grupo Editorial","isPartOf":{"@id":"https:\/\/letrame.com\/catalogo\/#website"},"primaryImageOfPage":{"@id":"https:\/\/letrame.com\/catalogo\/producto\/strange-neighbor\/#primaryimage"},"image":{"@id":"https:\/\/letrame.com\/catalogo\/producto\/strange-neighbor\/#primaryimage"},"thumbnailUrl":"https:\/\/letrame.com\/catalogo\/wp-content\/uploads\/2024\/05\/webp_strangeneighbor_174mm-compressed.jpg","datePublished":"2024-05-23T08:14:38+00:00","dateModified":"2024-05-23T09:16:35+00:00","breadcrumb":{"@id":"https:\/\/letrame.com\/catalogo\/producto\/strange-neighbor\/#breadcrumb"},"inLanguage":"es","potentialAction":[{"@type":"ReadAction","target":["https:\/\/letrame.com\/catalogo\/producto\/strange-neighbor\/"]}]},{"@type":"ImageObject","inLanguage":"es","@id":"https:\/\/letrame.com\/catalogo\/producto\/strange-neighbor\/#primaryimage","url":"https:\/\/letrame.com\/catalogo\/wp-content\/uploads\/2024\/05\/webp_strangeneighbor_174mm-compressed.jpg","contentUrl":"https:\/\/letrame.com\/catalogo\/wp-content\/uploads\/2024\/05\/webp_strangeneighbor_174mm-compressed.jpg","width":1594,"height":2303},{"@type":"BreadcrumbList","@id":"https:\/\/letrame.com\/catalogo\/producto\/strange-neighbor\/#breadcrumb","itemListElement":[{"@type":"ListItem","position":1,"name":"Portada","item":"https:\/\/letrame.com\/catalogo\/"},{"@type":"ListItem","position":2,"name":"Cat\u00e1logo","item":"https:\/\/letrame.com\/catalogo\/"},{"@type":"ListItem","position":3,"name":"Strange Neighbor"}]},{"@type":"WebSite","@id":"https:\/\/letrame.com\/catalogo\/#website","url":"https:\/\/letrame.com\/catalogo\/","name":"Catalogo | Letrame Grupo Editorial","description":"","publisher":{"@id":"https:\/\/letrame.com\/catalogo\/#organization"},"potentialAction":[{"@type":"SearchAction","target":{"@type":"EntryPoint","urlTemplate":"https:\/\/letrame.com\/catalogo\/?s={search_term_string}"},"query-input":{"@type":"PropertyValueSpecification","valueRequired":true,"valueName":"search_term_string"}}],"inLanguage":"es"},{"@type":"Organization","@id":"https:\/\/letrame.com\/catalogo\/#organization","name":"Catalogo | Letrame Grupo Editorial","url":"https:\/\/letrame.com\/catalogo\/","logo":{"@type":"ImageObject","inLanguage":"es","@id":"https:\/\/letrame.com\/catalogo\/#\/schema\/logo\/image\/","url":"https:\/\/letrame.com\/catalogo\/wp-content\/uploads\/2024\/03\/logo2.webp","contentUrl":"https:\/\/letrame.com\/catalogo\/wp-content\/uploads\/2024\/03\/logo2.webp","width":394,"height":128,"caption":"Catalogo | Letrame Grupo Editorial"},"image":{"@id":"https:\/\/letrame.com\/catalogo\/#\/schema\/logo\/image\/"}}]}},"_links":{"self":[{"href":"https:\/\/letrame.com\/catalogo\/wp-json\/wp\/v2\/product\/100924","targetHints":{"allow":["GET"]}}],"collection":[{"href":"https:\/\/letrame.com\/catalogo\/wp-json\/wp\/v2\/product"}],"about":[{"href":"https:\/\/letrame.com\/catalogo\/wp-json\/wp\/v2\/types\/product"}],"replies":[{"embeddable":true,"href":"https:\/\/letrame.com\/catalogo\/wp-json\/wp\/v2\/comments?post=100924"}],"acf:post":[{"embeddable":true,"href":"https:\/\/letrame.com\/catalogo\/wp-json\/wp\/v2\/author_book\/100703"}],"wp:featuredmedia":[{"embeddable":true,"href":"https:\/\/letrame.com\/catalogo\/wp-json\/wp\/v2\/media\/100925"}],"wp:attachment":[{"href":"https:\/\/letrame.com\/catalogo\/wp-json\/wp\/v2\/media?parent=100924"}],"wp:term":[{"taxonomy":"libro","embeddable":true,"href":"https:\/\/letrame.com\/catalogo\/wp-json\/wp\/v2\/libro?post=100924"},{"taxonomy":"product_brand","embeddable":true,"href":"https:\/\/letrame.com\/catalogo\/wp-json\/wp\/v2\/product_brand?post=100924"},{"taxonomy":"product_cat","embeddable":true,"href":"https:\/\/letrame.com\/catalogo\/wp-json\/wp\/v2\/product_cat?post=100924"},{"taxonomy":"product_tag","embeddable":true,"href":"https:\/\/letrame.com\/catalogo\/wp-json\/wp\/v2\/product_tag?post=100924"}],"curies":[{"name":"wp","href":"https:\/\/api.w.org\/{rel}","templated":true}]}}