{"id":100914,"date":"2024-05-23T10:13:06","date_gmt":"2024-05-23T08:13:06","guid":{"rendered":"https:\/\/letrame.com\/catalogo\/producto\/aprende-a-ser-humano\/"},"modified":"2024-06-04T15:38:08","modified_gmt":"2024-06-04T13:38:08","slug":"aprende-a-ser-humano","status":"publish","type":"product","link":"https:\/\/letrame.com\/catalogo\/producto\/aprende-a-ser-humano\/","title":{"rendered":"Aprende a ser humano"},"content":{"rendered":"<p>ISBN:\u00a0978-84-1181-951-0<br \/>\nT\u00edtulo:\u2028APRENDE A SER HUMANO<br \/>\nFecha:\u20282024<br \/>\nP\u00e1ginas:\u00a0278<\/p>\n<p>SINOPSIS<\/p>\n<p>Aprende a ser humano es la vida propia y real de un hombre con muchas experiencias que contar.<br \/>\nUn hombre que naci\u00f3 y sufri\u00f3, muri\u00f3 y resucit\u00f3, se cas\u00f3 y se separ\u00f3, lo encerraron y sali\u00f3, y despu\u00e9s de mucho sufrir aprendi\u00f3 a vivir como la mejor forma de ser feliz.<\/p>\n<p>Ya que vivir. ya de por s\u00ed, es la base para ser feliz, aunque a veces tengas que sufrir.<br \/>\nAprende a ser humano est\u00e1 basada en la opini\u00f3n, reflexi\u00f3n, meditaci\u00f3n y razonamiento de un servidor por y para aprender a ser humano como deber de todo buen ciudadano.<\/p>\n<p>Escrito en forma de rima por pura cortes\u00eda, intenta trasmitir una forma de entender y comprender: \u00bfqu\u00e9 somos?, \u00bfqu\u00e9 hacemos?, \u00bfpor qu\u00e9 estamos aqu\u00ed?<br \/>\n\u00bfCu\u00e1l es nuestra misi\u00f3n? o \u00bfqui\u00e9n es nuestro creador?<br \/>\nAficionado a la filosof\u00eda pura como base de cualquier ciencia o pensamiento, escribe Aprende a ser humano con el objetivo de despertar a muchos m\u00e1s ciudadanos.<br \/>\nJuan ant. raymar<\/p>\n","protected":false},"excerpt":{"rendered":"<p>ISBN:\u00a0978-84-1181-951-0<\/p>\n<p>SINOPSIS<\/p>\n<p>Aprende a ser humano es la vida propia y real de un hombre con muchas experiencias que contar.<br \/>\nUn hombre que naci\u00f3 y sufri\u00f3, muri\u00f3 y resucit\u00f3, se cas\u00f3 y se separ\u00f3, lo encerraron y sali\u00f3, y despu\u00e9s de mucho sufrir aprendi\u00f3 a vivir como la mejor forma de ser feliz.<\/p>\n<p>Ya que vivir. ya de por s\u00ed, es la base para ser feliz, aunque a veces tengas que sufrir.<br \/>\nAprende a ser humano est\u00e1 basada en la opini\u00f3n, reflexi\u00f3n, meditaci\u00f3n y razonamiento de un servidor por y para aprender a ser humano como deber de todo buen ciudadano.<\/p>\n<p>Escrito en forma de rima por pura cortes\u00eda, intenta trasmitir una forma de entender y comprender: \u00bfqu\u00e9 somos?, \u00bfqu\u00e9 hacemos?, \u00bfpor qu\u00e9 estamos aqu\u00ed?<br \/>\n\u00bfCu\u00e1l es nuestra misi\u00f3n? o \u00bfqui\u00e9n es nuestro creador?<br \/>\nAficionado a la filosof\u00eda pura como base de cualquier ciencia o pensamiento, escribe Aprende a ser humano con el objetivo de despertar a muchos m\u00e1s ciudadanos.<br \/>\nJuan ant. raymar<\/p>\n","protected":false},"featured_media":100915,"comment_status":"closed","ping_status":"closed","template":"","meta":{"_acf_changed":false},"libro":[],"product_brand":[],"product_cat":[18],"product_tag":[],"class_list":{"0":"post-100914","1":"product","2":"type-product","3":"status-publish","4":"has-post-thumbnail","6":"product_cat-autoayuda","8":"first","9":"instock","10":"product-type-simple"},"acf":{"autor":[100696],"enlace_de_compra":"https:\/\/www.casadellibro.com\/libro-aprende-a-ser-humano-volumen-ii\/9788411819510\/15972832"},"yoast_head":"<!-- This site is optimized with the Yoast SEO plugin v27.4 - https:\/\/yoast.com\/product\/yoast-seo-wordpress\/ -->\n<title>Aprende a ser humano - Catalogo | Letrame Grupo Editorial<\/title>\n<meta name=\"robots\" content=\"index, follow, max-snippet:-1, max-image-preview:large, max-video-preview:-1\" \/>\n<link rel=\"canonical\" href=\"https:\/\/letrame.com\/catalogo\/producto\/aprende-a-ser-humano\/\" \/>\n<meta property=\"og:locale\" content=\"es_ES\" \/>\n<meta property=\"og:type\" content=\"article\" \/>\n<meta property=\"og:title\" content=\"Aprende a ser humano - Catalogo | Letrame Grupo Editorial\" \/>\n<meta property=\"og:description\" content=\"ISBN:\u00a0978-84-1181-951-0  SINOPSIS  Aprende a ser humano es la vida propia y real de un hombre con muchas experiencias que contar. Un hombre que naci\u00f3 y sufri\u00f3, muri\u00f3 y resucit\u00f3, se cas\u00f3 y se separ\u00f3, lo encerraron y sali\u00f3, y despu\u00e9s de mucho sufrir aprendi\u00f3 a vivir como la mejor forma de ser feliz.  Ya que vivir. ya de por s\u00ed, es la base para ser feliz, aunque a veces tengas que sufrir. Aprende a ser humano est\u00e1 basada en la opini\u00f3n, reflexi\u00f3n, meditaci\u00f3n y razonamiento de un servidor por y para aprender a ser humano como deber de todo buen ciudadano.  Escrito en forma de rima por pura cortes\u00eda, intenta trasmitir una forma de entender y comprender: \u00bfqu\u00e9 somos?, \u00bfqu\u00e9 hacemos?, \u00bfpor qu\u00e9 estamos aqu\u00ed? \u00bfCu\u00e1l es nuestra misi\u00f3n? o \u00bfqui\u00e9n es nuestro creador? Aficionado a la filosof\u00eda pura como base de cualquier ciencia o pensamiento, escribe Aprende a ser humano con el objetivo de despertar a muchos m\u00e1s ciudadanos. Juan ant. raymar\" \/>\n<meta property=\"og:url\" content=\"https:\/\/letrame.com\/catalogo\/producto\/aprende-a-ser-humano\/\" \/>\n<meta property=\"og:site_name\" content=\"Catalogo | Letrame Grupo Editorial\" \/>\n<meta property=\"article:modified_time\" content=\"2024-06-04T13:38:08+00:00\" \/>\n<meta property=\"og:image\" content=\"https:\/\/letrame.com\/catalogo\/wp-content\/uploads\/2024\/05\/p_aprenderaserhumano_1389mm-compressed-scaled-1.jpg\" \/>\n\t<meta property=\"og:image:width\" content=\"1746\" \/>\n\t<meta property=\"og:image:height\" content=\"2560\" \/>\n\t<meta property=\"og:image:type\" content=\"image\/jpeg\" \/>\n<meta name=\"twitter:card\" content=\"summary_large_image\" \/>\n<meta name=\"twitter:label1\" content=\"Tiempo de lectura\" \/>\n\t<meta name=\"twitter:data1\" content=\"1 minuto\" \/>\n<script type=\"application\/ld+json\" class=\"yoast-schema-graph\">{\"@context\":\"https:\\\/\\\/schema.org\",\"@graph\":[{\"@type\":\"WebPage\",\"@id\":\"https:\\\/\\\/letrame.com\\\/catalogo\\\/producto\\\/aprende-a-ser-humano\\\/\",\"url\":\"https:\\\/\\\/letrame.com\\\/catalogo\\\/producto\\\/aprende-a-ser-humano\\\/\",\"name\":\"Aprende a ser humano - Catalogo | Letrame Grupo Editorial\",\"isPartOf\":{\"@id\":\"https:\\\/\\\/letrame.com\\\/catalogo\\\/#website\"},\"primaryImageOfPage\":{\"@id\":\"https:\\\/\\\/letrame.com\\\/catalogo\\\/producto\\\/aprende-a-ser-humano\\\/#primaryimage\"},\"image\":{\"@id\":\"https:\\\/\\\/letrame.com\\\/catalogo\\\/producto\\\/aprende-a-ser-humano\\\/#primaryimage\"},\"thumbnailUrl\":\"https:\\\/\\\/letrame.com\\\/catalogo\\\/wp-content\\\/uploads\\\/2024\\\/05\\\/p_aprenderaserhumano_1389mm-compressed-scaled-1.jpg\",\"datePublished\":\"2024-05-23T08:13:06+00:00\",\"dateModified\":\"2024-06-04T13:38:08+00:00\",\"breadcrumb\":{\"@id\":\"https:\\\/\\\/letrame.com\\\/catalogo\\\/producto\\\/aprende-a-ser-humano\\\/#breadcrumb\"},\"inLanguage\":\"es\",\"potentialAction\":[{\"@type\":\"ReadAction\",\"target\":[\"https:\\\/\\\/letrame.com\\\/catalogo\\\/producto\\\/aprende-a-ser-humano\\\/\"]}]},{\"@type\":\"ImageObject\",\"inLanguage\":\"es\",\"@id\":\"https:\\\/\\\/letrame.com\\\/catalogo\\\/producto\\\/aprende-a-ser-humano\\\/#primaryimage\",\"url\":\"https:\\\/\\\/letrame.com\\\/catalogo\\\/wp-content\\\/uploads\\\/2024\\\/05\\\/p_aprenderaserhumano_1389mm-compressed-scaled-1.jpg\",\"contentUrl\":\"https:\\\/\\\/letrame.com\\\/catalogo\\\/wp-content\\\/uploads\\\/2024\\\/05\\\/p_aprenderaserhumano_1389mm-compressed-scaled-1.jpg\",\"width\":1746,\"height\":2560},{\"@type\":\"BreadcrumbList\",\"@id\":\"https:\\\/\\\/letrame.com\\\/catalogo\\\/producto\\\/aprende-a-ser-humano\\\/#breadcrumb\",\"itemListElement\":[{\"@type\":\"ListItem\",\"position\":1,\"name\":\"Portada\",\"item\":\"https:\\\/\\\/letrame.com\\\/catalogo\\\/\"},{\"@type\":\"ListItem\",\"position\":2,\"name\":\"Cat\u00e1logo\",\"item\":\"https:\\\/\\\/letrame.com\\\/catalogo\\\/\"},{\"@type\":\"ListItem\",\"position\":3,\"name\":\"Aprende a ser humano\"}]},{\"@type\":\"WebSite\",\"@id\":\"https:\\\/\\\/letrame.com\\\/catalogo\\\/#website\",\"url\":\"https:\\\/\\\/letrame.com\\\/catalogo\\\/\",\"name\":\"Catalogo | Letrame Grupo Editorial\",\"description\":\"\",\"publisher\":{\"@id\":\"https:\\\/\\\/letrame.com\\\/catalogo\\\/#organization\"},\"potentialAction\":[{\"@type\":\"SearchAction\",\"target\":{\"@type\":\"EntryPoint\",\"urlTemplate\":\"https:\\\/\\\/letrame.com\\\/catalogo\\\/?s={search_term_string}\"},\"query-input\":{\"@type\":\"PropertyValueSpecification\",\"valueRequired\":true,\"valueName\":\"search_term_string\"}}],\"inLanguage\":\"es\"},{\"@type\":\"Organization\",\"@id\":\"https:\\\/\\\/letrame.com\\\/catalogo\\\/#organization\",\"name\":\"Catalogo | Letrame Grupo Editorial\",\"url\":\"https:\\\/\\\/letrame.com\\\/catalogo\\\/\",\"logo\":{\"@type\":\"ImageObject\",\"inLanguage\":\"es\",\"@id\":\"https:\\\/\\\/letrame.com\\\/catalogo\\\/#\\\/schema\\\/logo\\\/image\\\/\",\"url\":\"https:\\\/\\\/letrame.com\\\/catalogo\\\/wp-content\\\/uploads\\\/2024\\\/03\\\/logo2.webp\",\"contentUrl\":\"https:\\\/\\\/letrame.com\\\/catalogo\\\/wp-content\\\/uploads\\\/2024\\\/03\\\/logo2.webp\",\"width\":394,\"height\":128,\"caption\":\"Catalogo | Letrame Grupo Editorial\"},\"image\":{\"@id\":\"https:\\\/\\\/letrame.com\\\/catalogo\\\/#\\\/schema\\\/logo\\\/image\\\/\"}}]}<\/script>\n<!-- \/ Yoast SEO plugin. -->","yoast_head_json":{"title":"Aprende a ser humano - Catalogo | Letrame Grupo Editorial","robots":{"index":"index","follow":"follow","max-snippet":"max-snippet:-1","max-image-preview":"max-image-preview:large","max-video-preview":"max-video-preview:-1"},"canonical":"https:\/\/letrame.com\/catalogo\/producto\/aprende-a-ser-humano\/","og_locale":"es_ES","og_type":"article","og_title":"Aprende a ser humano - Catalogo | Letrame Grupo Editorial","og_description":"ISBN:\u00a0978-84-1181-951-0  SINOPSIS  Aprende a ser humano es la vida propia y real de un hombre con muchas experiencias que contar. Un hombre que naci\u00f3 y sufri\u00f3, muri\u00f3 y resucit\u00f3, se cas\u00f3 y se separ\u00f3, lo encerraron y sali\u00f3, y despu\u00e9s de mucho sufrir aprendi\u00f3 a vivir como la mejor forma de ser feliz.  Ya que vivir. ya de por s\u00ed, es la base para ser feliz, aunque a veces tengas que sufrir. Aprende a ser humano est\u00e1 basada en la opini\u00f3n, reflexi\u00f3n, meditaci\u00f3n y razonamiento de un servidor por y para aprender a ser humano como deber de todo buen ciudadano.  Escrito en forma de rima por pura cortes\u00eda, intenta trasmitir una forma de entender y comprender: \u00bfqu\u00e9 somos?, \u00bfqu\u00e9 hacemos?, \u00bfpor qu\u00e9 estamos aqu\u00ed? \u00bfCu\u00e1l es nuestra misi\u00f3n? o \u00bfqui\u00e9n es nuestro creador? Aficionado a la filosof\u00eda pura como base de cualquier ciencia o pensamiento, escribe Aprende a ser humano con el objetivo de despertar a muchos m\u00e1s ciudadanos. Juan ant. raymar","og_url":"https:\/\/letrame.com\/catalogo\/producto\/aprende-a-ser-humano\/","og_site_name":"Catalogo | Letrame Grupo Editorial","article_modified_time":"2024-06-04T13:38:08+00:00","og_image":[{"width":1746,"height":2560,"url":"https:\/\/letrame.com\/catalogo\/wp-content\/uploads\/2024\/05\/p_aprenderaserhumano_1389mm-compressed-scaled-1.jpg","type":"image\/jpeg"}],"twitter_card":"summary_large_image","twitter_misc":{"Tiempo de lectura":"1 minuto"},"schema":{"@context":"https:\/\/schema.org","@graph":[{"@type":"WebPage","@id":"https:\/\/letrame.com\/catalogo\/producto\/aprende-a-ser-humano\/","url":"https:\/\/letrame.com\/catalogo\/producto\/aprende-a-ser-humano\/","name":"Aprende a ser humano - Catalogo | Letrame Grupo Editorial","isPartOf":{"@id":"https:\/\/letrame.com\/catalogo\/#website"},"primaryImageOfPage":{"@id":"https:\/\/letrame.com\/catalogo\/producto\/aprende-a-ser-humano\/#primaryimage"},"image":{"@id":"https:\/\/letrame.com\/catalogo\/producto\/aprende-a-ser-humano\/#primaryimage"},"thumbnailUrl":"https:\/\/letrame.com\/catalogo\/wp-content\/uploads\/2024\/05\/p_aprenderaserhumano_1389mm-compressed-scaled-1.jpg","datePublished":"2024-05-23T08:13:06+00:00","dateModified":"2024-06-04T13:38:08+00:00","breadcrumb":{"@id":"https:\/\/letrame.com\/catalogo\/producto\/aprende-a-ser-humano\/#breadcrumb"},"inLanguage":"es","potentialAction":[{"@type":"ReadAction","target":["https:\/\/letrame.com\/catalogo\/producto\/aprende-a-ser-humano\/"]}]},{"@type":"ImageObject","inLanguage":"es","@id":"https:\/\/letrame.com\/catalogo\/producto\/aprende-a-ser-humano\/#primaryimage","url":"https:\/\/letrame.com\/catalogo\/wp-content\/uploads\/2024\/05\/p_aprenderaserhumano_1389mm-compressed-scaled-1.jpg","contentUrl":"https:\/\/letrame.com\/catalogo\/wp-content\/uploads\/2024\/05\/p_aprenderaserhumano_1389mm-compressed-scaled-1.jpg","width":1746,"height":2560},{"@type":"BreadcrumbList","@id":"https:\/\/letrame.com\/catalogo\/producto\/aprende-a-ser-humano\/#breadcrumb","itemListElement":[{"@type":"ListItem","position":1,"name":"Portada","item":"https:\/\/letrame.com\/catalogo\/"},{"@type":"ListItem","position":2,"name":"Cat\u00e1logo","item":"https:\/\/letrame.com\/catalogo\/"},{"@type":"ListItem","position":3,"name":"Aprende a ser humano"}]},{"@type":"WebSite","@id":"https:\/\/letrame.com\/catalogo\/#website","url":"https:\/\/letrame.com\/catalogo\/","name":"Catalogo | Letrame Grupo Editorial","description":"","publisher":{"@id":"https:\/\/letrame.com\/catalogo\/#organization"},"potentialAction":[{"@type":"SearchAction","target":{"@type":"EntryPoint","urlTemplate":"https:\/\/letrame.com\/catalogo\/?s={search_term_string}"},"query-input":{"@type":"PropertyValueSpecification","valueRequired":true,"valueName":"search_term_string"}}],"inLanguage":"es"},{"@type":"Organization","@id":"https:\/\/letrame.com\/catalogo\/#organization","name":"Catalogo | Letrame Grupo Editorial","url":"https:\/\/letrame.com\/catalogo\/","logo":{"@type":"ImageObject","inLanguage":"es","@id":"https:\/\/letrame.com\/catalogo\/#\/schema\/logo\/image\/","url":"https:\/\/letrame.com\/catalogo\/wp-content\/uploads\/2024\/03\/logo2.webp","contentUrl":"https:\/\/letrame.com\/catalogo\/wp-content\/uploads\/2024\/03\/logo2.webp","width":394,"height":128,"caption":"Catalogo | Letrame Grupo Editorial"},"image":{"@id":"https:\/\/letrame.com\/catalogo\/#\/schema\/logo\/image\/"}}]}},"_links":{"self":[{"href":"https:\/\/letrame.com\/catalogo\/wp-json\/wp\/v2\/product\/100914","targetHints":{"allow":["GET"]}}],"collection":[{"href":"https:\/\/letrame.com\/catalogo\/wp-json\/wp\/v2\/product"}],"about":[{"href":"https:\/\/letrame.com\/catalogo\/wp-json\/wp\/v2\/types\/product"}],"replies":[{"embeddable":true,"href":"https:\/\/letrame.com\/catalogo\/wp-json\/wp\/v2\/comments?post=100914"}],"acf:post":[{"embeddable":true,"href":"https:\/\/letrame.com\/catalogo\/wp-json\/wp\/v2\/author_book\/100696"}],"wp:featuredmedia":[{"embeddable":true,"href":"https:\/\/letrame.com\/catalogo\/wp-json\/wp\/v2\/media\/100915"}],"wp:attachment":[{"href":"https:\/\/letrame.com\/catalogo\/wp-json\/wp\/v2\/media?parent=100914"}],"wp:term":[{"taxonomy":"libro","embeddable":true,"href":"https:\/\/letrame.com\/catalogo\/wp-json\/wp\/v2\/libro?post=100914"},{"taxonomy":"product_brand","embeddable":true,"href":"https:\/\/letrame.com\/catalogo\/wp-json\/wp\/v2\/product_brand?post=100914"},{"taxonomy":"product_cat","embeddable":true,"href":"https:\/\/letrame.com\/catalogo\/wp-json\/wp\/v2\/product_cat?post=100914"},{"taxonomy":"product_tag","embeddable":true,"href":"https:\/\/letrame.com\/catalogo\/wp-json\/wp\/v2\/product_tag?post=100914"}],"curies":[{"name":"wp","href":"https:\/\/api.w.org\/{rel}","templated":true}]}}