{"id":100908,"date":"2024-05-23T10:13:06","date_gmt":"2024-05-23T08:13:06","guid":{"rendered":"https:\/\/letrame.com\/catalogo\/producto\/el-informe-libelula\/"},"modified":"2024-06-04T15:38:00","modified_gmt":"2024-06-04T13:38:00","slug":"el-informe-libelula","status":"publish","type":"product","link":"https:\/\/letrame.com\/catalogo\/producto\/el-informe-libelula\/","title":{"rendered":"El informe lib\u00e9lula"},"content":{"rendered":"<p>ISBN:\u00a0978-84-1068-109-5<br \/>\nT\u00edtulo:\u2028EL INFORME LIB\u00c9LULA<br \/>\nFecha:\u20282024<br \/>\nP\u00e1ginas:\u00a0222<br \/>\nSINOPSIS<\/p>\n<p>Enrique acaba de cumplir a\u00f1os. Se las promet\u00eda muy feliz durante su fiesta de celebraci\u00f3n\u2026, hasta que algo cambia el curso de los acontecimientos, dando lugar a una compleja investigaci\u00f3n a contrarreloj.<br \/>\nCon la inestimable ayuda de su padre y sus amigos, en especial de los componentes de su club secreto, tendr\u00e1 que desentra\u00f1ar todas las inc\u00f3gnitas que de repente se han planteado. Esto le llevar\u00e1 a entablar contacto con un enigm\u00e1tico chico, al que apodan Juan Solo.<\/p>\n<p>El informe Lib\u00e9lula es una trepidante novela capaz de presentar una misma trama desde la perspectiva de distintos personajes.<br \/>\nPosee un ritmo fren\u00e9tico. El f\u00fatbol, el esp\u00edritu de los ancestrales samur\u00e1is, Star Wars, el bullying, la literatura, el s\u00edndrome de Asperger e incluso el Derecho se entremezclan en una historia que no dejar\u00e1 indiferente a nadie.<br \/>\nVivimos en una sociedad en la que prima la \u00abbuena\u00bb imagen y en la que ser diferente no est\u00e1 bien visto. La narraci\u00f3n muestra c\u00f3mo se pueden superar las barreras que nos separan de los dem\u00e1s y encontrar lazos que nos unan.<\/p>\n","protected":false},"excerpt":{"rendered":"<p>ISBN:\u00a0978-84-1068-109-5<\/p>\n<p>SINOPSIS<\/p>\n<p>Enrique acaba de cumplir a\u00f1os. Se las promet\u00eda muy feliz durante su fiesta de celebraci\u00f3n\u2026, hasta que algo cambia el curso de los acontecimientos, dando lugar a una compleja investigaci\u00f3n a contrarreloj.<br \/>\nCon la inestimable ayuda de su padre y sus amigos, en especial de los componentes de su club secreto, tendr\u00e1 que desentra\u00f1ar todas las inc\u00f3gnitas que de repente se han planteado. Esto le llevar\u00e1 a entablar contacto con un enigm\u00e1tico chico, al que apodan Juan Solo.<\/p>\n<p>El informe Lib\u00e9lula es una trepidante novela capaz de presentar una misma trama desde la perspectiva de distintos personajes.<br \/>\nPosee un ritmo fren\u00e9tico. El f\u00fatbol, el esp\u00edritu de los ancestrales samur\u00e1is, Star Wars, el bullying, la literatura, el s\u00edndrome de Asperger e incluso el Derecho se entremezclan en una historia que no dejar\u00e1 indiferente a nadie.<br \/>\nVivimos en una sociedad en la que prima la \u00abbuena\u00bb imagen y en la que ser diferente no est\u00e1 bien visto. La narraci\u00f3n muestra c\u00f3mo se pueden superar las barreras que nos separan de los dem\u00e1s y encontrar lazos que nos unan.<\/p>\n<p>&nbsp;<\/p>\n","protected":false},"featured_media":100909,"comment_status":"closed","ping_status":"closed","template":"","meta":{"_acf_changed":false},"libro":[],"product_brand":[],"product_cat":[52],"product_tag":[],"class_list":{"0":"post-100908","1":"product","2":"type-product","3":"status-publish","4":"has-post-thumbnail","6":"product_cat-novela-juvenil","8":"first","9":"instock","10":"product-type-simple"},"acf":{"autor":[73198],"enlace_de_compra":"https:\/\/www.casadellibro.com\/libro-el-informe-libelula\/9788410681095\/15953098"},"yoast_head":"<!-- This site is optimized with the Yoast SEO plugin v26.6 - https:\/\/yoast.com\/wordpress\/plugins\/seo\/ -->\n<title>El informe lib\u00e9lula - Catalogo | Letrame Grupo Editorial<\/title>\n<meta name=\"robots\" content=\"index, follow, max-snippet:-1, max-image-preview:large, max-video-preview:-1\" \/>\n<link rel=\"canonical\" href=\"https:\/\/letrame.com\/catalogo\/producto\/el-informe-libelula\/\" \/>\n<meta property=\"og:locale\" content=\"es_ES\" \/>\n<meta property=\"og:type\" content=\"article\" \/>\n<meta property=\"og:title\" content=\"El informe lib\u00e9lula - Catalogo | Letrame Grupo Editorial\" \/>\n<meta property=\"og:description\" content=\"ISBN:\u00a0978-84-1068-109-5  SINOPSIS  Enrique acaba de cumplir a\u00f1os. Se las promet\u00eda muy feliz durante su fiesta de celebraci\u00f3n\u2026, hasta que algo cambia el curso de los acontecimientos, dando lugar a una compleja investigaci\u00f3n a contrarreloj. Con la inestimable ayuda de su padre y sus amigos, en especial de los componentes de su club secreto, tendr\u00e1 que desentra\u00f1ar todas las inc\u00f3gnitas que de repente se han planteado. Esto le llevar\u00e1 a entablar contacto con un enigm\u00e1tico chico, al que apodan Juan Solo.  El informe Lib\u00e9lula es una trepidante novela capaz de presentar una misma trama desde la perspectiva de distintos personajes. Posee un ritmo fren\u00e9tico. El f\u00fatbol, el esp\u00edritu de los ancestrales samur\u00e1is, Star Wars, el bullying, la literatura, el s\u00edndrome de Asperger e incluso el Derecho se entremezclan en una historia que no dejar\u00e1 indiferente a nadie. Vivimos en una sociedad en la que prima la \u00abbuena\u00bb imagen y en la que ser diferente no est\u00e1 bien visto. La narraci\u00f3n muestra c\u00f3mo se pueden superar las barreras que nos separan de los dem\u00e1s y encontrar lazos que nos unan.  &nbsp;\" \/>\n<meta property=\"og:url\" content=\"https:\/\/letrame.com\/catalogo\/producto\/el-informe-libelula\/\" \/>\n<meta property=\"og:site_name\" content=\"Catalogo | Letrame Grupo Editorial\" \/>\n<meta property=\"article:modified_time\" content=\"2024-06-04T13:38:00+00:00\" \/>\n<meta property=\"og:image\" content=\"https:\/\/letrame.com\/catalogo\/wp-content\/uploads\/2024\/05\/webp_elinformelibelula_1136mm-compressed-scaled-1.jpg\" \/>\n\t<meta property=\"og:image:width\" content=\"1746\" \/>\n\t<meta property=\"og:image:height\" content=\"2560\" \/>\n\t<meta property=\"og:image:type\" content=\"image\/jpeg\" \/>\n<meta name=\"twitter:card\" content=\"summary_large_image\" \/>\n<meta name=\"twitter:label1\" content=\"Tiempo de lectura\" \/>\n\t<meta name=\"twitter:data1\" content=\"2 minutos\" \/>\n<script type=\"application\/ld+json\" class=\"yoast-schema-graph\">{\"@context\":\"https:\/\/schema.org\",\"@graph\":[{\"@type\":\"WebPage\",\"@id\":\"https:\/\/letrame.com\/catalogo\/producto\/el-informe-libelula\/\",\"url\":\"https:\/\/letrame.com\/catalogo\/producto\/el-informe-libelula\/\",\"name\":\"El informe lib\u00e9lula - Catalogo | Letrame Grupo Editorial\",\"isPartOf\":{\"@id\":\"https:\/\/letrame.com\/catalogo\/#website\"},\"primaryImageOfPage\":{\"@id\":\"https:\/\/letrame.com\/catalogo\/producto\/el-informe-libelula\/#primaryimage\"},\"image\":{\"@id\":\"https:\/\/letrame.com\/catalogo\/producto\/el-informe-libelula\/#primaryimage\"},\"thumbnailUrl\":\"https:\/\/letrame.com\/catalogo\/wp-content\/uploads\/2024\/05\/webp_elinformelibelula_1136mm-compressed-scaled-1.jpg\",\"datePublished\":\"2024-05-23T08:13:06+00:00\",\"dateModified\":\"2024-06-04T13:38:00+00:00\",\"breadcrumb\":{\"@id\":\"https:\/\/letrame.com\/catalogo\/producto\/el-informe-libelula\/#breadcrumb\"},\"inLanguage\":\"es\",\"potentialAction\":[{\"@type\":\"ReadAction\",\"target\":[\"https:\/\/letrame.com\/catalogo\/producto\/el-informe-libelula\/\"]}]},{\"@type\":\"ImageObject\",\"inLanguage\":\"es\",\"@id\":\"https:\/\/letrame.com\/catalogo\/producto\/el-informe-libelula\/#primaryimage\",\"url\":\"https:\/\/letrame.com\/catalogo\/wp-content\/uploads\/2024\/05\/webp_elinformelibelula_1136mm-compressed-scaled-1.jpg\",\"contentUrl\":\"https:\/\/letrame.com\/catalogo\/wp-content\/uploads\/2024\/05\/webp_elinformelibelula_1136mm-compressed-scaled-1.jpg\",\"width\":1746,\"height\":2560},{\"@type\":\"BreadcrumbList\",\"@id\":\"https:\/\/letrame.com\/catalogo\/producto\/el-informe-libelula\/#breadcrumb\",\"itemListElement\":[{\"@type\":\"ListItem\",\"position\":1,\"name\":\"Portada\",\"item\":\"https:\/\/letrame.com\/catalogo\/\"},{\"@type\":\"ListItem\",\"position\":2,\"name\":\"Cat\u00e1logo\",\"item\":\"https:\/\/letrame.com\/catalogo\/\"},{\"@type\":\"ListItem\",\"position\":3,\"name\":\"El informe lib\u00e9lula\"}]},{\"@type\":\"WebSite\",\"@id\":\"https:\/\/letrame.com\/catalogo\/#website\",\"url\":\"https:\/\/letrame.com\/catalogo\/\",\"name\":\"Catalogo | Letrame Grupo Editorial\",\"description\":\"\",\"publisher\":{\"@id\":\"https:\/\/letrame.com\/catalogo\/#organization\"},\"potentialAction\":[{\"@type\":\"SearchAction\",\"target\":{\"@type\":\"EntryPoint\",\"urlTemplate\":\"https:\/\/letrame.com\/catalogo\/?s={search_term_string}\"},\"query-input\":{\"@type\":\"PropertyValueSpecification\",\"valueRequired\":true,\"valueName\":\"search_term_string\"}}],\"inLanguage\":\"es\"},{\"@type\":\"Organization\",\"@id\":\"https:\/\/letrame.com\/catalogo\/#organization\",\"name\":\"Catalogo | Letrame Grupo Editorial\",\"url\":\"https:\/\/letrame.com\/catalogo\/\",\"logo\":{\"@type\":\"ImageObject\",\"inLanguage\":\"es\",\"@id\":\"https:\/\/letrame.com\/catalogo\/#\/schema\/logo\/image\/\",\"url\":\"https:\/\/letrame.com\/catalogo\/wp-content\/uploads\/2024\/03\/logo2.webp\",\"contentUrl\":\"https:\/\/letrame.com\/catalogo\/wp-content\/uploads\/2024\/03\/logo2.webp\",\"width\":394,\"height\":128,\"caption\":\"Catalogo | Letrame Grupo Editorial\"},\"image\":{\"@id\":\"https:\/\/letrame.com\/catalogo\/#\/schema\/logo\/image\/\"}}]}<\/script>\n<!-- \/ Yoast SEO plugin. -->","yoast_head_json":{"title":"El informe lib\u00e9lula - Catalogo | Letrame Grupo Editorial","robots":{"index":"index","follow":"follow","max-snippet":"max-snippet:-1","max-image-preview":"max-image-preview:large","max-video-preview":"max-video-preview:-1"},"canonical":"https:\/\/letrame.com\/catalogo\/producto\/el-informe-libelula\/","og_locale":"es_ES","og_type":"article","og_title":"El informe lib\u00e9lula - Catalogo | Letrame Grupo Editorial","og_description":"ISBN:\u00a0978-84-1068-109-5  SINOPSIS  Enrique acaba de cumplir a\u00f1os. Se las promet\u00eda muy feliz durante su fiesta de celebraci\u00f3n\u2026, hasta que algo cambia el curso de los acontecimientos, dando lugar a una compleja investigaci\u00f3n a contrarreloj. Con la inestimable ayuda de su padre y sus amigos, en especial de los componentes de su club secreto, tendr\u00e1 que desentra\u00f1ar todas las inc\u00f3gnitas que de repente se han planteado. Esto le llevar\u00e1 a entablar contacto con un enigm\u00e1tico chico, al que apodan Juan Solo.  El informe Lib\u00e9lula es una trepidante novela capaz de presentar una misma trama desde la perspectiva de distintos personajes. Posee un ritmo fren\u00e9tico. El f\u00fatbol, el esp\u00edritu de los ancestrales samur\u00e1is, Star Wars, el bullying, la literatura, el s\u00edndrome de Asperger e incluso el Derecho se entremezclan en una historia que no dejar\u00e1 indiferente a nadie. Vivimos en una sociedad en la que prima la \u00abbuena\u00bb imagen y en la que ser diferente no est\u00e1 bien visto. La narraci\u00f3n muestra c\u00f3mo se pueden superar las barreras que nos separan de los dem\u00e1s y encontrar lazos que nos unan.  &nbsp;","og_url":"https:\/\/letrame.com\/catalogo\/producto\/el-informe-libelula\/","og_site_name":"Catalogo | Letrame Grupo Editorial","article_modified_time":"2024-06-04T13:38:00+00:00","og_image":[{"width":1746,"height":2560,"url":"https:\/\/letrame.com\/catalogo\/wp-content\/uploads\/2024\/05\/webp_elinformelibelula_1136mm-compressed-scaled-1.jpg","type":"image\/jpeg"}],"twitter_card":"summary_large_image","twitter_misc":{"Tiempo de lectura":"2 minutos"},"schema":{"@context":"https:\/\/schema.org","@graph":[{"@type":"WebPage","@id":"https:\/\/letrame.com\/catalogo\/producto\/el-informe-libelula\/","url":"https:\/\/letrame.com\/catalogo\/producto\/el-informe-libelula\/","name":"El informe lib\u00e9lula - Catalogo | Letrame Grupo Editorial","isPartOf":{"@id":"https:\/\/letrame.com\/catalogo\/#website"},"primaryImageOfPage":{"@id":"https:\/\/letrame.com\/catalogo\/producto\/el-informe-libelula\/#primaryimage"},"image":{"@id":"https:\/\/letrame.com\/catalogo\/producto\/el-informe-libelula\/#primaryimage"},"thumbnailUrl":"https:\/\/letrame.com\/catalogo\/wp-content\/uploads\/2024\/05\/webp_elinformelibelula_1136mm-compressed-scaled-1.jpg","datePublished":"2024-05-23T08:13:06+00:00","dateModified":"2024-06-04T13:38:00+00:00","breadcrumb":{"@id":"https:\/\/letrame.com\/catalogo\/producto\/el-informe-libelula\/#breadcrumb"},"inLanguage":"es","potentialAction":[{"@type":"ReadAction","target":["https:\/\/letrame.com\/catalogo\/producto\/el-informe-libelula\/"]}]},{"@type":"ImageObject","inLanguage":"es","@id":"https:\/\/letrame.com\/catalogo\/producto\/el-informe-libelula\/#primaryimage","url":"https:\/\/letrame.com\/catalogo\/wp-content\/uploads\/2024\/05\/webp_elinformelibelula_1136mm-compressed-scaled-1.jpg","contentUrl":"https:\/\/letrame.com\/catalogo\/wp-content\/uploads\/2024\/05\/webp_elinformelibelula_1136mm-compressed-scaled-1.jpg","width":1746,"height":2560},{"@type":"BreadcrumbList","@id":"https:\/\/letrame.com\/catalogo\/producto\/el-informe-libelula\/#breadcrumb","itemListElement":[{"@type":"ListItem","position":1,"name":"Portada","item":"https:\/\/letrame.com\/catalogo\/"},{"@type":"ListItem","position":2,"name":"Cat\u00e1logo","item":"https:\/\/letrame.com\/catalogo\/"},{"@type":"ListItem","position":3,"name":"El informe lib\u00e9lula"}]},{"@type":"WebSite","@id":"https:\/\/letrame.com\/catalogo\/#website","url":"https:\/\/letrame.com\/catalogo\/","name":"Catalogo | Letrame Grupo Editorial","description":"","publisher":{"@id":"https:\/\/letrame.com\/catalogo\/#organization"},"potentialAction":[{"@type":"SearchAction","target":{"@type":"EntryPoint","urlTemplate":"https:\/\/letrame.com\/catalogo\/?s={search_term_string}"},"query-input":{"@type":"PropertyValueSpecification","valueRequired":true,"valueName":"search_term_string"}}],"inLanguage":"es"},{"@type":"Organization","@id":"https:\/\/letrame.com\/catalogo\/#organization","name":"Catalogo | Letrame Grupo Editorial","url":"https:\/\/letrame.com\/catalogo\/","logo":{"@type":"ImageObject","inLanguage":"es","@id":"https:\/\/letrame.com\/catalogo\/#\/schema\/logo\/image\/","url":"https:\/\/letrame.com\/catalogo\/wp-content\/uploads\/2024\/03\/logo2.webp","contentUrl":"https:\/\/letrame.com\/catalogo\/wp-content\/uploads\/2024\/03\/logo2.webp","width":394,"height":128,"caption":"Catalogo | Letrame Grupo Editorial"},"image":{"@id":"https:\/\/letrame.com\/catalogo\/#\/schema\/logo\/image\/"}}]}},"_links":{"self":[{"href":"https:\/\/letrame.com\/catalogo\/wp-json\/wp\/v2\/product\/100908","targetHints":{"allow":["GET"]}}],"collection":[{"href":"https:\/\/letrame.com\/catalogo\/wp-json\/wp\/v2\/product"}],"about":[{"href":"https:\/\/letrame.com\/catalogo\/wp-json\/wp\/v2\/types\/product"}],"replies":[{"embeddable":true,"href":"https:\/\/letrame.com\/catalogo\/wp-json\/wp\/v2\/comments?post=100908"}],"acf:post":[{"embeddable":true,"href":"https:\/\/letrame.com\/catalogo\/wp-json\/wp\/v2\/author_book\/73198"}],"wp:featuredmedia":[{"embeddable":true,"href":"https:\/\/letrame.com\/catalogo\/wp-json\/wp\/v2\/media\/100909"}],"wp:attachment":[{"href":"https:\/\/letrame.com\/catalogo\/wp-json\/wp\/v2\/media?parent=100908"}],"wp:term":[{"taxonomy":"libro","embeddable":true,"href":"https:\/\/letrame.com\/catalogo\/wp-json\/wp\/v2\/libro?post=100908"},{"taxonomy":"product_brand","embeddable":true,"href":"https:\/\/letrame.com\/catalogo\/wp-json\/wp\/v2\/product_brand?post=100908"},{"taxonomy":"product_cat","embeddable":true,"href":"https:\/\/letrame.com\/catalogo\/wp-json\/wp\/v2\/product_cat?post=100908"},{"taxonomy":"product_tag","embeddable":true,"href":"https:\/\/letrame.com\/catalogo\/wp-json\/wp\/v2\/product_tag?post=100908"}],"curies":[{"name":"wp","href":"https:\/\/api.w.org\/{rel}","templated":true}]}}