{"id":100886,"date":"2024-05-23T10:11:27","date_gmt":"2024-05-23T08:11:27","guid":{"rendered":"https:\/\/letrame.com\/catalogo\/producto\/vitruvio\/"},"modified":"2024-06-04T15:39:04","modified_gmt":"2024-06-04T13:39:04","slug":"vitruvio","status":"publish","type":"product","link":"https:\/\/letrame.com\/catalogo\/producto\/vitruvio\/","title":{"rendered":"Vitruvio"},"content":{"rendered":"<p>ISBN:\u00a0978-84-1181-949-7<br \/>\nT\u00edtulo:\u2028VITRUVIO<br \/>\nFecha:\u20282024<br \/>\nP\u00e1ginas:\u00a0308<br \/>\nSINOPSIS<br \/>\nEscrito en Roma durante el imperio de Augusto, el tratado de Vitruvio contiene el \u00fanico<br \/>\ntestimonio te\u00f3rico de la arquitectura griega. Dormido durante quince siglos en los monasterios benedictinos, al descubrirse en 1414, justific\u00f3 la adopci\u00f3n de la arquitectura grecorromana como piedra angular de la arquitectura renacentista. Con este tratado se funda en 1542 la Academia de la Arquitectura. Factor determinante de la teor\u00eda, la ense\u00f1anza y la pr\u00e1ctica de la arquitectura hasta los albores del siglo XX.<br \/>\nSiendo un libro referencial para los arquitectos, sus textos son muy dif\u00edciles de descifrar, lo que el Arquitecto Benjam\u00edn Villanueva logra con esta lectura cr\u00edtica es ayudar a su comprensi\u00f3n.<\/p>\n","protected":false},"excerpt":{"rendered":"<p>ISBN:\u00a0978-84-1181-949-7<\/p>\n<p>SINOPSIS<br \/>\nEscrito en Roma durante el imperio de Augusto, el tratado de Vitruvio contiene el \u00fanico<br \/>\ntestimonio te\u00f3rico de la arquitectura griega. Dormido durante quince siglos en los monasterios benedictinos, al descubrirse en 1414, justific\u00f3 la adopci\u00f3n de la arquitectura grecorromana como piedra angular de la arquitectura renacentista. Con este tratado se funda en 1542 la Academia de la Arquitectura. Factor determinante de la teor\u00eda, la ense\u00f1anza y la pr\u00e1ctica de la arquitectura hasta los albores del siglo XX.<br \/>\nSiendo un libro referencial para los arquitectos, sus textos son muy dif\u00edciles de descifrar, lo que el Arquitecto Benjam\u00edn Villanueva logra con esta lectura cr\u00edtica es ayudar a su comprensi\u00f3n.<\/p>\n<p>&nbsp;<\/p>\n","protected":false},"featured_media":100887,"comment_status":"closed","ping_status":"closed","template":"","meta":{"_acf_changed":false},"libro":[],"product_brand":[],"product_cat":[114],"product_tag":[],"class_list":{"0":"post-100886","1":"product","2":"type-product","3":"status-publish","4":"has-post-thumbnail","6":"product_cat-arquitectura","8":"first","9":"instock","10":"product-type-simple"},"acf":{"autor":[100676],"enlace_de_compra":"https:\/\/www.casadellibro.com\/libro-vitruvio\/9788411819497\/15953092"},"yoast_head":"<!-- This site is optimized with the Yoast SEO plugin v27.4 - https:\/\/yoast.com\/product\/yoast-seo-wordpress\/ -->\n<title>Vitruvio - Catalogo | Letrame Grupo Editorial<\/title>\n<meta name=\"robots\" content=\"index, follow, max-snippet:-1, max-image-preview:large, max-video-preview:-1\" \/>\n<link rel=\"canonical\" href=\"https:\/\/letrame.com\/catalogo\/producto\/vitruvio\/\" \/>\n<meta property=\"og:locale\" content=\"es_ES\" \/>\n<meta property=\"og:type\" content=\"article\" \/>\n<meta property=\"og:title\" content=\"Vitruvio - Catalogo | Letrame Grupo Editorial\" \/>\n<meta property=\"og:description\" content=\"ISBN:\u00a0978-84-1181-949-7  SINOPSIS Escrito en Roma durante el imperio de Augusto, el tratado de Vitruvio contiene el \u00fanico testimonio te\u00f3rico de la arquitectura griega. Dormido durante quince siglos en los monasterios benedictinos, al descubrirse en 1414, justific\u00f3 la adopci\u00f3n de la arquitectura grecorromana como piedra angular de la arquitectura renacentista. Con este tratado se funda en 1542 la Academia de la Arquitectura. Factor determinante de la teor\u00eda, la ense\u00f1anza y la pr\u00e1ctica de la arquitectura hasta los albores del siglo XX. Siendo un libro referencial para los arquitectos, sus textos son muy dif\u00edciles de descifrar, lo que el Arquitecto Benjam\u00edn Villanueva logra con esta lectura cr\u00edtica es ayudar a su comprensi\u00f3n.  &nbsp;\" \/>\n<meta property=\"og:url\" content=\"https:\/\/letrame.com\/catalogo\/producto\/vitruvio\/\" \/>\n<meta property=\"og:site_name\" content=\"Catalogo | Letrame Grupo Editorial\" \/>\n<meta property=\"article:modified_time\" content=\"2024-06-04T13:39:04+00:00\" \/>\n<meta property=\"og:image\" content=\"https:\/\/letrame.com\/catalogo\/wp-content\/uploads\/2024\/05\/webp_vitruvio_1738mm-compressed-scaled-1.jpg\" \/>\n\t<meta property=\"og:image:width\" content=\"1746\" \/>\n\t<meta property=\"og:image:height\" content=\"2560\" \/>\n\t<meta property=\"og:image:type\" content=\"image\/jpeg\" \/>\n<meta name=\"twitter:card\" content=\"summary_large_image\" \/>\n<meta name=\"twitter:label1\" content=\"Tiempo de lectura\" \/>\n\t<meta name=\"twitter:data1\" content=\"1 minuto\" \/>\n<script type=\"application\/ld+json\" class=\"yoast-schema-graph\">{\"@context\":\"https:\\\/\\\/schema.org\",\"@graph\":[{\"@type\":\"WebPage\",\"@id\":\"https:\\\/\\\/letrame.com\\\/catalogo\\\/producto\\\/vitruvio\\\/\",\"url\":\"https:\\\/\\\/letrame.com\\\/catalogo\\\/producto\\\/vitruvio\\\/\",\"name\":\"Vitruvio - Catalogo | Letrame Grupo Editorial\",\"isPartOf\":{\"@id\":\"https:\\\/\\\/letrame.com\\\/catalogo\\\/#website\"},\"primaryImageOfPage\":{\"@id\":\"https:\\\/\\\/letrame.com\\\/catalogo\\\/producto\\\/vitruvio\\\/#primaryimage\"},\"image\":{\"@id\":\"https:\\\/\\\/letrame.com\\\/catalogo\\\/producto\\\/vitruvio\\\/#primaryimage\"},\"thumbnailUrl\":\"https:\\\/\\\/letrame.com\\\/catalogo\\\/wp-content\\\/uploads\\\/2024\\\/05\\\/webp_vitruvio_1738mm-compressed-scaled-1.jpg\",\"datePublished\":\"2024-05-23T08:11:27+00:00\",\"dateModified\":\"2024-06-04T13:39:04+00:00\",\"breadcrumb\":{\"@id\":\"https:\\\/\\\/letrame.com\\\/catalogo\\\/producto\\\/vitruvio\\\/#breadcrumb\"},\"inLanguage\":\"es\",\"potentialAction\":[{\"@type\":\"ReadAction\",\"target\":[\"https:\\\/\\\/letrame.com\\\/catalogo\\\/producto\\\/vitruvio\\\/\"]}]},{\"@type\":\"ImageObject\",\"inLanguage\":\"es\",\"@id\":\"https:\\\/\\\/letrame.com\\\/catalogo\\\/producto\\\/vitruvio\\\/#primaryimage\",\"url\":\"https:\\\/\\\/letrame.com\\\/catalogo\\\/wp-content\\\/uploads\\\/2024\\\/05\\\/webp_vitruvio_1738mm-compressed-scaled-1.jpg\",\"contentUrl\":\"https:\\\/\\\/letrame.com\\\/catalogo\\\/wp-content\\\/uploads\\\/2024\\\/05\\\/webp_vitruvio_1738mm-compressed-scaled-1.jpg\",\"width\":1746,\"height\":2560},{\"@type\":\"BreadcrumbList\",\"@id\":\"https:\\\/\\\/letrame.com\\\/catalogo\\\/producto\\\/vitruvio\\\/#breadcrumb\",\"itemListElement\":[{\"@type\":\"ListItem\",\"position\":1,\"name\":\"Portada\",\"item\":\"https:\\\/\\\/letrame.com\\\/catalogo\\\/\"},{\"@type\":\"ListItem\",\"position\":2,\"name\":\"Cat\u00e1logo\",\"item\":\"https:\\\/\\\/letrame.com\\\/catalogo\\\/\"},{\"@type\":\"ListItem\",\"position\":3,\"name\":\"Vitruvio\"}]},{\"@type\":\"WebSite\",\"@id\":\"https:\\\/\\\/letrame.com\\\/catalogo\\\/#website\",\"url\":\"https:\\\/\\\/letrame.com\\\/catalogo\\\/\",\"name\":\"Catalogo | Letrame Grupo Editorial\",\"description\":\"\",\"publisher\":{\"@id\":\"https:\\\/\\\/letrame.com\\\/catalogo\\\/#organization\"},\"potentialAction\":[{\"@type\":\"SearchAction\",\"target\":{\"@type\":\"EntryPoint\",\"urlTemplate\":\"https:\\\/\\\/letrame.com\\\/catalogo\\\/?s={search_term_string}\"},\"query-input\":{\"@type\":\"PropertyValueSpecification\",\"valueRequired\":true,\"valueName\":\"search_term_string\"}}],\"inLanguage\":\"es\"},{\"@type\":\"Organization\",\"@id\":\"https:\\\/\\\/letrame.com\\\/catalogo\\\/#organization\",\"name\":\"Catalogo | Letrame Grupo Editorial\",\"url\":\"https:\\\/\\\/letrame.com\\\/catalogo\\\/\",\"logo\":{\"@type\":\"ImageObject\",\"inLanguage\":\"es\",\"@id\":\"https:\\\/\\\/letrame.com\\\/catalogo\\\/#\\\/schema\\\/logo\\\/image\\\/\",\"url\":\"https:\\\/\\\/letrame.com\\\/catalogo\\\/wp-content\\\/uploads\\\/2024\\\/03\\\/logo2.webp\",\"contentUrl\":\"https:\\\/\\\/letrame.com\\\/catalogo\\\/wp-content\\\/uploads\\\/2024\\\/03\\\/logo2.webp\",\"width\":394,\"height\":128,\"caption\":\"Catalogo | Letrame Grupo Editorial\"},\"image\":{\"@id\":\"https:\\\/\\\/letrame.com\\\/catalogo\\\/#\\\/schema\\\/logo\\\/image\\\/\"}}]}<\/script>\n<!-- \/ Yoast SEO plugin. -->","yoast_head_json":{"title":"Vitruvio - Catalogo | Letrame Grupo Editorial","robots":{"index":"index","follow":"follow","max-snippet":"max-snippet:-1","max-image-preview":"max-image-preview:large","max-video-preview":"max-video-preview:-1"},"canonical":"https:\/\/letrame.com\/catalogo\/producto\/vitruvio\/","og_locale":"es_ES","og_type":"article","og_title":"Vitruvio - Catalogo | Letrame Grupo Editorial","og_description":"ISBN:\u00a0978-84-1181-949-7  SINOPSIS Escrito en Roma durante el imperio de Augusto, el tratado de Vitruvio contiene el \u00fanico testimonio te\u00f3rico de la arquitectura griega. Dormido durante quince siglos en los monasterios benedictinos, al descubrirse en 1414, justific\u00f3 la adopci\u00f3n de la arquitectura grecorromana como piedra angular de la arquitectura renacentista. Con este tratado se funda en 1542 la Academia de la Arquitectura. Factor determinante de la teor\u00eda, la ense\u00f1anza y la pr\u00e1ctica de la arquitectura hasta los albores del siglo XX. Siendo un libro referencial para los arquitectos, sus textos son muy dif\u00edciles de descifrar, lo que el Arquitecto Benjam\u00edn Villanueva logra con esta lectura cr\u00edtica es ayudar a su comprensi\u00f3n.  &nbsp;","og_url":"https:\/\/letrame.com\/catalogo\/producto\/vitruvio\/","og_site_name":"Catalogo | Letrame Grupo Editorial","article_modified_time":"2024-06-04T13:39:04+00:00","og_image":[{"width":1746,"height":2560,"url":"https:\/\/letrame.com\/catalogo\/wp-content\/uploads\/2024\/05\/webp_vitruvio_1738mm-compressed-scaled-1.jpg","type":"image\/jpeg"}],"twitter_card":"summary_large_image","twitter_misc":{"Tiempo de lectura":"1 minuto"},"schema":{"@context":"https:\/\/schema.org","@graph":[{"@type":"WebPage","@id":"https:\/\/letrame.com\/catalogo\/producto\/vitruvio\/","url":"https:\/\/letrame.com\/catalogo\/producto\/vitruvio\/","name":"Vitruvio - Catalogo | Letrame Grupo Editorial","isPartOf":{"@id":"https:\/\/letrame.com\/catalogo\/#website"},"primaryImageOfPage":{"@id":"https:\/\/letrame.com\/catalogo\/producto\/vitruvio\/#primaryimage"},"image":{"@id":"https:\/\/letrame.com\/catalogo\/producto\/vitruvio\/#primaryimage"},"thumbnailUrl":"https:\/\/letrame.com\/catalogo\/wp-content\/uploads\/2024\/05\/webp_vitruvio_1738mm-compressed-scaled-1.jpg","datePublished":"2024-05-23T08:11:27+00:00","dateModified":"2024-06-04T13:39:04+00:00","breadcrumb":{"@id":"https:\/\/letrame.com\/catalogo\/producto\/vitruvio\/#breadcrumb"},"inLanguage":"es","potentialAction":[{"@type":"ReadAction","target":["https:\/\/letrame.com\/catalogo\/producto\/vitruvio\/"]}]},{"@type":"ImageObject","inLanguage":"es","@id":"https:\/\/letrame.com\/catalogo\/producto\/vitruvio\/#primaryimage","url":"https:\/\/letrame.com\/catalogo\/wp-content\/uploads\/2024\/05\/webp_vitruvio_1738mm-compressed-scaled-1.jpg","contentUrl":"https:\/\/letrame.com\/catalogo\/wp-content\/uploads\/2024\/05\/webp_vitruvio_1738mm-compressed-scaled-1.jpg","width":1746,"height":2560},{"@type":"BreadcrumbList","@id":"https:\/\/letrame.com\/catalogo\/producto\/vitruvio\/#breadcrumb","itemListElement":[{"@type":"ListItem","position":1,"name":"Portada","item":"https:\/\/letrame.com\/catalogo\/"},{"@type":"ListItem","position":2,"name":"Cat\u00e1logo","item":"https:\/\/letrame.com\/catalogo\/"},{"@type":"ListItem","position":3,"name":"Vitruvio"}]},{"@type":"WebSite","@id":"https:\/\/letrame.com\/catalogo\/#website","url":"https:\/\/letrame.com\/catalogo\/","name":"Catalogo | Letrame Grupo Editorial","description":"","publisher":{"@id":"https:\/\/letrame.com\/catalogo\/#organization"},"potentialAction":[{"@type":"SearchAction","target":{"@type":"EntryPoint","urlTemplate":"https:\/\/letrame.com\/catalogo\/?s={search_term_string}"},"query-input":{"@type":"PropertyValueSpecification","valueRequired":true,"valueName":"search_term_string"}}],"inLanguage":"es"},{"@type":"Organization","@id":"https:\/\/letrame.com\/catalogo\/#organization","name":"Catalogo | Letrame Grupo Editorial","url":"https:\/\/letrame.com\/catalogo\/","logo":{"@type":"ImageObject","inLanguage":"es","@id":"https:\/\/letrame.com\/catalogo\/#\/schema\/logo\/image\/","url":"https:\/\/letrame.com\/catalogo\/wp-content\/uploads\/2024\/03\/logo2.webp","contentUrl":"https:\/\/letrame.com\/catalogo\/wp-content\/uploads\/2024\/03\/logo2.webp","width":394,"height":128,"caption":"Catalogo | Letrame Grupo Editorial"},"image":{"@id":"https:\/\/letrame.com\/catalogo\/#\/schema\/logo\/image\/"}}]}},"_links":{"self":[{"href":"https:\/\/letrame.com\/catalogo\/wp-json\/wp\/v2\/product\/100886","targetHints":{"allow":["GET"]}}],"collection":[{"href":"https:\/\/letrame.com\/catalogo\/wp-json\/wp\/v2\/product"}],"about":[{"href":"https:\/\/letrame.com\/catalogo\/wp-json\/wp\/v2\/types\/product"}],"replies":[{"embeddable":true,"href":"https:\/\/letrame.com\/catalogo\/wp-json\/wp\/v2\/comments?post=100886"}],"acf:post":[{"embeddable":true,"href":"https:\/\/letrame.com\/catalogo\/wp-json\/wp\/v2\/author_book\/100676"}],"wp:featuredmedia":[{"embeddable":true,"href":"https:\/\/letrame.com\/catalogo\/wp-json\/wp\/v2\/media\/100887"}],"wp:attachment":[{"href":"https:\/\/letrame.com\/catalogo\/wp-json\/wp\/v2\/media?parent=100886"}],"wp:term":[{"taxonomy":"libro","embeddable":true,"href":"https:\/\/letrame.com\/catalogo\/wp-json\/wp\/v2\/libro?post=100886"},{"taxonomy":"product_brand","embeddable":true,"href":"https:\/\/letrame.com\/catalogo\/wp-json\/wp\/v2\/product_brand?post=100886"},{"taxonomy":"product_cat","embeddable":true,"href":"https:\/\/letrame.com\/catalogo\/wp-json\/wp\/v2\/product_cat?post=100886"},{"taxonomy":"product_tag","embeddable":true,"href":"https:\/\/letrame.com\/catalogo\/wp-json\/wp\/v2\/product_tag?post=100886"}],"curies":[{"name":"wp","href":"https:\/\/api.w.org\/{rel}","templated":true}]}}