{"id":100882,"date":"2024-05-23T10:11:27","date_gmt":"2024-05-23T08:11:27","guid":{"rendered":"https:\/\/letrame.com\/catalogo\/producto\/amor-y-guerra-en-la-amazonia\/"},"modified":"2024-07-03T13:32:06","modified_gmt":"2024-07-03T11:32:06","slug":"amor-y-guerra-en-la-amazonia","status":"publish","type":"product","link":"https:\/\/letrame.com\/catalogo\/producto\/amor-y-guerra-en-la-amazonia\/","title":{"rendered":"AMOR Y GUERRA EN LA AMAZONIA"},"content":{"rendered":"<p>ISBN:\u00a0978-84-1068-085-2<br \/>\nT\u00edtulo:\u2028AMOR Y GUERRA EN LA AMAZONIA<br \/>\nFecha:\u20282024<br \/>\nP\u00e1ginas:\u00a0378<br \/>\nSINOPSIS<br \/>\nEn lo m\u00e1s profundo de la selva amaz\u00f3nica, una joven ind\u00edgena, Pilar, lucha por sobrevivir contra el despiadado imperio del caucho de Julio Arana. Criada por su padre, un rico terrateniente que tuvo un romance con una de sus trabajadoras ind\u00edgenas, y entrenada en el combate por un cham\u00e1n Witoto, Pilar une fuerzas con su pueblo para resistir y derrotar a los invasores blancos que pretenden controlar sus tierras. En medio de un tri\u00e1ngulo amoroso y de la agitaci\u00f3n pol\u00edtica entre Colombia y Per\u00fa por el asentamiento fronterizo, Pilar se convierte en una informante crucial para la resistencia ind\u00edgena. Pero cuando es secuestrada por un oficial colombiano, se desencadena una serie de acontecimientos que desembocan en una guerra total en el Amazonas. Con los ej\u00e9rcitos de ambos bandos enfrentados en el caos y la traici\u00f3n, Pilar debe utilizar todas sus habilidades para proteger a su pueblo y luchar por su libertad. Esta apasionante historia est\u00e1 inspirada en hechos reales y muestra el valor y la determinaci\u00f3n de una mujer frente al peligro y la injusticia causados por la colonizaci\u00f3n y esclavizaci\u00f3n de los pueblos ind\u00edgenas del Amazonas.<\/p>\n","protected":false},"excerpt":{"rendered":"<p>ISBN:\u00a0978-84-1068-085-2<\/p>\n<p>SINOPSIS<br \/>\nEn lo m\u00e1s profundo de la selva amaz\u00f3nica, una joven ind\u00edgena, Pilar, lucha por sobrevivir contra el despiadado imperio del caucho de Julio Arana. Criada por su padre, un rico terrateniente que tuvo un romance con una de sus trabajadoras ind\u00edgenas, y entrenada en el combate por un cham\u00e1n Witoto, Pilar une fuerzas con su pueblo para resistir y derrotar a los invasores blancos que pretenden controlar sus tierras. En medio de un tri\u00e1ngulo amoroso y de la agitaci\u00f3n pol\u00edtica entre Colombia y Per\u00fa por el asentamiento fronterizo, Pilar se convierte en una informante crucial para la resistencia ind\u00edgena. Pero cuando es secuestrada por un oficial colombiano, se desencadena una serie de acontecimientos que desembocan en una guerra total en el Amazonas. Con los ej\u00e9rcitos de ambos bandos enfrentados en el caos y la traici\u00f3n, Pilar debe utilizar todas sus habilidades para proteger a su pueblo y luchar por su libertad. Esta apasionante historia est\u00e1 inspirada en hechos reales y muestra el valor y la determinaci\u00f3n de una mujer frente al peligro y la injusticia causados por la colonizaci\u00f3n y esclavizaci\u00f3n de los pueblos ind\u00edgenas del Amazonas.<\/p>\n<p>&nbsp;<\/p>\n","protected":false},"featured_media":100883,"comment_status":"closed","ping_status":"closed","template":"","meta":{"_acf_changed":false},"libro":[],"product_brand":[],"product_cat":[29],"product_tag":[],"class_list":{"0":"post-100882","1":"product","2":"type-product","3":"status-publish","4":"has-post-thumbnail","6":"product_cat-novela-historica","8":"first","9":"instock","10":"product-type-simple"},"acf":{"autor":[100672],"enlace_de_compra":"https:\/\/amzn.to\/3VNeTYl"},"yoast_head":"<!-- This site is optimized with the Yoast SEO plugin v26.6 - https:\/\/yoast.com\/wordpress\/plugins\/seo\/ -->\n<title>AMOR Y GUERRA EN LA AMAZONIA - Catalogo | Letrame Grupo Editorial<\/title>\n<meta name=\"robots\" content=\"index, follow, max-snippet:-1, max-image-preview:large, max-video-preview:-1\" \/>\n<link rel=\"canonical\" href=\"https:\/\/letrame.com\/catalogo\/producto\/amor-y-guerra-en-la-amazonia\/\" \/>\n<meta property=\"og:locale\" content=\"es_ES\" \/>\n<meta property=\"og:type\" content=\"article\" \/>\n<meta property=\"og:title\" content=\"AMOR Y GUERRA EN LA AMAZONIA - Catalogo | Letrame Grupo Editorial\" \/>\n<meta property=\"og:description\" content=\"ISBN:\u00a0978-84-1068-085-2  SINOPSIS En lo m\u00e1s profundo de la selva amaz\u00f3nica, una joven ind\u00edgena, Pilar, lucha por sobrevivir contra el despiadado imperio del caucho de Julio Arana. Criada por su padre, un rico terrateniente que tuvo un romance con una de sus trabajadoras ind\u00edgenas, y entrenada en el combate por un cham\u00e1n Witoto, Pilar une fuerzas con su pueblo para resistir y derrotar a los invasores blancos que pretenden controlar sus tierras. En medio de un tri\u00e1ngulo amoroso y de la agitaci\u00f3n pol\u00edtica entre Colombia y Per\u00fa por el asentamiento fronterizo, Pilar se convierte en una informante crucial para la resistencia ind\u00edgena. Pero cuando es secuestrada por un oficial colombiano, se desencadena una serie de acontecimientos que desembocan en una guerra total en el Amazonas. Con los ej\u00e9rcitos de ambos bandos enfrentados en el caos y la traici\u00f3n, Pilar debe utilizar todas sus habilidades para proteger a su pueblo y luchar por su libertad. Esta apasionante historia est\u00e1 inspirada en hechos reales y muestra el valor y la determinaci\u00f3n de una mujer frente al peligro y la injusticia causados por la colonizaci\u00f3n y esclavizaci\u00f3n de los pueblos ind\u00edgenas del Amazonas.  &nbsp;\" \/>\n<meta property=\"og:url\" content=\"https:\/\/letrame.com\/catalogo\/producto\/amor-y-guerra-en-la-amazonia\/\" \/>\n<meta property=\"og:site_name\" content=\"Catalogo | Letrame Grupo Editorial\" \/>\n<meta property=\"article:modified_time\" content=\"2024-07-03T11:32:06+00:00\" \/>\n<meta property=\"og:image\" content=\"https:\/\/letrame.com\/catalogo\/wp-content\/uploads\/2024\/05\/webp_amoryguerra_2071mm-compressed-scaled-1.jpg\" \/>\n\t<meta property=\"og:image:width\" content=\"1746\" \/>\n\t<meta property=\"og:image:height\" content=\"2560\" \/>\n\t<meta property=\"og:image:type\" content=\"image\/jpeg\" \/>\n<meta name=\"twitter:card\" content=\"summary_large_image\" \/>\n<meta name=\"twitter:label1\" content=\"Tiempo de lectura\" \/>\n\t<meta name=\"twitter:data1\" content=\"2 minutos\" \/>\n<script type=\"application\/ld+json\" class=\"yoast-schema-graph\">{\"@context\":\"https:\/\/schema.org\",\"@graph\":[{\"@type\":\"WebPage\",\"@id\":\"https:\/\/letrame.com\/catalogo\/producto\/amor-y-guerra-en-la-amazonia\/\",\"url\":\"https:\/\/letrame.com\/catalogo\/producto\/amor-y-guerra-en-la-amazonia\/\",\"name\":\"AMOR Y GUERRA EN LA AMAZONIA - Catalogo | Letrame Grupo Editorial\",\"isPartOf\":{\"@id\":\"https:\/\/letrame.com\/catalogo\/#website\"},\"primaryImageOfPage\":{\"@id\":\"https:\/\/letrame.com\/catalogo\/producto\/amor-y-guerra-en-la-amazonia\/#primaryimage\"},\"image\":{\"@id\":\"https:\/\/letrame.com\/catalogo\/producto\/amor-y-guerra-en-la-amazonia\/#primaryimage\"},\"thumbnailUrl\":\"https:\/\/letrame.com\/catalogo\/wp-content\/uploads\/2024\/05\/webp_amoryguerra_2071mm-compressed-scaled-1.jpg\",\"datePublished\":\"2024-05-23T08:11:27+00:00\",\"dateModified\":\"2024-07-03T11:32:06+00:00\",\"breadcrumb\":{\"@id\":\"https:\/\/letrame.com\/catalogo\/producto\/amor-y-guerra-en-la-amazonia\/#breadcrumb\"},\"inLanguage\":\"es\",\"potentialAction\":[{\"@type\":\"ReadAction\",\"target\":[\"https:\/\/letrame.com\/catalogo\/producto\/amor-y-guerra-en-la-amazonia\/\"]}]},{\"@type\":\"ImageObject\",\"inLanguage\":\"es\",\"@id\":\"https:\/\/letrame.com\/catalogo\/producto\/amor-y-guerra-en-la-amazonia\/#primaryimage\",\"url\":\"https:\/\/letrame.com\/catalogo\/wp-content\/uploads\/2024\/05\/webp_amoryguerra_2071mm-compressed-scaled-1.jpg\",\"contentUrl\":\"https:\/\/letrame.com\/catalogo\/wp-content\/uploads\/2024\/05\/webp_amoryguerra_2071mm-compressed-scaled-1.jpg\",\"width\":1746,\"height\":2560},{\"@type\":\"BreadcrumbList\",\"@id\":\"https:\/\/letrame.com\/catalogo\/producto\/amor-y-guerra-en-la-amazonia\/#breadcrumb\",\"itemListElement\":[{\"@type\":\"ListItem\",\"position\":1,\"name\":\"Portada\",\"item\":\"https:\/\/letrame.com\/catalogo\/\"},{\"@type\":\"ListItem\",\"position\":2,\"name\":\"Cat\u00e1logo\",\"item\":\"https:\/\/letrame.com\/catalogo\/\"},{\"@type\":\"ListItem\",\"position\":3,\"name\":\"AMOR Y GUERRA EN LA AMAZONIA\"}]},{\"@type\":\"WebSite\",\"@id\":\"https:\/\/letrame.com\/catalogo\/#website\",\"url\":\"https:\/\/letrame.com\/catalogo\/\",\"name\":\"Catalogo | Letrame Grupo Editorial\",\"description\":\"\",\"publisher\":{\"@id\":\"https:\/\/letrame.com\/catalogo\/#organization\"},\"potentialAction\":[{\"@type\":\"SearchAction\",\"target\":{\"@type\":\"EntryPoint\",\"urlTemplate\":\"https:\/\/letrame.com\/catalogo\/?s={search_term_string}\"},\"query-input\":{\"@type\":\"PropertyValueSpecification\",\"valueRequired\":true,\"valueName\":\"search_term_string\"}}],\"inLanguage\":\"es\"},{\"@type\":\"Organization\",\"@id\":\"https:\/\/letrame.com\/catalogo\/#organization\",\"name\":\"Catalogo | Letrame Grupo Editorial\",\"url\":\"https:\/\/letrame.com\/catalogo\/\",\"logo\":{\"@type\":\"ImageObject\",\"inLanguage\":\"es\",\"@id\":\"https:\/\/letrame.com\/catalogo\/#\/schema\/logo\/image\/\",\"url\":\"https:\/\/letrame.com\/catalogo\/wp-content\/uploads\/2024\/03\/logo2.webp\",\"contentUrl\":\"https:\/\/letrame.com\/catalogo\/wp-content\/uploads\/2024\/03\/logo2.webp\",\"width\":394,\"height\":128,\"caption\":\"Catalogo | Letrame Grupo Editorial\"},\"image\":{\"@id\":\"https:\/\/letrame.com\/catalogo\/#\/schema\/logo\/image\/\"}}]}<\/script>\n<!-- \/ Yoast SEO plugin. -->","yoast_head_json":{"title":"AMOR Y GUERRA EN LA AMAZONIA - Catalogo | Letrame Grupo Editorial","robots":{"index":"index","follow":"follow","max-snippet":"max-snippet:-1","max-image-preview":"max-image-preview:large","max-video-preview":"max-video-preview:-1"},"canonical":"https:\/\/letrame.com\/catalogo\/producto\/amor-y-guerra-en-la-amazonia\/","og_locale":"es_ES","og_type":"article","og_title":"AMOR Y GUERRA EN LA AMAZONIA - Catalogo | Letrame Grupo Editorial","og_description":"ISBN:\u00a0978-84-1068-085-2  SINOPSIS En lo m\u00e1s profundo de la selva amaz\u00f3nica, una joven ind\u00edgena, Pilar, lucha por sobrevivir contra el despiadado imperio del caucho de Julio Arana. Criada por su padre, un rico terrateniente que tuvo un romance con una de sus trabajadoras ind\u00edgenas, y entrenada en el combate por un cham\u00e1n Witoto, Pilar une fuerzas con su pueblo para resistir y derrotar a los invasores blancos que pretenden controlar sus tierras. En medio de un tri\u00e1ngulo amoroso y de la agitaci\u00f3n pol\u00edtica entre Colombia y Per\u00fa por el asentamiento fronterizo, Pilar se convierte en una informante crucial para la resistencia ind\u00edgena. Pero cuando es secuestrada por un oficial colombiano, se desencadena una serie de acontecimientos que desembocan en una guerra total en el Amazonas. Con los ej\u00e9rcitos de ambos bandos enfrentados en el caos y la traici\u00f3n, Pilar debe utilizar todas sus habilidades para proteger a su pueblo y luchar por su libertad. Esta apasionante historia est\u00e1 inspirada en hechos reales y muestra el valor y la determinaci\u00f3n de una mujer frente al peligro y la injusticia causados por la colonizaci\u00f3n y esclavizaci\u00f3n de los pueblos ind\u00edgenas del Amazonas.  &nbsp;","og_url":"https:\/\/letrame.com\/catalogo\/producto\/amor-y-guerra-en-la-amazonia\/","og_site_name":"Catalogo | Letrame Grupo Editorial","article_modified_time":"2024-07-03T11:32:06+00:00","og_image":[{"width":1746,"height":2560,"url":"https:\/\/letrame.com\/catalogo\/wp-content\/uploads\/2024\/05\/webp_amoryguerra_2071mm-compressed-scaled-1.jpg","type":"image\/jpeg"}],"twitter_card":"summary_large_image","twitter_misc":{"Tiempo de lectura":"2 minutos"},"schema":{"@context":"https:\/\/schema.org","@graph":[{"@type":"WebPage","@id":"https:\/\/letrame.com\/catalogo\/producto\/amor-y-guerra-en-la-amazonia\/","url":"https:\/\/letrame.com\/catalogo\/producto\/amor-y-guerra-en-la-amazonia\/","name":"AMOR Y GUERRA EN LA AMAZONIA - Catalogo | Letrame Grupo Editorial","isPartOf":{"@id":"https:\/\/letrame.com\/catalogo\/#website"},"primaryImageOfPage":{"@id":"https:\/\/letrame.com\/catalogo\/producto\/amor-y-guerra-en-la-amazonia\/#primaryimage"},"image":{"@id":"https:\/\/letrame.com\/catalogo\/producto\/amor-y-guerra-en-la-amazonia\/#primaryimage"},"thumbnailUrl":"https:\/\/letrame.com\/catalogo\/wp-content\/uploads\/2024\/05\/webp_amoryguerra_2071mm-compressed-scaled-1.jpg","datePublished":"2024-05-23T08:11:27+00:00","dateModified":"2024-07-03T11:32:06+00:00","breadcrumb":{"@id":"https:\/\/letrame.com\/catalogo\/producto\/amor-y-guerra-en-la-amazonia\/#breadcrumb"},"inLanguage":"es","potentialAction":[{"@type":"ReadAction","target":["https:\/\/letrame.com\/catalogo\/producto\/amor-y-guerra-en-la-amazonia\/"]}]},{"@type":"ImageObject","inLanguage":"es","@id":"https:\/\/letrame.com\/catalogo\/producto\/amor-y-guerra-en-la-amazonia\/#primaryimage","url":"https:\/\/letrame.com\/catalogo\/wp-content\/uploads\/2024\/05\/webp_amoryguerra_2071mm-compressed-scaled-1.jpg","contentUrl":"https:\/\/letrame.com\/catalogo\/wp-content\/uploads\/2024\/05\/webp_amoryguerra_2071mm-compressed-scaled-1.jpg","width":1746,"height":2560},{"@type":"BreadcrumbList","@id":"https:\/\/letrame.com\/catalogo\/producto\/amor-y-guerra-en-la-amazonia\/#breadcrumb","itemListElement":[{"@type":"ListItem","position":1,"name":"Portada","item":"https:\/\/letrame.com\/catalogo\/"},{"@type":"ListItem","position":2,"name":"Cat\u00e1logo","item":"https:\/\/letrame.com\/catalogo\/"},{"@type":"ListItem","position":3,"name":"AMOR Y GUERRA EN LA AMAZONIA"}]},{"@type":"WebSite","@id":"https:\/\/letrame.com\/catalogo\/#website","url":"https:\/\/letrame.com\/catalogo\/","name":"Catalogo | Letrame Grupo Editorial","description":"","publisher":{"@id":"https:\/\/letrame.com\/catalogo\/#organization"},"potentialAction":[{"@type":"SearchAction","target":{"@type":"EntryPoint","urlTemplate":"https:\/\/letrame.com\/catalogo\/?s={search_term_string}"},"query-input":{"@type":"PropertyValueSpecification","valueRequired":true,"valueName":"search_term_string"}}],"inLanguage":"es"},{"@type":"Organization","@id":"https:\/\/letrame.com\/catalogo\/#organization","name":"Catalogo | Letrame Grupo Editorial","url":"https:\/\/letrame.com\/catalogo\/","logo":{"@type":"ImageObject","inLanguage":"es","@id":"https:\/\/letrame.com\/catalogo\/#\/schema\/logo\/image\/","url":"https:\/\/letrame.com\/catalogo\/wp-content\/uploads\/2024\/03\/logo2.webp","contentUrl":"https:\/\/letrame.com\/catalogo\/wp-content\/uploads\/2024\/03\/logo2.webp","width":394,"height":128,"caption":"Catalogo | Letrame Grupo Editorial"},"image":{"@id":"https:\/\/letrame.com\/catalogo\/#\/schema\/logo\/image\/"}}]}},"_links":{"self":[{"href":"https:\/\/letrame.com\/catalogo\/wp-json\/wp\/v2\/product\/100882","targetHints":{"allow":["GET"]}}],"collection":[{"href":"https:\/\/letrame.com\/catalogo\/wp-json\/wp\/v2\/product"}],"about":[{"href":"https:\/\/letrame.com\/catalogo\/wp-json\/wp\/v2\/types\/product"}],"replies":[{"embeddable":true,"href":"https:\/\/letrame.com\/catalogo\/wp-json\/wp\/v2\/comments?post=100882"}],"acf:post":[{"embeddable":true,"href":"https:\/\/letrame.com\/catalogo\/wp-json\/wp\/v2\/author_book\/100672"}],"wp:featuredmedia":[{"embeddable":true,"href":"https:\/\/letrame.com\/catalogo\/wp-json\/wp\/v2\/media\/100883"}],"wp:attachment":[{"href":"https:\/\/letrame.com\/catalogo\/wp-json\/wp\/v2\/media?parent=100882"}],"wp:term":[{"taxonomy":"libro","embeddable":true,"href":"https:\/\/letrame.com\/catalogo\/wp-json\/wp\/v2\/libro?post=100882"},{"taxonomy":"product_brand","embeddable":true,"href":"https:\/\/letrame.com\/catalogo\/wp-json\/wp\/v2\/product_brand?post=100882"},{"taxonomy":"product_cat","embeddable":true,"href":"https:\/\/letrame.com\/catalogo\/wp-json\/wp\/v2\/product_cat?post=100882"},{"taxonomy":"product_tag","embeddable":true,"href":"https:\/\/letrame.com\/catalogo\/wp-json\/wp\/v2\/product_tag?post=100882"}],"curies":[{"name":"wp","href":"https:\/\/api.w.org\/{rel}","templated":true}]}}