{"id":100878,"date":"2024-05-23T10:11:27","date_gmt":"2024-05-23T08:11:27","guid":{"rendered":"https:\/\/letrame.com\/catalogo\/producto\/de-huesca-a-cochinchina\/"},"modified":"2024-05-23T11:21:24","modified_gmt":"2024-05-23T09:21:24","slug":"de-huesca-a-cochinchina","status":"publish","type":"product","link":"https:\/\/letrame.com\/catalogo\/producto\/de-huesca-a-cochinchina\/","title":{"rendered":"De Huesca a Cochinchina"},"content":{"rendered":"<p>ISBN:\u00a0978-84-1068-005-0<br \/>\nT\u00edtulo:\u2028De Huesca a Cochinchina<br \/>\nFecha:\u20282024<br \/>\nP\u00e1ginas:\u00a0380<\/p>\n<p>SINOPSIS<\/p>\n<p>En la primera mitad del siglo XIX, dos bribonzuelos de la picaresca madrile\u00f1a, Isidro Exp\u00f3sito y Jos\u00e9 \u00abEl Estudiante\u00bb, apresados por sus tropel\u00edas, reciben la oferta de redimir sus faltas si se alistan voluntarios en el Ej\u00e9rcito. En la Primera Guerra Carlista participan en la batalla que, durante la expedici\u00f3n real del Pretendiente, tiene lugar en Huesca (mayo de 1837). Uno de ellos, gravemente herido y auxiliado por su compa\u00f1ero, encuentra refugio en una casa del Barrio de la Catedral, siendo considerado por el ej\u00e9rcito como desaparecido en combate, en realidad desertor.<br \/>\nA partir de all\u00ed, el autor describir\u00e1 los avatares de la historia patria tanto en la pen\u00ednsula como en tierras lejanas, donde muchos j\u00f3venes, entre ellos los protagonistas de esta historia, fueron llevados por las mutables situaciones sociales, pol\u00edticas y castrenses.<br \/>\nEl autor, apoy\u00e1ndose en unos personajes ficticios, hace un repaso de la historia militar del siglo XIX, desde el reinado de Isabel II hasta la llegada de Alfonso XII, despu\u00e9s de la Primera Rep\u00fablica.<\/p>\n","protected":false},"excerpt":{"rendered":"<p>ISBN:\u00a0978-84-1068-005-0<\/p>\n<p>SINOPSIS<\/p>\n<p>En la primera mitad del siglo XIX, dos bribonzuelos de la picaresca madrile\u00f1a, Isidro Exp\u00f3sito y Jos\u00e9 \u00abEl Estudiante\u00bb, apresados por sus tropel\u00edas, reciben la oferta de redimir sus faltas si se alistan voluntarios en el Ej\u00e9rcito. En la Primera Guerra Carlista participan en la batalla que, durante la expedici\u00f3n real del Pretendiente, tiene lugar en Huesca (mayo de 1837). Uno de ellos, gravemente herido y auxiliado por su compa\u00f1ero, encuentra refugio en una casa del Barrio de la Catedral, siendo considerado por el ej\u00e9rcito como desaparecido en combate, en realidad desertor.<br \/>\nA partir de all\u00ed, el autor describir\u00e1 los avatares de la historia patria tanto en la pen\u00ednsula como en tierras lejanas, donde muchos j\u00f3venes, entre ellos los protagonistas de esta historia, fueron llevados por las mutables situaciones sociales, pol\u00edticas y castrenses.<br \/>\nEl autor, apoy\u00e1ndose en unos personajes ficticios, hace un repaso de la historia militar del siglo XIX, desde el reinado de Isabel II hasta la llegada de Alfonso XII, despu\u00e9s de la Primera Rep\u00fablica.<\/p>\n<p>&nbsp;<\/p>\n","protected":false},"featured_media":100879,"comment_status":"closed","ping_status":"closed","template":"","meta":{"_acf_changed":false},"libro":[],"product_brand":[],"product_cat":[62],"product_tag":[],"class_list":{"0":"post-100878","1":"product","2":"type-product","3":"status-publish","4":"has-post-thumbnail","6":"product_cat-historico","8":"first","9":"instock","10":"product-type-simple"},"acf":{"autor":[100671],"enlace_de_compra":"https:\/\/www.casadellibro.com\/libro-de-huesca-a-cochinchina\/9788410680050\/15964185"},"yoast_head":"<!-- This site is optimized with the Yoast SEO plugin v26.6 - https:\/\/yoast.com\/wordpress\/plugins\/seo\/ -->\n<title>De Huesca a Cochinchina - Catalogo | Letrame Grupo Editorial<\/title>\n<meta name=\"robots\" content=\"index, follow, max-snippet:-1, max-image-preview:large, max-video-preview:-1\" \/>\n<link rel=\"canonical\" href=\"https:\/\/letrame.com\/catalogo\/producto\/de-huesca-a-cochinchina\/\" \/>\n<meta property=\"og:locale\" content=\"es_ES\" \/>\n<meta property=\"og:type\" content=\"article\" \/>\n<meta property=\"og:title\" content=\"De Huesca a Cochinchina - Catalogo | Letrame Grupo Editorial\" \/>\n<meta property=\"og:description\" content=\"ISBN:\u00a0978-84-1068-005-0  SINOPSIS  En la primera mitad del siglo XIX, dos bribonzuelos de la picaresca madrile\u00f1a, Isidro Exp\u00f3sito y Jos\u00e9 \u00abEl Estudiante\u00bb, apresados por sus tropel\u00edas, reciben la oferta de redimir sus faltas si se alistan voluntarios en el Ej\u00e9rcito. En la Primera Guerra Carlista participan en la batalla que, durante la expedici\u00f3n real del Pretendiente, tiene lugar en Huesca (mayo de 1837). Uno de ellos, gravemente herido y auxiliado por su compa\u00f1ero, encuentra refugio en una casa del Barrio de la Catedral, siendo considerado por el ej\u00e9rcito como desaparecido en combate, en realidad desertor. A partir de all\u00ed, el autor describir\u00e1 los avatares de la historia patria tanto en la pen\u00ednsula como en tierras lejanas, donde muchos j\u00f3venes, entre ellos los protagonistas de esta historia, fueron llevados por las mutables situaciones sociales, pol\u00edticas y castrenses. El autor, apoy\u00e1ndose en unos personajes ficticios, hace un repaso de la historia militar del siglo XIX, desde el reinado de Isabel II hasta la llegada de Alfonso XII, despu\u00e9s de la Primera Rep\u00fablica.  &nbsp;\" \/>\n<meta property=\"og:url\" content=\"https:\/\/letrame.com\/catalogo\/producto\/de-huesca-a-cochinchina\/\" \/>\n<meta property=\"og:site_name\" content=\"Catalogo | Letrame Grupo Editorial\" \/>\n<meta property=\"article:modified_time\" content=\"2024-05-23T09:21:24+00:00\" \/>\n<meta property=\"og:image\" content=\"https:\/\/letrame.com\/catalogo\/wp-content\/uploads\/2024\/05\/webp_Dehuescaala_186mm-compressed-scaled-1.jpg\" \/>\n\t<meta property=\"og:image:width\" content=\"1746\" \/>\n\t<meta property=\"og:image:height\" content=\"2560\" \/>\n\t<meta property=\"og:image:type\" content=\"image\/jpeg\" \/>\n<meta name=\"twitter:card\" content=\"summary_large_image\" \/>\n<meta name=\"twitter:label1\" content=\"Tiempo de lectura\" \/>\n\t<meta name=\"twitter:data1\" content=\"2 minutos\" \/>\n<script type=\"application\/ld+json\" class=\"yoast-schema-graph\">{\"@context\":\"https:\/\/schema.org\",\"@graph\":[{\"@type\":\"WebPage\",\"@id\":\"https:\/\/letrame.com\/catalogo\/producto\/de-huesca-a-cochinchina\/\",\"url\":\"https:\/\/letrame.com\/catalogo\/producto\/de-huesca-a-cochinchina\/\",\"name\":\"De Huesca a Cochinchina - Catalogo | Letrame Grupo Editorial\",\"isPartOf\":{\"@id\":\"https:\/\/letrame.com\/catalogo\/#website\"},\"primaryImageOfPage\":{\"@id\":\"https:\/\/letrame.com\/catalogo\/producto\/de-huesca-a-cochinchina\/#primaryimage\"},\"image\":{\"@id\":\"https:\/\/letrame.com\/catalogo\/producto\/de-huesca-a-cochinchina\/#primaryimage\"},\"thumbnailUrl\":\"https:\/\/letrame.com\/catalogo\/wp-content\/uploads\/2024\/05\/webp_Dehuescaala_186mm-compressed-scaled-1.jpg\",\"datePublished\":\"2024-05-23T08:11:27+00:00\",\"dateModified\":\"2024-05-23T09:21:24+00:00\",\"breadcrumb\":{\"@id\":\"https:\/\/letrame.com\/catalogo\/producto\/de-huesca-a-cochinchina\/#breadcrumb\"},\"inLanguage\":\"es\",\"potentialAction\":[{\"@type\":\"ReadAction\",\"target\":[\"https:\/\/letrame.com\/catalogo\/producto\/de-huesca-a-cochinchina\/\"]}]},{\"@type\":\"ImageObject\",\"inLanguage\":\"es\",\"@id\":\"https:\/\/letrame.com\/catalogo\/producto\/de-huesca-a-cochinchina\/#primaryimage\",\"url\":\"https:\/\/letrame.com\/catalogo\/wp-content\/uploads\/2024\/05\/webp_Dehuescaala_186mm-compressed-scaled-1.jpg\",\"contentUrl\":\"https:\/\/letrame.com\/catalogo\/wp-content\/uploads\/2024\/05\/webp_Dehuescaala_186mm-compressed-scaled-1.jpg\",\"width\":1746,\"height\":2560},{\"@type\":\"BreadcrumbList\",\"@id\":\"https:\/\/letrame.com\/catalogo\/producto\/de-huesca-a-cochinchina\/#breadcrumb\",\"itemListElement\":[{\"@type\":\"ListItem\",\"position\":1,\"name\":\"Portada\",\"item\":\"https:\/\/letrame.com\/catalogo\/\"},{\"@type\":\"ListItem\",\"position\":2,\"name\":\"Cat\u00e1logo\",\"item\":\"https:\/\/letrame.com\/catalogo\/\"},{\"@type\":\"ListItem\",\"position\":3,\"name\":\"De Huesca a Cochinchina\"}]},{\"@type\":\"WebSite\",\"@id\":\"https:\/\/letrame.com\/catalogo\/#website\",\"url\":\"https:\/\/letrame.com\/catalogo\/\",\"name\":\"Catalogo | Letrame Grupo Editorial\",\"description\":\"\",\"publisher\":{\"@id\":\"https:\/\/letrame.com\/catalogo\/#organization\"},\"potentialAction\":[{\"@type\":\"SearchAction\",\"target\":{\"@type\":\"EntryPoint\",\"urlTemplate\":\"https:\/\/letrame.com\/catalogo\/?s={search_term_string}\"},\"query-input\":{\"@type\":\"PropertyValueSpecification\",\"valueRequired\":true,\"valueName\":\"search_term_string\"}}],\"inLanguage\":\"es\"},{\"@type\":\"Organization\",\"@id\":\"https:\/\/letrame.com\/catalogo\/#organization\",\"name\":\"Catalogo | Letrame Grupo Editorial\",\"url\":\"https:\/\/letrame.com\/catalogo\/\",\"logo\":{\"@type\":\"ImageObject\",\"inLanguage\":\"es\",\"@id\":\"https:\/\/letrame.com\/catalogo\/#\/schema\/logo\/image\/\",\"url\":\"https:\/\/letrame.com\/catalogo\/wp-content\/uploads\/2024\/03\/logo2.webp\",\"contentUrl\":\"https:\/\/letrame.com\/catalogo\/wp-content\/uploads\/2024\/03\/logo2.webp\",\"width\":394,\"height\":128,\"caption\":\"Catalogo | Letrame Grupo Editorial\"},\"image\":{\"@id\":\"https:\/\/letrame.com\/catalogo\/#\/schema\/logo\/image\/\"}}]}<\/script>\n<!-- \/ Yoast SEO plugin. -->","yoast_head_json":{"title":"De Huesca a Cochinchina - Catalogo | Letrame Grupo Editorial","robots":{"index":"index","follow":"follow","max-snippet":"max-snippet:-1","max-image-preview":"max-image-preview:large","max-video-preview":"max-video-preview:-1"},"canonical":"https:\/\/letrame.com\/catalogo\/producto\/de-huesca-a-cochinchina\/","og_locale":"es_ES","og_type":"article","og_title":"De Huesca a Cochinchina - Catalogo | Letrame Grupo Editorial","og_description":"ISBN:\u00a0978-84-1068-005-0  SINOPSIS  En la primera mitad del siglo XIX, dos bribonzuelos de la picaresca madrile\u00f1a, Isidro Exp\u00f3sito y Jos\u00e9 \u00abEl Estudiante\u00bb, apresados por sus tropel\u00edas, reciben la oferta de redimir sus faltas si se alistan voluntarios en el Ej\u00e9rcito. En la Primera Guerra Carlista participan en la batalla que, durante la expedici\u00f3n real del Pretendiente, tiene lugar en Huesca (mayo de 1837). Uno de ellos, gravemente herido y auxiliado por su compa\u00f1ero, encuentra refugio en una casa del Barrio de la Catedral, siendo considerado por el ej\u00e9rcito como desaparecido en combate, en realidad desertor. A partir de all\u00ed, el autor describir\u00e1 los avatares de la historia patria tanto en la pen\u00ednsula como en tierras lejanas, donde muchos j\u00f3venes, entre ellos los protagonistas de esta historia, fueron llevados por las mutables situaciones sociales, pol\u00edticas y castrenses. El autor, apoy\u00e1ndose en unos personajes ficticios, hace un repaso de la historia militar del siglo XIX, desde el reinado de Isabel II hasta la llegada de Alfonso XII, despu\u00e9s de la Primera Rep\u00fablica.  &nbsp;","og_url":"https:\/\/letrame.com\/catalogo\/producto\/de-huesca-a-cochinchina\/","og_site_name":"Catalogo | Letrame Grupo Editorial","article_modified_time":"2024-05-23T09:21:24+00:00","og_image":[{"width":1746,"height":2560,"url":"https:\/\/letrame.com\/catalogo\/wp-content\/uploads\/2024\/05\/webp_Dehuescaala_186mm-compressed-scaled-1.jpg","type":"image\/jpeg"}],"twitter_card":"summary_large_image","twitter_misc":{"Tiempo de lectura":"2 minutos"},"schema":{"@context":"https:\/\/schema.org","@graph":[{"@type":"WebPage","@id":"https:\/\/letrame.com\/catalogo\/producto\/de-huesca-a-cochinchina\/","url":"https:\/\/letrame.com\/catalogo\/producto\/de-huesca-a-cochinchina\/","name":"De Huesca a Cochinchina - Catalogo | Letrame Grupo Editorial","isPartOf":{"@id":"https:\/\/letrame.com\/catalogo\/#website"},"primaryImageOfPage":{"@id":"https:\/\/letrame.com\/catalogo\/producto\/de-huesca-a-cochinchina\/#primaryimage"},"image":{"@id":"https:\/\/letrame.com\/catalogo\/producto\/de-huesca-a-cochinchina\/#primaryimage"},"thumbnailUrl":"https:\/\/letrame.com\/catalogo\/wp-content\/uploads\/2024\/05\/webp_Dehuescaala_186mm-compressed-scaled-1.jpg","datePublished":"2024-05-23T08:11:27+00:00","dateModified":"2024-05-23T09:21:24+00:00","breadcrumb":{"@id":"https:\/\/letrame.com\/catalogo\/producto\/de-huesca-a-cochinchina\/#breadcrumb"},"inLanguage":"es","potentialAction":[{"@type":"ReadAction","target":["https:\/\/letrame.com\/catalogo\/producto\/de-huesca-a-cochinchina\/"]}]},{"@type":"ImageObject","inLanguage":"es","@id":"https:\/\/letrame.com\/catalogo\/producto\/de-huesca-a-cochinchina\/#primaryimage","url":"https:\/\/letrame.com\/catalogo\/wp-content\/uploads\/2024\/05\/webp_Dehuescaala_186mm-compressed-scaled-1.jpg","contentUrl":"https:\/\/letrame.com\/catalogo\/wp-content\/uploads\/2024\/05\/webp_Dehuescaala_186mm-compressed-scaled-1.jpg","width":1746,"height":2560},{"@type":"BreadcrumbList","@id":"https:\/\/letrame.com\/catalogo\/producto\/de-huesca-a-cochinchina\/#breadcrumb","itemListElement":[{"@type":"ListItem","position":1,"name":"Portada","item":"https:\/\/letrame.com\/catalogo\/"},{"@type":"ListItem","position":2,"name":"Cat\u00e1logo","item":"https:\/\/letrame.com\/catalogo\/"},{"@type":"ListItem","position":3,"name":"De Huesca a Cochinchina"}]},{"@type":"WebSite","@id":"https:\/\/letrame.com\/catalogo\/#website","url":"https:\/\/letrame.com\/catalogo\/","name":"Catalogo | Letrame Grupo Editorial","description":"","publisher":{"@id":"https:\/\/letrame.com\/catalogo\/#organization"},"potentialAction":[{"@type":"SearchAction","target":{"@type":"EntryPoint","urlTemplate":"https:\/\/letrame.com\/catalogo\/?s={search_term_string}"},"query-input":{"@type":"PropertyValueSpecification","valueRequired":true,"valueName":"search_term_string"}}],"inLanguage":"es"},{"@type":"Organization","@id":"https:\/\/letrame.com\/catalogo\/#organization","name":"Catalogo | Letrame Grupo Editorial","url":"https:\/\/letrame.com\/catalogo\/","logo":{"@type":"ImageObject","inLanguage":"es","@id":"https:\/\/letrame.com\/catalogo\/#\/schema\/logo\/image\/","url":"https:\/\/letrame.com\/catalogo\/wp-content\/uploads\/2024\/03\/logo2.webp","contentUrl":"https:\/\/letrame.com\/catalogo\/wp-content\/uploads\/2024\/03\/logo2.webp","width":394,"height":128,"caption":"Catalogo | Letrame Grupo Editorial"},"image":{"@id":"https:\/\/letrame.com\/catalogo\/#\/schema\/logo\/image\/"}}]}},"_links":{"self":[{"href":"https:\/\/letrame.com\/catalogo\/wp-json\/wp\/v2\/product\/100878","targetHints":{"allow":["GET"]}}],"collection":[{"href":"https:\/\/letrame.com\/catalogo\/wp-json\/wp\/v2\/product"}],"about":[{"href":"https:\/\/letrame.com\/catalogo\/wp-json\/wp\/v2\/types\/product"}],"replies":[{"embeddable":true,"href":"https:\/\/letrame.com\/catalogo\/wp-json\/wp\/v2\/comments?post=100878"}],"acf:post":[{"embeddable":true,"href":"https:\/\/letrame.com\/catalogo\/wp-json\/wp\/v2\/author_book\/100671"}],"wp:featuredmedia":[{"embeddable":true,"href":"https:\/\/letrame.com\/catalogo\/wp-json\/wp\/v2\/media\/100879"}],"wp:attachment":[{"href":"https:\/\/letrame.com\/catalogo\/wp-json\/wp\/v2\/media?parent=100878"}],"wp:term":[{"taxonomy":"libro","embeddable":true,"href":"https:\/\/letrame.com\/catalogo\/wp-json\/wp\/v2\/libro?post=100878"},{"taxonomy":"product_brand","embeddable":true,"href":"https:\/\/letrame.com\/catalogo\/wp-json\/wp\/v2\/product_brand?post=100878"},{"taxonomy":"product_cat","embeddable":true,"href":"https:\/\/letrame.com\/catalogo\/wp-json\/wp\/v2\/product_cat?post=100878"},{"taxonomy":"product_tag","embeddable":true,"href":"https:\/\/letrame.com\/catalogo\/wp-json\/wp\/v2\/product_tag?post=100878"}],"curies":[{"name":"wp","href":"https:\/\/api.w.org\/{rel}","templated":true}]}}